{"id":11713,"date":"2020-10-29T17:43:56","date_gmt":"2020-10-29T14:43:56","guid":{"rendered":"http:\/\/horomechanika.lt\/?post_type=product&#038;p=11713"},"modified":"2022-12-23T11:20:34","modified_gmt":"2022-12-23T08:20:34","slug":"mulceris-euro-l","status":"publish","type":"product","link":"https:\/\/www.horomechanika.lt\/ru\/product\/mulceris-euro-l\/","title":{"rendered":"MUL\u010cERIS EURO L"},"content":{"rendered":"<p><strong>\u017doliapjov\u0117 EURO L<\/strong><\/p>\n<p>\u017doliapjov\u0117 EURO L yra profesionali ma\u0161ina ekologi\u0161kam \u017eem\u0117s \u016bkiui ir vie\u0161oms vietov\u0117ms. MUL\u010cERIS EURO L idealiai tinka pjauti auk\u0161t\u0105 \u017eol\u0119 ir kr\u016bmus apleistose ir nepatariamose vietose, kukur\u016bzams, aliejaus \u0161aknims ir kitiems pas\u0117li\u0173 liku\u010diams pjauti med\u017eiag\u0105 iki 5 cm skersmens. Atliekant sunk\u0173 darb\u0105, mes rekomenduojame plaktukus, o Y peiliai da\u017eniau naudojami \u017eolei ir mink\u0161tai med\u017eiagai. Galinis i\u0161metimas yra u\u017e galinio volo. Mechaninis kompensavimas yra standartin\u0117je \u012frangoje, o hidraulinis kompensavimas yra neprivalomas. Specialus 3 ta\u0161k\u0173 prikabinimas suteikia galimyb\u0119 kombinuoti &#8211; priekyje arba gale, lengvai pakei\u010diant pad\u0117t\u012f. Energij\u0105 taupantis dvigubas spiralinis rotorius suma\u017eina energijos suvartojim\u0105, u\u017etikrina vienod\u0105 veikim\u0105 ir u\u017etikrina ilgesn\u012f komponent\u0173 tarnavim\u0105.<\/p>\n<p><strong>Standartin\u0117 komplektacija <\/strong><\/p>\n<ul>\n<li>Dvigubas spiralinis rotorius su 45 \u00b0 darbini\u0173 a\u0161men\u0173 paskirstymu<br \/>\n\u2022 Kei\u010diama grei\u010dio d\u0117\u017e\u0117 kair\u0117n ar de\u0161in\u0117n, su laisva eiga (bet kuriai kardaninio veleno sukimosi kryp\u010diai)<br \/>\n\u2022 Kombi tipo prikabinimas, galinis arba priekinis tvirtinimas<br \/>\n\u2022 Pava\u017eos<br \/>\n\u2022 Metalin\u0117s plok\u0161tel\u0117s apsaugai<br \/>\n\u2022 Reguliuojamas galinis volas su u\u017edara dviguba guoli\u0173 sistema<br \/>\n\u2022 Plaukiojanti pad\u0117tis<br \/>\n\u2022 Plaktukai<br \/>\n\u2022 Paprastas dir\u017eo \u012ftempimas<\/li>\n<\/ul>\n<p>&nbsp;<\/p>\n<p>Papildoma \u012franga:<br \/>\nHidraulinis kompensavimas<br \/>\nY a\u0161menys<br \/>\nDviguba oda Hardox, kei\u010diama<br \/>\nRinkti gr\u0117blius<br \/>\nP. T. O. velenas<br \/>\nGrandin\u0117s apsauga vietoj gumos<br \/>\nINO vibracijos valdymas<\/p>\n<p><iframe loading=\"lazy\" title=\"Model EURO L\" src=\"https:\/\/player.vimeo.com\/video\/7662621?h=86d5ccc133&amp;dnt=1&amp;app_id=122963\" width=\"640\" height=\"480\" frameborder=\"0\" allow=\"autoplay; fullscreen; picture-in-picture\" allowfullscreen><\/iframe><\/p>\n<p>&nbsp;<\/p>\n<p>&nbsp;<\/p>","protected":false},"excerpt":{"rendered":"<table width=\"0\">\n<thead>\n<tr>\n<td width=\"50\"><strong>Modelis <\/strong><\/td>\n<td width=\"81\"><strong>KW\/HP<\/strong><\/td>\n<td width=\"91\"><strong>darbinis\/bendras plotis <\/strong><\/td>\n<td width=\"75\"><strong>Aps\/min<\/strong><\/td>\n<td width=\"53\"><strong>Y-Peiliai<\/strong><\/td>\n<td width=\"59\"><strong>Plaktukai<\/strong><\/td>\n<td width=\"64\"><strong>Prie\u0161peiliai <\/strong><\/td>\n<td width=\"51\"><strong>Svoris [kg]<\/strong><\/td>\n<td width=\"51\"><strong>cm<\/strong><\/td>\n<\/tr>\n<\/thead>\n<tbody>\n<tr>\n<td><strong>130<\/strong><\/td>\n<td>23-30\/30-40<\/td>\n<td>132\/148<\/td>\n<td>540 (*1000)<\/td>\n<td>32<\/td>\n<td>16<\/td>\n<td>12<\/td>\n<td>508<\/td>\n<td>5<\/td>\n<\/tr>\n<tr>\n<td>160<\/td>\n<td>27-35\/35-48<\/td>\n<td>162\/178<\/td>\n<td>540 (*1000)<\/td>\n<td>40<\/td>\n<td>20<\/td>\n<td>15<\/td>\n<td>523<\/td>\n<td>5<\/td>\n<\/tr>\n<tr>\n<td>190<\/td>\n<td>34-45\/45-60<\/td>\n<td>192\/212<\/td>\n<td>540 (*1000)<\/td>\n<td>48<\/td>\n<td>24<\/td>\n<td>18<\/td>\n<td>582<\/td>\n<td>5<\/td>\n<\/tr>\n<tr>\n<td>230<\/td>\n<td>42-55\/55-75<\/td>\n<td>227\/247<\/td>\n<td>540 (*1000)<\/td>\n<td>56<\/td>\n<td>28<\/td>\n<td>\/<\/td>\n<td>681<\/td>\n<td>5<\/td>\n<\/tr>\n<tr>\n<td>270<\/td>\n<td>55-73\/75-100<\/td>\n<td>272\/290<\/td>\n<td>1000 (*540)<\/td>\n<td>68<\/td>\n<td>34<\/td>\n<td>\/<\/td>\n<td>748<\/td>\n<td>5<\/td>\n<\/tr>\n<\/tbody>\n<\/table>","protected":false},"featured_media":11707,"comment_status":"open","ping_status":"closed","template":"","meta":[],"product_cat":[150,152,167],"product_tag":[],"class_list":["post-11713","product","type-product","status-publish","has-post-thumbnail","hentry","product_cat-mulceriai","product_cat-sodiniai-mulceriai","product_cat-gyvatvoriu-krumynu-prieziuros-technika"],"yoast_head":"<!-- This site is optimized with the Yoast SEO plugin v20.1 - https:\/\/yoast.com\/wordpress\/plugins\/seo\/ -->\n<title>MUL\u010cERIS EURO L | Horomechanika<\/title>\n<meta name=\"robots\" content=\"index, follow, max-snippet:-1, max-image-preview:large, max-video-preview:-1\" \/>\n<link rel=\"canonical\" href=\"https:\/\/www.horomechanika.lt\/ru\/product\/mulceris-euro-l\/\" \/>\n<meta property=\"og:locale\" content=\"ru_RU\" \/>\n<meta property=\"og:type\" content=\"article\" \/>\n<meta property=\"og:title\" content=\"MUL\u010cERIS EURO L | Horomechanika\" \/>\n<meta property=\"og:description\" content=\"Modelis  KW\/HP darbinis\/bendras plotis  Aps\/min Y-Peiliai Plaktukai Prie\u0161peiliai  Svoris [kg] cm     130 23-30\/30-40 132\/148 540 (*1000) 32 16 12 508 5   160 27-35\/35-48 162\/178 540 (*1000) 40 20 15 523 5   190 34-45\/45-60 192\/212 540 (*1000) 48 24 18 582 5   230 42-55\/55-75 227\/247 540 (*1000) 56 28 \/ 681 5   270 55-73\/75-100 272\/290 1000 (*540) 68 34 \/ 748 5\" \/>\n<meta property=\"og:url\" content=\"https:\/\/www.horomechanika.lt\/ru\/product\/mulceris-euro-l\/\" \/>\n<meta property=\"og:site_name\" content=\"Horomechanika\" \/>\n<meta property=\"article:publisher\" content=\"https:\/\/www.facebook.com\/UAB-Horo-mechanika-177091812471952\" \/>\n<meta property=\"article:modified_time\" content=\"2022-12-23T08:20:34+00:00\" \/>\n<meta property=\"og:image\" content=\"https:\/\/www.horomechanika.lt\/wp-content\/uploads\/2020\/10\/EURO-L-6-scaled.jpg\" \/>\n\t<meta property=\"og:image:width\" content=\"2560\" \/>\n\t<meta property=\"og:image:height\" content=\"2229\" \/>\n\t<meta property=\"og:image:type\" content=\"image\/jpeg\" \/>\n<meta name=\"twitter:card\" content=\"summary_large_image\" \/>\n<meta name=\"twitter:label1\" content=\"\u041f\u0440\u0438\u043c\u0435\u0440\u043d\u043e\u0435 \u0432\u0440\u0435\u043c\u044f \u0434\u043b\u044f \u0447\u0442\u0435\u043d\u0438\u044f\" \/>\n\t<meta name=\"twitter:data1\" content=\"1 \u043c\u0438\u043d\u0443\u0442\u0430\" \/>\n<script type=\"application\/ld+json\" class=\"yoast-schema-graph\">{\"@context\":\"https:\/\/schema.org\",\"@graph\":[{\"@type\":\"WebPage\",\"@id\":\"https:\/\/www.horomechanika.lt\/product\/mulceris-euro-l\/\",\"url\":\"https:\/\/www.horomechanika.lt\/product\/mulceris-euro-l\/\",\"name\":\"MUL\u010cERIS EURO L | Horomechanika\",\"isPartOf\":{\"@id\":\"https:\/\/www.horomechanika.lt\/#website\"},\"datePublished\":\"2020-10-29T14:43:56+00:00\",\"dateModified\":\"2022-12-23T08:20:34+00:00\",\"breadcrumb\":{\"@id\":\"https:\/\/www.horomechanika.lt\/product\/mulceris-euro-l\/#breadcrumb\"},\"inLanguage\":\"ru-RU\",\"potentialAction\":[{\"@type\":\"ReadAction\",\"target\":[\"https:\/\/www.horomechanika.lt\/product\/mulceris-euro-l\/\"]}]},{\"@type\":\"BreadcrumbList\",\"@id\":\"https:\/\/www.horomechanika.lt\/product\/mulceris-euro-l\/#breadcrumb\",\"itemListElement\":[{\"@type\":\"ListItem\",\"position\":1,\"name\":\"Home\",\"item\":\"https:\/\/www.horomechanika.lt\/\"},{\"@type\":\"ListItem\",\"position\":2,\"name\":\"Shop\",\"item\":\"https:\/\/www.horomechanika.lt\/ru\/shop-2\/\"},{\"@type\":\"ListItem\",\"position\":3,\"name\":\"MUL\u010cERIS EURO L\"}]},{\"@type\":\"WebSite\",\"@id\":\"https:\/\/www.horomechanika.lt\/#website\",\"url\":\"https:\/\/www.horomechanika.lt\/\",\"name\":\"Horomechanika\",\"description\":\"\u017dem\u0117s \u016akio Technika\",\"publisher\":{\"@id\":\"https:\/\/www.horomechanika.lt\/#organization\"},\"potentialAction\":[{\"@type\":\"SearchAction\",\"target\":{\"@type\":\"EntryPoint\",\"urlTemplate\":\"https:\/\/www.horomechanika.lt\/?s={search_term_string}\"},\"query-input\":\"required name=search_term_string\"}],\"inLanguage\":\"ru-RU\"},{\"@type\":\"Organization\",\"@id\":\"https:\/\/www.horomechanika.lt\/#organization\",\"name\":\"UAB \\\"Horo mechanika\\\"\",\"url\":\"https:\/\/www.horomechanika.lt\/\",\"logo\":{\"@type\":\"ImageObject\",\"inLanguage\":\"ru-RU\",\"@id\":\"https:\/\/www.horomechanika.lt\/#\/schema\/logo\/image\/\",\"url\":\"https:\/\/www.horomechanika.lt\/wp-content\/uploads\/2020\/05\/horomechanika-logo.png\",\"contentUrl\":\"https:\/\/www.horomechanika.lt\/wp-content\/uploads\/2020\/05\/horomechanika-logo.png\",\"width\":137,\"height\":56,\"caption\":\"UAB \\\"Horo mechanika\\\"\"},\"image\":{\"@id\":\"https:\/\/www.horomechanika.lt\/#\/schema\/logo\/image\/\"},\"sameAs\":[\"https:\/\/www.facebook.com\/UAB-Horo-mechanika-177091812471952\"]}]}<\/script>\n<!-- \/ Yoast SEO plugin. -->","yoast_head_json":{"title":"MUL\u010cERIS EURO L | Horomechanika","robots":{"index":"index","follow":"follow","max-snippet":"max-snippet:-1","max-image-preview":"max-image-preview:large","max-video-preview":"max-video-preview:-1"},"canonical":"https:\/\/www.horomechanika.lt\/ru\/product\/mulceris-euro-l\/","og_locale":"ru_RU","og_type":"article","og_title":"MUL\u010cERIS EURO L | Horomechanika","og_description":"Modelis  KW\/HP darbinis\/bendras plotis  Aps\/min Y-Peiliai Plaktukai Prie\u0161peiliai  Svoris [kg] cm     130 23-30\/30-40 132\/148 540 (*1000) 32 16 12 508 5   160 27-35\/35-48 162\/178 540 (*1000) 40 20 15 523 5   190 34-45\/45-60 192\/212 540 (*1000) 48 24 18 582 5   230 42-55\/55-75 227\/247 540 (*1000) 56 28 \/ 681 5   270 55-73\/75-100 272\/290 1000 (*540) 68 34 \/ 748 5","og_url":"https:\/\/www.horomechanika.lt\/ru\/product\/mulceris-euro-l\/","og_site_name":"Horomechanika","article_publisher":"https:\/\/www.facebook.com\/UAB-Horo-mechanika-177091812471952","article_modified_time":"2022-12-23T08:20:34+00:00","og_image":[{"width":2560,"height":2229,"url":"https:\/\/www.horomechanika.lt\/wp-content\/uploads\/2020\/10\/EURO-L-6-scaled.jpg","type":"image\/jpeg"}],"twitter_card":"summary_large_image","twitter_misc":{"\u041f\u0440\u0438\u043c\u0435\u0440\u043d\u043e\u0435 \u0432\u0440\u0435\u043c\u044f \u0434\u043b\u044f \u0447\u0442\u0435\u043d\u0438\u044f":"1 \u043c\u0438\u043d\u0443\u0442\u0430"},"schema":{"@context":"https:\/\/schema.org","@graph":[{"@type":"WebPage","@id":"https:\/\/www.horomechanika.lt\/product\/mulceris-euro-l\/","url":"https:\/\/www.horomechanika.lt\/product\/mulceris-euro-l\/","name":"MUL\u010cERIS EURO L | Horomechanika","isPartOf":{"@id":"https:\/\/www.horomechanika.lt\/#website"},"datePublished":"2020-10-29T14:43:56+00:00","dateModified":"2022-12-23T08:20:34+00:00","breadcrumb":{"@id":"https:\/\/www.horomechanika.lt\/product\/mulceris-euro-l\/#breadcrumb"},"inLanguage":"ru-RU","potentialAction":[{"@type":"ReadAction","target":["https:\/\/www.horomechanika.lt\/product\/mulceris-euro-l\/"]}]},{"@type":"BreadcrumbList","@id":"https:\/\/www.horomechanika.lt\/product\/mulceris-euro-l\/#breadcrumb","itemListElement":[{"@type":"ListItem","position":1,"name":"Home","item":"https:\/\/www.horomechanika.lt\/"},{"@type":"ListItem","position":2,"name":"Shop","item":"https:\/\/www.horomechanika.lt\/ru\/shop-2\/"},{"@type":"ListItem","position":3,"name":"MUL\u010cERIS EURO L"}]},{"@type":"WebSite","@id":"https:\/\/www.horomechanika.lt\/#website","url":"https:\/\/www.horomechanika.lt\/","name":"Horomechanika","description":"\u017dem\u0117s \u016akio Technika","publisher":{"@id":"https:\/\/www.horomechanika.lt\/#organization"},"potentialAction":[{"@type":"SearchAction","target":{"@type":"EntryPoint","urlTemplate":"https:\/\/www.horomechanika.lt\/?s={search_term_string}"},"query-input":"required name=search_term_string"}],"inLanguage":"ru-RU"},{"@type":"Organization","@id":"https:\/\/www.horomechanika.lt\/#organization","name":"UAB \"Horo mechanika\"","url":"https:\/\/www.horomechanika.lt\/","logo":{"@type":"ImageObject","inLanguage":"ru-RU","@id":"https:\/\/www.horomechanika.lt\/#\/schema\/logo\/image\/","url":"https:\/\/www.horomechanika.lt\/wp-content\/uploads\/2020\/05\/horomechanika-logo.png","contentUrl":"https:\/\/www.horomechanika.lt\/wp-content\/uploads\/2020\/05\/horomechanika-logo.png","width":137,"height":56,"caption":"UAB \"Horo mechanika\""},"image":{"@id":"https:\/\/www.horomechanika.lt\/#\/schema\/logo\/image\/"},"sameAs":["https:\/\/www.facebook.com\/UAB-Horo-mechanika-177091812471952"]}]}},"_links":{"self":[{"href":"https:\/\/www.horomechanika.lt\/ru\/wp-json\/wp\/v2\/product\/11713","targetHints":{"allow":["GET"]}}],"collection":[{"href":"https:\/\/www.horomechanika.lt\/ru\/wp-json\/wp\/v2\/product"}],"about":[{"href":"https:\/\/www.horomechanika.lt\/ru\/wp-json\/wp\/v2\/types\/product"}],"replies":[{"embeddable":true,"href":"https:\/\/www.horomechanika.lt\/ru\/wp-json\/wp\/v2\/comments?post=11713"}],"wp:featuredmedia":[{"embeddable":true,"href":"https:\/\/www.horomechanika.lt\/ru\/wp-json\/wp\/v2\/media\/11707"}],"wp:attachment":[{"href":"https:\/\/www.horomechanika.lt\/ru\/wp-json\/wp\/v2\/media?parent=11713"}],"wp:term":[{"taxonomy":"product_cat","embeddable":true,"href":"https:\/\/www.horomechanika.lt\/ru\/wp-json\/wp\/v2\/product_cat?post=11713"},{"taxonomy":"product_tag","embeddable":true,"href":"https:\/\/www.horomechanika.lt\/ru\/wp-json\/wp\/v2\/product_tag?post=11713"}],"curies":[{"name":"wp","href":"https:\/\/api.w.org\/{rel}","templated":true}]}}