{"id":11716,"date":"2020-10-30T15:07:31","date_gmt":"2020-10-30T12:07:31","guid":{"rendered":"http:\/\/horomechanika.lt\/?post_type=product&#038;p=11716"},"modified":"2022-05-11T09:06:35","modified_gmt":"2022-05-11T06:06:35","slug":"mulceris-euro","status":"publish","type":"product","link":"https:\/\/www.horomechanika.lt\/ru\/product\/mulceris-euro\/","title":{"rendered":"MUL\u010cERIS EURO"},"content":{"rendered":"<p>&nbsp;<\/p>\n<table width=\"0\">\n<thead>\n<tr>\n<td width=\"55\"><strong>Modelis <\/strong><\/td>\n<td width=\"89\"><strong>KW\/HP<\/strong><\/td>\n<td width=\"91\"><strong>darbinis\/bendras plotis <\/strong><\/td>\n<td width=\"81\"><strong>aps\/min<\/strong><\/td>\n<td width=\"59\"><strong>Y-Peiliai<\/strong><\/td>\n<td width=\"63\"><strong>Plaktukai<\/strong><\/td>\n<td width=\"58\"><strong>Svoris \u00a0[kg]<\/strong><\/td>\n<td width=\"58\"><strong>cm<\/strong><\/td>\n<\/tr>\n<\/thead>\n<tbody>\n<tr>\n<td>230<\/td>\n<td>40-80\/55-110<\/td>\n<td>228\/251<\/td>\n<td>1000 (*540)<\/td>\n<td>78<\/td>\n<td>26<\/td>\n<td>806<\/td>\n<td>6<\/td>\n<\/tr>\n<tr>\n<td>250<\/td>\n<td>48-80\/65-110<\/td>\n<td>244\/267<\/td>\n<td>1000 (*540)<\/td>\n<td>84<\/td>\n<td>28<\/td>\n<td>847<\/td>\n<td>6<\/td>\n<\/tr>\n<tr>\n<td>280<\/td>\n<td>55-80\/75-110<\/td>\n<td>277\/300<\/td>\n<td>1000 (*540)<\/td>\n<td>96<\/td>\n<td>32<\/td>\n<td>917<\/td>\n<td>6<\/td>\n<\/tr>\n<\/tbody>\n<\/table>\n<p><iframe loading=\"lazy\" title=\"Model EURO\" src=\"https:\/\/player.vimeo.com\/video\/7662996?dnt=1&amp;app_id=122963\" width=\"320\" height=\"240\" frameborder=\"0\" allow=\"autoplay; fullscreen\" allowfullscreen><\/iframe><\/p>","protected":false},"excerpt":{"rendered":"<p><strong>\u017doliapjov\u0117 EURO<\/strong><\/p>\n<p>\u017doliapjov\u0117 EURO yra profesionali ma\u0161ina ekologi\u0161kam \u017eem\u0117s \u016bkiui ir vie\u0161osioms vietov\u0117ms. Tai idealiai tinka pjauti auk\u0161t\u0105 \u017eol\u0119 ir kr\u016bmus apleistose ir nepatariamose vietose, kukur\u016bzams, aliejaus \u0161aknims ir kitiems pas\u0117li\u0173 liku\u010diams pjauti iki 6 cm skersmens med\u017eiag\u0105. Atliekant sunkius darbus, mes rekomenduojame plaktukus, o Y peiliai da\u017eniau naudojami \u017eolei ir lengvesniam darbui. Galinis i\u0161metimas yra u\u017e galinio volo. Hidraulinis poslinkis yra standartin\u0117 \u012franga. Specialus 3 ta\u0161k\u0173 prikabinimas su kei\u010diama pavar\u0173 d\u0117\u017ee (pasirinktinai) leid\u017eia kombinuotai montuoti priekyje arba gale, papras\u010diausiai pakei\u010diant pad\u0117t\u012f. Efektyvus dvigubas spiralinis rotorius suma\u017eina energijos suvartojim\u0105, u\u017etikrina vienod\u0105 veikim\u0105 ir u\u017etikrina ilgalaik\u012f komponent\u0173 tarnavim\u0105.<\/p>\n<p>&nbsp;<\/p>\n<p><strong>Standartin\u0117 komplektacija <\/strong><\/p>\n<ul>\n<li>Dvigubas spiralinis rotorius su 45 \u00b0 darbini\u0173 a\u0161men\u0173 paskirstymu<\/li>\n<li>Pavar\u0173 d\u0117\u017e\u0117 1000 (* 540) aps.\/min<\/li>\n<li>Automatinis dir\u017eo \u012ftempimas su ventiliatoriumi au\u0161inimui<\/li>\n<li>Kombi sistema tvirtinimui priekyje ir gale<\/li>\n<li>3 ta\u0161k\u0173 jungtis I ir II kat.<\/li>\n<li>Hidraulinis poslinkis \u012f \u0161on\u0105<\/li>\n<li>Pava\u017eos<\/li>\n<li>Metalin\u0117s plok\u0161tel\u0117s apsaugai<\/li>\n<li>Reguliuojamas galinis ritin\u0117lis su u\u017edara dviguba guoli\u0173 sistema<\/li>\n<li>Plaukiojanti pad\u0117tis<\/li>\n<li>Kaltiniai ir sukietinti novatori\u0161ki INO plaktukai<\/li>\n<\/ul>\n<p>&nbsp;<\/p>\n<p><strong>Papildomai <\/strong><\/p>\n<p><strong>\u00a0<\/strong><\/p>\n<ul>\n<li>INO vibracijos valdymas<\/li>\n<li>Y- peiliai<\/li>\n<li>Vietoje atraminio volo sureguliuoti auk\u0161\u010dio ratai<\/li>\n<li>Pavar\u0173 d\u0117\u017e\u0117 su dviguba pavara ir laisva rotacija<\/li>\n<li>Grandin\u0117s apsauga priekyje (vietoje metalini\u0173 atvart\u0173)<\/li>\n<li>Kardaninis velenas<\/li>\n<li>Dvigubas dangtis<\/li>\n<li>Dvigubas dangtis i\u0161 HARDOX metalo<\/li>\n<li>VERSIJA: Profesional\u016bs kaltiniai plaktukai INO su \u201eWolfram-Carbide\u201c antgaliais<\/li>\n<\/ul>","protected":false},"featured_media":11718,"comment_status":"open","ping_status":"closed","template":"","meta":[],"product_cat":[150,152,167],"product_tag":[],"class_list":["post-11716","product","type-product","status-publish","has-post-thumbnail","hentry","product_cat-mulceriai","product_cat-sodiniai-mulceriai","product_cat-gyvatvoriu-krumynu-prieziuros-technika"],"yoast_head":"<!-- This site is optimized with the Yoast SEO plugin v20.1 - https:\/\/yoast.com\/wordpress\/plugins\/seo\/ -->\n<title>MUL\u010cERIS EURO | Horomechanika<\/title>\n<meta name=\"robots\" content=\"index, follow, max-snippet:-1, max-image-preview:large, max-video-preview:-1\" \/>\n<link rel=\"canonical\" href=\"https:\/\/www.horomechanika.lt\/ru\/product\/mulceris-euro\/\" \/>\n<meta property=\"og:locale\" content=\"ru_RU\" \/>\n<meta property=\"og:type\" content=\"article\" \/>\n<meta property=\"og:title\" content=\"MUL\u010cERIS EURO | Horomechanika\" \/>\n<meta property=\"og:description\" content=\"\u017doliapjov\u0117 EURO  \u017doliapjov\u0117 EURO yra profesionali ma\u0161ina ekologi\u0161kam \u017eem\u0117s \u016bkiui ir vie\u0161osioms vietov\u0117ms. Tai idealiai tinka pjauti auk\u0161t\u0105 \u017eol\u0119 ir kr\u016bmus apleistose ir nepatariamose vietose, kukur\u016bzams, aliejaus \u0161aknims ir kitiems pas\u0117li\u0173 liku\u010diams pjauti iki 6 cm skersmens med\u017eiag\u0105. Atliekant sunkius darbus, mes rekomenduojame plaktukus, o Y peiliai da\u017eniau naudojami \u017eolei ir lengvesniam darbui. Galinis i\u0161metimas yra u\u017e galinio volo. Hidraulinis poslinkis yra standartin\u0117 \u012franga. Specialus 3 ta\u0161k\u0173 prikabinimas su kei\u010diama pavar\u0173 d\u0117\u017ee (pasirinktinai) leid\u017eia kombinuotai montuoti priekyje arba gale, papras\u010diausiai pakei\u010diant pad\u0117t\u012f. Efektyvus dvigubas spiralinis rotorius suma\u017eina energijos suvartojim\u0105, u\u017etikrina vienod\u0105 veikim\u0105 ir u\u017etikrina ilgalaik\u012f komponent\u0173 tarnavim\u0105.  &nbsp;  Standartin\u0117 komplektacija    Dvigubas spiralinis rotorius su 45 \u00b0 darbini\u0173 a\u0161men\u0173 paskirstymu  Pavar\u0173 d\u0117\u017e\u0117 1000 (* 540) aps.\/min  Automatinis dir\u017eo \u012ftempimas su ventiliatoriumi au\u0161inimui  Kombi sistema tvirtinimui priekyje ir gale  3 ta\u0161k\u0173 jungtis I ir II kat.  Hidraulinis poslinkis \u012f \u0161on\u0105  Pava\u017eos  Metalin\u0117s plok\u0161tel\u0117s apsaugai  Reguliuojamas galinis ritin\u0117lis su u\u017edara dviguba guoli\u0173 sistema  Plaukiojanti pad\u0117tis  Kaltiniai ir sukietinti novatori\u0161ki INO plaktukai  &nbsp;  Papildomai   \u00a0   INO vibracijos valdymas  Y- peiliai  Vietoje atraminio volo sureguliuoti auk\u0161\u010dio ratai  Pavar\u0173 d\u0117\u017e\u0117 su dviguba pavara ir laisva rotacija  Grandin\u0117s apsauga priekyje (vietoje metalini\u0173 atvart\u0173)  Kardaninis velenas  Dvigubas dangtis  Dvigubas dangtis i\u0161 HARDOX metalo  VERSIJA: Profesional\u016bs kaltiniai plaktukai INO su \u201eWolfram-Carbide\u201c antgaliais\" \/>\n<meta property=\"og:url\" content=\"https:\/\/www.horomechanika.lt\/ru\/product\/mulceris-euro\/\" \/>\n<meta property=\"og:site_name\" content=\"Horomechanika\" \/>\n<meta property=\"article:publisher\" content=\"https:\/\/www.facebook.com\/UAB-Horo-mechanika-177091812471952\" \/>\n<meta property=\"article:modified_time\" content=\"2022-05-11T06:06:35+00:00\" \/>\n<meta property=\"og:image\" content=\"https:\/\/www.horomechanika.lt\/wp-content\/uploads\/2020\/10\/EURO-1-scaled.jpg\" \/>\n\t<meta property=\"og:image:width\" content=\"2560\" \/>\n\t<meta property=\"og:image:height\" content=\"1915\" \/>\n\t<meta property=\"og:image:type\" content=\"image\/jpeg\" \/>\n<meta name=\"twitter:card\" content=\"summary_large_image\" \/>\n<script type=\"application\/ld+json\" class=\"yoast-schema-graph\">{\"@context\":\"https:\/\/schema.org\",\"@graph\":[{\"@type\":\"WebPage\",\"@id\":\"https:\/\/www.horomechanika.lt\/ru\/product\/mulceris-euro\/\",\"url\":\"https:\/\/www.horomechanika.lt\/ru\/product\/mulceris-euro\/\",\"name\":\"MUL\u010cERIS EURO | Horomechanika\",\"isPartOf\":{\"@id\":\"https:\/\/www.horomechanika.lt\/#website\"},\"datePublished\":\"2020-10-30T12:07:31+00:00\",\"dateModified\":\"2022-05-11T06:06:35+00:00\",\"breadcrumb\":{\"@id\":\"https:\/\/www.horomechanika.lt\/ru\/product\/mulceris-euro\/#breadcrumb\"},\"inLanguage\":\"ru-RU\",\"potentialAction\":[{\"@type\":\"ReadAction\",\"target\":[\"https:\/\/www.horomechanika.lt\/ru\/product\/mulceris-euro\/\"]}]},{\"@type\":\"BreadcrumbList\",\"@id\":\"https:\/\/www.horomechanika.lt\/ru\/product\/mulceris-euro\/#breadcrumb\",\"itemListElement\":[{\"@type\":\"ListItem\",\"position\":1,\"name\":\"Home\",\"item\":\"https:\/\/www.horomechanika.lt\/\"},{\"@type\":\"ListItem\",\"position\":2,\"name\":\"Shop\",\"item\":\"https:\/\/www.horomechanika.lt\/ru\/shop-2\/\"},{\"@type\":\"ListItem\",\"position\":3,\"name\":\"MUL\u010cERIS EURO\"}]},{\"@type\":\"WebSite\",\"@id\":\"https:\/\/www.horomechanika.lt\/#website\",\"url\":\"https:\/\/www.horomechanika.lt\/\",\"name\":\"Horomechanika\",\"description\":\"\u017dem\u0117s \u016akio Technika\",\"publisher\":{\"@id\":\"https:\/\/www.horomechanika.lt\/#organization\"},\"potentialAction\":[{\"@type\":\"SearchAction\",\"target\":{\"@type\":\"EntryPoint\",\"urlTemplate\":\"https:\/\/www.horomechanika.lt\/?s={search_term_string}\"},\"query-input\":\"required name=search_term_string\"}],\"inLanguage\":\"ru-RU\"},{\"@type\":\"Organization\",\"@id\":\"https:\/\/www.horomechanika.lt\/#organization\",\"name\":\"UAB \\\"Horo mechanika\\\"\",\"url\":\"https:\/\/www.horomechanika.lt\/\",\"logo\":{\"@type\":\"ImageObject\",\"inLanguage\":\"ru-RU\",\"@id\":\"https:\/\/www.horomechanika.lt\/#\/schema\/logo\/image\/\",\"url\":\"https:\/\/www.horomechanika.lt\/wp-content\/uploads\/2020\/05\/horomechanika-logo.png\",\"contentUrl\":\"https:\/\/www.horomechanika.lt\/wp-content\/uploads\/2020\/05\/horomechanika-logo.png\",\"width\":137,\"height\":56,\"caption\":\"UAB \\\"Horo mechanika\\\"\"},\"image\":{\"@id\":\"https:\/\/www.horomechanika.lt\/#\/schema\/logo\/image\/\"},\"sameAs\":[\"https:\/\/www.facebook.com\/UAB-Horo-mechanika-177091812471952\"]}]}<\/script>\n<!-- \/ Yoast SEO plugin. -->","yoast_head_json":{"title":"MUL\u010cERIS EURO | Horomechanika","robots":{"index":"index","follow":"follow","max-snippet":"max-snippet:-1","max-image-preview":"max-image-preview:large","max-video-preview":"max-video-preview:-1"},"canonical":"https:\/\/www.horomechanika.lt\/ru\/product\/mulceris-euro\/","og_locale":"ru_RU","og_type":"article","og_title":"MUL\u010cERIS EURO | Horomechanika","og_description":"\u017doliapjov\u0117 EURO  \u017doliapjov\u0117 EURO yra profesionali ma\u0161ina ekologi\u0161kam \u017eem\u0117s \u016bkiui ir vie\u0161osioms vietov\u0117ms. Tai idealiai tinka pjauti auk\u0161t\u0105 \u017eol\u0119 ir kr\u016bmus apleistose ir nepatariamose vietose, kukur\u016bzams, aliejaus \u0161aknims ir kitiems pas\u0117li\u0173 liku\u010diams pjauti iki 6 cm skersmens med\u017eiag\u0105. Atliekant sunkius darbus, mes rekomenduojame plaktukus, o Y peiliai da\u017eniau naudojami \u017eolei ir lengvesniam darbui. Galinis i\u0161metimas yra u\u017e galinio volo. Hidraulinis poslinkis yra standartin\u0117 \u012franga. Specialus 3 ta\u0161k\u0173 prikabinimas su kei\u010diama pavar\u0173 d\u0117\u017ee (pasirinktinai) leid\u017eia kombinuotai montuoti priekyje arba gale, papras\u010diausiai pakei\u010diant pad\u0117t\u012f. Efektyvus dvigubas spiralinis rotorius suma\u017eina energijos suvartojim\u0105, u\u017etikrina vienod\u0105 veikim\u0105 ir u\u017etikrina ilgalaik\u012f komponent\u0173 tarnavim\u0105.  &nbsp;  Standartin\u0117 komplektacija    Dvigubas spiralinis rotorius su 45 \u00b0 darbini\u0173 a\u0161men\u0173 paskirstymu  Pavar\u0173 d\u0117\u017e\u0117 1000 (* 540) aps.\/min  Automatinis dir\u017eo \u012ftempimas su ventiliatoriumi au\u0161inimui  Kombi sistema tvirtinimui priekyje ir gale  3 ta\u0161k\u0173 jungtis I ir II kat.  Hidraulinis poslinkis \u012f \u0161on\u0105  Pava\u017eos  Metalin\u0117s plok\u0161tel\u0117s apsaugai  Reguliuojamas galinis ritin\u0117lis su u\u017edara dviguba guoli\u0173 sistema  Plaukiojanti pad\u0117tis  Kaltiniai ir sukietinti novatori\u0161ki INO plaktukai  &nbsp;  Papildomai   \u00a0   INO vibracijos valdymas  Y- peiliai  Vietoje atraminio volo sureguliuoti auk\u0161\u010dio ratai  Pavar\u0173 d\u0117\u017e\u0117 su dviguba pavara ir laisva rotacija  Grandin\u0117s apsauga priekyje (vietoje metalini\u0173 atvart\u0173)  Kardaninis velenas  Dvigubas dangtis  Dvigubas dangtis i\u0161 HARDOX metalo  VERSIJA: Profesional\u016bs kaltiniai plaktukai INO su \u201eWolfram-Carbide\u201c antgaliais","og_url":"https:\/\/www.horomechanika.lt\/ru\/product\/mulceris-euro\/","og_site_name":"Horomechanika","article_publisher":"https:\/\/www.facebook.com\/UAB-Horo-mechanika-177091812471952","article_modified_time":"2022-05-11T06:06:35+00:00","og_image":[{"width":2560,"height":1915,"url":"https:\/\/www.horomechanika.lt\/wp-content\/uploads\/2020\/10\/EURO-1-scaled.jpg","type":"image\/jpeg"}],"twitter_card":"summary_large_image","schema":{"@context":"https:\/\/schema.org","@graph":[{"@type":"WebPage","@id":"https:\/\/www.horomechanika.lt\/ru\/product\/mulceris-euro\/","url":"https:\/\/www.horomechanika.lt\/ru\/product\/mulceris-euro\/","name":"MUL\u010cERIS EURO | Horomechanika","isPartOf":{"@id":"https:\/\/www.horomechanika.lt\/#website"},"datePublished":"2020-10-30T12:07:31+00:00","dateModified":"2022-05-11T06:06:35+00:00","breadcrumb":{"@id":"https:\/\/www.horomechanika.lt\/ru\/product\/mulceris-euro\/#breadcrumb"},"inLanguage":"ru-RU","potentialAction":[{"@type":"ReadAction","target":["https:\/\/www.horomechanika.lt\/ru\/product\/mulceris-euro\/"]}]},{"@type":"BreadcrumbList","@id":"https:\/\/www.horomechanika.lt\/ru\/product\/mulceris-euro\/#breadcrumb","itemListElement":[{"@type":"ListItem","position":1,"name":"Home","item":"https:\/\/www.horomechanika.lt\/"},{"@type":"ListItem","position":2,"name":"Shop","item":"https:\/\/www.horomechanika.lt\/ru\/shop-2\/"},{"@type":"ListItem","position":3,"name":"MUL\u010cERIS EURO"}]},{"@type":"WebSite","@id":"https:\/\/www.horomechanika.lt\/#website","url":"https:\/\/www.horomechanika.lt\/","name":"Horomechanika","description":"\u017dem\u0117s \u016akio Technika","publisher":{"@id":"https:\/\/www.horomechanika.lt\/#organization"},"potentialAction":[{"@type":"SearchAction","target":{"@type":"EntryPoint","urlTemplate":"https:\/\/www.horomechanika.lt\/?s={search_term_string}"},"query-input":"required name=search_term_string"}],"inLanguage":"ru-RU"},{"@type":"Organization","@id":"https:\/\/www.horomechanika.lt\/#organization","name":"UAB \"Horo mechanika\"","url":"https:\/\/www.horomechanika.lt\/","logo":{"@type":"ImageObject","inLanguage":"ru-RU","@id":"https:\/\/www.horomechanika.lt\/#\/schema\/logo\/image\/","url":"https:\/\/www.horomechanika.lt\/wp-content\/uploads\/2020\/05\/horomechanika-logo.png","contentUrl":"https:\/\/www.horomechanika.lt\/wp-content\/uploads\/2020\/05\/horomechanika-logo.png","width":137,"height":56,"caption":"UAB \"Horo mechanika\""},"image":{"@id":"https:\/\/www.horomechanika.lt\/#\/schema\/logo\/image\/"},"sameAs":["https:\/\/www.facebook.com\/UAB-Horo-mechanika-177091812471952"]}]}},"_links":{"self":[{"href":"https:\/\/www.horomechanika.lt\/ru\/wp-json\/wp\/v2\/product\/11716","targetHints":{"allow":["GET"]}}],"collection":[{"href":"https:\/\/www.horomechanika.lt\/ru\/wp-json\/wp\/v2\/product"}],"about":[{"href":"https:\/\/www.horomechanika.lt\/ru\/wp-json\/wp\/v2\/types\/product"}],"replies":[{"embeddable":true,"href":"https:\/\/www.horomechanika.lt\/ru\/wp-json\/wp\/v2\/comments?post=11716"}],"wp:featuredmedia":[{"embeddable":true,"href":"https:\/\/www.horomechanika.lt\/ru\/wp-json\/wp\/v2\/media\/11718"}],"wp:attachment":[{"href":"https:\/\/www.horomechanika.lt\/ru\/wp-json\/wp\/v2\/media?parent=11716"}],"wp:term":[{"taxonomy":"product_cat","embeddable":true,"href":"https:\/\/www.horomechanika.lt\/ru\/wp-json\/wp\/v2\/product_cat?post=11716"},{"taxonomy":"product_tag","embeddable":true,"href":"https:\/\/www.horomechanika.lt\/ru\/wp-json\/wp\/v2\/product_tag?post=11716"}],"curies":[{"name":"wp","href":"https:\/\/api.w.org\/{rel}","templated":true}]}}