{"id":11763,"date":"2020-10-30T16:03:07","date_gmt":"2020-10-30T13:03:07","guid":{"rendered":"http:\/\/horomechanika.lt\/?post_type=product&#038;p=11763"},"modified":"2022-05-11T08:48:36","modified_gmt":"2022-05-11T05:48:36","slug":"mulceris-profi-mega","status":"publish","type":"product","link":"https:\/\/www.horomechanika.lt\/ru\/product\/mulceris-profi-mega\/","title":{"rendered":"MUL\u010cERIS PROFI MEGA"},"content":{"rendered":"<table width=\"0\">\n<thead>\n<tr>\n<td width=\"55\"><strong>Modelis <\/strong><\/td>\n<td width=\"89\"><strong>KW\/HP<\/strong><\/td>\n<td width=\"91\"><strong>darbinis\/bendras plotis <\/strong><\/td>\n<td width=\"80\"><strong>aps\/min<\/strong><\/td>\n<td width=\"59\"><strong>Y-Peiliai<\/strong><\/td>\n<td width=\"63\"><strong>Plaktukai<\/strong><\/td>\n<td width=\"59\"><strong>Svoris \u00a0[kg]<\/strong><\/td>\n<td width=\"59\"><strong>cm<\/strong><\/td>\n<\/tr>\n<tr>\n<td width=\"55\"><strong>250<\/strong><\/td>\n<td width=\"89\"><strong>51-82\/68-110<\/strong><\/td>\n<td width=\"91\"><strong>245\/273<\/strong><\/td>\n<td width=\"80\"><strong>1000<\/strong><\/td>\n<td width=\"59\"><strong>60<\/strong><\/td>\n<td width=\"63\"><strong>20<\/strong><\/td>\n<td width=\"59\"><strong>1232<\/strong><\/td>\n<td width=\"59\"><strong>8<\/strong><\/td>\n<\/tr>\n<tr>\n<td width=\"55\"><strong>270<\/strong><\/td>\n<td width=\"89\"><strong>67-104\/90-140<\/strong><\/td>\n<td width=\"91\"><strong>270\/298<\/strong><\/td>\n<td width=\"80\"><strong>1000<\/strong><\/td>\n<td width=\"59\"><strong>72<\/strong><\/td>\n<td width=\"63\"><strong>24<\/strong><\/td>\n<td width=\"59\"><strong>1308<\/strong><\/td>\n<td width=\"59\"><strong>8<\/strong><\/td>\n<\/tr>\n<tr>\n<td width=\"55\"><strong>300<\/strong><\/td>\n<td width=\"89\"><strong>75-119\/100-160<\/strong><\/td>\n<td width=\"91\"><strong>300\/328<\/strong><\/td>\n<td width=\"80\"><strong>1000<\/strong><\/td>\n<td width=\"59\"><strong>78<\/strong><\/td>\n<td width=\"63\"><strong>26<\/strong><\/td>\n<td width=\"59\"><strong>1416<\/strong><\/td>\n<td width=\"59\"><strong>8<\/strong><\/td>\n<\/tr>\n<\/thead>\n<\/table>\n<p>&nbsp;<\/p>\n<p><iframe loading=\"lazy\" title=\"Flail mower INO Bre\u017eice PROFI MEGA\" width=\"895\" height=\"503\" src=\"https:\/\/www.youtube.com\/embed\/GQ9glnQg-Gc?feature=oembed\" frameborder=\"0\" allow=\"accelerometer; autoplay; clipboard-write; encrypted-media; gyroscope; picture-in-picture\" allowfullscreen><\/iframe><\/p>","protected":false},"excerpt":{"rendered":"<p>\u0160ienapjov\u0117 PROFI MEGA<br \/>\nPROFI MEGA yra sunkioji daugiafunkcin\u0117 \u0161ienapjov\u0117, tinkama \u016bkininkams, rangovams ir vietos vald\u017eios institucijoms. Jis naudojamas smulkinant \u012fvairias augal\u0173 liekanas, \u017eol\u0119, ma\u017eesnes \u0161akas ir kr\u016bmus (iki 8 cm skersmens), \u017eem\u0117s \u016bkyje ir bendruomenin\u0117se ar apleistose vietose. D\u0117l unikalios r\u0117mo formos jis leid\u017eia pasiekti didel\u012f darbin\u012f greit\u012f, susmulkinant\u012f visk\u0105 nuo tankio u\u017eaugimo iki kukur\u016bz\u0173 ra\u017eienos. D\u0117ka kei\u010diam\u0173 skaitikli\u0173 peili\u0173 (standartin\u0117 \u012franga), tvirtinam\u0173 ant standaus pagrindinio r\u0117mo dviem atskiromis eil\u0117mis, \u201ePROFI MEGA\u201c u\u017etikrina dail\u0173 pj\u016bv\u012f. Hidraulinis poslinkis yra standartin\u0117 \u012franga. Kartu su juo trij\u0173 ta\u0161k\u0173 kablis skirtas traktoriaus kombinuotam, priekiniam ir galiniam tvirtinimui. Energi\u0161kai efektyvus dvigubas spiralinis rotorius suma\u017eina energijos suvartojim\u0105, u\u017etikrina vienod\u0105 veikim\u0105 ir u\u017etikrina ilgesn\u012f komponent\u0173 tarnavim\u0105.<\/p>\n<p>&nbsp;<\/p>\n<p>Dvigubas spiralinis rotorius su 45 \u00b0 darbini\u0173 a\u0161men\u0173 paskirstymu<br \/>\nKombi, priekin\u0117 ir galin\u0117 traukl\u0117s<br \/>\nPavar\u0173 d\u0117\u017e\u0117 1000 aps.\/min. Su laisva ratine sankaba<br \/>\nDviej\u0173 eilu\u010di\u0173 rutuliniai guoliai ant rotoriaus veleno<br \/>\nReguliuojami galiniai vartai<br \/>\nKei\u010diami peiliai (DVIGUBI &#8211; dvi eil\u0117s)<br \/>\nTvirti kaltiniai plaktukai<br \/>\nAutomatinis dir\u017eo \u012ftempimas su ventiliatoriumi<br \/>\nHidraulinis kompensavimas<br \/>\n3 ta\u0161k\u0173 jungtis II kat.<br \/>\nReguliuojamas galinis ritin\u0117lis su u\u017edara dviguba guoli\u0173 sistema<br \/>\nSlydimai<br \/>\nPlaukiojantis<\/p>\n<p>&nbsp;<\/p>\n<div class=\"tlid-input input\">\n<div class=\"source-wrap\">\n<div class=\"input-full-height-wrapper tlid-input-full-height-wrapper\">\n<div class=\"source-input\">\n<div class=\"source-footer-wrap source-or-target-footer\">\n<div class=\"character-count tlid-character-count\">\n<div class=\"cc-ctr normal\">243\/5000<\/div>\n<\/div>\n<div class=\"source-footer\">\n<div class=\"speech-wrap source-or-target-footer-button left-positioned\">\n<div id=\"gt-speech\" class=\"speech-button goog-toolbar-button\" tabindex=\"0\" role=\"button\" aria-label=\"\u012ejungti balso \u012fvest\u012f\" data-tooltip-align=\"t,c\" aria-pressed=\"false\" aria-disabled=\"false\" data-tooltip=\"\u012ejungti balso \u012fvest\u012f\"><\/div>\n<\/div>\n<div class=\"src-tts left-positioned ttsbutton jfk-button-flat source-or-target-footer-button jfk-button\" tabindex=\"0\" role=\"button\" aria-label=\"Klausyti\" data-tooltip=\"Klausyti\" aria-pressed=\"false\" data-tooltip-align=\"t,c\" aria-hidden=\"false\" aria-disabled=\"false\">\n<div class=\"jfk-button-img\"><\/div>\n<\/div>\n<\/div>\n<\/div>\n<\/div>\n<\/div>\n<\/div>\n<\/div>\n<div class=\"tlid-results-container results-container\">\n<div class=\"tlid-result result-dict-wrapper\">\n<div class=\"result tlid-copy-target\">\n<div class=\"result-header\">\n<div class=\"starbutton jfk-button-flat jfk-button unstarred\" tabindex=\"0\" role=\"button\" aria-label=\"Pa\u017eym\u0117ti vertim\u0105 \u017evaig\u017edute\" data-tooltip=\"Pa\u017eym\u0117ti vertim\u0105 \u017evaig\u017edute\" data-tooltip-align=\"t,c\">\n<div class=\"jfk-button-img\"><\/div>\n<\/div>\n<\/div>\n<div class=\"text-wrap tlid-copy-target\">\n<div class=\"result-shield-container tlid-copy-target\" tabindex=\"0\"><span class=\"tlid-translation translation\" lang=\"lt\"><span title=\"\">Papildoma \u012franga<\/span><br \/>\n<span title=\"\">\u201eINO Vibration Control Opti\u201c (vibracijos kontrol\u0117s sistema internete)<\/span><br \/>\n<span title=\"\">Reguliuojami ratai vietoj galinio volo<\/span><br \/>\n<span class=\"\" title=\"\">Y- ment\u0117s<\/span><br \/>\n<span class=\"\" title=\"\">Valandos skaitiklis<\/span><br \/>\n<span class=\"\" title=\"\">Pavar\u0173 d\u0117\u017e\u0117 540 RPM<\/span><br \/>\n<span class=\"\" title=\"\">Dvigubas odos r\u0117mas &#8211; kei\u010diamas<\/span><br \/>\n<span class=\"\" title=\"\">Grandin\u0117s apsauga priekyje<\/span><br \/>\n<span class=\"\" title=\"\">P. T. O. velenas<\/span><\/span><\/div>\n<\/div>\n<\/div>\n<\/div>\n<\/div>","protected":false},"featured_media":11768,"comment_status":"open","ping_status":"closed","template":"","meta":[],"product_cat":[150,152,167],"product_tag":[],"class_list":["post-11763","product","type-product","status-publish","has-post-thumbnail","hentry","product_cat-mulceriai","product_cat-sodiniai-mulceriai","product_cat-gyvatvoriu-krumynu-prieziuros-technika"],"yoast_head":"<!-- This site is optimized with the Yoast SEO plugin v20.1 - https:\/\/yoast.com\/wordpress\/plugins\/seo\/ -->\n<title>MUL\u010cERIS PROFI MEGA | Horomechanika<\/title>\n<meta name=\"robots\" content=\"index, follow, max-snippet:-1, max-image-preview:large, max-video-preview:-1\" \/>\n<link rel=\"canonical\" href=\"https:\/\/www.horomechanika.lt\/ru\/product\/mulceris-profi-mega\/\" \/>\n<meta property=\"og:locale\" content=\"ru_RU\" \/>\n<meta property=\"og:type\" content=\"article\" \/>\n<meta property=\"og:title\" content=\"MUL\u010cERIS PROFI MEGA | Horomechanika\" \/>\n<meta property=\"og:description\" content=\"\u0160ienapjov\u0117 PROFI MEGA PROFI MEGA yra sunkioji daugiafunkcin\u0117 \u0161ienapjov\u0117, tinkama \u016bkininkams, rangovams ir vietos vald\u017eios institucijoms. Jis naudojamas smulkinant \u012fvairias augal\u0173 liekanas, \u017eol\u0119, ma\u017eesnes \u0161akas ir kr\u016bmus (iki 8 cm skersmens), \u017eem\u0117s \u016bkyje ir bendruomenin\u0117se ar apleistose vietose. D\u0117l unikalios r\u0117mo formos jis leid\u017eia pasiekti didel\u012f darbin\u012f greit\u012f, susmulkinant\u012f visk\u0105 nuo tankio u\u017eaugimo iki kukur\u016bz\u0173 ra\u017eienos. D\u0117ka kei\u010diam\u0173 skaitikli\u0173 peili\u0173 (standartin\u0117 \u012franga), tvirtinam\u0173 ant standaus pagrindinio r\u0117mo dviem atskiromis eil\u0117mis, \u201ePROFI MEGA\u201c u\u017etikrina dail\u0173 pj\u016bv\u012f. Hidraulinis poslinkis yra standartin\u0117 \u012franga. Kartu su juo trij\u0173 ta\u0161k\u0173 kablis skirtas traktoriaus kombinuotam, priekiniam ir galiniam tvirtinimui. Energi\u0161kai efektyvus dvigubas spiralinis rotorius suma\u017eina energijos suvartojim\u0105, u\u017etikrina vienod\u0105 veikim\u0105 ir u\u017etikrina ilgesn\u012f komponent\u0173 tarnavim\u0105.  &nbsp;  Dvigubas spiralinis rotorius su 45 \u00b0 darbini\u0173 a\u0161men\u0173 paskirstymu Kombi, priekin\u0117 ir galin\u0117 traukl\u0117s Pavar\u0173 d\u0117\u017e\u0117 1000 aps.\/min. Su laisva ratine sankaba Dviej\u0173 eilu\u010di\u0173 rutuliniai guoliai ant rotoriaus veleno Reguliuojami galiniai vartai Kei\u010diami peiliai (DVIGUBI - dvi eil\u0117s) Tvirti kaltiniai plaktukai Automatinis dir\u017eo \u012ftempimas su ventiliatoriumi Hidraulinis kompensavimas 3 ta\u0161k\u0173 jungtis II kat. Reguliuojamas galinis ritin\u0117lis su u\u017edara dviguba guoli\u0173 sistema Slydimai Plaukiojantis  &nbsp;       243\/5000                        Papildoma \u012franga \u201eINO Vibration Control Opti\u201c (vibracijos kontrol\u0117s sistema internete) Reguliuojami ratai vietoj galinio volo Y- ment\u0117s Valandos skaitiklis Pavar\u0173 d\u0117\u017e\u0117 540 RPM Dvigubas odos r\u0117mas - kei\u010diamas Grandin\u0117s apsauga priekyje P. T. O. velenas\" \/>\n<meta property=\"og:url\" content=\"https:\/\/www.horomechanika.lt\/ru\/product\/mulceris-profi-mega\/\" \/>\n<meta property=\"og:site_name\" content=\"Horomechanika\" \/>\n<meta property=\"article:publisher\" content=\"https:\/\/www.facebook.com\/UAB-Horo-mechanika-177091812471952\" \/>\n<meta property=\"article:modified_time\" content=\"2022-05-11T05:48:36+00:00\" \/>\n<meta property=\"og:image\" content=\"https:\/\/www.horomechanika.lt\/wp-content\/uploads\/2020\/10\/PROFI-MEGA-3-scaled.jpg\" \/>\n\t<meta property=\"og:image:width\" content=\"2560\" \/>\n\t<meta property=\"og:image:height\" content=\"1853\" \/>\n\t<meta property=\"og:image:type\" content=\"image\/jpeg\" \/>\n<meta name=\"twitter:card\" content=\"summary_large_image\" \/>\n<script type=\"application\/ld+json\" class=\"yoast-schema-graph\">{\"@context\":\"https:\/\/schema.org\",\"@graph\":[{\"@type\":\"WebPage\",\"@id\":\"https:\/\/www.horomechanika.lt\/ru\/product\/mulceris-profi-mega\/\",\"url\":\"https:\/\/www.horomechanika.lt\/ru\/product\/mulceris-profi-mega\/\",\"name\":\"MUL\u010cERIS PROFI MEGA | Horomechanika\",\"isPartOf\":{\"@id\":\"https:\/\/www.horomechanika.lt\/#website\"},\"datePublished\":\"2020-10-30T13:03:07+00:00\",\"dateModified\":\"2022-05-11T05:48:36+00:00\",\"breadcrumb\":{\"@id\":\"https:\/\/www.horomechanika.lt\/ru\/product\/mulceris-profi-mega\/#breadcrumb\"},\"inLanguage\":\"ru-RU\",\"potentialAction\":[{\"@type\":\"ReadAction\",\"target\":[\"https:\/\/www.horomechanika.lt\/ru\/product\/mulceris-profi-mega\/\"]}]},{\"@type\":\"BreadcrumbList\",\"@id\":\"https:\/\/www.horomechanika.lt\/ru\/product\/mulceris-profi-mega\/#breadcrumb\",\"itemListElement\":[{\"@type\":\"ListItem\",\"position\":1,\"name\":\"Home\",\"item\":\"https:\/\/www.horomechanika.lt\/\"},{\"@type\":\"ListItem\",\"position\":2,\"name\":\"Shop\",\"item\":\"https:\/\/www.horomechanika.lt\/ru\/shop-2\/\"},{\"@type\":\"ListItem\",\"position\":3,\"name\":\"MUL\u010cERIS PROFI MEGA\"}]},{\"@type\":\"WebSite\",\"@id\":\"https:\/\/www.horomechanika.lt\/#website\",\"url\":\"https:\/\/www.horomechanika.lt\/\",\"name\":\"Horomechanika\",\"description\":\"\u017dem\u0117s \u016akio Technika\",\"publisher\":{\"@id\":\"https:\/\/www.horomechanika.lt\/#organization\"},\"potentialAction\":[{\"@type\":\"SearchAction\",\"target\":{\"@type\":\"EntryPoint\",\"urlTemplate\":\"https:\/\/www.horomechanika.lt\/?s={search_term_string}\"},\"query-input\":\"required name=search_term_string\"}],\"inLanguage\":\"ru-RU\"},{\"@type\":\"Organization\",\"@id\":\"https:\/\/www.horomechanika.lt\/#organization\",\"name\":\"UAB \\\"Horo mechanika\\\"\",\"url\":\"https:\/\/www.horomechanika.lt\/\",\"logo\":{\"@type\":\"ImageObject\",\"inLanguage\":\"ru-RU\",\"@id\":\"https:\/\/www.horomechanika.lt\/#\/schema\/logo\/image\/\",\"url\":\"https:\/\/www.horomechanika.lt\/wp-content\/uploads\/2020\/05\/horomechanika-logo.png\",\"contentUrl\":\"https:\/\/www.horomechanika.lt\/wp-content\/uploads\/2020\/05\/horomechanika-logo.png\",\"width\":137,\"height\":56,\"caption\":\"UAB \\\"Horo mechanika\\\"\"},\"image\":{\"@id\":\"https:\/\/www.horomechanika.lt\/#\/schema\/logo\/image\/\"},\"sameAs\":[\"https:\/\/www.facebook.com\/UAB-Horo-mechanika-177091812471952\"]}]}<\/script>\n<!-- \/ Yoast SEO plugin. -->","yoast_head_json":{"title":"MUL\u010cERIS PROFI MEGA | Horomechanika","robots":{"index":"index","follow":"follow","max-snippet":"max-snippet:-1","max-image-preview":"max-image-preview:large","max-video-preview":"max-video-preview:-1"},"canonical":"https:\/\/www.horomechanika.lt\/ru\/product\/mulceris-profi-mega\/","og_locale":"ru_RU","og_type":"article","og_title":"MUL\u010cERIS PROFI MEGA | Horomechanika","og_description":"\u0160ienapjov\u0117 PROFI MEGA PROFI MEGA yra sunkioji daugiafunkcin\u0117 \u0161ienapjov\u0117, tinkama \u016bkininkams, rangovams ir vietos vald\u017eios institucijoms. Jis naudojamas smulkinant \u012fvairias augal\u0173 liekanas, \u017eol\u0119, ma\u017eesnes \u0161akas ir kr\u016bmus (iki 8 cm skersmens), \u017eem\u0117s \u016bkyje ir bendruomenin\u0117se ar apleistose vietose. D\u0117l unikalios r\u0117mo formos jis leid\u017eia pasiekti didel\u012f darbin\u012f greit\u012f, susmulkinant\u012f visk\u0105 nuo tankio u\u017eaugimo iki kukur\u016bz\u0173 ra\u017eienos. D\u0117ka kei\u010diam\u0173 skaitikli\u0173 peili\u0173 (standartin\u0117 \u012franga), tvirtinam\u0173 ant standaus pagrindinio r\u0117mo dviem atskiromis eil\u0117mis, \u201ePROFI MEGA\u201c u\u017etikrina dail\u0173 pj\u016bv\u012f. Hidraulinis poslinkis yra standartin\u0117 \u012franga. Kartu su juo trij\u0173 ta\u0161k\u0173 kablis skirtas traktoriaus kombinuotam, priekiniam ir galiniam tvirtinimui. Energi\u0161kai efektyvus dvigubas spiralinis rotorius suma\u017eina energijos suvartojim\u0105, u\u017etikrina vienod\u0105 veikim\u0105 ir u\u017etikrina ilgesn\u012f komponent\u0173 tarnavim\u0105.  &nbsp;  Dvigubas spiralinis rotorius su 45 \u00b0 darbini\u0173 a\u0161men\u0173 paskirstymu Kombi, priekin\u0117 ir galin\u0117 traukl\u0117s Pavar\u0173 d\u0117\u017e\u0117 1000 aps.\/min. Su laisva ratine sankaba Dviej\u0173 eilu\u010di\u0173 rutuliniai guoliai ant rotoriaus veleno Reguliuojami galiniai vartai Kei\u010diami peiliai (DVIGUBI - dvi eil\u0117s) Tvirti kaltiniai plaktukai Automatinis dir\u017eo \u012ftempimas su ventiliatoriumi Hidraulinis kompensavimas 3 ta\u0161k\u0173 jungtis II kat. Reguliuojamas galinis ritin\u0117lis su u\u017edara dviguba guoli\u0173 sistema Slydimai Plaukiojantis  &nbsp;       243\/5000                        Papildoma \u012franga \u201eINO Vibration Control Opti\u201c (vibracijos kontrol\u0117s sistema internete) Reguliuojami ratai vietoj galinio volo Y- ment\u0117s Valandos skaitiklis Pavar\u0173 d\u0117\u017e\u0117 540 RPM Dvigubas odos r\u0117mas - kei\u010diamas Grandin\u0117s apsauga priekyje P. T. O. velenas","og_url":"https:\/\/www.horomechanika.lt\/ru\/product\/mulceris-profi-mega\/","og_site_name":"Horomechanika","article_publisher":"https:\/\/www.facebook.com\/UAB-Horo-mechanika-177091812471952","article_modified_time":"2022-05-11T05:48:36+00:00","og_image":[{"width":2560,"height":1853,"url":"https:\/\/www.horomechanika.lt\/wp-content\/uploads\/2020\/10\/PROFI-MEGA-3-scaled.jpg","type":"image\/jpeg"}],"twitter_card":"summary_large_image","schema":{"@context":"https:\/\/schema.org","@graph":[{"@type":"WebPage","@id":"https:\/\/www.horomechanika.lt\/ru\/product\/mulceris-profi-mega\/","url":"https:\/\/www.horomechanika.lt\/ru\/product\/mulceris-profi-mega\/","name":"MUL\u010cERIS PROFI MEGA | Horomechanika","isPartOf":{"@id":"https:\/\/www.horomechanika.lt\/#website"},"datePublished":"2020-10-30T13:03:07+00:00","dateModified":"2022-05-11T05:48:36+00:00","breadcrumb":{"@id":"https:\/\/www.horomechanika.lt\/ru\/product\/mulceris-profi-mega\/#breadcrumb"},"inLanguage":"ru-RU","potentialAction":[{"@type":"ReadAction","target":["https:\/\/www.horomechanika.lt\/ru\/product\/mulceris-profi-mega\/"]}]},{"@type":"BreadcrumbList","@id":"https:\/\/www.horomechanika.lt\/ru\/product\/mulceris-profi-mega\/#breadcrumb","itemListElement":[{"@type":"ListItem","position":1,"name":"Home","item":"https:\/\/www.horomechanika.lt\/"},{"@type":"ListItem","position":2,"name":"Shop","item":"https:\/\/www.horomechanika.lt\/ru\/shop-2\/"},{"@type":"ListItem","position":3,"name":"MUL\u010cERIS PROFI MEGA"}]},{"@type":"WebSite","@id":"https:\/\/www.horomechanika.lt\/#website","url":"https:\/\/www.horomechanika.lt\/","name":"Horomechanika","description":"\u017dem\u0117s \u016akio Technika","publisher":{"@id":"https:\/\/www.horomechanika.lt\/#organization"},"potentialAction":[{"@type":"SearchAction","target":{"@type":"EntryPoint","urlTemplate":"https:\/\/www.horomechanika.lt\/?s={search_term_string}"},"query-input":"required name=search_term_string"}],"inLanguage":"ru-RU"},{"@type":"Organization","@id":"https:\/\/www.horomechanika.lt\/#organization","name":"UAB \"Horo mechanika\"","url":"https:\/\/www.horomechanika.lt\/","logo":{"@type":"ImageObject","inLanguage":"ru-RU","@id":"https:\/\/www.horomechanika.lt\/#\/schema\/logo\/image\/","url":"https:\/\/www.horomechanika.lt\/wp-content\/uploads\/2020\/05\/horomechanika-logo.png","contentUrl":"https:\/\/www.horomechanika.lt\/wp-content\/uploads\/2020\/05\/horomechanika-logo.png","width":137,"height":56,"caption":"UAB \"Horo mechanika\""},"image":{"@id":"https:\/\/www.horomechanika.lt\/#\/schema\/logo\/image\/"},"sameAs":["https:\/\/www.facebook.com\/UAB-Horo-mechanika-177091812471952"]}]}},"_links":{"self":[{"href":"https:\/\/www.horomechanika.lt\/ru\/wp-json\/wp\/v2\/product\/11763","targetHints":{"allow":["GET"]}}],"collection":[{"href":"https:\/\/www.horomechanika.lt\/ru\/wp-json\/wp\/v2\/product"}],"about":[{"href":"https:\/\/www.horomechanika.lt\/ru\/wp-json\/wp\/v2\/types\/product"}],"replies":[{"embeddable":true,"href":"https:\/\/www.horomechanika.lt\/ru\/wp-json\/wp\/v2\/comments?post=11763"}],"wp:featuredmedia":[{"embeddable":true,"href":"https:\/\/www.horomechanika.lt\/ru\/wp-json\/wp\/v2\/media\/11768"}],"wp:attachment":[{"href":"https:\/\/www.horomechanika.lt\/ru\/wp-json\/wp\/v2\/media?parent=11763"}],"wp:term":[{"taxonomy":"product_cat","embeddable":true,"href":"https:\/\/www.horomechanika.lt\/ru\/wp-json\/wp\/v2\/product_cat?post=11763"},{"taxonomy":"product_tag","embeddable":true,"href":"https:\/\/www.horomechanika.lt\/ru\/wp-json\/wp\/v2\/product_tag?post=11763"}],"curies":[{"name":"wp","href":"https:\/\/api.w.org\/{rel}","templated":true}]}}