{"id":11814,"date":"2020-10-30T16:42:09","date_gmt":"2020-10-30T13:42:09","guid":{"rendered":"http:\/\/horomechanika.lt\/?post_type=product&#038;p=11814"},"modified":"2022-12-23T12:34:21","modified_gmt":"2022-12-23T09:34:21","slug":"mulceris-triplex-dominator","status":"publish","type":"product","link":"https:\/\/www.horomechanika.lt\/ru\/product\/mulceris-triplex-dominator\/","title":{"rendered":"MUL\u010cERIS TRIPLEX DOMINATOR"},"content":{"rendered":"<table width=\"0\">\n<thead>\n<tr>\n<td width=\"55\"><strong>Modelis <\/strong><\/td>\n<td width=\"89\"><strong>KW\/HP<\/strong><\/td>\n<td width=\"91\"><strong>darbinis\/bendras plotis <\/strong><\/td>\n<td width=\"80\"><strong>aps\/min<\/strong><\/td>\n<td width=\"59\"><strong>Y-Peiliai<\/strong><\/td>\n<td width=\"63\"><strong>Plaktukai<\/strong><\/td>\n<td width=\"59\"><strong>Svoris \u00a0[kg]<\/strong><\/td>\n<td width=\"59\"><strong>cm<\/strong><\/td>\n<\/tr>\n<tr>\n<td width=\"55\">800<\/td>\n<td width=\"89\">130-220\/180\u2013300<\/td>\n<td width=\"91\">790\/804<\/td>\n<td width=\"80\">1000<\/td>\n<td width=\"59\">288<\/td>\n<td width=\"63\">96<\/td>\n<td width=\"59\">4170<\/td>\n<td width=\"59\">6<\/td>\n<\/tr>\n<\/thead>\n<\/table>\n<p><iframe loading=\"lazy\" title=\"Ariport grass topping\" width=\"895\" height=\"503\" src=\"https:\/\/www.youtube.com\/embed\/vK_BQsNc9BQ?feature=oembed\" frameborder=\"0\" allow=\"accelerometer; autoplay; clipboard-write; encrypted-media; gyroscope; picture-in-picture\" allowfullscreen><\/iframe><\/p>","protected":false},"excerpt":{"rendered":"<p>Profesionali, sunki hidraulin\u0117 lankstymo ma\u0161ina, skirta mul\u010diuoti \u012fvairius augalus ir augal\u0173 liekanas. Jis gali susmulkinti iki 6 cm skersmens \u0161akas.<br \/>\nSu dideliu efektyvumu (iki 6 ha \/ val.) Jis tinka rangovams ir didesniems \u016bkiams.<br \/>\nPlok\u0161\u010di\u0105 vejapjov\u0119 lengva transportuoti, nes jos plotis yra tik 3 m.<br \/>\nPl\u016bduriuojanti konstrukcija ir kampinis reguliavimas + 15 \u00b0 \/ -10 \u00b0 leid\u017eia kokybi\u0161kai mul\u010diuoti per vis\u0105 darbin\u012f plot\u012f. Plaktuk\u0173 montavimas dvigubos spiral\u0117s pavidalu leid\u017eia sunaudoti iki 24% ma\u017eiau energijos.<\/p>\n<p><strong>Standartin\u0117 komplektacija <\/strong><\/p>\n<ul>\n<li>INO Smart Align PATENTUOTAS SPRENDIMAS (kardanini\u0173 velen\u0173 savaiminiam sulygiavimui sulankstymo metu)<\/li>\n<li>INO saugus u\u017eraktas (elektroninis u\u017eraktas prie\u0161 per auk\u0161t\u0105 sparno kamp\u0105 darbo metu)<\/li>\n<li>Rotoriaus velenas su dvigubu spiraliniu 45 \u00b0 darbo \u012franki\u0173 paskirstymu<\/li>\n<li>Kaltiniai ir sukietinti novatori\u0161ki INO plaktukai<\/li>\n<li>Pavar\u0173 d\u0117\u017e\u0117 su laisvos eigos sankaba<\/li>\n<li>Automatinis dir\u017eo \u012ftempimas<\/li>\n<li>Dvigubas dangtis (kei\u010diamas)<\/li>\n<li>Kei\u010diami \u201eSHARK\u201c tipo peiliai i\u0161 kietos med\u017eiagos (viena eilut\u0117)<\/li>\n<li>Hidrauli\u0161kai sulankstomas (maks. 3 m va\u017eiuojant keliais &#8211; centrin\u0117 \u0161ienapjov\u0117 280)<\/li>\n<li>Reguliuojamas galinis volas su u\u017edara dviguba guoli\u0173 sistema<\/li>\n<li>Plaukiojanti funkcija<\/li>\n<li>Kei\u010diami apsauginiai bortai<\/li>\n<li>Kardaniniai velenai su apsaugine plok\u0161\u010dia sankaba<\/li>\n<li>\u0160vies\u0105 atspindin\u010dios plok\u0161t\u0117s su kelio ap\u0161vietimo rinkiniu<\/li>\n<\/ul>\n<p>&nbsp;<\/p>\n<p><strong>Papildomai<\/strong><\/p>\n<p><strong>\u00a0<\/strong><\/p>\n<ul>\n<li>Atlenkiama \u017eoliapjov\u0117 DOMINATOR 280\/310 su dvigubu dang\u010diu ir kardaniniu velenu<\/li>\n<li>Adapteris tiesioginiam DOMINATOR 280 3 ta\u0161k\u0173 prikabinimo \u012ftaisui prijungti prie DUPLEX DOMINATOR 280\/310 kei\u010diamos skaitiklio ment\u0117s (antroji eilut\u0117) dvigubas dangtis i\u0161 HARDOX, skirta DOMINATOR 280\/310 (vietoj standartin\u0117s med\u017eiagos)<\/li>\n<li>Grandin\u0117s apsauga DOMINATOR 280\/310 (vietoje metalini\u0173 plok\u0161teli\u0173)<\/li>\n<li>INO Vibration Control Opti\u201c (sistema skirta apsaugai nuo perkrovos)<\/li>\n<\/ul>","protected":false},"featured_media":11805,"comment_status":"open","ping_status":"closed","template":"","meta":[],"product_cat":[150,153,167],"product_tag":[],"class_list":["post-11814","product","type-product","status-publish","has-post-thumbnail","hentry","product_cat-mulceriai","product_cat-dideliu-plotu-prieziurai-mulceriai","product_cat-gyvatvoriu-krumynu-prieziuros-technika"],"yoast_head":"<!-- This site is optimized with the Yoast SEO plugin v20.1 - https:\/\/yoast.com\/wordpress\/plugins\/seo\/ -->\n<title>MUL\u010cERIS TRIPLEX DOMINATOR | Horomechanika<\/title>\n<meta name=\"robots\" content=\"index, follow, max-snippet:-1, max-image-preview:large, max-video-preview:-1\" \/>\n<link rel=\"canonical\" href=\"https:\/\/www.horomechanika.lt\/ru\/product\/mulceris-triplex-dominator\/\" \/>\n<meta property=\"og:locale\" content=\"ru_RU\" \/>\n<meta property=\"og:type\" content=\"article\" \/>\n<meta property=\"og:title\" content=\"MUL\u010cERIS TRIPLEX DOMINATOR | Horomechanika\" \/>\n<meta property=\"og:description\" content=\"Profesionali, sunki hidraulin\u0117 lankstymo ma\u0161ina, skirta mul\u010diuoti \u012fvairius augalus ir augal\u0173 liekanas. Jis gali susmulkinti iki 6 cm skersmens \u0161akas. Su dideliu efektyvumu (iki 6 ha \/ val.) Jis tinka rangovams ir didesniems \u016bkiams. Plok\u0161\u010di\u0105 vejapjov\u0119 lengva transportuoti, nes jos plotis yra tik 3 m. Pl\u016bduriuojanti konstrukcija ir kampinis reguliavimas + 15 \u00b0 \/ -10 \u00b0 leid\u017eia kokybi\u0161kai mul\u010diuoti per vis\u0105 darbin\u012f plot\u012f. Plaktuk\u0173 montavimas dvigubos spiral\u0117s pavidalu leid\u017eia sunaudoti iki 24% ma\u017eiau energijos.  Standartin\u0117 komplektacija    INO Smart Align PATENTUOTAS SPRENDIMAS (kardanini\u0173 velen\u0173 savaiminiam sulygiavimui sulankstymo metu)  INO saugus u\u017eraktas (elektroninis u\u017eraktas prie\u0161 per auk\u0161t\u0105 sparno kamp\u0105 darbo metu)  Rotoriaus velenas su dvigubu spiraliniu 45 \u00b0 darbo \u012franki\u0173 paskirstymu  Kaltiniai ir sukietinti novatori\u0161ki INO plaktukai  Pavar\u0173 d\u0117\u017e\u0117 su laisvos eigos sankaba  Automatinis dir\u017eo \u012ftempimas  Dvigubas dangtis (kei\u010diamas)  Kei\u010diami \u201eSHARK\u201c tipo peiliai i\u0161 kietos med\u017eiagos (viena eilut\u0117)  Hidrauli\u0161kai sulankstomas (maks. 3 m va\u017eiuojant keliais - centrin\u0117 \u0161ienapjov\u0117 280)  Reguliuojamas galinis volas su u\u017edara dviguba guoli\u0173 sistema  Plaukiojanti funkcija  Kei\u010diami apsauginiai bortai  Kardaniniai velenai su apsaugine plok\u0161\u010dia sankaba  \u0160vies\u0105 atspindin\u010dios plok\u0161t\u0117s su kelio ap\u0161vietimo rinkiniu  &nbsp;  Papildomai  \u00a0   Atlenkiama \u017eoliapjov\u0117 DOMINATOR 280\/310 su dvigubu dang\u010diu ir kardaniniu velenu  Adapteris tiesioginiam DOMINATOR 280 3 ta\u0161k\u0173 prikabinimo \u012ftaisui prijungti prie DUPLEX DOMINATOR 280\/310 kei\u010diamos skaitiklio ment\u0117s (antroji eilut\u0117) dvigubas dangtis i\u0161 HARDOX, skirta DOMINATOR 280\/310 (vietoj standartin\u0117s med\u017eiagos)  Grandin\u0117s apsauga DOMINATOR 280\/310 (vietoje metalini\u0173 plok\u0161teli\u0173)  INO Vibration Control Opti\u201c (sistema skirta apsaugai nuo perkrovos)\" \/>\n<meta property=\"og:url\" content=\"https:\/\/www.horomechanika.lt\/ru\/product\/mulceris-triplex-dominator\/\" \/>\n<meta property=\"og:site_name\" content=\"Horomechanika\" \/>\n<meta property=\"article:publisher\" content=\"https:\/\/www.facebook.com\/UAB-Horo-mechanika-177091812471952\" \/>\n<meta property=\"article:modified_time\" content=\"2022-12-23T09:34:21+00:00\" \/>\n<meta property=\"og:image\" content=\"https:\/\/www.horomechanika.lt\/wp-content\/uploads\/2020\/10\/Triplex-Dominator-4-scaled.jpg\" \/>\n\t<meta property=\"og:image:width\" content=\"2560\" \/>\n\t<meta property=\"og:image:height\" content=\"2028\" \/>\n\t<meta property=\"og:image:type\" content=\"image\/jpeg\" \/>\n<meta name=\"twitter:card\" content=\"summary_large_image\" \/>\n<script type=\"application\/ld+json\" class=\"yoast-schema-graph\">{\"@context\":\"https:\/\/schema.org\",\"@graph\":[{\"@type\":\"WebPage\",\"@id\":\"https:\/\/www.horomechanika.lt\/product\/mulceris-triplex-dominator\/\",\"url\":\"https:\/\/www.horomechanika.lt\/product\/mulceris-triplex-dominator\/\",\"name\":\"MUL\u010cERIS TRIPLEX DOMINATOR | Horomechanika\",\"isPartOf\":{\"@id\":\"https:\/\/www.horomechanika.lt\/#website\"},\"datePublished\":\"2020-10-30T13:42:09+00:00\",\"dateModified\":\"2022-12-23T09:34:21+00:00\",\"breadcrumb\":{\"@id\":\"https:\/\/www.horomechanika.lt\/product\/mulceris-triplex-dominator\/#breadcrumb\"},\"inLanguage\":\"ru-RU\",\"potentialAction\":[{\"@type\":\"ReadAction\",\"target\":[\"https:\/\/www.horomechanika.lt\/product\/mulceris-triplex-dominator\/\"]}]},{\"@type\":\"BreadcrumbList\",\"@id\":\"https:\/\/www.horomechanika.lt\/product\/mulceris-triplex-dominator\/#breadcrumb\",\"itemListElement\":[{\"@type\":\"ListItem\",\"position\":1,\"name\":\"Home\",\"item\":\"https:\/\/www.horomechanika.lt\/\"},{\"@type\":\"ListItem\",\"position\":2,\"name\":\"Shop\",\"item\":\"https:\/\/www.horomechanika.lt\/ru\/shop-2\/\"},{\"@type\":\"ListItem\",\"position\":3,\"name\":\"MUL\u010cERIS TRIPLEX DOMINATOR\"}]},{\"@type\":\"WebSite\",\"@id\":\"https:\/\/www.horomechanika.lt\/#website\",\"url\":\"https:\/\/www.horomechanika.lt\/\",\"name\":\"Horomechanika\",\"description\":\"\u017dem\u0117s \u016akio Technika\",\"publisher\":{\"@id\":\"https:\/\/www.horomechanika.lt\/#organization\"},\"potentialAction\":[{\"@type\":\"SearchAction\",\"target\":{\"@type\":\"EntryPoint\",\"urlTemplate\":\"https:\/\/www.horomechanika.lt\/?s={search_term_string}\"},\"query-input\":\"required name=search_term_string\"}],\"inLanguage\":\"ru-RU\"},{\"@type\":\"Organization\",\"@id\":\"https:\/\/www.horomechanika.lt\/#organization\",\"name\":\"UAB \\\"Horo mechanika\\\"\",\"url\":\"https:\/\/www.horomechanika.lt\/\",\"logo\":{\"@type\":\"ImageObject\",\"inLanguage\":\"ru-RU\",\"@id\":\"https:\/\/www.horomechanika.lt\/#\/schema\/logo\/image\/\",\"url\":\"https:\/\/www.horomechanika.lt\/wp-content\/uploads\/2020\/05\/horomechanika-logo.png\",\"contentUrl\":\"https:\/\/www.horomechanika.lt\/wp-content\/uploads\/2020\/05\/horomechanika-logo.png\",\"width\":137,\"height\":56,\"caption\":\"UAB \\\"Horo mechanika\\\"\"},\"image\":{\"@id\":\"https:\/\/www.horomechanika.lt\/#\/schema\/logo\/image\/\"},\"sameAs\":[\"https:\/\/www.facebook.com\/UAB-Horo-mechanika-177091812471952\"]}]}<\/script>\n<!-- \/ Yoast SEO plugin. -->","yoast_head_json":{"title":"MUL\u010cERIS TRIPLEX DOMINATOR | Horomechanika","robots":{"index":"index","follow":"follow","max-snippet":"max-snippet:-1","max-image-preview":"max-image-preview:large","max-video-preview":"max-video-preview:-1"},"canonical":"https:\/\/www.horomechanika.lt\/ru\/product\/mulceris-triplex-dominator\/","og_locale":"ru_RU","og_type":"article","og_title":"MUL\u010cERIS TRIPLEX DOMINATOR | Horomechanika","og_description":"Profesionali, sunki hidraulin\u0117 lankstymo ma\u0161ina, skirta mul\u010diuoti \u012fvairius augalus ir augal\u0173 liekanas. Jis gali susmulkinti iki 6 cm skersmens \u0161akas. Su dideliu efektyvumu (iki 6 ha \/ val.) Jis tinka rangovams ir didesniems \u016bkiams. Plok\u0161\u010di\u0105 vejapjov\u0119 lengva transportuoti, nes jos plotis yra tik 3 m. Pl\u016bduriuojanti konstrukcija ir kampinis reguliavimas + 15 \u00b0 \/ -10 \u00b0 leid\u017eia kokybi\u0161kai mul\u010diuoti per vis\u0105 darbin\u012f plot\u012f. Plaktuk\u0173 montavimas dvigubos spiral\u0117s pavidalu leid\u017eia sunaudoti iki 24% ma\u017eiau energijos.  Standartin\u0117 komplektacija    INO Smart Align PATENTUOTAS SPRENDIMAS (kardanini\u0173 velen\u0173 savaiminiam sulygiavimui sulankstymo metu)  INO saugus u\u017eraktas (elektroninis u\u017eraktas prie\u0161 per auk\u0161t\u0105 sparno kamp\u0105 darbo metu)  Rotoriaus velenas su dvigubu spiraliniu 45 \u00b0 darbo \u012franki\u0173 paskirstymu  Kaltiniai ir sukietinti novatori\u0161ki INO plaktukai  Pavar\u0173 d\u0117\u017e\u0117 su laisvos eigos sankaba  Automatinis dir\u017eo \u012ftempimas  Dvigubas dangtis (kei\u010diamas)  Kei\u010diami \u201eSHARK\u201c tipo peiliai i\u0161 kietos med\u017eiagos (viena eilut\u0117)  Hidrauli\u0161kai sulankstomas (maks. 3 m va\u017eiuojant keliais - centrin\u0117 \u0161ienapjov\u0117 280)  Reguliuojamas galinis volas su u\u017edara dviguba guoli\u0173 sistema  Plaukiojanti funkcija  Kei\u010diami apsauginiai bortai  Kardaniniai velenai su apsaugine plok\u0161\u010dia sankaba  \u0160vies\u0105 atspindin\u010dios plok\u0161t\u0117s su kelio ap\u0161vietimo rinkiniu  &nbsp;  Papildomai  \u00a0   Atlenkiama \u017eoliapjov\u0117 DOMINATOR 280\/310 su dvigubu dang\u010diu ir kardaniniu velenu  Adapteris tiesioginiam DOMINATOR 280 3 ta\u0161k\u0173 prikabinimo \u012ftaisui prijungti prie DUPLEX DOMINATOR 280\/310 kei\u010diamos skaitiklio ment\u0117s (antroji eilut\u0117) dvigubas dangtis i\u0161 HARDOX, skirta DOMINATOR 280\/310 (vietoj standartin\u0117s med\u017eiagos)  Grandin\u0117s apsauga DOMINATOR 280\/310 (vietoje metalini\u0173 plok\u0161teli\u0173)  INO Vibration Control Opti\u201c (sistema skirta apsaugai nuo perkrovos)","og_url":"https:\/\/www.horomechanika.lt\/ru\/product\/mulceris-triplex-dominator\/","og_site_name":"Horomechanika","article_publisher":"https:\/\/www.facebook.com\/UAB-Horo-mechanika-177091812471952","article_modified_time":"2022-12-23T09:34:21+00:00","og_image":[{"width":2560,"height":2028,"url":"https:\/\/www.horomechanika.lt\/wp-content\/uploads\/2020\/10\/Triplex-Dominator-4-scaled.jpg","type":"image\/jpeg"}],"twitter_card":"summary_large_image","schema":{"@context":"https:\/\/schema.org","@graph":[{"@type":"WebPage","@id":"https:\/\/www.horomechanika.lt\/product\/mulceris-triplex-dominator\/","url":"https:\/\/www.horomechanika.lt\/product\/mulceris-triplex-dominator\/","name":"MUL\u010cERIS TRIPLEX DOMINATOR | Horomechanika","isPartOf":{"@id":"https:\/\/www.horomechanika.lt\/#website"},"datePublished":"2020-10-30T13:42:09+00:00","dateModified":"2022-12-23T09:34:21+00:00","breadcrumb":{"@id":"https:\/\/www.horomechanika.lt\/product\/mulceris-triplex-dominator\/#breadcrumb"},"inLanguage":"ru-RU","potentialAction":[{"@type":"ReadAction","target":["https:\/\/www.horomechanika.lt\/product\/mulceris-triplex-dominator\/"]}]},{"@type":"BreadcrumbList","@id":"https:\/\/www.horomechanika.lt\/product\/mulceris-triplex-dominator\/#breadcrumb","itemListElement":[{"@type":"ListItem","position":1,"name":"Home","item":"https:\/\/www.horomechanika.lt\/"},{"@type":"ListItem","position":2,"name":"Shop","item":"https:\/\/www.horomechanika.lt\/ru\/shop-2\/"},{"@type":"ListItem","position":3,"name":"MUL\u010cERIS TRIPLEX DOMINATOR"}]},{"@type":"WebSite","@id":"https:\/\/www.horomechanika.lt\/#website","url":"https:\/\/www.horomechanika.lt\/","name":"Horomechanika","description":"\u017dem\u0117s \u016akio Technika","publisher":{"@id":"https:\/\/www.horomechanika.lt\/#organization"},"potentialAction":[{"@type":"SearchAction","target":{"@type":"EntryPoint","urlTemplate":"https:\/\/www.horomechanika.lt\/?s={search_term_string}"},"query-input":"required name=search_term_string"}],"inLanguage":"ru-RU"},{"@type":"Organization","@id":"https:\/\/www.horomechanika.lt\/#organization","name":"UAB \"Horo mechanika\"","url":"https:\/\/www.horomechanika.lt\/","logo":{"@type":"ImageObject","inLanguage":"ru-RU","@id":"https:\/\/www.horomechanika.lt\/#\/schema\/logo\/image\/","url":"https:\/\/www.horomechanika.lt\/wp-content\/uploads\/2020\/05\/horomechanika-logo.png","contentUrl":"https:\/\/www.horomechanika.lt\/wp-content\/uploads\/2020\/05\/horomechanika-logo.png","width":137,"height":56,"caption":"UAB \"Horo mechanika\""},"image":{"@id":"https:\/\/www.horomechanika.lt\/#\/schema\/logo\/image\/"},"sameAs":["https:\/\/www.facebook.com\/UAB-Horo-mechanika-177091812471952"]}]}},"_links":{"self":[{"href":"https:\/\/www.horomechanika.lt\/ru\/wp-json\/wp\/v2\/product\/11814","targetHints":{"allow":["GET"]}}],"collection":[{"href":"https:\/\/www.horomechanika.lt\/ru\/wp-json\/wp\/v2\/product"}],"about":[{"href":"https:\/\/www.horomechanika.lt\/ru\/wp-json\/wp\/v2\/types\/product"}],"replies":[{"embeddable":true,"href":"https:\/\/www.horomechanika.lt\/ru\/wp-json\/wp\/v2\/comments?post=11814"}],"wp:featuredmedia":[{"embeddable":true,"href":"https:\/\/www.horomechanika.lt\/ru\/wp-json\/wp\/v2\/media\/11805"}],"wp:attachment":[{"href":"https:\/\/www.horomechanika.lt\/ru\/wp-json\/wp\/v2\/media?parent=11814"}],"wp:term":[{"taxonomy":"product_cat","embeddable":true,"href":"https:\/\/www.horomechanika.lt\/ru\/wp-json\/wp\/v2\/product_cat?post=11814"},{"taxonomy":"product_tag","embeddable":true,"href":"https:\/\/www.horomechanika.lt\/ru\/wp-json\/wp\/v2\/product_tag?post=11814"}],"curies":[{"name":"wp","href":"https:\/\/api.w.org\/{rel}","templated":true}]}}