{"id":11815,"date":"2020-10-30T16:45:00","date_gmt":"2020-10-30T13:45:00","guid":{"rendered":"http:\/\/horomechanika.lt\/?post_type=product&#038;p=11815"},"modified":"2022-05-11T09:08:41","modified_gmt":"2022-05-11T06:08:41","slug":"mulceris-mkl","status":"publish","type":"product","link":"https:\/\/www.horomechanika.lt\/ru\/product\/mulceris-mkl\/","title":{"rendered":"MUL\u010cERIS MKL"},"content":{"rendered":"<table width=\"0\">\n<thead>\n<tr>\n<td width=\"54\"><strong>Modelis <\/strong><\/td>\n<td width=\"88\"><strong>KW\/HP<\/strong><\/td>\n<td width=\"91\"><strong>darbinis\/bendras plotis <\/strong><\/td>\n<td width=\"77\"><strong>aps\/min<\/strong><\/td>\n<td width=\"58\"><strong>Y-Peiliai<\/strong><\/td>\n<td width=\"62\"><strong>Plaktukai<\/strong><\/td>\n<td colspan=\"2\" width=\"67\"><strong>Svoris \u00a0[kg]<\/strong><\/td>\n<td width=\"57\"><strong>cm<\/strong><\/td>\n<\/tr>\n<\/thead>\n<tbody>\n<tr>\n<td>115<\/td>\n<td>30-45\/40-60<\/td>\n<td>1600<\/td>\n<td>116\/134<\/td>\n<td>540<\/td>\n<td>16<\/td>\n<td>32<\/td>\n<td>329<\/td>\n<td>3<\/td>\n<\/tr>\n<tr>\n<td>130<\/td>\n<td>30-45\/40-60<\/td>\n<td>1600<\/td>\n<td>129\/147<\/td>\n<td>540<\/td>\n<td>18<\/td>\n<td>36<\/td>\n<td>359<\/td>\n<td>3<\/td>\n<\/tr>\n<tr>\n<td>150<\/td>\n<td>30-45\/40-60<\/td>\n<td>1800<\/td>\n<td>145\/163<\/td>\n<td>540<\/td>\n<td>20<\/td>\n<td>40<\/td>\n<td>384<\/td>\n<td>3<\/td>\n<\/tr>\n<\/tbody>\n<\/table>\n<p>&nbsp;<\/p>\n<p><iframe loading=\"lazy\" title=\"Model MKL\" src=\"https:\/\/player.vimeo.com\/video\/9065070?dnt=1&amp;app_id=122963\" width=\"640\" height=\"480\" frameborder=\"0\" allow=\"autoplay; fullscreen\" allowfullscreen><\/iframe><\/p>","protected":false},"excerpt":{"rendered":"<p>\u0160ienapjov\u0117 MKL<br \/>\n\u0160ienapjov\u0117 MKL skirta \u017eolei, kr\u016bmams ir pas\u0117li\u0173 liku\u010diams pjauti \u017eeldynuose, golfo aik\u0161tel\u0117se ir apleistose vietose. Jis tinka daugiausia ma\u017eesniems traktoriams ir darbui ne tokiomis intensyviomis s\u0105lygomis. D\u0117l savo kilnojamosios galvos (+ 90\u00ba \/ -65\u00ba) ji yra labai naudinga pjaunant med\u017eiag\u0105 pakrant\u0117se ir grioviuose bei visose kitose nelygose vietov\u0117se. Plaktukai yra rekomenduojami kaip darbiniai peiliai. Dvigubas spiralinis rotorius su 45\u00ba darbini\u0173 a\u0161men\u0173 paskirstymu reikalauja ma\u017eiau energijos, reikalinga ma\u017eesn\u0117 traktoriaus galia, ma\u017eesn\u0117 rotoriaus guoli\u0173 ir kit\u0173 komponent\u0173 apkrova ir jis veikia tolygiau.<\/p>\n<p>&nbsp;<\/p>\n<div class=\"tlid-input input\">\n<div class=\"source-wrap\">\n<div class=\"input-full-height-wrapper tlid-input-full-height-wrapper\">\n<div class=\"source-input\">\n<div class=\"source-footer-wrap source-or-target-footer\">\n<div class=\"character-count tlid-character-count\">\n<div class=\"cc-ctr normal\">330\/5000<\/div>\n<\/div>\n<div class=\"source-footer\">\n<div class=\"speech-wrap source-or-target-footer-button left-positioned\">\n<div id=\"gt-speech\" class=\"speech-button goog-toolbar-button\" tabindex=\"0\" role=\"button\" aria-label=\"\u012ejungti balso \u012fvest\u012f\" data-tooltip-align=\"t,c\" aria-pressed=\"false\" aria-disabled=\"false\" data-tooltip=\"\u012ejungti balso \u012fvest\u012f\"><\/div>\n<\/div>\n<div class=\"src-tts left-positioned ttsbutton jfk-button-flat source-or-target-footer-button jfk-button\" tabindex=\"0\" role=\"button\" aria-label=\"Klausyti\" data-tooltip=\"Klausyti\" aria-pressed=\"false\" data-tooltip-align=\"t,c\" aria-hidden=\"false\" aria-disabled=\"false\">\n<div class=\"jfk-button-img\"><\/div>\n<\/div>\n<\/div>\n<\/div>\n<\/div>\n<\/div>\n<\/div>\n<\/div>\n<div class=\"tlid-results-container results-container\">\n<div class=\"tlid-result result-dict-wrapper\">\n<div class=\"result tlid-copy-target\">\n<div class=\"result-header\">\n<div class=\"starbutton jfk-button-flat jfk-button unstarred\" tabindex=\"0\" role=\"button\" aria-label=\"Pa\u017eym\u0117ti vertim\u0105 \u017evaig\u017edute\" data-tooltip=\"Pa\u017eym\u0117ti vertim\u0105 \u017evaig\u017edute\" data-tooltip-align=\"t,c\">\n<div class=\"jfk-button-img\"><\/div>\n<\/div>\n<\/div>\n<div class=\"text-wrap tlid-copy-target\">\n<div class=\"result-shield-container tlid-copy-target\" tabindex=\"0\"><span class=\"tlid-translation translation\" lang=\"lt\"><span class=\"tlid-translation translation\" lang=\"lt\"><span title=\"\">Dvigubas spiralinis rotorius su 45\u00ba pasiskirstymu<\/span><br \/>\n<span title=\"\">Pavar\u0173 d\u0117\u017e\u0117 540 aps.\/min. Su laisva rato sankaba<\/span><br \/>\n<span title=\"\">\u012etempimo skriemulys<\/span><br \/>\n<span title=\"\">3 ta\u0161k\u0173 jungtis I ir II kat.<\/span><br \/>\n<span title=\"\">Hidraulinis horizontalus ir vertikalus jud\u0117jimas + 90\u00ba \/ -65\u00ba<\/span><br \/>\n<span title=\"\">Mechaninis horizontalus ir vertikalus transporto blokas<\/span><br \/>\n<span title=\"\">Dir\u017eo skydo apsauga<\/span><br \/>\n<span title=\"\">Gumos apsauga gale<\/span><br \/>\n<span class=\"\" title=\"\">Slydimai<\/span><br \/>\n<span title=\"\">Metaliniai atvartai<\/span><br \/>\n<span class=\"\" title=\"\">Reguliuojamas galinis volelis<\/span><br \/>\n<span class=\"\" title=\"\">Plaukiojantis<\/span><br \/>\n<span title=\"\">Plaktukai<\/span><\/span><\/span><\/div>\n<\/div>\n<div tabindex=\"0\">Papildoma \u012franga<br \/>\nY- ment\u0117s<br \/>\nDaugiafunkcis pan\u010di\u0173 montuojamas plaktukas<br \/>\nP. T. O. velenas<br \/>\nINO vibracijos valdymas<\/div>\n<\/div>\n<\/div>\n<\/div>","protected":false},"featured_media":11826,"comment_status":"open","ping_status":"closed","template":"","meta":[],"product_cat":[150,151,152,167],"product_tag":[],"class_list":["post-11815","product","type-product","status-publish","has-post-thumbnail","hentry","product_cat-mulceriai","product_cat-slaitiniai-mulceriai","product_cat-sodiniai-mulceriai","product_cat-gyvatvoriu-krumynu-prieziuros-technika"],"yoast_head":"<!-- This site is optimized with the Yoast SEO plugin v20.1 - https:\/\/yoast.com\/wordpress\/plugins\/seo\/ -->\n<title>MUL\u010cERIS MKL | Horomechanika<\/title>\n<meta name=\"robots\" content=\"index, follow, max-snippet:-1, max-image-preview:large, max-video-preview:-1\" \/>\n<link rel=\"canonical\" href=\"https:\/\/www.horomechanika.lt\/ru\/product\/mulceris-mkl\/\" \/>\n<meta property=\"og:locale\" content=\"ru_RU\" \/>\n<meta property=\"og:type\" content=\"article\" \/>\n<meta property=\"og:title\" content=\"MUL\u010cERIS MKL | Horomechanika\" \/>\n<meta property=\"og:description\" content=\"\u0160ienapjov\u0117 MKL \u0160ienapjov\u0117 MKL skirta \u017eolei, kr\u016bmams ir pas\u0117li\u0173 liku\u010diams pjauti \u017eeldynuose, golfo aik\u0161tel\u0117se ir apleistose vietose. Jis tinka daugiausia ma\u017eesniems traktoriams ir darbui ne tokiomis intensyviomis s\u0105lygomis. D\u0117l savo kilnojamosios galvos (+ 90\u00ba \/ -65\u00ba) ji yra labai naudinga pjaunant med\u017eiag\u0105 pakrant\u0117se ir grioviuose bei visose kitose nelygose vietov\u0117se. Plaktukai yra rekomenduojami kaip darbiniai peiliai. Dvigubas spiralinis rotorius su 45\u00ba darbini\u0173 a\u0161men\u0173 paskirstymu reikalauja ma\u017eiau energijos, reikalinga ma\u017eesn\u0117 traktoriaus galia, ma\u017eesn\u0117 rotoriaus guoli\u0173 ir kit\u0173 komponent\u0173 apkrova ir jis veikia tolygiau.  &nbsp;       330\/5000                        Dvigubas spiralinis rotorius su 45\u00ba pasiskirstymu Pavar\u0173 d\u0117\u017e\u0117 540 aps.\/min. Su laisva rato sankaba \u012etempimo skriemulys 3 ta\u0161k\u0173 jungtis I ir II kat. Hidraulinis horizontalus ir vertikalus jud\u0117jimas + 90\u00ba \/ -65\u00ba Mechaninis horizontalus ir vertikalus transporto blokas Dir\u017eo skydo apsauga Gumos apsauga gale Slydimai Metaliniai atvartai Reguliuojamas galinis volelis Plaukiojantis Plaktukai  Papildoma \u012franga Y- ment\u0117s Daugiafunkcis pan\u010di\u0173 montuojamas plaktukas P. T. O. velenas INO vibracijos valdymas\" \/>\n<meta property=\"og:url\" content=\"https:\/\/www.horomechanika.lt\/ru\/product\/mulceris-mkl\/\" \/>\n<meta property=\"og:site_name\" content=\"Horomechanika\" \/>\n<meta property=\"article:publisher\" content=\"https:\/\/www.facebook.com\/UAB-Horo-mechanika-177091812471952\" \/>\n<meta property=\"article:modified_time\" content=\"2022-05-11T06:08:41+00:00\" \/>\n<meta property=\"og:image\" content=\"https:\/\/www.horomechanika.lt\/wp-content\/uploads\/2020\/10\/MKL-3-1-1024x965.png\" \/>\n\t<meta property=\"og:image:width\" content=\"1024\" \/>\n\t<meta property=\"og:image:height\" content=\"965\" \/>\n\t<meta property=\"og:image:type\" content=\"image\/png\" \/>\n<meta name=\"twitter:card\" content=\"summary_large_image\" \/>\n<script type=\"application\/ld+json\" class=\"yoast-schema-graph\">{\"@context\":\"https:\/\/schema.org\",\"@graph\":[{\"@type\":\"WebPage\",\"@id\":\"https:\/\/www.horomechanika.lt\/ru\/product\/mulceris-mkl\/\",\"url\":\"https:\/\/www.horomechanika.lt\/ru\/product\/mulceris-mkl\/\",\"name\":\"MUL\u010cERIS MKL | Horomechanika\",\"isPartOf\":{\"@id\":\"https:\/\/www.horomechanika.lt\/#website\"},\"datePublished\":\"2020-10-30T13:45:00+00:00\",\"dateModified\":\"2022-05-11T06:08:41+00:00\",\"breadcrumb\":{\"@id\":\"https:\/\/www.horomechanika.lt\/ru\/product\/mulceris-mkl\/#breadcrumb\"},\"inLanguage\":\"ru-RU\",\"potentialAction\":[{\"@type\":\"ReadAction\",\"target\":[\"https:\/\/www.horomechanika.lt\/ru\/product\/mulceris-mkl\/\"]}]},{\"@type\":\"BreadcrumbList\",\"@id\":\"https:\/\/www.horomechanika.lt\/ru\/product\/mulceris-mkl\/#breadcrumb\",\"itemListElement\":[{\"@type\":\"ListItem\",\"position\":1,\"name\":\"Home\",\"item\":\"https:\/\/www.horomechanika.lt\/\"},{\"@type\":\"ListItem\",\"position\":2,\"name\":\"Shop\",\"item\":\"https:\/\/www.horomechanika.lt\/ru\/shop-2\/\"},{\"@type\":\"ListItem\",\"position\":3,\"name\":\"MUL\u010cERIS MKL\"}]},{\"@type\":\"WebSite\",\"@id\":\"https:\/\/www.horomechanika.lt\/#website\",\"url\":\"https:\/\/www.horomechanika.lt\/\",\"name\":\"Horomechanika\",\"description\":\"\u017dem\u0117s \u016akio Technika\",\"publisher\":{\"@id\":\"https:\/\/www.horomechanika.lt\/#organization\"},\"potentialAction\":[{\"@type\":\"SearchAction\",\"target\":{\"@type\":\"EntryPoint\",\"urlTemplate\":\"https:\/\/www.horomechanika.lt\/?s={search_term_string}\"},\"query-input\":\"required name=search_term_string\"}],\"inLanguage\":\"ru-RU\"},{\"@type\":\"Organization\",\"@id\":\"https:\/\/www.horomechanika.lt\/#organization\",\"name\":\"UAB \\\"Horo mechanika\\\"\",\"url\":\"https:\/\/www.horomechanika.lt\/\",\"logo\":{\"@type\":\"ImageObject\",\"inLanguage\":\"ru-RU\",\"@id\":\"https:\/\/www.horomechanika.lt\/#\/schema\/logo\/image\/\",\"url\":\"https:\/\/www.horomechanika.lt\/wp-content\/uploads\/2020\/05\/horomechanika-logo.png\",\"contentUrl\":\"https:\/\/www.horomechanika.lt\/wp-content\/uploads\/2020\/05\/horomechanika-logo.png\",\"width\":137,\"height\":56,\"caption\":\"UAB \\\"Horo mechanika\\\"\"},\"image\":{\"@id\":\"https:\/\/www.horomechanika.lt\/#\/schema\/logo\/image\/\"},\"sameAs\":[\"https:\/\/www.facebook.com\/UAB-Horo-mechanika-177091812471952\"]}]}<\/script>\n<!-- \/ Yoast SEO plugin. -->","yoast_head_json":{"title":"MUL\u010cERIS MKL | Horomechanika","robots":{"index":"index","follow":"follow","max-snippet":"max-snippet:-1","max-image-preview":"max-image-preview:large","max-video-preview":"max-video-preview:-1"},"canonical":"https:\/\/www.horomechanika.lt\/ru\/product\/mulceris-mkl\/","og_locale":"ru_RU","og_type":"article","og_title":"MUL\u010cERIS MKL | Horomechanika","og_description":"\u0160ienapjov\u0117 MKL \u0160ienapjov\u0117 MKL skirta \u017eolei, kr\u016bmams ir pas\u0117li\u0173 liku\u010diams pjauti \u017eeldynuose, golfo aik\u0161tel\u0117se ir apleistose vietose. Jis tinka daugiausia ma\u017eesniems traktoriams ir darbui ne tokiomis intensyviomis s\u0105lygomis. D\u0117l savo kilnojamosios galvos (+ 90\u00ba \/ -65\u00ba) ji yra labai naudinga pjaunant med\u017eiag\u0105 pakrant\u0117se ir grioviuose bei visose kitose nelygose vietov\u0117se. Plaktukai yra rekomenduojami kaip darbiniai peiliai. Dvigubas spiralinis rotorius su 45\u00ba darbini\u0173 a\u0161men\u0173 paskirstymu reikalauja ma\u017eiau energijos, reikalinga ma\u017eesn\u0117 traktoriaus galia, ma\u017eesn\u0117 rotoriaus guoli\u0173 ir kit\u0173 komponent\u0173 apkrova ir jis veikia tolygiau.  &nbsp;       330\/5000                        Dvigubas spiralinis rotorius su 45\u00ba pasiskirstymu Pavar\u0173 d\u0117\u017e\u0117 540 aps.\/min. Su laisva rato sankaba \u012etempimo skriemulys 3 ta\u0161k\u0173 jungtis I ir II kat. Hidraulinis horizontalus ir vertikalus jud\u0117jimas + 90\u00ba \/ -65\u00ba Mechaninis horizontalus ir vertikalus transporto blokas Dir\u017eo skydo apsauga Gumos apsauga gale Slydimai Metaliniai atvartai Reguliuojamas galinis volelis Plaukiojantis Plaktukai  Papildoma \u012franga Y- ment\u0117s Daugiafunkcis pan\u010di\u0173 montuojamas plaktukas P. T. O. velenas INO vibracijos valdymas","og_url":"https:\/\/www.horomechanika.lt\/ru\/product\/mulceris-mkl\/","og_site_name":"Horomechanika","article_publisher":"https:\/\/www.facebook.com\/UAB-Horo-mechanika-177091812471952","article_modified_time":"2022-05-11T06:08:41+00:00","og_image":[{"width":1024,"height":965,"url":"https:\/\/www.horomechanika.lt\/wp-content\/uploads\/2020\/10\/MKL-3-1-1024x965.png","type":"image\/png"}],"twitter_card":"summary_large_image","schema":{"@context":"https:\/\/schema.org","@graph":[{"@type":"WebPage","@id":"https:\/\/www.horomechanika.lt\/ru\/product\/mulceris-mkl\/","url":"https:\/\/www.horomechanika.lt\/ru\/product\/mulceris-mkl\/","name":"MUL\u010cERIS MKL | Horomechanika","isPartOf":{"@id":"https:\/\/www.horomechanika.lt\/#website"},"datePublished":"2020-10-30T13:45:00+00:00","dateModified":"2022-05-11T06:08:41+00:00","breadcrumb":{"@id":"https:\/\/www.horomechanika.lt\/ru\/product\/mulceris-mkl\/#breadcrumb"},"inLanguage":"ru-RU","potentialAction":[{"@type":"ReadAction","target":["https:\/\/www.horomechanika.lt\/ru\/product\/mulceris-mkl\/"]}]},{"@type":"BreadcrumbList","@id":"https:\/\/www.horomechanika.lt\/ru\/product\/mulceris-mkl\/#breadcrumb","itemListElement":[{"@type":"ListItem","position":1,"name":"Home","item":"https:\/\/www.horomechanika.lt\/"},{"@type":"ListItem","position":2,"name":"Shop","item":"https:\/\/www.horomechanika.lt\/ru\/shop-2\/"},{"@type":"ListItem","position":3,"name":"MUL\u010cERIS MKL"}]},{"@type":"WebSite","@id":"https:\/\/www.horomechanika.lt\/#website","url":"https:\/\/www.horomechanika.lt\/","name":"Horomechanika","description":"\u017dem\u0117s \u016akio Technika","publisher":{"@id":"https:\/\/www.horomechanika.lt\/#organization"},"potentialAction":[{"@type":"SearchAction","target":{"@type":"EntryPoint","urlTemplate":"https:\/\/www.horomechanika.lt\/?s={search_term_string}"},"query-input":"required name=search_term_string"}],"inLanguage":"ru-RU"},{"@type":"Organization","@id":"https:\/\/www.horomechanika.lt\/#organization","name":"UAB \"Horo mechanika\"","url":"https:\/\/www.horomechanika.lt\/","logo":{"@type":"ImageObject","inLanguage":"ru-RU","@id":"https:\/\/www.horomechanika.lt\/#\/schema\/logo\/image\/","url":"https:\/\/www.horomechanika.lt\/wp-content\/uploads\/2020\/05\/horomechanika-logo.png","contentUrl":"https:\/\/www.horomechanika.lt\/wp-content\/uploads\/2020\/05\/horomechanika-logo.png","width":137,"height":56,"caption":"UAB \"Horo mechanika\""},"image":{"@id":"https:\/\/www.horomechanika.lt\/#\/schema\/logo\/image\/"},"sameAs":["https:\/\/www.facebook.com\/UAB-Horo-mechanika-177091812471952"]}]}},"_links":{"self":[{"href":"https:\/\/www.horomechanika.lt\/ru\/wp-json\/wp\/v2\/product\/11815","targetHints":{"allow":["GET"]}}],"collection":[{"href":"https:\/\/www.horomechanika.lt\/ru\/wp-json\/wp\/v2\/product"}],"about":[{"href":"https:\/\/www.horomechanika.lt\/ru\/wp-json\/wp\/v2\/types\/product"}],"replies":[{"embeddable":true,"href":"https:\/\/www.horomechanika.lt\/ru\/wp-json\/wp\/v2\/comments?post=11815"}],"wp:featuredmedia":[{"embeddable":true,"href":"https:\/\/www.horomechanika.lt\/ru\/wp-json\/wp\/v2\/media\/11826"}],"wp:attachment":[{"href":"https:\/\/www.horomechanika.lt\/ru\/wp-json\/wp\/v2\/media?parent=11815"}],"wp:term":[{"taxonomy":"product_cat","embeddable":true,"href":"https:\/\/www.horomechanika.lt\/ru\/wp-json\/wp\/v2\/product_cat?post=11815"},{"taxonomy":"product_tag","embeddable":true,"href":"https:\/\/www.horomechanika.lt\/ru\/wp-json\/wp\/v2\/product_tag?post=11815"}],"curies":[{"name":"wp","href":"https:\/\/api.w.org\/{rel}","templated":true}]}}