{"id":11836,"date":"2020-10-30T17:10:06","date_gmt":"2020-10-30T14:10:06","guid":{"rendered":"http:\/\/horomechanika.lt\/?post_type=product&#038;p=11836"},"modified":"2022-05-11T09:06:38","modified_gmt":"2022-05-11T06:06:38","slug":"mulceris-mkm","status":"publish","type":"product","link":"https:\/\/www.horomechanika.lt\/ru\/product\/mulceris-mkm\/","title":{"rendered":"MUL\u010cERIS MKM"},"content":{"rendered":"<table width=\"0\">\n<thead>\n<tr>\n<td width=\"54\"><strong>Modelis<\/strong><\/td>\n<td width=\"90\"><strong>KW\/HP<\/strong><\/td>\n<td width=\"69\"><strong>Min traktoriaus svoris<\/strong><\/td>\n<td width=\"51\"><strong>min cm<\/strong><\/td>\n<td width=\"99\"><strong>darbinis\/bendras plotis<\/strong><\/td>\n<td width=\"54\"><strong>RPM<\/strong><\/td>\n<td width=\"62\"><strong>Plaktukai<\/strong><\/td>\n<td width=\"51\"><strong>Svoris [kg]<\/strong><\/td>\n<td width=\"51\"><strong>cm<\/strong><\/td>\n<\/tr>\n<\/thead>\n<tbody>\n<tr>\n<td>130<\/td>\n<td>30-40\/40-55<\/td>\n<td>1800<\/td>\n<td>160<\/td>\n<td>132\/152<\/td>\n<td>540<\/td>\n<td>16<\/td>\n<td>546<\/td>\n<td>5<\/td>\n<\/tr>\n<tr>\n<td>160<\/td>\n<td>38-50\/50-70<\/td>\n<td>2200<\/td>\n<td>180<\/td>\n<td>162\/182<\/td>\n<td>540<\/td>\n<td>20<\/td>\n<td>587<\/td>\n<td>5<\/td>\n<\/tr>\n<tr>\n<td>190<\/td>\n<td>53-70\/70-95<\/td>\n<td>2400<\/td>\n<td>200<\/td>\n<td>192\/212<\/td>\n<td>540<\/td>\n<td>24<\/td>\n<td>684<\/td>\n<td>5<\/td>\n<\/tr>\n<tr>\n<td>225<\/td>\n<td>60-80\/80-110<\/td>\n<td>2600<\/td>\n<td>200<\/td>\n<td>227\/247<\/td>\n<td>540<\/td>\n<td>28<\/td>\n<td>765<\/td>\n<td>5<\/td>\n<\/tr>\n<tr>\n<td>245<\/td>\n<td>65-90\/90-120<\/td>\n<td>2800<\/td>\n<td>200<\/td>\n<td>242\/262<\/td>\n<td>540<\/td>\n<td>30<\/td>\n<td>890<\/td>\n<td>5<\/td>\n<\/tr>\n<\/tbody>\n<\/table>\n<p>&nbsp;<\/p>\n<p><iframe loading=\"lazy\" title=\"Model MKM\" src=\"https:\/\/player.vimeo.com\/video\/8738102?dnt=1&amp;app_id=122963\" width=\"640\" height=\"480\" frameborder=\"0\" allow=\"autoplay; fullscreen\" allowfullscreen><\/iframe><\/p>","protected":false},"excerpt":{"rendered":"<p>\u0160ienapjov\u0117 MKM skirta apaugusi\u0173 plot\u0173 prie keli\u0173 prie\u017ei\u016brai, soduose tarp med\u017ei\u0173 ir po med\u017ei\u0173 vir\u0161\u016bn\u0117mis bei \u017eem\u0117s \u016bkyje, siekiant mul\u010diuoti pas\u0117li\u0173 liku\u010dius ir kr\u016bmus. D\u0117l savo kilnojamosios galvos (+ 90\u00ba \/ -65\u00ba) ji yra labai naudinga pjaunant med\u017eiag\u0105 pakrant\u0117se ir grioviuose bei visose kitose nelygose vietov\u0117se. Jis skirtas intensyviam darbui. Labai naudinga MKM \u012franga yra mechaniko atsiskyrimas, siekiant i\u0161vengti ma\u0161inos pa\u017eeidim\u0173, kai susiduriama su kli\u016btimis. Didesn\u0117ms teritorijoms mes rekomenduojame MKM \u0161ienapjov\u0119 kartu su traktoriaus priekyje esan\u010dia \u0161ienapjove PROFI 300 arba EURO 280. \u0160iuo deriniu vienu va\u017eiavimu galima pasiekti 5 m darbin\u012f plot\u012f. Energi\u0161kai efektyvus dvigubas spiralinis rotorius suma\u017eina energijos suvartojim\u0105, u\u017etikrina vienod\u0105 veikim\u0105 ir u\u017etikrina ilgesn\u012f komponent\u0173 tarnavim\u0105.<\/p>\n<p>Standartin\u0117 \u012franga<br \/>\nDvigubas spiralinis rotorius su 45 \u00b0 darbini\u0173 a\u0161men\u0173 paskirstymu<br \/>\nSaugus mechaniko atsiskyrimas<br \/>\nPavar\u0173 d\u0117\u017e\u0117 540 su laisva rato sankaba<br \/>\n3 ta\u0161k\u0173 jungtis II kat.<br \/>\nHidraulinis horizontalus ir vertikalus jud\u0117jimas + 90\u00ba \/ -65<br \/>\nHidraulinis horizontalus ir vertikalus automatinis blokatas<br \/>\nDvigubas k\u0117limo mechanizmas<br \/>\nTvirtas sujungimas<br \/>\nDir\u017eo skydo apsauga<br \/>\nKei\u010diami \u0161oniniai slydimai<br \/>\nApsauginiai metaliniai atvartai<br \/>\nReguliuojamas galinis atraminis volelis<br \/>\nPlaukiojantis<br \/>\nKaltiniai ir sukietinti novatori\u0161ki INO plaktukai<\/p>\n<p>&nbsp;<\/p>\n<p>Papildoma \u012franga<br \/>\nY- ment\u0117s<br \/>\nU\u017edara dvigubo guolio sistema ant galinio ritin\u0117lio<br \/>\nDviguba oda kei\u010diama<br \/>\nP. T. O. velenas<br \/>\n\u201eINO Vibration Control Opti\u201c (vibracijos kontrol\u0117s sistema internete)<\/p>","protected":false},"featured_media":11835,"comment_status":"open","ping_status":"closed","template":"","meta":[],"product_cat":[150,151,152,167],"product_tag":[],"class_list":["post-11836","product","type-product","status-publish","has-post-thumbnail","hentry","product_cat-mulceriai","product_cat-slaitiniai-mulceriai","product_cat-sodiniai-mulceriai","product_cat-gyvatvoriu-krumynu-prieziuros-technika"],"yoast_head":"<!-- This site is optimized with the Yoast SEO plugin v20.1 - https:\/\/yoast.com\/wordpress\/plugins\/seo\/ -->\n<title>MUL\u010cERIS MKM | Horomechanika<\/title>\n<meta name=\"robots\" content=\"index, follow, max-snippet:-1, max-image-preview:large, max-video-preview:-1\" \/>\n<link rel=\"canonical\" href=\"https:\/\/www.horomechanika.lt\/ru\/product\/mulceris-mkm\/\" \/>\n<meta property=\"og:locale\" content=\"ru_RU\" \/>\n<meta property=\"og:type\" content=\"article\" \/>\n<meta property=\"og:title\" content=\"MUL\u010cERIS MKM | Horomechanika\" \/>\n<meta property=\"og:description\" content=\"\u0160ienapjov\u0117 MKM skirta apaugusi\u0173 plot\u0173 prie keli\u0173 prie\u017ei\u016brai, soduose tarp med\u017ei\u0173 ir po med\u017ei\u0173 vir\u0161\u016bn\u0117mis bei \u017eem\u0117s \u016bkyje, siekiant mul\u010diuoti pas\u0117li\u0173 liku\u010dius ir kr\u016bmus. D\u0117l savo kilnojamosios galvos (+ 90\u00ba \/ -65\u00ba) ji yra labai naudinga pjaunant med\u017eiag\u0105 pakrant\u0117se ir grioviuose bei visose kitose nelygose vietov\u0117se. Jis skirtas intensyviam darbui. Labai naudinga MKM \u012franga yra mechaniko atsiskyrimas, siekiant i\u0161vengti ma\u0161inos pa\u017eeidim\u0173, kai susiduriama su kli\u016btimis. Didesn\u0117ms teritorijoms mes rekomenduojame MKM \u0161ienapjov\u0119 kartu su traktoriaus priekyje esan\u010dia \u0161ienapjove PROFI 300 arba EURO 280. \u0160iuo deriniu vienu va\u017eiavimu galima pasiekti 5 m darbin\u012f plot\u012f. Energi\u0161kai efektyvus dvigubas spiralinis rotorius suma\u017eina energijos suvartojim\u0105, u\u017etikrina vienod\u0105 veikim\u0105 ir u\u017etikrina ilgesn\u012f komponent\u0173 tarnavim\u0105.  Standartin\u0117 \u012franga Dvigubas spiralinis rotorius su 45 \u00b0 darbini\u0173 a\u0161men\u0173 paskirstymu Saugus mechaniko atsiskyrimas Pavar\u0173 d\u0117\u017e\u0117 540 su laisva rato sankaba 3 ta\u0161k\u0173 jungtis II kat. Hidraulinis horizontalus ir vertikalus jud\u0117jimas + 90\u00ba \/ -65 Hidraulinis horizontalus ir vertikalus automatinis blokatas Dvigubas k\u0117limo mechanizmas Tvirtas sujungimas Dir\u017eo skydo apsauga Kei\u010diami \u0161oniniai slydimai Apsauginiai metaliniai atvartai Reguliuojamas galinis atraminis volelis Plaukiojantis Kaltiniai ir sukietinti novatori\u0161ki INO plaktukai  &nbsp;  Papildoma \u012franga Y- ment\u0117s U\u017edara dvigubo guolio sistema ant galinio ritin\u0117lio Dviguba oda kei\u010diama P. T. O. velenas \u201eINO Vibration Control Opti\u201c (vibracijos kontrol\u0117s sistema internete)\" \/>\n<meta property=\"og:url\" content=\"https:\/\/www.horomechanika.lt\/ru\/product\/mulceris-mkm\/\" \/>\n<meta property=\"og:site_name\" content=\"Horomechanika\" \/>\n<meta property=\"article:publisher\" content=\"https:\/\/www.facebook.com\/UAB-Horo-mechanika-177091812471952\" \/>\n<meta property=\"article:modified_time\" content=\"2022-05-11T06:06:38+00:00\" \/>\n<meta property=\"og:image\" content=\"https:\/\/www.horomechanika.lt\/wp-content\/uploads\/2020\/10\/MKL-2-1-1024x880.png\" \/>\n\t<meta property=\"og:image:width\" content=\"1024\" \/>\n\t<meta property=\"og:image:height\" content=\"880\" \/>\n\t<meta property=\"og:image:type\" content=\"image\/png\" \/>\n<meta name=\"twitter:card\" content=\"summary_large_image\" \/>\n<script type=\"application\/ld+json\" class=\"yoast-schema-graph\">{\"@context\":\"https:\/\/schema.org\",\"@graph\":[{\"@type\":\"WebPage\",\"@id\":\"https:\/\/www.horomechanika.lt\/ru\/product\/mulceris-mkm\/\",\"url\":\"https:\/\/www.horomechanika.lt\/ru\/product\/mulceris-mkm\/\",\"name\":\"MUL\u010cERIS MKM | Horomechanika\",\"isPartOf\":{\"@id\":\"https:\/\/www.horomechanika.lt\/#website\"},\"datePublished\":\"2020-10-30T14:10:06+00:00\",\"dateModified\":\"2022-05-11T06:06:38+00:00\",\"breadcrumb\":{\"@id\":\"https:\/\/www.horomechanika.lt\/ru\/product\/mulceris-mkm\/#breadcrumb\"},\"inLanguage\":\"ru-RU\",\"potentialAction\":[{\"@type\":\"ReadAction\",\"target\":[\"https:\/\/www.horomechanika.lt\/ru\/product\/mulceris-mkm\/\"]}]},{\"@type\":\"BreadcrumbList\",\"@id\":\"https:\/\/www.horomechanika.lt\/ru\/product\/mulceris-mkm\/#breadcrumb\",\"itemListElement\":[{\"@type\":\"ListItem\",\"position\":1,\"name\":\"Home\",\"item\":\"https:\/\/www.horomechanika.lt\/\"},{\"@type\":\"ListItem\",\"position\":2,\"name\":\"Shop\",\"item\":\"https:\/\/www.horomechanika.lt\/ru\/shop-2\/\"},{\"@type\":\"ListItem\",\"position\":3,\"name\":\"MUL\u010cERIS MKM\"}]},{\"@type\":\"WebSite\",\"@id\":\"https:\/\/www.horomechanika.lt\/#website\",\"url\":\"https:\/\/www.horomechanika.lt\/\",\"name\":\"Horomechanika\",\"description\":\"\u017dem\u0117s \u016akio Technika\",\"publisher\":{\"@id\":\"https:\/\/www.horomechanika.lt\/#organization\"},\"potentialAction\":[{\"@type\":\"SearchAction\",\"target\":{\"@type\":\"EntryPoint\",\"urlTemplate\":\"https:\/\/www.horomechanika.lt\/?s={search_term_string}\"},\"query-input\":\"required name=search_term_string\"}],\"inLanguage\":\"ru-RU\"},{\"@type\":\"Organization\",\"@id\":\"https:\/\/www.horomechanika.lt\/#organization\",\"name\":\"UAB \\\"Horo mechanika\\\"\",\"url\":\"https:\/\/www.horomechanika.lt\/\",\"logo\":{\"@type\":\"ImageObject\",\"inLanguage\":\"ru-RU\",\"@id\":\"https:\/\/www.horomechanika.lt\/#\/schema\/logo\/image\/\",\"url\":\"https:\/\/www.horomechanika.lt\/wp-content\/uploads\/2020\/05\/horomechanika-logo.png\",\"contentUrl\":\"https:\/\/www.horomechanika.lt\/wp-content\/uploads\/2020\/05\/horomechanika-logo.png\",\"width\":137,\"height\":56,\"caption\":\"UAB \\\"Horo mechanika\\\"\"},\"image\":{\"@id\":\"https:\/\/www.horomechanika.lt\/#\/schema\/logo\/image\/\"},\"sameAs\":[\"https:\/\/www.facebook.com\/UAB-Horo-mechanika-177091812471952\"]}]}<\/script>\n<!-- \/ Yoast SEO plugin. -->","yoast_head_json":{"title":"MUL\u010cERIS MKM | Horomechanika","robots":{"index":"index","follow":"follow","max-snippet":"max-snippet:-1","max-image-preview":"max-image-preview:large","max-video-preview":"max-video-preview:-1"},"canonical":"https:\/\/www.horomechanika.lt\/ru\/product\/mulceris-mkm\/","og_locale":"ru_RU","og_type":"article","og_title":"MUL\u010cERIS MKM | Horomechanika","og_description":"\u0160ienapjov\u0117 MKM skirta apaugusi\u0173 plot\u0173 prie keli\u0173 prie\u017ei\u016brai, soduose tarp med\u017ei\u0173 ir po med\u017ei\u0173 vir\u0161\u016bn\u0117mis bei \u017eem\u0117s \u016bkyje, siekiant mul\u010diuoti pas\u0117li\u0173 liku\u010dius ir kr\u016bmus. D\u0117l savo kilnojamosios galvos (+ 90\u00ba \/ -65\u00ba) ji yra labai naudinga pjaunant med\u017eiag\u0105 pakrant\u0117se ir grioviuose bei visose kitose nelygose vietov\u0117se. Jis skirtas intensyviam darbui. Labai naudinga MKM \u012franga yra mechaniko atsiskyrimas, siekiant i\u0161vengti ma\u0161inos pa\u017eeidim\u0173, kai susiduriama su kli\u016btimis. Didesn\u0117ms teritorijoms mes rekomenduojame MKM \u0161ienapjov\u0119 kartu su traktoriaus priekyje esan\u010dia \u0161ienapjove PROFI 300 arba EURO 280. \u0160iuo deriniu vienu va\u017eiavimu galima pasiekti 5 m darbin\u012f plot\u012f. Energi\u0161kai efektyvus dvigubas spiralinis rotorius suma\u017eina energijos suvartojim\u0105, u\u017etikrina vienod\u0105 veikim\u0105 ir u\u017etikrina ilgesn\u012f komponent\u0173 tarnavim\u0105.  Standartin\u0117 \u012franga Dvigubas spiralinis rotorius su 45 \u00b0 darbini\u0173 a\u0161men\u0173 paskirstymu Saugus mechaniko atsiskyrimas Pavar\u0173 d\u0117\u017e\u0117 540 su laisva rato sankaba 3 ta\u0161k\u0173 jungtis II kat. Hidraulinis horizontalus ir vertikalus jud\u0117jimas + 90\u00ba \/ -65 Hidraulinis horizontalus ir vertikalus automatinis blokatas Dvigubas k\u0117limo mechanizmas Tvirtas sujungimas Dir\u017eo skydo apsauga Kei\u010diami \u0161oniniai slydimai Apsauginiai metaliniai atvartai Reguliuojamas galinis atraminis volelis Plaukiojantis Kaltiniai ir sukietinti novatori\u0161ki INO plaktukai  &nbsp;  Papildoma \u012franga Y- ment\u0117s U\u017edara dvigubo guolio sistema ant galinio ritin\u0117lio Dviguba oda kei\u010diama P. T. O. velenas \u201eINO Vibration Control Opti\u201c (vibracijos kontrol\u0117s sistema internete)","og_url":"https:\/\/www.horomechanika.lt\/ru\/product\/mulceris-mkm\/","og_site_name":"Horomechanika","article_publisher":"https:\/\/www.facebook.com\/UAB-Horo-mechanika-177091812471952","article_modified_time":"2022-05-11T06:06:38+00:00","og_image":[{"width":1024,"height":880,"url":"https:\/\/www.horomechanika.lt\/wp-content\/uploads\/2020\/10\/MKL-2-1-1024x880.png","type":"image\/png"}],"twitter_card":"summary_large_image","schema":{"@context":"https:\/\/schema.org","@graph":[{"@type":"WebPage","@id":"https:\/\/www.horomechanika.lt\/ru\/product\/mulceris-mkm\/","url":"https:\/\/www.horomechanika.lt\/ru\/product\/mulceris-mkm\/","name":"MUL\u010cERIS MKM | Horomechanika","isPartOf":{"@id":"https:\/\/www.horomechanika.lt\/#website"},"datePublished":"2020-10-30T14:10:06+00:00","dateModified":"2022-05-11T06:06:38+00:00","breadcrumb":{"@id":"https:\/\/www.horomechanika.lt\/ru\/product\/mulceris-mkm\/#breadcrumb"},"inLanguage":"ru-RU","potentialAction":[{"@type":"ReadAction","target":["https:\/\/www.horomechanika.lt\/ru\/product\/mulceris-mkm\/"]}]},{"@type":"BreadcrumbList","@id":"https:\/\/www.horomechanika.lt\/ru\/product\/mulceris-mkm\/#breadcrumb","itemListElement":[{"@type":"ListItem","position":1,"name":"Home","item":"https:\/\/www.horomechanika.lt\/"},{"@type":"ListItem","position":2,"name":"Shop","item":"https:\/\/www.horomechanika.lt\/ru\/shop-2\/"},{"@type":"ListItem","position":3,"name":"MUL\u010cERIS MKM"}]},{"@type":"WebSite","@id":"https:\/\/www.horomechanika.lt\/#website","url":"https:\/\/www.horomechanika.lt\/","name":"Horomechanika","description":"\u017dem\u0117s \u016akio Technika","publisher":{"@id":"https:\/\/www.horomechanika.lt\/#organization"},"potentialAction":[{"@type":"SearchAction","target":{"@type":"EntryPoint","urlTemplate":"https:\/\/www.horomechanika.lt\/?s={search_term_string}"},"query-input":"required name=search_term_string"}],"inLanguage":"ru-RU"},{"@type":"Organization","@id":"https:\/\/www.horomechanika.lt\/#organization","name":"UAB \"Horo mechanika\"","url":"https:\/\/www.horomechanika.lt\/","logo":{"@type":"ImageObject","inLanguage":"ru-RU","@id":"https:\/\/www.horomechanika.lt\/#\/schema\/logo\/image\/","url":"https:\/\/www.horomechanika.lt\/wp-content\/uploads\/2020\/05\/horomechanika-logo.png","contentUrl":"https:\/\/www.horomechanika.lt\/wp-content\/uploads\/2020\/05\/horomechanika-logo.png","width":137,"height":56,"caption":"UAB \"Horo mechanika\""},"image":{"@id":"https:\/\/www.horomechanika.lt\/#\/schema\/logo\/image\/"},"sameAs":["https:\/\/www.facebook.com\/UAB-Horo-mechanika-177091812471952"]}]}},"_links":{"self":[{"href":"https:\/\/www.horomechanika.lt\/ru\/wp-json\/wp\/v2\/product\/11836","targetHints":{"allow":["GET"]}}],"collection":[{"href":"https:\/\/www.horomechanika.lt\/ru\/wp-json\/wp\/v2\/product"}],"about":[{"href":"https:\/\/www.horomechanika.lt\/ru\/wp-json\/wp\/v2\/types\/product"}],"replies":[{"embeddable":true,"href":"https:\/\/www.horomechanika.lt\/ru\/wp-json\/wp\/v2\/comments?post=11836"}],"wp:featuredmedia":[{"embeddable":true,"href":"https:\/\/www.horomechanika.lt\/ru\/wp-json\/wp\/v2\/media\/11835"}],"wp:attachment":[{"href":"https:\/\/www.horomechanika.lt\/ru\/wp-json\/wp\/v2\/media?parent=11836"}],"wp:term":[{"taxonomy":"product_cat","embeddable":true,"href":"https:\/\/www.horomechanika.lt\/ru\/wp-json\/wp\/v2\/product_cat?post=11836"},{"taxonomy":"product_tag","embeddable":true,"href":"https:\/\/www.horomechanika.lt\/ru\/wp-json\/wp\/v2\/product_tag?post=11836"}],"curies":[{"name":"wp","href":"https:\/\/api.w.org\/{rel}","templated":true}]}}