{"id":11852,"date":"2020-11-06T11:49:28","date_gmt":"2020-11-06T08:49:28","guid":{"rendered":"http:\/\/horomechanika.lt\/?post_type=product&#038;p=11852"},"modified":"2022-12-23T12:31:03","modified_gmt":"2022-12-23T09:31:03","slug":"vejapjove-rms","status":"publish","type":"product","link":"https:\/\/www.horomechanika.lt\/ru\/product\/vejapjove-rms\/","title":{"rendered":"VEJAPJOV\u0116  RMS"},"content":{"rendered":"<table class=\"table\">\n<thead>\n<tr>\n<th><span class=\"icon\"><small>Modelis<\/small><\/span><\/th>\n<th><span class=\"icon\"><img decoding=\"async\" src=\"https:\/\/www.inobrezice.com\/img\/icons\/icon-power.png\" alt=\"KW\/HP\" \/><small>KW\/HP<\/small><\/span><\/th>\n<th><span class=\"icon\"><img decoding=\"async\" src=\"https:\/\/www.inobrezice.com\/img\/icons\/icon-working-total-width.png\" alt=\"working\/total width\" \/><small>darbinis\/bendras plotis<\/small><\/span><\/th>\n<th><span class=\"icon\"><img decoding=\"async\" src=\"https:\/\/www.inobrezice.com\/img\/icons\/icon-rotate.png\" alt=\"RPM\" \/><small>Rpm<\/small><\/span><\/th>\n<th><span class=\"icon\"><img decoding=\"async\" src=\"https:\/\/www.inobrezice.com\/img\/icons\/icon-blade.png\" alt=\"Y-Blade\" \/><small>Y a\u0161menys<\/small><\/span><\/th>\n<th><span class=\"icon\"><img decoding=\"async\" src=\"https:\/\/www.inobrezice.com\/img\/icons\/icon-weight.png\" alt=\"Weight [kg]\" \/><small>Svoris [kg]<\/small><\/span><\/th>\n<\/tr>\n<\/thead>\n<tbody>\n<tr>\n<td>RS 120<\/td>\n<td>10-17\/14-23<\/td>\n<td>120\/125<\/td>\n<td>540<\/td>\n<td>3<\/td>\n<td>180<\/td>\n<\/tr>\n<tr>\n<td>1500<\/td>\n<td>17-24\/23-32<\/td>\n<td>150\/155<\/td>\n<td>540<\/td>\n<td>3<\/td>\n<td>210<\/td>\n<\/tr>\n<tr>\n<td>1800<\/td>\n<td>24-30\/32-40<\/td>\n<td>180\/185<\/td>\n<td>540<\/td>\n<td>3<\/td>\n<td>235<\/td>\n<\/tr>\n<tr>\n<td>RMI 235 (netoli 235)<\/td>\n<td>34-45\/45-60<\/td>\n<td>235\/240<\/td>\n<td>540<\/td>\n<td>5<\/td>\n<td>293<\/td>\n<\/tr>\n<\/tbody>\n<\/table>\n<p><iframe loading=\"lazy\" title=\"Model RMS\" src=\"https:\/\/player.vimeo.com\/video\/9067272?dnt=1&amp;app_id=122963\" width=\"320\" height=\"240\" frameborder=\"0\" allow=\"autoplay; fullscreen\" allowfullscreen><\/iframe><\/p>","protected":false},"excerpt":{"rendered":"<h1>Rotacin\u0117 vejapjov\u0117 RMS<\/h1>\n<div class=\"row\">\n<div class=\"col-md-8\">\n<div class=\"content\">RMS apdailos vejapjov\u0117 idealiai tinka vejos ir vel\u0117nos prie\u017ei\u016brai, sodams ir vynuogynams, sporto parkams ir pana\u0161iems darbams.<\/div>\n<\/div>\n<div>\n<h2>Standartin\u0117 \u012franga<\/h2>\n<div class=\"text\">\n<ul>\n<li>Galin\u0117 i\u0161krova<\/li>\n<li>Pavar\u0173 d\u0117\u017e\u0117 540 aps.\/min.<\/li>\n<li>Reguliuojami ratai<\/li>\n<li>3 ta\u0161k\u0173 ry\u0161ys a\u0161 kat\u0117.<\/li>\n<li>Plaukiojantieji<\/li>\n<li>Tinka reversiams traktoriams<\/li>\n<li>Susiejimo pl\u0117tiniai<\/li>\n<\/ul>\n<h2>Papildoma \u012franga<\/h2>\n<div class=\"text\">\n<ul>\n<li>Hidromotorinis diskas<\/li>\n<li>Priekinis montavimas<\/li>\n<li>Atraminiai volai vietoj rat\u0173<\/li>\n<li>Pavar\u0173 d\u0117\u017e\u0117 1000 aps.\/min.<\/li>\n<li>P. T. O. Velenas<\/li>\n<li>INO Vibracijos valdymas<\/li>\n<\/ul>\n<\/div>\n<\/div>\n<\/div>\n<\/div>","protected":false},"featured_media":11853,"comment_status":"open","ping_status":"closed","template":"","meta":[],"product_cat":[143,150,152,167],"product_tag":[],"class_list":["post-11852","product","type-product","status-publish","has-post-thumbnail","hentry","product_cat-sienapjoves","product_cat-mulceriai","product_cat-sodiniai-mulceriai","product_cat-gyvatvoriu-krumynu-prieziuros-technika"],"yoast_head":"<!-- This site is optimized with the Yoast SEO plugin v20.1 - https:\/\/yoast.com\/wordpress\/plugins\/seo\/ -->\n<title>VEJAPJOV\u0116 RMS | Horomechanika<\/title>\n<meta name=\"robots\" content=\"index, follow, max-snippet:-1, max-image-preview:large, max-video-preview:-1\" \/>\n<link rel=\"canonical\" href=\"https:\/\/www.horomechanika.lt\/ru\/product\/vejapjove-rms\/\" \/>\n<meta property=\"og:locale\" content=\"ru_RU\" \/>\n<meta property=\"og:type\" content=\"article\" \/>\n<meta property=\"og:title\" content=\"VEJAPJOV\u0116 RMS | Horomechanika\" \/>\n<meta property=\"og:description\" content=\"Rotacin\u0117 vejapjov\u0117 RMS   RMS apdailos vejapjov\u0117 idealiai tinka vejos ir vel\u0117nos prie\u017ei\u016brai, sodams ir vynuogynams, sporto parkams ir pana\u0161iems darbams.   Standartin\u0117 \u012franga    Galin\u0117 i\u0161krova  Pavar\u0173 d\u0117\u017e\u0117 540 aps.\/min.  Reguliuojami ratai  3 ta\u0161k\u0173 ry\u0161ys a\u0161 kat\u0117.  Plaukiojantieji  Tinka reversiams traktoriams  Susiejimo pl\u0117tiniai  Papildoma \u012franga    Hidromotorinis diskas  Priekinis montavimas  Atraminiai volai vietoj rat\u0173  Pavar\u0173 d\u0117\u017e\u0117 1000 aps.\/min.  P. T. O. Velenas  INO Vibracijos valdymas\" \/>\n<meta property=\"og:url\" content=\"https:\/\/www.horomechanika.lt\/ru\/product\/vejapjove-rms\/\" \/>\n<meta property=\"og:site_name\" content=\"Horomechanika\" \/>\n<meta property=\"article:publisher\" content=\"https:\/\/www.facebook.com\/UAB-Horo-mechanika-177091812471952\" \/>\n<meta property=\"article:modified_time\" content=\"2022-12-23T09:31:03+00:00\" \/>\n<meta property=\"og:image\" content=\"https:\/\/www.horomechanika.lt\/wp-content\/uploads\/2020\/11\/IMG_2702-1024x813.png\" \/>\n\t<meta property=\"og:image:width\" content=\"1024\" \/>\n\t<meta property=\"og:image:height\" content=\"813\" \/>\n\t<meta property=\"og:image:type\" content=\"image\/png\" \/>\n<meta name=\"twitter:card\" content=\"summary_large_image\" \/>\n<script type=\"application\/ld+json\" class=\"yoast-schema-graph\">{\"@context\":\"https:\/\/schema.org\",\"@graph\":[{\"@type\":\"WebPage\",\"@id\":\"https:\/\/www.horomechanika.lt\/product\/vejapjove-rms\/\",\"url\":\"https:\/\/www.horomechanika.lt\/product\/vejapjove-rms\/\",\"name\":\"VEJAPJOV\u0116 RMS | Horomechanika\",\"isPartOf\":{\"@id\":\"https:\/\/www.horomechanika.lt\/#website\"},\"datePublished\":\"2020-11-06T08:49:28+00:00\",\"dateModified\":\"2022-12-23T09:31:03+00:00\",\"breadcrumb\":{\"@id\":\"https:\/\/www.horomechanika.lt\/product\/vejapjove-rms\/#breadcrumb\"},\"inLanguage\":\"ru-RU\",\"potentialAction\":[{\"@type\":\"ReadAction\",\"target\":[\"https:\/\/www.horomechanika.lt\/product\/vejapjove-rms\/\"]}]},{\"@type\":\"BreadcrumbList\",\"@id\":\"https:\/\/www.horomechanika.lt\/product\/vejapjove-rms\/#breadcrumb\",\"itemListElement\":[{\"@type\":\"ListItem\",\"position\":1,\"name\":\"Home\",\"item\":\"https:\/\/www.horomechanika.lt\/\"},{\"@type\":\"ListItem\",\"position\":2,\"name\":\"Shop\",\"item\":\"https:\/\/www.horomechanika.lt\/ru\/shop-2\/\"},{\"@type\":\"ListItem\",\"position\":3,\"name\":\"VEJAPJOV\u0116 RMS\"}]},{\"@type\":\"WebSite\",\"@id\":\"https:\/\/www.horomechanika.lt\/#website\",\"url\":\"https:\/\/www.horomechanika.lt\/\",\"name\":\"Horomechanika\",\"description\":\"\u017dem\u0117s \u016akio Technika\",\"publisher\":{\"@id\":\"https:\/\/www.horomechanika.lt\/#organization\"},\"potentialAction\":[{\"@type\":\"SearchAction\",\"target\":{\"@type\":\"EntryPoint\",\"urlTemplate\":\"https:\/\/www.horomechanika.lt\/?s={search_term_string}\"},\"query-input\":\"required name=search_term_string\"}],\"inLanguage\":\"ru-RU\"},{\"@type\":\"Organization\",\"@id\":\"https:\/\/www.horomechanika.lt\/#organization\",\"name\":\"UAB \\\"Horo mechanika\\\"\",\"url\":\"https:\/\/www.horomechanika.lt\/\",\"logo\":{\"@type\":\"ImageObject\",\"inLanguage\":\"ru-RU\",\"@id\":\"https:\/\/www.horomechanika.lt\/#\/schema\/logo\/image\/\",\"url\":\"https:\/\/www.horomechanika.lt\/wp-content\/uploads\/2020\/05\/horomechanika-logo.png\",\"contentUrl\":\"https:\/\/www.horomechanika.lt\/wp-content\/uploads\/2020\/05\/horomechanika-logo.png\",\"width\":137,\"height\":56,\"caption\":\"UAB \\\"Horo mechanika\\\"\"},\"image\":{\"@id\":\"https:\/\/www.horomechanika.lt\/#\/schema\/logo\/image\/\"},\"sameAs\":[\"https:\/\/www.facebook.com\/UAB-Horo-mechanika-177091812471952\"]}]}<\/script>\n<!-- \/ Yoast SEO plugin. -->","yoast_head_json":{"title":"VEJAPJOV\u0116 RMS | Horomechanika","robots":{"index":"index","follow":"follow","max-snippet":"max-snippet:-1","max-image-preview":"max-image-preview:large","max-video-preview":"max-video-preview:-1"},"canonical":"https:\/\/www.horomechanika.lt\/ru\/product\/vejapjove-rms\/","og_locale":"ru_RU","og_type":"article","og_title":"VEJAPJOV\u0116 RMS | Horomechanika","og_description":"Rotacin\u0117 vejapjov\u0117 RMS   RMS apdailos vejapjov\u0117 idealiai tinka vejos ir vel\u0117nos prie\u017ei\u016brai, sodams ir vynuogynams, sporto parkams ir pana\u0161iems darbams.   Standartin\u0117 \u012franga    Galin\u0117 i\u0161krova  Pavar\u0173 d\u0117\u017e\u0117 540 aps.\/min.  Reguliuojami ratai  3 ta\u0161k\u0173 ry\u0161ys a\u0161 kat\u0117.  Plaukiojantieji  Tinka reversiams traktoriams  Susiejimo pl\u0117tiniai  Papildoma \u012franga    Hidromotorinis diskas  Priekinis montavimas  Atraminiai volai vietoj rat\u0173  Pavar\u0173 d\u0117\u017e\u0117 1000 aps.\/min.  P. T. O. Velenas  INO Vibracijos valdymas","og_url":"https:\/\/www.horomechanika.lt\/ru\/product\/vejapjove-rms\/","og_site_name":"Horomechanika","article_publisher":"https:\/\/www.facebook.com\/UAB-Horo-mechanika-177091812471952","article_modified_time":"2022-12-23T09:31:03+00:00","og_image":[{"width":1024,"height":813,"url":"https:\/\/www.horomechanika.lt\/wp-content\/uploads\/2020\/11\/IMG_2702-1024x813.png","type":"image\/png"}],"twitter_card":"summary_large_image","schema":{"@context":"https:\/\/schema.org","@graph":[{"@type":"WebPage","@id":"https:\/\/www.horomechanika.lt\/product\/vejapjove-rms\/","url":"https:\/\/www.horomechanika.lt\/product\/vejapjove-rms\/","name":"VEJAPJOV\u0116 RMS | Horomechanika","isPartOf":{"@id":"https:\/\/www.horomechanika.lt\/#website"},"datePublished":"2020-11-06T08:49:28+00:00","dateModified":"2022-12-23T09:31:03+00:00","breadcrumb":{"@id":"https:\/\/www.horomechanika.lt\/product\/vejapjove-rms\/#breadcrumb"},"inLanguage":"ru-RU","potentialAction":[{"@type":"ReadAction","target":["https:\/\/www.horomechanika.lt\/product\/vejapjove-rms\/"]}]},{"@type":"BreadcrumbList","@id":"https:\/\/www.horomechanika.lt\/product\/vejapjove-rms\/#breadcrumb","itemListElement":[{"@type":"ListItem","position":1,"name":"Home","item":"https:\/\/www.horomechanika.lt\/"},{"@type":"ListItem","position":2,"name":"Shop","item":"https:\/\/www.horomechanika.lt\/ru\/shop-2\/"},{"@type":"ListItem","position":3,"name":"VEJAPJOV\u0116 RMS"}]},{"@type":"WebSite","@id":"https:\/\/www.horomechanika.lt\/#website","url":"https:\/\/www.horomechanika.lt\/","name":"Horomechanika","description":"\u017dem\u0117s \u016akio Technika","publisher":{"@id":"https:\/\/www.horomechanika.lt\/#organization"},"potentialAction":[{"@type":"SearchAction","target":{"@type":"EntryPoint","urlTemplate":"https:\/\/www.horomechanika.lt\/?s={search_term_string}"},"query-input":"required name=search_term_string"}],"inLanguage":"ru-RU"},{"@type":"Organization","@id":"https:\/\/www.horomechanika.lt\/#organization","name":"UAB \"Horo mechanika\"","url":"https:\/\/www.horomechanika.lt\/","logo":{"@type":"ImageObject","inLanguage":"ru-RU","@id":"https:\/\/www.horomechanika.lt\/#\/schema\/logo\/image\/","url":"https:\/\/www.horomechanika.lt\/wp-content\/uploads\/2020\/05\/horomechanika-logo.png","contentUrl":"https:\/\/www.horomechanika.lt\/wp-content\/uploads\/2020\/05\/horomechanika-logo.png","width":137,"height":56,"caption":"UAB \"Horo mechanika\""},"image":{"@id":"https:\/\/www.horomechanika.lt\/#\/schema\/logo\/image\/"},"sameAs":["https:\/\/www.facebook.com\/UAB-Horo-mechanika-177091812471952"]}]}},"_links":{"self":[{"href":"https:\/\/www.horomechanika.lt\/ru\/wp-json\/wp\/v2\/product\/11852","targetHints":{"allow":["GET"]}}],"collection":[{"href":"https:\/\/www.horomechanika.lt\/ru\/wp-json\/wp\/v2\/product"}],"about":[{"href":"https:\/\/www.horomechanika.lt\/ru\/wp-json\/wp\/v2\/types\/product"}],"replies":[{"embeddable":true,"href":"https:\/\/www.horomechanika.lt\/ru\/wp-json\/wp\/v2\/comments?post=11852"}],"wp:featuredmedia":[{"embeddable":true,"href":"https:\/\/www.horomechanika.lt\/ru\/wp-json\/wp\/v2\/media\/11853"}],"wp:attachment":[{"href":"https:\/\/www.horomechanika.lt\/ru\/wp-json\/wp\/v2\/media?parent=11852"}],"wp:term":[{"taxonomy":"product_cat","embeddable":true,"href":"https:\/\/www.horomechanika.lt\/ru\/wp-json\/wp\/v2\/product_cat?post=11852"},{"taxonomy":"product_tag","embeddable":true,"href":"https:\/\/www.horomechanika.lt\/ru\/wp-json\/wp\/v2\/product_tag?post=11852"}],"curies":[{"name":"wp","href":"https:\/\/api.w.org\/{rel}","templated":true}]}}