{"id":11866,"date":"2020-11-06T12:15:53","date_gmt":"2020-11-06T09:15:53","guid":{"rendered":"http:\/\/horomechanika.lt\/?post_type=product&#038;p=11866"},"modified":"2022-12-23T12:31:54","modified_gmt":"2022-12-23T09:31:54","slug":"mulceris-su-bunkeriu-boxer","status":"publish","type":"product","link":"https:\/\/www.horomechanika.lt\/ru\/product\/mulceris-su-bunkeriu-boxer\/","title":{"rendered":"MUL\u010cERIS SU BUNKERIU BOXER"},"content":{"rendered":"<table class=\"table\">\n<thead>\n<tr>\n<th><span class=\"icon\"><small>Modelis<\/small><\/span><\/th>\n<th><span class=\"icon\"><img decoding=\"async\" src=\"https:\/\/www.inobrezice.com\/img\/icons\/icon-power.png\" alt=\"KW\/HP\" \/><small>KW\/HP<\/small><\/span><\/th>\n<th><span class=\"icon\"><img decoding=\"async\" src=\"https:\/\/www.inobrezice.com\/img\/icons\/icon-working-total-width.png\" alt=\"working\/total width\" \/><small>darbinis\/bendras plotis<\/small><\/span><\/th>\n<th><span class=\"icon\"><img decoding=\"async\" src=\"https:\/\/www.inobrezice.com\/img\/icons\/icon-rotate.png\" alt=\"RPM\" \/><small>Rpm<\/small><\/span><\/th>\n<th><span class=\"icon\"><img decoding=\"async\" src=\"https:\/\/www.inobrezice.com\/img\/icons\/icon-hammer.png\" alt=\"Hammer\" \/><small>Plaktukas<\/small><\/span><\/th>\n<th><span class=\"icon\"><small>Paj\u0117gum\u0173 krep\u0161iai<\/small><\/span><\/th>\n<th><span class=\"icon\"><img decoding=\"async\" src=\"https:\/\/www.inobrezice.com\/img\/icons\/icon-weight.png\" alt=\"Weight [kg]\" \/><small>Svoris [kg]<\/small><\/span><\/th>\n<th><span class=\"icon\"><img decoding=\"async\" src=\"https:\/\/www.inobrezice.com\/img\/icons\/icon-malcher-thickness.png\" alt=\"cm\" \/><small>Cm<\/small><\/span><\/th>\n<\/tr>\n<\/thead>\n<tbody>\n<tr>\n<td>130<\/td>\n<td>30-35\/40-50<\/td>\n<td>132\/152<\/td>\n<td>540<\/td>\n<td>16<\/td>\n<td>1152<\/td>\n<td>620<\/td>\n<td>5<\/td>\n<\/tr>\n<tr>\n<td>160<\/td>\n<td>34-45\/45-60<\/td>\n<td>162\/182<\/td>\n<td>540<\/td>\n<td>20<\/td>\n<td>1416<\/td>\n<td>735<\/td>\n<td>5<\/td>\n<\/tr>\n<tr>\n<td>190<\/td>\n<td>42-52\/55-70<\/td>\n<td>192\/212<\/td>\n<td>540<\/td>\n<td>24<\/td>\n<td>1681<\/td>\n<td>820<\/td>\n<td>5<\/td>\n<\/tr>\n<tr>\n<td>245<\/td>\n<td>60-75\/80-100<\/td>\n<td>242\/262<\/td>\n<td>540<\/td>\n<td>30<\/td>\n<td>2122<\/td>\n<td>970<\/td>\n<td>5<\/td>\n<\/tr>\n<\/tbody>\n<\/table>\n<p>&nbsp;<\/p>\n<p><iframe loading=\"lazy\" title=\"Grass and branch removal - flail mower BOXER\" width=\"895\" height=\"503\" src=\"https:\/\/www.youtube.com\/embed\/djfWAGxALzw?feature=oembed\" frameborder=\"0\" allow=\"accelerometer; autoplay; clipboard-write; encrypted-media; gyroscope; picture-in-picture\" allowfullscreen><\/iframe><\/p>","protected":false},"excerpt":{"rendered":"<h1>Mul\u010deris \u017eoliapjov\u0117 BOXER<\/h1>\n<div class=\"row\">\n<div class=\"col-md-8\">\n<div class=\"content\">Mul\u010deris \u017eoliapjov\u0117 BOXER gali b\u016bti naudojamas visose\u00a0 \u017ealios ir \u017eem\u0117s \u016bkio srityse pjovimo ir surinkimo \u017eol\u0117, \u0161ak\u0173, vynuogi\u0173 \u0161audyti ir kt. Jis taip pat skirtas arkli\u0173 ganykloms valyti.<br \/>\nJo konstrukcija yra standi, skirta intensyviam naudojimui ir smulkiam apdailai, pjauti med\u017eiag\u0105 iki 5 cm, tinka ma\u017eesniems traktoriams. Surinkimo bunkeris yra \u012frengta hidraulin\u0117 atvira sistema.<br \/>\nEnergij\u0105 taupantis dvigubas spiralinis rotorius suma\u017eina energijos suvartojim\u0105, u\u017etikrina vienod\u0105 na\u0161um\u0105 ir u\u017etikrina ilgesn\u012f komponent\u0173 veikim\u0105.<\/div>\n<div>\n<h2>Standartin\u0117 \u012franga<\/h2>\n<div class=\"text\">\n<ul>\n<li>Surinkimo bunkeris, hidraulin\u0117 dangtis<\/li>\n<li>Dvigubas spiralinis rotorius (iki 24% energijos taupymas)<\/li>\n<li>Laisvos eigos sankaba pavar\u0173 d\u0117\u017e\u0117je<\/li>\n<li>Kaltiniai ir gr\u016bdinti naujovi\u0161ki INO plaktukai<\/li>\n<li>3 ta\u0161k\u0173 jungtis CAT. I + II<\/li>\n<li>Metaliniai u\u017esparniai<\/li>\n<li>Reguliuojamo auk\u0161\u010dio atraminis volelas<\/li>\n<li>U\u017edara dvigubo guolio sistema<\/li>\n<li>Kei\u010diamos \u0161onin\u0117s pava\u017eos<\/li>\n<li>\u017dibintai<\/li>\n<li>Dir\u017eo apsauga su \u012ftempimo reguliavimu<\/li>\n<\/ul>\n<h2>Papildoma \u012franga<\/h2>\n<div class=\"text\">\n<ul>\n<li>Priekiniai dvigubi atraminiai ratai<\/li>\n<li><a href=\"https:\/\/www.inobrezice.com\/upload\/articles_gallery\/articles280aaeb2dbce0e6.png\" target=\"_blank\" rel=\"noopener noreferrer\" data-toggle=\"lightbox\">Priekini\u0173 \u0161ak\u0173 konvejeris<\/a><\/li>\n<li>Pilno bunkerio prane\u0161\u0117jas <a href=\"https:\/\/www.inobrezice.com\/eng\/smart-hopper-eng.html\">SMART HOOPER (semaforas + buzzer)<\/a><\/li>\n<li>P.T.O. velenas<\/li>\n<li>INO Vibracijos valdymas<\/li>\n<\/ul>\n<\/div>\n<\/div>\n<\/div>\n<\/div>\n<\/div>","protected":false},"featured_media":11884,"comment_status":"open","ping_status":"closed","template":"","meta":[],"product_cat":[150,152,167],"product_tag":[],"class_list":["post-11866","product","type-product","status-publish","has-post-thumbnail","hentry","product_cat-mulceriai","product_cat-sodiniai-mulceriai","product_cat-gyvatvoriu-krumynu-prieziuros-technika"],"yoast_head":"<!-- This site is optimized with the Yoast SEO plugin v20.1 - https:\/\/yoast.com\/wordpress\/plugins\/seo\/ -->\n<title>MUL\u010cERIS SU BUNKERIU BOXER | Horomechanika<\/title>\n<meta name=\"robots\" content=\"index, follow, max-snippet:-1, max-image-preview:large, max-video-preview:-1\" \/>\n<link rel=\"canonical\" href=\"https:\/\/www.horomechanika.lt\/ru\/product\/mulceris-su-bunkeriu-boxer\/\" \/>\n<meta property=\"og:locale\" content=\"ru_RU\" \/>\n<meta property=\"og:type\" content=\"article\" \/>\n<meta property=\"og:title\" content=\"MUL\u010cERIS SU BUNKERIU BOXER | Horomechanika\" \/>\n<meta property=\"og:description\" content=\"Mul\u010deris \u017eoliapjov\u0117 BOXER   Mul\u010deris \u017eoliapjov\u0117 BOXER gali b\u016bti naudojamas visose\u00a0 \u017ealios ir \u017eem\u0117s \u016bkio srityse pjovimo ir surinkimo \u017eol\u0117, \u0161ak\u0173, vynuogi\u0173 \u0161audyti ir kt. Jis taip pat skirtas arkli\u0173 ganykloms valyti. Jo konstrukcija yra standi, skirta intensyviam naudojimui ir smulkiam apdailai, pjauti med\u017eiag\u0105 iki 5 cm, tinka ma\u017eesniems traktoriams. Surinkimo bunkeris yra \u012frengta hidraulin\u0117 atvira sistema. Energij\u0105 taupantis dvigubas spiralinis rotorius suma\u017eina energijos suvartojim\u0105, u\u017etikrina vienod\u0105 na\u0161um\u0105 ir u\u017etikrina ilgesn\u012f komponent\u0173 veikim\u0105.  Standartin\u0117 \u012franga    Surinkimo bunkeris, hidraulin\u0117 dangtis  Dvigubas spiralinis rotorius (iki 24% energijos taupymas)  Laisvos eigos sankaba pavar\u0173 d\u0117\u017e\u0117je  Kaltiniai ir gr\u016bdinti naujovi\u0161ki INO plaktukai  3 ta\u0161k\u0173 jungtis CAT. I + II  Metaliniai u\u017esparniai  Reguliuojamo auk\u0161\u010dio atraminis volelas  U\u017edara dvigubo guolio sistema  Kei\u010diamos \u0161onin\u0117s pava\u017eos  \u017dibintai  Dir\u017eo apsauga su \u012ftempimo reguliavimu  Papildoma \u012franga    Priekiniai dvigubi atraminiai ratai  Priekini\u0173 \u0161ak\u0173 konvejeris  Pilno bunkerio prane\u0161\u0117jas SMART HOOPER (semaforas + buzzer)  P.T.O. velenas  INO Vibracijos valdymas\" \/>\n<meta property=\"og:url\" content=\"https:\/\/www.horomechanika.lt\/ru\/product\/mulceris-su-bunkeriu-boxer\/\" \/>\n<meta property=\"og:site_name\" content=\"Horomechanika\" \/>\n<meta property=\"article:publisher\" content=\"https:\/\/www.facebook.com\/UAB-Horo-mechanika-177091812471952\" \/>\n<meta property=\"article:modified_time\" content=\"2022-12-23T09:31:54+00:00\" \/>\n<meta property=\"og:image\" content=\"https:\/\/www.horomechanika.lt\/wp-content\/uploads\/2020\/11\/articles_logo7568e80c7b5fd19.jpg\" \/>\n\t<meta property=\"og:image:width\" content=\"621\" \/>\n\t<meta property=\"og:image:height\" content=\"466\" \/>\n\t<meta property=\"og:image:type\" content=\"image\/jpeg\" \/>\n<meta name=\"twitter:card\" content=\"summary_large_image\" \/>\n<script type=\"application\/ld+json\" class=\"yoast-schema-graph\">{\"@context\":\"https:\/\/schema.org\",\"@graph\":[{\"@type\":\"WebPage\",\"@id\":\"https:\/\/www.horomechanika.lt\/product\/mulceris-su-bunkeriu-boxer\/\",\"url\":\"https:\/\/www.horomechanika.lt\/product\/mulceris-su-bunkeriu-boxer\/\",\"name\":\"MUL\u010cERIS SU BUNKERIU BOXER | Horomechanika\",\"isPartOf\":{\"@id\":\"https:\/\/www.horomechanika.lt\/#website\"},\"datePublished\":\"2020-11-06T09:15:53+00:00\",\"dateModified\":\"2022-12-23T09:31:54+00:00\",\"breadcrumb\":{\"@id\":\"https:\/\/www.horomechanika.lt\/product\/mulceris-su-bunkeriu-boxer\/#breadcrumb\"},\"inLanguage\":\"ru-RU\",\"potentialAction\":[{\"@type\":\"ReadAction\",\"target\":[\"https:\/\/www.horomechanika.lt\/product\/mulceris-su-bunkeriu-boxer\/\"]}]},{\"@type\":\"BreadcrumbList\",\"@id\":\"https:\/\/www.horomechanika.lt\/product\/mulceris-su-bunkeriu-boxer\/#breadcrumb\",\"itemListElement\":[{\"@type\":\"ListItem\",\"position\":1,\"name\":\"Home\",\"item\":\"https:\/\/www.horomechanika.lt\/\"},{\"@type\":\"ListItem\",\"position\":2,\"name\":\"Shop\",\"item\":\"https:\/\/www.horomechanika.lt\/ru\/shop-2\/\"},{\"@type\":\"ListItem\",\"position\":3,\"name\":\"MUL\u010cERIS SU BUNKERIU BOXER\"}]},{\"@type\":\"WebSite\",\"@id\":\"https:\/\/www.horomechanika.lt\/#website\",\"url\":\"https:\/\/www.horomechanika.lt\/\",\"name\":\"Horomechanika\",\"description\":\"\u017dem\u0117s \u016akio Technika\",\"publisher\":{\"@id\":\"https:\/\/www.horomechanika.lt\/#organization\"},\"potentialAction\":[{\"@type\":\"SearchAction\",\"target\":{\"@type\":\"EntryPoint\",\"urlTemplate\":\"https:\/\/www.horomechanika.lt\/?s={search_term_string}\"},\"query-input\":\"required name=search_term_string\"}],\"inLanguage\":\"ru-RU\"},{\"@type\":\"Organization\",\"@id\":\"https:\/\/www.horomechanika.lt\/#organization\",\"name\":\"UAB \\\"Horo mechanika\\\"\",\"url\":\"https:\/\/www.horomechanika.lt\/\",\"logo\":{\"@type\":\"ImageObject\",\"inLanguage\":\"ru-RU\",\"@id\":\"https:\/\/www.horomechanika.lt\/#\/schema\/logo\/image\/\",\"url\":\"https:\/\/www.horomechanika.lt\/wp-content\/uploads\/2020\/05\/horomechanika-logo.png\",\"contentUrl\":\"https:\/\/www.horomechanika.lt\/wp-content\/uploads\/2020\/05\/horomechanika-logo.png\",\"width\":137,\"height\":56,\"caption\":\"UAB \\\"Horo mechanika\\\"\"},\"image\":{\"@id\":\"https:\/\/www.horomechanika.lt\/#\/schema\/logo\/image\/\"},\"sameAs\":[\"https:\/\/www.facebook.com\/UAB-Horo-mechanika-177091812471952\"]}]}<\/script>\n<!-- \/ Yoast SEO plugin. -->","yoast_head_json":{"title":"MUL\u010cERIS SU BUNKERIU BOXER | Horomechanika","robots":{"index":"index","follow":"follow","max-snippet":"max-snippet:-1","max-image-preview":"max-image-preview:large","max-video-preview":"max-video-preview:-1"},"canonical":"https:\/\/www.horomechanika.lt\/ru\/product\/mulceris-su-bunkeriu-boxer\/","og_locale":"ru_RU","og_type":"article","og_title":"MUL\u010cERIS SU BUNKERIU BOXER | Horomechanika","og_description":"Mul\u010deris \u017eoliapjov\u0117 BOXER   Mul\u010deris \u017eoliapjov\u0117 BOXER gali b\u016bti naudojamas visose\u00a0 \u017ealios ir \u017eem\u0117s \u016bkio srityse pjovimo ir surinkimo \u017eol\u0117, \u0161ak\u0173, vynuogi\u0173 \u0161audyti ir kt. Jis taip pat skirtas arkli\u0173 ganykloms valyti. Jo konstrukcija yra standi, skirta intensyviam naudojimui ir smulkiam apdailai, pjauti med\u017eiag\u0105 iki 5 cm, tinka ma\u017eesniems traktoriams. Surinkimo bunkeris yra \u012frengta hidraulin\u0117 atvira sistema. Energij\u0105 taupantis dvigubas spiralinis rotorius suma\u017eina energijos suvartojim\u0105, u\u017etikrina vienod\u0105 na\u0161um\u0105 ir u\u017etikrina ilgesn\u012f komponent\u0173 veikim\u0105.  Standartin\u0117 \u012franga    Surinkimo bunkeris, hidraulin\u0117 dangtis  Dvigubas spiralinis rotorius (iki 24% energijos taupymas)  Laisvos eigos sankaba pavar\u0173 d\u0117\u017e\u0117je  Kaltiniai ir gr\u016bdinti naujovi\u0161ki INO plaktukai  3 ta\u0161k\u0173 jungtis CAT. I + II  Metaliniai u\u017esparniai  Reguliuojamo auk\u0161\u010dio atraminis volelas  U\u017edara dvigubo guolio sistema  Kei\u010diamos \u0161onin\u0117s pava\u017eos  \u017dibintai  Dir\u017eo apsauga su \u012ftempimo reguliavimu  Papildoma \u012franga    Priekiniai dvigubi atraminiai ratai  Priekini\u0173 \u0161ak\u0173 konvejeris  Pilno bunkerio prane\u0161\u0117jas SMART HOOPER (semaforas + buzzer)  P.T.O. velenas  INO Vibracijos valdymas","og_url":"https:\/\/www.horomechanika.lt\/ru\/product\/mulceris-su-bunkeriu-boxer\/","og_site_name":"Horomechanika","article_publisher":"https:\/\/www.facebook.com\/UAB-Horo-mechanika-177091812471952","article_modified_time":"2022-12-23T09:31:54+00:00","og_image":[{"width":621,"height":466,"url":"https:\/\/www.horomechanika.lt\/wp-content\/uploads\/2020\/11\/articles_logo7568e80c7b5fd19.jpg","type":"image\/jpeg"}],"twitter_card":"summary_large_image","schema":{"@context":"https:\/\/schema.org","@graph":[{"@type":"WebPage","@id":"https:\/\/www.horomechanika.lt\/product\/mulceris-su-bunkeriu-boxer\/","url":"https:\/\/www.horomechanika.lt\/product\/mulceris-su-bunkeriu-boxer\/","name":"MUL\u010cERIS SU BUNKERIU BOXER | Horomechanika","isPartOf":{"@id":"https:\/\/www.horomechanika.lt\/#website"},"datePublished":"2020-11-06T09:15:53+00:00","dateModified":"2022-12-23T09:31:54+00:00","breadcrumb":{"@id":"https:\/\/www.horomechanika.lt\/product\/mulceris-su-bunkeriu-boxer\/#breadcrumb"},"inLanguage":"ru-RU","potentialAction":[{"@type":"ReadAction","target":["https:\/\/www.horomechanika.lt\/product\/mulceris-su-bunkeriu-boxer\/"]}]},{"@type":"BreadcrumbList","@id":"https:\/\/www.horomechanika.lt\/product\/mulceris-su-bunkeriu-boxer\/#breadcrumb","itemListElement":[{"@type":"ListItem","position":1,"name":"Home","item":"https:\/\/www.horomechanika.lt\/"},{"@type":"ListItem","position":2,"name":"Shop","item":"https:\/\/www.horomechanika.lt\/ru\/shop-2\/"},{"@type":"ListItem","position":3,"name":"MUL\u010cERIS SU BUNKERIU BOXER"}]},{"@type":"WebSite","@id":"https:\/\/www.horomechanika.lt\/#website","url":"https:\/\/www.horomechanika.lt\/","name":"Horomechanika","description":"\u017dem\u0117s \u016akio Technika","publisher":{"@id":"https:\/\/www.horomechanika.lt\/#organization"},"potentialAction":[{"@type":"SearchAction","target":{"@type":"EntryPoint","urlTemplate":"https:\/\/www.horomechanika.lt\/?s={search_term_string}"},"query-input":"required name=search_term_string"}],"inLanguage":"ru-RU"},{"@type":"Organization","@id":"https:\/\/www.horomechanika.lt\/#organization","name":"UAB \"Horo mechanika\"","url":"https:\/\/www.horomechanika.lt\/","logo":{"@type":"ImageObject","inLanguage":"ru-RU","@id":"https:\/\/www.horomechanika.lt\/#\/schema\/logo\/image\/","url":"https:\/\/www.horomechanika.lt\/wp-content\/uploads\/2020\/05\/horomechanika-logo.png","contentUrl":"https:\/\/www.horomechanika.lt\/wp-content\/uploads\/2020\/05\/horomechanika-logo.png","width":137,"height":56,"caption":"UAB \"Horo mechanika\""},"image":{"@id":"https:\/\/www.horomechanika.lt\/#\/schema\/logo\/image\/"},"sameAs":["https:\/\/www.facebook.com\/UAB-Horo-mechanika-177091812471952"]}]}},"_links":{"self":[{"href":"https:\/\/www.horomechanika.lt\/ru\/wp-json\/wp\/v2\/product\/11866","targetHints":{"allow":["GET"]}}],"collection":[{"href":"https:\/\/www.horomechanika.lt\/ru\/wp-json\/wp\/v2\/product"}],"about":[{"href":"https:\/\/www.horomechanika.lt\/ru\/wp-json\/wp\/v2\/types\/product"}],"replies":[{"embeddable":true,"href":"https:\/\/www.horomechanika.lt\/ru\/wp-json\/wp\/v2\/comments?post=11866"}],"wp:featuredmedia":[{"embeddable":true,"href":"https:\/\/www.horomechanika.lt\/ru\/wp-json\/wp\/v2\/media\/11884"}],"wp:attachment":[{"href":"https:\/\/www.horomechanika.lt\/ru\/wp-json\/wp\/v2\/media?parent=11866"}],"wp:term":[{"taxonomy":"product_cat","embeddable":true,"href":"https:\/\/www.horomechanika.lt\/ru\/wp-json\/wp\/v2\/product_cat?post=11866"},{"taxonomy":"product_tag","embeddable":true,"href":"https:\/\/www.horomechanika.lt\/ru\/wp-json\/wp\/v2\/product_tag?post=11866"}],"curies":[{"name":"wp","href":"https:\/\/api.w.org\/{rel}","templated":true}]}}