{"id":11927,"date":"2020-11-06T15:13:50","date_gmt":"2020-11-06T12:13:50","guid":{"rendered":"http:\/\/horomechanika.lt\/?post_type=product&#038;p=11927"},"modified":"2022-12-23T12:30:10","modified_gmt":"2022-12-23T09:30:10","slug":"mulceris-forst","status":"publish","type":"product","link":"https:\/\/www.horomechanika.lt\/ru\/product\/mulceris-forst\/","title":{"rendered":"MUL\u010cERIS FORST"},"content":{"rendered":"<table class=\"table\">\n<thead>\n<tr>\n<th><span class=\"icon\"><small>Modelis<\/small><\/span><\/th>\n<th><span class=\"icon\"><img decoding=\"async\" src=\"https:\/\/www.inobrezice.com\/img\/icons\/icon-power.png\" alt=\"KW\/HP\" \/><small>KW\/HP<\/small><\/span><\/th>\n<th><span class=\"icon\"><img decoding=\"async\" src=\"https:\/\/www.inobrezice.com\/img\/icons\/icon-working-total-width.png\" alt=\"working\/total width\" \/><small>darbinis\/bendras plotis<\/small><\/span><\/th>\n<th><span class=\"icon\"><img decoding=\"async\" src=\"https:\/\/www.inobrezice.com\/img\/icons\/icon-rotate.png\" alt=\"RPM\" \/><small>Rpm<\/small><\/span><\/th>\n<th><span class=\"icon\"><img decoding=\"async\" src=\"https:\/\/www.inobrezice.com\/img\/icons\/icon-hammer.png\" alt=\"Hammer\" \/><small>Plaktukas<\/small><\/span><\/th>\n<th><span class=\"icon\"><img decoding=\"async\" src=\"https:\/\/www.inobrezice.com\/img\/icons\/icon-weight.png\" alt=\"Weight [kg]\" \/><small>Svoris [kg]<\/small><\/span><\/th>\n<th><span class=\"icon\"><img decoding=\"async\" src=\"https:\/\/www.inobrezice.com\/img\/icons\/icon-malcher-thickness.png\" alt=\"cm\" \/><small>Cm<\/small><\/span><\/th>\n<\/tr>\n<\/thead>\n<tbody>\n<tr>\n<td>180<\/td>\n<td>65-90 \/ 90-120<\/td>\n<td>180\/212<\/td>\n<td>1000<\/td>\n<td>28<\/td>\n<td>1210<\/td>\n<td>25<\/td>\n<\/tr>\n<tr>\n<td>225<\/td>\n<td>90-110\/ 120-150<\/td>\n<td>223\/255<\/td>\n<td>1000<\/td>\n<td>36<\/td>\n<td>1410<\/td>\n<td>25<\/td>\n<\/tr>\n<\/tbody>\n<\/table>\n<p>&nbsp;<\/p>\n<p><iframe loading=\"lazy\" title=\"Flail mower INO Bre\u017eice FORST cleaning\" width=\"895\" height=\"503\" src=\"https:\/\/www.youtube.com\/embed\/icgyxHM8XNc?start=179&#038;feature=oembed\" frameborder=\"0\" allow=\"accelerometer; autoplay; clipboard-write; encrypted-media; gyroscope; picture-in-picture\" allowfullscreen><\/iframe><\/p>\n<p>&nbsp;<\/p>\n<p>&nbsp;<\/p>","protected":false},"excerpt":{"rendered":"<p>Mul\u010deris \u017eoliapjov\u0117s SS yra skirtas naudoti \u017eem\u0117s \u016bkyje smulkinimo \u0161iaud\u0173 kvie\u010di\u0173, mie\u017ei\u0173, sojos ir kanapi\u0173 stiebai. Kokybi\u0161kas smulkinimas pasiekiamas plok\u0161\u010diais peiliais ir atsvara, kurie glaud\u017eiai tinka vienas kitam. Deflektoriai r\u016bpinasi vienodu smulkinimo med\u017eiagos i\u0161leidimu.<br \/>\nMul\u010deris \u017eoliapjov\u0117s MS HEMP su invovative sistema mul\u010diavimas s\u0117kmingai supjaustyti taip pat kieta ilgas pluo\u0161tai.<br \/>\nSpecialiai sukurtas rotorius su dvigubu spiraliniu peili\u0173 paskirstymu apsaugo nuo\u00a0 kanapi\u0173 pluo\u0161t\u0173 apvyniojim\u0105 aplink j\u012f.<\/p>","protected":false},"featured_media":12400,"comment_status":"open","ping_status":"closed","template":"","meta":[],"product_cat":[150,167],"product_tag":[],"class_list":["post-11927","product","type-product","status-publish","has-post-thumbnail","hentry","product_cat-mulceriai","product_cat-gyvatvoriu-krumynu-prieziuros-technika"],"yoast_head":"<!-- This site is optimized with the Yoast SEO plugin v20.1 - https:\/\/yoast.com\/wordpress\/plugins\/seo\/ -->\n<title>MUL\u010cERIS FORST | Horomechanika<\/title>\n<meta name=\"robots\" content=\"index, follow, max-snippet:-1, max-image-preview:large, max-video-preview:-1\" \/>\n<link rel=\"canonical\" href=\"https:\/\/www.horomechanika.lt\/ru\/product\/mulceris-forst\/\" \/>\n<meta property=\"og:locale\" content=\"ru_RU\" \/>\n<meta property=\"og:type\" content=\"article\" \/>\n<meta property=\"og:title\" content=\"MUL\u010cERIS FORST | Horomechanika\" \/>\n<meta property=\"og:description\" content=\"Mul\u010deris \u017eoliapjov\u0117s SS yra skirtas naudoti \u017eem\u0117s \u016bkyje smulkinimo \u0161iaud\u0173 kvie\u010di\u0173, mie\u017ei\u0173, sojos ir kanapi\u0173 stiebai. Kokybi\u0161kas smulkinimas pasiekiamas plok\u0161\u010diais peiliais ir atsvara, kurie glaud\u017eiai tinka vienas kitam. Deflektoriai r\u016bpinasi vienodu smulkinimo med\u017eiagos i\u0161leidimu. Mul\u010deris \u017eoliapjov\u0117s MS HEMP su invovative sistema mul\u010diavimas s\u0117kmingai supjaustyti taip pat kieta ilgas pluo\u0161tai. Specialiai sukurtas rotorius su dvigubu spiraliniu peili\u0173 paskirstymu apsaugo nuo\u00a0 kanapi\u0173 pluo\u0161t\u0173 apvyniojim\u0105 aplink j\u012f.\" \/>\n<meta property=\"og:url\" content=\"https:\/\/www.horomechanika.lt\/ru\/product\/mulceris-forst\/\" \/>\n<meta property=\"og:site_name\" content=\"Horomechanika\" \/>\n<meta property=\"article:publisher\" content=\"https:\/\/www.facebook.com\/UAB-Horo-mechanika-177091812471952\" \/>\n<meta property=\"article:modified_time\" content=\"2022-12-23T09:30:10+00:00\" \/>\n<meta property=\"og:image\" content=\"https:\/\/www.horomechanika.lt\/wp-content\/uploads\/2020\/11\/FORST-obrezan-06-1-scaled.jpg\" \/>\n\t<meta property=\"og:image:width\" content=\"2560\" \/>\n\t<meta property=\"og:image:height\" content=\"2104\" \/>\n\t<meta property=\"og:image:type\" content=\"image\/jpeg\" \/>\n<meta name=\"twitter:card\" content=\"summary_large_image\" \/>\n<script type=\"application\/ld+json\" class=\"yoast-schema-graph\">{\"@context\":\"https:\/\/schema.org\",\"@graph\":[{\"@type\":\"WebPage\",\"@id\":\"https:\/\/www.horomechanika.lt\/product\/mulceris-forst\/\",\"url\":\"https:\/\/www.horomechanika.lt\/product\/mulceris-forst\/\",\"name\":\"MUL\u010cERIS FORST | Horomechanika\",\"isPartOf\":{\"@id\":\"https:\/\/www.horomechanika.lt\/#website\"},\"datePublished\":\"2020-11-06T12:13:50+00:00\",\"dateModified\":\"2022-12-23T09:30:10+00:00\",\"breadcrumb\":{\"@id\":\"https:\/\/www.horomechanika.lt\/product\/mulceris-forst\/#breadcrumb\"},\"inLanguage\":\"ru-RU\",\"potentialAction\":[{\"@type\":\"ReadAction\",\"target\":[\"https:\/\/www.horomechanika.lt\/product\/mulceris-forst\/\"]}]},{\"@type\":\"BreadcrumbList\",\"@id\":\"https:\/\/www.horomechanika.lt\/product\/mulceris-forst\/#breadcrumb\",\"itemListElement\":[{\"@type\":\"ListItem\",\"position\":1,\"name\":\"Home\",\"item\":\"https:\/\/www.horomechanika.lt\/\"},{\"@type\":\"ListItem\",\"position\":2,\"name\":\"Shop\",\"item\":\"https:\/\/www.horomechanika.lt\/ru\/shop-2\/\"},{\"@type\":\"ListItem\",\"position\":3,\"name\":\"MUL\u010cERIS FORST\"}]},{\"@type\":\"WebSite\",\"@id\":\"https:\/\/www.horomechanika.lt\/#website\",\"url\":\"https:\/\/www.horomechanika.lt\/\",\"name\":\"Horomechanika\",\"description\":\"\u017dem\u0117s \u016akio Technika\",\"publisher\":{\"@id\":\"https:\/\/www.horomechanika.lt\/#organization\"},\"potentialAction\":[{\"@type\":\"SearchAction\",\"target\":{\"@type\":\"EntryPoint\",\"urlTemplate\":\"https:\/\/www.horomechanika.lt\/?s={search_term_string}\"},\"query-input\":\"required name=search_term_string\"}],\"inLanguage\":\"ru-RU\"},{\"@type\":\"Organization\",\"@id\":\"https:\/\/www.horomechanika.lt\/#organization\",\"name\":\"UAB \\\"Horo mechanika\\\"\",\"url\":\"https:\/\/www.horomechanika.lt\/\",\"logo\":{\"@type\":\"ImageObject\",\"inLanguage\":\"ru-RU\",\"@id\":\"https:\/\/www.horomechanika.lt\/#\/schema\/logo\/image\/\",\"url\":\"https:\/\/www.horomechanika.lt\/wp-content\/uploads\/2020\/05\/horomechanika-logo.png\",\"contentUrl\":\"https:\/\/www.horomechanika.lt\/wp-content\/uploads\/2020\/05\/horomechanika-logo.png\",\"width\":137,\"height\":56,\"caption\":\"UAB \\\"Horo mechanika\\\"\"},\"image\":{\"@id\":\"https:\/\/www.horomechanika.lt\/#\/schema\/logo\/image\/\"},\"sameAs\":[\"https:\/\/www.facebook.com\/UAB-Horo-mechanika-177091812471952\"]}]}<\/script>\n<!-- \/ Yoast SEO plugin. -->","yoast_head_json":{"title":"MUL\u010cERIS FORST | Horomechanika","robots":{"index":"index","follow":"follow","max-snippet":"max-snippet:-1","max-image-preview":"max-image-preview:large","max-video-preview":"max-video-preview:-1"},"canonical":"https:\/\/www.horomechanika.lt\/ru\/product\/mulceris-forst\/","og_locale":"ru_RU","og_type":"article","og_title":"MUL\u010cERIS FORST | Horomechanika","og_description":"Mul\u010deris \u017eoliapjov\u0117s SS yra skirtas naudoti \u017eem\u0117s \u016bkyje smulkinimo \u0161iaud\u0173 kvie\u010di\u0173, mie\u017ei\u0173, sojos ir kanapi\u0173 stiebai. Kokybi\u0161kas smulkinimas pasiekiamas plok\u0161\u010diais peiliais ir atsvara, kurie glaud\u017eiai tinka vienas kitam. Deflektoriai r\u016bpinasi vienodu smulkinimo med\u017eiagos i\u0161leidimu. Mul\u010deris \u017eoliapjov\u0117s MS HEMP su invovative sistema mul\u010diavimas s\u0117kmingai supjaustyti taip pat kieta ilgas pluo\u0161tai. Specialiai sukurtas rotorius su dvigubu spiraliniu peili\u0173 paskirstymu apsaugo nuo\u00a0 kanapi\u0173 pluo\u0161t\u0173 apvyniojim\u0105 aplink j\u012f.","og_url":"https:\/\/www.horomechanika.lt\/ru\/product\/mulceris-forst\/","og_site_name":"Horomechanika","article_publisher":"https:\/\/www.facebook.com\/UAB-Horo-mechanika-177091812471952","article_modified_time":"2022-12-23T09:30:10+00:00","og_image":[{"width":2560,"height":2104,"url":"https:\/\/www.horomechanika.lt\/wp-content\/uploads\/2020\/11\/FORST-obrezan-06-1-scaled.jpg","type":"image\/jpeg"}],"twitter_card":"summary_large_image","schema":{"@context":"https:\/\/schema.org","@graph":[{"@type":"WebPage","@id":"https:\/\/www.horomechanika.lt\/product\/mulceris-forst\/","url":"https:\/\/www.horomechanika.lt\/product\/mulceris-forst\/","name":"MUL\u010cERIS FORST | Horomechanika","isPartOf":{"@id":"https:\/\/www.horomechanika.lt\/#website"},"datePublished":"2020-11-06T12:13:50+00:00","dateModified":"2022-12-23T09:30:10+00:00","breadcrumb":{"@id":"https:\/\/www.horomechanika.lt\/product\/mulceris-forst\/#breadcrumb"},"inLanguage":"ru-RU","potentialAction":[{"@type":"ReadAction","target":["https:\/\/www.horomechanika.lt\/product\/mulceris-forst\/"]}]},{"@type":"BreadcrumbList","@id":"https:\/\/www.horomechanika.lt\/product\/mulceris-forst\/#breadcrumb","itemListElement":[{"@type":"ListItem","position":1,"name":"Home","item":"https:\/\/www.horomechanika.lt\/"},{"@type":"ListItem","position":2,"name":"Shop","item":"https:\/\/www.horomechanika.lt\/ru\/shop-2\/"},{"@type":"ListItem","position":3,"name":"MUL\u010cERIS FORST"}]},{"@type":"WebSite","@id":"https:\/\/www.horomechanika.lt\/#website","url":"https:\/\/www.horomechanika.lt\/","name":"Horomechanika","description":"\u017dem\u0117s \u016akio Technika","publisher":{"@id":"https:\/\/www.horomechanika.lt\/#organization"},"potentialAction":[{"@type":"SearchAction","target":{"@type":"EntryPoint","urlTemplate":"https:\/\/www.horomechanika.lt\/?s={search_term_string}"},"query-input":"required name=search_term_string"}],"inLanguage":"ru-RU"},{"@type":"Organization","@id":"https:\/\/www.horomechanika.lt\/#organization","name":"UAB \"Horo mechanika\"","url":"https:\/\/www.horomechanika.lt\/","logo":{"@type":"ImageObject","inLanguage":"ru-RU","@id":"https:\/\/www.horomechanika.lt\/#\/schema\/logo\/image\/","url":"https:\/\/www.horomechanika.lt\/wp-content\/uploads\/2020\/05\/horomechanika-logo.png","contentUrl":"https:\/\/www.horomechanika.lt\/wp-content\/uploads\/2020\/05\/horomechanika-logo.png","width":137,"height":56,"caption":"UAB \"Horo mechanika\""},"image":{"@id":"https:\/\/www.horomechanika.lt\/#\/schema\/logo\/image\/"},"sameAs":["https:\/\/www.facebook.com\/UAB-Horo-mechanika-177091812471952"]}]}},"_links":{"self":[{"href":"https:\/\/www.horomechanika.lt\/ru\/wp-json\/wp\/v2\/product\/11927","targetHints":{"allow":["GET"]}}],"collection":[{"href":"https:\/\/www.horomechanika.lt\/ru\/wp-json\/wp\/v2\/product"}],"about":[{"href":"https:\/\/www.horomechanika.lt\/ru\/wp-json\/wp\/v2\/types\/product"}],"replies":[{"embeddable":true,"href":"https:\/\/www.horomechanika.lt\/ru\/wp-json\/wp\/v2\/comments?post=11927"}],"wp:featuredmedia":[{"embeddable":true,"href":"https:\/\/www.horomechanika.lt\/ru\/wp-json\/wp\/v2\/media\/12400"}],"wp:attachment":[{"href":"https:\/\/www.horomechanika.lt\/ru\/wp-json\/wp\/v2\/media?parent=11927"}],"wp:term":[{"taxonomy":"product_cat","embeddable":true,"href":"https:\/\/www.horomechanika.lt\/ru\/wp-json\/wp\/v2\/product_cat?post=11927"},{"taxonomy":"product_tag","embeddable":true,"href":"https:\/\/www.horomechanika.lt\/ru\/wp-json\/wp\/v2\/product_tag?post=11927"}],"curies":[{"name":"wp","href":"https:\/\/api.w.org\/{rel}","templated":true}]}}