{"id":11932,"date":"2020-11-06T15:20:05","date_gmt":"2020-11-06T12:20:05","guid":{"rendered":"http:\/\/horomechanika.lt\/?post_type=product&#038;p=11932"},"modified":"2022-12-23T12:29:43","modified_gmt":"2022-12-23T09:29:43","slug":"mulceris-medienai-smulkinti-forst","status":"publish","type":"product","link":"https:\/\/www.horomechanika.lt\/ru\/product\/mulceris-medienai-smulkinti-forst\/","title":{"rendered":"MUL\u010cERIS MEDIENAI SMULKINTI FORST"},"content":{"rendered":"<table class=\"table\">\n<thead>\n<tr>\n<th><span class=\"icon\"><small>Modelis<\/small><\/span><\/th>\n<th><span class=\"icon\"><img decoding=\"async\" src=\"https:\/\/www.inobrezice.com\/img\/icons\/icon-power.png\" alt=\"KW\/HP\" \/><small>KW\/HP<\/small><\/span><\/th>\n<th><span class=\"icon\"><img decoding=\"async\" src=\"https:\/\/www.inobrezice.com\/img\/icons\/icon-working-total-width.png\" alt=\"working\/total width\" \/><small>darbinis\/bendras plotis<\/small><\/span><\/th>\n<th><span class=\"icon\"><img decoding=\"async\" src=\"https:\/\/www.inobrezice.com\/img\/icons\/icon-rotate.png\" alt=\"RPM\" \/><small>Rpm<\/small><\/span><\/th>\n<th><span class=\"icon\"><img decoding=\"async\" src=\"https:\/\/www.inobrezice.com\/img\/icons\/icon-hammer.png\" alt=\"Hammer\" \/><small>Plaktukas<\/small><\/span><\/th>\n<th><span class=\"icon\"><img decoding=\"async\" src=\"https:\/\/www.inobrezice.com\/img\/icons\/icon-weight.png\" alt=\"Weight [kg]\" \/><small>Svoris [kg]<\/small><\/span><\/th>\n<th><span class=\"icon\"><img decoding=\"async\" src=\"https:\/\/www.inobrezice.com\/img\/icons\/icon-malcher-thickness.png\" alt=\"cm\" \/><small>Cm<\/small><\/span><\/th>\n<\/tr>\n<\/thead>\n<tbody>\n<tr>\n<td>180<\/td>\n<td>65-90 \/ 90-120<\/td>\n<td>180\/212<\/td>\n<td>1000<\/td>\n<td>28<\/td>\n<td>1210<\/td>\n<td>25<\/td>\n<\/tr>\n<tr>\n<td>225<\/td>\n<td>90-110\/ 120-150<\/td>\n<td>223\/255<\/td>\n<td>1000<\/td>\n<td>36<\/td>\n<td>1410<\/td>\n<td>25<\/td>\n<\/tr>\n<\/tbody>\n<\/table>\n<p>&nbsp;<\/p>\n<p><iframe loading=\"lazy\" title=\"Flail mower INO Bre\u017eice FORST cleaning\" width=\"895\" height=\"503\" src=\"https:\/\/www.youtube.com\/embed\/icgyxHM8XNc?start=187&#038;feature=oembed\" frameborder=\"0\" allow=\"accelerometer; autoplay; clipboard-write; encrypted-media; gyroscope; picture-in-picture\" allowfullscreen><\/iframe><\/p>","protected":false},"excerpt":{"rendered":"<h1>FORST<\/h1>\n<div class=\"row\">\n<div class=\"col-md-8\">\n<div class=\"content\">\n<p>\u00a0FORST skirta smulkinti med\u017eius, kr\u016bmus, kr\u016bmus, \u0161akas ir kamienus iki 20 cm skersmens (iki 25 cm skersmens naudojant gr\u016bdinto karbido plaktukus). Jame yra standus rotoriaus velenas ir 360\u00b0 sukdami plaktukai, kei\u010diamieji skaitiklio ment\u0117s ir hidrauliniai galiniai vartai. Jei mul\u010diuojami auk\u0161tesni med\u017eiai, rekomenduojame naudoti pakoreguot\u0105 st\u016bmimo stryp\u0105, kad neb\u016bt\u0173 nukristi med\u017eiai ant traktoriaus salono.<\/p>\n<h2>Standartin\u0117 \u012franga<\/h2>\n<div class=\"text\">\n<ul>\n<li>Standi pavar\u0173 d\u0117\u017e\u0117 1000 aps.\/min. su laisva rat\u0173 sankaba<\/li>\n<li>Standus rotoriaus velenas su 360\u00b0sukamojo plaktuku<\/li>\n<li>Stand\u016bs guoliai ant rotoriaus veleno<\/li>\n<li>Dviguba oda<\/li>\n<li>Stand\u016bs plaktukai<\/li>\n<li>Dviguba oda, vidin\u0117 dalis i\u0161 HARDOX metalo<\/li>\n<li>Hidrauliniai galiniai vartai<\/li>\n<li>Kei\u010diami skaitiklio a\u0161menys<\/li>\n<li>Kei\u010diami, reguliuojami pagal auk\u0161t\u012f HARDOX slydimai<\/li>\n<li>Dviguba grandin\u0117s apsauga priekyje<\/li>\n<li>Standus 3 ta\u0161k\u0173 kablys CAT. II<\/li>\n<\/ul>\n<h2>Papildoma \u012franga<\/h2>\n<div class=\"text\">\n<ul>\n<li><a href=\"https:\/\/www.inobrezice.com\/eng\/vibration-control-eng.html\" target=\"_blank\" rel=\"noopener noreferrer\">INO Vibracijos valdymo opti<\/a>\u00a0(vibracijos prie\u017ei\u016bros internetu sistema)<\/li>\n<li>Apver\u010diamoji pavar\u0173 d\u0117\u017e\u0117 1000 aps.\/min. su laisva rat\u0173 sankaba, skirta sukimosi kairi\u0105ja ir de\u0161ini\u0105ja kryptimi<\/li>\n<li>Reguliuojama st\u016bmimo juosta<\/li>\n<li>Grandin\u0117s apsauga ant galini\u0173 vart\u0173<\/li>\n<li>Plaktukas su wolfram karbido a\u0161menimis<\/li>\n<li>Valand\u0173 skaitiklis<\/li>\n<li>Papildoma dviguba grandin\u0117s apsauga priekyje<\/li>\n<li>P. T. O. Velenas<\/li>\n<\/ul>\n<\/div>\n<\/div>\n<\/div>\n<\/div>\n<\/div>","protected":false},"featured_media":11921,"comment_status":"open","ping_status":"closed","template":"","meta":[],"product_cat":[150,154,159,167],"product_tag":[],"class_list":["post-11932","product","type-product","status-publish","has-post-thumbnail","hentry","product_cat-mulceriai","product_cat-krumu-smulkintuvai","product_cat-medienos-smulkintuvai","product_cat-gyvatvoriu-krumynu-prieziuros-technika"],"yoast_head":"<!-- This site is optimized with the Yoast SEO plugin v20.1 - https:\/\/yoast.com\/wordpress\/plugins\/seo\/ -->\n<title>MUL\u010cERIS MEDIENAI SMULKINTI FORST | Horomechanika<\/title>\n<meta name=\"robots\" content=\"index, follow, max-snippet:-1, max-image-preview:large, max-video-preview:-1\" \/>\n<link rel=\"canonical\" href=\"https:\/\/www.horomechanika.lt\/ru\/product\/mulceris-medienai-smulkinti-forst\/\" \/>\n<meta property=\"og:locale\" content=\"ru_RU\" \/>\n<meta property=\"og:type\" content=\"article\" \/>\n<meta property=\"og:title\" content=\"MUL\u010cERIS MEDIENAI SMULKINTI FORST | Horomechanika\" \/>\n<meta property=\"og:description\" content=\"FORST     \u00a0FORST skirta smulkinti med\u017eius, kr\u016bmus, kr\u016bmus, \u0161akas ir kamienus iki 20 cm skersmens (iki 25 cm skersmens naudojant gr\u016bdinto karbido plaktukus). Jame yra standus rotoriaus velenas ir 360\u00b0 sukdami plaktukai, kei\u010diamieji skaitiklio ment\u0117s ir hidrauliniai galiniai vartai. Jei mul\u010diuojami auk\u0161tesni med\u017eiai, rekomenduojame naudoti pakoreguot\u0105 st\u016bmimo stryp\u0105, kad neb\u016bt\u0173 nukristi med\u017eiai ant traktoriaus salono. Standartin\u0117 \u012franga    Standi pavar\u0173 d\u0117\u017e\u0117 1000 aps.\/min. su laisva rat\u0173 sankaba  Standus rotoriaus velenas su 360\u00b0sukamojo plaktuku  Stand\u016bs guoliai ant rotoriaus veleno  Dviguba oda  Stand\u016bs plaktukai  Dviguba oda, vidin\u0117 dalis i\u0161 HARDOX metalo  Hidrauliniai galiniai vartai  Kei\u010diami skaitiklio a\u0161menys  Kei\u010diami, reguliuojami pagal auk\u0161t\u012f HARDOX slydimai  Dviguba grandin\u0117s apsauga priekyje  Standus 3 ta\u0161k\u0173 kablys CAT. II  Papildoma \u012franga    INO Vibracijos valdymo opti\u00a0(vibracijos prie\u017ei\u016bros internetu sistema)  Apver\u010diamoji pavar\u0173 d\u0117\u017e\u0117 1000 aps.\/min. su laisva rat\u0173 sankaba, skirta sukimosi kairi\u0105ja ir de\u0161ini\u0105ja kryptimi  Reguliuojama st\u016bmimo juosta  Grandin\u0117s apsauga ant galini\u0173 vart\u0173  Plaktukas su wolfram karbido a\u0161menimis  Valand\u0173 skaitiklis  Papildoma dviguba grandin\u0117s apsauga priekyje  P. T. O. Velenas\" \/>\n<meta property=\"og:url\" content=\"https:\/\/www.horomechanika.lt\/ru\/product\/mulceris-medienai-smulkinti-forst\/\" \/>\n<meta property=\"og:site_name\" content=\"Horomechanika\" \/>\n<meta property=\"article:publisher\" content=\"https:\/\/www.facebook.com\/UAB-Horo-mechanika-177091812471952\" \/>\n<meta property=\"article:modified_time\" content=\"2022-12-23T09:29:43+00:00\" \/>\n<meta property=\"og:image\" content=\"https:\/\/www.horomechanika.lt\/wp-content\/uploads\/2020\/11\/FORST-obrezan-06-scaled.jpg\" \/>\n\t<meta property=\"og:image:width\" content=\"2560\" \/>\n\t<meta property=\"og:image:height\" content=\"2104\" \/>\n\t<meta property=\"og:image:type\" content=\"image\/jpeg\" \/>\n<meta name=\"twitter:card\" content=\"summary_large_image\" \/>\n<script type=\"application\/ld+json\" class=\"yoast-schema-graph\">{\"@context\":\"https:\/\/schema.org\",\"@graph\":[{\"@type\":\"WebPage\",\"@id\":\"https:\/\/www.horomechanika.lt\/product\/mulceris-medienai-smulkinti-forst\/\",\"url\":\"https:\/\/www.horomechanika.lt\/product\/mulceris-medienai-smulkinti-forst\/\",\"name\":\"MUL\u010cERIS MEDIENAI SMULKINTI FORST | Horomechanika\",\"isPartOf\":{\"@id\":\"https:\/\/www.horomechanika.lt\/#website\"},\"datePublished\":\"2020-11-06T12:20:05+00:00\",\"dateModified\":\"2022-12-23T09:29:43+00:00\",\"breadcrumb\":{\"@id\":\"https:\/\/www.horomechanika.lt\/product\/mulceris-medienai-smulkinti-forst\/#breadcrumb\"},\"inLanguage\":\"ru-RU\",\"potentialAction\":[{\"@type\":\"ReadAction\",\"target\":[\"https:\/\/www.horomechanika.lt\/product\/mulceris-medienai-smulkinti-forst\/\"]}]},{\"@type\":\"BreadcrumbList\",\"@id\":\"https:\/\/www.horomechanika.lt\/product\/mulceris-medienai-smulkinti-forst\/#breadcrumb\",\"itemListElement\":[{\"@type\":\"ListItem\",\"position\":1,\"name\":\"Home\",\"item\":\"https:\/\/www.horomechanika.lt\/\"},{\"@type\":\"ListItem\",\"position\":2,\"name\":\"Shop\",\"item\":\"https:\/\/www.horomechanika.lt\/ru\/shop-2\/\"},{\"@type\":\"ListItem\",\"position\":3,\"name\":\"MUL\u010cERIS MEDIENAI SMULKINTI FORST\"}]},{\"@type\":\"WebSite\",\"@id\":\"https:\/\/www.horomechanika.lt\/#website\",\"url\":\"https:\/\/www.horomechanika.lt\/\",\"name\":\"Horomechanika\",\"description\":\"\u017dem\u0117s \u016akio Technika\",\"publisher\":{\"@id\":\"https:\/\/www.horomechanika.lt\/#organization\"},\"potentialAction\":[{\"@type\":\"SearchAction\",\"target\":{\"@type\":\"EntryPoint\",\"urlTemplate\":\"https:\/\/www.horomechanika.lt\/?s={search_term_string}\"},\"query-input\":\"required name=search_term_string\"}],\"inLanguage\":\"ru-RU\"},{\"@type\":\"Organization\",\"@id\":\"https:\/\/www.horomechanika.lt\/#organization\",\"name\":\"UAB \\\"Horo mechanika\\\"\",\"url\":\"https:\/\/www.horomechanika.lt\/\",\"logo\":{\"@type\":\"ImageObject\",\"inLanguage\":\"ru-RU\",\"@id\":\"https:\/\/www.horomechanika.lt\/#\/schema\/logo\/image\/\",\"url\":\"https:\/\/www.horomechanika.lt\/wp-content\/uploads\/2020\/05\/horomechanika-logo.png\",\"contentUrl\":\"https:\/\/www.horomechanika.lt\/wp-content\/uploads\/2020\/05\/horomechanika-logo.png\",\"width\":137,\"height\":56,\"caption\":\"UAB \\\"Horo mechanika\\\"\"},\"image\":{\"@id\":\"https:\/\/www.horomechanika.lt\/#\/schema\/logo\/image\/\"},\"sameAs\":[\"https:\/\/www.facebook.com\/UAB-Horo-mechanika-177091812471952\"]}]}<\/script>\n<!-- \/ Yoast SEO plugin. -->","yoast_head_json":{"title":"MUL\u010cERIS MEDIENAI SMULKINTI FORST | Horomechanika","robots":{"index":"index","follow":"follow","max-snippet":"max-snippet:-1","max-image-preview":"max-image-preview:large","max-video-preview":"max-video-preview:-1"},"canonical":"https:\/\/www.horomechanika.lt\/ru\/product\/mulceris-medienai-smulkinti-forst\/","og_locale":"ru_RU","og_type":"article","og_title":"MUL\u010cERIS MEDIENAI SMULKINTI FORST | Horomechanika","og_description":"FORST     \u00a0FORST skirta smulkinti med\u017eius, kr\u016bmus, kr\u016bmus, \u0161akas ir kamienus iki 20 cm skersmens (iki 25 cm skersmens naudojant gr\u016bdinto karbido plaktukus). Jame yra standus rotoriaus velenas ir 360\u00b0 sukdami plaktukai, kei\u010diamieji skaitiklio ment\u0117s ir hidrauliniai galiniai vartai. Jei mul\u010diuojami auk\u0161tesni med\u017eiai, rekomenduojame naudoti pakoreguot\u0105 st\u016bmimo stryp\u0105, kad neb\u016bt\u0173 nukristi med\u017eiai ant traktoriaus salono. Standartin\u0117 \u012franga    Standi pavar\u0173 d\u0117\u017e\u0117 1000 aps.\/min. su laisva rat\u0173 sankaba  Standus rotoriaus velenas su 360\u00b0sukamojo plaktuku  Stand\u016bs guoliai ant rotoriaus veleno  Dviguba oda  Stand\u016bs plaktukai  Dviguba oda, vidin\u0117 dalis i\u0161 HARDOX metalo  Hidrauliniai galiniai vartai  Kei\u010diami skaitiklio a\u0161menys  Kei\u010diami, reguliuojami pagal auk\u0161t\u012f HARDOX slydimai  Dviguba grandin\u0117s apsauga priekyje  Standus 3 ta\u0161k\u0173 kablys CAT. II  Papildoma \u012franga    INO Vibracijos valdymo opti\u00a0(vibracijos prie\u017ei\u016bros internetu sistema)  Apver\u010diamoji pavar\u0173 d\u0117\u017e\u0117 1000 aps.\/min. su laisva rat\u0173 sankaba, skirta sukimosi kairi\u0105ja ir de\u0161ini\u0105ja kryptimi  Reguliuojama st\u016bmimo juosta  Grandin\u0117s apsauga ant galini\u0173 vart\u0173  Plaktukas su wolfram karbido a\u0161menimis  Valand\u0173 skaitiklis  Papildoma dviguba grandin\u0117s apsauga priekyje  P. T. O. Velenas","og_url":"https:\/\/www.horomechanika.lt\/ru\/product\/mulceris-medienai-smulkinti-forst\/","og_site_name":"Horomechanika","article_publisher":"https:\/\/www.facebook.com\/UAB-Horo-mechanika-177091812471952","article_modified_time":"2022-12-23T09:29:43+00:00","og_image":[{"width":2560,"height":2104,"url":"https:\/\/www.horomechanika.lt\/wp-content\/uploads\/2020\/11\/FORST-obrezan-06-scaled.jpg","type":"image\/jpeg"}],"twitter_card":"summary_large_image","schema":{"@context":"https:\/\/schema.org","@graph":[{"@type":"WebPage","@id":"https:\/\/www.horomechanika.lt\/product\/mulceris-medienai-smulkinti-forst\/","url":"https:\/\/www.horomechanika.lt\/product\/mulceris-medienai-smulkinti-forst\/","name":"MUL\u010cERIS MEDIENAI SMULKINTI FORST | Horomechanika","isPartOf":{"@id":"https:\/\/www.horomechanika.lt\/#website"},"datePublished":"2020-11-06T12:20:05+00:00","dateModified":"2022-12-23T09:29:43+00:00","breadcrumb":{"@id":"https:\/\/www.horomechanika.lt\/product\/mulceris-medienai-smulkinti-forst\/#breadcrumb"},"inLanguage":"ru-RU","potentialAction":[{"@type":"ReadAction","target":["https:\/\/www.horomechanika.lt\/product\/mulceris-medienai-smulkinti-forst\/"]}]},{"@type":"BreadcrumbList","@id":"https:\/\/www.horomechanika.lt\/product\/mulceris-medienai-smulkinti-forst\/#breadcrumb","itemListElement":[{"@type":"ListItem","position":1,"name":"Home","item":"https:\/\/www.horomechanika.lt\/"},{"@type":"ListItem","position":2,"name":"Shop","item":"https:\/\/www.horomechanika.lt\/ru\/shop-2\/"},{"@type":"ListItem","position":3,"name":"MUL\u010cERIS MEDIENAI SMULKINTI FORST"}]},{"@type":"WebSite","@id":"https:\/\/www.horomechanika.lt\/#website","url":"https:\/\/www.horomechanika.lt\/","name":"Horomechanika","description":"\u017dem\u0117s \u016akio Technika","publisher":{"@id":"https:\/\/www.horomechanika.lt\/#organization"},"potentialAction":[{"@type":"SearchAction","target":{"@type":"EntryPoint","urlTemplate":"https:\/\/www.horomechanika.lt\/?s={search_term_string}"},"query-input":"required name=search_term_string"}],"inLanguage":"ru-RU"},{"@type":"Organization","@id":"https:\/\/www.horomechanika.lt\/#organization","name":"UAB \"Horo mechanika\"","url":"https:\/\/www.horomechanika.lt\/","logo":{"@type":"ImageObject","inLanguage":"ru-RU","@id":"https:\/\/www.horomechanika.lt\/#\/schema\/logo\/image\/","url":"https:\/\/www.horomechanika.lt\/wp-content\/uploads\/2020\/05\/horomechanika-logo.png","contentUrl":"https:\/\/www.horomechanika.lt\/wp-content\/uploads\/2020\/05\/horomechanika-logo.png","width":137,"height":56,"caption":"UAB \"Horo mechanika\""},"image":{"@id":"https:\/\/www.horomechanika.lt\/#\/schema\/logo\/image\/"},"sameAs":["https:\/\/www.facebook.com\/UAB-Horo-mechanika-177091812471952"]}]}},"_links":{"self":[{"href":"https:\/\/www.horomechanika.lt\/ru\/wp-json\/wp\/v2\/product\/11932","targetHints":{"allow":["GET"]}}],"collection":[{"href":"https:\/\/www.horomechanika.lt\/ru\/wp-json\/wp\/v2\/product"}],"about":[{"href":"https:\/\/www.horomechanika.lt\/ru\/wp-json\/wp\/v2\/types\/product"}],"replies":[{"embeddable":true,"href":"https:\/\/www.horomechanika.lt\/ru\/wp-json\/wp\/v2\/comments?post=11932"}],"wp:featuredmedia":[{"embeddable":true,"href":"https:\/\/www.horomechanika.lt\/ru\/wp-json\/wp\/v2\/media\/11921"}],"wp:attachment":[{"href":"https:\/\/www.horomechanika.lt\/ru\/wp-json\/wp\/v2\/media?parent=11932"}],"wp:term":[{"taxonomy":"product_cat","embeddable":true,"href":"https:\/\/www.horomechanika.lt\/ru\/wp-json\/wp\/v2\/product_cat?post=11932"},{"taxonomy":"product_tag","embeddable":true,"href":"https:\/\/www.horomechanika.lt\/ru\/wp-json\/wp\/v2\/product_tag?post=11932"}],"curies":[{"name":"wp","href":"https:\/\/api.w.org\/{rel}","templated":true}]}}