{"id":11934,"date":"2020-11-06T15:24:14","date_gmt":"2020-11-06T12:24:14","guid":{"rendered":"http:\/\/horomechanika.lt\/?post_type=product&#038;p=11934"},"modified":"2021-01-21T12:36:01","modified_gmt":"2021-01-21T09:36:01","slug":"universalus-teleskopinis-remas-teleflex-su-bd","status":"publish","type":"product","link":"https:\/\/www.horomechanika.lt\/ru\/product\/universalus-teleskopinis-remas-teleflex-su-bd\/","title":{"rendered":"UNIVERSALUS TELESKOPINIS REMAS TELEFLEX SU BD"},"content":{"rendered":"<p>TELEFLEX yra universalus teleskopinis r\u0117mas, skirtas laikyti kit\u0105 darbo \u012frang\u0105 (\u0161oninius rotacinius pjaustytuvus, naudojamus vynuogynuose, soduose ir kitose srityse. Jo darbinis plotis gali b\u016bti nuo 145 cm iki 345 cm. Jis gali b\u016bti pritvirtintas traktoriaus priekyje arba galin\u0117je pus\u0117je su surinkta \u012franga vis\u0173 tip\u0173 INO sukamiesiems \u0161oniniams pjaustytuvams (BD, BDL, BDR), de\u0161in\u0117je, kair\u0117je arba abiejose r\u0117mo pus\u0117se.<\/p>\n<p>&nbsp;<\/p>\n<h2>Papildoma \u012franga<\/h2>\n<div class=\"text\">\n<ul>\n<li>Metaliniai atraminiai ratai<\/li>\n<li>Vairuoti 1000 aps.\/min.<\/li>\n<li>Alyvos au\u0161intuvas (\u0161ilumokaitis)<\/li>\n<li>BD \u0161oninis sukamasis pjaustytuvas<\/li>\n<li>BDL kairysis \u0161oninis sukamasis pjaustytuvas<\/li>\n<li>BDR \u0161oninis rotacinis pjaustytuvas su alyvos indu<\/li>\n<li>Vairuoti 540 aps.\/min.<\/li>\n<li>Combi, priekin\u0117 arba galin\u0117 jungtis<\/li>\n<li>Plaukiojantieji<\/li>\n<li>Pagal auk\u0161t\u012f sureguliuoti atraminiai ratai<\/li>\n<li>Teleskopinis hidraulinis kairysis ir de\u0161inysis sparnas<\/li>\n<\/ul>\n<\/div>","protected":false},"excerpt":{"rendered":"<p>TELEFLEX yra universalus teleskopinis r\u0117mas, skirtas laikyti kit\u0105 darbo \u012frang\u0105 (\u0161oninius rotacinius pjaustytuvus, naudojamus vynuogynuose, soduose ir kitose srityse. Jo darbinis plotis gali b\u016bti nuo 145 cm iki 345 cm. Jis gali b\u016bti pritvirtintas traktoriaus priekyje arba galin\u0117je pus\u0117je su surinkta \u012franga vis\u0173 tip\u0173 INO sukamiesiems \u0161oniniams pjaustytuvams (BD, BDL, BDR), de\u0161in\u0117je, kair\u0117je arba abiejose [&hellip;]<\/p>","protected":false},"featured_media":11948,"comment_status":"open","ping_status":"closed","template":"","meta":[],"product_cat":[150,152,167],"product_tag":[],"class_list":["post-11934","product","type-product","status-publish","has-post-thumbnail","hentry","product_cat-mulceriai","product_cat-sodiniai-mulceriai","product_cat-gyvatvoriu-krumynu-prieziuros-technika"],"yoast_head":"<!-- This site is optimized with the Yoast SEO plugin v20.1 - https:\/\/yoast.com\/wordpress\/plugins\/seo\/ -->\n<title>UNIVERSALUS TELESKOPINIS REMAS TELEFLEX SU BD | Horomechanika<\/title>\n<meta name=\"robots\" content=\"index, follow, max-snippet:-1, max-image-preview:large, max-video-preview:-1\" \/>\n<link rel=\"canonical\" href=\"https:\/\/www.horomechanika.lt\/ru\/product\/universalus-teleskopinis-remas-teleflex-su-bd\/\" \/>\n<meta property=\"og:locale\" content=\"ru_RU\" \/>\n<meta property=\"og:type\" content=\"article\" \/>\n<meta property=\"og:title\" content=\"UNIVERSALUS TELESKOPINIS REMAS TELEFLEX SU BD | Horomechanika\" \/>\n<meta property=\"og:description\" content=\"TELEFLEX yra universalus teleskopinis r\u0117mas, skirtas laikyti kit\u0105 darbo \u012frang\u0105 (\u0161oninius rotacinius pjaustytuvus, naudojamus vynuogynuose, soduose ir kitose srityse. Jo darbinis plotis gali b\u016bti nuo 145 cm iki 345 cm. Jis gali b\u016bti pritvirtintas traktoriaus priekyje arba galin\u0117je pus\u0117je su surinkta \u012franga vis\u0173 tip\u0173 INO sukamiesiems \u0161oniniams pjaustytuvams (BD, BDL, BDR), de\u0161in\u0117je, kair\u0117je arba abiejose [&hellip;]\" \/>\n<meta property=\"og:url\" content=\"https:\/\/www.horomechanika.lt\/ru\/product\/universalus-teleskopinis-remas-teleflex-su-bd\/\" \/>\n<meta property=\"og:site_name\" content=\"Horomechanika\" \/>\n<meta property=\"article:publisher\" content=\"https:\/\/www.facebook.com\/UAB-Horo-mechanika-177091812471952\" \/>\n<meta property=\"article:modified_time\" content=\"2021-01-21T09:36:01+00:00\" \/>\n<meta property=\"og:image\" content=\"https:\/\/www.horomechanika.lt\/wp-content\/uploads\/2020\/11\/TELEFLEX-01-1024x717.png\" \/>\n\t<meta property=\"og:image:width\" content=\"1024\" \/>\n\t<meta property=\"og:image:height\" content=\"717\" \/>\n\t<meta property=\"og:image:type\" content=\"image\/png\" \/>\n<meta name=\"twitter:card\" content=\"summary_large_image\" \/>\n<meta name=\"twitter:label1\" content=\"\u041f\u0440\u0438\u043c\u0435\u0440\u043d\u043e\u0435 \u0432\u0440\u0435\u043c\u044f \u0434\u043b\u044f \u0447\u0442\u0435\u043d\u0438\u044f\" \/>\n\t<meta name=\"twitter:data1\" content=\"1 \u043c\u0438\u043d\u0443\u0442\u0430\" \/>\n<script type=\"application\/ld+json\" class=\"yoast-schema-graph\">{\"@context\":\"https:\/\/schema.org\",\"@graph\":[{\"@type\":\"WebPage\",\"@id\":\"https:\/\/www.horomechanika.lt\/ru\/product\/universalus-teleskopinis-remas-teleflex-su-bd\/\",\"url\":\"https:\/\/www.horomechanika.lt\/ru\/product\/universalus-teleskopinis-remas-teleflex-su-bd\/\",\"name\":\"UNIVERSALUS TELESKOPINIS REMAS TELEFLEX SU BD | Horomechanika\",\"isPartOf\":{\"@id\":\"https:\/\/www.horomechanika.lt\/#website\"},\"datePublished\":\"2020-11-06T12:24:14+00:00\",\"dateModified\":\"2021-01-21T09:36:01+00:00\",\"breadcrumb\":{\"@id\":\"https:\/\/www.horomechanika.lt\/ru\/product\/universalus-teleskopinis-remas-teleflex-su-bd\/#breadcrumb\"},\"inLanguage\":\"ru-RU\",\"potentialAction\":[{\"@type\":\"ReadAction\",\"target\":[\"https:\/\/www.horomechanika.lt\/ru\/product\/universalus-teleskopinis-remas-teleflex-su-bd\/\"]}]},{\"@type\":\"BreadcrumbList\",\"@id\":\"https:\/\/www.horomechanika.lt\/ru\/product\/universalus-teleskopinis-remas-teleflex-su-bd\/#breadcrumb\",\"itemListElement\":[{\"@type\":\"ListItem\",\"position\":1,\"name\":\"Home\",\"item\":\"https:\/\/www.horomechanika.lt\/\"},{\"@type\":\"ListItem\",\"position\":2,\"name\":\"Shop\",\"item\":\"https:\/\/www.horomechanika.lt\/ru\/shop-2\/\"},{\"@type\":\"ListItem\",\"position\":3,\"name\":\"UNIVERSALUS TELESKOPINIS REMAS TELEFLEX SU BD\"}]},{\"@type\":\"WebSite\",\"@id\":\"https:\/\/www.horomechanika.lt\/#website\",\"url\":\"https:\/\/www.horomechanika.lt\/\",\"name\":\"Horomechanika\",\"description\":\"\u017dem\u0117s \u016akio Technika\",\"publisher\":{\"@id\":\"https:\/\/www.horomechanika.lt\/#organization\"},\"potentialAction\":[{\"@type\":\"SearchAction\",\"target\":{\"@type\":\"EntryPoint\",\"urlTemplate\":\"https:\/\/www.horomechanika.lt\/?s={search_term_string}\"},\"query-input\":\"required name=search_term_string\"}],\"inLanguage\":\"ru-RU\"},{\"@type\":\"Organization\",\"@id\":\"https:\/\/www.horomechanika.lt\/#organization\",\"name\":\"UAB \\\"Horo mechanika\\\"\",\"url\":\"https:\/\/www.horomechanika.lt\/\",\"logo\":{\"@type\":\"ImageObject\",\"inLanguage\":\"ru-RU\",\"@id\":\"https:\/\/www.horomechanika.lt\/#\/schema\/logo\/image\/\",\"url\":\"https:\/\/www.horomechanika.lt\/wp-content\/uploads\/2020\/05\/horomechanika-logo.png\",\"contentUrl\":\"https:\/\/www.horomechanika.lt\/wp-content\/uploads\/2020\/05\/horomechanika-logo.png\",\"width\":137,\"height\":56,\"caption\":\"UAB \\\"Horo mechanika\\\"\"},\"image\":{\"@id\":\"https:\/\/www.horomechanika.lt\/#\/schema\/logo\/image\/\"},\"sameAs\":[\"https:\/\/www.facebook.com\/UAB-Horo-mechanika-177091812471952\"]}]}<\/script>\n<!-- \/ Yoast SEO plugin. -->","yoast_head_json":{"title":"UNIVERSALUS TELESKOPINIS REMAS TELEFLEX SU BD | Horomechanika","robots":{"index":"index","follow":"follow","max-snippet":"max-snippet:-1","max-image-preview":"max-image-preview:large","max-video-preview":"max-video-preview:-1"},"canonical":"https:\/\/www.horomechanika.lt\/ru\/product\/universalus-teleskopinis-remas-teleflex-su-bd\/","og_locale":"ru_RU","og_type":"article","og_title":"UNIVERSALUS TELESKOPINIS REMAS TELEFLEX SU BD | Horomechanika","og_description":"TELEFLEX yra universalus teleskopinis r\u0117mas, skirtas laikyti kit\u0105 darbo \u012frang\u0105 (\u0161oninius rotacinius pjaustytuvus, naudojamus vynuogynuose, soduose ir kitose srityse. Jo darbinis plotis gali b\u016bti nuo 145 cm iki 345 cm. Jis gali b\u016bti pritvirtintas traktoriaus priekyje arba galin\u0117je pus\u0117je su surinkta \u012franga vis\u0173 tip\u0173 INO sukamiesiems \u0161oniniams pjaustytuvams (BD, BDL, BDR), de\u0161in\u0117je, kair\u0117je arba abiejose [&hellip;]","og_url":"https:\/\/www.horomechanika.lt\/ru\/product\/universalus-teleskopinis-remas-teleflex-su-bd\/","og_site_name":"Horomechanika","article_publisher":"https:\/\/www.facebook.com\/UAB-Horo-mechanika-177091812471952","article_modified_time":"2021-01-21T09:36:01+00:00","og_image":[{"width":1024,"height":717,"url":"https:\/\/www.horomechanika.lt\/wp-content\/uploads\/2020\/11\/TELEFLEX-01-1024x717.png","type":"image\/png"}],"twitter_card":"summary_large_image","twitter_misc":{"\u041f\u0440\u0438\u043c\u0435\u0440\u043d\u043e\u0435 \u0432\u0440\u0435\u043c\u044f \u0434\u043b\u044f \u0447\u0442\u0435\u043d\u0438\u044f":"1 \u043c\u0438\u043d\u0443\u0442\u0430"},"schema":{"@context":"https:\/\/schema.org","@graph":[{"@type":"WebPage","@id":"https:\/\/www.horomechanika.lt\/ru\/product\/universalus-teleskopinis-remas-teleflex-su-bd\/","url":"https:\/\/www.horomechanika.lt\/ru\/product\/universalus-teleskopinis-remas-teleflex-su-bd\/","name":"UNIVERSALUS TELESKOPINIS REMAS TELEFLEX SU BD | Horomechanika","isPartOf":{"@id":"https:\/\/www.horomechanika.lt\/#website"},"datePublished":"2020-11-06T12:24:14+00:00","dateModified":"2021-01-21T09:36:01+00:00","breadcrumb":{"@id":"https:\/\/www.horomechanika.lt\/ru\/product\/universalus-teleskopinis-remas-teleflex-su-bd\/#breadcrumb"},"inLanguage":"ru-RU","potentialAction":[{"@type":"ReadAction","target":["https:\/\/www.horomechanika.lt\/ru\/product\/universalus-teleskopinis-remas-teleflex-su-bd\/"]}]},{"@type":"BreadcrumbList","@id":"https:\/\/www.horomechanika.lt\/ru\/product\/universalus-teleskopinis-remas-teleflex-su-bd\/#breadcrumb","itemListElement":[{"@type":"ListItem","position":1,"name":"Home","item":"https:\/\/www.horomechanika.lt\/"},{"@type":"ListItem","position":2,"name":"Shop","item":"https:\/\/www.horomechanika.lt\/ru\/shop-2\/"},{"@type":"ListItem","position":3,"name":"UNIVERSALUS TELESKOPINIS REMAS TELEFLEX SU BD"}]},{"@type":"WebSite","@id":"https:\/\/www.horomechanika.lt\/#website","url":"https:\/\/www.horomechanika.lt\/","name":"Horomechanika","description":"\u017dem\u0117s \u016akio Technika","publisher":{"@id":"https:\/\/www.horomechanika.lt\/#organization"},"potentialAction":[{"@type":"SearchAction","target":{"@type":"EntryPoint","urlTemplate":"https:\/\/www.horomechanika.lt\/?s={search_term_string}"},"query-input":"required name=search_term_string"}],"inLanguage":"ru-RU"},{"@type":"Organization","@id":"https:\/\/www.horomechanika.lt\/#organization","name":"UAB \"Horo mechanika\"","url":"https:\/\/www.horomechanika.lt\/","logo":{"@type":"ImageObject","inLanguage":"ru-RU","@id":"https:\/\/www.horomechanika.lt\/#\/schema\/logo\/image\/","url":"https:\/\/www.horomechanika.lt\/wp-content\/uploads\/2020\/05\/horomechanika-logo.png","contentUrl":"https:\/\/www.horomechanika.lt\/wp-content\/uploads\/2020\/05\/horomechanika-logo.png","width":137,"height":56,"caption":"UAB \"Horo mechanika\""},"image":{"@id":"https:\/\/www.horomechanika.lt\/#\/schema\/logo\/image\/"},"sameAs":["https:\/\/www.facebook.com\/UAB-Horo-mechanika-177091812471952"]}]}},"_links":{"self":[{"href":"https:\/\/www.horomechanika.lt\/ru\/wp-json\/wp\/v2\/product\/11934","targetHints":{"allow":["GET"]}}],"collection":[{"href":"https:\/\/www.horomechanika.lt\/ru\/wp-json\/wp\/v2\/product"}],"about":[{"href":"https:\/\/www.horomechanika.lt\/ru\/wp-json\/wp\/v2\/types\/product"}],"replies":[{"embeddable":true,"href":"https:\/\/www.horomechanika.lt\/ru\/wp-json\/wp\/v2\/comments?post=11934"}],"wp:featuredmedia":[{"embeddable":true,"href":"https:\/\/www.horomechanika.lt\/ru\/wp-json\/wp\/v2\/media\/11948"}],"wp:attachment":[{"href":"https:\/\/www.horomechanika.lt\/ru\/wp-json\/wp\/v2\/media?parent=11934"}],"wp:term":[{"taxonomy":"product_cat","embeddable":true,"href":"https:\/\/www.horomechanika.lt\/ru\/wp-json\/wp\/v2\/product_cat?post=11934"},{"taxonomy":"product_tag","embeddable":true,"href":"https:\/\/www.horomechanika.lt\/ru\/wp-json\/wp\/v2\/product_tag?post=11934"}],"curies":[{"name":"wp","href":"https:\/\/api.w.org\/{rel}","templated":true}]}}