{"id":11955,"date":"2020-11-06T15:39:57","date_gmt":"2020-11-06T12:39:57","guid":{"rendered":"http:\/\/horomechanika.lt\/?post_type=product&#038;p=11955"},"modified":"2021-01-21T12:35:33","modified_gmt":"2021-01-21T09:35:33","slug":"hidraulinis-soninis-pjovuklis-bdr-bd-bdl","status":"publish","type":"product","link":"https:\/\/www.horomechanika.lt\/ru\/product\/hidraulinis-soninis-pjovuklis-bdr-bd-bdl\/","title":{"rendered":"HIDRAULINIS \u0160ONINIS PJOVIKLIS BDR, BD, BDL"},"content":{"rendered":"<table class=\"table\">\n<thead>\n<tr>\n<th><span class=\"icon\"><small>Modelis<\/small><\/span><\/th>\n<th><span class=\"icon\"><img decoding=\"async\" src=\"https:\/\/www.inobrezice.com\/img\/icons\/icon-width.png\" alt=\"working width\" \/><small>darbinis plotis<\/small><\/span><\/th>\n<th>gabaritins plotis<\/th>\n<th><span class=\"icon\"><small>Doz\u0117<\/small><\/span><\/th>\n<th><span class=\"icon\"><small>Patarimas\u00a0<\/small><\/span><\/th>\n<th><span class=\"icon\"><small>Bunkerio t\u016bris [L]<\/small><\/span><\/th>\n<th><span class=\"icon\"><img decoding=\"async\" src=\"https:\/\/www.inobrezice.com\/img\/icons\/icon-blade.png\" alt=\"Y-Blade\" \/><small>Y a\u0161menys<\/small><\/span><\/th>\n<th><span class=\"icon\"><img decoding=\"async\" src=\"https:\/\/www.inobrezice.com\/img\/icons\/icon-weight.png\" alt=\"Weight [kg]\" \/><small>Svoris [kg]<\/small><\/span><\/th>\n<th><span class=\"icon\"><img decoding=\"async\" src=\"https:\/\/www.inobrezice.com\/img\/icons\/icon-malcher-thickness.png\" alt=\"cm\" \/><small>Cm<\/small><\/span><\/th>\n<\/tr>\n<\/thead>\n<tbody>\n<tr>\n<td>40 s.v.<\/td>\n<td>40<\/td>\n<td>42<\/td>\n<td>35<\/td>\n<td>46-\u0173j\u0173 sed\u0173 ekranas<\/td>\n<td>52<\/td>\n<td>2<\/td>\n<td>227<\/td>\n<td>2<\/td>\n<\/tr>\n<tr>\n<td>BD 40 (40)<\/td>\n<td>40<\/td>\n<td>42<\/td>\n<td>35<\/td>\n<td>\/<\/td>\n<td>\/<\/td>\n<td>2<\/td>\n<td>78<\/td>\n<td>2<\/td>\n<\/tr>\n<tr>\n<td>60 s.v.<\/td>\n<td>54<\/td>\n<td>58<\/td>\n<td>43<\/td>\n<td>46-\u0173j\u0173 sed\u0173 ekranas<\/td>\n<td>52<\/td>\n<td>2<\/td>\n<td>232<\/td>\n<td>2<\/td>\n<\/tr>\n<tr>\n<td><b>BDR 60 \u0160velnus pj\u016bvis<\/b><\/td>\n<td>54<\/td>\n<td>58<\/td>\n<td>43<\/td>\n<td>46-\u0173j\u0173 sed\u0173 ekranas<\/td>\n<td>52<\/td>\n<td>2<\/td>\n<td>232<\/td>\n<td>2<\/td>\n<\/tr>\n<tr>\n<td>BD 60 (s.s.)<\/td>\n<td>54<\/td>\n<td>58<\/td>\n<td>43<\/td>\n<td>\/<\/td>\n<td>\/<\/td>\n<td>2<\/td>\n<td>83<\/td>\n<td>2<\/td>\n<\/tr>\n<tr>\n<td>60 sed\u0173 sedas<\/td>\n<td>54<\/td>\n<td>58<\/td>\n<td>43<\/td>\n<td>\/<\/td>\n<td>\/<\/td>\n<td>2<\/td>\n<td>83<\/td>\n<td>2<\/td>\n<\/tr>\n<tr>\n<td><b>BD 60 \u0160velnus pj\u016bvis<\/b><\/td>\n<td>54<\/td>\n<td>58<\/td>\n<td>43<\/td>\n<td>\/<\/td>\n<td>\/<\/td>\n<td>2<\/td>\n<td>83<\/td>\n<td>2<\/td>\n<\/tr>\n<\/tbody>\n<\/table>","protected":false},"excerpt":{"rendered":"<p>BDR yra puikus papildomas \u017eol\u0117s pjoviklis. Jis gabalai aplink med\u012f \u017eol\u0117 ir vynuogi\u0173 nepa\u017eeid\u017eiant j\u012f. Unikali konstrukcija su atraminiais sukamuoju ratu u\u017etikrina geresn\u012f pjom\u0105, saugos darb\u0105, tiksl\u0173 jud\u0117jim\u0105 pagal jutiklio signalus, auk\u0161\u010dio reguliavim\u0105, reguliuojam\u0105 galin\u0119 i\u0161krov\u0105 ir geriau po nelygaus \u017eem\u0117s. Jo jud\u0117jim\u0105 aplink med\u017eius ir vynmed\u017eius kontroliuoja jutiklis. Naudojant flail \u017eoliapjov\u0117 ir hidraulin\u0117s pus\u0117s montuojamas sukamasis kateri\u0173 kartu, mes i\u0161vengti naudojant herbicid\u0173 ir dvigubo darbo, tai rei\u0161kia ma\u017eiau i\u0161laid\u0173 ir laiko. Kartu su tuo r\u016bpinam\u0117s sveikesne aplinka.<br \/>\nMes turime du<br \/>\nmodelius: \u2022 BDR, kuris gali b\u016bti montuojamas ant flail \u017eoliapjov\u0117s\u00a0<a href=\"https:\/\/www.inobrezice.com\/eng\/flail-mower-elite-l.html\">ELITE<\/a>\u00a0L<\/p>\n<p>arba\u00a0<a href=\"https:\/\/www.inobrezice.com\/eng\/flail-mower-elite.html\">ELITE<\/a>\u00a0arba ELITE\u00a0<a href=\"https:\/\/www.inobrezice.com\/eng\/flail-mower-elite-open.html\">OPEN<\/a>\u00a0kartu su komplektas hidraulin\u0117s sistemos (alyvos konteineris ir siurbliai) arba \u2022 BD, BDL (kair\u0117je), kuri naudoja alyv\u0105 i\u0161 traktoriaus hidraulin\u0117s sistemos.<br \/>\nModelis BD gali b\u016bti montuojamas ant keli\u0173 \u017eem\u0117s \u016bkio ma\u0161in\u0173 (flail vejapjov\u0117s, rotacin\u0117s vairalazd\u0117s &#8230;). Kad BD modelis b\u016bt\u0173 tinkamai veikiamas, traktorius turi atitikti kai kurias toliau apra\u0161ytas s\u0105lygas.<br \/>\nKaip versija, yra reguliavimas su pa\u017eangiu &#8222;Gentle Cut&#8221; (tiksliam pjovimui tarp plon\u0173 \/ jaun\u0173 koteli\u0173), su reguliuojamu auk\u0161\u010dio jutikliu.<br \/>\nReikalavimai traktoriaus hidraulinei BD \u0161onin\u0117s<\/p>\n<p>vejapjov\u0117s naudojimo sistemai: \u2022 Alyvos srautas 28-35l\/min (i\u0161oriniams \u012ftaisams skirtame siurblyje!)<\/p>\n<p>\u2022 Alyvos sl\u0117gis 160-200 bar<\/p>\n<p>\u2022 Alyvos au\u0161intuvas traktoriuje \u2022 Hidraulin\u0117 jungtis su gr\u012f\u017etam\u0105j\u0105 linij\u0105 be sl\u0117gio<\/p>","protected":false},"featured_media":11968,"comment_status":"open","ping_status":"closed","template":"","meta":[],"product_cat":[150,152,167],"product_tag":[],"class_list":["post-11955","product","type-product","status-publish","has-post-thumbnail","hentry","product_cat-mulceriai","product_cat-sodiniai-mulceriai","product_cat-gyvatvoriu-krumynu-prieziuros-technika"],"yoast_head":"<!-- This site is optimized with the Yoast SEO plugin v20.1 - https:\/\/yoast.com\/wordpress\/plugins\/seo\/ -->\n<title>HIDRAULINIS \u0160ONINIS PJOVIKLIS BDR, BD, BDL | Horomechanika<\/title>\n<meta name=\"robots\" content=\"index, follow, max-snippet:-1, max-image-preview:large, max-video-preview:-1\" \/>\n<link rel=\"canonical\" href=\"https:\/\/www.horomechanika.lt\/ru\/product\/hidraulinis-soninis-pjovuklis-bdr-bd-bdl\/\" \/>\n<meta property=\"og:locale\" content=\"ru_RU\" \/>\n<meta property=\"og:type\" content=\"article\" \/>\n<meta property=\"og:title\" content=\"HIDRAULINIS \u0160ONINIS PJOVIKLIS BDR, BD, BDL | Horomechanika\" \/>\n<meta property=\"og:description\" content=\"BDR yra puikus papildomas \u017eol\u0117s pjoviklis. Jis gabalai aplink med\u012f \u017eol\u0117 ir vynuogi\u0173 nepa\u017eeid\u017eiant j\u012f. Unikali konstrukcija su atraminiais sukamuoju ratu u\u017etikrina geresn\u012f pjom\u0105, saugos darb\u0105, tiksl\u0173 jud\u0117jim\u0105 pagal jutiklio signalus, auk\u0161\u010dio reguliavim\u0105, reguliuojam\u0105 galin\u0119 i\u0161krov\u0105 ir geriau po nelygaus \u017eem\u0117s. Jo jud\u0117jim\u0105 aplink med\u017eius ir vynmed\u017eius kontroliuoja jutiklis. Naudojant flail \u017eoliapjov\u0117 ir hidraulin\u0117s pus\u0117s montuojamas sukamasis kateri\u0173 kartu, mes i\u0161vengti naudojant herbicid\u0173 ir dvigubo darbo, tai rei\u0161kia ma\u017eiau i\u0161laid\u0173 ir laiko. Kartu su tuo r\u016bpinam\u0117s sveikesne aplinka. Mes turime du modelius: \u2022 BDR, kuris gali b\u016bti montuojamas ant flail \u017eoliapjov\u0117s\u00a0ELITE\u00a0L  arba\u00a0ELITE\u00a0arba ELITE\u00a0OPEN\u00a0kartu su komplektas hidraulin\u0117s sistemos (alyvos konteineris ir siurbliai) arba \u2022 BD, BDL (kair\u0117je), kuri naudoja alyv\u0105 i\u0161 traktoriaus hidraulin\u0117s sistemos. Modelis BD gali b\u016bti montuojamas ant keli\u0173 \u017eem\u0117s \u016bkio ma\u0161in\u0173 (flail vejapjov\u0117s, rotacin\u0117s vairalazd\u0117s ...). Kad BD modelis b\u016bt\u0173 tinkamai veikiamas, traktorius turi atitikti kai kurias toliau apra\u0161ytas s\u0105lygas. Kaip versija, yra reguliavimas su pa\u017eangiu &quot;Gentle Cut&quot; (tiksliam pjovimui tarp plon\u0173 \/ jaun\u0173 koteli\u0173), su reguliuojamu auk\u0161\u010dio jutikliu. Reikalavimai traktoriaus hidraulinei BD \u0161onin\u0117s  vejapjov\u0117s naudojimo sistemai: \u2022 Alyvos srautas 28-35l\/min (i\u0161oriniams \u012ftaisams skirtame siurblyje!)  \u2022 Alyvos sl\u0117gis 160-200 bar  \u2022 Alyvos au\u0161intuvas traktoriuje \u2022 Hidraulin\u0117 jungtis su gr\u012f\u017etam\u0105j\u0105 linij\u0105 be sl\u0117gio\" \/>\n<meta property=\"og:url\" content=\"https:\/\/www.horomechanika.lt\/ru\/product\/hidraulinis-soninis-pjovuklis-bdr-bd-bdl\/\" \/>\n<meta property=\"og:site_name\" content=\"Horomechanika\" \/>\n<meta property=\"article:publisher\" content=\"https:\/\/www.facebook.com\/UAB-Horo-mechanika-177091812471952\" \/>\n<meta property=\"article:modified_time\" content=\"2021-01-21T09:35:33+00:00\" \/>\n<meta property=\"og:image\" content=\"https:\/\/www.horomechanika.lt\/wp-content\/uploads\/2020\/11\/Obrezan-BDR-2-diska_retusa-scaled.jpg\" \/>\n\t<meta property=\"og:image:width\" content=\"2560\" \/>\n\t<meta property=\"og:image:height\" content=\"1977\" \/>\n\t<meta property=\"og:image:type\" content=\"image\/jpeg\" \/>\n<meta name=\"twitter:card\" content=\"summary_large_image\" \/>\n<script type=\"application\/ld+json\" class=\"yoast-schema-graph\">{\"@context\":\"https:\/\/schema.org\",\"@graph\":[{\"@type\":\"WebPage\",\"@id\":\"https:\/\/www.horomechanika.lt\/ru\/product\/hidraulinis-soninis-pjovuklis-bdr-bd-bdl\/\",\"url\":\"https:\/\/www.horomechanika.lt\/ru\/product\/hidraulinis-soninis-pjovuklis-bdr-bd-bdl\/\",\"name\":\"HIDRAULINIS \u0160ONINIS PJOVIKLIS BDR, BD, BDL | Horomechanika\",\"isPartOf\":{\"@id\":\"https:\/\/www.horomechanika.lt\/#website\"},\"datePublished\":\"2020-11-06T12:39:57+00:00\",\"dateModified\":\"2021-01-21T09:35:33+00:00\",\"breadcrumb\":{\"@id\":\"https:\/\/www.horomechanika.lt\/ru\/product\/hidraulinis-soninis-pjovuklis-bdr-bd-bdl\/#breadcrumb\"},\"inLanguage\":\"ru-RU\",\"potentialAction\":[{\"@type\":\"ReadAction\",\"target\":[\"https:\/\/www.horomechanika.lt\/ru\/product\/hidraulinis-soninis-pjovuklis-bdr-bd-bdl\/\"]}]},{\"@type\":\"BreadcrumbList\",\"@id\":\"https:\/\/www.horomechanika.lt\/ru\/product\/hidraulinis-soninis-pjovuklis-bdr-bd-bdl\/#breadcrumb\",\"itemListElement\":[{\"@type\":\"ListItem\",\"position\":1,\"name\":\"Home\",\"item\":\"https:\/\/www.horomechanika.lt\/\"},{\"@type\":\"ListItem\",\"position\":2,\"name\":\"Shop\",\"item\":\"https:\/\/www.horomechanika.lt\/ru\/shop-2\/\"},{\"@type\":\"ListItem\",\"position\":3,\"name\":\"HIDRAULINIS \u0160ONINIS PJOVIKLIS BDR, BD, BDL\"}]},{\"@type\":\"WebSite\",\"@id\":\"https:\/\/www.horomechanika.lt\/#website\",\"url\":\"https:\/\/www.horomechanika.lt\/\",\"name\":\"Horomechanika\",\"description\":\"\u017dem\u0117s \u016akio Technika\",\"publisher\":{\"@id\":\"https:\/\/www.horomechanika.lt\/#organization\"},\"potentialAction\":[{\"@type\":\"SearchAction\",\"target\":{\"@type\":\"EntryPoint\",\"urlTemplate\":\"https:\/\/www.horomechanika.lt\/?s={search_term_string}\"},\"query-input\":\"required name=search_term_string\"}],\"inLanguage\":\"ru-RU\"},{\"@type\":\"Organization\",\"@id\":\"https:\/\/www.horomechanika.lt\/#organization\",\"name\":\"UAB \\\"Horo mechanika\\\"\",\"url\":\"https:\/\/www.horomechanika.lt\/\",\"logo\":{\"@type\":\"ImageObject\",\"inLanguage\":\"ru-RU\",\"@id\":\"https:\/\/www.horomechanika.lt\/#\/schema\/logo\/image\/\",\"url\":\"https:\/\/www.horomechanika.lt\/wp-content\/uploads\/2020\/05\/horomechanika-logo.png\",\"contentUrl\":\"https:\/\/www.horomechanika.lt\/wp-content\/uploads\/2020\/05\/horomechanika-logo.png\",\"width\":137,\"height\":56,\"caption\":\"UAB \\\"Horo mechanika\\\"\"},\"image\":{\"@id\":\"https:\/\/www.horomechanika.lt\/#\/schema\/logo\/image\/\"},\"sameAs\":[\"https:\/\/www.facebook.com\/UAB-Horo-mechanika-177091812471952\"]}]}<\/script>\n<!-- \/ Yoast SEO plugin. -->","yoast_head_json":{"title":"HIDRAULINIS \u0160ONINIS PJOVIKLIS BDR, BD, BDL | Horomechanika","robots":{"index":"index","follow":"follow","max-snippet":"max-snippet:-1","max-image-preview":"max-image-preview:large","max-video-preview":"max-video-preview:-1"},"canonical":"https:\/\/www.horomechanika.lt\/ru\/product\/hidraulinis-soninis-pjovuklis-bdr-bd-bdl\/","og_locale":"ru_RU","og_type":"article","og_title":"HIDRAULINIS \u0160ONINIS PJOVIKLIS BDR, BD, BDL | Horomechanika","og_description":"BDR yra puikus papildomas \u017eol\u0117s pjoviklis. Jis gabalai aplink med\u012f \u017eol\u0117 ir vynuogi\u0173 nepa\u017eeid\u017eiant j\u012f. Unikali konstrukcija su atraminiais sukamuoju ratu u\u017etikrina geresn\u012f pjom\u0105, saugos darb\u0105, tiksl\u0173 jud\u0117jim\u0105 pagal jutiklio signalus, auk\u0161\u010dio reguliavim\u0105, reguliuojam\u0105 galin\u0119 i\u0161krov\u0105 ir geriau po nelygaus \u017eem\u0117s. Jo jud\u0117jim\u0105 aplink med\u017eius ir vynmed\u017eius kontroliuoja jutiklis. Naudojant flail \u017eoliapjov\u0117 ir hidraulin\u0117s pus\u0117s montuojamas sukamasis kateri\u0173 kartu, mes i\u0161vengti naudojant herbicid\u0173 ir dvigubo darbo, tai rei\u0161kia ma\u017eiau i\u0161laid\u0173 ir laiko. Kartu su tuo r\u016bpinam\u0117s sveikesne aplinka. Mes turime du modelius: \u2022 BDR, kuris gali b\u016bti montuojamas ant flail \u017eoliapjov\u0117s\u00a0ELITE\u00a0L  arba\u00a0ELITE\u00a0arba ELITE\u00a0OPEN\u00a0kartu su komplektas hidraulin\u0117s sistemos (alyvos konteineris ir siurbliai) arba \u2022 BD, BDL (kair\u0117je), kuri naudoja alyv\u0105 i\u0161 traktoriaus hidraulin\u0117s sistemos. Modelis BD gali b\u016bti montuojamas ant keli\u0173 \u017eem\u0117s \u016bkio ma\u0161in\u0173 (flail vejapjov\u0117s, rotacin\u0117s vairalazd\u0117s ...). Kad BD modelis b\u016bt\u0173 tinkamai veikiamas, traktorius turi atitikti kai kurias toliau apra\u0161ytas s\u0105lygas. Kaip versija, yra reguliavimas su pa\u017eangiu \"Gentle Cut\" (tiksliam pjovimui tarp plon\u0173 \/ jaun\u0173 koteli\u0173), su reguliuojamu auk\u0161\u010dio jutikliu. Reikalavimai traktoriaus hidraulinei BD \u0161onin\u0117s  vejapjov\u0117s naudojimo sistemai: \u2022 Alyvos srautas 28-35l\/min (i\u0161oriniams \u012ftaisams skirtame siurblyje!)  \u2022 Alyvos sl\u0117gis 160-200 bar  \u2022 Alyvos au\u0161intuvas traktoriuje \u2022 Hidraulin\u0117 jungtis su gr\u012f\u017etam\u0105j\u0105 linij\u0105 be sl\u0117gio","og_url":"https:\/\/www.horomechanika.lt\/ru\/product\/hidraulinis-soninis-pjovuklis-bdr-bd-bdl\/","og_site_name":"Horomechanika","article_publisher":"https:\/\/www.facebook.com\/UAB-Horo-mechanika-177091812471952","article_modified_time":"2021-01-21T09:35:33+00:00","og_image":[{"width":2560,"height":1977,"url":"https:\/\/www.horomechanika.lt\/wp-content\/uploads\/2020\/11\/Obrezan-BDR-2-diska_retusa-scaled.jpg","type":"image\/jpeg"}],"twitter_card":"summary_large_image","schema":{"@context":"https:\/\/schema.org","@graph":[{"@type":"WebPage","@id":"https:\/\/www.horomechanika.lt\/ru\/product\/hidraulinis-soninis-pjovuklis-bdr-bd-bdl\/","url":"https:\/\/www.horomechanika.lt\/ru\/product\/hidraulinis-soninis-pjovuklis-bdr-bd-bdl\/","name":"HIDRAULINIS \u0160ONINIS PJOVIKLIS BDR, BD, BDL | Horomechanika","isPartOf":{"@id":"https:\/\/www.horomechanika.lt\/#website"},"datePublished":"2020-11-06T12:39:57+00:00","dateModified":"2021-01-21T09:35:33+00:00","breadcrumb":{"@id":"https:\/\/www.horomechanika.lt\/ru\/product\/hidraulinis-soninis-pjovuklis-bdr-bd-bdl\/#breadcrumb"},"inLanguage":"ru-RU","potentialAction":[{"@type":"ReadAction","target":["https:\/\/www.horomechanika.lt\/ru\/product\/hidraulinis-soninis-pjovuklis-bdr-bd-bdl\/"]}]},{"@type":"BreadcrumbList","@id":"https:\/\/www.horomechanika.lt\/ru\/product\/hidraulinis-soninis-pjovuklis-bdr-bd-bdl\/#breadcrumb","itemListElement":[{"@type":"ListItem","position":1,"name":"Home","item":"https:\/\/www.horomechanika.lt\/"},{"@type":"ListItem","position":2,"name":"Shop","item":"https:\/\/www.horomechanika.lt\/ru\/shop-2\/"},{"@type":"ListItem","position":3,"name":"HIDRAULINIS \u0160ONINIS PJOVIKLIS BDR, BD, BDL"}]},{"@type":"WebSite","@id":"https:\/\/www.horomechanika.lt\/#website","url":"https:\/\/www.horomechanika.lt\/","name":"Horomechanika","description":"\u017dem\u0117s \u016akio Technika","publisher":{"@id":"https:\/\/www.horomechanika.lt\/#organization"},"potentialAction":[{"@type":"SearchAction","target":{"@type":"EntryPoint","urlTemplate":"https:\/\/www.horomechanika.lt\/?s={search_term_string}"},"query-input":"required name=search_term_string"}],"inLanguage":"ru-RU"},{"@type":"Organization","@id":"https:\/\/www.horomechanika.lt\/#organization","name":"UAB \"Horo mechanika\"","url":"https:\/\/www.horomechanika.lt\/","logo":{"@type":"ImageObject","inLanguage":"ru-RU","@id":"https:\/\/www.horomechanika.lt\/#\/schema\/logo\/image\/","url":"https:\/\/www.horomechanika.lt\/wp-content\/uploads\/2020\/05\/horomechanika-logo.png","contentUrl":"https:\/\/www.horomechanika.lt\/wp-content\/uploads\/2020\/05\/horomechanika-logo.png","width":137,"height":56,"caption":"UAB \"Horo mechanika\""},"image":{"@id":"https:\/\/www.horomechanika.lt\/#\/schema\/logo\/image\/"},"sameAs":["https:\/\/www.facebook.com\/UAB-Horo-mechanika-177091812471952"]}]}},"_links":{"self":[{"href":"https:\/\/www.horomechanika.lt\/ru\/wp-json\/wp\/v2\/product\/11955","targetHints":{"allow":["GET"]}}],"collection":[{"href":"https:\/\/www.horomechanika.lt\/ru\/wp-json\/wp\/v2\/product"}],"about":[{"href":"https:\/\/www.horomechanika.lt\/ru\/wp-json\/wp\/v2\/types\/product"}],"replies":[{"embeddable":true,"href":"https:\/\/www.horomechanika.lt\/ru\/wp-json\/wp\/v2\/comments?post=11955"}],"wp:featuredmedia":[{"embeddable":true,"href":"https:\/\/www.horomechanika.lt\/ru\/wp-json\/wp\/v2\/media\/11968"}],"wp:attachment":[{"href":"https:\/\/www.horomechanika.lt\/ru\/wp-json\/wp\/v2\/media?parent=11955"}],"wp:term":[{"taxonomy":"product_cat","embeddable":true,"href":"https:\/\/www.horomechanika.lt\/ru\/wp-json\/wp\/v2\/product_cat?post=11955"},{"taxonomy":"product_tag","embeddable":true,"href":"https:\/\/www.horomechanika.lt\/ru\/wp-json\/wp\/v2\/product_tag?post=11955"}],"curies":[{"name":"wp","href":"https:\/\/api.w.org\/{rel}","templated":true}]}}