{"id":11972,"date":"2020-11-06T17:02:42","date_gmt":"2020-11-06T14:02:42","guid":{"rendered":"http:\/\/horomechanika.lt\/?post_type=product&#038;p=11972"},"modified":"2022-05-18T16:11:37","modified_gmt":"2022-05-18T13:11:37","slug":"diskinis-skutikas-terfed","status":"publish","type":"product","link":"https:\/\/www.horomechanika.lt\/ru\/product\/diskinis-skutikas-terfed\/","title":{"rendered":"DISKINIS SKUTIKAS A TERFED"},"content":{"rendered":"<p>&nbsp;<\/p>\n<p><iframe loading=\"lazy\" title=\"TERFED 3,4 Skutikas dirba ramuniu lauke HORO MECHANIKA 861141142\" width=\"895\" height=\"503\" src=\"https:\/\/www.youtube.com\/embed\/epozidR467M?feature=oembed\" frameborder=\"0\" allow=\"accelerometer; autoplay; clipboard-write; encrypted-media; gyroscope; picture-in-picture\" allowfullscreen><\/iframe><\/p>\n<p><iframe loading=\"lazy\" title=\"\u0414\u0438\u0441\u043a\u043e\u0432\u0430\u044f \u0431\u043e\u0440\u043e\u043d\u0430 \u0422\u0430\u0443\u0440\u0443\u0441, \u0434\u043b\u044f \u041c\u0422\u0417 (\u043e\u0431\u0437\u043e\u0440 \u0440\u0430\u0431\u043e\u0442\u044b)\" width=\"895\" height=\"503\" src=\"https:\/\/www.youtube.com\/embed\/u-dQ2NA4YW8?feature=oembed\" frameborder=\"0\" allow=\"accelerometer; autoplay; clipboard-write; encrypted-media; gyroscope; picture-in-picture\" allowfullscreen><\/iframe><\/p>","protected":false},"excerpt":{"rendered":"<table width=\"0\">\n<tbody>\n<tr>\n<td width=\"285\"><strong>L\u0117k\u0161tinis skutikas<\/strong><\/td>\n<td width=\"142\"><strong>TERFED 2.4H<\/strong><\/td>\n<td width=\"142\"><strong>TERFED 2.8H<\/strong><\/td>\n<td width=\"142\"><strong>TERFED 3.4H<\/strong><\/td>\n<td width=\"171\"><strong>TERFED 4.2H<\/strong><\/td>\n<\/tr>\n<tr>\n<td width=\"285\">Darbinis plotis, mm<\/td>\n<td width=\"142\"><strong>2400<\/strong><\/td>\n<td width=\"142\"><strong>2800<\/strong><\/td>\n<td width=\"142\"><strong>3400<\/strong><\/td>\n<td width=\"171\"><strong>4200<\/strong><\/td>\n<\/tr>\n<tr>\n<td width=\"285\">L\u0117k\u0161t\u0117s diametras, mm<\/td>\n<td width=\"142\"><strong>660<\/strong><\/td>\n<td width=\"142\"><strong>660<\/strong><\/td>\n<td width=\"142\"><strong>660<\/strong><\/td>\n<td width=\"171\"><strong>660<\/strong><\/td>\n<\/tr>\n<tr>\n<td width=\"285\">Tipas<\/td>\n<td width=\"142\">Pakabinamas<\/td>\n<td width=\"142\">Pakabinamas<\/td>\n<td width=\"142\">Pakabinamas<\/td>\n<td width=\"171\">Pakabinamas -sulankstomas<\/td>\n<\/tr>\n<tr>\n<td width=\"285\">Sulankstymo tipas<\/td>\n<td width=\"142\">N\u0117ra<\/td>\n<td width=\"142\">N\u0117ra<\/td>\n<td width=\"142\">N\u0117ra<\/td>\n<td width=\"171\">Hidraulinis cilindras (2vnt.)<\/td>\n<\/tr>\n<tr>\n<td width=\"285\">Pakabinimo tipas<\/td>\n<td width=\"142\">Trita\u0161kis<\/td>\n<td width=\"142\">Trita\u0161kis<\/td>\n<td width=\"142\">Trita\u0161kis<\/td>\n<td width=\"171\">Trita\u0161kis<\/td>\n<\/tr>\n<tr>\n<td width=\"285\">R\u0117mo konstrukcija<\/td>\n<td width=\"142\">Besi\u016blis storasienis vamzdinis profilis<\/td>\n<td width=\"142\">Besi\u016blis storasienis vamzdinis profilis<\/td>\n<td width=\"142\">Besi\u016blis storasienis vamzdinis profilis<\/td>\n<td width=\"171\">Besi\u016blis storasienis vamzdinis profilis<\/td>\n<\/tr>\n<tr>\n<td width=\"285\">Apsauga nuo akmen\u0173 (guminiai defenderiai), vnt.\/ ant kojos<\/td>\n<td width=\"142\">4, (50\u00d7240 mm)<\/td>\n<td width=\"142\">4, (50\u00d7240 mm)<\/td>\n<td width=\"142\">4, (50\u00d7240 mm)<\/td>\n<td width=\"171\">4, (50\u00d7240 mm)<\/td>\n<\/tr>\n<tr>\n<td width=\"285\">Gumini\u0173 defenderi\u0173 apsauga nuo pasislinkimo<\/td>\n<td width=\"142\">Yra<\/td>\n<td width=\"142\">Yra<\/td>\n<td width=\"142\">Yra<\/td>\n<td width=\"171\">Yra<\/td>\n<\/tr>\n<tr>\n<td width=\"285\">Darbinis gylis, mm<\/td>\n<td width=\"142\">50 \u2013 200<\/td>\n<td width=\"142\">50 \u2013 200<\/td>\n<td width=\"142\">50 \u2013 200<\/td>\n<td width=\"171\">50 \u2013 200<\/td>\n<\/tr>\n<tr>\n<td width=\"285\">L\u0117k\u0161\u010di\u0173 \u2013 koj\u0173 skai\u010dius, vnt.<\/td>\n<td width=\"142\">14<\/td>\n<td width=\"142\">16<\/td>\n<td width=\"142\">18<\/td>\n<td width=\"171\"><strong>24<\/strong><\/td>\n<\/tr>\n<tr>\n<td width=\"285\">Darbin\u0117s l\u0117k\u0161t\u0117s lak\u0161to storis, mm<\/td>\n<td width=\"142\"><strong>6<\/strong><\/td>\n<td width=\"142\"><strong>6<\/strong><\/td>\n<td width=\"142\"><strong>6<\/strong><\/td>\n<td width=\"171\"><strong>6<\/strong><\/td>\n<\/tr>\n<tr>\n<td width=\"285\">Kojos ilgis su stebule, mm<\/td>\n<td width=\"142\">650<\/td>\n<td width=\"142\">650<\/td>\n<td width=\"142\">650<\/td>\n<td width=\"171\">650<\/td>\n<\/tr>\n<tr>\n<td width=\"285\">Kojos apkabos (laikiklio) plotis, mm<\/td>\n<td width=\"142\">320<\/td>\n<td width=\"142\">320<\/td>\n<td width=\"142\">320<\/td>\n<td width=\"171\">320<\/td>\n<\/tr>\n<tr>\n<td width=\"285\">Darbinis atakos kampas<\/td>\n<td width=\"142\"><strong>22<sup>o<\/sup><\/strong><\/td>\n<td width=\"142\"><strong>22<sup>o<\/sup><\/strong><\/td>\n<td width=\"142\"><strong>22<sup>o<\/sup><\/strong><\/td>\n<td width=\"171\"><strong>22<sup>o<\/sup><\/strong><\/td>\n<\/tr>\n<tr>\n<td width=\"285\">Atstumas tarp darbini\u0173 disk\u0173 eil\u0117je mm<\/td>\n<td width=\"142\"><strong>330<\/strong><\/td>\n<td width=\"142\"><strong>330<\/strong><\/td>\n<td width=\"142\"><strong>330<\/strong><\/td>\n<td width=\"171\"><strong>330<\/strong><\/td>\n<\/tr>\n<tr>\n<td width=\"285\">Atstumas tarp disk\u0173 eili\u0173 centr\u0173 (baz\u0117), mm<\/td>\n<td width=\"142\"><strong>1200<\/strong><\/td>\n<td width=\"142\"><strong>1200<\/strong><\/td>\n<td width=\"142\"><strong>1200<\/strong><\/td>\n<td width=\"171\"><strong>1200<\/strong><\/td>\n<\/tr>\n<tr>\n<td width=\"285\">Dvigubi guoliai SKF\u00a0 tvirtinami 2-j\u0173 var\u017et\u0173 pagalba<\/td>\n<td width=\"142\">\u201eSKF\u201c<\/td>\n<td width=\"142\">\u201eSKF\u201c<\/td>\n<td width=\"142\">\u201eSKF\u201c<\/td>\n<td width=\"171\">\u201eSKF\u201c<\/td>\n<\/tr>\n<tr>\n<td width=\"285\">Stebul\u0117s tvirtinimas prie atramin\u0117s kojos<\/td>\n<td width=\"142\">\u00a02 var\u017et\u0173<\/td>\n<td width=\"142\">\u00a02 var\u017et\u0173<\/td>\n<td width=\"142\">\u00a02 var\u017et\u0173<\/td>\n<td width=\"171\">\u00a02 var\u017et\u0173<\/td>\n<\/tr>\n<tr>\n<td width=\"285\">Gabaritinis ilgis, mm<\/td>\n<td width=\"142\"><strong>2600<\/strong><\/td>\n<td width=\"142\"><strong>2600<\/strong><\/td>\n<td width=\"142\"><strong>3500<\/strong><\/td>\n<td width=\"171\"><strong>3500<\/strong><\/td>\n<\/tr>\n<tr>\n<td width=\"285\">Gabaritinis plotis, mm<\/td>\n<td width=\"142\"><strong>3200<\/strong><\/td>\n<td width=\"142\">3600<\/td>\n<td width=\"142\"><strong>3550<\/strong><\/td>\n<td width=\"171\"><strong>4300<\/strong><\/td>\n<\/tr>\n<tr>\n<td width=\"285\">Gabaritinis plotis trasportuojant (sulanks\u010dius)<\/td>\n<td width=\"142\"><strong>X<\/strong><\/td>\n<td width=\"142\">X<\/td>\n<td width=\"142\"><strong>X<\/strong><\/td>\n<td width=\"171\"><strong>2550<\/strong><\/td>\n<\/tr>\n<tr>\n<td width=\"285\">Gabaritinis auk\u0161tis, mm<\/td>\n<td width=\"142\"><strong>1250<\/strong><\/td>\n<td width=\"142\"><strong>1250<\/strong><\/td>\n<td width=\"142\"><strong>1250<\/strong><\/td>\n<td width=\"171\"><strong>1250<\/strong><\/td>\n<\/tr>\n<tr>\n<td width=\"285\">Pro\u0161vaisa, mm<\/td>\n<td width=\"142\">300<\/td>\n<td width=\"142\">300<\/td>\n<td width=\"142\">300<\/td>\n<td width=\"171\">300<\/td>\n<\/tr>\n<tr>\n<td width=\"285\">Volo tipas<\/td>\n<td width=\"142\">Turbininis volas<\/td>\n<td width=\"142\">Turbininis volas<\/td>\n<td width=\"142\">Turbininis volas<\/td>\n<td width=\"171\">Turbininis volas<\/td>\n<\/tr>\n<tr>\n<td width=\"285\">Prispaudimo volo diametras, mm<\/td>\n<td width=\"142\">430<\/td>\n<td width=\"142\">430<\/td>\n<td width=\"142\">430<\/td>\n<td width=\"171\">430<\/td>\n<\/tr>\n<tr>\n<td width=\"285\">Reikalinga galia, AG<\/td>\n<td width=\"142\">70-85<\/td>\n<td width=\"142\">85-110<\/td>\n<td width=\"142\">110-140<\/td>\n<td width=\"171\">160-180<\/td>\n<\/tr>\n<tr>\n<td width=\"285\">Darbinis greitis (km \/ h)<\/td>\n<td width=\"142\">8-12<\/td>\n<td width=\"142\">8-12<\/td>\n<td width=\"142\">8-12<\/td>\n<td width=\"171\">8-12<\/td>\n<\/tr>\n<tr>\n<td width=\"285\">Transportavimo greitis bendro naudojimo keliais, km\/h<\/td>\n<td width=\"142\">\u226520<\/td>\n<td width=\"142\">\u226520<\/td>\n<td width=\"142\">\u226520<\/td>\n<td width=\"171\">\u226520<\/td>\n<\/tr>\n<tr>\n<td width=\"285\">Nuosavas\u00a0 svoris, kg<\/td>\n<td width=\"142\">1080<\/td>\n<td width=\"142\">1400<\/td>\n<td width=\"142\">1550<\/td>\n<td width=\"171\">2300<\/td>\n<\/tr>\n<\/tbody>\n<\/table>","protected":false},"featured_media":12002,"comment_status":"open","ping_status":"closed","template":"","meta":[],"product_cat":[239,131,136],"product_tag":[241],"class_list":["post-11972","product","type-product","status-publish","has-post-thumbnail","hentry","product_cat-pakabinami-skutikliai","product_cat-dirvos-skutikliai","product_cat-plugai","product_tag-diskinis-skutikas-a-terfed"],"yoast_head":"<!-- This site is optimized with the Yoast SEO plugin v20.1 - https:\/\/yoast.com\/wordpress\/plugins\/seo\/ -->\n<title>DISKINIS SKUTIKAS A TERFED | Horomechanika<\/title>\n<meta name=\"robots\" content=\"index, follow, max-snippet:-1, max-image-preview:large, max-video-preview:-1\" \/>\n<link rel=\"canonical\" href=\"https:\/\/www.horomechanika.lt\/ru\/product\/diskinis-skutikas-terfed\/\" \/>\n<meta property=\"og:locale\" content=\"ru_RU\" \/>\n<meta property=\"og:type\" content=\"article\" \/>\n<meta property=\"og:title\" content=\"DISKINIS SKUTIKAS A TERFED | Horomechanika\" \/>\n<meta property=\"og:description\" content=\"L\u0117k\u0161tinis skutikas TERFED 2.4H TERFED 2.8H TERFED 3.4H TERFED 4.2H   Darbinis plotis, mm 2400 2800 3400 4200   L\u0117k\u0161t\u0117s diametras, mm 660 660 660 660   Tipas Pakabinamas Pakabinamas Pakabinamas Pakabinamas -sulankstomas   Sulankstymo tipas N\u0117ra N\u0117ra N\u0117ra Hidraulinis cilindras (2vnt.)   Pakabinimo tipas Trita\u0161kis Trita\u0161kis Trita\u0161kis Trita\u0161kis   R\u0117mo konstrukcija Besi\u016blis storasienis vamzdinis profilis Besi\u016blis storasienis vamzdinis profilis Besi\u016blis storasienis vamzdinis profilis Besi\u016blis storasienis vamzdinis profilis   Apsauga nuo akmen\u0173 (guminiai defenderiai), vnt.\/ ant kojos 4, (50\u00d7240 mm) 4, (50\u00d7240 mm) 4, (50\u00d7240 mm) 4, (50\u00d7240 mm)   Gumini\u0173 defenderi\u0173 apsauga nuo pasislinkimo Yra Yra Yra Yra   Darbinis gylis, mm 50 \u2013 200 50 \u2013 200 50 \u2013 200 50 \u2013 200   L\u0117k\u0161\u010di\u0173 \u2013 koj\u0173 skai\u010dius, vnt. 14 16 18 24   Darbin\u0117s l\u0117k\u0161t\u0117s lak\u0161to storis, mm 6 6 6 6   Kojos ilgis su stebule, mm 650 650 650 650   Kojos apkabos (laikiklio) plotis, mm 320 320 320 320   Darbinis atakos kampas 22o 22o 22o 22o   Atstumas tarp darbini\u0173 disk\u0173 eil\u0117je mm 330 330 330 330   Atstumas tarp disk\u0173 eili\u0173 centr\u0173 (baz\u0117), mm 1200 1200 1200 1200   Dvigubi guoliai SKF\u00a0 tvirtinami 2-j\u0173 var\u017et\u0173 pagalba \u201eSKF\u201c \u201eSKF\u201c \u201eSKF\u201c \u201eSKF\u201c   Stebul\u0117s tvirtinimas prie atramin\u0117s kojos \u00a02 var\u017et\u0173 \u00a02 var\u017et\u0173 \u00a02 var\u017et\u0173 \u00a02 var\u017et\u0173   Gabaritinis ilgis, mm 2600 2600 3500 3500   Gabaritinis plotis, mm 3200 3600 3550 4300   Gabaritinis plotis trasportuojant (sulanks\u010dius) X X X 2550   Gabaritinis auk\u0161tis, mm 1250 1250 1250 1250   Pro\u0161vaisa, mm 300 300 300 300   Volo tipas Turbininis volas Turbininis volas Turbininis volas Turbininis volas   Prispaudimo volo diametras, mm 430 430 430 430   Reikalinga galia, AG 70-85 85-110 110-140 160-180   Darbinis greitis (km \/ h) 8-12 8-12 8-12 8-12   Transportavimo greitis bendro naudojimo keliais, km\/h \u226520 \u226520 \u226520 \u226520   Nuosavas\u00a0 svoris, kg 1080 1400 1550 2300\" \/>\n<meta property=\"og:url\" content=\"https:\/\/www.horomechanika.lt\/ru\/product\/diskinis-skutikas-terfed\/\" \/>\n<meta property=\"og:site_name\" content=\"Horomechanika\" \/>\n<meta property=\"article:publisher\" content=\"https:\/\/www.facebook.com\/UAB-Horo-mechanika-177091812471952\" \/>\n<meta property=\"article:modified_time\" content=\"2022-05-18T13:11:37+00:00\" \/>\n<meta property=\"og:image\" content=\"https:\/\/www.horomechanika.lt\/wp-content\/uploads\/2020\/11\/Be-pavadinimo-2-scaled.jpg\" \/>\n\t<meta property=\"og:image:width\" content=\"2560\" \/>\n\t<meta property=\"og:image:height\" content=\"1863\" \/>\n\t<meta property=\"og:image:type\" content=\"image\/jpeg\" \/>\n<meta name=\"twitter:card\" content=\"summary_large_image\" \/>\n<script type=\"application\/ld+json\" class=\"yoast-schema-graph\">{\"@context\":\"https:\/\/schema.org\",\"@graph\":[{\"@type\":\"WebPage\",\"@id\":\"https:\/\/www.horomechanika.lt\/product\/diskinis-skutikas-terfed\/\",\"url\":\"https:\/\/www.horomechanika.lt\/product\/diskinis-skutikas-terfed\/\",\"name\":\"DISKINIS SKUTIKAS A TERFED | Horomechanika\",\"isPartOf\":{\"@id\":\"https:\/\/www.horomechanika.lt\/#website\"},\"datePublished\":\"2020-11-06T14:02:42+00:00\",\"dateModified\":\"2022-05-18T13:11:37+00:00\",\"breadcrumb\":{\"@id\":\"https:\/\/www.horomechanika.lt\/product\/diskinis-skutikas-terfed\/#breadcrumb\"},\"inLanguage\":\"ru-RU\",\"potentialAction\":[{\"@type\":\"ReadAction\",\"target\":[\"https:\/\/www.horomechanika.lt\/product\/diskinis-skutikas-terfed\/\"]}]},{\"@type\":\"BreadcrumbList\",\"@id\":\"https:\/\/www.horomechanika.lt\/product\/diskinis-skutikas-terfed\/#breadcrumb\",\"itemListElement\":[{\"@type\":\"ListItem\",\"position\":1,\"name\":\"Home\",\"item\":\"https:\/\/www.horomechanika.lt\/\"},{\"@type\":\"ListItem\",\"position\":2,\"name\":\"Shop\",\"item\":\"https:\/\/www.horomechanika.lt\/ru\/shop-2\/\"},{\"@type\":\"ListItem\",\"position\":3,\"name\":\"DISKINIS SKUTIKAS A TERFED\"}]},{\"@type\":\"WebSite\",\"@id\":\"https:\/\/www.horomechanika.lt\/#website\",\"url\":\"https:\/\/www.horomechanika.lt\/\",\"name\":\"Horomechanika\",\"description\":\"\u017dem\u0117s \u016akio Technika\",\"publisher\":{\"@id\":\"https:\/\/www.horomechanika.lt\/#organization\"},\"potentialAction\":[{\"@type\":\"SearchAction\",\"target\":{\"@type\":\"EntryPoint\",\"urlTemplate\":\"https:\/\/www.horomechanika.lt\/?s={search_term_string}\"},\"query-input\":\"required name=search_term_string\"}],\"inLanguage\":\"ru-RU\"},{\"@type\":\"Organization\",\"@id\":\"https:\/\/www.horomechanika.lt\/#organization\",\"name\":\"UAB \\\"Horo mechanika\\\"\",\"url\":\"https:\/\/www.horomechanika.lt\/\",\"logo\":{\"@type\":\"ImageObject\",\"inLanguage\":\"ru-RU\",\"@id\":\"https:\/\/www.horomechanika.lt\/#\/schema\/logo\/image\/\",\"url\":\"https:\/\/www.horomechanika.lt\/wp-content\/uploads\/2020\/05\/horomechanika-logo.png\",\"contentUrl\":\"https:\/\/www.horomechanika.lt\/wp-content\/uploads\/2020\/05\/horomechanika-logo.png\",\"width\":137,\"height\":56,\"caption\":\"UAB \\\"Horo mechanika\\\"\"},\"image\":{\"@id\":\"https:\/\/www.horomechanika.lt\/#\/schema\/logo\/image\/\"},\"sameAs\":[\"https:\/\/www.facebook.com\/UAB-Horo-mechanika-177091812471952\"]}]}<\/script>\n<!-- \/ Yoast SEO plugin. -->","yoast_head_json":{"title":"DISKINIS SKUTIKAS A TERFED | Horomechanika","robots":{"index":"index","follow":"follow","max-snippet":"max-snippet:-1","max-image-preview":"max-image-preview:large","max-video-preview":"max-video-preview:-1"},"canonical":"https:\/\/www.horomechanika.lt\/ru\/product\/diskinis-skutikas-terfed\/","og_locale":"ru_RU","og_type":"article","og_title":"DISKINIS SKUTIKAS A TERFED | Horomechanika","og_description":"L\u0117k\u0161tinis skutikas TERFED 2.4H TERFED 2.8H TERFED 3.4H TERFED 4.2H   Darbinis plotis, mm 2400 2800 3400 4200   L\u0117k\u0161t\u0117s diametras, mm 660 660 660 660   Tipas Pakabinamas Pakabinamas Pakabinamas Pakabinamas -sulankstomas   Sulankstymo tipas N\u0117ra N\u0117ra N\u0117ra Hidraulinis cilindras (2vnt.)   Pakabinimo tipas Trita\u0161kis Trita\u0161kis Trita\u0161kis Trita\u0161kis   R\u0117mo konstrukcija Besi\u016blis storasienis vamzdinis profilis Besi\u016blis storasienis vamzdinis profilis Besi\u016blis storasienis vamzdinis profilis Besi\u016blis storasienis vamzdinis profilis   Apsauga nuo akmen\u0173 (guminiai defenderiai), vnt.\/ ant kojos 4, (50\u00d7240 mm) 4, (50\u00d7240 mm) 4, (50\u00d7240 mm) 4, (50\u00d7240 mm)   Gumini\u0173 defenderi\u0173 apsauga nuo pasislinkimo Yra Yra Yra Yra   Darbinis gylis, mm 50 \u2013 200 50 \u2013 200 50 \u2013 200 50 \u2013 200   L\u0117k\u0161\u010di\u0173 \u2013 koj\u0173 skai\u010dius, vnt. 14 16 18 24   Darbin\u0117s l\u0117k\u0161t\u0117s lak\u0161to storis, mm 6 6 6 6   Kojos ilgis su stebule, mm 650 650 650 650   Kojos apkabos (laikiklio) plotis, mm 320 320 320 320   Darbinis atakos kampas 22o 22o 22o 22o   Atstumas tarp darbini\u0173 disk\u0173 eil\u0117je mm 330 330 330 330   Atstumas tarp disk\u0173 eili\u0173 centr\u0173 (baz\u0117), mm 1200 1200 1200 1200   Dvigubi guoliai SKF\u00a0 tvirtinami 2-j\u0173 var\u017et\u0173 pagalba \u201eSKF\u201c \u201eSKF\u201c \u201eSKF\u201c \u201eSKF\u201c   Stebul\u0117s tvirtinimas prie atramin\u0117s kojos \u00a02 var\u017et\u0173 \u00a02 var\u017et\u0173 \u00a02 var\u017et\u0173 \u00a02 var\u017et\u0173   Gabaritinis ilgis, mm 2600 2600 3500 3500   Gabaritinis plotis, mm 3200 3600 3550 4300   Gabaritinis plotis trasportuojant (sulanks\u010dius) X X X 2550   Gabaritinis auk\u0161tis, mm 1250 1250 1250 1250   Pro\u0161vaisa, mm 300 300 300 300   Volo tipas Turbininis volas Turbininis volas Turbininis volas Turbininis volas   Prispaudimo volo diametras, mm 430 430 430 430   Reikalinga galia, AG 70-85 85-110 110-140 160-180   Darbinis greitis (km \/ h) 8-12 8-12 8-12 8-12   Transportavimo greitis bendro naudojimo keliais, km\/h \u226520 \u226520 \u226520 \u226520   Nuosavas\u00a0 svoris, kg 1080 1400 1550 2300","og_url":"https:\/\/www.horomechanika.lt\/ru\/product\/diskinis-skutikas-terfed\/","og_site_name":"Horomechanika","article_publisher":"https:\/\/www.facebook.com\/UAB-Horo-mechanika-177091812471952","article_modified_time":"2022-05-18T13:11:37+00:00","og_image":[{"width":2560,"height":1863,"url":"https:\/\/www.horomechanika.lt\/wp-content\/uploads\/2020\/11\/Be-pavadinimo-2-scaled.jpg","type":"image\/jpeg"}],"twitter_card":"summary_large_image","schema":{"@context":"https:\/\/schema.org","@graph":[{"@type":"WebPage","@id":"https:\/\/www.horomechanika.lt\/product\/diskinis-skutikas-terfed\/","url":"https:\/\/www.horomechanika.lt\/product\/diskinis-skutikas-terfed\/","name":"DISKINIS SKUTIKAS A TERFED | Horomechanika","isPartOf":{"@id":"https:\/\/www.horomechanika.lt\/#website"},"datePublished":"2020-11-06T14:02:42+00:00","dateModified":"2022-05-18T13:11:37+00:00","breadcrumb":{"@id":"https:\/\/www.horomechanika.lt\/product\/diskinis-skutikas-terfed\/#breadcrumb"},"inLanguage":"ru-RU","potentialAction":[{"@type":"ReadAction","target":["https:\/\/www.horomechanika.lt\/product\/diskinis-skutikas-terfed\/"]}]},{"@type":"BreadcrumbList","@id":"https:\/\/www.horomechanika.lt\/product\/diskinis-skutikas-terfed\/#breadcrumb","itemListElement":[{"@type":"ListItem","position":1,"name":"Home","item":"https:\/\/www.horomechanika.lt\/"},{"@type":"ListItem","position":2,"name":"Shop","item":"https:\/\/www.horomechanika.lt\/ru\/shop-2\/"},{"@type":"ListItem","position":3,"name":"DISKINIS SKUTIKAS A TERFED"}]},{"@type":"WebSite","@id":"https:\/\/www.horomechanika.lt\/#website","url":"https:\/\/www.horomechanika.lt\/","name":"Horomechanika","description":"\u017dem\u0117s \u016akio Technika","publisher":{"@id":"https:\/\/www.horomechanika.lt\/#organization"},"potentialAction":[{"@type":"SearchAction","target":{"@type":"EntryPoint","urlTemplate":"https:\/\/www.horomechanika.lt\/?s={search_term_string}"},"query-input":"required name=search_term_string"}],"inLanguage":"ru-RU"},{"@type":"Organization","@id":"https:\/\/www.horomechanika.lt\/#organization","name":"UAB \"Horo mechanika\"","url":"https:\/\/www.horomechanika.lt\/","logo":{"@type":"ImageObject","inLanguage":"ru-RU","@id":"https:\/\/www.horomechanika.lt\/#\/schema\/logo\/image\/","url":"https:\/\/www.horomechanika.lt\/wp-content\/uploads\/2020\/05\/horomechanika-logo.png","contentUrl":"https:\/\/www.horomechanika.lt\/wp-content\/uploads\/2020\/05\/horomechanika-logo.png","width":137,"height":56,"caption":"UAB \"Horo mechanika\""},"image":{"@id":"https:\/\/www.horomechanika.lt\/#\/schema\/logo\/image\/"},"sameAs":["https:\/\/www.facebook.com\/UAB-Horo-mechanika-177091812471952"]}]}},"_links":{"self":[{"href":"https:\/\/www.horomechanika.lt\/ru\/wp-json\/wp\/v2\/product\/11972","targetHints":{"allow":["GET"]}}],"collection":[{"href":"https:\/\/www.horomechanika.lt\/ru\/wp-json\/wp\/v2\/product"}],"about":[{"href":"https:\/\/www.horomechanika.lt\/ru\/wp-json\/wp\/v2\/types\/product"}],"replies":[{"embeddable":true,"href":"https:\/\/www.horomechanika.lt\/ru\/wp-json\/wp\/v2\/comments?post=11972"}],"wp:featuredmedia":[{"embeddable":true,"href":"https:\/\/www.horomechanika.lt\/ru\/wp-json\/wp\/v2\/media\/12002"}],"wp:attachment":[{"href":"https:\/\/www.horomechanika.lt\/ru\/wp-json\/wp\/v2\/media?parent=11972"}],"wp:term":[{"taxonomy":"product_cat","embeddable":true,"href":"https:\/\/www.horomechanika.lt\/ru\/wp-json\/wp\/v2\/product_cat?post=11972"},{"taxonomy":"product_tag","embeddable":true,"href":"https:\/\/www.horomechanika.lt\/ru\/wp-json\/wp\/v2\/product_tag?post=11972"}],"curies":[{"name":"wp","href":"https:\/\/api.w.org\/{rel}","templated":true}]}}