{"id":12004,"date":"2020-11-09T11:43:38","date_gmt":"2020-11-09T08:43:38","guid":{"rendered":"http:\/\/horomechanika.lt\/?post_type=product&#038;p=12004"},"modified":"2021-01-21T12:17:23","modified_gmt":"2021-01-21T09:17:23","slug":"priekaba-hm-2-12","status":"publish","type":"product","link":"https:\/\/www.horomechanika.lt\/ru\/product\/priekaba-hm-2-12\/","title":{"rendered":"PRIEKABA HM 2-12"},"content":{"rendered":"<table width=\"0\">\n<tbody>\n<tr>\n<td width=\"302\">Tu\u0161\u010dias svoris<\/td>\n<td width=\"302\">3500 KG<\/td>\n<\/tr>\n<tr>\n<td width=\"302\">Keliamoji galia<\/td>\n<td width=\"302\">12000 KG<\/td>\n<\/tr>\n<tr>\n<td width=\"302\">Apkrovos t\u016bris<\/td>\n<td width=\"302\">12,5 M3<\/td>\n<\/tr>\n<tr>\n<td width=\"302\">Montavimo sritis<\/td>\n<td width=\"302\">10,4 M2<\/td>\n<\/tr>\n<tr>\n<td width=\"302\">Ilgis ir plotis viduje platformos d\u0117klas<\/td>\n<td width=\"302\">4920 \/ 2120 mm<\/td>\n<\/tr>\n<tr>\n<td width=\"302\">Plotis i\u0161 u\u017e pakrovimo platformos rib\u0173<\/td>\n<td width=\"302\">5000 \/ 2200 mm<\/td>\n<\/tr>\n<tr>\n<td width=\"302\">Bendras ilgis \u2022 Plotis\u2022 Auk\u0161tis<\/td>\n<td width=\"302\">6900 \/ 2300 \/ 2500 MM<\/td>\n<\/tr>\n<tr>\n<td width=\"302\">Borto auk\u0161tis<\/td>\n<td width=\"302\">600 X 600 MM<\/td>\n<\/tr>\n<tr>\n<td width=\"302\">Grindys \u2022 Sienel\u0117s storis<\/td>\n<td width=\"302\">5 \/ 2 mm<\/td>\n<\/tr>\n<tr>\n<td width=\"302\">I\u0161matuotas platformos auk\u0161tis<\/td>\n<td width=\"302\">1300 mm<\/td>\n<\/tr>\n<tr>\n<td width=\"302\">Amortizacija<\/td>\n<td width=\"302\">Lingin\u0117<\/td>\n<\/tr>\n<tr>\n<td width=\"302\">Padangos<\/td>\n<td width=\"302\">520 \/ 50 &#8211; 17<\/td>\n<\/tr>\n<tr>\n<td width=\"302\">Did\u017eiausias greitis<\/td>\n<td width=\"302\">40 km\/h<\/td>\n<\/tr>\n<tr>\n<td width=\"302\">I\u0161vertimo sistema<\/td>\n<td width=\"302\">TRYS KRYPTYS<\/td>\n<\/tr>\n<tr>\n<td width=\"302\">Teleskopini\u0173 cilindr\u0173 skai\u010dius ir cilindr\u0173 sekcij\u0173 skai\u010dius<\/td>\n<td width=\"302\">1 \/ 5<\/td>\n<\/tr>\n<tr>\n<td width=\"302\">Alyvos poreikis<\/td>\n<td width=\"302\">24 Ltr<\/td>\n<\/tr>\n<tr>\n<td width=\"302\">Darbinis sl\u0117gis<\/td>\n<td width=\"302\">160 PS<\/td>\n<\/tr>\n<tr>\n<td width=\"302\">Minimalus traktoriaus galios reikalavimas<\/td>\n<td width=\"302\">100 AG \/ 74 KW<\/td>\n<\/tr>\n<\/tbody>\n<\/table>\n<p>&nbsp;<\/p>","protected":false},"excerpt":{"rendered":"<p style=\"text-align: left;\" align=\"center\"><b><i>Auk\u0161tos kokyb\u0117s savivart\u0117 traktorin\u0117 priekaba, galinti versti \u012f tris puses, skirta \u017eem\u0117s \u016bkio<\/i><\/b><\/p>\n<p style=\"text-align: left;\" align=\"center\"><b><i>produkt\u0173 ir kit\u0173 \u012fvairios frakcijos krovini\u0173 perve\u017eimui.<\/i><\/b><\/p>\n<p style=\"text-align: left;\" align=\"center\"><i>Va\u017eiuokl\u0117 dvia\u0161\u0117, lingin\u0117.<\/i><\/p>\n<p style=\"text-align: left;\" align=\"center\"><i>Priekin\u0117 a\u0161is vairuojama, pritvirtinta prie pos\u016bkio \u017eiedo.<\/i><\/p>\n<p style=\"text-align: left;\" align=\"center\"><i>Priekabose \u012frengta visus ratus stabdanti dviej\u0173 kont\u016br\u0173 pneumatin\u0117 arba hidraulin\u0117 stabd\u017ei\u0173 sistema.<\/i><\/p>\n<p style=\"text-align: left;\" align=\"center\"><i>Priekabos agreguojamos su traktoriais, turin\u010diais pneumatin\u0119 arba hidraulin\u0119 stabd\u017ei\u0173 valdymo sistem\u0105 bei hidraulikos ir elektros instaliacijos i\u0161vadus.\u00a0<\/i><\/p>\n<p style=\"text-align: left;\" align=\"center\"><i>K\u0117bulo apatiniai ir vir\u0161utiniai bortai yra nuimami, galima eksploatuoti kaip platform\u0105, galima sumontuoti atramas r\u0105stams ve\u017eti.<\/i><\/p>\n<p style=\"text-align: left;\" align=\"center\"><i>Priekabos atitinka Lietuvos bei ES ma\u0161in\u0173 saugos reikalavimus.<\/i><\/p>","protected":false},"featured_media":12008,"comment_status":"open","ping_status":"closed","template":"","meta":[],"product_cat":[111],"product_tag":[175,180,195],"class_list":["post-12004","product","type-product","status-publish","has-post-thumbnail","hentry","product_cat-priekabos","product_tag-bortai","product_tag-priekaba","product_tag-ziedas"],"yoast_head":"<!-- This site is optimized with the Yoast SEO plugin v20.1 - https:\/\/yoast.com\/wordpress\/plugins\/seo\/ -->\n<title>PRIEKABA HM 2-12 | Horomechanika<\/title>\n<meta name=\"robots\" content=\"index, follow, max-snippet:-1, max-image-preview:large, max-video-preview:-1\" \/>\n<link rel=\"canonical\" href=\"https:\/\/www.horomechanika.lt\/ru\/product\/priekaba-hm-2-12\/\" \/>\n<meta property=\"og:locale\" content=\"ru_RU\" \/>\n<meta property=\"og:type\" content=\"article\" \/>\n<meta property=\"og:title\" content=\"PRIEKABA HM 2-12 | Horomechanika\" \/>\n<meta property=\"og:description\" content=\"Auk\u0161tos kokyb\u0117s savivart\u0117 traktorin\u0117 priekaba, galinti versti \u012f tris puses, skirta \u017eem\u0117s \u016bkio produkt\u0173 ir kit\u0173 \u012fvairios frakcijos krovini\u0173 perve\u017eimui. Va\u017eiuokl\u0117 dvia\u0161\u0117, lingin\u0117. Priekin\u0117 a\u0161is vairuojama, pritvirtinta prie pos\u016bkio \u017eiedo. Priekabose \u012frengta visus ratus stabdanti dviej\u0173 kont\u016br\u0173 pneumatin\u0117 arba hidraulin\u0117 stabd\u017ei\u0173 sistema. Priekabos agreguojamos su traktoriais, turin\u010diais pneumatin\u0119 arba hidraulin\u0119 stabd\u017ei\u0173 valdymo sistem\u0105 bei hidraulikos ir elektros instaliacijos i\u0161vadus.\u00a0 K\u0117bulo apatiniai ir vir\u0161utiniai bortai yra nuimami, galima eksploatuoti kaip platform\u0105, galima sumontuoti atramas r\u0105stams ve\u017eti. Priekabos atitinka Lietuvos bei ES ma\u0161in\u0173 saugos reikalavimus.\" \/>\n<meta property=\"og:url\" content=\"https:\/\/www.horomechanika.lt\/ru\/product\/priekaba-hm-2-12\/\" \/>\n<meta property=\"og:site_name\" content=\"Horomechanika\" \/>\n<meta property=\"article:publisher\" content=\"https:\/\/www.facebook.com\/UAB-Horo-mechanika-177091812471952\" \/>\n<meta property=\"article:modified_time\" content=\"2021-01-21T09:17:23+00:00\" \/>\n<meta property=\"og:image\" content=\"https:\/\/www.horomechanika.lt\/wp-content\/uploads\/2020\/11\/637362097450000000-b75-679box12-ton-960-350.png\" \/>\n\t<meta property=\"og:image:width\" content=\"1169\" \/>\n\t<meta property=\"og:image:height\" content=\"647\" \/>\n\t<meta property=\"og:image:type\" content=\"image\/png\" \/>\n<meta name=\"twitter:card\" content=\"summary_large_image\" \/>\n<script type=\"application\/ld+json\" class=\"yoast-schema-graph\">{\"@context\":\"https:\/\/schema.org\",\"@graph\":[{\"@type\":\"WebPage\",\"@id\":\"https:\/\/www.horomechanika.lt\/ru\/product\/priekaba-hm-2-12\/\",\"url\":\"https:\/\/www.horomechanika.lt\/ru\/product\/priekaba-hm-2-12\/\",\"name\":\"PRIEKABA HM 2-12 | Horomechanika\",\"isPartOf\":{\"@id\":\"https:\/\/www.horomechanika.lt\/#website\"},\"datePublished\":\"2020-11-09T08:43:38+00:00\",\"dateModified\":\"2021-01-21T09:17:23+00:00\",\"breadcrumb\":{\"@id\":\"https:\/\/www.horomechanika.lt\/ru\/product\/priekaba-hm-2-12\/#breadcrumb\"},\"inLanguage\":\"ru-RU\",\"potentialAction\":[{\"@type\":\"ReadAction\",\"target\":[\"https:\/\/www.horomechanika.lt\/ru\/product\/priekaba-hm-2-12\/\"]}]},{\"@type\":\"BreadcrumbList\",\"@id\":\"https:\/\/www.horomechanika.lt\/ru\/product\/priekaba-hm-2-12\/#breadcrumb\",\"itemListElement\":[{\"@type\":\"ListItem\",\"position\":1,\"name\":\"Home\",\"item\":\"https:\/\/www.horomechanika.lt\/\"},{\"@type\":\"ListItem\",\"position\":2,\"name\":\"Shop\",\"item\":\"https:\/\/www.horomechanika.lt\/ru\/shop-2\/\"},{\"@type\":\"ListItem\",\"position\":3,\"name\":\"PRIEKABA HM 2-12\"}]},{\"@type\":\"WebSite\",\"@id\":\"https:\/\/www.horomechanika.lt\/#website\",\"url\":\"https:\/\/www.horomechanika.lt\/\",\"name\":\"Horomechanika\",\"description\":\"\u017dem\u0117s \u016akio Technika\",\"publisher\":{\"@id\":\"https:\/\/www.horomechanika.lt\/#organization\"},\"potentialAction\":[{\"@type\":\"SearchAction\",\"target\":{\"@type\":\"EntryPoint\",\"urlTemplate\":\"https:\/\/www.horomechanika.lt\/?s={search_term_string}\"},\"query-input\":\"required name=search_term_string\"}],\"inLanguage\":\"ru-RU\"},{\"@type\":\"Organization\",\"@id\":\"https:\/\/www.horomechanika.lt\/#organization\",\"name\":\"UAB \\\"Horo mechanika\\\"\",\"url\":\"https:\/\/www.horomechanika.lt\/\",\"logo\":{\"@type\":\"ImageObject\",\"inLanguage\":\"ru-RU\",\"@id\":\"https:\/\/www.horomechanika.lt\/#\/schema\/logo\/image\/\",\"url\":\"https:\/\/www.horomechanika.lt\/wp-content\/uploads\/2020\/05\/horomechanika-logo.png\",\"contentUrl\":\"https:\/\/www.horomechanika.lt\/wp-content\/uploads\/2020\/05\/horomechanika-logo.png\",\"width\":137,\"height\":56,\"caption\":\"UAB \\\"Horo mechanika\\\"\"},\"image\":{\"@id\":\"https:\/\/www.horomechanika.lt\/#\/schema\/logo\/image\/\"},\"sameAs\":[\"https:\/\/www.facebook.com\/UAB-Horo-mechanika-177091812471952\"]}]}<\/script>\n<!-- \/ Yoast SEO plugin. -->","yoast_head_json":{"title":"PRIEKABA HM 2-12 | Horomechanika","robots":{"index":"index","follow":"follow","max-snippet":"max-snippet:-1","max-image-preview":"max-image-preview:large","max-video-preview":"max-video-preview:-1"},"canonical":"https:\/\/www.horomechanika.lt\/ru\/product\/priekaba-hm-2-12\/","og_locale":"ru_RU","og_type":"article","og_title":"PRIEKABA HM 2-12 | Horomechanika","og_description":"Auk\u0161tos kokyb\u0117s savivart\u0117 traktorin\u0117 priekaba, galinti versti \u012f tris puses, skirta \u017eem\u0117s \u016bkio produkt\u0173 ir kit\u0173 \u012fvairios frakcijos krovini\u0173 perve\u017eimui. Va\u017eiuokl\u0117 dvia\u0161\u0117, lingin\u0117. Priekin\u0117 a\u0161is vairuojama, pritvirtinta prie pos\u016bkio \u017eiedo. Priekabose \u012frengta visus ratus stabdanti dviej\u0173 kont\u016br\u0173 pneumatin\u0117 arba hidraulin\u0117 stabd\u017ei\u0173 sistema. Priekabos agreguojamos su traktoriais, turin\u010diais pneumatin\u0119 arba hidraulin\u0119 stabd\u017ei\u0173 valdymo sistem\u0105 bei hidraulikos ir elektros instaliacijos i\u0161vadus.\u00a0 K\u0117bulo apatiniai ir vir\u0161utiniai bortai yra nuimami, galima eksploatuoti kaip platform\u0105, galima sumontuoti atramas r\u0105stams ve\u017eti. Priekabos atitinka Lietuvos bei ES ma\u0161in\u0173 saugos reikalavimus.","og_url":"https:\/\/www.horomechanika.lt\/ru\/product\/priekaba-hm-2-12\/","og_site_name":"Horomechanika","article_publisher":"https:\/\/www.facebook.com\/UAB-Horo-mechanika-177091812471952","article_modified_time":"2021-01-21T09:17:23+00:00","og_image":[{"width":1169,"height":647,"url":"https:\/\/www.horomechanika.lt\/wp-content\/uploads\/2020\/11\/637362097450000000-b75-679box12-ton-960-350.png","type":"image\/png"}],"twitter_card":"summary_large_image","schema":{"@context":"https:\/\/schema.org","@graph":[{"@type":"WebPage","@id":"https:\/\/www.horomechanika.lt\/ru\/product\/priekaba-hm-2-12\/","url":"https:\/\/www.horomechanika.lt\/ru\/product\/priekaba-hm-2-12\/","name":"PRIEKABA HM 2-12 | Horomechanika","isPartOf":{"@id":"https:\/\/www.horomechanika.lt\/#website"},"datePublished":"2020-11-09T08:43:38+00:00","dateModified":"2021-01-21T09:17:23+00:00","breadcrumb":{"@id":"https:\/\/www.horomechanika.lt\/ru\/product\/priekaba-hm-2-12\/#breadcrumb"},"inLanguage":"ru-RU","potentialAction":[{"@type":"ReadAction","target":["https:\/\/www.horomechanika.lt\/ru\/product\/priekaba-hm-2-12\/"]}]},{"@type":"BreadcrumbList","@id":"https:\/\/www.horomechanika.lt\/ru\/product\/priekaba-hm-2-12\/#breadcrumb","itemListElement":[{"@type":"ListItem","position":1,"name":"Home","item":"https:\/\/www.horomechanika.lt\/"},{"@type":"ListItem","position":2,"name":"Shop","item":"https:\/\/www.horomechanika.lt\/ru\/shop-2\/"},{"@type":"ListItem","position":3,"name":"PRIEKABA HM 2-12"}]},{"@type":"WebSite","@id":"https:\/\/www.horomechanika.lt\/#website","url":"https:\/\/www.horomechanika.lt\/","name":"Horomechanika","description":"\u017dem\u0117s \u016akio Technika","publisher":{"@id":"https:\/\/www.horomechanika.lt\/#organization"},"potentialAction":[{"@type":"SearchAction","target":{"@type":"EntryPoint","urlTemplate":"https:\/\/www.horomechanika.lt\/?s={search_term_string}"},"query-input":"required name=search_term_string"}],"inLanguage":"ru-RU"},{"@type":"Organization","@id":"https:\/\/www.horomechanika.lt\/#organization","name":"UAB \"Horo mechanika\"","url":"https:\/\/www.horomechanika.lt\/","logo":{"@type":"ImageObject","inLanguage":"ru-RU","@id":"https:\/\/www.horomechanika.lt\/#\/schema\/logo\/image\/","url":"https:\/\/www.horomechanika.lt\/wp-content\/uploads\/2020\/05\/horomechanika-logo.png","contentUrl":"https:\/\/www.horomechanika.lt\/wp-content\/uploads\/2020\/05\/horomechanika-logo.png","width":137,"height":56,"caption":"UAB \"Horo mechanika\""},"image":{"@id":"https:\/\/www.horomechanika.lt\/#\/schema\/logo\/image\/"},"sameAs":["https:\/\/www.facebook.com\/UAB-Horo-mechanika-177091812471952"]}]}},"_links":{"self":[{"href":"https:\/\/www.horomechanika.lt\/ru\/wp-json\/wp\/v2\/product\/12004","targetHints":{"allow":["GET"]}}],"collection":[{"href":"https:\/\/www.horomechanika.lt\/ru\/wp-json\/wp\/v2\/product"}],"about":[{"href":"https:\/\/www.horomechanika.lt\/ru\/wp-json\/wp\/v2\/types\/product"}],"replies":[{"embeddable":true,"href":"https:\/\/www.horomechanika.lt\/ru\/wp-json\/wp\/v2\/comments?post=12004"}],"wp:featuredmedia":[{"embeddable":true,"href":"https:\/\/www.horomechanika.lt\/ru\/wp-json\/wp\/v2\/media\/12008"}],"wp:attachment":[{"href":"https:\/\/www.horomechanika.lt\/ru\/wp-json\/wp\/v2\/media?parent=12004"}],"wp:term":[{"taxonomy":"product_cat","embeddable":true,"href":"https:\/\/www.horomechanika.lt\/ru\/wp-json\/wp\/v2\/product_cat?post=12004"},{"taxonomy":"product_tag","embeddable":true,"href":"https:\/\/www.horomechanika.lt\/ru\/wp-json\/wp\/v2\/product_tag?post=12004"}],"curies":[{"name":"wp","href":"https:\/\/api.w.org\/{rel}","templated":true}]}}