{"id":12071,"date":"2020-11-09T17:38:24","date_gmt":"2020-11-09T14:38:24","guid":{"rendered":"http:\/\/horomechanika.lt\/?post_type=product&#038;p=12071"},"modified":"2021-01-21T12:14:01","modified_gmt":"2021-01-21T09:14:01","slug":"puspriekabe-hm-1-3","status":"publish","type":"product","link":"https:\/\/www.horomechanika.lt\/ru\/product\/puspriekabe-hm-1-3\/","title":{"rendered":"PUSPRIEKAB\u0116 HM 1-3"},"content":{"rendered":"<table width=\"0\">\n<tbody>\n<tr>\n<td width=\"371\">Tu\u0161\u010dias svoris<\/td>\n<td width=\"534\">1400 KG<\/td>\n<\/tr>\n<tr>\n<td width=\"371\">Keliamoji galia<\/td>\n<td width=\"534\">3000 KG<\/td>\n<\/tr>\n<tr>\n<td width=\"371\">Apkrovos t\u016bris<\/td>\n<td width=\"534\">4,8 M3<\/td>\n<\/tr>\n<tr>\n<td width=\"371\">&amp; Ilgis ir plotis viduje Pakrovimo d\u0117klas<\/td>\n<td width=\"534\">3480 \/ 1920 mm<\/td>\n<\/tr>\n<tr>\n<td width=\"371\">Bendras ilgis \u2022 Plotis\u2022 Auk\u0161tis<\/td>\n<td width=\"534\">4750 \/ 2120 \/ 1780 MM<\/td>\n<\/tr>\n<tr>\n<td width=\"371\">Skruosto auk\u0161tis<\/td>\n<td width=\"534\">500 MM<\/td>\n<\/tr>\n<tr>\n<td width=\"371\">Grindys \u2022 Sienel\u0117s storis<\/td>\n<td width=\"534\">3 \/ 2<\/td>\n<\/tr>\n<tr>\n<td width=\"371\">I\u0161matuotas platformos auk\u0161tis<\/td>\n<td width=\"534\">1033 mm atstumu<\/td>\n<\/tr>\n<tr>\n<td width=\"371\">Padangos<\/td>\n<td width=\"534\">12.5 \/ 80 &#8211; 15.3<\/td>\n<\/tr>\n<tr>\n<td width=\"371\">Did\u017eiausias greitis<\/td>\n<td width=\"534\">40 km\/h<\/td>\n<\/tr>\n<tr>\n<td width=\"371\">I\u0161vertimo sistema<\/td>\n<td width=\"534\">TRYS KRYPTYS<\/td>\n<\/tr>\n<tr>\n<td width=\"371\">Teleskopini\u0173 cilindr\u0173 skai\u010dius ir cilindr\u0173 sekcij\u0173 skai\u010dius<\/td>\n<td width=\"534\">1 \/ 3<\/td>\n<\/tr>\n<tr>\n<td width=\"371\">Alyvos poreikis<\/td>\n<td width=\"534\">8 Ltr<\/td>\n<\/tr>\n<tr>\n<td width=\"371\">Darbinis sl\u0117gis<\/td>\n<td width=\"534\">160 PS<\/td>\n<\/tr>\n<tr>\n<td width=\"371\">Minimalus traktoriaus galios reikalavimas<\/td>\n<td width=\"534\">40 AG \/ 29 KW<\/td>\n<\/tr>\n<\/tbody>\n<\/table>","protected":false},"excerpt":{"rendered":"<p>Gr\u016bd\u0173 perve\u017eimo puspriekab\u0117 yra speciali darbo priemon\u0117. Pagrindinis skirtumas nuo \u012fprastos tos pa\u010dios keliamosios galios savivart\u0117s priekabos yra priekabos konstrukcija, kuri suprojektuota taip, kad ji gali b\u016bti naudojama kaip platformin\u0117 arba dviej\u0173 skirting\u0173 \u0161on\u0173 auk\u0161\u010dio priekaba.<\/p>\n<p>Nuimt\u0173 bort\u0173 gamyboje panaudotas plonesnis lak\u0161tinis plienas, kad bortus pakeisti b\u016bt\u0173 kuo lengviau, bet bort\u0173 profilis yra pakankamai tvirtas biriems kroviniams ve\u017eti. D\u0117l nuimam\u0173 ir lengvos konstrukcijos bort\u0173, biriems kroviniams ve\u017eti skirta priekaba.<\/p>\n<p><strong>Yapatyb\u0117s:<\/strong><\/p>\n<p>HM puspriekab\u0117s,\u00a0 Su \u0161ia puspriekabe galima va\u017eiuoti net 40 km\/val. grei\u010diu. \u0160ios puspriekab\u0117s pasi\u017eymi i\u0161skirtiniu funkcionalumu. Jas eksploatuoti galima ne tik kaip puspriekab\u0119 su bortais, bet ir kaip platform\u0105. Nedidelis platformos auk\u0161tis nuo \u017eem\u0117sdaro j\u0105 ypatingai patogi\u0105 pakrauti.<\/p>","protected":false},"featured_media":12110,"comment_status":"open","ping_status":"closed","template":"","meta":[],"product_cat":[113],"product_tag":[175,180,195],"class_list":["post-12071","product","type-product","status-publish","has-post-thumbnail","hentry","product_cat-tripusio-vertimo","product_tag-bortai","product_tag-priekaba","product_tag-ziedas"],"yoast_head":"<!-- This site is optimized with the Yoast SEO plugin v20.1 - https:\/\/yoast.com\/wordpress\/plugins\/seo\/ -->\n<title>PUSPRIEKAB\u0116 HM 1-3 | Horomechanika<\/title>\n<meta name=\"robots\" content=\"index, follow, max-snippet:-1, max-image-preview:large, max-video-preview:-1\" \/>\n<link rel=\"canonical\" href=\"https:\/\/www.horomechanika.lt\/ru\/product\/puspriekabe-hm-1-3\/\" \/>\n<meta property=\"og:locale\" content=\"ru_RU\" \/>\n<meta property=\"og:type\" content=\"article\" \/>\n<meta property=\"og:title\" content=\"PUSPRIEKAB\u0116 HM 1-3 | Horomechanika\" \/>\n<meta property=\"og:description\" content=\"Gr\u016bd\u0173 perve\u017eimo puspriekab\u0117 yra speciali darbo priemon\u0117. Pagrindinis skirtumas nuo \u012fprastos tos pa\u010dios keliamosios galios savivart\u0117s priekabos yra priekabos konstrukcija, kuri suprojektuota taip, kad ji gali b\u016bti naudojama kaip platformin\u0117 arba dviej\u0173 skirting\u0173 \u0161on\u0173 auk\u0161\u010dio priekaba.  Nuimt\u0173 bort\u0173 gamyboje panaudotas plonesnis lak\u0161tinis plienas, kad bortus pakeisti b\u016bt\u0173 kuo lengviau, bet bort\u0173 profilis yra pakankamai tvirtas biriems kroviniams ve\u017eti. D\u0117l nuimam\u0173 ir lengvos konstrukcijos bort\u0173, biriems kroviniams ve\u017eti skirta priekaba.  Yapatyb\u0117s:  HM puspriekab\u0117s,\u00a0 Su \u0161ia puspriekabe galima va\u017eiuoti net 40 km\/val. grei\u010diu. \u0160ios puspriekab\u0117s pasi\u017eymi i\u0161skirtiniu funkcionalumu. Jas eksploatuoti galima ne tik kaip puspriekab\u0119 su bortais, bet ir kaip platform\u0105. Nedidelis platformos auk\u0161tis nuo \u017eem\u0117sdaro j\u0105 ypatingai patogi\u0105 pakrauti.\" \/>\n<meta property=\"og:url\" content=\"https:\/\/www.horomechanika.lt\/ru\/product\/puspriekabe-hm-1-3\/\" \/>\n<meta property=\"og:site_name\" content=\"Horomechanika\" \/>\n<meta property=\"article:publisher\" content=\"https:\/\/www.facebook.com\/UAB-Horo-mechanika-177091812471952\" \/>\n<meta property=\"article:modified_time\" content=\"2021-01-21T09:14:01+00:00\" \/>\n<meta property=\"og:image\" content=\"https:\/\/www.horomechanika.lt\/wp-content\/uploads\/2020\/11\/p.jpg\" \/>\n\t<meta property=\"og:image:width\" content=\"1512\" \/>\n\t<meta property=\"og:image:height\" content=\"1220\" \/>\n\t<meta property=\"og:image:type\" content=\"image\/jpeg\" \/>\n<meta name=\"twitter:card\" content=\"summary_large_image\" \/>\n<script type=\"application\/ld+json\" class=\"yoast-schema-graph\">{\"@context\":\"https:\/\/schema.org\",\"@graph\":[{\"@type\":\"WebPage\",\"@id\":\"https:\/\/www.horomechanika.lt\/ru\/product\/puspriekabe-hm-1-3\/\",\"url\":\"https:\/\/www.horomechanika.lt\/ru\/product\/puspriekabe-hm-1-3\/\",\"name\":\"PUSPRIEKAB\u0116 HM 1-3 | Horomechanika\",\"isPartOf\":{\"@id\":\"https:\/\/www.horomechanika.lt\/#website\"},\"datePublished\":\"2020-11-09T14:38:24+00:00\",\"dateModified\":\"2021-01-21T09:14:01+00:00\",\"breadcrumb\":{\"@id\":\"https:\/\/www.horomechanika.lt\/ru\/product\/puspriekabe-hm-1-3\/#breadcrumb\"},\"inLanguage\":\"ru-RU\",\"potentialAction\":[{\"@type\":\"ReadAction\",\"target\":[\"https:\/\/www.horomechanika.lt\/ru\/product\/puspriekabe-hm-1-3\/\"]}]},{\"@type\":\"BreadcrumbList\",\"@id\":\"https:\/\/www.horomechanika.lt\/ru\/product\/puspriekabe-hm-1-3\/#breadcrumb\",\"itemListElement\":[{\"@type\":\"ListItem\",\"position\":1,\"name\":\"Home\",\"item\":\"https:\/\/www.horomechanika.lt\/\"},{\"@type\":\"ListItem\",\"position\":2,\"name\":\"Shop\",\"item\":\"https:\/\/www.horomechanika.lt\/ru\/shop-2\/\"},{\"@type\":\"ListItem\",\"position\":3,\"name\":\"PUSPRIEKAB\u0116 HM 1-3\"}]},{\"@type\":\"WebSite\",\"@id\":\"https:\/\/www.horomechanika.lt\/#website\",\"url\":\"https:\/\/www.horomechanika.lt\/\",\"name\":\"Horomechanika\",\"description\":\"\u017dem\u0117s \u016akio Technika\",\"publisher\":{\"@id\":\"https:\/\/www.horomechanika.lt\/#organization\"},\"potentialAction\":[{\"@type\":\"SearchAction\",\"target\":{\"@type\":\"EntryPoint\",\"urlTemplate\":\"https:\/\/www.horomechanika.lt\/?s={search_term_string}\"},\"query-input\":\"required name=search_term_string\"}],\"inLanguage\":\"ru-RU\"},{\"@type\":\"Organization\",\"@id\":\"https:\/\/www.horomechanika.lt\/#organization\",\"name\":\"UAB \\\"Horo mechanika\\\"\",\"url\":\"https:\/\/www.horomechanika.lt\/\",\"logo\":{\"@type\":\"ImageObject\",\"inLanguage\":\"ru-RU\",\"@id\":\"https:\/\/www.horomechanika.lt\/#\/schema\/logo\/image\/\",\"url\":\"https:\/\/www.horomechanika.lt\/wp-content\/uploads\/2020\/05\/horomechanika-logo.png\",\"contentUrl\":\"https:\/\/www.horomechanika.lt\/wp-content\/uploads\/2020\/05\/horomechanika-logo.png\",\"width\":137,\"height\":56,\"caption\":\"UAB \\\"Horo mechanika\\\"\"},\"image\":{\"@id\":\"https:\/\/www.horomechanika.lt\/#\/schema\/logo\/image\/\"},\"sameAs\":[\"https:\/\/www.facebook.com\/UAB-Horo-mechanika-177091812471952\"]}]}<\/script>\n<!-- \/ Yoast SEO plugin. -->","yoast_head_json":{"title":"PUSPRIEKAB\u0116 HM 1-3 | Horomechanika","robots":{"index":"index","follow":"follow","max-snippet":"max-snippet:-1","max-image-preview":"max-image-preview:large","max-video-preview":"max-video-preview:-1"},"canonical":"https:\/\/www.horomechanika.lt\/ru\/product\/puspriekabe-hm-1-3\/","og_locale":"ru_RU","og_type":"article","og_title":"PUSPRIEKAB\u0116 HM 1-3 | Horomechanika","og_description":"Gr\u016bd\u0173 perve\u017eimo puspriekab\u0117 yra speciali darbo priemon\u0117. Pagrindinis skirtumas nuo \u012fprastos tos pa\u010dios keliamosios galios savivart\u0117s priekabos yra priekabos konstrukcija, kuri suprojektuota taip, kad ji gali b\u016bti naudojama kaip platformin\u0117 arba dviej\u0173 skirting\u0173 \u0161on\u0173 auk\u0161\u010dio priekaba.  Nuimt\u0173 bort\u0173 gamyboje panaudotas plonesnis lak\u0161tinis plienas, kad bortus pakeisti b\u016bt\u0173 kuo lengviau, bet bort\u0173 profilis yra pakankamai tvirtas biriems kroviniams ve\u017eti. D\u0117l nuimam\u0173 ir lengvos konstrukcijos bort\u0173, biriems kroviniams ve\u017eti skirta priekaba.  Yapatyb\u0117s:  HM puspriekab\u0117s,\u00a0 Su \u0161ia puspriekabe galima va\u017eiuoti net 40 km\/val. grei\u010diu. \u0160ios puspriekab\u0117s pasi\u017eymi i\u0161skirtiniu funkcionalumu. Jas eksploatuoti galima ne tik kaip puspriekab\u0119 su bortais, bet ir kaip platform\u0105. Nedidelis platformos auk\u0161tis nuo \u017eem\u0117sdaro j\u0105 ypatingai patogi\u0105 pakrauti.","og_url":"https:\/\/www.horomechanika.lt\/ru\/product\/puspriekabe-hm-1-3\/","og_site_name":"Horomechanika","article_publisher":"https:\/\/www.facebook.com\/UAB-Horo-mechanika-177091812471952","article_modified_time":"2021-01-21T09:14:01+00:00","og_image":[{"width":1512,"height":1220,"url":"https:\/\/www.horomechanika.lt\/wp-content\/uploads\/2020\/11\/p.jpg","type":"image\/jpeg"}],"twitter_card":"summary_large_image","schema":{"@context":"https:\/\/schema.org","@graph":[{"@type":"WebPage","@id":"https:\/\/www.horomechanika.lt\/ru\/product\/puspriekabe-hm-1-3\/","url":"https:\/\/www.horomechanika.lt\/ru\/product\/puspriekabe-hm-1-3\/","name":"PUSPRIEKAB\u0116 HM 1-3 | Horomechanika","isPartOf":{"@id":"https:\/\/www.horomechanika.lt\/#website"},"datePublished":"2020-11-09T14:38:24+00:00","dateModified":"2021-01-21T09:14:01+00:00","breadcrumb":{"@id":"https:\/\/www.horomechanika.lt\/ru\/product\/puspriekabe-hm-1-3\/#breadcrumb"},"inLanguage":"ru-RU","potentialAction":[{"@type":"ReadAction","target":["https:\/\/www.horomechanika.lt\/ru\/product\/puspriekabe-hm-1-3\/"]}]},{"@type":"BreadcrumbList","@id":"https:\/\/www.horomechanika.lt\/ru\/product\/puspriekabe-hm-1-3\/#breadcrumb","itemListElement":[{"@type":"ListItem","position":1,"name":"Home","item":"https:\/\/www.horomechanika.lt\/"},{"@type":"ListItem","position":2,"name":"Shop","item":"https:\/\/www.horomechanika.lt\/ru\/shop-2\/"},{"@type":"ListItem","position":3,"name":"PUSPRIEKAB\u0116 HM 1-3"}]},{"@type":"WebSite","@id":"https:\/\/www.horomechanika.lt\/#website","url":"https:\/\/www.horomechanika.lt\/","name":"Horomechanika","description":"\u017dem\u0117s \u016akio Technika","publisher":{"@id":"https:\/\/www.horomechanika.lt\/#organization"},"potentialAction":[{"@type":"SearchAction","target":{"@type":"EntryPoint","urlTemplate":"https:\/\/www.horomechanika.lt\/?s={search_term_string}"},"query-input":"required name=search_term_string"}],"inLanguage":"ru-RU"},{"@type":"Organization","@id":"https:\/\/www.horomechanika.lt\/#organization","name":"UAB \"Horo mechanika\"","url":"https:\/\/www.horomechanika.lt\/","logo":{"@type":"ImageObject","inLanguage":"ru-RU","@id":"https:\/\/www.horomechanika.lt\/#\/schema\/logo\/image\/","url":"https:\/\/www.horomechanika.lt\/wp-content\/uploads\/2020\/05\/horomechanika-logo.png","contentUrl":"https:\/\/www.horomechanika.lt\/wp-content\/uploads\/2020\/05\/horomechanika-logo.png","width":137,"height":56,"caption":"UAB \"Horo mechanika\""},"image":{"@id":"https:\/\/www.horomechanika.lt\/#\/schema\/logo\/image\/"},"sameAs":["https:\/\/www.facebook.com\/UAB-Horo-mechanika-177091812471952"]}]}},"_links":{"self":[{"href":"https:\/\/www.horomechanika.lt\/ru\/wp-json\/wp\/v2\/product\/12071","targetHints":{"allow":["GET"]}}],"collection":[{"href":"https:\/\/www.horomechanika.lt\/ru\/wp-json\/wp\/v2\/product"}],"about":[{"href":"https:\/\/www.horomechanika.lt\/ru\/wp-json\/wp\/v2\/types\/product"}],"replies":[{"embeddable":true,"href":"https:\/\/www.horomechanika.lt\/ru\/wp-json\/wp\/v2\/comments?post=12071"}],"wp:featuredmedia":[{"embeddable":true,"href":"https:\/\/www.horomechanika.lt\/ru\/wp-json\/wp\/v2\/media\/12110"}],"wp:attachment":[{"href":"https:\/\/www.horomechanika.lt\/ru\/wp-json\/wp\/v2\/media?parent=12071"}],"wp:term":[{"taxonomy":"product_cat","embeddable":true,"href":"https:\/\/www.horomechanika.lt\/ru\/wp-json\/wp\/v2\/product_cat?post=12071"},{"taxonomy":"product_tag","embeddable":true,"href":"https:\/\/www.horomechanika.lt\/ru\/wp-json\/wp\/v2\/product_tag?post=12071"}],"curies":[{"name":"wp","href":"https:\/\/api.w.org\/{rel}","templated":true}]}}