{"id":12111,"date":"2020-11-10T17:11:43","date_gmt":"2020-11-10T14:11:43","guid":{"rendered":"http:\/\/horomechanika.lt\/?post_type=product&#038;p=12111"},"modified":"2022-05-18T13:06:01","modified_gmt":"2022-05-18T10:06:01","slug":"diskinis-skutikas-astra-atd","status":"publish","type":"product","link":"https:\/\/www.horomechanika.lt\/ru\/product\/diskinis-skutikas-astra-atd\/","title":{"rendered":"DISKINIS SKUTIKAS ASTRA ATD"},"content":{"rendered":"<table>\n<tbody>\n<tr>\n<td colspan=\"7\" width=\"650\">ASTRA ATD &#8211; diskinis kultivatorius &#8211; prikabinama versija + hidroliftas (1,3 t) + padanginis volas + gr\u0105\u017eulas<\/td>\n<\/tr>\n<tr>\n<td colspan=\"7\" width=\"650\">Dvi disk\u0173 eil\u0117s, hidroliftas (1,3 t), \u0161oniniai ekranai; padanginis volas, gr\u0105\u017eulas, disk\u0173 tarpueiliai 76 cm, reguliuojami kra\u0161tini\u0173 disk\u0173 kampas ir darbinis auk\u0161tis (ATD30), hidraulinis darbinio gylio reguliavimas, milteliniu b\u016bdu padengtas r\u0117mas<\/td>\n<\/tr>\n<tr>\n<td width=\"193\"><strong>Modelis <\/strong><\/td>\n<td colspan=\"2\" width=\"152\"><strong>ATD25<\/strong><\/td>\n<td colspan=\"2\" width=\"152\"><strong>ATD30<\/strong><\/td>\n<td colspan=\"2\" width=\"152\"><strong>ATD40<\/strong><\/td>\n<\/tr>\n<tr>\n<td width=\"193\"><strong>Darbinis plotis [m]<\/strong><\/td>\n<td colspan=\"2\" width=\"152\">2,5<\/td>\n<td colspan=\"2\" width=\"152\">3<\/td>\n<td colspan=\"2\" width=\"152\">4<\/td>\n<\/tr>\n<tr>\n<td width=\"193\"><strong>Svoris [kg]<\/strong><\/td>\n<td colspan=\"2\" width=\"152\">1200<\/td>\n<td colspan=\"2\" width=\"152\">1400<\/td>\n<td colspan=\"2\" width=\"152\">1800<\/td>\n<\/tr>\n<tr>\n<td width=\"193\"><strong>Disk\u0173 skai\u010dius [pcs.]<\/strong><\/td>\n<td colspan=\"2\" width=\"152\">20<\/td>\n<td colspan=\"2\" width=\"152\">24<\/td>\n<td colspan=\"2\" width=\"152\">32<\/td>\n<\/tr>\n<tr>\n<td width=\"193\"><strong>Reikiama galia [PS]<\/strong><\/td>\n<td colspan=\"2\" width=\"152\">60-90<\/td>\n<td colspan=\"2\" width=\"152\">90-130<\/td>\n<td colspan=\"2\" width=\"152\">120-180<\/td>\n<\/tr>\n<tr>\n<td width=\"193\"><strong>Disko dydis [mm]<\/strong><\/td>\n<td width=\"75\">\u00d8510<\/td>\n<td width=\"77\">\u00d8560<\/td>\n<td width=\"84\">\u00d8510<\/td>\n<td width=\"68\">\u00d8560<\/td>\n<td width=\"73\">\u00d8510<\/td>\n<td width=\"79\">\u00d8560<\/td>\n<\/tr>\n<tr>\n<td colspan=\"7\" width=\"650\"><strong>Papildomai u\u017esakoma<\/strong><\/td>\n<\/tr>\n<tr>\n<td width=\"193\"><strong>Lingin\u0117 apsauga (diskui \u00d8510mm)<\/strong><\/td>\n<td width=\"75\">TAIP<\/td>\n<td width=\"77\">NEGALIMA<\/td>\n<td width=\"84\">TAIP<\/td>\n<td width=\"68\">NEGALIMA<\/td>\n<td width=\"73\">TAIP<\/td>\n<td width=\"79\">NEGALIMA<\/td>\n<\/tr>\n<tr>\n<td width=\"193\"><strong>Neaptarnaujamas guoliaviet\u0117s AVE<\/strong><\/td>\n<td colspan=\"2\" width=\"152\">TAIP<\/td>\n<td colspan=\"2\" width=\"152\">TAIP<\/td>\n<td colspan=\"2\" width=\"152\">TAIP<\/td>\n<\/tr>\n<tr>\n<td width=\"193\"><strong>Neaptarnaujamas guoliaviet\u0117s FKL\/NSK<\/strong><\/td>\n<td colspan=\"2\" width=\"152\">TAIP<\/td>\n<td colspan=\"2\" width=\"152\">TAIP<\/td>\n<td colspan=\"2\" width=\"152\">TAIP<\/td>\n<\/tr>\n<tr>\n<td width=\"193\"><strong>Gabarintiniai \u017eibintai LED<\/strong><\/td>\n<td colspan=\"6\" width=\"456\">TAIP<\/td>\n<\/tr>\n<tr>\n<td width=\"193\"><strong>Papildomas k\u0117limo cilindras pakabai<\/strong><\/td>\n<td colspan=\"6\" width=\"456\">TAIP<\/td>\n<\/tr>\n<tr>\n<td width=\"193\"><strong>Aktyvus \u0161oniniai atmu\u0161\u0117jai<\/strong><\/td>\n<td colspan=\"6\" width=\"456\">TAIP<\/td>\n<\/tr>\n<tr>\n<td width=\"193\"><strong>Atmu\u0161imo juota prie\u0161 galinius diskus<\/strong><\/td>\n<td colspan=\"4\" width=\"304\">TAIP<\/td>\n<td colspan=\"2\" width=\"152\">TAIP<\/td>\n<\/tr>\n<tr>\n<td width=\"193\"><strong>Hidraulinis gr\u0105\u017eulas + \u00a0kilpos dydis \u00d840<\/strong><\/td>\n<td colspan=\"6\" width=\"456\">TAIP<\/td>\n<\/tr>\n<tr>\n<td width=\"193\"><strong>Hidraulin\u0117 priekin\u0117 lyginimo lenta <\/strong><\/td>\n<td colspan=\"6\" width=\"456\">TAIP<\/td>\n<\/tr>\n<\/tbody>\n<\/table>","protected":false},"excerpt":{"rendered":"<p>\u017dem\u0117s \u016bkio ma\u0161inas AWEMAK gamina nuo 1989 m. UAB Horo mechanika si\u016blo plat\u0173 auk\u0161tos kokyb\u0117s AWEMAK produktus, kurie jau naudojami visoje Europos S\u0105jungoje.<\/p>\n<p>M\u016bs\u0173 garantinis aptarnavimas teikiamas klientams <span data-language-for-alternatives=\"lt\" data-language-to-translate-into=\"en\" data-phrase-index=\"3\">tiek Lietuvoje tiek Latvijoje, \u00a0atsargini\u0173 dali\u0173 pristatymas \u012f namus, taip pat greita ir konkreti pagalba gedimo atveju.<\/span> <span data-language-for-alternatives=\"lt\" data-language-to-translate-into=\"en\" data-phrase-index=\"4\">Mes teikiame savo<\/span> <span data-language-for-alternatives=\"lt\" data-language-to-translate-into=\"en\" data-phrase-index=\"6\">saug\u0173 transport\u0105 Lietuvoje ir Latvijoje.<\/span> <span data-language-for-alternatives=\"lt\" data-language-to-translate-into=\"en\" data-phrase-index=\"7\">Awemak prek\u0117s \u017eenklas yra pla\u010diai \u017einomas d\u0117l pagarbos klientams, auk\u0161tos kokyb\u0117s produkt\u0173 ir konkurencing\u0173 kain\u0173.<\/span> <span data-language-for-alternatives=\"lt\" data-language-to-translate-into=\"en\" data-phrase-index=\"9\">Awemak gaminiams naudojamos med\u017eiagos yra geriausios rinkoje &#8211; jos gaunamos i\u0161 pasaulio lyderi\u0173.<\/span> <span data-language-for-alternatives=\"lt\" data-language-to-translate-into=\"en\" data-phrase-index=\"10\">Awemak komanda aistringai dirba ir deda visas pastangas, kad b\u016bt\u0173 geriausi tai, k\u0105 daro.<\/span><\/p>","protected":false},"featured_media":12126,"comment_status":"open","ping_status":"closed","template":"","meta":[],"product_cat":[238,131],"product_tag":[199,200,201,202,203],"class_list":["post-12111","product","type-product","status-publish","has-post-thumbnail","hentry","product_cat-prikabinami-skutikliai","product_cat-dirvos-skutikliai","product_tag-diskinis-skutikas","product_tag-gumine-apsauga","product_tag-lingine-apsauga","product_tag-volas","product_tag-pakaba"],"yoast_head":"<!-- This site is optimized with the Yoast SEO plugin v20.1 - https:\/\/yoast.com\/wordpress\/plugins\/seo\/ -->\n<title>DISKINIS SKUTIKAS ASTRA ATD | Horomechanika<\/title>\n<meta name=\"robots\" content=\"index, follow, max-snippet:-1, max-image-preview:large, max-video-preview:-1\" \/>\n<link rel=\"canonical\" href=\"https:\/\/www.horomechanika.lt\/ru\/product\/diskinis-skutikas-astra-atd\/\" \/>\n<meta property=\"og:locale\" content=\"ru_RU\" \/>\n<meta property=\"og:type\" content=\"article\" \/>\n<meta property=\"og:title\" content=\"DISKINIS SKUTIKAS ASTRA ATD | Horomechanika\" \/>\n<meta property=\"og:description\" content=\"\u017dem\u0117s \u016bkio ma\u0161inas AWEMAK gamina nuo 1989 m. UAB Horo mechanika si\u016blo plat\u0173 auk\u0161tos kokyb\u0117s AWEMAK produktus, kurie jau naudojami visoje Europos S\u0105jungoje.  M\u016bs\u0173 garantinis aptarnavimas teikiamas klientams tiek Lietuvoje tiek Latvijoje, \u00a0atsargini\u0173 dali\u0173 pristatymas \u012f namus, taip pat greita ir konkreti pagalba gedimo atveju. Mes teikiame savo saug\u0173 transport\u0105 Lietuvoje ir Latvijoje. Awemak prek\u0117s \u017eenklas yra pla\u010diai \u017einomas d\u0117l pagarbos klientams, auk\u0161tos kokyb\u0117s produkt\u0173 ir konkurencing\u0173 kain\u0173. Awemak gaminiams naudojamos med\u017eiagos yra geriausios rinkoje - jos gaunamos i\u0161 pasaulio lyderi\u0173. Awemak komanda aistringai dirba ir deda visas pastangas, kad b\u016bt\u0173 geriausi tai, k\u0105 daro.\" \/>\n<meta property=\"og:url\" content=\"https:\/\/www.horomechanika.lt\/ru\/product\/diskinis-skutikas-astra-atd\/\" \/>\n<meta property=\"og:site_name\" content=\"Horomechanika\" \/>\n<meta property=\"article:publisher\" content=\"https:\/\/www.facebook.com\/UAB-Horo-mechanika-177091812471952\" \/>\n<meta property=\"article:modified_time\" content=\"2022-05-18T10:06:01+00:00\" \/>\n<meta property=\"og:image\" content=\"https:\/\/www.horomechanika.lt\/wp-content\/uploads\/2020\/11\/Be-pavadinimo-3.jpg\" \/>\n\t<meta property=\"og:image:width\" content=\"1512\" \/>\n\t<meta property=\"og:image:height\" content=\"1220\" \/>\n\t<meta property=\"og:image:type\" content=\"image\/jpeg\" \/>\n<meta name=\"twitter:card\" content=\"summary_large_image\" \/>\n<meta name=\"twitter:label1\" content=\"\u041f\u0440\u0438\u043c\u0435\u0440\u043d\u043e\u0435 \u0432\u0440\u0435\u043c\u044f \u0434\u043b\u044f \u0447\u0442\u0435\u043d\u0438\u044f\" \/>\n\t<meta name=\"twitter:data1\" content=\"1 \u043c\u0438\u043d\u0443\u0442\u0430\" \/>\n<script type=\"application\/ld+json\" class=\"yoast-schema-graph\">{\"@context\":\"https:\/\/schema.org\",\"@graph\":[{\"@type\":\"WebPage\",\"@id\":\"https:\/\/www.horomechanika.lt\/product\/diskinis-skutikas-astra-atd\/\",\"url\":\"https:\/\/www.horomechanika.lt\/product\/diskinis-skutikas-astra-atd\/\",\"name\":\"DISKINIS SKUTIKAS ASTRA ATD | Horomechanika\",\"isPartOf\":{\"@id\":\"https:\/\/www.horomechanika.lt\/#website\"},\"datePublished\":\"2020-11-10T14:11:43+00:00\",\"dateModified\":\"2022-05-18T10:06:01+00:00\",\"breadcrumb\":{\"@id\":\"https:\/\/www.horomechanika.lt\/product\/diskinis-skutikas-astra-atd\/#breadcrumb\"},\"inLanguage\":\"ru-RU\",\"potentialAction\":[{\"@type\":\"ReadAction\",\"target\":[\"https:\/\/www.horomechanika.lt\/product\/diskinis-skutikas-astra-atd\/\"]}]},{\"@type\":\"BreadcrumbList\",\"@id\":\"https:\/\/www.horomechanika.lt\/product\/diskinis-skutikas-astra-atd\/#breadcrumb\",\"itemListElement\":[{\"@type\":\"ListItem\",\"position\":1,\"name\":\"Home\",\"item\":\"https:\/\/www.horomechanika.lt\/\"},{\"@type\":\"ListItem\",\"position\":2,\"name\":\"Shop\",\"item\":\"https:\/\/www.horomechanika.lt\/ru\/shop-2\/\"},{\"@type\":\"ListItem\",\"position\":3,\"name\":\"DISKINIS SKUTIKAS ASTRA ATD\"}]},{\"@type\":\"WebSite\",\"@id\":\"https:\/\/www.horomechanika.lt\/#website\",\"url\":\"https:\/\/www.horomechanika.lt\/\",\"name\":\"Horomechanika\",\"description\":\"\u017dem\u0117s \u016akio Technika\",\"publisher\":{\"@id\":\"https:\/\/www.horomechanika.lt\/#organization\"},\"potentialAction\":[{\"@type\":\"SearchAction\",\"target\":{\"@type\":\"EntryPoint\",\"urlTemplate\":\"https:\/\/www.horomechanika.lt\/?s={search_term_string}\"},\"query-input\":\"required name=search_term_string\"}],\"inLanguage\":\"ru-RU\"},{\"@type\":\"Organization\",\"@id\":\"https:\/\/www.horomechanika.lt\/#organization\",\"name\":\"UAB \\\"Horo mechanika\\\"\",\"url\":\"https:\/\/www.horomechanika.lt\/\",\"logo\":{\"@type\":\"ImageObject\",\"inLanguage\":\"ru-RU\",\"@id\":\"https:\/\/www.horomechanika.lt\/#\/schema\/logo\/image\/\",\"url\":\"https:\/\/www.horomechanika.lt\/wp-content\/uploads\/2020\/05\/horomechanika-logo.png\",\"contentUrl\":\"https:\/\/www.horomechanika.lt\/wp-content\/uploads\/2020\/05\/horomechanika-logo.png\",\"width\":137,\"height\":56,\"caption\":\"UAB \\\"Horo mechanika\\\"\"},\"image\":{\"@id\":\"https:\/\/www.horomechanika.lt\/#\/schema\/logo\/image\/\"},\"sameAs\":[\"https:\/\/www.facebook.com\/UAB-Horo-mechanika-177091812471952\"]}]}<\/script>\n<!-- \/ Yoast SEO plugin. -->","yoast_head_json":{"title":"DISKINIS SKUTIKAS ASTRA ATD | Horomechanika","robots":{"index":"index","follow":"follow","max-snippet":"max-snippet:-1","max-image-preview":"max-image-preview:large","max-video-preview":"max-video-preview:-1"},"canonical":"https:\/\/www.horomechanika.lt\/ru\/product\/diskinis-skutikas-astra-atd\/","og_locale":"ru_RU","og_type":"article","og_title":"DISKINIS SKUTIKAS ASTRA ATD | Horomechanika","og_description":"\u017dem\u0117s \u016bkio ma\u0161inas AWEMAK gamina nuo 1989 m. UAB Horo mechanika si\u016blo plat\u0173 auk\u0161tos kokyb\u0117s AWEMAK produktus, kurie jau naudojami visoje Europos S\u0105jungoje.  M\u016bs\u0173 garantinis aptarnavimas teikiamas klientams tiek Lietuvoje tiek Latvijoje, \u00a0atsargini\u0173 dali\u0173 pristatymas \u012f namus, taip pat greita ir konkreti pagalba gedimo atveju. Mes teikiame savo saug\u0173 transport\u0105 Lietuvoje ir Latvijoje. Awemak prek\u0117s \u017eenklas yra pla\u010diai \u017einomas d\u0117l pagarbos klientams, auk\u0161tos kokyb\u0117s produkt\u0173 ir konkurencing\u0173 kain\u0173. Awemak gaminiams naudojamos med\u017eiagos yra geriausios rinkoje - jos gaunamos i\u0161 pasaulio lyderi\u0173. Awemak komanda aistringai dirba ir deda visas pastangas, kad b\u016bt\u0173 geriausi tai, k\u0105 daro.","og_url":"https:\/\/www.horomechanika.lt\/ru\/product\/diskinis-skutikas-astra-atd\/","og_site_name":"Horomechanika","article_publisher":"https:\/\/www.facebook.com\/UAB-Horo-mechanika-177091812471952","article_modified_time":"2022-05-18T10:06:01+00:00","og_image":[{"width":1512,"height":1220,"url":"https:\/\/www.horomechanika.lt\/wp-content\/uploads\/2020\/11\/Be-pavadinimo-3.jpg","type":"image\/jpeg"}],"twitter_card":"summary_large_image","twitter_misc":{"\u041f\u0440\u0438\u043c\u0435\u0440\u043d\u043e\u0435 \u0432\u0440\u0435\u043c\u044f \u0434\u043b\u044f \u0447\u0442\u0435\u043d\u0438\u044f":"1 \u043c\u0438\u043d\u0443\u0442\u0430"},"schema":{"@context":"https:\/\/schema.org","@graph":[{"@type":"WebPage","@id":"https:\/\/www.horomechanika.lt\/product\/diskinis-skutikas-astra-atd\/","url":"https:\/\/www.horomechanika.lt\/product\/diskinis-skutikas-astra-atd\/","name":"DISKINIS SKUTIKAS ASTRA ATD | Horomechanika","isPartOf":{"@id":"https:\/\/www.horomechanika.lt\/#website"},"datePublished":"2020-11-10T14:11:43+00:00","dateModified":"2022-05-18T10:06:01+00:00","breadcrumb":{"@id":"https:\/\/www.horomechanika.lt\/product\/diskinis-skutikas-astra-atd\/#breadcrumb"},"inLanguage":"ru-RU","potentialAction":[{"@type":"ReadAction","target":["https:\/\/www.horomechanika.lt\/product\/diskinis-skutikas-astra-atd\/"]}]},{"@type":"BreadcrumbList","@id":"https:\/\/www.horomechanika.lt\/product\/diskinis-skutikas-astra-atd\/#breadcrumb","itemListElement":[{"@type":"ListItem","position":1,"name":"Home","item":"https:\/\/www.horomechanika.lt\/"},{"@type":"ListItem","position":2,"name":"Shop","item":"https:\/\/www.horomechanika.lt\/ru\/shop-2\/"},{"@type":"ListItem","position":3,"name":"DISKINIS SKUTIKAS ASTRA ATD"}]},{"@type":"WebSite","@id":"https:\/\/www.horomechanika.lt\/#website","url":"https:\/\/www.horomechanika.lt\/","name":"Horomechanika","description":"\u017dem\u0117s \u016akio Technika","publisher":{"@id":"https:\/\/www.horomechanika.lt\/#organization"},"potentialAction":[{"@type":"SearchAction","target":{"@type":"EntryPoint","urlTemplate":"https:\/\/www.horomechanika.lt\/?s={search_term_string}"},"query-input":"required name=search_term_string"}],"inLanguage":"ru-RU"},{"@type":"Organization","@id":"https:\/\/www.horomechanika.lt\/#organization","name":"UAB \"Horo mechanika\"","url":"https:\/\/www.horomechanika.lt\/","logo":{"@type":"ImageObject","inLanguage":"ru-RU","@id":"https:\/\/www.horomechanika.lt\/#\/schema\/logo\/image\/","url":"https:\/\/www.horomechanika.lt\/wp-content\/uploads\/2020\/05\/horomechanika-logo.png","contentUrl":"https:\/\/www.horomechanika.lt\/wp-content\/uploads\/2020\/05\/horomechanika-logo.png","width":137,"height":56,"caption":"UAB \"Horo mechanika\""},"image":{"@id":"https:\/\/www.horomechanika.lt\/#\/schema\/logo\/image\/"},"sameAs":["https:\/\/www.facebook.com\/UAB-Horo-mechanika-177091812471952"]}]}},"_links":{"self":[{"href":"https:\/\/www.horomechanika.lt\/ru\/wp-json\/wp\/v2\/product\/12111","targetHints":{"allow":["GET"]}}],"collection":[{"href":"https:\/\/www.horomechanika.lt\/ru\/wp-json\/wp\/v2\/product"}],"about":[{"href":"https:\/\/www.horomechanika.lt\/ru\/wp-json\/wp\/v2\/types\/product"}],"replies":[{"embeddable":true,"href":"https:\/\/www.horomechanika.lt\/ru\/wp-json\/wp\/v2\/comments?post=12111"}],"wp:featuredmedia":[{"embeddable":true,"href":"https:\/\/www.horomechanika.lt\/ru\/wp-json\/wp\/v2\/media\/12126"}],"wp:attachment":[{"href":"https:\/\/www.horomechanika.lt\/ru\/wp-json\/wp\/v2\/media?parent=12111"}],"wp:term":[{"taxonomy":"product_cat","embeddable":true,"href":"https:\/\/www.horomechanika.lt\/ru\/wp-json\/wp\/v2\/product_cat?post=12111"},{"taxonomy":"product_tag","embeddable":true,"href":"https:\/\/www.horomechanika.lt\/ru\/wp-json\/wp\/v2\/product_tag?post=12111"}],"curies":[{"name":"wp","href":"https:\/\/api.w.org\/{rel}","templated":true}]}}