{"id":12161,"date":"2020-11-11T17:09:13","date_gmt":"2020-11-11T14:09:13","guid":{"rendered":"http:\/\/horomechanika.lt\/?post_type=product&#038;p=12161"},"modified":"2022-05-18T13:03:40","modified_gmt":"2022-05-18T10:03:40","slug":"diskinis-skutikas-ozyrys-vina-btw-sodams","status":"publish","type":"product","link":"https:\/\/www.horomechanika.lt\/ru\/product\/diskinis-skutikas-ozyrys-vina-btw-sodams\/","title":{"rendered":"DISKINIS SKUTIKAS OZYRYS VINA BTW &#8211; SODAMS"},"content":{"rendered":"<table>\n<tbody>\n<tr>\n<td colspan=\"12\" width=\"655\">VINA BTW &#8211; Diskin\u0117s l\u0117k\u0161t\u0117s vynuogynams, sodams ir apyni\u0173 plantacijoms<\/td>\n<\/tr>\n<tr>\n<td colspan=\"12\" width=\"655\">Dvi disk\u0173 eil\u0117s, vamzdinis juostinis ritin\u0117lis \u00d8500 mm, disk\u0173 eili\u0173 tarpai tarp 85 cm, milteliniu b\u016bdu padengtas r\u0117mas <span data-language-for-alternatives=\"lt\" data-language-to-translate-into=\"en\" data-phrase-index=\"2\">DARBINIS PLOTIS LYGUS TRANSPORTUOJAMAM PLOTUI<\/span><\/td>\n<\/tr>\n<tr>\n<td colspan=\"2\" width=\"184\"><strong>Modelis <\/strong><\/td>\n<td colspan=\"2\" width=\"96\"><strong>BTW11<\/strong><\/td>\n<td colspan=\"2\" width=\"94\"><strong>BTW13<\/strong><\/td>\n<td colspan=\"2\" width=\"95\"><strong>BTW15<\/strong><\/td>\n<td colspan=\"2\" width=\"94\"><strong>BTW18<\/strong><\/td>\n<td colspan=\"2\" width=\"92\"><strong>BTW20<\/strong><\/td>\n<\/tr>\n<tr>\n<td colspan=\"2\" width=\"184\"><strong>Darbinis plotis [m]<\/strong><\/td>\n<td colspan=\"2\" width=\"96\">1,1<\/td>\n<td colspan=\"2\" width=\"94\">1,3<\/td>\n<td colspan=\"2\" width=\"95\">1,5<\/td>\n<td colspan=\"2\" width=\"94\">1,8<\/td>\n<td colspan=\"2\" width=\"92\">2<\/td>\n<\/tr>\n<tr>\n<td colspan=\"2\" width=\"184\"><strong>Svoris [kg]<\/strong><\/td>\n<td colspan=\"2\" width=\"96\">500<\/td>\n<td colspan=\"2\" width=\"94\">550<\/td>\n<td colspan=\"2\" width=\"95\">600<\/td>\n<td colspan=\"2\" width=\"94\">680<\/td>\n<td colspan=\"2\" width=\"92\">750<\/td>\n<\/tr>\n<tr>\n<td colspan=\"2\" width=\"184\"><strong>Disk\u0173 skai\u010dius [pcs.]<\/strong><\/td>\n<td colspan=\"2\" width=\"96\">8<\/td>\n<td colspan=\"2\" width=\"94\">10<\/td>\n<td colspan=\"2\" width=\"95\">12<\/td>\n<td colspan=\"2\" width=\"94\">14<\/td>\n<td colspan=\"2\" width=\"92\">16<\/td>\n<\/tr>\n<tr>\n<td colspan=\"2\" width=\"184\"><strong>Reikiama galia [PS]<\/strong><\/td>\n<td colspan=\"2\" width=\"96\">30<\/td>\n<td colspan=\"2\" width=\"94\">45<\/td>\n<td colspan=\"2\" width=\"95\">50<\/td>\n<td colspan=\"2\" width=\"94\">55-65<\/td>\n<td colspan=\"2\" width=\"92\">70-75<\/td>\n<\/tr>\n<tr>\n<td colspan=\"2\" width=\"184\"><strong>Disko dydis [mm]<\/strong><\/td>\n<td width=\"48\">\u00d8510<\/td>\n<td width=\"48\">\u00d8560<\/td>\n<td width=\"47\">\u00d8510<\/td>\n<td width=\"47\">\u00d8560<\/td>\n<td width=\"47\">\u00d8510<\/td>\n<td width=\"48\">\u00d8560<\/td>\n<td width=\"48\">\u00d8510<\/td>\n<td width=\"47\">\u00d8560<\/td>\n<td width=\"45\">\u00d8510<\/td>\n<td width=\"48\">\u00d8560<\/td>\n<\/tr>\n<tr>\n<td colspan=\"12\" width=\"655\"><strong>PAPILDOMAI U\u017dSAKOMA<\/strong><\/td>\n<\/tr>\n<tr>\n<td colspan=\"2\" width=\"184\"><strong>Atmu\u0161imo juota prie\u0161 galinius diskus<\/strong><\/td>\n<td colspan=\"10\" width=\"471\">TAIP<\/td>\n<\/tr>\n<tr>\n<td colspan=\"2\" width=\"184\"><strong>Neaptarnaujamas guoliaviet\u0117s AVE<\/strong><\/td>\n<td colspan=\"2\" width=\"96\">TAIP<\/td>\n<td colspan=\"2\" width=\"94\"><\/td>\n<td colspan=\"2\" width=\"95\">TAIP<\/td>\n<td colspan=\"2\" width=\"94\">TAIP<\/td>\n<td colspan=\"2\" width=\"92\">TAIP<\/td>\n<\/tr>\n<tr>\n<td colspan=\"2\" width=\"184\"><strong>Neaptarnaujamas guoliaviet\u0117s FKL\/NSK<\/strong><\/td>\n<td colspan=\"2\" width=\"96\">TAIP<\/td>\n<td colspan=\"2\" width=\"94\">TAIP<\/td>\n<td colspan=\"2\" width=\"95\">TAIP<\/td>\n<td colspan=\"2\" width=\"94\">TAIP<\/td>\n<td colspan=\"2\" width=\"92\">TAIP<\/td>\n<\/tr>\n<tr>\n<td colspan=\"2\" width=\"184\"><strong>Gabaritiniai \u017eibintai LED<\/strong><\/td>\n<td colspan=\"10\" width=\"471\">TAIP<\/td>\n<\/tr>\n<tr>\n<td colspan=\"2\" width=\"184\"><strong>Hidraulinis gylio reguliavimas<\/strong><\/td>\n<td colspan=\"10\" width=\"471\">TAIP<\/td>\n<\/tr>\n<tr>\n<td colspan=\"2\" width=\"184\"><strong>\u0160oniniai TMU\u0160\u0116JAI<\/strong><\/td>\n<td colspan=\"10\" width=\"471\">TAIP<\/td>\n<\/tr>\n<tr>\n<td colspan=\"2\" width=\"184\"><strong>Vamzdinis volas \u00d8600 \u2013 12 Vamzdis<\/strong><\/td>\n<td colspan=\"10\" width=\"471\">TAIP<\/td>\n<\/tr>\n<tr>\n<td colspan=\"2\" width=\"184\"><strong>Plok\u0161telinis volas \u00d8500<\/strong><\/td>\n<td colspan=\"2\" width=\"96\">TAIP<\/td>\n<td colspan=\"8\" width=\"375\">TAIP<\/td>\n<\/tr>\n<tr>\n<td colspan=\"2\" width=\"184\"><strong>Plok\u0161telinis volas \u00d8600<\/strong><\/td>\n<td colspan=\"2\" width=\"96\">TAIP<\/td>\n<td colspan=\"8\" width=\"375\">TAIP<\/td>\n<\/tr>\n<tr>\n<td colspan=\"2\" width=\"184\"><strong>Packer Volas \u00d8500 + valytuvas<\/strong><\/td>\n<td colspan=\"2\" width=\"96\">TAIP<\/td>\n<td colspan=\"8\" width=\"375\">TAIP<\/td>\n<\/tr>\n<tr>\n<td colspan=\"2\" width=\"184\"><b>Spyruoklinis volas \u00d8500<\/b><\/td>\n<td colspan=\"2\" width=\"96\">TAIP<\/td>\n<td colspan=\"8\" width=\"375\">TAIP<\/td>\n<\/tr>\n<tr>\n<td colspan=\"2\" width=\"184\"><strong>Lygaus profilio vamzdinis volas \u00d8500<\/strong><\/td>\n<td colspan=\"2\" width=\"96\">TAIP<\/td>\n<td colspan=\"8\" width=\"375\">TAIP<\/td>\n<\/tr>\n<tr>\n<td width=\"137\"><strong>\u00a0<\/strong><\/p>\n<p><strong>V-tipo \u017eiedinis volas<\/strong><\/td>\n<td width=\"47\"><strong>\u00d8500<\/strong><\/td>\n<td colspan=\"2\" width=\"96\">TAIP<\/td>\n<td colspan=\"8\" width=\"375\">TAIP<\/td>\n<\/tr>\n<tr>\n<td width=\"137\"><strong>T- tipo \u017eiedinis volas<\/strong><\/td>\n<td width=\"47\"><strong>\u00d8500<\/strong><\/td>\n<td colspan=\"2\" width=\"96\">TAIP<\/td>\n<td colspan=\"8\" width=\"375\">TAIP<\/td>\n<\/tr>\n<\/tbody>\n<\/table>","protected":false},"excerpt":{"rendered":"<p>\u017dem\u0117s \u016bkio ma\u0161inas AWEMAK gamina nuo 1989 m. UAB Horo mechanika si\u016blo plat\u0173 auk\u0161tos kokyb\u0117s AWEMAK produktus, kurie jau naudojami visoje Europos S\u0105jungoje.<\/p>\n<p>M\u016bs\u0173 garantinis aptarnavimas teikiamas klientams <span data-language-for-alternatives=\"lt\" data-language-to-translate-into=\"en\" data-phrase-index=\"3\">tiek Lietuvoje tiek Latvijoje, \u00a0atsargini\u0173 dali\u0173 pristatymas \u012f namus, taip pat greita ir konkreti pagalba gedimo atveju.<\/span> <span data-language-for-alternatives=\"lt\" data-language-to-translate-into=\"en\" data-phrase-index=\"4\">Mes teikiame savo<\/span> <span data-language-for-alternatives=\"lt\" data-language-to-translate-into=\"en\" data-phrase-index=\"6\">saug\u0173 transport\u0105 Lietuvoje ir Latvijoje.<\/span> <span data-language-for-alternatives=\"lt\" data-language-to-translate-into=\"en\" data-phrase-index=\"7\">Awemak prek\u0117s \u017eenklas yra pla\u010diai \u017einomas d\u0117l pagarbos klientams, auk\u0161tos kokyb\u0117s produkt\u0173 ir konkurencing\u0173 kain\u0173.<\/span> <span data-language-for-alternatives=\"lt\" data-language-to-translate-into=\"en\" data-phrase-index=\"9\">Awemak gaminiams naudojamos med\u017eiagos yra geriausios rinkoje &#8211; jos gaunamos i\u0161 pasaulio lyderi\u0173.<\/span> <span data-language-for-alternatives=\"lt\" data-language-to-translate-into=\"en\" data-phrase-index=\"10\">Awemak komanda aistringai dirba ir deda visas pastangas, kad b\u016bt\u0173 geriausi tai, k\u0105 daro.<\/span><\/p>","protected":false},"featured_media":12166,"comment_status":"open","ping_status":"closed","template":"","meta":[],"product_cat":[239,131],"product_tag":[199,200,201,202,203],"class_list":["post-12161","product","type-product","status-publish","has-post-thumbnail","hentry","product_cat-pakabinami-skutikliai","product_cat-dirvos-skutikliai","product_tag-diskinis-skutikas","product_tag-gumine-apsauga","product_tag-lingine-apsauga","product_tag-volas","product_tag-pakaba"],"yoast_head":"<!-- This site is optimized with the Yoast SEO plugin v20.1 - https:\/\/yoast.com\/wordpress\/plugins\/seo\/ -->\n<title>DISKINIS SKUTIKAS OZYRYS VINA BTW - SODAMS | Horomechanika<\/title>\n<meta name=\"robots\" content=\"index, follow, max-snippet:-1, max-image-preview:large, max-video-preview:-1\" \/>\n<link rel=\"canonical\" href=\"https:\/\/www.horomechanika.lt\/ru\/product\/diskinis-skutikas-ozyrys-vina-btw-sodams\/\" \/>\n<meta property=\"og:locale\" content=\"ru_RU\" \/>\n<meta property=\"og:type\" content=\"article\" \/>\n<meta property=\"og:title\" content=\"DISKINIS SKUTIKAS OZYRYS VINA BTW - SODAMS | Horomechanika\" \/>\n<meta property=\"og:description\" content=\"\u017dem\u0117s \u016bkio ma\u0161inas AWEMAK gamina nuo 1989 m. UAB Horo mechanika si\u016blo plat\u0173 auk\u0161tos kokyb\u0117s AWEMAK produktus, kurie jau naudojami visoje Europos S\u0105jungoje.  M\u016bs\u0173 garantinis aptarnavimas teikiamas klientams tiek Lietuvoje tiek Latvijoje, \u00a0atsargini\u0173 dali\u0173 pristatymas \u012f namus, taip pat greita ir konkreti pagalba gedimo atveju. Mes teikiame savo saug\u0173 transport\u0105 Lietuvoje ir Latvijoje. Awemak prek\u0117s \u017eenklas yra pla\u010diai \u017einomas d\u0117l pagarbos klientams, auk\u0161tos kokyb\u0117s produkt\u0173 ir konkurencing\u0173 kain\u0173. Awemak gaminiams naudojamos med\u017eiagos yra geriausios rinkoje - jos gaunamos i\u0161 pasaulio lyderi\u0173. Awemak komanda aistringai dirba ir deda visas pastangas, kad b\u016bt\u0173 geriausi tai, k\u0105 daro.\" \/>\n<meta property=\"og:url\" content=\"https:\/\/www.horomechanika.lt\/ru\/product\/diskinis-skutikas-ozyrys-vina-btw-sodams\/\" \/>\n<meta property=\"og:site_name\" content=\"Horomechanika\" \/>\n<meta property=\"article:publisher\" content=\"https:\/\/www.facebook.com\/UAB-Horo-mechanika-177091812471952\" \/>\n<meta property=\"article:modified_time\" content=\"2022-05-18T10:03:40+00:00\" \/>\n<meta property=\"og:image\" content=\"https:\/\/www.horomechanika.lt\/wp-content\/uploads\/2020\/11\/20180507_131039-\u2014-kopia-e1551359978933.jpg\" \/>\n\t<meta property=\"og:image:width\" content=\"665\" \/>\n\t<meta property=\"og:image:height\" content=\"557\" \/>\n\t<meta property=\"og:image:type\" content=\"image\/jpeg\" \/>\n<meta name=\"twitter:card\" content=\"summary_large_image\" \/>\n<meta name=\"twitter:label1\" content=\"\u041f\u0440\u0438\u043c\u0435\u0440\u043d\u043e\u0435 \u0432\u0440\u0435\u043c\u044f \u0434\u043b\u044f \u0447\u0442\u0435\u043d\u0438\u044f\" \/>\n\t<meta name=\"twitter:data1\" content=\"1 \u043c\u0438\u043d\u0443\u0442\u0430\" \/>\n<script type=\"application\/ld+json\" class=\"yoast-schema-graph\">{\"@context\":\"https:\/\/schema.org\",\"@graph\":[{\"@type\":\"WebPage\",\"@id\":\"https:\/\/www.horomechanika.lt\/product\/diskinis-skutikas-ozyrys-vina-btw-sodams\/\",\"url\":\"https:\/\/www.horomechanika.lt\/product\/diskinis-skutikas-ozyrys-vina-btw-sodams\/\",\"name\":\"DISKINIS SKUTIKAS OZYRYS VINA BTW - SODAMS | Horomechanika\",\"isPartOf\":{\"@id\":\"https:\/\/www.horomechanika.lt\/#website\"},\"datePublished\":\"2020-11-11T14:09:13+00:00\",\"dateModified\":\"2022-05-18T10:03:40+00:00\",\"breadcrumb\":{\"@id\":\"https:\/\/www.horomechanika.lt\/product\/diskinis-skutikas-ozyrys-vina-btw-sodams\/#breadcrumb\"},\"inLanguage\":\"ru-RU\",\"potentialAction\":[{\"@type\":\"ReadAction\",\"target\":[\"https:\/\/www.horomechanika.lt\/product\/diskinis-skutikas-ozyrys-vina-btw-sodams\/\"]}]},{\"@type\":\"BreadcrumbList\",\"@id\":\"https:\/\/www.horomechanika.lt\/product\/diskinis-skutikas-ozyrys-vina-btw-sodams\/#breadcrumb\",\"itemListElement\":[{\"@type\":\"ListItem\",\"position\":1,\"name\":\"Home\",\"item\":\"https:\/\/www.horomechanika.lt\/\"},{\"@type\":\"ListItem\",\"position\":2,\"name\":\"Shop\",\"item\":\"https:\/\/www.horomechanika.lt\/ru\/shop-2\/\"},{\"@type\":\"ListItem\",\"position\":3,\"name\":\"DISKINIS SKUTIKAS OZYRYS VINA BTW &#8211; SODAMS\"}]},{\"@type\":\"WebSite\",\"@id\":\"https:\/\/www.horomechanika.lt\/#website\",\"url\":\"https:\/\/www.horomechanika.lt\/\",\"name\":\"Horomechanika\",\"description\":\"\u017dem\u0117s \u016akio Technika\",\"publisher\":{\"@id\":\"https:\/\/www.horomechanika.lt\/#organization\"},\"potentialAction\":[{\"@type\":\"SearchAction\",\"target\":{\"@type\":\"EntryPoint\",\"urlTemplate\":\"https:\/\/www.horomechanika.lt\/?s={search_term_string}\"},\"query-input\":\"required name=search_term_string\"}],\"inLanguage\":\"ru-RU\"},{\"@type\":\"Organization\",\"@id\":\"https:\/\/www.horomechanika.lt\/#organization\",\"name\":\"UAB \\\"Horo mechanika\\\"\",\"url\":\"https:\/\/www.horomechanika.lt\/\",\"logo\":{\"@type\":\"ImageObject\",\"inLanguage\":\"ru-RU\",\"@id\":\"https:\/\/www.horomechanika.lt\/#\/schema\/logo\/image\/\",\"url\":\"https:\/\/www.horomechanika.lt\/wp-content\/uploads\/2020\/05\/horomechanika-logo.png\",\"contentUrl\":\"https:\/\/www.horomechanika.lt\/wp-content\/uploads\/2020\/05\/horomechanika-logo.png\",\"width\":137,\"height\":56,\"caption\":\"UAB \\\"Horo mechanika\\\"\"},\"image\":{\"@id\":\"https:\/\/www.horomechanika.lt\/#\/schema\/logo\/image\/\"},\"sameAs\":[\"https:\/\/www.facebook.com\/UAB-Horo-mechanika-177091812471952\"]}]}<\/script>\n<!-- \/ Yoast SEO plugin. -->","yoast_head_json":{"title":"DISKINIS SKUTIKAS OZYRYS VINA BTW - SODAMS | Horomechanika","robots":{"index":"index","follow":"follow","max-snippet":"max-snippet:-1","max-image-preview":"max-image-preview:large","max-video-preview":"max-video-preview:-1"},"canonical":"https:\/\/www.horomechanika.lt\/ru\/product\/diskinis-skutikas-ozyrys-vina-btw-sodams\/","og_locale":"ru_RU","og_type":"article","og_title":"DISKINIS SKUTIKAS OZYRYS VINA BTW - SODAMS | Horomechanika","og_description":"\u017dem\u0117s \u016bkio ma\u0161inas AWEMAK gamina nuo 1989 m. UAB Horo mechanika si\u016blo plat\u0173 auk\u0161tos kokyb\u0117s AWEMAK produktus, kurie jau naudojami visoje Europos S\u0105jungoje.  M\u016bs\u0173 garantinis aptarnavimas teikiamas klientams tiek Lietuvoje tiek Latvijoje, \u00a0atsargini\u0173 dali\u0173 pristatymas \u012f namus, taip pat greita ir konkreti pagalba gedimo atveju. Mes teikiame savo saug\u0173 transport\u0105 Lietuvoje ir Latvijoje. Awemak prek\u0117s \u017eenklas yra pla\u010diai \u017einomas d\u0117l pagarbos klientams, auk\u0161tos kokyb\u0117s produkt\u0173 ir konkurencing\u0173 kain\u0173. Awemak gaminiams naudojamos med\u017eiagos yra geriausios rinkoje - jos gaunamos i\u0161 pasaulio lyderi\u0173. Awemak komanda aistringai dirba ir deda visas pastangas, kad b\u016bt\u0173 geriausi tai, k\u0105 daro.","og_url":"https:\/\/www.horomechanika.lt\/ru\/product\/diskinis-skutikas-ozyrys-vina-btw-sodams\/","og_site_name":"Horomechanika","article_publisher":"https:\/\/www.facebook.com\/UAB-Horo-mechanika-177091812471952","article_modified_time":"2022-05-18T10:03:40+00:00","og_image":[{"width":665,"height":557,"url":"https:\/\/www.horomechanika.lt\/wp-content\/uploads\/2020\/11\/20180507_131039-\u2014-kopia-e1551359978933.jpg","type":"image\/jpeg"}],"twitter_card":"summary_large_image","twitter_misc":{"\u041f\u0440\u0438\u043c\u0435\u0440\u043d\u043e\u0435 \u0432\u0440\u0435\u043c\u044f \u0434\u043b\u044f \u0447\u0442\u0435\u043d\u0438\u044f":"1 \u043c\u0438\u043d\u0443\u0442\u0430"},"schema":{"@context":"https:\/\/schema.org","@graph":[{"@type":"WebPage","@id":"https:\/\/www.horomechanika.lt\/product\/diskinis-skutikas-ozyrys-vina-btw-sodams\/","url":"https:\/\/www.horomechanika.lt\/product\/diskinis-skutikas-ozyrys-vina-btw-sodams\/","name":"DISKINIS SKUTIKAS OZYRYS VINA BTW - SODAMS | Horomechanika","isPartOf":{"@id":"https:\/\/www.horomechanika.lt\/#website"},"datePublished":"2020-11-11T14:09:13+00:00","dateModified":"2022-05-18T10:03:40+00:00","breadcrumb":{"@id":"https:\/\/www.horomechanika.lt\/product\/diskinis-skutikas-ozyrys-vina-btw-sodams\/#breadcrumb"},"inLanguage":"ru-RU","potentialAction":[{"@type":"ReadAction","target":["https:\/\/www.horomechanika.lt\/product\/diskinis-skutikas-ozyrys-vina-btw-sodams\/"]}]},{"@type":"BreadcrumbList","@id":"https:\/\/www.horomechanika.lt\/product\/diskinis-skutikas-ozyrys-vina-btw-sodams\/#breadcrumb","itemListElement":[{"@type":"ListItem","position":1,"name":"Home","item":"https:\/\/www.horomechanika.lt\/"},{"@type":"ListItem","position":2,"name":"Shop","item":"https:\/\/www.horomechanika.lt\/ru\/shop-2\/"},{"@type":"ListItem","position":3,"name":"DISKINIS SKUTIKAS OZYRYS VINA BTW &#8211; SODAMS"}]},{"@type":"WebSite","@id":"https:\/\/www.horomechanika.lt\/#website","url":"https:\/\/www.horomechanika.lt\/","name":"Horomechanika","description":"\u017dem\u0117s \u016akio Technika","publisher":{"@id":"https:\/\/www.horomechanika.lt\/#organization"},"potentialAction":[{"@type":"SearchAction","target":{"@type":"EntryPoint","urlTemplate":"https:\/\/www.horomechanika.lt\/?s={search_term_string}"},"query-input":"required name=search_term_string"}],"inLanguage":"ru-RU"},{"@type":"Organization","@id":"https:\/\/www.horomechanika.lt\/#organization","name":"UAB \"Horo mechanika\"","url":"https:\/\/www.horomechanika.lt\/","logo":{"@type":"ImageObject","inLanguage":"ru-RU","@id":"https:\/\/www.horomechanika.lt\/#\/schema\/logo\/image\/","url":"https:\/\/www.horomechanika.lt\/wp-content\/uploads\/2020\/05\/horomechanika-logo.png","contentUrl":"https:\/\/www.horomechanika.lt\/wp-content\/uploads\/2020\/05\/horomechanika-logo.png","width":137,"height":56,"caption":"UAB \"Horo mechanika\""},"image":{"@id":"https:\/\/www.horomechanika.lt\/#\/schema\/logo\/image\/"},"sameAs":["https:\/\/www.facebook.com\/UAB-Horo-mechanika-177091812471952"]}]}},"_links":{"self":[{"href":"https:\/\/www.horomechanika.lt\/ru\/wp-json\/wp\/v2\/product\/12161","targetHints":{"allow":["GET"]}}],"collection":[{"href":"https:\/\/www.horomechanika.lt\/ru\/wp-json\/wp\/v2\/product"}],"about":[{"href":"https:\/\/www.horomechanika.lt\/ru\/wp-json\/wp\/v2\/types\/product"}],"replies":[{"embeddable":true,"href":"https:\/\/www.horomechanika.lt\/ru\/wp-json\/wp\/v2\/comments?post=12161"}],"wp:featuredmedia":[{"embeddable":true,"href":"https:\/\/www.horomechanika.lt\/ru\/wp-json\/wp\/v2\/media\/12166"}],"wp:attachment":[{"href":"https:\/\/www.horomechanika.lt\/ru\/wp-json\/wp\/v2\/media?parent=12161"}],"wp:term":[{"taxonomy":"product_cat","embeddable":true,"href":"https:\/\/www.horomechanika.lt\/ru\/wp-json\/wp\/v2\/product_cat?post=12161"},{"taxonomy":"product_tag","embeddable":true,"href":"https:\/\/www.horomechanika.lt\/ru\/wp-json\/wp\/v2\/product_tag?post=12161"}],"curies":[{"name":"wp","href":"https:\/\/api.w.org\/{rel}","templated":true}]}}