{"id":12168,"date":"2020-11-11T17:34:40","date_gmt":"2020-11-11T14:34:40","guid":{"rendered":"http:\/\/horomechanika.lt\/?post_type=product&#038;p=12168"},"modified":"2022-05-18T13:03:24","modified_gmt":"2022-05-18T10:03:24","slug":"diskinis-skutikas-ozyrys-tiger-lbt-lengvosios-diskines-akecios","status":"publish","type":"product","link":"https:\/\/www.horomechanika.lt\/ru\/product\/diskinis-skutikas-ozyrys-tiger-lbt-lengvosios-diskines-akecios\/","title":{"rendered":"DISKINIS SKUTIKAS OZYRYS TIGER LBT- Lengvosios diskin\u0117s ak\u0117\u010dios"},"content":{"rendered":"<table>\n<tbody>\n<tr>\n<td colspan=\"18\" width=\"661\">TIGER LBT- Lengvosios diskin\u0117s ak\u0117\u010dios<\/td>\n<\/tr>\n<tr>\n<td colspan=\"18\" width=\"661\">Dvi disk\u0173 eil\u0117s, \u0161oniniai ekranai, vamzd\u017ei\u0173 juostos volelis \u00d8460 mm, disk\u0173 tarpai tarp 80 cm, milteliniu b\u016bdu padengtas r\u0117mas<\/td>\n<\/tr>\n<tr>\n<td colspan=\"2\" width=\"182\"><strong>Modelis <\/strong><\/td>\n<td colspan=\"4\" width=\"96\"><strong>LBT 18<\/strong><\/td>\n<td colspan=\"3\" width=\"96\"><strong>LBT 20<\/strong><\/td>\n<td colspan=\"3\" width=\"96\"><strong>LBT 22<\/strong><\/td>\n<td colspan=\"3\" width=\"96\"><strong>LBT 25<\/strong><\/td>\n<td colspan=\"3\" width=\"96\"><strong>LBT 27<\/strong><\/td>\n<\/tr>\n<tr>\n<td colspan=\"2\" width=\"182\"><strong>Darbinis plotis [m]<\/strong><\/td>\n<td colspan=\"4\" width=\"96\">1,8<\/td>\n<td colspan=\"3\" width=\"96\">2<\/td>\n<td colspan=\"3\" width=\"96\">2,2<\/td>\n<td colspan=\"3\" width=\"96\">2,5<\/td>\n<td colspan=\"3\" width=\"96\">2,7<\/td>\n<\/tr>\n<tr>\n<td colspan=\"2\" width=\"182\"><strong>Svoris [kg]<\/strong><\/td>\n<td colspan=\"4\" width=\"96\">680<\/td>\n<td colspan=\"3\" width=\"96\">720<\/td>\n<td colspan=\"3\" width=\"96\">750<\/td>\n<td colspan=\"3\" width=\"96\">800<\/td>\n<td colspan=\"3\" width=\"96\">850<\/td>\n<\/tr>\n<tr>\n<td colspan=\"2\" width=\"182\"><strong>Disk\u0173 skai\u010dius [pcs.]<\/strong><\/td>\n<td colspan=\"4\" width=\"96\">14<\/td>\n<td colspan=\"3\" width=\"96\">16<\/td>\n<td colspan=\"3\" width=\"96\">18<\/td>\n<td colspan=\"3\" width=\"96\">20<\/td>\n<td colspan=\"3\" width=\"96\">22<\/td>\n<\/tr>\n<tr>\n<td colspan=\"2\" width=\"182\"><strong>Reikiama galia [PS]<\/strong><\/td>\n<td colspan=\"4\" width=\"96\">55-65<\/td>\n<td colspan=\"3\" width=\"96\">60-65<\/td>\n<td colspan=\"3\" width=\"96\">60-70<\/td>\n<td colspan=\"3\" width=\"96\">65-75<\/td>\n<td colspan=\"3\" width=\"96\">70-80<\/td>\n<\/tr>\n<tr>\n<td colspan=\"2\" width=\"182\"><strong>Disko dydis [mm]<\/strong><\/td>\n<td colspan=\"2\" width=\"48\">\u00d8510<\/td>\n<td colspan=\"2\" width=\"48\">\u00d8560<\/td>\n<td width=\"48\">\u00d8510<\/td>\n<td colspan=\"2\" width=\"48\">\u00d8560<\/td>\n<td width=\"48\">\u00d8510<\/td>\n<td colspan=\"2\" width=\"48\">\u00d8560<\/td>\n<td width=\"48\">\u00d8510<\/td>\n<td colspan=\"2\" width=\"48\">\u00d8560<\/td>\n<td width=\"48\">\u00d8510<\/td>\n<td colspan=\"2\" width=\"48\">\u00d8560<\/td>\n<\/tr>\n<tr>\n<td colspan=\"18\" width=\"661\"><strong>PAPILDOMAI U\u017dSAKOMA<\/strong><\/td>\n<\/tr>\n<tr>\n<td colspan=\"2\" width=\"182\"><strong>Vamzdinis Volas<\/strong><\/td>\n<td colspan=\"16\" width=\"479\">TAIP<\/td>\n<\/tr>\n<tr>\n<td colspan=\"2\" width=\"182\"><strong>Gabaritiniai \u017eibintai LED<\/strong><\/td>\n<td colspan=\"16\" width=\"479\">TAIP<\/td>\n<\/tr>\n<tr>\n<td width=\"2\"><\/td>\n<td colspan=\"2\" width=\"180\"><strong>Neaptarnaujamas guoliaviet\u0117s AVE<\/strong><\/td>\n<td colspan=\"2\" width=\"94\">TAIP<\/td>\n<td colspan=\"3\" width=\"94\">TAIP<\/td>\n<td colspan=\"3\" width=\"94\">TAIP<\/td>\n<td colspan=\"3\" width=\"94\">TAIP<\/td>\n<td colspan=\"3\" width=\"95\">TAIP<\/td>\n<td width=\"7\"><\/td>\n<\/tr>\n<tr>\n<td width=\"2\"><\/td>\n<td colspan=\"2\" width=\"180\"><strong>Neaptarnaujamas guoliaviet\u0117s FKL\/NSK<\/strong><\/td>\n<td colspan=\"2\" width=\"94\">TAIP<\/td>\n<td colspan=\"3\" width=\"94\">TAIP<\/td>\n<td colspan=\"3\" width=\"94\">TAIP<\/td>\n<td colspan=\"3\" width=\"94\">TAIP<\/td>\n<td colspan=\"3\" width=\"95\">TAIP<\/td>\n<td width=\"7\"><\/td>\n<\/tr>\n<\/tbody>\n<\/table>","protected":false},"excerpt":{"rendered":"<p>\u017dem\u0117s \u016bkio ma\u0161inas AWEMAK gamina nuo 1989 m. UAB Horo mechanika si\u016blo plat\u0173 auk\u0161tos kokyb\u0117s AWEMAK produktus, kurie jau naudojami visoje Europos S\u0105jungoje.<\/p>\n<p>M\u016bs\u0173 garantinis aptarnavimas teikiamas klientams <span data-language-for-alternatives=\"lt\" data-language-to-translate-into=\"en\" data-phrase-index=\"3\">tiek Lietuvoje tiek Latvijoje, \u00a0atsargini\u0173 dali\u0173 pristatymas \u012f namus, taip pat greita ir konkreti pagalba gedimo atveju.<\/span> <span data-language-for-alternatives=\"lt\" data-language-to-translate-into=\"en\" data-phrase-index=\"4\">Mes teikiame savo<\/span> <span data-language-for-alternatives=\"lt\" data-language-to-translate-into=\"en\" data-phrase-index=\"6\">saug\u0173 transport\u0105 Lietuvoje ir Latvijoje.<\/span> <span data-language-for-alternatives=\"lt\" data-language-to-translate-into=\"en\" data-phrase-index=\"7\">Awemak prek\u0117s \u017eenklas yra pla\u010diai \u017einomas d\u0117l pagarbos klientams, auk\u0161tos kokyb\u0117s produkt\u0173 ir konkurencing\u0173 kain\u0173.<\/span> <span data-language-for-alternatives=\"lt\" data-language-to-translate-into=\"en\" data-phrase-index=\"9\">Awemak gaminiams naudojamos med\u017eiagos yra geriausios rinkoje &#8211; jos gaunamos i\u0161 pasaulio lyderi\u0173.<\/span> <span data-language-for-alternatives=\"lt\" data-language-to-translate-into=\"en\" data-phrase-index=\"10\">Awemak komanda aistringai dirba ir deda visas pastangas, kad b\u016bt\u0173 geriausi tai, k\u0105 daro.<\/span><\/p>","protected":false},"featured_media":12169,"comment_status":"open","ping_status":"closed","template":"","meta":[],"product_cat":[239,131],"product_tag":[199,200,201,202,203],"class_list":["post-12168","product","type-product","status-publish","has-post-thumbnail","hentry","product_cat-pakabinami-skutikliai","product_cat-dirvos-skutikliai","product_tag-diskinis-skutikas","product_tag-gumine-apsauga","product_tag-lingine-apsauga","product_tag-volas","product_tag-pakaba"],"yoast_head":"<!-- This site is optimized with the Yoast SEO plugin v20.1 - https:\/\/yoast.com\/wordpress\/plugins\/seo\/ -->\n<title>DISKINIS SKUTIKAS OZYRYS TIGER LBT- Lengvosios diskin\u0117s ak\u0117\u010dios | Horomechanika<\/title>\n<meta name=\"robots\" content=\"index, follow, max-snippet:-1, max-image-preview:large, max-video-preview:-1\" \/>\n<link rel=\"canonical\" href=\"https:\/\/www.horomechanika.lt\/ru\/product\/diskinis-skutikas-ozyrys-tiger-lbt-lengvosios-diskines-akecios\/\" \/>\n<meta property=\"og:locale\" content=\"ru_RU\" \/>\n<meta property=\"og:type\" content=\"article\" \/>\n<meta property=\"og:title\" content=\"DISKINIS SKUTIKAS OZYRYS TIGER LBT- Lengvosios diskin\u0117s ak\u0117\u010dios | Horomechanika\" \/>\n<meta property=\"og:description\" content=\"\u017dem\u0117s \u016bkio ma\u0161inas AWEMAK gamina nuo 1989 m. UAB Horo mechanika si\u016blo plat\u0173 auk\u0161tos kokyb\u0117s AWEMAK produktus, kurie jau naudojami visoje Europos S\u0105jungoje.  M\u016bs\u0173 garantinis aptarnavimas teikiamas klientams tiek Lietuvoje tiek Latvijoje, \u00a0atsargini\u0173 dali\u0173 pristatymas \u012f namus, taip pat greita ir konkreti pagalba gedimo atveju. Mes teikiame savo saug\u0173 transport\u0105 Lietuvoje ir Latvijoje. Awemak prek\u0117s \u017eenklas yra pla\u010diai \u017einomas d\u0117l pagarbos klientams, auk\u0161tos kokyb\u0117s produkt\u0173 ir konkurencing\u0173 kain\u0173. Awemak gaminiams naudojamos med\u017eiagos yra geriausios rinkoje - jos gaunamos i\u0161 pasaulio lyderi\u0173. Awemak komanda aistringai dirba ir deda visas pastangas, kad b\u016bt\u0173 geriausi tai, k\u0105 daro.\" \/>\n<meta property=\"og:url\" content=\"https:\/\/www.horomechanika.lt\/ru\/product\/diskinis-skutikas-ozyrys-tiger-lbt-lengvosios-diskines-akecios\/\" \/>\n<meta property=\"og:site_name\" content=\"Horomechanika\" \/>\n<meta property=\"article:publisher\" content=\"https:\/\/www.facebook.com\/UAB-Horo-mechanika-177091812471952\" \/>\n<meta property=\"article:modified_time\" content=\"2022-05-18T10:03:24+00:00\" \/>\n<meta property=\"og:image\" content=\"https:\/\/www.horomechanika.lt\/wp-content\/uploads\/2020\/11\/LBT27-a.jpg\" \/>\n\t<meta property=\"og:image:width\" content=\"566\" \/>\n\t<meta property=\"og:image:height\" content=\"467\" \/>\n\t<meta property=\"og:image:type\" content=\"image\/jpeg\" \/>\n<meta name=\"twitter:card\" content=\"summary_large_image\" \/>\n<script type=\"application\/ld+json\" class=\"yoast-schema-graph\">{\"@context\":\"https:\/\/schema.org\",\"@graph\":[{\"@type\":\"WebPage\",\"@id\":\"https:\/\/www.horomechanika.lt\/product\/diskinis-skutikas-ozyrys-tiger-lbt-lengvosios-diskines-akecios\/\",\"url\":\"https:\/\/www.horomechanika.lt\/product\/diskinis-skutikas-ozyrys-tiger-lbt-lengvosios-diskines-akecios\/\",\"name\":\"DISKINIS SKUTIKAS OZYRYS TIGER LBT- Lengvosios diskin\u0117s ak\u0117\u010dios | Horomechanika\",\"isPartOf\":{\"@id\":\"https:\/\/www.horomechanika.lt\/#website\"},\"datePublished\":\"2020-11-11T14:34:40+00:00\",\"dateModified\":\"2022-05-18T10:03:24+00:00\",\"breadcrumb\":{\"@id\":\"https:\/\/www.horomechanika.lt\/product\/diskinis-skutikas-ozyrys-tiger-lbt-lengvosios-diskines-akecios\/#breadcrumb\"},\"inLanguage\":\"ru-RU\",\"potentialAction\":[{\"@type\":\"ReadAction\",\"target\":[\"https:\/\/www.horomechanika.lt\/product\/diskinis-skutikas-ozyrys-tiger-lbt-lengvosios-diskines-akecios\/\"]}]},{\"@type\":\"BreadcrumbList\",\"@id\":\"https:\/\/www.horomechanika.lt\/product\/diskinis-skutikas-ozyrys-tiger-lbt-lengvosios-diskines-akecios\/#breadcrumb\",\"itemListElement\":[{\"@type\":\"ListItem\",\"position\":1,\"name\":\"Home\",\"item\":\"https:\/\/www.horomechanika.lt\/\"},{\"@type\":\"ListItem\",\"position\":2,\"name\":\"Shop\",\"item\":\"https:\/\/www.horomechanika.lt\/ru\/shop-2\/\"},{\"@type\":\"ListItem\",\"position\":3,\"name\":\"DISKINIS SKUTIKAS OZYRYS TIGER LBT- Lengvosios diskin\u0117s ak\u0117\u010dios\"}]},{\"@type\":\"WebSite\",\"@id\":\"https:\/\/www.horomechanika.lt\/#website\",\"url\":\"https:\/\/www.horomechanika.lt\/\",\"name\":\"Horomechanika\",\"description\":\"\u017dem\u0117s \u016akio Technika\",\"publisher\":{\"@id\":\"https:\/\/www.horomechanika.lt\/#organization\"},\"potentialAction\":[{\"@type\":\"SearchAction\",\"target\":{\"@type\":\"EntryPoint\",\"urlTemplate\":\"https:\/\/www.horomechanika.lt\/?s={search_term_string}\"},\"query-input\":\"required name=search_term_string\"}],\"inLanguage\":\"ru-RU\"},{\"@type\":\"Organization\",\"@id\":\"https:\/\/www.horomechanika.lt\/#organization\",\"name\":\"UAB \\\"Horo mechanika\\\"\",\"url\":\"https:\/\/www.horomechanika.lt\/\",\"logo\":{\"@type\":\"ImageObject\",\"inLanguage\":\"ru-RU\",\"@id\":\"https:\/\/www.horomechanika.lt\/#\/schema\/logo\/image\/\",\"url\":\"https:\/\/www.horomechanika.lt\/wp-content\/uploads\/2020\/05\/horomechanika-logo.png\",\"contentUrl\":\"https:\/\/www.horomechanika.lt\/wp-content\/uploads\/2020\/05\/horomechanika-logo.png\",\"width\":137,\"height\":56,\"caption\":\"UAB \\\"Horo mechanika\\\"\"},\"image\":{\"@id\":\"https:\/\/www.horomechanika.lt\/#\/schema\/logo\/image\/\"},\"sameAs\":[\"https:\/\/www.facebook.com\/UAB-Horo-mechanika-177091812471952\"]}]}<\/script>\n<!-- \/ Yoast SEO plugin. -->","yoast_head_json":{"title":"DISKINIS SKUTIKAS OZYRYS TIGER LBT- Lengvosios diskin\u0117s ak\u0117\u010dios | Horomechanika","robots":{"index":"index","follow":"follow","max-snippet":"max-snippet:-1","max-image-preview":"max-image-preview:large","max-video-preview":"max-video-preview:-1"},"canonical":"https:\/\/www.horomechanika.lt\/ru\/product\/diskinis-skutikas-ozyrys-tiger-lbt-lengvosios-diskines-akecios\/","og_locale":"ru_RU","og_type":"article","og_title":"DISKINIS SKUTIKAS OZYRYS TIGER LBT- Lengvosios diskin\u0117s ak\u0117\u010dios | Horomechanika","og_description":"\u017dem\u0117s \u016bkio ma\u0161inas AWEMAK gamina nuo 1989 m. UAB Horo mechanika si\u016blo plat\u0173 auk\u0161tos kokyb\u0117s AWEMAK produktus, kurie jau naudojami visoje Europos S\u0105jungoje.  M\u016bs\u0173 garantinis aptarnavimas teikiamas klientams tiek Lietuvoje tiek Latvijoje, \u00a0atsargini\u0173 dali\u0173 pristatymas \u012f namus, taip pat greita ir konkreti pagalba gedimo atveju. Mes teikiame savo saug\u0173 transport\u0105 Lietuvoje ir Latvijoje. Awemak prek\u0117s \u017eenklas yra pla\u010diai \u017einomas d\u0117l pagarbos klientams, auk\u0161tos kokyb\u0117s produkt\u0173 ir konkurencing\u0173 kain\u0173. Awemak gaminiams naudojamos med\u017eiagos yra geriausios rinkoje - jos gaunamos i\u0161 pasaulio lyderi\u0173. Awemak komanda aistringai dirba ir deda visas pastangas, kad b\u016bt\u0173 geriausi tai, k\u0105 daro.","og_url":"https:\/\/www.horomechanika.lt\/ru\/product\/diskinis-skutikas-ozyrys-tiger-lbt-lengvosios-diskines-akecios\/","og_site_name":"Horomechanika","article_publisher":"https:\/\/www.facebook.com\/UAB-Horo-mechanika-177091812471952","article_modified_time":"2022-05-18T10:03:24+00:00","og_image":[{"width":566,"height":467,"url":"https:\/\/www.horomechanika.lt\/wp-content\/uploads\/2020\/11\/LBT27-a.jpg","type":"image\/jpeg"}],"twitter_card":"summary_large_image","schema":{"@context":"https:\/\/schema.org","@graph":[{"@type":"WebPage","@id":"https:\/\/www.horomechanika.lt\/product\/diskinis-skutikas-ozyrys-tiger-lbt-lengvosios-diskines-akecios\/","url":"https:\/\/www.horomechanika.lt\/product\/diskinis-skutikas-ozyrys-tiger-lbt-lengvosios-diskines-akecios\/","name":"DISKINIS SKUTIKAS OZYRYS TIGER LBT- Lengvosios diskin\u0117s ak\u0117\u010dios | Horomechanika","isPartOf":{"@id":"https:\/\/www.horomechanika.lt\/#website"},"datePublished":"2020-11-11T14:34:40+00:00","dateModified":"2022-05-18T10:03:24+00:00","breadcrumb":{"@id":"https:\/\/www.horomechanika.lt\/product\/diskinis-skutikas-ozyrys-tiger-lbt-lengvosios-diskines-akecios\/#breadcrumb"},"inLanguage":"ru-RU","potentialAction":[{"@type":"ReadAction","target":["https:\/\/www.horomechanika.lt\/product\/diskinis-skutikas-ozyrys-tiger-lbt-lengvosios-diskines-akecios\/"]}]},{"@type":"BreadcrumbList","@id":"https:\/\/www.horomechanika.lt\/product\/diskinis-skutikas-ozyrys-tiger-lbt-lengvosios-diskines-akecios\/#breadcrumb","itemListElement":[{"@type":"ListItem","position":1,"name":"Home","item":"https:\/\/www.horomechanika.lt\/"},{"@type":"ListItem","position":2,"name":"Shop","item":"https:\/\/www.horomechanika.lt\/ru\/shop-2\/"},{"@type":"ListItem","position":3,"name":"DISKINIS SKUTIKAS OZYRYS TIGER LBT- Lengvosios diskin\u0117s ak\u0117\u010dios"}]},{"@type":"WebSite","@id":"https:\/\/www.horomechanika.lt\/#website","url":"https:\/\/www.horomechanika.lt\/","name":"Horomechanika","description":"\u017dem\u0117s \u016akio Technika","publisher":{"@id":"https:\/\/www.horomechanika.lt\/#organization"},"potentialAction":[{"@type":"SearchAction","target":{"@type":"EntryPoint","urlTemplate":"https:\/\/www.horomechanika.lt\/?s={search_term_string}"},"query-input":"required name=search_term_string"}],"inLanguage":"ru-RU"},{"@type":"Organization","@id":"https:\/\/www.horomechanika.lt\/#organization","name":"UAB \"Horo mechanika\"","url":"https:\/\/www.horomechanika.lt\/","logo":{"@type":"ImageObject","inLanguage":"ru-RU","@id":"https:\/\/www.horomechanika.lt\/#\/schema\/logo\/image\/","url":"https:\/\/www.horomechanika.lt\/wp-content\/uploads\/2020\/05\/horomechanika-logo.png","contentUrl":"https:\/\/www.horomechanika.lt\/wp-content\/uploads\/2020\/05\/horomechanika-logo.png","width":137,"height":56,"caption":"UAB \"Horo mechanika\""},"image":{"@id":"https:\/\/www.horomechanika.lt\/#\/schema\/logo\/image\/"},"sameAs":["https:\/\/www.facebook.com\/UAB-Horo-mechanika-177091812471952"]}]}},"_links":{"self":[{"href":"https:\/\/www.horomechanika.lt\/ru\/wp-json\/wp\/v2\/product\/12168","targetHints":{"allow":["GET"]}}],"collection":[{"href":"https:\/\/www.horomechanika.lt\/ru\/wp-json\/wp\/v2\/product"}],"about":[{"href":"https:\/\/www.horomechanika.lt\/ru\/wp-json\/wp\/v2\/types\/product"}],"replies":[{"embeddable":true,"href":"https:\/\/www.horomechanika.lt\/ru\/wp-json\/wp\/v2\/comments?post=12168"}],"wp:featuredmedia":[{"embeddable":true,"href":"https:\/\/www.horomechanika.lt\/ru\/wp-json\/wp\/v2\/media\/12169"}],"wp:attachment":[{"href":"https:\/\/www.horomechanika.lt\/ru\/wp-json\/wp\/v2\/media?parent=12168"}],"wp:term":[{"taxonomy":"product_cat","embeddable":true,"href":"https:\/\/www.horomechanika.lt\/ru\/wp-json\/wp\/v2\/product_cat?post=12168"},{"taxonomy":"product_tag","embeddable":true,"href":"https:\/\/www.horomechanika.lt\/ru\/wp-json\/wp\/v2\/product_tag?post=12168"}],"curies":[{"name":"wp","href":"https:\/\/api.w.org\/{rel}","templated":true}]}}