{"id":12177,"date":"2020-11-11T17:53:11","date_gmt":"2020-11-11T14:53:11","guid":{"rendered":"http:\/\/horomechanika.lt\/?post_type=product&#038;p=12177"},"modified":"2022-05-18T13:03:12","modified_gmt":"2022-05-18T10:03:12","slug":"diskinis-skutikas-centaur-cbt","status":"publish","type":"product","link":"https:\/\/www.horomechanika.lt\/ru\/product\/diskinis-skutikas-centaur-cbt\/","title":{"rendered":"DISKINIS SKUTIKAS CENTAUR CBT"},"content":{"rendered":"<table>\n<tbody>\n<tr>\n<td colspan=\"3\" width=\"645\">CENTAUR CBT &#8211; sunki\u0173j\u0173 \u017eemi\u0173 diskinis skutikas, apsauga spyruoklin\u0117<\/td>\n<\/tr>\n<tr>\n<td colspan=\"3\" width=\"645\">Dvi disk\u0173 eil\u0117s, \u0161oniniai ekranai, V formos \u017eiedinis volelis \u00d8700 mm, disk\u0173 eili\u0173 tarpai tarp 120 cm, spyruokli\u0173 apsauga 120x20mm, milteliniu b\u016bdu padengtas r\u0117mas<\/td>\n<\/tr>\n<tr>\n<td width=\"196\"><strong>Modelis <\/strong><\/td>\n<td width=\"220\">CBT30<\/td>\n<td width=\"230\">CBT40<\/td>\n<\/tr>\n<tr>\n<td width=\"196\"><strong>Darbinis plotis [m]<\/strong><\/td>\n<td width=\"220\">3<\/td>\n<td width=\"230\">4<\/td>\n<\/tr>\n<tr>\n<td width=\"196\"><strong>Svoris [kg]<\/strong><\/td>\n<td width=\"220\"><u>2850<\/u><\/td>\n<td width=\"230\"><u>3800<\/u><\/td>\n<\/tr>\n<tr>\n<td width=\"196\"><strong>Disk\u0173 skai\u010dius [pcs.]<\/strong><\/td>\n<td width=\"220\">24<\/td>\n<td width=\"230\">32<\/td>\n<\/tr>\n<tr>\n<td width=\"196\"><strong>Reikiama galia [PS]<\/strong><\/td>\n<td width=\"220\">&lt;150<\/td>\n<td width=\"230\">&lt;170<\/td>\n<\/tr>\n<tr>\n<td width=\"196\"><strong>Disko dydis [mm]<\/strong><\/td>\n<td colspan=\"2\" width=\"450\">625<\/td>\n<\/tr>\n<tr>\n<td colspan=\"3\" width=\"645\"><strong>PAPILDOMAI U\u017dSAKOMA<\/strong><\/td>\n<\/tr>\n<tr>\n<td width=\"196\"><strong>Gabaritiniai \u017eibintai LED<\/strong><\/td>\n<td colspan=\"2\" width=\"450\">TAIP<\/td>\n<\/tr>\n<tr>\n<td width=\"196\"><strong>Plieninis \u017eiedinis volas \u00d8610 + valytuvas<\/strong><\/td>\n<td width=\"220\">TAIP<\/td>\n<td width=\"230\">TAIP<\/td>\n<\/tr>\n<\/tbody>\n<\/table>\n<p><iframe loading=\"lazy\" title=\"Awemak prezentuje brone\u0328 talerzowa\u0328 Centaur\" width=\"895\" height=\"503\" src=\"https:\/\/www.youtube.com\/embed\/IR-ehK1SbTM?feature=oembed\" frameborder=\"0\" allow=\"accelerometer; autoplay; clipboard-write; encrypted-media; gyroscope; picture-in-picture\" allowfullscreen><\/iframe><\/p>","protected":false},"excerpt":{"rendered":"<p>\u017dem\u0117s \u016bkio ma\u0161inas AWEMAK gamina nuo 1989 m. UAB Horo mechanika si\u016blo plat\u0173 auk\u0161tos kokyb\u0117s AWEMAK produktus, kurie jau naudojami visoje Europos S\u0105jungoje.<\/p>\n<p>M\u016bs\u0173 garantinis aptarnavimas teikiamas klientams <span data-language-for-alternatives=\"lt\" data-language-to-translate-into=\"en\" data-phrase-index=\"3\">tiek Lietuvoje tiek Latvijoje, \u00a0atsargini\u0173 dali\u0173 pristatymas \u012f namus, taip pat greita ir konkreti pagalba gedimo atveju.<\/span> <span data-language-for-alternatives=\"lt\" data-language-to-translate-into=\"en\" data-phrase-index=\"4\">Mes teikiame savo<\/span> <span data-language-for-alternatives=\"lt\" data-language-to-translate-into=\"en\" data-phrase-index=\"6\">saug\u0173 transport\u0105 Lietuvoje ir Latvijoje.<\/span> <span data-language-for-alternatives=\"lt\" data-language-to-translate-into=\"en\" data-phrase-index=\"7\">Awemak prek\u0117s \u017eenklas yra pla\u010diai \u017einomas d\u0117l pagarbos klientams, auk\u0161tos kokyb\u0117s produkt\u0173 ir konkurencing\u0173 kain\u0173.<\/span> <span data-language-for-alternatives=\"lt\" data-language-to-translate-into=\"en\" data-phrase-index=\"9\">Awemak gaminiams naudojamos med\u017eiagos yra geriausios rinkoje &#8211; jos gaunamos i\u0161 pasaulio lyderi\u0173.<\/span> <span data-language-for-alternatives=\"lt\" data-language-to-translate-into=\"en\" data-phrase-index=\"10\">Awemak komanda aistringai dirba ir deda visas pastangas, kad b\u016bt\u0173 geriausi tai, k\u0105 daro.<\/span><\/p>","protected":false},"featured_media":12185,"comment_status":"open","ping_status":"closed","template":"","meta":[],"product_cat":[239,131,136],"product_tag":[199,200,201,202,203],"class_list":["post-12177","product","type-product","status-publish","has-post-thumbnail","hentry","product_cat-pakabinami-skutikliai","product_cat-dirvos-skutikliai","product_cat-plugai","product_tag-diskinis-skutikas","product_tag-gumine-apsauga","product_tag-lingine-apsauga","product_tag-volas","product_tag-pakaba"],"yoast_head":"<!-- This site is optimized with the Yoast SEO plugin v20.1 - https:\/\/yoast.com\/wordpress\/plugins\/seo\/ -->\n<title>DISKINIS SKUTIKAS CENTAUR CBT | Horomechanika<\/title>\n<meta name=\"robots\" content=\"index, follow, max-snippet:-1, max-image-preview:large, max-video-preview:-1\" \/>\n<link rel=\"canonical\" href=\"https:\/\/www.horomechanika.lt\/ru\/product\/diskinis-skutikas-centaur-cbt\/\" \/>\n<meta property=\"og:locale\" content=\"ru_RU\" \/>\n<meta property=\"og:type\" content=\"article\" \/>\n<meta property=\"og:title\" content=\"DISKINIS SKUTIKAS CENTAUR CBT | Horomechanika\" \/>\n<meta property=\"og:description\" content=\"\u017dem\u0117s \u016bkio ma\u0161inas AWEMAK gamina nuo 1989 m. UAB Horo mechanika si\u016blo plat\u0173 auk\u0161tos kokyb\u0117s AWEMAK produktus, kurie jau naudojami visoje Europos S\u0105jungoje.  M\u016bs\u0173 garantinis aptarnavimas teikiamas klientams tiek Lietuvoje tiek Latvijoje, \u00a0atsargini\u0173 dali\u0173 pristatymas \u012f namus, taip pat greita ir konkreti pagalba gedimo atveju. Mes teikiame savo saug\u0173 transport\u0105 Lietuvoje ir Latvijoje. Awemak prek\u0117s \u017eenklas yra pla\u010diai \u017einomas d\u0117l pagarbos klientams, auk\u0161tos kokyb\u0117s produkt\u0173 ir konkurencing\u0173 kain\u0173. Awemak gaminiams naudojamos med\u017eiagos yra geriausios rinkoje - jos gaunamos i\u0161 pasaulio lyderi\u0173. Awemak komanda aistringai dirba ir deda visas pastangas, kad b\u016bt\u0173 geriausi tai, k\u0105 daro.\" \/>\n<meta property=\"og:url\" content=\"https:\/\/www.horomechanika.lt\/ru\/product\/diskinis-skutikas-centaur-cbt\/\" \/>\n<meta property=\"og:site_name\" content=\"Horomechanika\" \/>\n<meta property=\"article:publisher\" content=\"https:\/\/www.facebook.com\/UAB-Horo-mechanika-177091812471952\" \/>\n<meta property=\"article:modified_time\" content=\"2022-05-18T10:03:12+00:00\" \/>\n<meta property=\"og:image\" content=\"https:\/\/www.horomechanika.lt\/wp-content\/uploads\/2020\/11\/CBT30-3.jpg\" \/>\n\t<meta property=\"og:image:width\" content=\"682\" \/>\n\t<meta property=\"og:image:height\" content=\"515\" \/>\n\t<meta property=\"og:image:type\" content=\"image\/jpeg\" \/>\n<meta name=\"twitter:card\" content=\"summary_large_image\" \/>\n<script type=\"application\/ld+json\" class=\"yoast-schema-graph\">{\"@context\":\"https:\/\/schema.org\",\"@graph\":[{\"@type\":\"WebPage\",\"@id\":\"https:\/\/www.horomechanika.lt\/product\/diskinis-skutikas-centaur-cbt\/\",\"url\":\"https:\/\/www.horomechanika.lt\/product\/diskinis-skutikas-centaur-cbt\/\",\"name\":\"DISKINIS SKUTIKAS CENTAUR CBT | Horomechanika\",\"isPartOf\":{\"@id\":\"https:\/\/www.horomechanika.lt\/#website\"},\"datePublished\":\"2020-11-11T14:53:11+00:00\",\"dateModified\":\"2022-05-18T10:03:12+00:00\",\"breadcrumb\":{\"@id\":\"https:\/\/www.horomechanika.lt\/product\/diskinis-skutikas-centaur-cbt\/#breadcrumb\"},\"inLanguage\":\"ru-RU\",\"potentialAction\":[{\"@type\":\"ReadAction\",\"target\":[\"https:\/\/www.horomechanika.lt\/product\/diskinis-skutikas-centaur-cbt\/\"]}]},{\"@type\":\"BreadcrumbList\",\"@id\":\"https:\/\/www.horomechanika.lt\/product\/diskinis-skutikas-centaur-cbt\/#breadcrumb\",\"itemListElement\":[{\"@type\":\"ListItem\",\"position\":1,\"name\":\"Home\",\"item\":\"https:\/\/www.horomechanika.lt\/\"},{\"@type\":\"ListItem\",\"position\":2,\"name\":\"Shop\",\"item\":\"https:\/\/www.horomechanika.lt\/ru\/shop-2\/\"},{\"@type\":\"ListItem\",\"position\":3,\"name\":\"DISKINIS SKUTIKAS CENTAUR CBT\"}]},{\"@type\":\"WebSite\",\"@id\":\"https:\/\/www.horomechanika.lt\/#website\",\"url\":\"https:\/\/www.horomechanika.lt\/\",\"name\":\"Horomechanika\",\"description\":\"\u017dem\u0117s \u016akio Technika\",\"publisher\":{\"@id\":\"https:\/\/www.horomechanika.lt\/#organization\"},\"potentialAction\":[{\"@type\":\"SearchAction\",\"target\":{\"@type\":\"EntryPoint\",\"urlTemplate\":\"https:\/\/www.horomechanika.lt\/?s={search_term_string}\"},\"query-input\":\"required name=search_term_string\"}],\"inLanguage\":\"ru-RU\"},{\"@type\":\"Organization\",\"@id\":\"https:\/\/www.horomechanika.lt\/#organization\",\"name\":\"UAB \\\"Horo mechanika\\\"\",\"url\":\"https:\/\/www.horomechanika.lt\/\",\"logo\":{\"@type\":\"ImageObject\",\"inLanguage\":\"ru-RU\",\"@id\":\"https:\/\/www.horomechanika.lt\/#\/schema\/logo\/image\/\",\"url\":\"https:\/\/www.horomechanika.lt\/wp-content\/uploads\/2020\/05\/horomechanika-logo.png\",\"contentUrl\":\"https:\/\/www.horomechanika.lt\/wp-content\/uploads\/2020\/05\/horomechanika-logo.png\",\"width\":137,\"height\":56,\"caption\":\"UAB \\\"Horo mechanika\\\"\"},\"image\":{\"@id\":\"https:\/\/www.horomechanika.lt\/#\/schema\/logo\/image\/\"},\"sameAs\":[\"https:\/\/www.facebook.com\/UAB-Horo-mechanika-177091812471952\"]}]}<\/script>\n<!-- \/ Yoast SEO plugin. -->","yoast_head_json":{"title":"DISKINIS SKUTIKAS CENTAUR CBT | Horomechanika","robots":{"index":"index","follow":"follow","max-snippet":"max-snippet:-1","max-image-preview":"max-image-preview:large","max-video-preview":"max-video-preview:-1"},"canonical":"https:\/\/www.horomechanika.lt\/ru\/product\/diskinis-skutikas-centaur-cbt\/","og_locale":"ru_RU","og_type":"article","og_title":"DISKINIS SKUTIKAS CENTAUR CBT | Horomechanika","og_description":"\u017dem\u0117s \u016bkio ma\u0161inas AWEMAK gamina nuo 1989 m. UAB Horo mechanika si\u016blo plat\u0173 auk\u0161tos kokyb\u0117s AWEMAK produktus, kurie jau naudojami visoje Europos S\u0105jungoje.  M\u016bs\u0173 garantinis aptarnavimas teikiamas klientams tiek Lietuvoje tiek Latvijoje, \u00a0atsargini\u0173 dali\u0173 pristatymas \u012f namus, taip pat greita ir konkreti pagalba gedimo atveju. Mes teikiame savo saug\u0173 transport\u0105 Lietuvoje ir Latvijoje. Awemak prek\u0117s \u017eenklas yra pla\u010diai \u017einomas d\u0117l pagarbos klientams, auk\u0161tos kokyb\u0117s produkt\u0173 ir konkurencing\u0173 kain\u0173. Awemak gaminiams naudojamos med\u017eiagos yra geriausios rinkoje - jos gaunamos i\u0161 pasaulio lyderi\u0173. Awemak komanda aistringai dirba ir deda visas pastangas, kad b\u016bt\u0173 geriausi tai, k\u0105 daro.","og_url":"https:\/\/www.horomechanika.lt\/ru\/product\/diskinis-skutikas-centaur-cbt\/","og_site_name":"Horomechanika","article_publisher":"https:\/\/www.facebook.com\/UAB-Horo-mechanika-177091812471952","article_modified_time":"2022-05-18T10:03:12+00:00","og_image":[{"width":682,"height":515,"url":"https:\/\/www.horomechanika.lt\/wp-content\/uploads\/2020\/11\/CBT30-3.jpg","type":"image\/jpeg"}],"twitter_card":"summary_large_image","schema":{"@context":"https:\/\/schema.org","@graph":[{"@type":"WebPage","@id":"https:\/\/www.horomechanika.lt\/product\/diskinis-skutikas-centaur-cbt\/","url":"https:\/\/www.horomechanika.lt\/product\/diskinis-skutikas-centaur-cbt\/","name":"DISKINIS SKUTIKAS CENTAUR CBT | Horomechanika","isPartOf":{"@id":"https:\/\/www.horomechanika.lt\/#website"},"datePublished":"2020-11-11T14:53:11+00:00","dateModified":"2022-05-18T10:03:12+00:00","breadcrumb":{"@id":"https:\/\/www.horomechanika.lt\/product\/diskinis-skutikas-centaur-cbt\/#breadcrumb"},"inLanguage":"ru-RU","potentialAction":[{"@type":"ReadAction","target":["https:\/\/www.horomechanika.lt\/product\/diskinis-skutikas-centaur-cbt\/"]}]},{"@type":"BreadcrumbList","@id":"https:\/\/www.horomechanika.lt\/product\/diskinis-skutikas-centaur-cbt\/#breadcrumb","itemListElement":[{"@type":"ListItem","position":1,"name":"Home","item":"https:\/\/www.horomechanika.lt\/"},{"@type":"ListItem","position":2,"name":"Shop","item":"https:\/\/www.horomechanika.lt\/ru\/shop-2\/"},{"@type":"ListItem","position":3,"name":"DISKINIS SKUTIKAS CENTAUR CBT"}]},{"@type":"WebSite","@id":"https:\/\/www.horomechanika.lt\/#website","url":"https:\/\/www.horomechanika.lt\/","name":"Horomechanika","description":"\u017dem\u0117s \u016akio Technika","publisher":{"@id":"https:\/\/www.horomechanika.lt\/#organization"},"potentialAction":[{"@type":"SearchAction","target":{"@type":"EntryPoint","urlTemplate":"https:\/\/www.horomechanika.lt\/?s={search_term_string}"},"query-input":"required name=search_term_string"}],"inLanguage":"ru-RU"},{"@type":"Organization","@id":"https:\/\/www.horomechanika.lt\/#organization","name":"UAB \"Horo mechanika\"","url":"https:\/\/www.horomechanika.lt\/","logo":{"@type":"ImageObject","inLanguage":"ru-RU","@id":"https:\/\/www.horomechanika.lt\/#\/schema\/logo\/image\/","url":"https:\/\/www.horomechanika.lt\/wp-content\/uploads\/2020\/05\/horomechanika-logo.png","contentUrl":"https:\/\/www.horomechanika.lt\/wp-content\/uploads\/2020\/05\/horomechanika-logo.png","width":137,"height":56,"caption":"UAB \"Horo mechanika\""},"image":{"@id":"https:\/\/www.horomechanika.lt\/#\/schema\/logo\/image\/"},"sameAs":["https:\/\/www.facebook.com\/UAB-Horo-mechanika-177091812471952"]}]}},"_links":{"self":[{"href":"https:\/\/www.horomechanika.lt\/ru\/wp-json\/wp\/v2\/product\/12177","targetHints":{"allow":["GET"]}}],"collection":[{"href":"https:\/\/www.horomechanika.lt\/ru\/wp-json\/wp\/v2\/product"}],"about":[{"href":"https:\/\/www.horomechanika.lt\/ru\/wp-json\/wp\/v2\/types\/product"}],"replies":[{"embeddable":true,"href":"https:\/\/www.horomechanika.lt\/ru\/wp-json\/wp\/v2\/comments?post=12177"}],"wp:featuredmedia":[{"embeddable":true,"href":"https:\/\/www.horomechanika.lt\/ru\/wp-json\/wp\/v2\/media\/12185"}],"wp:attachment":[{"href":"https:\/\/www.horomechanika.lt\/ru\/wp-json\/wp\/v2\/media?parent=12177"}],"wp:term":[{"taxonomy":"product_cat","embeddable":true,"href":"https:\/\/www.horomechanika.lt\/ru\/wp-json\/wp\/v2\/product_cat?post=12177"},{"taxonomy":"product_tag","embeddable":true,"href":"https:\/\/www.horomechanika.lt\/ru\/wp-json\/wp\/v2\/product_tag?post=12177"}],"curies":[{"name":"wp","href":"https:\/\/api.w.org\/{rel}","templated":true}]}}