{"id":12187,"date":"2020-11-12T10:38:58","date_gmt":"2020-11-12T07:38:58","guid":{"rendered":"http:\/\/horomechanika.lt\/?post_type=product&#038;p=12187"},"modified":"2022-05-18T13:02:50","modified_gmt":"2022-05-18T10:02:50","slug":"diskinis-skutikas-ozyrys-bth","status":"publish","type":"product","link":"https:\/\/www.horomechanika.lt\/ru\/product\/diskinis-skutikas-ozyrys-bth\/","title":{"rendered":"DISKINIS SKUTIKAS OZYRYS BTH"},"content":{"rendered":"<table>\n<tbody>\n<tr>\n<td colspan=\"6\" width=\"666\">OZYRYS BTH \u2013 Hidrauli\u0161kai sulankstomas skutikas<\/td>\n<\/tr>\n<tr>\n<td colspan=\"6\" width=\"666\">Dvi disk\u0173 eil\u0117s, \u0161oniniai ekranai, vamzdinis ritininis ritin\u0117lis \u00d8500 mm, disk\u0173 eili\u0173 tarpai 85 cm, milteliniu b\u016bdu padengtas r\u0117mas<\/td>\n<\/tr>\n<tr>\n<td colspan=\"2\" width=\"208\">Modelis<\/td>\n<td width=\"104\">BTH40<\/td>\n<td width=\"118\">BTH45<\/td>\n<td width=\"118\">BTH50<\/td>\n<td width=\"118\">BTH60<\/td>\n<\/tr>\n<tr>\n<td colspan=\"2\" width=\"208\">Darbinis plotis [m]<\/td>\n<td width=\"104\">4<\/td>\n<td width=\"118\">4,5<\/td>\n<td width=\"118\">5<\/td>\n<td width=\"118\">6<\/td>\n<\/tr>\n<tr>\n<td colspan=\"2\" width=\"208\">Svoris [kg]<\/td>\n<td width=\"104\">1900<\/td>\n<td width=\"118\">2000<\/td>\n<td width=\"118\">2500<\/td>\n<td width=\"118\">2700<\/td>\n<\/tr>\n<tr>\n<td colspan=\"2\" width=\"208\">Disk\u0173 skai\u010dius [pcs.]<\/td>\n<td width=\"104\">32<\/td>\n<td width=\"118\">36<\/td>\n<td width=\"118\">40<\/td>\n<td width=\"118\">48<\/td>\n<\/tr>\n<tr>\n<td colspan=\"2\" width=\"208\">Reikiama galia [PS]<\/td>\n<td width=\"104\">12-150<\/td>\n<td width=\"118\">130-150<\/td>\n<td width=\"118\">140-180<\/td>\n<td width=\"118\">160-190<\/td>\n<\/tr>\n<tr>\n<td colspan=\"2\" width=\"208\">Disko dydis [mm]<\/td>\n<td colspan=\"4\" width=\"458\">\u00d8510 lub \u00d8560<\/td>\n<\/tr>\n<tr>\n<td colspan=\"6\" width=\"666\">PAPILDOMAI U\u017dSAKOMA<\/td>\n<\/tr>\n<tr>\n<td colspan=\"2\" width=\"208\">Lingin\u0117 apsauga (diskas \u00d8510mm)<\/td>\n<td width=\"104\">TINKA<\/td>\n<td width=\"118\">TINKA<\/td>\n<td width=\"118\">TINKA<\/td>\n<td width=\"118\">TINKA<\/td>\n<\/tr>\n<tr>\n<td colspan=\"2\" width=\"208\">Diskas \u00d8610 (tik su neaptarnaujamomis guoliaviet\u0117mis)<\/td>\n<td width=\"104\">TINKA<\/td>\n<td width=\"118\">TINKA<\/td>\n<td width=\"118\">TINKA<\/td>\n<td width=\"118\">TINKA<\/td>\n<\/tr>\n<tr>\n<td colspan=\"2\" width=\"208\">Neaptarnaujamas guoliaviet\u0117s AVE<\/td>\n<td width=\"104\">TINKA<\/td>\n<td width=\"118\">TINKA<\/td>\n<td width=\"118\">TINKA<\/td>\n<td width=\"118\">TINKA<\/td>\n<\/tr>\n<tr>\n<td colspan=\"2\" width=\"208\">Neaptarnaujamas guoliaviet\u0117s FKL\/NSK<\/td>\n<td width=\"104\">TINKA<\/td>\n<td width=\"118\">TINKA<\/td>\n<td width=\"118\">TINKA<\/td>\n<td width=\"118\">TINKA<\/td>\n<\/tr>\n<tr>\n<td colspan=\"2\" width=\"208\">Du papildomi cilindrai sulankstymui<\/td>\n<td colspan=\"2\" width=\"222\">TINKA<\/td>\n<td colspan=\"2\" width=\"236\">Standartin\u0117je komplektacijoje yra<\/td>\n<\/tr>\n<tr>\n<td colspan=\"2\" width=\"208\">Gabaritiniai \u017eibintai LED<\/td>\n<td colspan=\"4\" width=\"458\">\n<p style=\"text-align: center;\">TINKA<\/p>\n<\/td>\n<\/tr>\n<tr>\n<td colspan=\"2\" width=\"208\">Gabaritiniai \u017eibintai LED + ant rat\u0173 arkos<\/p>\n<p>(prikabinama versija)<\/td>\n<td colspan=\"4\" width=\"458\">\n<p style=\"text-align: center;\">TINKA<\/p>\n<\/td>\n<\/tr>\n<tr>\n<td colspan=\"2\" width=\"208\">Hidraulinis gylio reguliavimas<\/td>\n<td colspan=\"4\" width=\"458\">\n<p style=\"text-align: center;\">TINKA<\/p>\n<\/td>\n<\/tr>\n<tr>\n<td colspan=\"2\" width=\"208\">Eil\u0117 eket\u0117li\u0173<\/td>\n<td width=\"104\">TINKA<\/td>\n<td width=\"118\">TINKA<\/td>\n<td width=\"118\">TINKA<\/td>\n<td width=\"118\">TINKA<\/td>\n<\/tr>\n<tr>\n<td colspan=\"2\" width=\"208\">Atmu\u0161imo juota prie\u0161 galinius diskus<\/td>\n<td width=\"104\">TINKA<\/td>\n<td width=\"118\">TINKA<\/td>\n<td width=\"118\">TINKA<\/td>\n<td width=\"118\">TINKA<\/td>\n<\/tr>\n<tr>\n<td colspan=\"2\" width=\"208\">\n<p style=\"text-align: center;\">Va\u017eiuokl\u0117 + gr\u0105\u017eulas<\/p>\n<p style=\"text-align: center;\">+ Ratai 400\/60-15&#8242;<\/p>\n<\/td>\n<td style=\"text-align: center;\" colspan=\"4\" width=\"458\">TINKA<\/td>\n<\/tr>\n<tr>\n<td colspan=\"2\" width=\"208\">Va\u017eiuokl\u0117 + gr\u0105\u017eulas<\/p>\n<p>+ Ratai 500\/50-17&#8242;<\/td>\n<td colspan=\"4\" width=\"458\">\n<p style=\"text-align: center;\">TINKA<\/p>\n<\/td>\n<\/tr>\n<tr>\n<td colspan=\"2\" width=\"208\">Priekiniai atraminiai ratai 2&#215;2 (R15\/200)<\/td>\n<td colspan=\"4\" width=\"458\">\n<p style=\"text-align: center;\">TINKA<\/p>\n<\/td>\n<\/tr>\n<tr>\n<td colspan=\"2\" width=\"208\">Priekiniai atraminiai ratai 2&#215;2 (10\/18-12)<\/td>\n<td colspan=\"4\" width=\"458\">\n<p style=\"text-align: center;\">TINKA<\/p>\n<\/td>\n<\/tr>\n<tr>\n<td colspan=\"2\" width=\"208\">Pneumatin\u0117 stabd\u017ei\u0173 sistema<\/td>\n<td colspan=\"4\" width=\"458\">\n<p style=\"text-align: center;\">TINKA<\/p>\n<\/td>\n<\/tr>\n<tr>\n<td colspan=\"2\" width=\"208\">Hidraulin\u0117 stabd\u017ei\u0173 sistema<\/td>\n<td colspan=\"4\" width=\"458\">\n<p style=\"text-align: center;\">TINKA<\/p>\n<\/td>\n<\/tr>\n<tr>\n<td style=\"text-align: center;\" colspan=\"2\" width=\"208\">Hidraulinis gr\u0105\u017eulas + prikabinimo kilpa \u00d840<\/td>\n<td colspan=\"4\" width=\"458\">\n<p style=\"text-align: center;\">TINKA<\/p>\n<\/td>\n<\/tr>\n<tr>\n<td colspan=\"2\" width=\"208\">Vamzdinis volas \u00d8600 \u2013 12 vamzd\u017ei\u0173<\/td>\n<td width=\"104\">TINKA<\/td>\n<td width=\"118\">TINKA<\/td>\n<td width=\"118\">TINKA<\/td>\n<td width=\"118\">TINKA<\/td>\n<\/tr>\n<tr>\n<td colspan=\"2\" width=\"208\">Plok\u0161\u010dio vamzd\u017eio volas \u00d8600<\/td>\n<td width=\"104\">TINKA<\/td>\n<td width=\"118\">TINKA<\/td>\n<td width=\"118\">TINKA<\/td>\n<td width=\"118\">TINKA<\/td>\n<\/tr>\n<tr>\n<td colspan=\"2\" width=\"208\">Packer volas \u00d8500 + valiklis<\/td>\n<td width=\"104\">TINKA<\/td>\n<td width=\"118\">TINKA<\/td>\n<td width=\"118\">TINKA<\/td>\n<td width=\"118\">TINKA<\/td>\n<\/tr>\n<tr>\n<td colspan=\"2\" width=\"208\">Guminis volas \u00d8500 + valiklis<\/td>\n<td width=\"104\">TINKA<\/td>\n<td width=\"118\">TINKA<\/td>\n<td width=\"118\">TINKA<\/td>\n<td width=\"118\">TINKA<\/td>\n<\/tr>\n<tr>\n<td colspan=\"2\" width=\"208\">Spyruoklinis volas \u00d8500 (be valiklio)<\/td>\n<td width=\"104\">TINKA<\/td>\n<td width=\"118\">TINKA<\/td>\n<td width=\"118\">TINKA<\/td>\n<td width=\"118\">TINKA<\/td>\n<\/tr>\n<tr>\n<td colspan=\"2\" width=\"208\">U-formos \u017eiedinis volas \u00d8550 (be valiklio)<\/td>\n<td width=\"104\">TINKA<\/td>\n<td width=\"118\">TINKA<\/td>\n<td width=\"118\">TINKA<\/td>\n<td width=\"118\">TINKA<\/td>\n<\/tr>\n<tr>\n<td colspan=\"2\" width=\"208\">Lengvas U- formos \u017eiedinis volas \u00d8550 (be valiklio)<\/td>\n<td width=\"104\">TINKA<\/td>\n<td width=\"118\">TINKA<\/td>\n<td width=\"118\">TINKA<\/td>\n<td width=\"118\">TINKA<\/td>\n<\/tr>\n<tr>\n<td colspan=\"2\" width=\"208\">Tandem tipo U formos \u017eiedinis volas \u00d8550<\/td>\n<td width=\"104\">TINKA<\/td>\n<td width=\"118\">TINKA<\/td>\n<td width=\"118\">TINKA<\/td>\n<td width=\"118\">TINKA<\/td>\n<\/tr>\n<tr>\n<td colspan=\"2\" width=\"208\">Plieninis \u017eiedinis volas \u00d8610 + valiklis<\/td>\n<td width=\"104\">TINKA<\/td>\n<td width=\"118\">TINKA<\/td>\n<td width=\"118\">TINKA<\/td>\n<td width=\"118\">TINKA<\/td>\n<\/tr>\n<tr>\n<td rowspan=\"2\" width=\"141\">&nbsp;<\/p>\n<p>Crosskill volas<\/td>\n<td width=\"66\">\u00d8500<\/td>\n<td width=\"104\">TINKA<\/td>\n<td width=\"118\">TINKA<\/td>\n<td width=\"118\">TINKA<\/td>\n<td width=\"118\">TINKA<\/td>\n<\/tr>\n<tr>\n<td width=\"66\">\u00d8600<\/td>\n<td width=\"104\">TINKA<\/td>\n<td width=\"118\">TINKA<\/td>\n<td width=\"118\">TINKA<\/td>\n<td width=\"118\">TINKA<\/td>\n<\/tr>\n<tr>\n<td rowspan=\"2\" width=\"141\">V- formos \u017eiedinis volas (be valiklio)<\/td>\n<td width=\"66\">\u00d8500<\/td>\n<td width=\"104\">TINKA<\/td>\n<td width=\"118\">TINKA<\/td>\n<td width=\"118\">TINKA<\/td>\n<td width=\"118\">TINKA<\/td>\n<\/tr>\n<tr>\n<td width=\"66\">\u00d8600<\/td>\n<td width=\"104\">TINKA<\/td>\n<td width=\"118\">TINKA<\/td>\n<td width=\"118\">TINKA<\/td>\n<td width=\"118\">TINKA<\/td>\n<\/tr>\n<tr>\n<td rowspan=\"2\" width=\"141\">T- formos \u017eiedinis volas (be valiklio)<\/td>\n<td width=\"66\">\u00d8500<\/td>\n<td width=\"104\">TINKA<\/td>\n<td width=\"118\">TINKA<\/td>\n<td width=\"118\">TINKA<\/td>\n<td width=\"118\">TINKA<\/td>\n<\/tr>\n<tr>\n<td width=\"66\">\u00d8600<\/td>\n<td width=\"104\">TINKA<\/td>\n<td width=\"118\">TINKA<\/td>\n<td width=\"118\">TINKA<\/td>\n<td width=\"118\">TINKA<\/td>\n<\/tr>\n<tr>\n<td colspan=\"2\" width=\"208\">Valiklis volams:<\/p>\n<p>spring, U-ring, V-ring, T-ring<\/td>\n<td width=\"104\">TINKA<\/td>\n<td width=\"118\">TINKA<\/td>\n<td width=\"118\">TINKA<\/td>\n<td width=\"118\">TINKA<\/td>\n<\/tr>\n<\/tbody>\n<\/table>\n<p>&nbsp;<\/p>\n<p><iframe loading=\"lazy\" title=\"Awemak Ozyrys BTHD 60 Working 2018 #discharrow\" width=\"895\" height=\"503\" src=\"https:\/\/www.youtube.com\/embed\/Kfjs97KZwL4?feature=oembed\" frameborder=\"0\" allow=\"accelerometer; autoplay; clipboard-write; encrypted-media; gyroscope; picture-in-picture\" allowfullscreen><\/iframe><\/p>","protected":false},"excerpt":{"rendered":"<p>\u017dem\u0117s \u016bkio ma\u0161inas AWEMAK gamina nuo 1989 m. UAB Horo mechanika si\u016blo plat\u0173 auk\u0161tos kokyb\u0117s AWEMAK produktus, kurie jau naudojami visoje Europos S\u0105jungoje.<\/p>\n<p>M\u016bs\u0173 garantinis aptarnavimas teikiamas klientams <span data-language-for-alternatives=\"lt\" data-language-to-translate-into=\"en\" data-phrase-index=\"3\">tiek Lietuvoje tiek Latvijoje, \u00a0atsargini\u0173 dali\u0173 pristatymas \u012f namus, taip pat greita ir konkreti pagalba gedimo atveju.<\/span> <span data-language-for-alternatives=\"lt\" data-language-to-translate-into=\"en\" data-phrase-index=\"4\">Mes teikiame savo<\/span> <span data-language-for-alternatives=\"lt\" data-language-to-translate-into=\"en\" data-phrase-index=\"6\">saug\u0173 transport\u0105 Lietuvoje ir Latvijoje.<\/span> <span data-language-for-alternatives=\"lt\" data-language-to-translate-into=\"en\" data-phrase-index=\"7\">Awemak prek\u0117s \u017eenklas yra pla\u010diai \u017einomas d\u0117l pagarbos klientams, auk\u0161tos kokyb\u0117s produkt\u0173 ir konkurencing\u0173 kain\u0173.<\/span> <span data-language-for-alternatives=\"lt\" data-language-to-translate-into=\"en\" data-phrase-index=\"9\">Awemak gaminiams naudojamos med\u017eiagos yra geriausios rinkoje &#8211; jos gaunamos i\u0161 pasaulio lyderi\u0173.<\/span> <span data-language-for-alternatives=\"lt\" data-language-to-translate-into=\"en\" data-phrase-index=\"10\">Awemak komanda aistringai dirba ir deda visas pastangas, kad b\u016bt\u0173 geriausi tai, k\u0105 daro.<\/span><\/p>","protected":false},"featured_media":12194,"comment_status":"open","ping_status":"closed","template":"","meta":[],"product_cat":[238,131],"product_tag":[199,200,201,202,203],"class_list":["post-12187","product","type-product","status-publish","has-post-thumbnail","hentry","product_cat-prikabinami-skutikliai","product_cat-dirvos-skutikliai","product_tag-diskinis-skutikas","product_tag-gumine-apsauga","product_tag-lingine-apsauga","product_tag-volas","product_tag-pakaba"],"yoast_head":"<!-- This site is optimized with the Yoast SEO plugin v20.1 - https:\/\/yoast.com\/wordpress\/plugins\/seo\/ -->\n<title>DISKINIS SKUTIKAS OZYRYS BTH | Horomechanika<\/title>\n<meta name=\"robots\" content=\"index, follow, max-snippet:-1, max-image-preview:large, max-video-preview:-1\" \/>\n<link rel=\"canonical\" href=\"https:\/\/www.horomechanika.lt\/ru\/product\/diskinis-skutikas-ozyrys-bth\/\" \/>\n<meta property=\"og:locale\" content=\"ru_RU\" \/>\n<meta property=\"og:type\" content=\"article\" \/>\n<meta property=\"og:title\" content=\"DISKINIS SKUTIKAS OZYRYS BTH | Horomechanika\" \/>\n<meta property=\"og:description\" content=\"\u017dem\u0117s \u016bkio ma\u0161inas AWEMAK gamina nuo 1989 m. UAB Horo mechanika si\u016blo plat\u0173 auk\u0161tos kokyb\u0117s AWEMAK produktus, kurie jau naudojami visoje Europos S\u0105jungoje.  M\u016bs\u0173 garantinis aptarnavimas teikiamas klientams tiek Lietuvoje tiek Latvijoje, \u00a0atsargini\u0173 dali\u0173 pristatymas \u012f namus, taip pat greita ir konkreti pagalba gedimo atveju. Mes teikiame savo saug\u0173 transport\u0105 Lietuvoje ir Latvijoje. Awemak prek\u0117s \u017eenklas yra pla\u010diai \u017einomas d\u0117l pagarbos klientams, auk\u0161tos kokyb\u0117s produkt\u0173 ir konkurencing\u0173 kain\u0173. Awemak gaminiams naudojamos med\u017eiagos yra geriausios rinkoje - jos gaunamos i\u0161 pasaulio lyderi\u0173. Awemak komanda aistringai dirba ir deda visas pastangas, kad b\u016bt\u0173 geriausi tai, k\u0105 daro.\" \/>\n<meta property=\"og:url\" content=\"https:\/\/www.horomechanika.lt\/ru\/product\/diskinis-skutikas-ozyrys-bth\/\" \/>\n<meta property=\"og:site_name\" content=\"Horomechanika\" \/>\n<meta property=\"article:publisher\" content=\"https:\/\/www.facebook.com\/UAB-Horo-mechanika-177091812471952\" \/>\n<meta property=\"article:modified_time\" content=\"2022-05-18T10:02:50+00:00\" \/>\n<meta property=\"og:image\" content=\"https:\/\/www.horomechanika.lt\/wp-content\/uploads\/2020\/11\/BTHD60-a-scaled.jpg\" \/>\n\t<meta property=\"og:image:width\" content=\"2560\" \/>\n\t<meta property=\"og:image:height\" content=\"1852\" \/>\n\t<meta property=\"og:image:type\" content=\"image\/jpeg\" \/>\n<meta name=\"twitter:card\" content=\"summary_large_image\" \/>\n<meta name=\"twitter:label1\" content=\"\u041f\u0440\u0438\u043c\u0435\u0440\u043d\u043e\u0435 \u0432\u0440\u0435\u043c\u044f \u0434\u043b\u044f \u0447\u0442\u0435\u043d\u0438\u044f\" \/>\n\t<meta name=\"twitter:data1\" content=\"2 \u043c\u0438\u043d\u0443\u0442\u044b\" \/>\n<script type=\"application\/ld+json\" class=\"yoast-schema-graph\">{\"@context\":\"https:\/\/schema.org\",\"@graph\":[{\"@type\":\"WebPage\",\"@id\":\"https:\/\/www.horomechanika.lt\/product\/diskinis-skutikas-ozyrys-bth\/\",\"url\":\"https:\/\/www.horomechanika.lt\/product\/diskinis-skutikas-ozyrys-bth\/\",\"name\":\"DISKINIS SKUTIKAS OZYRYS BTH | Horomechanika\",\"isPartOf\":{\"@id\":\"https:\/\/www.horomechanika.lt\/#website\"},\"datePublished\":\"2020-11-12T07:38:58+00:00\",\"dateModified\":\"2022-05-18T10:02:50+00:00\",\"breadcrumb\":{\"@id\":\"https:\/\/www.horomechanika.lt\/product\/diskinis-skutikas-ozyrys-bth\/#breadcrumb\"},\"inLanguage\":\"ru-RU\",\"potentialAction\":[{\"@type\":\"ReadAction\",\"target\":[\"https:\/\/www.horomechanika.lt\/product\/diskinis-skutikas-ozyrys-bth\/\"]}]},{\"@type\":\"BreadcrumbList\",\"@id\":\"https:\/\/www.horomechanika.lt\/product\/diskinis-skutikas-ozyrys-bth\/#breadcrumb\",\"itemListElement\":[{\"@type\":\"ListItem\",\"position\":1,\"name\":\"Home\",\"item\":\"https:\/\/www.horomechanika.lt\/\"},{\"@type\":\"ListItem\",\"position\":2,\"name\":\"Shop\",\"item\":\"https:\/\/www.horomechanika.lt\/ru\/shop-2\/\"},{\"@type\":\"ListItem\",\"position\":3,\"name\":\"DISKINIS SKUTIKAS OZYRYS BTH\"}]},{\"@type\":\"WebSite\",\"@id\":\"https:\/\/www.horomechanika.lt\/#website\",\"url\":\"https:\/\/www.horomechanika.lt\/\",\"name\":\"Horomechanika\",\"description\":\"\u017dem\u0117s \u016akio Technika\",\"publisher\":{\"@id\":\"https:\/\/www.horomechanika.lt\/#organization\"},\"potentialAction\":[{\"@type\":\"SearchAction\",\"target\":{\"@type\":\"EntryPoint\",\"urlTemplate\":\"https:\/\/www.horomechanika.lt\/?s={search_term_string}\"},\"query-input\":\"required name=search_term_string\"}],\"inLanguage\":\"ru-RU\"},{\"@type\":\"Organization\",\"@id\":\"https:\/\/www.horomechanika.lt\/#organization\",\"name\":\"UAB \\\"Horo mechanika\\\"\",\"url\":\"https:\/\/www.horomechanika.lt\/\",\"logo\":{\"@type\":\"ImageObject\",\"inLanguage\":\"ru-RU\",\"@id\":\"https:\/\/www.horomechanika.lt\/#\/schema\/logo\/image\/\",\"url\":\"https:\/\/www.horomechanika.lt\/wp-content\/uploads\/2020\/05\/horomechanika-logo.png\",\"contentUrl\":\"https:\/\/www.horomechanika.lt\/wp-content\/uploads\/2020\/05\/horomechanika-logo.png\",\"width\":137,\"height\":56,\"caption\":\"UAB \\\"Horo mechanika\\\"\"},\"image\":{\"@id\":\"https:\/\/www.horomechanika.lt\/#\/schema\/logo\/image\/\"},\"sameAs\":[\"https:\/\/www.facebook.com\/UAB-Horo-mechanika-177091812471952\"]}]}<\/script>\n<!-- \/ Yoast SEO plugin. -->","yoast_head_json":{"title":"DISKINIS SKUTIKAS OZYRYS BTH | Horomechanika","robots":{"index":"index","follow":"follow","max-snippet":"max-snippet:-1","max-image-preview":"max-image-preview:large","max-video-preview":"max-video-preview:-1"},"canonical":"https:\/\/www.horomechanika.lt\/ru\/product\/diskinis-skutikas-ozyrys-bth\/","og_locale":"ru_RU","og_type":"article","og_title":"DISKINIS SKUTIKAS OZYRYS BTH | Horomechanika","og_description":"\u017dem\u0117s \u016bkio ma\u0161inas AWEMAK gamina nuo 1989 m. UAB Horo mechanika si\u016blo plat\u0173 auk\u0161tos kokyb\u0117s AWEMAK produktus, kurie jau naudojami visoje Europos S\u0105jungoje.  M\u016bs\u0173 garantinis aptarnavimas teikiamas klientams tiek Lietuvoje tiek Latvijoje, \u00a0atsargini\u0173 dali\u0173 pristatymas \u012f namus, taip pat greita ir konkreti pagalba gedimo atveju. Mes teikiame savo saug\u0173 transport\u0105 Lietuvoje ir Latvijoje. Awemak prek\u0117s \u017eenklas yra pla\u010diai \u017einomas d\u0117l pagarbos klientams, auk\u0161tos kokyb\u0117s produkt\u0173 ir konkurencing\u0173 kain\u0173. Awemak gaminiams naudojamos med\u017eiagos yra geriausios rinkoje - jos gaunamos i\u0161 pasaulio lyderi\u0173. Awemak komanda aistringai dirba ir deda visas pastangas, kad b\u016bt\u0173 geriausi tai, k\u0105 daro.","og_url":"https:\/\/www.horomechanika.lt\/ru\/product\/diskinis-skutikas-ozyrys-bth\/","og_site_name":"Horomechanika","article_publisher":"https:\/\/www.facebook.com\/UAB-Horo-mechanika-177091812471952","article_modified_time":"2022-05-18T10:02:50+00:00","og_image":[{"width":2560,"height":1852,"url":"https:\/\/www.horomechanika.lt\/wp-content\/uploads\/2020\/11\/BTHD60-a-scaled.jpg","type":"image\/jpeg"}],"twitter_card":"summary_large_image","twitter_misc":{"\u041f\u0440\u0438\u043c\u0435\u0440\u043d\u043e\u0435 \u0432\u0440\u0435\u043c\u044f \u0434\u043b\u044f \u0447\u0442\u0435\u043d\u0438\u044f":"2 \u043c\u0438\u043d\u0443\u0442\u044b"},"schema":{"@context":"https:\/\/schema.org","@graph":[{"@type":"WebPage","@id":"https:\/\/www.horomechanika.lt\/product\/diskinis-skutikas-ozyrys-bth\/","url":"https:\/\/www.horomechanika.lt\/product\/diskinis-skutikas-ozyrys-bth\/","name":"DISKINIS SKUTIKAS OZYRYS BTH | Horomechanika","isPartOf":{"@id":"https:\/\/www.horomechanika.lt\/#website"},"datePublished":"2020-11-12T07:38:58+00:00","dateModified":"2022-05-18T10:02:50+00:00","breadcrumb":{"@id":"https:\/\/www.horomechanika.lt\/product\/diskinis-skutikas-ozyrys-bth\/#breadcrumb"},"inLanguage":"ru-RU","potentialAction":[{"@type":"ReadAction","target":["https:\/\/www.horomechanika.lt\/product\/diskinis-skutikas-ozyrys-bth\/"]}]},{"@type":"BreadcrumbList","@id":"https:\/\/www.horomechanika.lt\/product\/diskinis-skutikas-ozyrys-bth\/#breadcrumb","itemListElement":[{"@type":"ListItem","position":1,"name":"Home","item":"https:\/\/www.horomechanika.lt\/"},{"@type":"ListItem","position":2,"name":"Shop","item":"https:\/\/www.horomechanika.lt\/ru\/shop-2\/"},{"@type":"ListItem","position":3,"name":"DISKINIS SKUTIKAS OZYRYS BTH"}]},{"@type":"WebSite","@id":"https:\/\/www.horomechanika.lt\/#website","url":"https:\/\/www.horomechanika.lt\/","name":"Horomechanika","description":"\u017dem\u0117s \u016akio Technika","publisher":{"@id":"https:\/\/www.horomechanika.lt\/#organization"},"potentialAction":[{"@type":"SearchAction","target":{"@type":"EntryPoint","urlTemplate":"https:\/\/www.horomechanika.lt\/?s={search_term_string}"},"query-input":"required name=search_term_string"}],"inLanguage":"ru-RU"},{"@type":"Organization","@id":"https:\/\/www.horomechanika.lt\/#organization","name":"UAB \"Horo mechanika\"","url":"https:\/\/www.horomechanika.lt\/","logo":{"@type":"ImageObject","inLanguage":"ru-RU","@id":"https:\/\/www.horomechanika.lt\/#\/schema\/logo\/image\/","url":"https:\/\/www.horomechanika.lt\/wp-content\/uploads\/2020\/05\/horomechanika-logo.png","contentUrl":"https:\/\/www.horomechanika.lt\/wp-content\/uploads\/2020\/05\/horomechanika-logo.png","width":137,"height":56,"caption":"UAB \"Horo mechanika\""},"image":{"@id":"https:\/\/www.horomechanika.lt\/#\/schema\/logo\/image\/"},"sameAs":["https:\/\/www.facebook.com\/UAB-Horo-mechanika-177091812471952"]}]}},"_links":{"self":[{"href":"https:\/\/www.horomechanika.lt\/ru\/wp-json\/wp\/v2\/product\/12187","targetHints":{"allow":["GET"]}}],"collection":[{"href":"https:\/\/www.horomechanika.lt\/ru\/wp-json\/wp\/v2\/product"}],"about":[{"href":"https:\/\/www.horomechanika.lt\/ru\/wp-json\/wp\/v2\/types\/product"}],"replies":[{"embeddable":true,"href":"https:\/\/www.horomechanika.lt\/ru\/wp-json\/wp\/v2\/comments?post=12187"}],"wp:featuredmedia":[{"embeddable":true,"href":"https:\/\/www.horomechanika.lt\/ru\/wp-json\/wp\/v2\/media\/12194"}],"wp:attachment":[{"href":"https:\/\/www.horomechanika.lt\/ru\/wp-json\/wp\/v2\/media?parent=12187"}],"wp:term":[{"taxonomy":"product_cat","embeddable":true,"href":"https:\/\/www.horomechanika.lt\/ru\/wp-json\/wp\/v2\/product_cat?post=12187"},{"taxonomy":"product_tag","embeddable":true,"href":"https:\/\/www.horomechanika.lt\/ru\/wp-json\/wp\/v2\/product_tag?post=12187"}],"curies":[{"name":"wp","href":"https:\/\/api.w.org\/{rel}","templated":true}]}}