{"id":12225,"date":"2020-11-12T12:15:30","date_gmt":"2020-11-12T09:15:30","guid":{"rendered":"http:\/\/horomechanika.lt\/?post_type=product&#038;p=12225"},"modified":"2022-05-18T13:02:35","modified_gmt":"2022-05-18T10:02:35","slug":"diskinis-skutikas-ozyrys-bthx-2","status":"publish","type":"product","link":"https:\/\/www.horomechanika.lt\/ru\/product\/diskinis-skutikas-ozyrys-bthx-2\/","title":{"rendered":"DISKINIS SKUTIKAS OZYRYS BTHX"},"content":{"rendered":"<p>&nbsp;<\/p>\n<table>\n<tbody>\n<tr>\n<td colspan=\"7\" width=\"652\"><strong>ARES BTX &#8211; \u00a0(idealiai tinka sunkioms darbo s\u0105lygoms)<\/strong><\/td>\n<\/tr>\n<tr>\n<td colspan=\"7\" width=\"652\"><strong>Dvi eil\u0117s disk\u0173 \u00d8560mm 6 mm storio &#8211; gamintojas OFAS, aktyv\u016bs \u0161oniniai ekranai, vamzdinis volas \u00d8600mm, r\u0117mas 120x120x8 \/ 10mm, neaptarnaujamos guoliaviet\u0117s NSK, Atraminio volo neaptarnaujami guoliai, SUSTIPRINTOS Kojos, keturi hidrauliniai cilindrai, hidrauliniai vo\u017etuvai ant cilindr\u0173, milteliniu b\u016bdu padengtas r\u0117mas<\/strong><\/td>\n<\/tr>\n<tr>\n<td colspan=\"2\" width=\"181\"><strong>Modelis <\/strong><\/td>\n<td width=\"93\"><strong>BTX30<\/strong><\/td>\n<td width=\"98\"><strong>BTHX40<\/strong><\/td>\n<td width=\"101\"><strong>BTHX45<\/strong><\/td>\n<td width=\"90\"><strong>BTHX50<\/strong><\/td>\n<td width=\"89\"><strong>BTHX60<\/strong><\/td>\n<\/tr>\n<tr>\n<td colspan=\"2\" width=\"181\"><strong>Darbinis plotis [m]<\/strong><\/td>\n<td width=\"93\"><strong>3<\/strong><\/td>\n<td width=\"98\"><strong>4<\/strong><\/td>\n<td width=\"101\"><strong>4,5<\/strong><\/td>\n<td width=\"90\"><strong>5<\/strong><\/td>\n<td width=\"89\"><strong>6<\/strong><\/td>\n<\/tr>\n<tr>\n<td colspan=\"2\" width=\"181\"><strong>Atstumas tarp disk\u0173<\/strong><\/td>\n<td width=\"93\"><strong>85 arba 100<\/strong><\/td>\n<td colspan=\"4\" width=\"378\"><strong>100<\/strong><\/td>\n<\/tr>\n<tr>\n<td colspan=\"2\" width=\"181\"><strong>Svoris [kg]<\/strong><\/td>\n<td width=\"93\"><strong>1450<\/strong><\/td>\n<td width=\"98\"><strong>2300<\/strong><\/td>\n<td width=\"101\"><strong>2500<\/strong><\/td>\n<td width=\"90\"><strong>2800<\/strong><\/td>\n<td width=\"89\"><strong>3100<\/strong><\/td>\n<\/tr>\n<tr>\n<td colspan=\"2\" width=\"181\"><strong>Disk\u0173 skai\u010dius [pcs.]<\/strong><\/td>\n<td width=\"93\"><strong>24<\/strong><\/td>\n<td width=\"98\"><strong>32<\/strong><\/td>\n<td width=\"101\"><strong>36<\/strong><\/td>\n<td width=\"90\"><strong>40<\/strong><\/td>\n<td width=\"89\"><strong>48<\/strong><\/td>\n<\/tr>\n<tr>\n<td colspan=\"2\" width=\"181\"><strong>Reikiama galia [PS]<\/strong><\/td>\n<td width=\"93\"><strong>90-120<\/strong><\/td>\n<td width=\"98\"><strong>130-160<\/strong><\/td>\n<td width=\"101\"><strong>140-170<\/strong><\/td>\n<td width=\"90\"><strong>150-190<\/strong><\/td>\n<td width=\"89\"><strong>170-200<\/strong><\/td>\n<\/tr>\n<tr>\n<td colspan=\"2\" width=\"181\"><strong>Disko dydis [mm] <\/strong><\/td>\n<td colspan=\"5\" width=\"471\"><strong>\u00d8560<\/strong><\/td>\n<\/tr>\n<tr>\n<td colspan=\"7\" width=\"652\"><strong>PAPILDOMAI U\u017dSAKOMA<\/strong><\/td>\n<\/tr>\n<tr>\n<td colspan=\"2\" width=\"181\"><strong>Diskas \u00d8610<\/strong><\/td>\n<td width=\"93\"><strong>TINKA<\/strong><\/td>\n<td width=\"98\"><strong>TINKA<\/strong><\/td>\n<td width=\"101\"><strong>TINKA<\/strong><\/td>\n<td width=\"90\"><strong>TINKA<\/strong><\/td>\n<td width=\"89\"><strong>TINKA<\/strong><\/td>\n<\/tr>\n<tr>\n<td colspan=\"2\" width=\"181\"><strong>Gabaritiniai \u017eibintai LED<\/strong><\/td>\n<td colspan=\"5\" width=\"471\">\n<p style=\"text-align: center;\"><strong>TINKA<\/strong><\/p>\n<\/td>\n<\/tr>\n<tr>\n<td colspan=\"2\" width=\"181\"><strong>Gabaritiniai \u017eibintai LED + ant rat\u0173 arkos<\/strong><\/p>\n<p><strong>(prikabinama versija)<\/strong><\/td>\n<td colspan=\"5\" width=\"471\">\n<p style=\"text-align: center;\"><strong>TINKA<\/strong><\/p>\n<\/td>\n<\/tr>\n<tr>\n<td colspan=\"2\" width=\"181\"><strong>Hidraulinis gylio reguliavimas<\/strong><\/td>\n<td width=\"93\"><strong>TINKA<\/strong><\/td>\n<td colspan=\"4\" width=\"378\">\n<p style=\"text-align: center;\"><strong>TINKA<\/strong><\/p>\n<\/td>\n<\/tr>\n<tr>\n<td colspan=\"2\" width=\"181\"><strong>Eil\u0117 eket\u0117li\u0173<\/strong><\/td>\n<td width=\"93\"><strong>TINKA<\/strong><\/td>\n<td width=\"98\"><strong>TINKA<\/strong><\/td>\n<td width=\"101\"><strong>TINKA<\/strong><\/td>\n<td width=\"90\"><strong>TINKA<\/strong><\/td>\n<td width=\"89\"><strong>TINKA<\/strong><\/td>\n<\/tr>\n<tr>\n<td colspan=\"2\" width=\"181\"><strong>Atmu\u0161imo juosta prie\u0161 galinius diskus<\/strong><\/td>\n<td width=\"93\"><strong>TINKA<\/strong><\/td>\n<td width=\"98\"><strong>TINKA<\/strong><\/td>\n<td width=\"101\"><strong>TINKA<\/strong><\/td>\n<td width=\"90\"><strong>TINKA<\/strong><\/td>\n<td width=\"89\"><strong>TINKA<\/strong><\/td>\n<\/tr>\n<tr>\n<td colspan=\"2\" width=\"181\"><strong>Va\u017eiuokl\u0117 + gr\u0105\u017eulas<\/strong><\/p>\n<p><strong>+ Ratai 500\/50-17&#8242;<\/strong><\/td>\n<td colspan=\"5\" width=\"471\">\n<p style=\"text-align: center;\"><strong>TINKA<\/strong><\/p>\n<\/td>\n<\/tr>\n<tr>\n<td colspan=\"2\" width=\"181\"><strong>Priekiniai atraminiai ratai 2&#215;2 (R15\/200)<\/strong><\/td>\n<td width=\"93\"><strong>&#8211;<\/strong><\/td>\n<td colspan=\"4\" width=\"378\">\n<p style=\"text-align: center;\"><strong>TINKA<\/strong><\/p>\n<\/td>\n<\/tr>\n<tr>\n<td colspan=\"2\" width=\"181\"><strong>Priekiniai atraminiai ratai 2&#215;2 (10\/18-12)<\/strong><\/td>\n<td width=\"93\"><strong>&#8211;<\/strong><\/td>\n<td colspan=\"4\" width=\"378\">\n<p style=\"text-align: center;\"><strong>TINKA<\/strong><\/p>\n<\/td>\n<\/tr>\n<tr>\n<td colspan=\"2\" width=\"181\"><strong>Pneumatin\u0117 stabd\u017ei\u0173 sistema<\/strong><\/td>\n<td width=\"93\"><strong>&#8211;<\/strong><\/td>\n<td colspan=\"4\" width=\"378\">\n<p style=\"text-align: center;\"><strong>TINKA<\/strong><\/p>\n<\/td>\n<\/tr>\n<tr>\n<td colspan=\"2\" width=\"181\"><strong>Hidraulin\u0117 stabd\u017ei\u0173 sistema<\/strong><\/td>\n<td width=\"93\"><strong>&#8211;<\/strong><\/td>\n<td colspan=\"4\" width=\"378\">\n<p style=\"text-align: center;\"><strong>TINKA<\/strong><\/p>\n<\/td>\n<\/tr>\n<tr>\n<td style=\"text-align: center;\" colspan=\"2\" width=\"181\"><strong>Hidraulinis gr\u0105\u017eulas + prikabinimo kilpa \u00d840<\/strong><\/td>\n<td style=\"text-align: center;\" width=\"93\"><strong>&#8211;<\/strong><\/td>\n<td colspan=\"4\" width=\"378\">\n<p style=\"text-align: center;\"><strong>TINKA<\/strong><\/p>\n<\/td>\n<\/tr>\n<tr>\n<td colspan=\"2\" width=\"181\"><strong>Plok\u0161\u010dio vamzd\u017eio volas \u00d8600<\/strong><\/td>\n<td width=\"93\"><strong>TINKA<\/strong><\/td>\n<td width=\"98\"><strong>TINKA<\/strong><\/td>\n<td width=\"101\"><strong>TINKA<\/strong><\/td>\n<td width=\"90\"><strong>TINKA<\/strong><\/td>\n<td width=\"89\"><strong>TINKA<\/strong><\/td>\n<\/tr>\n<tr>\n<td colspan=\"2\" width=\"181\"><strong>Packer volas \u00d8500 + valiklis<\/strong><\/td>\n<td width=\"93\"><strong>TINKA<\/strong><\/td>\n<td width=\"98\"><strong>TINKA<\/strong><\/td>\n<td width=\"101\"><strong>TINKA<\/strong><\/td>\n<td width=\"90\"><strong>TINKA<\/strong><\/td>\n<td width=\"89\"><strong>TINKA<\/strong><\/td>\n<\/tr>\n<tr>\n<td colspan=\"2\" width=\"181\"><strong>Guminis volas \u00d8500 + valiklis<\/strong><\/td>\n<td width=\"93\"><strong>TINKA<\/strong><\/td>\n<td width=\"98\"><strong>TINKA<\/strong><\/td>\n<td width=\"101\"><strong>TINKA<\/strong><\/td>\n<td width=\"90\"><strong>TINKA<\/strong><\/td>\n<td width=\"89\"><strong>TINKA<\/strong><\/td>\n<\/tr>\n<tr>\n<td colspan=\"2\" width=\"181\"><strong>Spyruoklinis volas \u00d8500 (be valiklio)<\/strong><\/td>\n<td width=\"93\"><strong>TINKA<\/strong><\/td>\n<td width=\"98\"><strong>TINKA<\/strong><\/td>\n<td width=\"101\"><strong>TINKA<\/strong><\/td>\n<td width=\"90\"><strong>TINKA<\/strong><\/td>\n<td width=\"89\"><strong>TINKA<\/strong><\/td>\n<\/tr>\n<tr>\n<td colspan=\"2\" width=\"181\"><strong>U-formos \u017eiedinis volas \u00d8550 (be valiklio)<\/strong><\/td>\n<td width=\"93\"><strong>TINKA<\/strong><\/td>\n<td width=\"98\"><strong>TINKA<\/strong><\/td>\n<td width=\"101\"><strong>TINKA<\/strong><\/td>\n<td width=\"90\"><strong>TINKA<\/strong><\/td>\n<td width=\"89\"><strong>TINKA<\/strong><\/td>\n<\/tr>\n<tr>\n<td colspan=\"2\" width=\"181\"><strong>Lengvas U- formos \u017eiedinis volas \u00d8550 (be valiklio)<\/strong><\/td>\n<td width=\"93\"><strong>TINKA<\/strong><\/td>\n<td width=\"98\"><strong>TINKA<\/strong><\/td>\n<td width=\"101\"><strong>TINKA<\/strong><\/td>\n<td width=\"90\"><strong>TINKA<\/strong><\/td>\n<td width=\"89\"><strong>TINKA<\/strong><\/td>\n<\/tr>\n<tr>\n<td colspan=\"2\" width=\"181\"><strong>Tandem tipo U formos \u017eiedinis volas \u00d8550<\/strong><\/td>\n<td width=\"93\"><strong>TINKA<\/strong><\/td>\n<td width=\"98\"><strong>TINKA<\/strong><\/td>\n<td width=\"101\"><strong>TINKA<\/strong><\/td>\n<td width=\"90\"><strong>TINKA<\/strong><\/td>\n<td width=\"89\"><strong>TINKA<\/strong><\/td>\n<\/tr>\n<tr>\n<td colspan=\"2\" width=\"181\"><strong>Plieninis \u017eiedinis volas \u00d8610 + valiklis<\/strong><\/td>\n<td width=\"93\"><strong>TINKA<\/strong><\/td>\n<td width=\"98\"><strong>TINKA<\/strong><\/td>\n<td width=\"101\"><strong>TINKA<\/strong><\/td>\n<td width=\"90\"><strong>TINKA<\/strong><\/td>\n<td width=\"89\"><strong>TINKA<\/strong><\/td>\n<\/tr>\n<tr>\n<td rowspan=\"2\" width=\"129\"><strong>\u00a0<\/strong><\/p>\n<p><strong>Crosskill volas<\/strong><\/td>\n<td width=\"52\"><strong>\u00d8500<\/strong><\/td>\n<td width=\"93\"><strong>TINKA<\/strong><\/td>\n<td width=\"98\"><strong>TINKA<\/strong><\/td>\n<td width=\"101\"><strong>TINKA<\/strong><\/td>\n<td width=\"90\"><strong>TINKA<\/strong><\/td>\n<td width=\"89\"><strong>TINKA<\/strong><\/td>\n<\/tr>\n<tr>\n<td width=\"52\"><strong>\u00d8600<\/strong><\/td>\n<td width=\"93\"><strong>TINKA<\/strong><\/td>\n<td width=\"98\"><strong>TINKA<\/strong><\/td>\n<td width=\"101\"><strong>TINKA<\/strong><\/td>\n<td width=\"90\"><strong>TINKA<\/strong><\/td>\n<td width=\"89\"><strong>&#8211;<\/strong><\/td>\n<\/tr>\n<tr>\n<td rowspan=\"2\" width=\"129\"><strong>V- formos \u017eiedinis volas (be valiklio)<\/strong><\/td>\n<td width=\"52\"><strong>\u00d8500<\/strong><\/td>\n<td width=\"93\"><strong>TINKA<\/strong><\/td>\n<td width=\"98\"><strong>TINKA<\/strong><\/td>\n<td width=\"101\"><strong>TINKA<\/strong><\/td>\n<td width=\"90\"><strong>TINKA<\/strong><\/td>\n<td width=\"89\"><strong>TINKA<\/strong><\/td>\n<\/tr>\n<tr>\n<td width=\"52\"><strong>\u00d8600<\/strong><\/td>\n<td width=\"93\"><strong>TINKA<\/strong><\/td>\n<td width=\"98\"><strong>TINKA<\/strong><\/td>\n<td width=\"101\"><strong>TINKA<\/strong><\/td>\n<td width=\"90\"><strong>TINKA<\/strong><\/td>\n<td width=\"89\"><strong>TINKA<\/strong><\/td>\n<\/tr>\n<tr>\n<td rowspan=\"2\" width=\"129\"><strong>T- formos \u017eiedinis volas (be valiklio)<\/strong><\/td>\n<td width=\"52\"><strong>\u00d8500<\/strong><\/td>\n<td width=\"93\"><strong>TINKA<\/strong><\/td>\n<td width=\"98\"><strong>TINKA<\/strong><\/td>\n<td width=\"101\"><strong>TINKA<\/strong><\/td>\n<td width=\"90\"><strong>TINKA<\/strong><\/td>\n<td width=\"89\"><strong>TINKA<\/strong><\/td>\n<\/tr>\n<tr>\n<td width=\"52\"><strong>\u00d8600<\/strong><\/td>\n<td width=\"93\"><strong>TINKA<\/strong><\/td>\n<td width=\"98\"><strong>TINKA<\/strong><\/td>\n<td width=\"101\"><strong>TINKA<\/strong><\/td>\n<td width=\"90\"><strong>TINKA<\/strong><\/td>\n<td width=\"89\"><strong>TINKA<\/strong><\/td>\n<\/tr>\n<tr>\n<td colspan=\"2\" width=\"181\"><strong>Valikliai volams:<\/strong><\/p>\n<p><strong>spring, U-ring, V-ring, T-ring<\/strong><\/td>\n<td width=\"93\"><strong>TINKA<\/strong><\/td>\n<td width=\"98\"><strong>TINKA<\/strong><\/td>\n<td width=\"101\"><strong>TINKA<\/strong><\/td>\n<td width=\"90\"><strong>TINKA<\/strong><\/td>\n<td width=\"89\"><strong>TINKA<\/strong><\/td>\n<\/tr>\n<\/tbody>\n<\/table>\n<p><iframe loading=\"lazy\" title=\"Awemak Ozyrys BTHD60\" width=\"895\" height=\"503\" src=\"https:\/\/www.youtube.com\/embed\/IZ5WwZ1wwIs?feature=oembed\" frameborder=\"0\" allow=\"accelerometer; autoplay; clipboard-write; encrypted-media; gyroscope; picture-in-picture\" allowfullscreen><\/iframe><\/p>","protected":false},"excerpt":{"rendered":"<p>\u017dem\u0117s \u016bkio ma\u0161inas AWEMAK gamina nuo 1989 m. UAB Horo mechanika si\u016blo plat\u0173 auk\u0161tos kokyb\u0117s AWEMAK produktus, kurie jau naudojami visoje Europos S\u0105jungoje.<\/p>\n<p>M\u016bs\u0173 garantinis aptarnavimas teikiamas klientams <span data-language-for-alternatives=\"lt\" data-language-to-translate-into=\"en\" data-phrase-index=\"3\">tiek Lietuvoje tiek Latvijoje, \u00a0atsargini\u0173 dali\u0173 pristatymas \u012f namus, taip pat greita ir konkreti pagalba gedimo atveju.<\/span> <span data-language-for-alternatives=\"lt\" data-language-to-translate-into=\"en\" data-phrase-index=\"4\">Mes teikiame savo<\/span> <span data-language-for-alternatives=\"lt\" data-language-to-translate-into=\"en\" data-phrase-index=\"6\">saug\u0173 transport\u0105 Lietuvoje ir Latvijoje.<\/span> <span data-language-for-alternatives=\"lt\" data-language-to-translate-into=\"en\" data-phrase-index=\"7\">Awemak prek\u0117s \u017eenklas yra pla\u010diai \u017einomas d\u0117l pagarbos klientams, auk\u0161tos kokyb\u0117s produkt\u0173 ir konkurencing\u0173 kain\u0173.<\/span> <span data-language-for-alternatives=\"lt\" data-language-to-translate-into=\"en\" data-phrase-index=\"9\">Awemak gaminiams naudojamos med\u017eiagos yra geriausios rinkoje &#8211; jos gaunamos i\u0161 pasaulio lyderi\u0173.<\/span> <span data-language-for-alternatives=\"lt\" data-language-to-translate-into=\"en\" data-phrase-index=\"10\">Awemak komanda aistringai dirba ir deda visas pastangas, kad b\u016bt\u0173 geriausi tai, k\u0105 daro.<\/span><\/p>","protected":false},"featured_media":12224,"comment_status":"open","ping_status":"closed","template":"","meta":[],"product_cat":[239,131],"product_tag":[199,200,201,202,203],"class_list":["post-12225","product","type-product","status-publish","has-post-thumbnail","hentry","product_cat-pakabinami-skutikliai","product_cat-dirvos-skutikliai","product_tag-diskinis-skutikas","product_tag-gumine-apsauga","product_tag-lingine-apsauga","product_tag-volas","product_tag-pakaba"],"yoast_head":"<!-- This site is optimized with the Yoast SEO plugin v20.1 - https:\/\/yoast.com\/wordpress\/plugins\/seo\/ -->\n<title>DISKINIS SKUTIKAS OZYRYS BTHX | Horomechanika<\/title>\n<meta name=\"robots\" content=\"index, follow, max-snippet:-1, max-image-preview:large, max-video-preview:-1\" \/>\n<link rel=\"canonical\" href=\"https:\/\/www.horomechanika.lt\/ru\/product\/diskinis-skutikas-ozyrys-bthx-2\/\" \/>\n<meta property=\"og:locale\" content=\"ru_RU\" \/>\n<meta property=\"og:type\" content=\"article\" \/>\n<meta property=\"og:title\" content=\"DISKINIS SKUTIKAS OZYRYS BTHX | Horomechanika\" \/>\n<meta property=\"og:description\" content=\"\u017dem\u0117s \u016bkio ma\u0161inas AWEMAK gamina nuo 1989 m. UAB Horo mechanika si\u016blo plat\u0173 auk\u0161tos kokyb\u0117s AWEMAK produktus, kurie jau naudojami visoje Europos S\u0105jungoje.  M\u016bs\u0173 garantinis aptarnavimas teikiamas klientams tiek Lietuvoje tiek Latvijoje, \u00a0atsargini\u0173 dali\u0173 pristatymas \u012f namus, taip pat greita ir konkreti pagalba gedimo atveju. Mes teikiame savo saug\u0173 transport\u0105 Lietuvoje ir Latvijoje. Awemak prek\u0117s \u017eenklas yra pla\u010diai \u017einomas d\u0117l pagarbos klientams, auk\u0161tos kokyb\u0117s produkt\u0173 ir konkurencing\u0173 kain\u0173. Awemak gaminiams naudojamos med\u017eiagos yra geriausios rinkoje - jos gaunamos i\u0161 pasaulio lyderi\u0173. Awemak komanda aistringai dirba ir deda visas pastangas, kad b\u016bt\u0173 geriausi tai, k\u0105 daro.\" \/>\n<meta property=\"og:url\" content=\"https:\/\/www.horomechanika.lt\/ru\/product\/diskinis-skutikas-ozyrys-bthx-2\/\" \/>\n<meta property=\"og:site_name\" content=\"Horomechanika\" \/>\n<meta property=\"article:publisher\" content=\"https:\/\/www.facebook.com\/UAB-Horo-mechanika-177091812471952\" \/>\n<meta property=\"article:modified_time\" content=\"2022-05-18T10:02:35+00:00\" \/>\n<meta property=\"og:image\" content=\"https:\/\/www.horomechanika.lt\/wp-content\/uploads\/2020\/11\/BTHX.jpg\" \/>\n\t<meta property=\"og:image:width\" content=\"1238\" \/>\n\t<meta property=\"og:image:height\" content=\"1060\" \/>\n\t<meta property=\"og:image:type\" content=\"image\/jpeg\" \/>\n<meta name=\"twitter:card\" content=\"summary_large_image\" \/>\n<meta name=\"twitter:label1\" content=\"\u041f\u0440\u0438\u043c\u0435\u0440\u043d\u043e\u0435 \u0432\u0440\u0435\u043c\u044f \u0434\u043b\u044f \u0447\u0442\u0435\u043d\u0438\u044f\" \/>\n\t<meta name=\"twitter:data1\" content=\"2 \u043c\u0438\u043d\u0443\u0442\u044b\" \/>\n<script type=\"application\/ld+json\" class=\"yoast-schema-graph\">{\"@context\":\"https:\/\/schema.org\",\"@graph\":[{\"@type\":\"WebPage\",\"@id\":\"https:\/\/www.horomechanika.lt\/product\/diskinis-skutikas-ozyrys-bthx-2\/\",\"url\":\"https:\/\/www.horomechanika.lt\/product\/diskinis-skutikas-ozyrys-bthx-2\/\",\"name\":\"DISKINIS SKUTIKAS OZYRYS BTHX | Horomechanika\",\"isPartOf\":{\"@id\":\"https:\/\/www.horomechanika.lt\/#website\"},\"datePublished\":\"2020-11-12T09:15:30+00:00\",\"dateModified\":\"2022-05-18T10:02:35+00:00\",\"breadcrumb\":{\"@id\":\"https:\/\/www.horomechanika.lt\/product\/diskinis-skutikas-ozyrys-bthx-2\/#breadcrumb\"},\"inLanguage\":\"ru-RU\",\"potentialAction\":[{\"@type\":\"ReadAction\",\"target\":[\"https:\/\/www.horomechanika.lt\/product\/diskinis-skutikas-ozyrys-bthx-2\/\"]}]},{\"@type\":\"BreadcrumbList\",\"@id\":\"https:\/\/www.horomechanika.lt\/product\/diskinis-skutikas-ozyrys-bthx-2\/#breadcrumb\",\"itemListElement\":[{\"@type\":\"ListItem\",\"position\":1,\"name\":\"Home\",\"item\":\"https:\/\/www.horomechanika.lt\/\"},{\"@type\":\"ListItem\",\"position\":2,\"name\":\"Shop\",\"item\":\"https:\/\/www.horomechanika.lt\/ru\/shop-2\/\"},{\"@type\":\"ListItem\",\"position\":3,\"name\":\"DISKINIS SKUTIKAS OZYRYS BTHX\"}]},{\"@type\":\"WebSite\",\"@id\":\"https:\/\/www.horomechanika.lt\/#website\",\"url\":\"https:\/\/www.horomechanika.lt\/\",\"name\":\"Horomechanika\",\"description\":\"\u017dem\u0117s \u016akio Technika\",\"publisher\":{\"@id\":\"https:\/\/www.horomechanika.lt\/#organization\"},\"potentialAction\":[{\"@type\":\"SearchAction\",\"target\":{\"@type\":\"EntryPoint\",\"urlTemplate\":\"https:\/\/www.horomechanika.lt\/?s={search_term_string}\"},\"query-input\":\"required name=search_term_string\"}],\"inLanguage\":\"ru-RU\"},{\"@type\":\"Organization\",\"@id\":\"https:\/\/www.horomechanika.lt\/#organization\",\"name\":\"UAB \\\"Horo mechanika\\\"\",\"url\":\"https:\/\/www.horomechanika.lt\/\",\"logo\":{\"@type\":\"ImageObject\",\"inLanguage\":\"ru-RU\",\"@id\":\"https:\/\/www.horomechanika.lt\/#\/schema\/logo\/image\/\",\"url\":\"https:\/\/www.horomechanika.lt\/wp-content\/uploads\/2020\/05\/horomechanika-logo.png\",\"contentUrl\":\"https:\/\/www.horomechanika.lt\/wp-content\/uploads\/2020\/05\/horomechanika-logo.png\",\"width\":137,\"height\":56,\"caption\":\"UAB \\\"Horo mechanika\\\"\"},\"image\":{\"@id\":\"https:\/\/www.horomechanika.lt\/#\/schema\/logo\/image\/\"},\"sameAs\":[\"https:\/\/www.facebook.com\/UAB-Horo-mechanika-177091812471952\"]}]}<\/script>\n<!-- \/ Yoast SEO plugin. -->","yoast_head_json":{"title":"DISKINIS SKUTIKAS OZYRYS BTHX | Horomechanika","robots":{"index":"index","follow":"follow","max-snippet":"max-snippet:-1","max-image-preview":"max-image-preview:large","max-video-preview":"max-video-preview:-1"},"canonical":"https:\/\/www.horomechanika.lt\/ru\/product\/diskinis-skutikas-ozyrys-bthx-2\/","og_locale":"ru_RU","og_type":"article","og_title":"DISKINIS SKUTIKAS OZYRYS BTHX | Horomechanika","og_description":"\u017dem\u0117s \u016bkio ma\u0161inas AWEMAK gamina nuo 1989 m. UAB Horo mechanika si\u016blo plat\u0173 auk\u0161tos kokyb\u0117s AWEMAK produktus, kurie jau naudojami visoje Europos S\u0105jungoje.  M\u016bs\u0173 garantinis aptarnavimas teikiamas klientams tiek Lietuvoje tiek Latvijoje, \u00a0atsargini\u0173 dali\u0173 pristatymas \u012f namus, taip pat greita ir konkreti pagalba gedimo atveju. Mes teikiame savo saug\u0173 transport\u0105 Lietuvoje ir Latvijoje. Awemak prek\u0117s \u017eenklas yra pla\u010diai \u017einomas d\u0117l pagarbos klientams, auk\u0161tos kokyb\u0117s produkt\u0173 ir konkurencing\u0173 kain\u0173. Awemak gaminiams naudojamos med\u017eiagos yra geriausios rinkoje - jos gaunamos i\u0161 pasaulio lyderi\u0173. Awemak komanda aistringai dirba ir deda visas pastangas, kad b\u016bt\u0173 geriausi tai, k\u0105 daro.","og_url":"https:\/\/www.horomechanika.lt\/ru\/product\/diskinis-skutikas-ozyrys-bthx-2\/","og_site_name":"Horomechanika","article_publisher":"https:\/\/www.facebook.com\/UAB-Horo-mechanika-177091812471952","article_modified_time":"2022-05-18T10:02:35+00:00","og_image":[{"width":1238,"height":1060,"url":"https:\/\/www.horomechanika.lt\/wp-content\/uploads\/2020\/11\/BTHX.jpg","type":"image\/jpeg"}],"twitter_card":"summary_large_image","twitter_misc":{"\u041f\u0440\u0438\u043c\u0435\u0440\u043d\u043e\u0435 \u0432\u0440\u0435\u043c\u044f \u0434\u043b\u044f \u0447\u0442\u0435\u043d\u0438\u044f":"2 \u043c\u0438\u043d\u0443\u0442\u044b"},"schema":{"@context":"https:\/\/schema.org","@graph":[{"@type":"WebPage","@id":"https:\/\/www.horomechanika.lt\/product\/diskinis-skutikas-ozyrys-bthx-2\/","url":"https:\/\/www.horomechanika.lt\/product\/diskinis-skutikas-ozyrys-bthx-2\/","name":"DISKINIS SKUTIKAS OZYRYS BTHX | Horomechanika","isPartOf":{"@id":"https:\/\/www.horomechanika.lt\/#website"},"datePublished":"2020-11-12T09:15:30+00:00","dateModified":"2022-05-18T10:02:35+00:00","breadcrumb":{"@id":"https:\/\/www.horomechanika.lt\/product\/diskinis-skutikas-ozyrys-bthx-2\/#breadcrumb"},"inLanguage":"ru-RU","potentialAction":[{"@type":"ReadAction","target":["https:\/\/www.horomechanika.lt\/product\/diskinis-skutikas-ozyrys-bthx-2\/"]}]},{"@type":"BreadcrumbList","@id":"https:\/\/www.horomechanika.lt\/product\/diskinis-skutikas-ozyrys-bthx-2\/#breadcrumb","itemListElement":[{"@type":"ListItem","position":1,"name":"Home","item":"https:\/\/www.horomechanika.lt\/"},{"@type":"ListItem","position":2,"name":"Shop","item":"https:\/\/www.horomechanika.lt\/ru\/shop-2\/"},{"@type":"ListItem","position":3,"name":"DISKINIS SKUTIKAS OZYRYS BTHX"}]},{"@type":"WebSite","@id":"https:\/\/www.horomechanika.lt\/#website","url":"https:\/\/www.horomechanika.lt\/","name":"Horomechanika","description":"\u017dem\u0117s \u016akio Technika","publisher":{"@id":"https:\/\/www.horomechanika.lt\/#organization"},"potentialAction":[{"@type":"SearchAction","target":{"@type":"EntryPoint","urlTemplate":"https:\/\/www.horomechanika.lt\/?s={search_term_string}"},"query-input":"required name=search_term_string"}],"inLanguage":"ru-RU"},{"@type":"Organization","@id":"https:\/\/www.horomechanika.lt\/#organization","name":"UAB \"Horo mechanika\"","url":"https:\/\/www.horomechanika.lt\/","logo":{"@type":"ImageObject","inLanguage":"ru-RU","@id":"https:\/\/www.horomechanika.lt\/#\/schema\/logo\/image\/","url":"https:\/\/www.horomechanika.lt\/wp-content\/uploads\/2020\/05\/horomechanika-logo.png","contentUrl":"https:\/\/www.horomechanika.lt\/wp-content\/uploads\/2020\/05\/horomechanika-logo.png","width":137,"height":56,"caption":"UAB \"Horo mechanika\""},"image":{"@id":"https:\/\/www.horomechanika.lt\/#\/schema\/logo\/image\/"},"sameAs":["https:\/\/www.facebook.com\/UAB-Horo-mechanika-177091812471952"]}]}},"_links":{"self":[{"href":"https:\/\/www.horomechanika.lt\/ru\/wp-json\/wp\/v2\/product\/12225","targetHints":{"allow":["GET"]}}],"collection":[{"href":"https:\/\/www.horomechanika.lt\/ru\/wp-json\/wp\/v2\/product"}],"about":[{"href":"https:\/\/www.horomechanika.lt\/ru\/wp-json\/wp\/v2\/types\/product"}],"replies":[{"embeddable":true,"href":"https:\/\/www.horomechanika.lt\/ru\/wp-json\/wp\/v2\/comments?post=12225"}],"wp:featuredmedia":[{"embeddable":true,"href":"https:\/\/www.horomechanika.lt\/ru\/wp-json\/wp\/v2\/media\/12224"}],"wp:attachment":[{"href":"https:\/\/www.horomechanika.lt\/ru\/wp-json\/wp\/v2\/media?parent=12225"}],"wp:term":[{"taxonomy":"product_cat","embeddable":true,"href":"https:\/\/www.horomechanika.lt\/ru\/wp-json\/wp\/v2\/product_cat?post=12225"},{"taxonomy":"product_tag","embeddable":true,"href":"https:\/\/www.horomechanika.lt\/ru\/wp-json\/wp\/v2\/product_tag?post=12225"}],"curies":[{"name":"wp","href":"https:\/\/api.w.org\/{rel}","templated":true}]}}