{"id":12237,"date":"2020-11-12T12:37:22","date_gmt":"2020-11-12T09:37:22","guid":{"rendered":"http:\/\/horomechanika.lt\/?post_type=product&#038;p=12237"},"modified":"2022-05-18T13:05:03","modified_gmt":"2022-05-18T10:05:03","slug":"diskinis-skutikas-goliath-cbthd","status":"publish","type":"product","link":"https:\/\/www.horomechanika.lt\/ru\/product\/diskinis-skutikas-goliath-cbthd\/","title":{"rendered":"DISKINIS SKUTIKAS GOLIATH CBTHD"},"content":{"rendered":"<table>\n<tbody>\n<tr>\n<td colspan=\"6\" width=\"663\">DISKINIS SKUTIKAS GOLIATH CBTHD<\/td>\n<\/tr>\n<tr>\n<td colspan=\"6\" width=\"663\"><strong>Dvi eil\u0117s disk\u0173 \u00d8620mm, \u0161oniniai ekranai, vamzdinis \u00d8 600, disk\u0173 eili\u0173 tarpai tarp 105 cm, transportavimo komplektas, \u017eibintai, pneumatiniai stabd\u017eiai, hidraulinis darbinio gylio reguliavimas, gumin\u0117 apsauga \u00d850x210mm, neaptarnaujamos guoliaviet\u0117s NSK, volo guoliai be prie\u017ei\u016bros, ratai prie\u0161 galin\u012f vol\u0105, milteliniu b\u016bdu padengtas r\u0117mas<\/strong><\/td>\n<\/tr>\n<tr>\n<td colspan=\"2\" width=\"170\"><strong>Modelis <\/strong><\/td>\n<td width=\"116\"><strong>CBTHD40<\/strong><\/td>\n<td width=\"126\"><strong>CBTHD45<\/strong><\/td>\n<td width=\"126\"><strong>CBTHD50<\/strong><\/td>\n<td width=\"126\"><strong>CBTHD60<\/strong><\/td>\n<\/tr>\n<tr>\n<td colspan=\"2\" width=\"170\"><strong>Darbinis plotis [m]<\/strong><\/td>\n<td width=\"116\"><strong>4<\/strong><\/td>\n<td width=\"126\"><strong>4,5<\/strong><\/td>\n<td width=\"126\"><strong>5<\/strong><\/td>\n<td width=\"126\"><strong>6<\/strong><\/td>\n<\/tr>\n<tr>\n<td colspan=\"2\" width=\"170\"><strong>Svoris [kg]<\/strong><\/td>\n<td width=\"116\"><strong>5500<\/strong><\/td>\n<td width=\"126\"><strong>5900<\/strong><\/td>\n<td width=\"126\"><strong>6300<\/strong><\/td>\n<td width=\"126\"><strong>7500<\/strong><\/td>\n<\/tr>\n<tr>\n<td colspan=\"2\" width=\"170\"><strong>Disk\u0173 skai\u010dius [pcs.]<\/strong><\/td>\n<td width=\"116\"><strong>32<\/strong><\/td>\n<td width=\"126\"><strong>36<\/strong><\/td>\n<td width=\"126\"><strong>40<\/strong><\/td>\n<td width=\"126\"><strong>48<\/strong><\/td>\n<\/tr>\n<tr>\n<td colspan=\"2\" width=\"170\"><strong>Reikiama galia [PS]<\/strong><\/td>\n<td width=\"116\"><strong>160-180<\/strong><\/td>\n<td width=\"126\"><strong>170-190<\/strong><\/td>\n<td width=\"126\"><strong>190-210<\/strong><\/td>\n<td width=\"126\"><strong>&lt;230<\/strong><\/td>\n<\/tr>\n<tr>\n<td colspan=\"2\" width=\"170\"><strong>Disko dydis [mm]<\/strong><\/td>\n<td colspan=\"4\" width=\"493\">\n<p style=\"text-align: center;\"><strong>620<\/strong><\/p>\n<\/td>\n<\/tr>\n<tr>\n<td colspan=\"6\" width=\"663\">\n<p style=\"text-align: center;\"><strong>PAPILDOMAI U\u017dSAKOMA DISKINIS SKUTIKAS GOLIATH CBTHD<\/strong><\/p>\n<\/td>\n<\/tr>\n<tr>\n<td colspan=\"2\" width=\"170\"><strong>Eil\u0117 eket\u0117li\u0173<\/strong><\/td>\n<td width=\"116\"><strong>1 850<\/strong><\/td>\n<td width=\"126\"><strong>2 350<\/strong><\/td>\n<td width=\"126\"><strong>2 500<\/strong><\/td>\n<td width=\"126\"><strong>2 850<\/strong><\/td>\n<\/tr>\n<tr>\n<td colspan=\"2\" width=\"170\"><strong>Atmu\u0161imo juosta prie\u0161 galinius diskus<\/strong><\/td>\n<td width=\"116\"><strong>1 000<\/strong><\/td>\n<td width=\"126\"><strong>1 220<\/strong><\/td>\n<td width=\"126\"><strong>1 260<\/strong><\/td>\n<td width=\"126\"><strong>1 700<\/strong><\/td>\n<\/tr>\n<tr>\n<td colspan=\"2\" width=\"170\"><strong>Priekiniai atraminiai ratai 2&#215;2 (10\/18-12)<\/strong><\/td>\n<td colspan=\"4\" width=\"493\">\n<p style=\"text-align: center;\"><strong>4 200<\/strong><\/p>\n<\/td>\n<\/tr>\n<tr>\n<td colspan=\"2\" width=\"170\"><strong>Hidraulin\u0117 stabd\u017ei\u0173 sistema<\/strong><\/td>\n<td colspan=\"4\" width=\"493\">\n<p style=\"text-align: center;\"><strong>2 100<\/strong><\/p>\n<\/td>\n<\/tr>\n<tr>\n<td colspan=\"2\" width=\"170\"><strong>Hidraulinis gr\u0105\u017eulas + prikabinimo kilpa \u00d840<\/strong><\/td>\n<td colspan=\"4\" width=\"493\">\n<p style=\"text-align: center;\"><strong>3 800<\/strong><\/p>\n<\/td>\n<\/tr>\n<tr>\n<td colspan=\"2\" width=\"170\"><strong>Tendem vamzdinis volas \u00d8600<\/strong><\/td>\n<td width=\"116\"><strong>3 360<\/strong><\/td>\n<td width=\"126\"><strong>3 800<\/strong><\/td>\n<td width=\"126\"><strong>4 200<\/strong><\/td>\n<td width=\"126\"><strong>5 000<\/strong><\/td>\n<\/tr>\n<tr>\n<td colspan=\"2\" width=\"170\"><strong>Guminis volas \u00d8500 + valiklis<\/strong><\/td>\n<td width=\"116\"><strong>5 700<\/strong><\/td>\n<td width=\"126\"><strong>6 400<\/strong><\/td>\n<td width=\"126\"><strong>7 050<\/strong><\/td>\n<td width=\"126\"><strong>8 400<\/strong><\/td>\n<\/tr>\n<tr>\n<td colspan=\"2\" width=\"170\"><strong>U-formos \u017eiedinis volas \u00d8550 (be valiklio)<\/strong><\/td>\n<td width=\"116\"><strong>3 360<\/strong><\/td>\n<td width=\"126\"><strong>3 800<\/strong><\/td>\n<td width=\"126\"><strong>4 200<\/strong><\/td>\n<td width=\"126\"><strong>5 000<\/strong><\/td>\n<\/tr>\n<tr>\n<td colspan=\"2\" width=\"170\"><strong>Lengvas U- formos \u017eiedinis volas \u00d8550 (be valiklio)<\/strong><\/td>\n<td width=\"116\"><strong>2 860<\/strong><\/td>\n<td width=\"126\"><strong>3 200<\/strong><\/td>\n<td width=\"126\"><strong>3 530<\/strong><\/td>\n<td width=\"126\"><strong>4 200<\/strong><\/td>\n<\/tr>\n<tr>\n<td colspan=\"2\" width=\"170\"><strong>Tadem U-formos \u017eiedinis volas \u00d8550<\/strong><\/td>\n<td width=\"116\"><strong>6 720<\/strong><\/td>\n<td width=\"126\"><strong>7 560<\/strong><\/td>\n<td width=\"126\"><strong>8 400<\/strong><\/td>\n<td width=\"126\"><strong>10 000<\/strong><\/td>\n<\/tr>\n<tr>\n<td colspan=\"2\" width=\"170\"><strong>Plieninis \u017eiedinis volas \u00d8610 + valiklis<\/strong><\/td>\n<td width=\"116\"><strong>5 380<\/strong><\/td>\n<td width=\"126\"><strong>6 050<\/strong><\/td>\n<td width=\"126\"><strong>6 730<\/strong><\/td>\n<td width=\"126\"><strong>8 100<\/strong><\/td>\n<\/tr>\n<tr>\n<td width=\"113\"><strong>Crosskill volas<\/strong><\/td>\n<td width=\"57\"><strong>\u00d8550<\/strong><\/td>\n<td width=\"116\"><strong>5 880<\/strong><\/td>\n<td width=\"126\"><strong>6 300<\/strong><\/td>\n<td width=\"126\"><strong>6 720<\/strong><\/td>\n<td width=\"126\"><strong>7 560<\/strong><\/td>\n<\/tr>\n<tr>\n<td rowspan=\"2\" width=\"113\"><strong>V&#8211; formos \u017eiedinis volas (be valiklio)<\/strong><\/td>\n<td width=\"57\"><strong>\u00d8500<\/strong><\/td>\n<td width=\"116\"><strong>2 870<\/strong><\/td>\n<td width=\"126\"><strong>3 000<\/strong><\/td>\n<td width=\"126\"><strong>3 360<\/strong><\/td>\n<td width=\"126\"><strong>4 200<\/strong><\/td>\n<\/tr>\n<tr>\n<td width=\"57\"><strong>\u00d8600<\/strong><\/td>\n<td width=\"116\"><strong>3 500<\/strong><\/td>\n<td width=\"126\"><strong>3 870<\/strong><\/td>\n<td width=\"126\"><strong>4 200<\/strong><\/td>\n<td width=\"126\"><strong>5 000<\/strong><\/td>\n<\/tr>\n<tr>\n<td rowspan=\"2\" width=\"113\"><strong>T&#8211; formos \u017eiedinis volas (be valiklio)<\/strong><\/td>\n<td width=\"57\"><strong>\u00d8500<\/strong><\/td>\n<td width=\"116\"><strong>3 200<\/strong><\/td>\n<td width=\"126\"><strong>3 600<\/strong><\/td>\n<td width=\"126\"><strong>4 000<\/strong><\/td>\n<td width=\"126\"><strong>5 000<\/strong><\/td>\n<\/tr>\n<tr>\n<td width=\"57\"><strong>\u00d8600<\/strong><\/td>\n<td width=\"116\"><strong>4 000<\/strong><\/td>\n<td width=\"126\"><strong>4 450<\/strong><\/td>\n<td width=\"126\"><strong>4 870<\/strong><\/td>\n<td width=\"126\"><strong>5 880<\/strong><\/td>\n<\/tr>\n<tr>\n<td colspan=\"2\" width=\"170\"><strong>Valikliai volams:<\/strong><\/p>\n<p><strong>spring, U-ring, V-ring, T-ring<\/strong><\/td>\n<td width=\"116\"><strong>950<\/strong><\/td>\n<td width=\"126\"><strong>1 000<\/strong><\/td>\n<td width=\"126\"><strong>1 100<\/strong><\/td>\n<td width=\"126\"><strong>1 350<\/strong><\/td>\n<\/tr>\n<\/tbody>\n<\/table>\n<p><iframe loading=\"lazy\" title=\"Testy brony talerzowej Awemak Goliath CBTHD60\" width=\"895\" height=\"671\" src=\"https:\/\/www.youtube.com\/embed\/h_fIXaH4RNE?feature=oembed\" frameborder=\"0\" allow=\"accelerometer; autoplay; clipboard-write; encrypted-media; gyroscope; picture-in-picture\" allowfullscreen><\/iframe><\/p>","protected":false},"excerpt":{"rendered":"<p>\u017dem\u0117s \u016bkio ma\u0161inas AWEMAK DISKINIS SKUTIKAS GOLIATH CBTHD\u00a0gamina nuo 1989 m. UAB Horo mechanika si\u016blo plat\u0173 auk\u0161tos kokyb\u0117s AWEMAK produktus, kurie jau naudojami visoje Europos S\u0105jungoje.<\/p>\n<p>M\u016bs\u0173 garantinis aptarnavimas teikiamas klientams <span data-language-for-alternatives=\"lt\" data-language-to-translate-into=\"en\" data-phrase-index=\"3\">tiek Lietuvoje tiek Latvijoje, DISKINIS SKUTIKAS GOLIATH CBTHD\u00a0atsargini\u0173 dali\u0173 pristatymas \u012f namus, taip pat greita ir konkreti pagalba gedimo atveju.<\/span> <span data-language-for-alternatives=\"lt\" data-language-to-translate-into=\"en\" data-phrase-index=\"4\">Mes teikiame savo<\/span> <span data-language-for-alternatives=\"lt\" data-language-to-translate-into=\"en\" data-phrase-index=\"6\">saug\u0173 transport\u0105 Lietuvoje ir Latvijoje.<\/span> <span data-language-for-alternatives=\"lt\" data-language-to-translate-into=\"en\" data-phrase-index=\"7\">Awemak prek\u0117s \u017eenklas yra pla\u010diai \u017einomas d\u0117l pagarbos klientams, auk\u0161tos kokyb\u0117s produkt\u0173 ir konkurencing\u0173 kain\u0173.<\/span> <span data-language-for-alternatives=\"lt\" data-language-to-translate-into=\"en\" data-phrase-index=\"9\">Awemak gaminiams naudojamos med\u017eiagos yra geriausios rinkoje &#8211; jos gaunamos i\u0161 pasaulio lyderi\u0173.<\/span> <span data-language-for-alternatives=\"lt\" data-language-to-translate-into=\"en\" data-phrase-index=\"10\">Awemak komanda aistringai dirba ir deda visas pastangas, kad b\u016bt\u0173 geriausi tai, k\u0105 daro.<\/span><\/p>","protected":false},"featured_media":12248,"comment_status":"open","ping_status":"closed","template":"","meta":[],"product_cat":[238,131],"product_tag":[199,200,201,202,203,204],"class_list":["post-12237","product","type-product","status-publish","has-post-thumbnail","hentry","product_cat-prikabinami-skutikliai","product_cat-dirvos-skutikliai","product_tag-diskinis-skutikas","product_tag-gumine-apsauga","product_tag-lingine-apsauga","product_tag-volas","product_tag-pakaba","product_tag-sunkioji-dirbimo-technika"],"yoast_head":"<!-- This site is optimized with the Yoast SEO plugin v20.1 - https:\/\/yoast.com\/wordpress\/plugins\/seo\/ -->\n<title>DISKINIS SKUTIKAS GOLIATH CBTHD | Horomechanika<\/title>\n<meta name=\"description\" content=\"DISKINIS SKUTIKAS GOLIATH CBTHD | Horomechanika DISKINIS SKUTIKAS |\" \/>\n<meta name=\"robots\" content=\"index, follow, max-snippet:-1, max-image-preview:large, max-video-preview:-1\" \/>\n<link rel=\"canonical\" href=\"https:\/\/www.horomechanika.lt\/ru\/product\/diskinis-skutikas-goliath-cbthd\/\" \/>\n<meta property=\"og:locale\" content=\"ru_RU\" \/>\n<meta property=\"og:type\" content=\"article\" \/>\n<meta property=\"og:title\" content=\"DISKINIS SKUTIKAS GOLIATH CBTHD | Horomechanika\" \/>\n<meta property=\"og:description\" content=\"DISKINIS SKUTIKAS GOLIATH CBTHD | Horomechanika DISKINIS SKUTIKAS |\" \/>\n<meta property=\"og:url\" content=\"https:\/\/www.horomechanika.lt\/ru\/product\/diskinis-skutikas-goliath-cbthd\/\" \/>\n<meta property=\"og:site_name\" content=\"Horomechanika\" \/>\n<meta property=\"article:publisher\" content=\"https:\/\/www.facebook.com\/UAB-Horo-mechanika-177091812471952\" \/>\n<meta property=\"article:modified_time\" content=\"2022-05-18T10:05:03+00:00\" \/>\n<meta property=\"og:image\" content=\"https:\/\/www.horomechanika.lt\/wp-content\/uploads\/2020\/11\/20180917_081740-1.jpg\" \/>\n\t<meta property=\"og:image:width\" content=\"677\" \/>\n\t<meta property=\"og:image:height\" content=\"596\" \/>\n\t<meta property=\"og:image:type\" content=\"image\/jpeg\" \/>\n<meta name=\"twitter:card\" content=\"summary_large_image\" \/>\n<meta name=\"twitter:label1\" content=\"\u041f\u0440\u0438\u043c\u0435\u0440\u043d\u043e\u0435 \u0432\u0440\u0435\u043c\u044f \u0434\u043b\u044f \u0447\u0442\u0435\u043d\u0438\u044f\" \/>\n\t<meta name=\"twitter:data1\" content=\"1 \u043c\u0438\u043d\u0443\u0442\u0430\" \/>\n<script type=\"application\/ld+json\" class=\"yoast-schema-graph\">{\"@context\":\"https:\/\/schema.org\",\"@graph\":[{\"@type\":\"WebPage\",\"@id\":\"https:\/\/www.horomechanika.lt\/product\/diskinis-skutikas-goliath-cbthd\/\",\"url\":\"https:\/\/www.horomechanika.lt\/product\/diskinis-skutikas-goliath-cbthd\/\",\"name\":\"DISKINIS SKUTIKAS GOLIATH CBTHD | Horomechanika\",\"isPartOf\":{\"@id\":\"https:\/\/www.horomechanika.lt\/#website\"},\"datePublished\":\"2020-11-12T09:37:22+00:00\",\"dateModified\":\"2022-05-18T10:05:03+00:00\",\"description\":\"DISKINIS SKUTIKAS GOLIATH CBTHD | Horomechanika DISKINIS SKUTIKAS |\",\"breadcrumb\":{\"@id\":\"https:\/\/www.horomechanika.lt\/product\/diskinis-skutikas-goliath-cbthd\/#breadcrumb\"},\"inLanguage\":\"ru-RU\",\"potentialAction\":[{\"@type\":\"ReadAction\",\"target\":[\"https:\/\/www.horomechanika.lt\/product\/diskinis-skutikas-goliath-cbthd\/\"]}]},{\"@type\":\"BreadcrumbList\",\"@id\":\"https:\/\/www.horomechanika.lt\/product\/diskinis-skutikas-goliath-cbthd\/#breadcrumb\",\"itemListElement\":[{\"@type\":\"ListItem\",\"position\":1,\"name\":\"Home\",\"item\":\"https:\/\/www.horomechanika.lt\/\"},{\"@type\":\"ListItem\",\"position\":2,\"name\":\"Shop\",\"item\":\"https:\/\/www.horomechanika.lt\/ru\/shop-2\/\"},{\"@type\":\"ListItem\",\"position\":3,\"name\":\"DISKINIS SKUTIKAS GOLIATH CBTHD\"}]},{\"@type\":\"WebSite\",\"@id\":\"https:\/\/www.horomechanika.lt\/#website\",\"url\":\"https:\/\/www.horomechanika.lt\/\",\"name\":\"Horomechanika\",\"description\":\"\u017dem\u0117s \u016akio Technika\",\"publisher\":{\"@id\":\"https:\/\/www.horomechanika.lt\/#organization\"},\"potentialAction\":[{\"@type\":\"SearchAction\",\"target\":{\"@type\":\"EntryPoint\",\"urlTemplate\":\"https:\/\/www.horomechanika.lt\/?s={search_term_string}\"},\"query-input\":\"required name=search_term_string\"}],\"inLanguage\":\"ru-RU\"},{\"@type\":\"Organization\",\"@id\":\"https:\/\/www.horomechanika.lt\/#organization\",\"name\":\"UAB \\\"Horo mechanika\\\"\",\"url\":\"https:\/\/www.horomechanika.lt\/\",\"logo\":{\"@type\":\"ImageObject\",\"inLanguage\":\"ru-RU\",\"@id\":\"https:\/\/www.horomechanika.lt\/#\/schema\/logo\/image\/\",\"url\":\"https:\/\/www.horomechanika.lt\/wp-content\/uploads\/2020\/05\/horomechanika-logo.png\",\"contentUrl\":\"https:\/\/www.horomechanika.lt\/wp-content\/uploads\/2020\/05\/horomechanika-logo.png\",\"width\":137,\"height\":56,\"caption\":\"UAB \\\"Horo mechanika\\\"\"},\"image\":{\"@id\":\"https:\/\/www.horomechanika.lt\/#\/schema\/logo\/image\/\"},\"sameAs\":[\"https:\/\/www.facebook.com\/UAB-Horo-mechanika-177091812471952\"]}]}<\/script>\n<!-- \/ Yoast SEO plugin. -->","yoast_head_json":{"title":"DISKINIS SKUTIKAS GOLIATH CBTHD | Horomechanika","description":"DISKINIS SKUTIKAS GOLIATH CBTHD | Horomechanika DISKINIS SKUTIKAS |","robots":{"index":"index","follow":"follow","max-snippet":"max-snippet:-1","max-image-preview":"max-image-preview:large","max-video-preview":"max-video-preview:-1"},"canonical":"https:\/\/www.horomechanika.lt\/ru\/product\/diskinis-skutikas-goliath-cbthd\/","og_locale":"ru_RU","og_type":"article","og_title":"DISKINIS SKUTIKAS GOLIATH CBTHD | Horomechanika","og_description":"DISKINIS SKUTIKAS GOLIATH CBTHD | Horomechanika DISKINIS SKUTIKAS |","og_url":"https:\/\/www.horomechanika.lt\/ru\/product\/diskinis-skutikas-goliath-cbthd\/","og_site_name":"Horomechanika","article_publisher":"https:\/\/www.facebook.com\/UAB-Horo-mechanika-177091812471952","article_modified_time":"2022-05-18T10:05:03+00:00","og_image":[{"width":677,"height":596,"url":"https:\/\/www.horomechanika.lt\/wp-content\/uploads\/2020\/11\/20180917_081740-1.jpg","type":"image\/jpeg"}],"twitter_card":"summary_large_image","twitter_misc":{"\u041f\u0440\u0438\u043c\u0435\u0440\u043d\u043e\u0435 \u0432\u0440\u0435\u043c\u044f \u0434\u043b\u044f \u0447\u0442\u0435\u043d\u0438\u044f":"1 \u043c\u0438\u043d\u0443\u0442\u0430"},"schema":{"@context":"https:\/\/schema.org","@graph":[{"@type":"WebPage","@id":"https:\/\/www.horomechanika.lt\/product\/diskinis-skutikas-goliath-cbthd\/","url":"https:\/\/www.horomechanika.lt\/product\/diskinis-skutikas-goliath-cbthd\/","name":"DISKINIS SKUTIKAS GOLIATH CBTHD | Horomechanika","isPartOf":{"@id":"https:\/\/www.horomechanika.lt\/#website"},"datePublished":"2020-11-12T09:37:22+00:00","dateModified":"2022-05-18T10:05:03+00:00","description":"DISKINIS SKUTIKAS GOLIATH CBTHD | Horomechanika DISKINIS SKUTIKAS |","breadcrumb":{"@id":"https:\/\/www.horomechanika.lt\/product\/diskinis-skutikas-goliath-cbthd\/#breadcrumb"},"inLanguage":"ru-RU","potentialAction":[{"@type":"ReadAction","target":["https:\/\/www.horomechanika.lt\/product\/diskinis-skutikas-goliath-cbthd\/"]}]},{"@type":"BreadcrumbList","@id":"https:\/\/www.horomechanika.lt\/product\/diskinis-skutikas-goliath-cbthd\/#breadcrumb","itemListElement":[{"@type":"ListItem","position":1,"name":"Home","item":"https:\/\/www.horomechanika.lt\/"},{"@type":"ListItem","position":2,"name":"Shop","item":"https:\/\/www.horomechanika.lt\/ru\/shop-2\/"},{"@type":"ListItem","position":3,"name":"DISKINIS SKUTIKAS GOLIATH CBTHD"}]},{"@type":"WebSite","@id":"https:\/\/www.horomechanika.lt\/#website","url":"https:\/\/www.horomechanika.lt\/","name":"Horomechanika","description":"\u017dem\u0117s \u016akio Technika","publisher":{"@id":"https:\/\/www.horomechanika.lt\/#organization"},"potentialAction":[{"@type":"SearchAction","target":{"@type":"EntryPoint","urlTemplate":"https:\/\/www.horomechanika.lt\/?s={search_term_string}"},"query-input":"required name=search_term_string"}],"inLanguage":"ru-RU"},{"@type":"Organization","@id":"https:\/\/www.horomechanika.lt\/#organization","name":"UAB \"Horo mechanika\"","url":"https:\/\/www.horomechanika.lt\/","logo":{"@type":"ImageObject","inLanguage":"ru-RU","@id":"https:\/\/www.horomechanika.lt\/#\/schema\/logo\/image\/","url":"https:\/\/www.horomechanika.lt\/wp-content\/uploads\/2020\/05\/horomechanika-logo.png","contentUrl":"https:\/\/www.horomechanika.lt\/wp-content\/uploads\/2020\/05\/horomechanika-logo.png","width":137,"height":56,"caption":"UAB \"Horo mechanika\""},"image":{"@id":"https:\/\/www.horomechanika.lt\/#\/schema\/logo\/image\/"},"sameAs":["https:\/\/www.facebook.com\/UAB-Horo-mechanika-177091812471952"]}]}},"_links":{"self":[{"href":"https:\/\/www.horomechanika.lt\/ru\/wp-json\/wp\/v2\/product\/12237","targetHints":{"allow":["GET"]}}],"collection":[{"href":"https:\/\/www.horomechanika.lt\/ru\/wp-json\/wp\/v2\/product"}],"about":[{"href":"https:\/\/www.horomechanika.lt\/ru\/wp-json\/wp\/v2\/types\/product"}],"replies":[{"embeddable":true,"href":"https:\/\/www.horomechanika.lt\/ru\/wp-json\/wp\/v2\/comments?post=12237"}],"wp:featuredmedia":[{"embeddable":true,"href":"https:\/\/www.horomechanika.lt\/ru\/wp-json\/wp\/v2\/media\/12248"}],"wp:attachment":[{"href":"https:\/\/www.horomechanika.lt\/ru\/wp-json\/wp\/v2\/media?parent=12237"}],"wp:term":[{"taxonomy":"product_cat","embeddable":true,"href":"https:\/\/www.horomechanika.lt\/ru\/wp-json\/wp\/v2\/product_cat?post=12237"},{"taxonomy":"product_tag","embeddable":true,"href":"https:\/\/www.horomechanika.lt\/ru\/wp-json\/wp\/v2\/product_tag?post=12237"}],"curies":[{"name":"wp","href":"https:\/\/api.w.org\/{rel}","templated":true}]}}