{"id":12262,"date":"2020-11-12T17:56:34","date_gmt":"2020-11-12T14:56:34","guid":{"rendered":"http:\/\/horomechanika.lt\/?post_type=product&#038;p=12262"},"modified":"2022-05-11T08:48:36","modified_gmt":"2022-05-11T05:48:36","slug":"kultivatorius-puma-ca","status":"publish","type":"product","link":"https:\/\/www.horomechanika.lt\/ru\/product\/kultivatorius-puma-ca\/","title":{"rendered":"KULTIVATORIUS PUMA CA"},"content":{"rendered":"<table>\n<tbody>\n<tr>\n<td colspan=\"6\" width=\"654\"><strong>PUMA CA \u2013 Sunkusis kultivatorius<\/strong><\/td>\n<\/tr>\n<tr>\n<td colspan=\"6\" width=\"654\">Hidraulinis sulankstymas, keturios eil\u0117s 32&#215;12 mm spyruoklini\u0173 dant\u0173 eil\u0117s su reguliuojamu darbiniu gyliu 0-15cm; <span data-language-for-alternatives=\"lt\" data-language-to-translate-into=\"en\" data-phrase-index=\"1\">priekinis volas <\/span><span data-language-for-alternatives=\"lt\" data-language-to-translate-into=\"en\" data-phrase-index=\"3\">\u00d8320mm, juostinis ritin\u0117lis \u00d8320 mm dvigubas, guolinis, milteliniu b\u016bdu padengtas r\u0117mas<\/span><\/td>\n<\/tr>\n<tr>\n<td width=\"156\"><strong>Modelis<\/strong><\/td>\n<td width=\"193\"><strong>CA40<\/strong><\/td>\n<td width=\"79\"><strong>CA45<\/strong><\/td>\n<td width=\"77\"><strong>CA50<\/strong><\/td>\n<td width=\"78\"><strong>CA55<\/strong><\/td>\n<td width=\"72\"><strong>CA60<\/strong><\/td>\n<\/tr>\n<tr>\n<td width=\"156\"><strong>Plotis \u00a0[cm]<\/strong><\/td>\n<td width=\"193\">4<\/td>\n<td width=\"79\">4,5<\/td>\n<td width=\"77\">5<\/td>\n<td width=\"78\">5,5<\/td>\n<td width=\"72\">6<\/td>\n<\/tr>\n<tr>\n<td width=\"156\"><strong>Svoris [kg]<\/strong><\/td>\n<td width=\"193\">1700<\/td>\n<td width=\"79\">1750<\/td>\n<td width=\"77\">1850<\/td>\n<td width=\"78\">1950<\/td>\n<td width=\"72\">2050<\/td>\n<\/tr>\n<tr>\n<td width=\"156\"><strong>\u00a0 \u00a0\u00a0Spyruokini\u0173 dant\u0173 kiekis [pcs.]<\/strong><\/td>\n<td width=\"193\">40<\/td>\n<td width=\"79\">44<\/td>\n<td width=\"77\">50<\/td>\n<td width=\"78\">54<\/td>\n<td width=\"72\">60<\/td>\n<\/tr>\n<tr>\n<td width=\"156\"><strong>Reikiama galia [PS]<\/strong><\/td>\n<td width=\"193\">100-120<\/td>\n<td width=\"79\">120-140<\/td>\n<td width=\"77\">140-160<\/td>\n<td width=\"78\">160-180<\/td>\n<td width=\"72\">180-200<\/td>\n<\/tr>\n<tr>\n<td colspan=\"6\" width=\"654\"><strong>PAPILDOMAI U\u017dSAKOMA<\/strong><\/td>\n<\/tr>\n<tr>\n<td width=\"156\"><strong>\u017dibintai LED<\/strong><\/td>\n<td colspan=\"5\" width=\"499\">TINKA<\/td>\n<\/tr>\n<tr>\n<td width=\"156\"><strong>Priekin\u0117 lyginimo lenta<\/strong><\/td>\n<td colspan=\"5\" width=\"499\">TINKA<\/td>\n<\/tr>\n<tr>\n<td width=\"156\"><strong>Sustiprintos aket\u0117l\u0117s 32&#215;12<\/strong><\/td>\n<td width=\"193\">TINKA<\/td>\n<td width=\"79\">TINKA<\/td>\n<td width=\"77\">TINKA<\/td>\n<td width=\"78\">TINKA<\/td>\n<td width=\"72\">TINKA<\/td>\n<\/tr>\n<tr>\n<td width=\"156\"><strong>Zasies kojos noragai 170mm<\/strong><\/td>\n<td width=\"193\">TINKA<\/td>\n<td width=\"79\">TINKA<\/td>\n<td width=\"77\">TINKA<\/td>\n<td width=\"78\">TINKA<\/td>\n<td width=\"72\">TINKA<\/td>\n<\/tr>\n<tr>\n<td width=\"156\"><strong>va\u017eiuokl\u0117 + gr\u0105\u017eulas<\/strong><\/p>\n<p><strong>ratai 400\/60-15&#8242;<\/strong><\/td>\n<td colspan=\"5\" width=\"499\">TINKA<\/td>\n<\/tr>\n<tr>\n<td width=\"156\"><strong>Hydraulinis gr\u0105\u017eulas + prikabinimo kilpa \u00d840<\/strong><\/td>\n<td colspan=\"5\" width=\"499\">TINKA<\/td>\n<\/tr>\n<tr>\n<td width=\"156\"><strong>Tandem tipo Crosskill volas \u00d8400<\/strong><\/td>\n<td width=\"193\">TINKA<\/td>\n<td width=\"79\">TINKA<\/td>\n<td width=\"77\">TINKA<\/td>\n<td width=\"78\">TINKA<\/td>\n<td width=\"72\">TINKA<\/td>\n<\/tr>\n<tr>\n<td width=\"156\"><strong>Crosskill tipo volas \u00d8400<\/strong><\/td>\n<td width=\"193\">TINKA<\/td>\n<td width=\"79\">TINKA<\/td>\n<td width=\"77\">TINKA<\/td>\n<td width=\"78\">TINKA<\/td>\n<td width=\"72\">TINKA<\/td>\n<\/tr>\n<\/tbody>\n<\/table>\n<p><iframe loading=\"lazy\" title=\"Maszyny rolnicze Przedb\u00f3rz Awemak. Produkcja i sprzeda\u017c maszyn rolniczych\" width=\"895\" height=\"503\" src=\"https:\/\/www.youtube.com\/embed\/HeTTH5061JQ?feature=oembed\" frameborder=\"0\" allow=\"accelerometer; autoplay; clipboard-write; encrypted-media; gyroscope; picture-in-picture\" allowfullscreen><\/iframe><\/p>","protected":false},"excerpt":{"rendered":"<p>\u017dem\u0117s \u016bkio ma\u0161inas AWEMAK gamina nuo 1989 m. UAB Horo mechanika si\u016blo plat\u0173 auk\u0161tos kokyb\u0117s AWEMAK produktus, kurie jau naudojami visoje Europos S\u0105jungoje.<\/p>\n<p>M\u016bs\u0173 garantinis aptarnavimas teikiamas klientams <span data-language-for-alternatives=\"lt\" data-language-to-translate-into=\"en\" data-phrase-index=\"3\">tiek Lietuvoje tiek Latvijoje, \u00a0atsargini\u0173 dali\u0173 pristatymas \u012f namus, taip pat greita ir konkreti pagalba gedimo atveju.<\/span> <span data-language-for-alternatives=\"lt\" data-language-to-translate-into=\"en\" data-phrase-index=\"4\">Mes teikiame savo<\/span> <span data-language-for-alternatives=\"lt\" data-language-to-translate-into=\"en\" data-phrase-index=\"6\">saug\u0173 transport\u0105 Lietuvoje ir Latvijoje.<\/span> <span data-language-for-alternatives=\"lt\" data-language-to-translate-into=\"en\" data-phrase-index=\"7\">Awemak prek\u0117s \u017eenklas yra pla\u010diai \u017einomas d\u0117l pagarbos klientams, auk\u0161tos kokyb\u0117s produkt\u0173 ir konkurencing\u0173 kain\u0173.<\/span> <span data-language-for-alternatives=\"lt\" data-language-to-translate-into=\"en\" data-phrase-index=\"9\">Awemak gaminiams naudojamos med\u017eiagos yra geriausios rinkoje &#8211; jos gaunamos i\u0161 pasaulio lyderi\u0173.<\/span> <span data-language-for-alternatives=\"lt\" data-language-to-translate-into=\"en\" data-phrase-index=\"10\">Awemak komanda aistringai dirba ir deda visas pastangas, kad b\u016bt\u0173 geriausi tai, k\u0105 daro.<\/span><\/p>","protected":false},"featured_media":12261,"comment_status":"open","ping_status":"closed","template":"","meta":[],"product_cat":[132],"product_tag":[199,200,201,202,203,204],"class_list":["post-12262","product","type-product","status-publish","has-post-thumbnail","hentry","product_cat-kultivatoriai","product_tag-diskinis-skutikas","product_tag-gumine-apsauga","product_tag-lingine-apsauga","product_tag-volas","product_tag-pakaba","product_tag-sunkioji-dirbimo-technika"],"yoast_head":"<!-- This site is optimized with the Yoast SEO plugin v20.1 - https:\/\/yoast.com\/wordpress\/plugins\/seo\/ -->\n<title>KULTIVATORIUS PUMA CA | Horomechanika<\/title>\n<meta name=\"robots\" content=\"index, follow, max-snippet:-1, max-image-preview:large, max-video-preview:-1\" \/>\n<link rel=\"canonical\" href=\"https:\/\/www.horomechanika.lt\/ru\/product\/kultivatorius-puma-ca\/\" \/>\n<meta property=\"og:locale\" content=\"ru_RU\" \/>\n<meta property=\"og:type\" content=\"article\" \/>\n<meta property=\"og:title\" content=\"KULTIVATORIUS PUMA CA | Horomechanika\" \/>\n<meta property=\"og:description\" content=\"\u017dem\u0117s \u016bkio ma\u0161inas AWEMAK gamina nuo 1989 m. UAB Horo mechanika si\u016blo plat\u0173 auk\u0161tos kokyb\u0117s AWEMAK produktus, kurie jau naudojami visoje Europos S\u0105jungoje.  M\u016bs\u0173 garantinis aptarnavimas teikiamas klientams tiek Lietuvoje tiek Latvijoje, \u00a0atsargini\u0173 dali\u0173 pristatymas \u012f namus, taip pat greita ir konkreti pagalba gedimo atveju. Mes teikiame savo saug\u0173 transport\u0105 Lietuvoje ir Latvijoje. Awemak prek\u0117s \u017eenklas yra pla\u010diai \u017einomas d\u0117l pagarbos klientams, auk\u0161tos kokyb\u0117s produkt\u0173 ir konkurencing\u0173 kain\u0173. Awemak gaminiams naudojamos med\u017eiagos yra geriausios rinkoje - jos gaunamos i\u0161 pasaulio lyderi\u0173. Awemak komanda aistringai dirba ir deda visas pastangas, kad b\u016bt\u0173 geriausi tai, k\u0105 daro.\" \/>\n<meta property=\"og:url\" content=\"https:\/\/www.horomechanika.lt\/ru\/product\/kultivatorius-puma-ca\/\" \/>\n<meta property=\"og:site_name\" content=\"Horomechanika\" \/>\n<meta property=\"article:publisher\" content=\"https:\/\/www.facebook.com\/UAB-Horo-mechanika-177091812471952\" \/>\n<meta property=\"article:modified_time\" content=\"2022-05-11T05:48:36+00:00\" \/>\n<meta property=\"og:image\" content=\"https:\/\/www.horomechanika.lt\/wp-content\/uploads\/2020\/11\/AK-2ff-1.jpg\" \/>\n\t<meta property=\"og:image:width\" content=\"917\" \/>\n\t<meta property=\"og:image:height\" content=\"797\" \/>\n\t<meta property=\"og:image:type\" content=\"image\/jpeg\" \/>\n<meta name=\"twitter:card\" content=\"summary_large_image\" \/>\n<meta name=\"twitter:label1\" content=\"\u041f\u0440\u0438\u043c\u0435\u0440\u043d\u043e\u0435 \u0432\u0440\u0435\u043c\u044f \u0434\u043b\u044f \u0447\u0442\u0435\u043d\u0438\u044f\" \/>\n\t<meta name=\"twitter:data1\" content=\"1 \u043c\u0438\u043d\u0443\u0442\u0430\" \/>\n<script type=\"application\/ld+json\" class=\"yoast-schema-graph\">{\"@context\":\"https:\/\/schema.org\",\"@graph\":[{\"@type\":\"WebPage\",\"@id\":\"https:\/\/www.horomechanika.lt\/ru\/product\/kultivatorius-puma-ca\/\",\"url\":\"https:\/\/www.horomechanika.lt\/ru\/product\/kultivatorius-puma-ca\/\",\"name\":\"KULTIVATORIUS PUMA CA | Horomechanika\",\"isPartOf\":{\"@id\":\"https:\/\/www.horomechanika.lt\/#website\"},\"datePublished\":\"2020-11-12T14:56:34+00:00\",\"dateModified\":\"2022-05-11T05:48:36+00:00\",\"breadcrumb\":{\"@id\":\"https:\/\/www.horomechanika.lt\/ru\/product\/kultivatorius-puma-ca\/#breadcrumb\"},\"inLanguage\":\"ru-RU\",\"potentialAction\":[{\"@type\":\"ReadAction\",\"target\":[\"https:\/\/www.horomechanika.lt\/ru\/product\/kultivatorius-puma-ca\/\"]}]},{\"@type\":\"BreadcrumbList\",\"@id\":\"https:\/\/www.horomechanika.lt\/ru\/product\/kultivatorius-puma-ca\/#breadcrumb\",\"itemListElement\":[{\"@type\":\"ListItem\",\"position\":1,\"name\":\"Home\",\"item\":\"https:\/\/www.horomechanika.lt\/\"},{\"@type\":\"ListItem\",\"position\":2,\"name\":\"Shop\",\"item\":\"https:\/\/www.horomechanika.lt\/ru\/shop-2\/\"},{\"@type\":\"ListItem\",\"position\":3,\"name\":\"KULTIVATORIUS PUMA CA\"}]},{\"@type\":\"WebSite\",\"@id\":\"https:\/\/www.horomechanika.lt\/#website\",\"url\":\"https:\/\/www.horomechanika.lt\/\",\"name\":\"Horomechanika\",\"description\":\"\u017dem\u0117s \u016akio Technika\",\"publisher\":{\"@id\":\"https:\/\/www.horomechanika.lt\/#organization\"},\"potentialAction\":[{\"@type\":\"SearchAction\",\"target\":{\"@type\":\"EntryPoint\",\"urlTemplate\":\"https:\/\/www.horomechanika.lt\/?s={search_term_string}\"},\"query-input\":\"required name=search_term_string\"}],\"inLanguage\":\"ru-RU\"},{\"@type\":\"Organization\",\"@id\":\"https:\/\/www.horomechanika.lt\/#organization\",\"name\":\"UAB \\\"Horo mechanika\\\"\",\"url\":\"https:\/\/www.horomechanika.lt\/\",\"logo\":{\"@type\":\"ImageObject\",\"inLanguage\":\"ru-RU\",\"@id\":\"https:\/\/www.horomechanika.lt\/#\/schema\/logo\/image\/\",\"url\":\"https:\/\/www.horomechanika.lt\/wp-content\/uploads\/2020\/05\/horomechanika-logo.png\",\"contentUrl\":\"https:\/\/www.horomechanika.lt\/wp-content\/uploads\/2020\/05\/horomechanika-logo.png\",\"width\":137,\"height\":56,\"caption\":\"UAB \\\"Horo mechanika\\\"\"},\"image\":{\"@id\":\"https:\/\/www.horomechanika.lt\/#\/schema\/logo\/image\/\"},\"sameAs\":[\"https:\/\/www.facebook.com\/UAB-Horo-mechanika-177091812471952\"]}]}<\/script>\n<!-- \/ Yoast SEO plugin. -->","yoast_head_json":{"title":"KULTIVATORIUS PUMA CA | Horomechanika","robots":{"index":"index","follow":"follow","max-snippet":"max-snippet:-1","max-image-preview":"max-image-preview:large","max-video-preview":"max-video-preview:-1"},"canonical":"https:\/\/www.horomechanika.lt\/ru\/product\/kultivatorius-puma-ca\/","og_locale":"ru_RU","og_type":"article","og_title":"KULTIVATORIUS PUMA CA | Horomechanika","og_description":"\u017dem\u0117s \u016bkio ma\u0161inas AWEMAK gamina nuo 1989 m. UAB Horo mechanika si\u016blo plat\u0173 auk\u0161tos kokyb\u0117s AWEMAK produktus, kurie jau naudojami visoje Europos S\u0105jungoje.  M\u016bs\u0173 garantinis aptarnavimas teikiamas klientams tiek Lietuvoje tiek Latvijoje, \u00a0atsargini\u0173 dali\u0173 pristatymas \u012f namus, taip pat greita ir konkreti pagalba gedimo atveju. Mes teikiame savo saug\u0173 transport\u0105 Lietuvoje ir Latvijoje. Awemak prek\u0117s \u017eenklas yra pla\u010diai \u017einomas d\u0117l pagarbos klientams, auk\u0161tos kokyb\u0117s produkt\u0173 ir konkurencing\u0173 kain\u0173. Awemak gaminiams naudojamos med\u017eiagos yra geriausios rinkoje - jos gaunamos i\u0161 pasaulio lyderi\u0173. Awemak komanda aistringai dirba ir deda visas pastangas, kad b\u016bt\u0173 geriausi tai, k\u0105 daro.","og_url":"https:\/\/www.horomechanika.lt\/ru\/product\/kultivatorius-puma-ca\/","og_site_name":"Horomechanika","article_publisher":"https:\/\/www.facebook.com\/UAB-Horo-mechanika-177091812471952","article_modified_time":"2022-05-11T05:48:36+00:00","og_image":[{"width":917,"height":797,"url":"https:\/\/www.horomechanika.lt\/wp-content\/uploads\/2020\/11\/AK-2ff-1.jpg","type":"image\/jpeg"}],"twitter_card":"summary_large_image","twitter_misc":{"\u041f\u0440\u0438\u043c\u0435\u0440\u043d\u043e\u0435 \u0432\u0440\u0435\u043c\u044f \u0434\u043b\u044f \u0447\u0442\u0435\u043d\u0438\u044f":"1 \u043c\u0438\u043d\u0443\u0442\u0430"},"schema":{"@context":"https:\/\/schema.org","@graph":[{"@type":"WebPage","@id":"https:\/\/www.horomechanika.lt\/ru\/product\/kultivatorius-puma-ca\/","url":"https:\/\/www.horomechanika.lt\/ru\/product\/kultivatorius-puma-ca\/","name":"KULTIVATORIUS PUMA CA | Horomechanika","isPartOf":{"@id":"https:\/\/www.horomechanika.lt\/#website"},"datePublished":"2020-11-12T14:56:34+00:00","dateModified":"2022-05-11T05:48:36+00:00","breadcrumb":{"@id":"https:\/\/www.horomechanika.lt\/ru\/product\/kultivatorius-puma-ca\/#breadcrumb"},"inLanguage":"ru-RU","potentialAction":[{"@type":"ReadAction","target":["https:\/\/www.horomechanika.lt\/ru\/product\/kultivatorius-puma-ca\/"]}]},{"@type":"BreadcrumbList","@id":"https:\/\/www.horomechanika.lt\/ru\/product\/kultivatorius-puma-ca\/#breadcrumb","itemListElement":[{"@type":"ListItem","position":1,"name":"Home","item":"https:\/\/www.horomechanika.lt\/"},{"@type":"ListItem","position":2,"name":"Shop","item":"https:\/\/www.horomechanika.lt\/ru\/shop-2\/"},{"@type":"ListItem","position":3,"name":"KULTIVATORIUS PUMA CA"}]},{"@type":"WebSite","@id":"https:\/\/www.horomechanika.lt\/#website","url":"https:\/\/www.horomechanika.lt\/","name":"Horomechanika","description":"\u017dem\u0117s \u016akio Technika","publisher":{"@id":"https:\/\/www.horomechanika.lt\/#organization"},"potentialAction":[{"@type":"SearchAction","target":{"@type":"EntryPoint","urlTemplate":"https:\/\/www.horomechanika.lt\/?s={search_term_string}"},"query-input":"required name=search_term_string"}],"inLanguage":"ru-RU"},{"@type":"Organization","@id":"https:\/\/www.horomechanika.lt\/#organization","name":"UAB \"Horo mechanika\"","url":"https:\/\/www.horomechanika.lt\/","logo":{"@type":"ImageObject","inLanguage":"ru-RU","@id":"https:\/\/www.horomechanika.lt\/#\/schema\/logo\/image\/","url":"https:\/\/www.horomechanika.lt\/wp-content\/uploads\/2020\/05\/horomechanika-logo.png","contentUrl":"https:\/\/www.horomechanika.lt\/wp-content\/uploads\/2020\/05\/horomechanika-logo.png","width":137,"height":56,"caption":"UAB \"Horo mechanika\""},"image":{"@id":"https:\/\/www.horomechanika.lt\/#\/schema\/logo\/image\/"},"sameAs":["https:\/\/www.facebook.com\/UAB-Horo-mechanika-177091812471952"]}]}},"_links":{"self":[{"href":"https:\/\/www.horomechanika.lt\/ru\/wp-json\/wp\/v2\/product\/12262","targetHints":{"allow":["GET"]}}],"collection":[{"href":"https:\/\/www.horomechanika.lt\/ru\/wp-json\/wp\/v2\/product"}],"about":[{"href":"https:\/\/www.horomechanika.lt\/ru\/wp-json\/wp\/v2\/types\/product"}],"replies":[{"embeddable":true,"href":"https:\/\/www.horomechanika.lt\/ru\/wp-json\/wp\/v2\/comments?post=12262"}],"wp:featuredmedia":[{"embeddable":true,"href":"https:\/\/www.horomechanika.lt\/ru\/wp-json\/wp\/v2\/media\/12261"}],"wp:attachment":[{"href":"https:\/\/www.horomechanika.lt\/ru\/wp-json\/wp\/v2\/media?parent=12262"}],"wp:term":[{"taxonomy":"product_cat","embeddable":true,"href":"https:\/\/www.horomechanika.lt\/ru\/wp-json\/wp\/v2\/product_cat?post=12262"},{"taxonomy":"product_tag","embeddable":true,"href":"https:\/\/www.horomechanika.lt\/ru\/wp-json\/wp\/v2\/product_tag?post=12262"}],"curies":[{"name":"wp","href":"https:\/\/api.w.org\/{rel}","templated":true}]}}