{"id":12263,"date":"2020-12-28T10:55:45","date_gmt":"2020-12-28T07:55:45","guid":{"rendered":"http:\/\/horomechanika.lt\/?post_type=product&#038;p=12263"},"modified":"2020-12-28T11:05:37","modified_gmt":"2020-12-28T08:05:37","slug":"ls-mtron-mt3-35-3-38","status":"publish","type":"product","link":"https:\/\/www.horomechanika.lt\/ru\/product\/ls-mtron-mt3-35-3-38\/","title":{"rendered":"LS MTRON MT3.35 \/  3.38"},"content":{"rendered":"<p><strong>LS Mtron MT3.35 \/ MT3.38\u00a0<\/strong>\u00a0traktori\u0173 modeliai \u2013 pasi\u017eymi patikimumu, ekonomi\u0161kumu, patvarumu ir ypa\u010d\u00a0 \u017eema kaina.\u00a0 \u0160io modelio variklis turi 35-38 AG, kuris tinka dirbti smulkiuose arba vidutiniuose \u016bkiuose bei atlikti komunalines paslaugas. \u00a0 LS traktoriai gaminami Piet\u0173 Kor\u0117joje pagal auk\u0161\u010diausius kokyb\u0117s reikalavimus. \u0160iems traktoriams suteikiama 5 met\u0173 garantija.\u00a0 I\u0161siskiria manevringumu, o tai ypa\u010d svarbu dirbant ma\u017eose erdv\u0117se, fermose ar miesto erdv\u0117se.<\/p>\n<p>&nbsp;<\/p>\n<p><iframe loading=\"lazy\" title=\"LS\uc5e0\ud2b8\ub860 MT3 \ubc18\uac12 \ud2b8\ub799\ud130 \uc18c\uac1c\" width=\"895\" height=\"503\" src=\"https:\/\/www.youtube.com\/embed\/RhzXu2or1YI?feature=oembed\" frameborder=\"0\" allow=\"accelerometer; autoplay; clipboard-write; encrypted-media; gyroscope; picture-in-picture\" allowfullscreen><\/iframe><\/p>","protected":false},"excerpt":{"rendered":"<table width=\"0\">\n<tbody>\n<tr>\n<td>Modelis<\/td>\n<td width=\"157\">MT3.35 \/ MT3.38<\/td>\n<\/tr>\n<tr>\n<td>Variklis<\/td>\n<td width=\"157\">Keturtaktis, skys\u010diu au\u0161inamas<\/td>\n<\/tr>\n<tr>\n<td>Darbinis variklio t\u016bris, l<\/td>\n<td width=\"157\">1,9<\/td>\n<\/tr>\n<tr>\n<td>Galingumas, kW\/AG<\/td>\n<td width=\"157\">26.0 \/ 28.3<\/td>\n<\/tr>\n<tr>\n<td>Galios tiekimo velenas<\/td>\n<td width=\"157\">Nepriklausomas, GTV<\/td>\n<\/tr>\n<tr>\n<td>Galios veleno tiekiama galia, AG<\/td>\n<td width=\"157\">GEAR\/ HST 32 \/ 34<\/td>\n<\/tr>\n<tr>\n<td>Galios tiekimo velenas (GTV), aps.\/min.<\/td>\n<td width=\"157\">540<\/td>\n<\/tr>\n<tr>\n<td>Grei\u010di\u0173 d\u0117\u017e\u0117<\/td>\n<td width=\"157\">Synchro shuttle\/ HST<\/td>\n<\/tr>\n<tr>\n<td>Pavaros : Gear :pirmyn\/atgal; HST (pakopos)<\/td>\n<td width=\"157\">12\/12 \/ (3)<\/td>\n<\/tr>\n<tr>\n<td>Stabd\u017eiai<\/td>\n<td width=\"157\">\u0160lapio tipo, multidiskai<\/td>\n<\/tr>\n<tr>\n<td>Bendras hidraulinio siurblio na\u0161umas, l\/min<\/td>\n<td width=\"157\">5.7<\/td>\n<\/tr>\n<tr>\n<td>Keliamoji pakabos galia, kg<\/td>\n<td width=\"157\">820<\/td>\n<\/tr>\n<tr>\n<td>Ilgis, mm<\/td>\n<td width=\"157\">3111<\/td>\n<\/tr>\n<tr>\n<td>Plotis, mm<\/td>\n<td width=\"157\">1390<\/td>\n<\/tr>\n<tr>\n<td>Auk\u0161tis, mm<\/td>\n<td width=\"157\">2472<\/td>\n<\/tr>\n<tr>\n<td>Rat\u0173 baz\u0117, mm<\/td>\n<td width=\"157\">1755<\/td>\n<\/tr>\n<tr>\n<td>Svoris be svarmen\u0173, kg<\/td>\n<td width=\"157\">1600 (be svarmen\u0173)<\/td>\n<\/tr>\n<tr>\n<td>Kuro bako talpa, l<\/td>\n<td width=\"157\">40\/47<\/td>\n<\/tr>\n<tr>\n<td>Kabina<\/td>\n<td width=\"157\">yra<\/td>\n<\/tr>\n<tr>\n<td>Kondicionavimo sistema<\/td>\n<td width=\"157\">Yra<\/td>\n<\/tr>\n<\/tbody>\n<\/table>","protected":false},"featured_media":10998,"comment_status":"open","ping_status":"closed","template":"","meta":[],"product_cat":[105],"product_tag":[],"class_list":["post-12263","product","type-product","status-publish","has-post-thumbnail","hentry","product_cat-mt3-30-50-ag"],"yoast_head":"<!-- This site is optimized with the Yoast SEO plugin v20.1 - https:\/\/yoast.com\/wordpress\/plugins\/seo\/ -->\n<title>LS MTRON MT3.35 \/ 3.38 | Horomechanika<\/title>\n<meta name=\"robots\" content=\"index, follow, max-snippet:-1, max-image-preview:large, max-video-preview:-1\" \/>\n<link rel=\"canonical\" href=\"https:\/\/www.horomechanika.lt\/ru\/product\/ls-mtron-mt3-35-3-38\/\" \/>\n<meta property=\"og:locale\" content=\"ru_RU\" \/>\n<meta property=\"og:type\" content=\"article\" \/>\n<meta property=\"og:title\" content=\"LS MTRON MT3.35 \/ 3.38 | Horomechanika\" \/>\n<meta property=\"og:description\" content=\"Modelis MT3.35 \/ MT3.38   Variklis Keturtaktis, skys\u010diu au\u0161inamas   Darbinis variklio t\u016bris, l 1,9   Galingumas, kW\/AG 26.0 \/ 28.3   Galios tiekimo velenas Nepriklausomas, GTV   Galios veleno tiekiama galia, AG GEAR\/ HST 32 \/ 34   Galios tiekimo velenas (GTV), aps.\/min. 540   Grei\u010di\u0173 d\u0117\u017e\u0117 Synchro shuttle\/ HST   Pavaros : Gear :pirmyn\/atgal; HST (pakopos) 12\/12 \/ (3)   Stabd\u017eiai \u0160lapio tipo, multidiskai   Bendras hidraulinio siurblio na\u0161umas, l\/min 5.7   Keliamoji pakabos galia, kg 820   Ilgis, mm 3111   Plotis, mm 1390   Auk\u0161tis, mm 2472   Rat\u0173 baz\u0117, mm 1755   Svoris be svarmen\u0173, kg 1600 (be svarmen\u0173)   Kuro bako talpa, l 40\/47   Kabina yra   Kondicionavimo sistema Yra\" \/>\n<meta property=\"og:url\" content=\"https:\/\/www.horomechanika.lt\/ru\/product\/ls-mtron-mt3-35-3-38\/\" \/>\n<meta property=\"og:site_name\" content=\"Horomechanika\" \/>\n<meta property=\"article:publisher\" content=\"https:\/\/www.facebook.com\/UAB-Horo-mechanika-177091812471952\" \/>\n<meta property=\"article:modified_time\" content=\"2020-12-28T08:05:37+00:00\" \/>\n<meta property=\"og:image\" content=\"https:\/\/www.horomechanika.lt\/wp-content\/uploads\/2020\/07\/MT3-_____\u00f7-1-1-scaled.jpg\" \/>\n\t<meta property=\"og:image:width\" content=\"2560\" \/>\n\t<meta property=\"og:image:height\" content=\"1945\" \/>\n\t<meta property=\"og:image:type\" content=\"image\/jpeg\" \/>\n<meta name=\"twitter:card\" content=\"summary_large_image\" \/>\n<script type=\"application\/ld+json\" class=\"yoast-schema-graph\">{\"@context\":\"https:\/\/schema.org\",\"@graph\":[{\"@type\":\"WebPage\",\"@id\":\"https:\/\/www.horomechanika.lt\/product\/ls-mtron-mt3-35-3-38\/\",\"url\":\"https:\/\/www.horomechanika.lt\/product\/ls-mtron-mt3-35-3-38\/\",\"name\":\"LS MTRON MT3.35 \/ 3.38 | Horomechanika\",\"isPartOf\":{\"@id\":\"https:\/\/www.horomechanika.lt\/#website\"},\"datePublished\":\"2020-12-28T07:55:45+00:00\",\"dateModified\":\"2020-12-28T08:05:37+00:00\",\"breadcrumb\":{\"@id\":\"https:\/\/www.horomechanika.lt\/product\/ls-mtron-mt3-35-3-38\/#breadcrumb\"},\"inLanguage\":\"ru-RU\",\"potentialAction\":[{\"@type\":\"ReadAction\",\"target\":[\"https:\/\/www.horomechanika.lt\/product\/ls-mtron-mt3-35-3-38\/\"]}]},{\"@type\":\"BreadcrumbList\",\"@id\":\"https:\/\/www.horomechanika.lt\/product\/ls-mtron-mt3-35-3-38\/#breadcrumb\",\"itemListElement\":[{\"@type\":\"ListItem\",\"position\":1,\"name\":\"Home\",\"item\":\"https:\/\/www.horomechanika.lt\/\"},{\"@type\":\"ListItem\",\"position\":2,\"name\":\"Shop\",\"item\":\"https:\/\/www.horomechanika.lt\/ru\/shop-2\/\"},{\"@type\":\"ListItem\",\"position\":3,\"name\":\"LS MTRON MT3.35 \/ 3.38\"}]},{\"@type\":\"WebSite\",\"@id\":\"https:\/\/www.horomechanika.lt\/#website\",\"url\":\"https:\/\/www.horomechanika.lt\/\",\"name\":\"Horomechanika\",\"description\":\"\u017dem\u0117s \u016akio Technika\",\"publisher\":{\"@id\":\"https:\/\/www.horomechanika.lt\/#organization\"},\"potentialAction\":[{\"@type\":\"SearchAction\",\"target\":{\"@type\":\"EntryPoint\",\"urlTemplate\":\"https:\/\/www.horomechanika.lt\/?s={search_term_string}\"},\"query-input\":\"required name=search_term_string\"}],\"inLanguage\":\"ru-RU\"},{\"@type\":\"Organization\",\"@id\":\"https:\/\/www.horomechanika.lt\/#organization\",\"name\":\"UAB \\\"Horo mechanika\\\"\",\"url\":\"https:\/\/www.horomechanika.lt\/\",\"logo\":{\"@type\":\"ImageObject\",\"inLanguage\":\"ru-RU\",\"@id\":\"https:\/\/www.horomechanika.lt\/#\/schema\/logo\/image\/\",\"url\":\"https:\/\/www.horomechanika.lt\/wp-content\/uploads\/2020\/05\/horomechanika-logo.png\",\"contentUrl\":\"https:\/\/www.horomechanika.lt\/wp-content\/uploads\/2020\/05\/horomechanika-logo.png\",\"width\":137,\"height\":56,\"caption\":\"UAB \\\"Horo mechanika\\\"\"},\"image\":{\"@id\":\"https:\/\/www.horomechanika.lt\/#\/schema\/logo\/image\/\"},\"sameAs\":[\"https:\/\/www.facebook.com\/UAB-Horo-mechanika-177091812471952\"]}]}<\/script>\n<!-- \/ Yoast SEO plugin. -->","yoast_head_json":{"title":"LS MTRON MT3.35 \/ 3.38 | Horomechanika","robots":{"index":"index","follow":"follow","max-snippet":"max-snippet:-1","max-image-preview":"max-image-preview:large","max-video-preview":"max-video-preview:-1"},"canonical":"https:\/\/www.horomechanika.lt\/ru\/product\/ls-mtron-mt3-35-3-38\/","og_locale":"ru_RU","og_type":"article","og_title":"LS MTRON MT3.35 \/ 3.38 | Horomechanika","og_description":"Modelis MT3.35 \/ MT3.38   Variklis Keturtaktis, skys\u010diu au\u0161inamas   Darbinis variklio t\u016bris, l 1,9   Galingumas, kW\/AG 26.0 \/ 28.3   Galios tiekimo velenas Nepriklausomas, GTV   Galios veleno tiekiama galia, AG GEAR\/ HST 32 \/ 34   Galios tiekimo velenas (GTV), aps.\/min. 540   Grei\u010di\u0173 d\u0117\u017e\u0117 Synchro shuttle\/ HST   Pavaros : Gear :pirmyn\/atgal; HST (pakopos) 12\/12 \/ (3)   Stabd\u017eiai \u0160lapio tipo, multidiskai   Bendras hidraulinio siurblio na\u0161umas, l\/min 5.7   Keliamoji pakabos galia, kg 820   Ilgis, mm 3111   Plotis, mm 1390   Auk\u0161tis, mm 2472   Rat\u0173 baz\u0117, mm 1755   Svoris be svarmen\u0173, kg 1600 (be svarmen\u0173)   Kuro bako talpa, l 40\/47   Kabina yra   Kondicionavimo sistema Yra","og_url":"https:\/\/www.horomechanika.lt\/ru\/product\/ls-mtron-mt3-35-3-38\/","og_site_name":"Horomechanika","article_publisher":"https:\/\/www.facebook.com\/UAB-Horo-mechanika-177091812471952","article_modified_time":"2020-12-28T08:05:37+00:00","og_image":[{"width":2560,"height":1945,"url":"https:\/\/www.horomechanika.lt\/wp-content\/uploads\/2020\/07\/MT3-_____\u00f7-1-1-scaled.jpg","type":"image\/jpeg"}],"twitter_card":"summary_large_image","schema":{"@context":"https:\/\/schema.org","@graph":[{"@type":"WebPage","@id":"https:\/\/www.horomechanika.lt\/product\/ls-mtron-mt3-35-3-38\/","url":"https:\/\/www.horomechanika.lt\/product\/ls-mtron-mt3-35-3-38\/","name":"LS MTRON MT3.35 \/ 3.38 | Horomechanika","isPartOf":{"@id":"https:\/\/www.horomechanika.lt\/#website"},"datePublished":"2020-12-28T07:55:45+00:00","dateModified":"2020-12-28T08:05:37+00:00","breadcrumb":{"@id":"https:\/\/www.horomechanika.lt\/product\/ls-mtron-mt3-35-3-38\/#breadcrumb"},"inLanguage":"ru-RU","potentialAction":[{"@type":"ReadAction","target":["https:\/\/www.horomechanika.lt\/product\/ls-mtron-mt3-35-3-38\/"]}]},{"@type":"BreadcrumbList","@id":"https:\/\/www.horomechanika.lt\/product\/ls-mtron-mt3-35-3-38\/#breadcrumb","itemListElement":[{"@type":"ListItem","position":1,"name":"Home","item":"https:\/\/www.horomechanika.lt\/"},{"@type":"ListItem","position":2,"name":"Shop","item":"https:\/\/www.horomechanika.lt\/ru\/shop-2\/"},{"@type":"ListItem","position":3,"name":"LS MTRON MT3.35 \/ 3.38"}]},{"@type":"WebSite","@id":"https:\/\/www.horomechanika.lt\/#website","url":"https:\/\/www.horomechanika.lt\/","name":"Horomechanika","description":"\u017dem\u0117s \u016akio Technika","publisher":{"@id":"https:\/\/www.horomechanika.lt\/#organization"},"potentialAction":[{"@type":"SearchAction","target":{"@type":"EntryPoint","urlTemplate":"https:\/\/www.horomechanika.lt\/?s={search_term_string}"},"query-input":"required name=search_term_string"}],"inLanguage":"ru-RU"},{"@type":"Organization","@id":"https:\/\/www.horomechanika.lt\/#organization","name":"UAB \"Horo mechanika\"","url":"https:\/\/www.horomechanika.lt\/","logo":{"@type":"ImageObject","inLanguage":"ru-RU","@id":"https:\/\/www.horomechanika.lt\/#\/schema\/logo\/image\/","url":"https:\/\/www.horomechanika.lt\/wp-content\/uploads\/2020\/05\/horomechanika-logo.png","contentUrl":"https:\/\/www.horomechanika.lt\/wp-content\/uploads\/2020\/05\/horomechanika-logo.png","width":137,"height":56,"caption":"UAB \"Horo mechanika\""},"image":{"@id":"https:\/\/www.horomechanika.lt\/#\/schema\/logo\/image\/"},"sameAs":["https:\/\/www.facebook.com\/UAB-Horo-mechanika-177091812471952"]}]}},"_links":{"self":[{"href":"https:\/\/www.horomechanika.lt\/ru\/wp-json\/wp\/v2\/product\/12263","targetHints":{"allow":["GET"]}}],"collection":[{"href":"https:\/\/www.horomechanika.lt\/ru\/wp-json\/wp\/v2\/product"}],"about":[{"href":"https:\/\/www.horomechanika.lt\/ru\/wp-json\/wp\/v2\/types\/product"}],"replies":[{"embeddable":true,"href":"https:\/\/www.horomechanika.lt\/ru\/wp-json\/wp\/v2\/comments?post=12263"}],"wp:featuredmedia":[{"embeddable":true,"href":"https:\/\/www.horomechanika.lt\/ru\/wp-json\/wp\/v2\/media\/10998"}],"wp:attachment":[{"href":"https:\/\/www.horomechanika.lt\/ru\/wp-json\/wp\/v2\/media?parent=12263"}],"wp:term":[{"taxonomy":"product_cat","embeddable":true,"href":"https:\/\/www.horomechanika.lt\/ru\/wp-json\/wp\/v2\/product_cat?post=12263"},{"taxonomy":"product_tag","embeddable":true,"href":"https:\/\/www.horomechanika.lt\/ru\/wp-json\/wp\/v2\/product_tag?post=12263"}],"curies":[{"name":"wp","href":"https:\/\/api.w.org\/{rel}","templated":true}]}}