{"id":12270,"date":"2021-01-22T13:08:28","date_gmt":"2021-01-22T10:08:28","guid":{"rendered":"http:\/\/horomechanika.lt\/?post_type=product&#038;p=12270"},"modified":"2022-05-11T09:10:02","modified_gmt":"2022-05-11T06:10:02","slug":"dirvos-tankinimo-volai-su-segmentine-lyginimo-lenta","status":"publish","type":"product","link":"https:\/\/www.horomechanika.lt\/ru\/product\/dirvos-tankinimo-volai-su-segmentine-lyginimo-lenta\/","title":{"rendered":"Dirvos tankinimo volai su segmentine lyginimo lenta"},"content":{"rendered":"<p>&nbsp;<\/p>\n<table width=\"50%\">\n<tbody>\n<tr>\n<td colspan=\"2\">Darbinis plotis, mm<\/td>\n<td>6300<\/td>\n<\/tr>\n<tr>\n<td colspan=\"2\">Na\u0161umas, ha.\/h<\/td>\n<td>7.2<\/td>\n<\/tr>\n<tr>\n<td colspan=\"2\">Darbinis greitis, km\/h<\/td>\n<td>10<\/td>\n<\/tr>\n<tr>\n<td colspan=\"2\">Transportavimo greitis, km\/h<\/td>\n<td>20<\/td>\n<\/tr>\n<tr>\n<td colspan=\"2\">Cambridge \u017eiedai, mm<\/td>\n<td>\u00d8 520\/530 (ketus)<\/td>\n<\/tr>\n<tr>\n<td colspan=\"2\">A\u0161ies skersmuo, mm<\/td>\n<td>60<\/td>\n<\/tr>\n<tr>\n<td colspan=\"2\">Svoris, kg<\/td>\n<td>4300<\/td>\n<\/tr>\n<tr>\n<td colspan=\"2\">Galios poreikis, h.p.<\/td>\n<td>120<\/td>\n<\/tr>\n<tr>\n<td colspan=\"3\"><center>I\u0161matavimai<\/center><\/td>\n<\/tr>\n<tr>\n<td colspan=\"2\"><center>Transportavimo pad\u0117ties<\/center><\/td>\n<td><center>Darbin\u0117s padieties<\/center><\/td>\n<\/tr>\n<tr>\n<td>Ilgis, mm<\/td>\n<td>3900<\/td>\n<td>4100<\/td>\n<\/tr>\n<tr>\n<td>Plotis, mm<\/td>\n<td>2400<\/td>\n<td>6300<\/td>\n<\/tr>\n<tr>\n<td>Auk\u0161tis, mm<\/td>\n<td>2630<\/td>\n<td>1300<\/td>\n<\/tr>\n<\/tbody>\n<\/table>\n<p>&nbsp;<\/p>\n<p><iframe loading=\"lazy\" title=\"\u041a\u0430\u0442\u043e\u043a \u043f\u043e\u043b\u0435\u0432\u043e\u0439 \u041e\u043b\u044c\u0432\u0438\u044f-6\u0410. \u0423\u043f\u043b\u043e\u0442\u043d\u0435\u043d\u0438\u0435 \u043f\u043e\u0447\u0432\u044b \u0434\u043b\u044f \u043f\u043e\u0441\u0435\u0432\u0430 \u043e\u0437\u0438\u043c\u043e\u0433\u043e \u0440\u0430\u043f\u0441\u0430\" width=\"895\" height=\"503\" src=\"https:\/\/www.youtube.com\/embed\/fWoybkLE5bQ?feature=oembed\" frameborder=\"0\" allow=\"accelerometer; autoplay; clipboard-write; encrypted-media; gyroscope; picture-in-picture\" allowfullscreen><\/iframe><\/p>","protected":false},"excerpt":{"rendered":"<p><strong>Tankinimo Volai <\/strong>su lyginimo lenta.<\/p>\n<p>Darbinis plotis: 6,3 m. Transportavimo plotis:\u00a0 2,40 m<\/p>\n<p>Sustiprinti tankinimo \u017eiedai sumontuoti ant 60 mm a\u0161i\u0173\u00a0 tai u\u017etikrina agregato stiprum\u0105 ir ilgaam\u017ei\u0161kum\u0105 net ir akmenuotose laukuose . Ukrainie\u010di\u0173 metalurg\u0173 \u017eiedai 4 atram\u0173 atlaiko ir stiprius sm\u016bgius \u012f akmenis.<\/p>\n<p>Standartinei \u012frangai priklauso d\u0117\u017e\u0117s papildomiems svoriams (akmenims, sm\u0117liui) ir pan. o volus galima hidrauli\u0161kai valdyti s\u0117dint traktoriuje \u2013 tam skirti du dvipusio veikimo hidrauliniai skirstytuvai.<\/p>\n<p>Sulankstymo mechanizmas turi giliai \u012fleist\u0105 sparno lanksto a\u0161\u012f su teflonu padengta plienine \u012fvore vir\u0161uje ir apa\u010dioje \u2013 tai u\u017etikrina konstrukcijos stiprum\u0105 voluojant.<\/p>\n<p>Ant spyruokli\u0173 sumontuotos u\u017edaro tipo plok\u0161tel\u0117s trupina grumstus ir gerai lygina dirv\u0105. Lyginimo lentos atakos kampas yra koreguojamas hidrauli\u0161kai, priklausomai nuo dirvos strukt\u016bros. Kiekvienos spyruokl\u0117s matmenys yra 10 mm x 80 mm, jos pla\u010diai padengia pavir\u0161i\u0173 150 mm plo\u010dio sugr\u016bdinto plieno plok\u0161tel\u0117mis.<\/p>\n<p>Vol\u0173 sulankstymas hidro pagalba labai paprastas ir u\u017etrunka kelet\u0105 akimirk\u0173.<\/p>","protected":false},"featured_media":12283,"comment_status":"open","ping_status":"closed","template":"","meta":[],"product_cat":[205],"product_tag":[201,202,203,204],"class_list":["post-12270","product","type-product","status-publish","has-post-thumbnail","hentry","product_cat-dirvos-tankinimo-volai","product_tag-lingine-apsauga","product_tag-volas","product_tag-pakaba","product_tag-sunkioji-dirbimo-technika"],"yoast_head":"<!-- This site is optimized with the Yoast SEO plugin v20.1 - https:\/\/yoast.com\/wordpress\/plugins\/seo\/ -->\n<title>Dirvos tankinimo volai su segmentine lyginimo lenta | Horomechanika<\/title>\n<meta name=\"robots\" content=\"index, follow, max-snippet:-1, max-image-preview:large, max-video-preview:-1\" \/>\n<link rel=\"canonical\" href=\"https:\/\/www.horomechanika.lt\/ru\/product\/dirvos-tankinimo-volai-su-segmentine-lyginimo-lenta\/\" \/>\n<meta property=\"og:locale\" content=\"ru_RU\" \/>\n<meta property=\"og:type\" content=\"article\" \/>\n<meta property=\"og:title\" content=\"Dirvos tankinimo volai su segmentine lyginimo lenta | Horomechanika\" \/>\n<meta property=\"og:description\" content=\"Tankinimo Volai su lyginimo lenta.  Darbinis plotis: 6,3 m. Transportavimo plotis:\u00a0 2,40 m  Sustiprinti tankinimo \u017eiedai sumontuoti ant 60 mm a\u0161i\u0173\u00a0 tai u\u017etikrina agregato stiprum\u0105 ir ilgaam\u017ei\u0161kum\u0105 net ir akmenuotose laukuose . Ukrainie\u010di\u0173 metalurg\u0173 \u017eiedai 4 atram\u0173 atlaiko ir stiprius sm\u016bgius \u012f akmenis.  Standartinei \u012frangai priklauso d\u0117\u017e\u0117s papildomiems svoriams (akmenims, sm\u0117liui) ir pan. o volus galima hidrauli\u0161kai valdyti s\u0117dint traktoriuje \u2013 tam skirti du dvipusio veikimo hidrauliniai skirstytuvai.  Sulankstymo mechanizmas turi giliai \u012fleist\u0105 sparno lanksto a\u0161\u012f su teflonu padengta plienine \u012fvore vir\u0161uje ir apa\u010dioje \u2013 tai u\u017etikrina konstrukcijos stiprum\u0105 voluojant.  Ant spyruokli\u0173 sumontuotos u\u017edaro tipo plok\u0161tel\u0117s trupina grumstus ir gerai lygina dirv\u0105. Lyginimo lentos atakos kampas yra koreguojamas hidrauli\u0161kai, priklausomai nuo dirvos strukt\u016bros. Kiekvienos spyruokl\u0117s matmenys yra 10 mm x 80 mm, jos pla\u010diai padengia pavir\u0161i\u0173 150 mm plo\u010dio sugr\u016bdinto plieno plok\u0161tel\u0117mis.  Vol\u0173 sulankstymas hidro pagalba labai paprastas ir u\u017etrunka kelet\u0105 akimirk\u0173.\" \/>\n<meta property=\"og:url\" content=\"https:\/\/www.horomechanika.lt\/ru\/product\/dirvos-tankinimo-volai-su-segmentine-lyginimo-lenta\/\" \/>\n<meta property=\"og:site_name\" content=\"Horomechanika\" \/>\n<meta property=\"article:publisher\" content=\"https:\/\/www.facebook.com\/UAB-Horo-mechanika-177091812471952\" \/>\n<meta property=\"article:modified_time\" content=\"2022-05-11T06:10:02+00:00\" \/>\n<meta property=\"og:image\" content=\"https:\/\/www.horomechanika.lt\/wp-content\/uploads\/2021\/01\/20200601000.png\" \/>\n\t<meta property=\"og:image:width\" content=\"1468\" \/>\n\t<meta property=\"og:image:height\" content=\"1224\" \/>\n\t<meta property=\"og:image:type\" content=\"image\/png\" \/>\n<meta name=\"twitter:card\" content=\"summary_large_image\" \/>\n<script type=\"application\/ld+json\" class=\"yoast-schema-graph\">{\"@context\":\"https:\/\/schema.org\",\"@graph\":[{\"@type\":\"WebPage\",\"@id\":\"https:\/\/www.horomechanika.lt\/ru\/product\/dirvos-tankinimo-volai-su-segmentine-lyginimo-lenta\/\",\"url\":\"https:\/\/www.horomechanika.lt\/ru\/product\/dirvos-tankinimo-volai-su-segmentine-lyginimo-lenta\/\",\"name\":\"Dirvos tankinimo volai su segmentine lyginimo lenta | Horomechanika\",\"isPartOf\":{\"@id\":\"https:\/\/www.horomechanika.lt\/#website\"},\"datePublished\":\"2021-01-22T10:08:28+00:00\",\"dateModified\":\"2022-05-11T06:10:02+00:00\",\"breadcrumb\":{\"@id\":\"https:\/\/www.horomechanika.lt\/ru\/product\/dirvos-tankinimo-volai-su-segmentine-lyginimo-lenta\/#breadcrumb\"},\"inLanguage\":\"ru-RU\",\"potentialAction\":[{\"@type\":\"ReadAction\",\"target\":[\"https:\/\/www.horomechanika.lt\/ru\/product\/dirvos-tankinimo-volai-su-segmentine-lyginimo-lenta\/\"]}]},{\"@type\":\"BreadcrumbList\",\"@id\":\"https:\/\/www.horomechanika.lt\/ru\/product\/dirvos-tankinimo-volai-su-segmentine-lyginimo-lenta\/#breadcrumb\",\"itemListElement\":[{\"@type\":\"ListItem\",\"position\":1,\"name\":\"Home\",\"item\":\"https:\/\/www.horomechanika.lt\/\"},{\"@type\":\"ListItem\",\"position\":2,\"name\":\"Shop\",\"item\":\"https:\/\/www.horomechanika.lt\/ru\/shop-2\/\"},{\"@type\":\"ListItem\",\"position\":3,\"name\":\"Dirvos tankinimo volai su segmentine lyginimo lenta\"}]},{\"@type\":\"WebSite\",\"@id\":\"https:\/\/www.horomechanika.lt\/#website\",\"url\":\"https:\/\/www.horomechanika.lt\/\",\"name\":\"Horomechanika\",\"description\":\"\u017dem\u0117s \u016akio Technika\",\"publisher\":{\"@id\":\"https:\/\/www.horomechanika.lt\/#organization\"},\"potentialAction\":[{\"@type\":\"SearchAction\",\"target\":{\"@type\":\"EntryPoint\",\"urlTemplate\":\"https:\/\/www.horomechanika.lt\/?s={search_term_string}\"},\"query-input\":\"required name=search_term_string\"}],\"inLanguage\":\"ru-RU\"},{\"@type\":\"Organization\",\"@id\":\"https:\/\/www.horomechanika.lt\/#organization\",\"name\":\"UAB \\\"Horo mechanika\\\"\",\"url\":\"https:\/\/www.horomechanika.lt\/\",\"logo\":{\"@type\":\"ImageObject\",\"inLanguage\":\"ru-RU\",\"@id\":\"https:\/\/www.horomechanika.lt\/#\/schema\/logo\/image\/\",\"url\":\"https:\/\/www.horomechanika.lt\/wp-content\/uploads\/2020\/05\/horomechanika-logo.png\",\"contentUrl\":\"https:\/\/www.horomechanika.lt\/wp-content\/uploads\/2020\/05\/horomechanika-logo.png\",\"width\":137,\"height\":56,\"caption\":\"UAB \\\"Horo mechanika\\\"\"},\"image\":{\"@id\":\"https:\/\/www.horomechanika.lt\/#\/schema\/logo\/image\/\"},\"sameAs\":[\"https:\/\/www.facebook.com\/UAB-Horo-mechanika-177091812471952\"]}]}<\/script>\n<!-- \/ Yoast SEO plugin. -->","yoast_head_json":{"title":"Dirvos tankinimo volai su segmentine lyginimo lenta | Horomechanika","robots":{"index":"index","follow":"follow","max-snippet":"max-snippet:-1","max-image-preview":"max-image-preview:large","max-video-preview":"max-video-preview:-1"},"canonical":"https:\/\/www.horomechanika.lt\/ru\/product\/dirvos-tankinimo-volai-su-segmentine-lyginimo-lenta\/","og_locale":"ru_RU","og_type":"article","og_title":"Dirvos tankinimo volai su segmentine lyginimo lenta | Horomechanika","og_description":"Tankinimo Volai su lyginimo lenta.  Darbinis plotis: 6,3 m. Transportavimo plotis:\u00a0 2,40 m  Sustiprinti tankinimo \u017eiedai sumontuoti ant 60 mm a\u0161i\u0173\u00a0 tai u\u017etikrina agregato stiprum\u0105 ir ilgaam\u017ei\u0161kum\u0105 net ir akmenuotose laukuose . Ukrainie\u010di\u0173 metalurg\u0173 \u017eiedai 4 atram\u0173 atlaiko ir stiprius sm\u016bgius \u012f akmenis.  Standartinei \u012frangai priklauso d\u0117\u017e\u0117s papildomiems svoriams (akmenims, sm\u0117liui) ir pan. o volus galima hidrauli\u0161kai valdyti s\u0117dint traktoriuje \u2013 tam skirti du dvipusio veikimo hidrauliniai skirstytuvai.  Sulankstymo mechanizmas turi giliai \u012fleist\u0105 sparno lanksto a\u0161\u012f su teflonu padengta plienine \u012fvore vir\u0161uje ir apa\u010dioje \u2013 tai u\u017etikrina konstrukcijos stiprum\u0105 voluojant.  Ant spyruokli\u0173 sumontuotos u\u017edaro tipo plok\u0161tel\u0117s trupina grumstus ir gerai lygina dirv\u0105. Lyginimo lentos atakos kampas yra koreguojamas hidrauli\u0161kai, priklausomai nuo dirvos strukt\u016bros. Kiekvienos spyruokl\u0117s matmenys yra 10 mm x 80 mm, jos pla\u010diai padengia pavir\u0161i\u0173 150 mm plo\u010dio sugr\u016bdinto plieno plok\u0161tel\u0117mis.  Vol\u0173 sulankstymas hidro pagalba labai paprastas ir u\u017etrunka kelet\u0105 akimirk\u0173.","og_url":"https:\/\/www.horomechanika.lt\/ru\/product\/dirvos-tankinimo-volai-su-segmentine-lyginimo-lenta\/","og_site_name":"Horomechanika","article_publisher":"https:\/\/www.facebook.com\/UAB-Horo-mechanika-177091812471952","article_modified_time":"2022-05-11T06:10:02+00:00","og_image":[{"width":1468,"height":1224,"url":"https:\/\/www.horomechanika.lt\/wp-content\/uploads\/2021\/01\/20200601000.png","type":"image\/png"}],"twitter_card":"summary_large_image","schema":{"@context":"https:\/\/schema.org","@graph":[{"@type":"WebPage","@id":"https:\/\/www.horomechanika.lt\/ru\/product\/dirvos-tankinimo-volai-su-segmentine-lyginimo-lenta\/","url":"https:\/\/www.horomechanika.lt\/ru\/product\/dirvos-tankinimo-volai-su-segmentine-lyginimo-lenta\/","name":"Dirvos tankinimo volai su segmentine lyginimo lenta | Horomechanika","isPartOf":{"@id":"https:\/\/www.horomechanika.lt\/#website"},"datePublished":"2021-01-22T10:08:28+00:00","dateModified":"2022-05-11T06:10:02+00:00","breadcrumb":{"@id":"https:\/\/www.horomechanika.lt\/ru\/product\/dirvos-tankinimo-volai-su-segmentine-lyginimo-lenta\/#breadcrumb"},"inLanguage":"ru-RU","potentialAction":[{"@type":"ReadAction","target":["https:\/\/www.horomechanika.lt\/ru\/product\/dirvos-tankinimo-volai-su-segmentine-lyginimo-lenta\/"]}]},{"@type":"BreadcrumbList","@id":"https:\/\/www.horomechanika.lt\/ru\/product\/dirvos-tankinimo-volai-su-segmentine-lyginimo-lenta\/#breadcrumb","itemListElement":[{"@type":"ListItem","position":1,"name":"Home","item":"https:\/\/www.horomechanika.lt\/"},{"@type":"ListItem","position":2,"name":"Shop","item":"https:\/\/www.horomechanika.lt\/ru\/shop-2\/"},{"@type":"ListItem","position":3,"name":"Dirvos tankinimo volai su segmentine lyginimo lenta"}]},{"@type":"WebSite","@id":"https:\/\/www.horomechanika.lt\/#website","url":"https:\/\/www.horomechanika.lt\/","name":"Horomechanika","description":"\u017dem\u0117s \u016akio Technika","publisher":{"@id":"https:\/\/www.horomechanika.lt\/#organization"},"potentialAction":[{"@type":"SearchAction","target":{"@type":"EntryPoint","urlTemplate":"https:\/\/www.horomechanika.lt\/?s={search_term_string}"},"query-input":"required name=search_term_string"}],"inLanguage":"ru-RU"},{"@type":"Organization","@id":"https:\/\/www.horomechanika.lt\/#organization","name":"UAB \"Horo mechanika\"","url":"https:\/\/www.horomechanika.lt\/","logo":{"@type":"ImageObject","inLanguage":"ru-RU","@id":"https:\/\/www.horomechanika.lt\/#\/schema\/logo\/image\/","url":"https:\/\/www.horomechanika.lt\/wp-content\/uploads\/2020\/05\/horomechanika-logo.png","contentUrl":"https:\/\/www.horomechanika.lt\/wp-content\/uploads\/2020\/05\/horomechanika-logo.png","width":137,"height":56,"caption":"UAB \"Horo mechanika\""},"image":{"@id":"https:\/\/www.horomechanika.lt\/#\/schema\/logo\/image\/"},"sameAs":["https:\/\/www.facebook.com\/UAB-Horo-mechanika-177091812471952"]}]}},"_links":{"self":[{"href":"https:\/\/www.horomechanika.lt\/ru\/wp-json\/wp\/v2\/product\/12270","targetHints":{"allow":["GET"]}}],"collection":[{"href":"https:\/\/www.horomechanika.lt\/ru\/wp-json\/wp\/v2\/product"}],"about":[{"href":"https:\/\/www.horomechanika.lt\/ru\/wp-json\/wp\/v2\/types\/product"}],"replies":[{"embeddable":true,"href":"https:\/\/www.horomechanika.lt\/ru\/wp-json\/wp\/v2\/comments?post=12270"}],"wp:featuredmedia":[{"embeddable":true,"href":"https:\/\/www.horomechanika.lt\/ru\/wp-json\/wp\/v2\/media\/12283"}],"wp:attachment":[{"href":"https:\/\/www.horomechanika.lt\/ru\/wp-json\/wp\/v2\/media?parent=12270"}],"wp:term":[{"taxonomy":"product_cat","embeddable":true,"href":"https:\/\/www.horomechanika.lt\/ru\/wp-json\/wp\/v2\/product_cat?post=12270"},{"taxonomy":"product_tag","embeddable":true,"href":"https:\/\/www.horomechanika.lt\/ru\/wp-json\/wp\/v2\/product_tag?post=12270"}],"curies":[{"name":"wp","href":"https:\/\/api.w.org\/{rel}","templated":true}]}}