{"id":12297,"date":"2021-01-22T16:45:34","date_gmt":"2021-01-22T13:45:34","guid":{"rendered":"http:\/\/horomechanika.lt\/?post_type=product&#038;p=12297"},"modified":"2021-05-04T16:28:43","modified_gmt":"2021-05-04T13:28:43","slug":"sniego-stumdytuvas-universalus-kopija-2","status":"publish","type":"product","link":"https:\/\/www.horomechanika.lt\/ru\/product\/sniego-stumdytuvas-universalus-kopija-2\/","title":{"rendered":"\u0160lavimo \u0161epe\u010diai"},"content":{"rendered":"<p>Modelis : HO<\/p>\n<p>\u0160epe\u010dio plo\u010diai, mm 1500-2000-2500-3000 mm<br \/>\n\u0160epet\u0117lio darbinio korpuso plotis, 1500-2000-2500-3000 mm<\/p>\n<p>\u0160epet\u0117lio darbinis kampas 30\u02da<br \/>\nDid\u017eiausias k\u0105 tik i\u0161kritusios sniego dangos, pa\u0161alintos vienu va\u017eiavimu, auk\u0161tis, 500 mm<br \/>\nDarbinio \u0161epe\u010dio skersmuo , mm 550<br \/>\nTalpa vandeniui, l 300 &#8211; 500<br \/>\n\u0160epe\u010dio svoris, kg 200-290-320-380<\/p>\n<p>Pavara &#8211; kardanin\u0117<\/p>","protected":false},"excerpt":{"rendered":"<p>Modelis : HO \u0160epe\u010dio plo\u010diai, mm 1500-2000-2500-3000 mm \u0160epet\u0117lio darbinio korpuso plotis, 1500-2000-2500-3000 mm \u0160epet\u0117lio darbinis kampas 30\u02da Did\u017eiausias k\u0105 tik i\u0161kritusios sniego dangos, pa\u0161alintos vienu va\u017eiavimu, auk\u0161tis, 500 mm Darbinio \u0161epe\u010dio skersmuo , mm 550 Talpa vandeniui, l 300 &#8211; 500 \u0160epe\u010dio svoris, kg 200-290-320-380 Pavara &#8211; kardanin\u0117<\/p>","protected":false},"featured_media":12302,"comment_status":"open","ping_status":"closed","template":"","meta":[],"product_cat":[162],"product_tag":[206,207,208,209],"class_list":["post-12297","product","type-product","status-publish","has-post-thumbnail","hentry","product_cat-sepeciai","product_tag-sniego-verstuvas","product_tag-buldozeris","product_tag-stumdytuvas","product_tag-sluota"],"yoast_head":"<!-- This site is optimized with the Yoast SEO plugin v20.1 - https:\/\/yoast.com\/wordpress\/plugins\/seo\/ -->\n<title>\u0160lavimo \u0161epe\u010diai | Horomechanika<\/title>\n<meta name=\"robots\" content=\"index, follow, max-snippet:-1, max-image-preview:large, max-video-preview:-1\" \/>\n<link rel=\"canonical\" href=\"https:\/\/www.horomechanika.lt\/ru\/product\/sniego-stumdytuvas-universalus-kopija-2\/\" \/>\n<meta property=\"og:locale\" content=\"ru_RU\" \/>\n<meta property=\"og:type\" content=\"article\" \/>\n<meta property=\"og:title\" content=\"\u0160lavimo \u0161epe\u010diai | Horomechanika\" \/>\n<meta property=\"og:description\" content=\"Modelis : HO \u0160epe\u010dio plo\u010diai, mm 1500-2000-2500-3000 mm \u0160epet\u0117lio darbinio korpuso plotis, 1500-2000-2500-3000 mm \u0160epet\u0117lio darbinis kampas 30\u02da Did\u017eiausias k\u0105 tik i\u0161kritusios sniego dangos, pa\u0161alintos vienu va\u017eiavimu, auk\u0161tis, 500 mm Darbinio \u0161epe\u010dio skersmuo , mm 550 Talpa vandeniui, l 300 &#8211; 500 \u0160epe\u010dio svoris, kg 200-290-320-380 Pavara &#8211; kardanin\u0117\" \/>\n<meta property=\"og:url\" content=\"https:\/\/www.horomechanika.lt\/ru\/product\/sniego-stumdytuvas-universalus-kopija-2\/\" \/>\n<meta property=\"og:site_name\" content=\"Horomechanika\" \/>\n<meta property=\"article:publisher\" content=\"https:\/\/www.facebook.com\/UAB-Horo-mechanika-177091812471952\" \/>\n<meta property=\"article:modified_time\" content=\"2021-05-04T13:28:43+00:00\" \/>\n<meta property=\"og:image\" content=\"https:\/\/www.horomechanika.lt\/wp-content\/uploads\/2021\/01\/DSC00904-scaled.jpg\" \/>\n\t<meta property=\"og:image:width\" content=\"2560\" \/>\n\t<meta property=\"og:image:height\" content=\"1920\" \/>\n\t<meta property=\"og:image:type\" content=\"image\/jpeg\" \/>\n<meta name=\"twitter:card\" content=\"summary_large_image\" \/>\n<meta name=\"twitter:label1\" content=\"\u041f\u0440\u0438\u043c\u0435\u0440\u043d\u043e\u0435 \u0432\u0440\u0435\u043c\u044f \u0434\u043b\u044f \u0447\u0442\u0435\u043d\u0438\u044f\" \/>\n\t<meta name=\"twitter:data1\" content=\"1 \u043c\u0438\u043d\u0443\u0442\u0430\" \/>\n<script type=\"application\/ld+json\" class=\"yoast-schema-graph\">{\"@context\":\"https:\/\/schema.org\",\"@graph\":[{\"@type\":\"WebPage\",\"@id\":\"https:\/\/www.horomechanika.lt\/product\/sniego-stumdytuvas-universalus-kopija-2\/\",\"url\":\"https:\/\/www.horomechanika.lt\/product\/sniego-stumdytuvas-universalus-kopija-2\/\",\"name\":\"\u0160lavimo \u0161epe\u010diai | Horomechanika\",\"isPartOf\":{\"@id\":\"https:\/\/www.horomechanika.lt\/#website\"},\"datePublished\":\"2021-01-22T13:45:34+00:00\",\"dateModified\":\"2021-05-04T13:28:43+00:00\",\"breadcrumb\":{\"@id\":\"https:\/\/www.horomechanika.lt\/product\/sniego-stumdytuvas-universalus-kopija-2\/#breadcrumb\"},\"inLanguage\":\"ru-RU\",\"potentialAction\":[{\"@type\":\"ReadAction\",\"target\":[\"https:\/\/www.horomechanika.lt\/product\/sniego-stumdytuvas-universalus-kopija-2\/\"]}]},{\"@type\":\"BreadcrumbList\",\"@id\":\"https:\/\/www.horomechanika.lt\/product\/sniego-stumdytuvas-universalus-kopija-2\/#breadcrumb\",\"itemListElement\":[{\"@type\":\"ListItem\",\"position\":1,\"name\":\"Home\",\"item\":\"https:\/\/www.horomechanika.lt\/\"},{\"@type\":\"ListItem\",\"position\":2,\"name\":\"Shop\",\"item\":\"https:\/\/www.horomechanika.lt\/ru\/shop-2\/\"},{\"@type\":\"ListItem\",\"position\":3,\"name\":\"\u0160lavimo \u0161epe\u010diai\"}]},{\"@type\":\"WebSite\",\"@id\":\"https:\/\/www.horomechanika.lt\/#website\",\"url\":\"https:\/\/www.horomechanika.lt\/\",\"name\":\"Horomechanika\",\"description\":\"\u017dem\u0117s \u016akio Technika\",\"publisher\":{\"@id\":\"https:\/\/www.horomechanika.lt\/#organization\"},\"potentialAction\":[{\"@type\":\"SearchAction\",\"target\":{\"@type\":\"EntryPoint\",\"urlTemplate\":\"https:\/\/www.horomechanika.lt\/?s={search_term_string}\"},\"query-input\":\"required name=search_term_string\"}],\"inLanguage\":\"ru-RU\"},{\"@type\":\"Organization\",\"@id\":\"https:\/\/www.horomechanika.lt\/#organization\",\"name\":\"UAB \\\"Horo mechanika\\\"\",\"url\":\"https:\/\/www.horomechanika.lt\/\",\"logo\":{\"@type\":\"ImageObject\",\"inLanguage\":\"ru-RU\",\"@id\":\"https:\/\/www.horomechanika.lt\/#\/schema\/logo\/image\/\",\"url\":\"https:\/\/www.horomechanika.lt\/wp-content\/uploads\/2020\/05\/horomechanika-logo.png\",\"contentUrl\":\"https:\/\/www.horomechanika.lt\/wp-content\/uploads\/2020\/05\/horomechanika-logo.png\",\"width\":137,\"height\":56,\"caption\":\"UAB \\\"Horo mechanika\\\"\"},\"image\":{\"@id\":\"https:\/\/www.horomechanika.lt\/#\/schema\/logo\/image\/\"},\"sameAs\":[\"https:\/\/www.facebook.com\/UAB-Horo-mechanika-177091812471952\"]}]}<\/script>\n<!-- \/ Yoast SEO plugin. -->","yoast_head_json":{"title":"\u0160lavimo \u0161epe\u010diai | Horomechanika","robots":{"index":"index","follow":"follow","max-snippet":"max-snippet:-1","max-image-preview":"max-image-preview:large","max-video-preview":"max-video-preview:-1"},"canonical":"https:\/\/www.horomechanika.lt\/ru\/product\/sniego-stumdytuvas-universalus-kopija-2\/","og_locale":"ru_RU","og_type":"article","og_title":"\u0160lavimo \u0161epe\u010diai | Horomechanika","og_description":"Modelis : HO \u0160epe\u010dio plo\u010diai, mm 1500-2000-2500-3000 mm \u0160epet\u0117lio darbinio korpuso plotis, 1500-2000-2500-3000 mm \u0160epet\u0117lio darbinis kampas 30\u02da Did\u017eiausias k\u0105 tik i\u0161kritusios sniego dangos, pa\u0161alintos vienu va\u017eiavimu, auk\u0161tis, 500 mm Darbinio \u0161epe\u010dio skersmuo , mm 550 Talpa vandeniui, l 300 &#8211; 500 \u0160epe\u010dio svoris, kg 200-290-320-380 Pavara &#8211; kardanin\u0117","og_url":"https:\/\/www.horomechanika.lt\/ru\/product\/sniego-stumdytuvas-universalus-kopija-2\/","og_site_name":"Horomechanika","article_publisher":"https:\/\/www.facebook.com\/UAB-Horo-mechanika-177091812471952","article_modified_time":"2021-05-04T13:28:43+00:00","og_image":[{"width":2560,"height":1920,"url":"https:\/\/www.horomechanika.lt\/wp-content\/uploads\/2021\/01\/DSC00904-scaled.jpg","type":"image\/jpeg"}],"twitter_card":"summary_large_image","twitter_misc":{"\u041f\u0440\u0438\u043c\u0435\u0440\u043d\u043e\u0435 \u0432\u0440\u0435\u043c\u044f \u0434\u043b\u044f \u0447\u0442\u0435\u043d\u0438\u044f":"1 \u043c\u0438\u043d\u0443\u0442\u0430"},"schema":{"@context":"https:\/\/schema.org","@graph":[{"@type":"WebPage","@id":"https:\/\/www.horomechanika.lt\/product\/sniego-stumdytuvas-universalus-kopija-2\/","url":"https:\/\/www.horomechanika.lt\/product\/sniego-stumdytuvas-universalus-kopija-2\/","name":"\u0160lavimo \u0161epe\u010diai | Horomechanika","isPartOf":{"@id":"https:\/\/www.horomechanika.lt\/#website"},"datePublished":"2021-01-22T13:45:34+00:00","dateModified":"2021-05-04T13:28:43+00:00","breadcrumb":{"@id":"https:\/\/www.horomechanika.lt\/product\/sniego-stumdytuvas-universalus-kopija-2\/#breadcrumb"},"inLanguage":"ru-RU","potentialAction":[{"@type":"ReadAction","target":["https:\/\/www.horomechanika.lt\/product\/sniego-stumdytuvas-universalus-kopija-2\/"]}]},{"@type":"BreadcrumbList","@id":"https:\/\/www.horomechanika.lt\/product\/sniego-stumdytuvas-universalus-kopija-2\/#breadcrumb","itemListElement":[{"@type":"ListItem","position":1,"name":"Home","item":"https:\/\/www.horomechanika.lt\/"},{"@type":"ListItem","position":2,"name":"Shop","item":"https:\/\/www.horomechanika.lt\/ru\/shop-2\/"},{"@type":"ListItem","position":3,"name":"\u0160lavimo \u0161epe\u010diai"}]},{"@type":"WebSite","@id":"https:\/\/www.horomechanika.lt\/#website","url":"https:\/\/www.horomechanika.lt\/","name":"Horomechanika","description":"\u017dem\u0117s \u016akio Technika","publisher":{"@id":"https:\/\/www.horomechanika.lt\/#organization"},"potentialAction":[{"@type":"SearchAction","target":{"@type":"EntryPoint","urlTemplate":"https:\/\/www.horomechanika.lt\/?s={search_term_string}"},"query-input":"required name=search_term_string"}],"inLanguage":"ru-RU"},{"@type":"Organization","@id":"https:\/\/www.horomechanika.lt\/#organization","name":"UAB \"Horo mechanika\"","url":"https:\/\/www.horomechanika.lt\/","logo":{"@type":"ImageObject","inLanguage":"ru-RU","@id":"https:\/\/www.horomechanika.lt\/#\/schema\/logo\/image\/","url":"https:\/\/www.horomechanika.lt\/wp-content\/uploads\/2020\/05\/horomechanika-logo.png","contentUrl":"https:\/\/www.horomechanika.lt\/wp-content\/uploads\/2020\/05\/horomechanika-logo.png","width":137,"height":56,"caption":"UAB \"Horo mechanika\""},"image":{"@id":"https:\/\/www.horomechanika.lt\/#\/schema\/logo\/image\/"},"sameAs":["https:\/\/www.facebook.com\/UAB-Horo-mechanika-177091812471952"]}]}},"_links":{"self":[{"href":"https:\/\/www.horomechanika.lt\/ru\/wp-json\/wp\/v2\/product\/12297","targetHints":{"allow":["GET"]}}],"collection":[{"href":"https:\/\/www.horomechanika.lt\/ru\/wp-json\/wp\/v2\/product"}],"about":[{"href":"https:\/\/www.horomechanika.lt\/ru\/wp-json\/wp\/v2\/types\/product"}],"replies":[{"embeddable":true,"href":"https:\/\/www.horomechanika.lt\/ru\/wp-json\/wp\/v2\/comments?post=12297"}],"wp:featuredmedia":[{"embeddable":true,"href":"https:\/\/www.horomechanika.lt\/ru\/wp-json\/wp\/v2\/media\/12302"}],"wp:attachment":[{"href":"https:\/\/www.horomechanika.lt\/ru\/wp-json\/wp\/v2\/media?parent=12297"}],"wp:term":[{"taxonomy":"product_cat","embeddable":true,"href":"https:\/\/www.horomechanika.lt\/ru\/wp-json\/wp\/v2\/product_cat?post=12297"},{"taxonomy":"product_tag","embeddable":true,"href":"https:\/\/www.horomechanika.lt\/ru\/wp-json\/wp\/v2\/product_tag?post=12297"}],"curies":[{"name":"wp","href":"https:\/\/api.w.org\/{rel}","templated":true}]}}