{"id":12321,"date":"2021-01-22T17:29:40","date_gmt":"2021-01-22T14:29:40","guid":{"rendered":"http:\/\/horomechanika.lt\/?post_type=product&#038;p=12321"},"modified":"2021-03-29T09:31:09","modified_gmt":"2021-03-29T06:31:09","slug":"slavimo-sepeciai-k-serija","status":"publish","type":"product","link":"https:\/\/www.horomechanika.lt\/ru\/product\/slavimo-sepeciai-k-serija\/","title":{"rendered":"\u0160lavimo \u0161epe\u010diai K Serija"},"content":{"rendered":"<p style=\"text-align: left;\">Kau\u0161as plaukiojan\u010dios tvirtinimo sistemos d\u0117ka seka \u017eem\u0117s nuolyd\u012f.<br \/>\nVisi prikabinti SAMI padargai padengti kontrastingais da\u017eais, kurie palengvina prikabinim\u0105.<\/p>\n<p style=\"text-align: left;\">Specialiai sukurtas \u0161epe\u010dio velenas neleid\u017eia kauptis ne\u0161varumams ant veleno \u0161erdies ir leid\u017eia lengvai pakeisti susid\u0117v\u0117jusius \u0161epe\u010di\u0173 diskus.<\/p>\n<p style=\"text-align: left;\">Naudojant sm\u016bgiams ir dilimui atspar\u0173 plastik\u0105, naudojant \u0161epet\u012f, prietais\u0105 lengva pri\u017ei\u016br\u0117ti ir tyliau valdyti.<\/p>\n<p style=\"text-align: left;\">Nor\u0117dami i\u0161tu\u0161tinti kau\u0161o \u0161epet\u012f, pakreipkite kau\u0161\u0105 \u012f priek\u012f ir hidrauli\u0161kai pakelkite \u0161epe\u010dio r\u0117m\u0105.<\/p>\n<p>&nbsp;<\/p>","protected":false},"excerpt":{"rendered":"<table class=\"table table-striped\">\n<thead>\n<tr>\n<th>Modelis<\/th>\n<th>Darbinis plotis (a)<\/th>\n<th>Bendras plotis (b)<\/th>\n<th>Ilgis (c)<\/th>\n<th>\u0160epe\u010dio skersmuo (d)<\/th>\n<th>Kau\u0161o talpa<\/th>\n<th>Mi\u0161ios<\/th>\n<th>Darbinis sl\u0117gis<\/th>\n<th>Rekomenduojama traktoriaus galia<\/th>\n<th>Reikalingas alyvos srautas<\/th>\n<\/tr>\n<\/thead>\n<tbody>\n<tr>\n<td>K1800<\/td>\n<td>1765 mm<\/td>\n<td>1943 mm<\/td>\n<td>1769 mm<\/td>\n<td>700 mm<\/td>\n<td>940 l<\/td>\n<td>500 kg<\/td>\n<td>160\u2013190 bar\u0173<\/td>\n<td>80-120 AG<\/td>\n<td>20 l \/ min<\/td>\n<\/tr>\n<tr>\n<td>K2000<\/td>\n<td>1965 mm<\/td>\n<td>2143 mm<\/td>\n<td>2152 mm<\/td>\n<td>900 mm<\/td>\n<td>1736 l<\/td>\n<td>640 kg<\/td>\n<td>170\u2013200 bar\u0173<\/td>\n<td>100-160 AG<\/td>\n<td>40 l \/ min<\/td>\n<\/tr>\n<tr>\n<td>K2500<\/td>\n<td>2465 mm<\/td>\n<td>2643 mm<\/td>\n<td>2021 mm<\/td>\n<td>900 mm<\/td>\n<td>1730 l<\/td>\n<td>790 kg<\/td>\n<td>170\u2013200 bar\u0173<\/td>\n<td>140-200 AG<\/td>\n<td>40 l \/ min<\/td>\n<\/tr>\n<\/tbody>\n<\/table>","protected":false},"featured_media":12328,"comment_status":"open","ping_status":"closed","template":"","meta":[],"product_cat":[162],"product_tag":[206,207,208,209],"class_list":["post-12321","product","type-product","status-publish","has-post-thumbnail","hentry","product_cat-sepeciai","product_tag-sniego-verstuvas","product_tag-buldozeris","product_tag-stumdytuvas","product_tag-sluota"],"yoast_head":"<!-- This site is optimized with the Yoast SEO plugin v20.1 - https:\/\/yoast.com\/wordpress\/plugins\/seo\/ -->\n<title>\u0160lavimo \u0161epe\u010diai K Serija | Horomechanika<\/title>\n<meta name=\"robots\" content=\"index, follow, max-snippet:-1, max-image-preview:large, max-video-preview:-1\" \/>\n<link rel=\"canonical\" href=\"https:\/\/www.horomechanika.lt\/ru\/product\/slavimo-sepeciai-k-serija\/\" \/>\n<meta property=\"og:locale\" content=\"ru_RU\" \/>\n<meta property=\"og:type\" content=\"article\" \/>\n<meta property=\"og:title\" content=\"\u0160lavimo \u0161epe\u010diai K Serija | Horomechanika\" \/>\n<meta property=\"og:description\" content=\"Modelis Darbinis plotis (a) Bendras plotis (b) Ilgis (c) \u0160epe\u010dio skersmuo (d) Kau\u0161o talpa Mi\u0161ios Darbinis sl\u0117gis Rekomenduojama traktoriaus galia Reikalingas alyvos srautas     K1800 1765 mm 1943 mm 1769 mm 700 mm 940 l 500 kg 160\u2013190 bar\u0173 80-120 AG 20 l \/ min   K2000 1965 mm 2143 mm 2152 mm 900 mm 1736 l 640 kg 170\u2013200 bar\u0173 100-160 AG 40 l \/ min   K2500 2465 mm 2643 mm 2021 mm 900 mm 1730 l 790 kg 170\u2013200 bar\u0173 140-200 AG 40 l \/ min\" \/>\n<meta property=\"og:url\" content=\"https:\/\/www.horomechanika.lt\/ru\/product\/slavimo-sepeciai-k-serija\/\" \/>\n<meta property=\"og:site_name\" content=\"Horomechanika\" \/>\n<meta property=\"article:publisher\" content=\"https:\/\/www.facebook.com\/UAB-Horo-mechanika-177091812471952\" \/>\n<meta property=\"article:modified_time\" content=\"2021-03-29T06:31:09+00:00\" \/>\n<meta property=\"og:image\" content=\"https:\/\/www.horomechanika.lt\/wp-content\/uploads\/2021\/01\/kopphari-puhastada-1-850x638-1.png\" \/>\n\t<meta property=\"og:image:width\" content=\"850\" \/>\n\t<meta property=\"og:image:height\" content=\"638\" \/>\n\t<meta property=\"og:image:type\" content=\"image\/png\" \/>\n<meta name=\"twitter:card\" content=\"summary_large_image\" \/>\n<script type=\"application\/ld+json\" class=\"yoast-schema-graph\">{\"@context\":\"https:\/\/schema.org\",\"@graph\":[{\"@type\":\"WebPage\",\"@id\":\"https:\/\/www.horomechanika.lt\/product\/slavimo-sepeciai-k-serija\/\",\"url\":\"https:\/\/www.horomechanika.lt\/product\/slavimo-sepeciai-k-serija\/\",\"name\":\"\u0160lavimo \u0161epe\u010diai K Serija | Horomechanika\",\"isPartOf\":{\"@id\":\"https:\/\/www.horomechanika.lt\/#website\"},\"datePublished\":\"2021-01-22T14:29:40+00:00\",\"dateModified\":\"2021-03-29T06:31:09+00:00\",\"breadcrumb\":{\"@id\":\"https:\/\/www.horomechanika.lt\/product\/slavimo-sepeciai-k-serija\/#breadcrumb\"},\"inLanguage\":\"ru-RU\",\"potentialAction\":[{\"@type\":\"ReadAction\",\"target\":[\"https:\/\/www.horomechanika.lt\/product\/slavimo-sepeciai-k-serija\/\"]}]},{\"@type\":\"BreadcrumbList\",\"@id\":\"https:\/\/www.horomechanika.lt\/product\/slavimo-sepeciai-k-serija\/#breadcrumb\",\"itemListElement\":[{\"@type\":\"ListItem\",\"position\":1,\"name\":\"Home\",\"item\":\"https:\/\/www.horomechanika.lt\/\"},{\"@type\":\"ListItem\",\"position\":2,\"name\":\"Shop\",\"item\":\"https:\/\/www.horomechanika.lt\/ru\/shop-2\/\"},{\"@type\":\"ListItem\",\"position\":3,\"name\":\"\u0160lavimo \u0161epe\u010diai K Serija\"}]},{\"@type\":\"WebSite\",\"@id\":\"https:\/\/www.horomechanika.lt\/#website\",\"url\":\"https:\/\/www.horomechanika.lt\/\",\"name\":\"Horomechanika\",\"description\":\"\u017dem\u0117s \u016akio Technika\",\"publisher\":{\"@id\":\"https:\/\/www.horomechanika.lt\/#organization\"},\"potentialAction\":[{\"@type\":\"SearchAction\",\"target\":{\"@type\":\"EntryPoint\",\"urlTemplate\":\"https:\/\/www.horomechanika.lt\/?s={search_term_string}\"},\"query-input\":\"required name=search_term_string\"}],\"inLanguage\":\"ru-RU\"},{\"@type\":\"Organization\",\"@id\":\"https:\/\/www.horomechanika.lt\/#organization\",\"name\":\"UAB \\\"Horo mechanika\\\"\",\"url\":\"https:\/\/www.horomechanika.lt\/\",\"logo\":{\"@type\":\"ImageObject\",\"inLanguage\":\"ru-RU\",\"@id\":\"https:\/\/www.horomechanika.lt\/#\/schema\/logo\/image\/\",\"url\":\"https:\/\/www.horomechanika.lt\/wp-content\/uploads\/2020\/05\/horomechanika-logo.png\",\"contentUrl\":\"https:\/\/www.horomechanika.lt\/wp-content\/uploads\/2020\/05\/horomechanika-logo.png\",\"width\":137,\"height\":56,\"caption\":\"UAB \\\"Horo mechanika\\\"\"},\"image\":{\"@id\":\"https:\/\/www.horomechanika.lt\/#\/schema\/logo\/image\/\"},\"sameAs\":[\"https:\/\/www.facebook.com\/UAB-Horo-mechanika-177091812471952\"]}]}<\/script>\n<!-- \/ Yoast SEO plugin. -->","yoast_head_json":{"title":"\u0160lavimo \u0161epe\u010diai K Serija | Horomechanika","robots":{"index":"index","follow":"follow","max-snippet":"max-snippet:-1","max-image-preview":"max-image-preview:large","max-video-preview":"max-video-preview:-1"},"canonical":"https:\/\/www.horomechanika.lt\/ru\/product\/slavimo-sepeciai-k-serija\/","og_locale":"ru_RU","og_type":"article","og_title":"\u0160lavimo \u0161epe\u010diai K Serija | Horomechanika","og_description":"Modelis Darbinis plotis (a) Bendras plotis (b) Ilgis (c) \u0160epe\u010dio skersmuo (d) Kau\u0161o talpa Mi\u0161ios Darbinis sl\u0117gis Rekomenduojama traktoriaus galia Reikalingas alyvos srautas     K1800 1765 mm 1943 mm 1769 mm 700 mm 940 l 500 kg 160\u2013190 bar\u0173 80-120 AG 20 l \/ min   K2000 1965 mm 2143 mm 2152 mm 900 mm 1736 l 640 kg 170\u2013200 bar\u0173 100-160 AG 40 l \/ min   K2500 2465 mm 2643 mm 2021 mm 900 mm 1730 l 790 kg 170\u2013200 bar\u0173 140-200 AG 40 l \/ min","og_url":"https:\/\/www.horomechanika.lt\/ru\/product\/slavimo-sepeciai-k-serija\/","og_site_name":"Horomechanika","article_publisher":"https:\/\/www.facebook.com\/UAB-Horo-mechanika-177091812471952","article_modified_time":"2021-03-29T06:31:09+00:00","og_image":[{"width":850,"height":638,"url":"https:\/\/www.horomechanika.lt\/wp-content\/uploads\/2021\/01\/kopphari-puhastada-1-850x638-1.png","type":"image\/png"}],"twitter_card":"summary_large_image","schema":{"@context":"https:\/\/schema.org","@graph":[{"@type":"WebPage","@id":"https:\/\/www.horomechanika.lt\/product\/slavimo-sepeciai-k-serija\/","url":"https:\/\/www.horomechanika.lt\/product\/slavimo-sepeciai-k-serija\/","name":"\u0160lavimo \u0161epe\u010diai K Serija | Horomechanika","isPartOf":{"@id":"https:\/\/www.horomechanika.lt\/#website"},"datePublished":"2021-01-22T14:29:40+00:00","dateModified":"2021-03-29T06:31:09+00:00","breadcrumb":{"@id":"https:\/\/www.horomechanika.lt\/product\/slavimo-sepeciai-k-serija\/#breadcrumb"},"inLanguage":"ru-RU","potentialAction":[{"@type":"ReadAction","target":["https:\/\/www.horomechanika.lt\/product\/slavimo-sepeciai-k-serija\/"]}]},{"@type":"BreadcrumbList","@id":"https:\/\/www.horomechanika.lt\/product\/slavimo-sepeciai-k-serija\/#breadcrumb","itemListElement":[{"@type":"ListItem","position":1,"name":"Home","item":"https:\/\/www.horomechanika.lt\/"},{"@type":"ListItem","position":2,"name":"Shop","item":"https:\/\/www.horomechanika.lt\/ru\/shop-2\/"},{"@type":"ListItem","position":3,"name":"\u0160lavimo \u0161epe\u010diai K Serija"}]},{"@type":"WebSite","@id":"https:\/\/www.horomechanika.lt\/#website","url":"https:\/\/www.horomechanika.lt\/","name":"Horomechanika","description":"\u017dem\u0117s \u016akio Technika","publisher":{"@id":"https:\/\/www.horomechanika.lt\/#organization"},"potentialAction":[{"@type":"SearchAction","target":{"@type":"EntryPoint","urlTemplate":"https:\/\/www.horomechanika.lt\/?s={search_term_string}"},"query-input":"required name=search_term_string"}],"inLanguage":"ru-RU"},{"@type":"Organization","@id":"https:\/\/www.horomechanika.lt\/#organization","name":"UAB \"Horo mechanika\"","url":"https:\/\/www.horomechanika.lt\/","logo":{"@type":"ImageObject","inLanguage":"ru-RU","@id":"https:\/\/www.horomechanika.lt\/#\/schema\/logo\/image\/","url":"https:\/\/www.horomechanika.lt\/wp-content\/uploads\/2020\/05\/horomechanika-logo.png","contentUrl":"https:\/\/www.horomechanika.lt\/wp-content\/uploads\/2020\/05\/horomechanika-logo.png","width":137,"height":56,"caption":"UAB \"Horo mechanika\""},"image":{"@id":"https:\/\/www.horomechanika.lt\/#\/schema\/logo\/image\/"},"sameAs":["https:\/\/www.facebook.com\/UAB-Horo-mechanika-177091812471952"]}]}},"_links":{"self":[{"href":"https:\/\/www.horomechanika.lt\/ru\/wp-json\/wp\/v2\/product\/12321","targetHints":{"allow":["GET"]}}],"collection":[{"href":"https:\/\/www.horomechanika.lt\/ru\/wp-json\/wp\/v2\/product"}],"about":[{"href":"https:\/\/www.horomechanika.lt\/ru\/wp-json\/wp\/v2\/types\/product"}],"replies":[{"embeddable":true,"href":"https:\/\/www.horomechanika.lt\/ru\/wp-json\/wp\/v2\/comments?post=12321"}],"wp:featuredmedia":[{"embeddable":true,"href":"https:\/\/www.horomechanika.lt\/ru\/wp-json\/wp\/v2\/media\/12328"}],"wp:attachment":[{"href":"https:\/\/www.horomechanika.lt\/ru\/wp-json\/wp\/v2\/media?parent=12321"}],"wp:term":[{"taxonomy":"product_cat","embeddable":true,"href":"https:\/\/www.horomechanika.lt\/ru\/wp-json\/wp\/v2\/product_cat?post=12321"},{"taxonomy":"product_tag","embeddable":true,"href":"https:\/\/www.horomechanika.lt\/ru\/wp-json\/wp\/v2\/product_tag?post=12321"}],"curies":[{"name":"wp","href":"https:\/\/api.w.org\/{rel}","templated":true}]}}