{"id":12331,"date":"2021-01-22T17:35:34","date_gmt":"2021-01-22T14:35:34","guid":{"rendered":"http:\/\/horomechanika.lt\/?post_type=product&#038;p=12331"},"modified":"2021-01-25T13:00:43","modified_gmt":"2021-01-25T10:00:43","slug":"slavimo-sepeciai-hw-serija","status":"publish","type":"product","link":"https:\/\/www.horomechanika.lt\/ru\/product\/slavimo-sepeciai-hw-serija\/","title":{"rendered":"\u0160lavimo \u0161epe\u010diai HW Serija"},"content":{"rendered":"<p><span>Nor\u0117dami stabdyti dulkes, prie \u0161luotos galima pritvirtinti papildom\u0105 vandens sistem\u0105. <\/span><span>Didel\u012f (1000 l) vandens rezervuar\u0105 galima ne\u0161ioti ant r\u0117mo, pritvirtinto prie traktoriaus galinio kablio.<\/span><\/p>","protected":false},"excerpt":{"rendered":"<table class=\"table table-striped\">\n<thead>\n<tr>\n<th><span>Produktas<\/span><\/th>\n<th><span>Darbinis plotis (a)<\/span><\/th>\n<th><span>Plotis (b) \/ pos\u016bkio plotis<\/span><\/th>\n<th><span>Ilgis (c)<\/span><\/th>\n<th><span>Pos\u016bkio kampas<\/span><\/th>\n<th><span>\u0160epe\u010dio skersmuo (d)<\/span><\/th>\n<th><span>Reikalingas alyvos srautas<\/span><\/th>\n<th><span>Darbinis sl\u0117gis<\/span><\/th>\n<th><span>Masinis kabliukas<\/span><\/th>\n<\/tr>\n<\/thead>\n<tbody>\n<tr>\n<td><span>HW1700<\/span><\/td>\n<td><span>1700 mm<\/span><\/td>\n<td><span>1872\/2111 mm<\/span><\/td>\n<td><span>1959 mm<\/span><\/td>\n<td><span>+\/- 28 \u00b0<\/span><\/td>\n<td><span>700 mm<\/span><\/td>\n<td><span>30 l \/ min<\/span><\/td>\n<td><span>170\u2013200 bar\u0173<\/span><\/td>\n<td><span>302 kg<\/span><\/td>\n<\/tr>\n<tr>\n<td><span>HW2000<\/span><\/td>\n<td><span>1983 mm<\/span><\/td>\n<td><span>2192\/2375 mm<\/span><\/td>\n<td><span>1959 mm<\/span><\/td>\n<td><span>+\/- 28 \u00b0<\/span><\/td>\n<td><span>700 mm<\/span><\/td>\n<td><span>30 l \/ min<\/span><\/td>\n<td><span>170\u2013200 bar\u0173<\/span><\/td>\n<td><span>308 kg<\/span><\/td>\n<\/tr>\n<tr>\n<td><span>HW2200<\/span><\/td>\n<td><span>2203 mm<\/span><\/td>\n<td><span>2407\/2733 mm<\/span><\/td>\n<td><span>2162 mm<\/span><\/td>\n<td><span>+\/- 28 \u00b0<\/span><\/td>\n<td><span>900 mm<\/span><\/td>\n<td><span>30 l \/ min<\/span><\/td>\n<td><span>170\u2013200 bar\u0173<\/span><\/td>\n<td><span>325 kg<\/span><\/td>\n<\/tr>\n<tr>\n<td><span>HW2700<\/span><\/td>\n<td><span>2687 mm<\/span><\/td>\n<td><span>2865\/3141 mm<\/span><\/td>\n<td><span>2162 mm<\/span><\/td>\n<td><span>+\/- 28 \u00b0<\/span><\/td>\n<td><span>900 mm<\/span><\/td>\n<td><span>50 l \/ min<\/span><\/td>\n<td><span>170\u2013200 bar\u0173<\/span><\/td>\n<td><span>348 kg<\/span><\/td>\n<\/tr>\n<\/tbody>\n<\/table>","protected":false},"featured_media":12337,"comment_status":"open","ping_status":"closed","template":"","meta":[],"product_cat":[109,162],"product_tag":[206,207,208,209],"class_list":["post-12331","product","type-product","status-publish","has-post-thumbnail","hentry","product_cat-priedai-frontaliniam-krautuvui","product_cat-sepeciai","product_tag-sniego-verstuvas","product_tag-buldozeris","product_tag-stumdytuvas","product_tag-sluota"],"yoast_head":"<!-- This site is optimized with the Yoast SEO plugin v20.1 - https:\/\/yoast.com\/wordpress\/plugins\/seo\/ -->\n<title>\u0160lavimo \u0161epe\u010diai HW Serija | Horomechanika<\/title>\n<meta name=\"robots\" content=\"index, follow, max-snippet:-1, max-image-preview:large, max-video-preview:-1\" \/>\n<link rel=\"canonical\" href=\"https:\/\/www.horomechanika.lt\/ru\/product\/slavimo-sepeciai-hw-serija\/\" \/>\n<meta property=\"og:locale\" content=\"ru_RU\" \/>\n<meta property=\"og:type\" content=\"article\" \/>\n<meta property=\"og:title\" content=\"\u0160lavimo \u0161epe\u010diai HW Serija | Horomechanika\" \/>\n<meta property=\"og:description\" content=\"Produktas Darbinis plotis (a) Plotis (b) \/ pos\u016bkio plotis Ilgis (c) Pos\u016bkio kampas \u0160epe\u010dio skersmuo (d) Reikalingas alyvos srautas Darbinis sl\u0117gis Masinis kabliukas     HW1700 1700 mm 1872\/2111 mm 1959 mm +\/- 28 \u00b0 700 mm 30 l \/ min 170\u2013200 bar\u0173 302 kg   HW2000 1983 mm 2192\/2375 mm 1959 mm +\/- 28 \u00b0 700 mm 30 l \/ min 170\u2013200 bar\u0173 308 kg   HW2200 2203 mm 2407\/2733 mm 2162 mm +\/- 28 \u00b0 900 mm 30 l \/ min 170\u2013200 bar\u0173 325 kg   HW2700 2687 mm 2865\/3141 mm 2162 mm +\/- 28 \u00b0 900 mm 50 l \/ min 170\u2013200 bar\u0173 348 kg\" \/>\n<meta property=\"og:url\" content=\"https:\/\/www.horomechanika.lt\/ru\/product\/slavimo-sepeciai-hw-serija\/\" \/>\n<meta property=\"og:site_name\" content=\"Horomechanika\" \/>\n<meta property=\"article:publisher\" content=\"https:\/\/www.facebook.com\/UAB-Horo-mechanika-177091812471952\" \/>\n<meta property=\"article:modified_time\" content=\"2021-01-25T10:00:43+00:00\" \/>\n<meta property=\"og:image\" content=\"https:\/\/www.horomechanika.lt\/wp-content\/uploads\/2021\/01\/sweeperhw-scaled-850x566-1.jpg\" \/>\n\t<meta property=\"og:image:width\" content=\"850\" \/>\n\t<meta property=\"og:image:height\" content=\"566\" \/>\n\t<meta property=\"og:image:type\" content=\"image\/jpeg\" \/>\n<meta name=\"twitter:card\" content=\"summary_large_image\" \/>\n<script type=\"application\/ld+json\" class=\"yoast-schema-graph\">{\"@context\":\"https:\/\/schema.org\",\"@graph\":[{\"@type\":\"WebPage\",\"@id\":\"https:\/\/www.horomechanika.lt\/product\/slavimo-sepeciai-hw-serija\/\",\"url\":\"https:\/\/www.horomechanika.lt\/product\/slavimo-sepeciai-hw-serija\/\",\"name\":\"\u0160lavimo \u0161epe\u010diai HW Serija | Horomechanika\",\"isPartOf\":{\"@id\":\"https:\/\/www.horomechanika.lt\/#website\"},\"datePublished\":\"2021-01-22T14:35:34+00:00\",\"dateModified\":\"2021-01-25T10:00:43+00:00\",\"breadcrumb\":{\"@id\":\"https:\/\/www.horomechanika.lt\/product\/slavimo-sepeciai-hw-serija\/#breadcrumb\"},\"inLanguage\":\"ru-RU\",\"potentialAction\":[{\"@type\":\"ReadAction\",\"target\":[\"https:\/\/www.horomechanika.lt\/product\/slavimo-sepeciai-hw-serija\/\"]}]},{\"@type\":\"BreadcrumbList\",\"@id\":\"https:\/\/www.horomechanika.lt\/product\/slavimo-sepeciai-hw-serija\/#breadcrumb\",\"itemListElement\":[{\"@type\":\"ListItem\",\"position\":1,\"name\":\"Home\",\"item\":\"https:\/\/www.horomechanika.lt\/\"},{\"@type\":\"ListItem\",\"position\":2,\"name\":\"Shop\",\"item\":\"https:\/\/www.horomechanika.lt\/ru\/shop-2\/\"},{\"@type\":\"ListItem\",\"position\":3,\"name\":\"\u0160lavimo \u0161epe\u010diai HW Serija\"}]},{\"@type\":\"WebSite\",\"@id\":\"https:\/\/www.horomechanika.lt\/#website\",\"url\":\"https:\/\/www.horomechanika.lt\/\",\"name\":\"Horomechanika\",\"description\":\"\u017dem\u0117s \u016akio Technika\",\"publisher\":{\"@id\":\"https:\/\/www.horomechanika.lt\/#organization\"},\"potentialAction\":[{\"@type\":\"SearchAction\",\"target\":{\"@type\":\"EntryPoint\",\"urlTemplate\":\"https:\/\/www.horomechanika.lt\/?s={search_term_string}\"},\"query-input\":\"required name=search_term_string\"}],\"inLanguage\":\"ru-RU\"},{\"@type\":\"Organization\",\"@id\":\"https:\/\/www.horomechanika.lt\/#organization\",\"name\":\"UAB \\\"Horo mechanika\\\"\",\"url\":\"https:\/\/www.horomechanika.lt\/\",\"logo\":{\"@type\":\"ImageObject\",\"inLanguage\":\"ru-RU\",\"@id\":\"https:\/\/www.horomechanika.lt\/#\/schema\/logo\/image\/\",\"url\":\"https:\/\/www.horomechanika.lt\/wp-content\/uploads\/2020\/05\/horomechanika-logo.png\",\"contentUrl\":\"https:\/\/www.horomechanika.lt\/wp-content\/uploads\/2020\/05\/horomechanika-logo.png\",\"width\":137,\"height\":56,\"caption\":\"UAB \\\"Horo mechanika\\\"\"},\"image\":{\"@id\":\"https:\/\/www.horomechanika.lt\/#\/schema\/logo\/image\/\"},\"sameAs\":[\"https:\/\/www.facebook.com\/UAB-Horo-mechanika-177091812471952\"]}]}<\/script>\n<!-- \/ Yoast SEO plugin. -->","yoast_head_json":{"title":"\u0160lavimo \u0161epe\u010diai HW Serija | Horomechanika","robots":{"index":"index","follow":"follow","max-snippet":"max-snippet:-1","max-image-preview":"max-image-preview:large","max-video-preview":"max-video-preview:-1"},"canonical":"https:\/\/www.horomechanika.lt\/ru\/product\/slavimo-sepeciai-hw-serija\/","og_locale":"ru_RU","og_type":"article","og_title":"\u0160lavimo \u0161epe\u010diai HW Serija | Horomechanika","og_description":"Produktas Darbinis plotis (a) Plotis (b) \/ pos\u016bkio plotis Ilgis (c) Pos\u016bkio kampas \u0160epe\u010dio skersmuo (d) Reikalingas alyvos srautas Darbinis sl\u0117gis Masinis kabliukas     HW1700 1700 mm 1872\/2111 mm 1959 mm +\/- 28 \u00b0 700 mm 30 l \/ min 170\u2013200 bar\u0173 302 kg   HW2000 1983 mm 2192\/2375 mm 1959 mm +\/- 28 \u00b0 700 mm 30 l \/ min 170\u2013200 bar\u0173 308 kg   HW2200 2203 mm 2407\/2733 mm 2162 mm +\/- 28 \u00b0 900 mm 30 l \/ min 170\u2013200 bar\u0173 325 kg   HW2700 2687 mm 2865\/3141 mm 2162 mm +\/- 28 \u00b0 900 mm 50 l \/ min 170\u2013200 bar\u0173 348 kg","og_url":"https:\/\/www.horomechanika.lt\/ru\/product\/slavimo-sepeciai-hw-serija\/","og_site_name":"Horomechanika","article_publisher":"https:\/\/www.facebook.com\/UAB-Horo-mechanika-177091812471952","article_modified_time":"2021-01-25T10:00:43+00:00","og_image":[{"width":850,"height":566,"url":"https:\/\/www.horomechanika.lt\/wp-content\/uploads\/2021\/01\/sweeperhw-scaled-850x566-1.jpg","type":"image\/jpeg"}],"twitter_card":"summary_large_image","schema":{"@context":"https:\/\/schema.org","@graph":[{"@type":"WebPage","@id":"https:\/\/www.horomechanika.lt\/product\/slavimo-sepeciai-hw-serija\/","url":"https:\/\/www.horomechanika.lt\/product\/slavimo-sepeciai-hw-serija\/","name":"\u0160lavimo \u0161epe\u010diai HW Serija | Horomechanika","isPartOf":{"@id":"https:\/\/www.horomechanika.lt\/#website"},"datePublished":"2021-01-22T14:35:34+00:00","dateModified":"2021-01-25T10:00:43+00:00","breadcrumb":{"@id":"https:\/\/www.horomechanika.lt\/product\/slavimo-sepeciai-hw-serija\/#breadcrumb"},"inLanguage":"ru-RU","potentialAction":[{"@type":"ReadAction","target":["https:\/\/www.horomechanika.lt\/product\/slavimo-sepeciai-hw-serija\/"]}]},{"@type":"BreadcrumbList","@id":"https:\/\/www.horomechanika.lt\/product\/slavimo-sepeciai-hw-serija\/#breadcrumb","itemListElement":[{"@type":"ListItem","position":1,"name":"Home","item":"https:\/\/www.horomechanika.lt\/"},{"@type":"ListItem","position":2,"name":"Shop","item":"https:\/\/www.horomechanika.lt\/ru\/shop-2\/"},{"@type":"ListItem","position":3,"name":"\u0160lavimo \u0161epe\u010diai HW Serija"}]},{"@type":"WebSite","@id":"https:\/\/www.horomechanika.lt\/#website","url":"https:\/\/www.horomechanika.lt\/","name":"Horomechanika","description":"\u017dem\u0117s \u016akio Technika","publisher":{"@id":"https:\/\/www.horomechanika.lt\/#organization"},"potentialAction":[{"@type":"SearchAction","target":{"@type":"EntryPoint","urlTemplate":"https:\/\/www.horomechanika.lt\/?s={search_term_string}"},"query-input":"required name=search_term_string"}],"inLanguage":"ru-RU"},{"@type":"Organization","@id":"https:\/\/www.horomechanika.lt\/#organization","name":"UAB \"Horo mechanika\"","url":"https:\/\/www.horomechanika.lt\/","logo":{"@type":"ImageObject","inLanguage":"ru-RU","@id":"https:\/\/www.horomechanika.lt\/#\/schema\/logo\/image\/","url":"https:\/\/www.horomechanika.lt\/wp-content\/uploads\/2020\/05\/horomechanika-logo.png","contentUrl":"https:\/\/www.horomechanika.lt\/wp-content\/uploads\/2020\/05\/horomechanika-logo.png","width":137,"height":56,"caption":"UAB \"Horo mechanika\""},"image":{"@id":"https:\/\/www.horomechanika.lt\/#\/schema\/logo\/image\/"},"sameAs":["https:\/\/www.facebook.com\/UAB-Horo-mechanika-177091812471952"]}]}},"_links":{"self":[{"href":"https:\/\/www.horomechanika.lt\/ru\/wp-json\/wp\/v2\/product\/12331","targetHints":{"allow":["GET"]}}],"collection":[{"href":"https:\/\/www.horomechanika.lt\/ru\/wp-json\/wp\/v2\/product"}],"about":[{"href":"https:\/\/www.horomechanika.lt\/ru\/wp-json\/wp\/v2\/types\/product"}],"replies":[{"embeddable":true,"href":"https:\/\/www.horomechanika.lt\/ru\/wp-json\/wp\/v2\/comments?post=12331"}],"wp:featuredmedia":[{"embeddable":true,"href":"https:\/\/www.horomechanika.lt\/ru\/wp-json\/wp\/v2\/media\/12337"}],"wp:attachment":[{"href":"https:\/\/www.horomechanika.lt\/ru\/wp-json\/wp\/v2\/media?parent=12331"}],"wp:term":[{"taxonomy":"product_cat","embeddable":true,"href":"https:\/\/www.horomechanika.lt\/ru\/wp-json\/wp\/v2\/product_cat?post=12331"},{"taxonomy":"product_tag","embeddable":true,"href":"https:\/\/www.horomechanika.lt\/ru\/wp-json\/wp\/v2\/product_tag?post=12331"}],"curies":[{"name":"wp","href":"https:\/\/api.w.org\/{rel}","templated":true}]}}