{"id":12340,"date":"2021-01-25T12:51:48","date_gmt":"2021-01-25T09:51:48","guid":{"rendered":"http:\/\/horomechanika.lt\/?post_type=product&#038;p=12340"},"modified":"2021-01-25T12:59:46","modified_gmt":"2021-01-25T09:59:46","slug":"slavimo-sepetys-cb-2000","status":"publish","type":"product","link":"https:\/\/www.horomechanika.lt\/ru\/product\/slavimo-sepetys-cb-2000\/","title":{"rendered":"\u0160lavimo \u0161epetys CB-2000"},"content":{"rendered":"<p><span>Kolektoriaus \u0161epetys i\u0161 abiej\u0173 pusi\u0173 turi <\/span><span>guminius\u00a0volelius\u00a0, kurie apsaugo <\/span><span>korpus\u0105 nuo sm\u016bgi\u0173.<\/span><\/p>\n<p>Norint u\u017etikrinti ilg\u0105 tarnavimo laik\u0105, kibiro liuko apa\u010dioje yra papildoma HARDOX plienin\u0117 atrama, kuri\u0105 dengia gumin\u0117 juosta, nukopijuojanti \u012f \u017eem\u0119.<\/p>\n<p>\u0160oninio \u0161epet\u0117lio, kuriame \u012frengtas vandens purk\u0161tuvas, pagalba taip pat galite tinkamai i\u0161valyti grindinio akmenis ir plot\u0105 prie sien\u0173.<\/p>\n<p>\u0160eri\u0173 auk\u0161t\u012f galima be galo reguliuoti pagal nusid\u0117v\u0117jim\u0105 var\u017et\u0173 reguliatoriumi, leid\u017eiant maksimaliai i\u0161naudoti \u0161epe\u010di\u0173 diskus.<\/p>\n<p>Plaukiojan\u010dios tvirtinimo sistemos d\u0117ka visas \u0161epetys seka \u017ee<\/p>\n<p><iframe loading=\"lazy\" title=\"SAMI Collecting Sweeper\" width=\"895\" height=\"503\" src=\"https:\/\/www.youtube.com\/embed\/5wVcVfXQw64?feature=oembed\" frameborder=\"0\" allow=\"accelerometer; autoplay; clipboard-write; encrypted-media; gyroscope; picture-in-picture\" allowfullscreen><\/iframe><\/p>\n<p>\u0117s nuolyd\u012f.<\/p>","protected":false},"excerpt":{"rendered":"<table class=\"table table-striped\">\n<thead>\n<tr>\n<th><span>Modelis<\/span><\/th>\n<th><span>Darbinis plotis (a)<\/span><\/th>\n<th><span>\u0160ereliai (c)<\/span><\/th>\n<th><span>Bendras plotis (b)<\/span><\/th>\n<th><span>Kau\u0161o talpa<\/span><\/th>\n<th><span>Svoris (be pried\u0173)<\/span><\/th>\n<th><span>Maksimalus alyvos sl\u0117gis<\/span><\/th>\n<th><span>Rekomenduojama traktoriaus galia<\/span><\/th>\n<th><span>Reikalingas alyvos srautas<\/span><\/th>\n<\/tr>\n<\/thead>\n<tbody>\n<tr>\n<td><span>CB-2000<\/span><\/td>\n<td><span>2000 mm<\/span><\/td>\n<td><span>700 mm<\/span><\/td>\n<td><span>2326 mm<\/span><\/td>\n<td><span>460 l<\/span><\/td>\n<td><span>780 kg<\/span><\/td>\n<td><span>200 bar\u0173<\/span><\/td>\n<td><span>100-180 AG<\/span><\/td>\n<td><span>40-50 l \/ min<\/span><\/td>\n<\/tr>\n<\/tbody>\n<\/table>","protected":false},"featured_media":12346,"comment_status":"open","ping_status":"closed","template":"","meta":[],"product_cat":[109,162],"product_tag":[206,207,208,209],"class_list":["post-12340","product","type-product","status-publish","has-post-thumbnail","hentry","product_cat-priedai-frontaliniam-krautuvui","product_cat-sepeciai","product_tag-sniego-verstuvas","product_tag-buldozeris","product_tag-stumdytuvas","product_tag-sluota"],"yoast_head":"<!-- This site is optimized with the Yoast SEO plugin v20.1 - https:\/\/yoast.com\/wordpress\/plugins\/seo\/ -->\n<title>\u0160lavimo \u0161epetys CB-2000 | Horomechanika<\/title>\n<meta name=\"robots\" content=\"index, follow, max-snippet:-1, max-image-preview:large, max-video-preview:-1\" \/>\n<link rel=\"canonical\" href=\"https:\/\/www.horomechanika.lt\/ru\/product\/slavimo-sepetys-cb-2000\/\" \/>\n<meta property=\"og:locale\" content=\"ru_RU\" \/>\n<meta property=\"og:type\" content=\"article\" \/>\n<meta property=\"og:title\" content=\"\u0160lavimo \u0161epetys CB-2000 | Horomechanika\" \/>\n<meta property=\"og:description\" content=\"Modelis Darbinis plotis (a) \u0160ereliai (c) Bendras plotis (b) Kau\u0161o talpa Svoris (be pried\u0173) Maksimalus alyvos sl\u0117gis Rekomenduojama traktoriaus galia Reikalingas alyvos srautas     CB-2000 2000 mm 700 mm 2326 mm 460 l 780 kg 200 bar\u0173 100-180 AG 40-50 l \/ min\" \/>\n<meta property=\"og:url\" content=\"https:\/\/www.horomechanika.lt\/ru\/product\/slavimo-sepetys-cb-2000\/\" \/>\n<meta property=\"og:site_name\" content=\"Horomechanika\" \/>\n<meta property=\"article:publisher\" content=\"https:\/\/www.facebook.com\/UAB-Horo-mechanika-177091812471952\" \/>\n<meta property=\"article:modified_time\" content=\"2021-01-25T09:59:46+00:00\" \/>\n<meta property=\"og:image\" content=\"https:\/\/www.horomechanika.lt\/wp-content\/uploads\/2021\/01\/sweepercb2000-scaled-1-850x567-1.jpg\" \/>\n\t<meta property=\"og:image:width\" content=\"1326\" \/>\n\t<meta property=\"og:image:height\" content=\"990\" \/>\n\t<meta property=\"og:image:type\" content=\"image\/jpeg\" \/>\n<meta name=\"twitter:card\" content=\"summary_large_image\" \/>\n<script type=\"application\/ld+json\" class=\"yoast-schema-graph\">{\"@context\":\"https:\/\/schema.org\",\"@graph\":[{\"@type\":\"WebPage\",\"@id\":\"https:\/\/www.horomechanika.lt\/product\/slavimo-sepetys-cb-2000\/\",\"url\":\"https:\/\/www.horomechanika.lt\/product\/slavimo-sepetys-cb-2000\/\",\"name\":\"\u0160lavimo \u0161epetys CB-2000 | Horomechanika\",\"isPartOf\":{\"@id\":\"https:\/\/www.horomechanika.lt\/#website\"},\"datePublished\":\"2021-01-25T09:51:48+00:00\",\"dateModified\":\"2021-01-25T09:59:46+00:00\",\"breadcrumb\":{\"@id\":\"https:\/\/www.horomechanika.lt\/product\/slavimo-sepetys-cb-2000\/#breadcrumb\"},\"inLanguage\":\"ru-RU\",\"potentialAction\":[{\"@type\":\"ReadAction\",\"target\":[\"https:\/\/www.horomechanika.lt\/product\/slavimo-sepetys-cb-2000\/\"]}]},{\"@type\":\"BreadcrumbList\",\"@id\":\"https:\/\/www.horomechanika.lt\/product\/slavimo-sepetys-cb-2000\/#breadcrumb\",\"itemListElement\":[{\"@type\":\"ListItem\",\"position\":1,\"name\":\"Home\",\"item\":\"https:\/\/www.horomechanika.lt\/\"},{\"@type\":\"ListItem\",\"position\":2,\"name\":\"Shop\",\"item\":\"https:\/\/www.horomechanika.lt\/ru\/shop-2\/\"},{\"@type\":\"ListItem\",\"position\":3,\"name\":\"\u0160lavimo \u0161epetys CB-2000\"}]},{\"@type\":\"WebSite\",\"@id\":\"https:\/\/www.horomechanika.lt\/#website\",\"url\":\"https:\/\/www.horomechanika.lt\/\",\"name\":\"Horomechanika\",\"description\":\"\u017dem\u0117s \u016akio Technika\",\"publisher\":{\"@id\":\"https:\/\/www.horomechanika.lt\/#organization\"},\"potentialAction\":[{\"@type\":\"SearchAction\",\"target\":{\"@type\":\"EntryPoint\",\"urlTemplate\":\"https:\/\/www.horomechanika.lt\/?s={search_term_string}\"},\"query-input\":\"required name=search_term_string\"}],\"inLanguage\":\"ru-RU\"},{\"@type\":\"Organization\",\"@id\":\"https:\/\/www.horomechanika.lt\/#organization\",\"name\":\"UAB \\\"Horo mechanika\\\"\",\"url\":\"https:\/\/www.horomechanika.lt\/\",\"logo\":{\"@type\":\"ImageObject\",\"inLanguage\":\"ru-RU\",\"@id\":\"https:\/\/www.horomechanika.lt\/#\/schema\/logo\/image\/\",\"url\":\"https:\/\/www.horomechanika.lt\/wp-content\/uploads\/2020\/05\/horomechanika-logo.png\",\"contentUrl\":\"https:\/\/www.horomechanika.lt\/wp-content\/uploads\/2020\/05\/horomechanika-logo.png\",\"width\":137,\"height\":56,\"caption\":\"UAB \\\"Horo mechanika\\\"\"},\"image\":{\"@id\":\"https:\/\/www.horomechanika.lt\/#\/schema\/logo\/image\/\"},\"sameAs\":[\"https:\/\/www.facebook.com\/UAB-Horo-mechanika-177091812471952\"]}]}<\/script>\n<!-- \/ Yoast SEO plugin. -->","yoast_head_json":{"title":"\u0160lavimo \u0161epetys CB-2000 | Horomechanika","robots":{"index":"index","follow":"follow","max-snippet":"max-snippet:-1","max-image-preview":"max-image-preview:large","max-video-preview":"max-video-preview:-1"},"canonical":"https:\/\/www.horomechanika.lt\/ru\/product\/slavimo-sepetys-cb-2000\/","og_locale":"ru_RU","og_type":"article","og_title":"\u0160lavimo \u0161epetys CB-2000 | Horomechanika","og_description":"Modelis Darbinis plotis (a) \u0160ereliai (c) Bendras plotis (b) Kau\u0161o talpa Svoris (be pried\u0173) Maksimalus alyvos sl\u0117gis Rekomenduojama traktoriaus galia Reikalingas alyvos srautas     CB-2000 2000 mm 700 mm 2326 mm 460 l 780 kg 200 bar\u0173 100-180 AG 40-50 l \/ min","og_url":"https:\/\/www.horomechanika.lt\/ru\/product\/slavimo-sepetys-cb-2000\/","og_site_name":"Horomechanika","article_publisher":"https:\/\/www.facebook.com\/UAB-Horo-mechanika-177091812471952","article_modified_time":"2021-01-25T09:59:46+00:00","og_image":[{"width":1326,"height":990,"url":"https:\/\/www.horomechanika.lt\/wp-content\/uploads\/2021\/01\/sweepercb2000-scaled-1-850x567-1.jpg","type":"image\/jpeg"}],"twitter_card":"summary_large_image","schema":{"@context":"https:\/\/schema.org","@graph":[{"@type":"WebPage","@id":"https:\/\/www.horomechanika.lt\/product\/slavimo-sepetys-cb-2000\/","url":"https:\/\/www.horomechanika.lt\/product\/slavimo-sepetys-cb-2000\/","name":"\u0160lavimo \u0161epetys CB-2000 | Horomechanika","isPartOf":{"@id":"https:\/\/www.horomechanika.lt\/#website"},"datePublished":"2021-01-25T09:51:48+00:00","dateModified":"2021-01-25T09:59:46+00:00","breadcrumb":{"@id":"https:\/\/www.horomechanika.lt\/product\/slavimo-sepetys-cb-2000\/#breadcrumb"},"inLanguage":"ru-RU","potentialAction":[{"@type":"ReadAction","target":["https:\/\/www.horomechanika.lt\/product\/slavimo-sepetys-cb-2000\/"]}]},{"@type":"BreadcrumbList","@id":"https:\/\/www.horomechanika.lt\/product\/slavimo-sepetys-cb-2000\/#breadcrumb","itemListElement":[{"@type":"ListItem","position":1,"name":"Home","item":"https:\/\/www.horomechanika.lt\/"},{"@type":"ListItem","position":2,"name":"Shop","item":"https:\/\/www.horomechanika.lt\/ru\/shop-2\/"},{"@type":"ListItem","position":3,"name":"\u0160lavimo \u0161epetys CB-2000"}]},{"@type":"WebSite","@id":"https:\/\/www.horomechanika.lt\/#website","url":"https:\/\/www.horomechanika.lt\/","name":"Horomechanika","description":"\u017dem\u0117s \u016akio Technika","publisher":{"@id":"https:\/\/www.horomechanika.lt\/#organization"},"potentialAction":[{"@type":"SearchAction","target":{"@type":"EntryPoint","urlTemplate":"https:\/\/www.horomechanika.lt\/?s={search_term_string}"},"query-input":"required name=search_term_string"}],"inLanguage":"ru-RU"},{"@type":"Organization","@id":"https:\/\/www.horomechanika.lt\/#organization","name":"UAB \"Horo mechanika\"","url":"https:\/\/www.horomechanika.lt\/","logo":{"@type":"ImageObject","inLanguage":"ru-RU","@id":"https:\/\/www.horomechanika.lt\/#\/schema\/logo\/image\/","url":"https:\/\/www.horomechanika.lt\/wp-content\/uploads\/2020\/05\/horomechanika-logo.png","contentUrl":"https:\/\/www.horomechanika.lt\/wp-content\/uploads\/2020\/05\/horomechanika-logo.png","width":137,"height":56,"caption":"UAB \"Horo mechanika\""},"image":{"@id":"https:\/\/www.horomechanika.lt\/#\/schema\/logo\/image\/"},"sameAs":["https:\/\/www.facebook.com\/UAB-Horo-mechanika-177091812471952"]}]}},"_links":{"self":[{"href":"https:\/\/www.horomechanika.lt\/ru\/wp-json\/wp\/v2\/product\/12340","targetHints":{"allow":["GET"]}}],"collection":[{"href":"https:\/\/www.horomechanika.lt\/ru\/wp-json\/wp\/v2\/product"}],"about":[{"href":"https:\/\/www.horomechanika.lt\/ru\/wp-json\/wp\/v2\/types\/product"}],"replies":[{"embeddable":true,"href":"https:\/\/www.horomechanika.lt\/ru\/wp-json\/wp\/v2\/comments?post=12340"}],"wp:featuredmedia":[{"embeddable":true,"href":"https:\/\/www.horomechanika.lt\/ru\/wp-json\/wp\/v2\/media\/12346"}],"wp:attachment":[{"href":"https:\/\/www.horomechanika.lt\/ru\/wp-json\/wp\/v2\/media?parent=12340"}],"wp:term":[{"taxonomy":"product_cat","embeddable":true,"href":"https:\/\/www.horomechanika.lt\/ru\/wp-json\/wp\/v2\/product_cat?post=12340"},{"taxonomy":"product_tag","embeddable":true,"href":"https:\/\/www.horomechanika.lt\/ru\/wp-json\/wp\/v2\/product_tag?post=12340"}],"curies":[{"name":"wp","href":"https:\/\/api.w.org\/{rel}","templated":true}]}}