{"id":12359,"date":"2021-01-25T16:22:46","date_gmt":"2021-01-25T13:22:46","guid":{"rendered":"http:\/\/horomechanika.lt\/?post_type=product&#038;p=12359"},"modified":"2021-01-25T16:40:37","modified_gmt":"2021-01-25T13:40:37","slug":"kausas-sniego-stumdytuvas-universalus","status":"publish","type":"product","link":"https:\/\/www.horomechanika.lt\/ru\/product\/kausas-sniego-stumdytuvas-universalus\/","title":{"rendered":"Kau\u0161as &#8211; sniego stumdytuvas universalus"},"content":{"rendered":"<p>Sniego kau\u0161as \/ valytuvas\u00a0 su \u0161onin\u0117m plok\u0161tel\u0117m. \u0160io tipo sniego kau\u0161as\u00a0 yra tinkamas traktoriams, sunkiasvor\u0117ms ma\u0161inoms, komunalinio sektoriaus technikai, \u012fvairaus tipo krautuvams. Tai specialiai sukurtas kau\u0161as dirbti su sniegu ir efektingai valyti kelius, sunkiai valomas vietas.<\/p>\n<p>Kau\u0161o sparnai yra valdomi hidro cilindr\u0173. Sparnai gali jud\u0117ti 90 laipsni\u0173 amplitude ir su i\u0161tiestais sparnais kei\u010diasi darbinis\u00a0 kau\u0161o plotis. Sparnai padeda efektyviai nukreipti snieg\u0105 \u012f kau\u0161\u0105.<\/p>\n<p>Prietaisas turi kei\u010diamas var\u017etais sujungtas kilpas, kurios leid\u017eia prietais\u0105 naudoti sukabinant skirtingas ma\u0161inas.\u00a0Sukabinimo kabliai padengti kontrastingais da\u017eais, kurie supaprastina sukabinim\u0105.<\/p>\n<p>Sl\u0117gio akumuliatorius, \u012ftrauktas \u012f pagrindin\u0119 prietaiso \u012frang\u0105, u\u017etikrina, kad sparnas pasislenka \u012f pradin\u0119 pad\u0117t\u012f, kai va\u017eiuoja prie\u0161 kli\u016bt\u012f.\u00a0Skyl\u0117s korpuse u\u017etikrina ger\u0105 matomum\u0105 tiek ant priekinio kau\u0161o kra\u0161to, tiek i\u0161 kibiro u\u017epildymo.<\/p>\n<p>Papildom\u0105 prietaiso stiprum\u0105 garantuoja storos armat\u016bros plok\u0161t\u0117s tarp galin\u0117s korpuso sienos ir kablio bei armat\u016bros kau\u0161o apa\u010dioje.<\/p>","protected":false},"excerpt":{"rendered":"<table class=\"table table-striped\">\n<thead>\n<tr>\n<th>Modelis<\/th>\n<th>Darbinis plotis (a)<\/th>\n<th>Sparno plotis (b)<\/th>\n<th>Nustatyti plot\u012f (c)<\/th>\n<th>Auk\u0161tis (d)<\/th>\n<th>Talpa<\/th>\n<th>Traktorius<\/th>\n<th>Mas\u0117 be pried\u0173<\/th>\n<th>Prikabinimai<\/th>\n<\/tr>\n<\/thead>\n<tbody>\n<tr>\n<td>1800 m<\/td>\n<td>1920-3054 mm<\/td>\n<td>639 mm<\/td>\n<td>1776 mm<\/td>\n<td>832 mm<\/td>\n<td>795 l<\/td>\n<td>40-100 AG<\/td>\n<td>437 kg<\/td>\n<td>EURO, SMS, Manitou, Zettelmeyer, Kramer<\/td>\n<\/tr>\n<tr>\n<td>2000 m<\/td>\n<td>2120-3490 mm<\/td>\n<td>765 mm<\/td>\n<td>1960 mm<\/td>\n<td>951 mm<\/td>\n<td>1295 l<\/td>\n<td>40-100 AG<\/td>\n<td>641 kg<\/td>\n<td>EURO, SMS, Manitou, Zettelmeyer, Kramer<\/td>\n<\/tr>\n<tr>\n<td>2300<\/td>\n<td>2400-3770 mm<\/td>\n<td>765 mm<\/td>\n<td>2240 mm<\/td>\n<td>1056 mm<\/td>\n<td>1950 l<\/td>\n<td>60-120 AG<\/td>\n<td>786 kg<\/td>\n<td>EURO, SMS, Manitou, Zettelmeyer, Kramer<\/td>\n<\/tr>\n<tr>\n<td>2600<\/td>\n<td>3000-4540 mm<\/td>\n<td>927 mm<\/td>\n<td>2686 mm<\/td>\n<td>1320 mm<\/td>\n<td>3500 l<\/td>\n<td>100\u2013225 AG<\/td>\n<td>1050 kg<\/td>\n<td>EURO, SMS, SBM<\/td>\n<\/tr>\n<\/tbody>\n<\/table>","protected":false},"featured_media":12367,"comment_status":"open","ping_status":"closed","template":"","meta":[],"product_cat":[109,165,168],"product_tag":[206,207,208],"class_list":["post-12359","product","type-product","status-publish","has-post-thumbnail","hentry","product_cat-priedai-frontaliniam-krautuvui","product_cat-sniego-valytuvai-rotoriai","product_cat-ledo-trupintuvai","product_tag-sniego-verstuvas","product_tag-buldozeris","product_tag-stumdytuvas"],"yoast_head":"<!-- This site is optimized with the Yoast SEO plugin v20.1 - https:\/\/yoast.com\/wordpress\/plugins\/seo\/ -->\n<title>Kau\u0161as - sniego stumdytuvas universalus | Horomechanika<\/title>\n<meta name=\"robots\" content=\"index, follow, max-snippet:-1, max-image-preview:large, max-video-preview:-1\" \/>\n<link rel=\"canonical\" href=\"https:\/\/www.horomechanika.lt\/ru\/product\/kausas-sniego-stumdytuvas-universalus\/\" \/>\n<meta property=\"og:locale\" content=\"ru_RU\" \/>\n<meta property=\"og:type\" content=\"article\" \/>\n<meta property=\"og:title\" content=\"Kau\u0161as - sniego stumdytuvas universalus | Horomechanika\" \/>\n<meta property=\"og:description\" content=\"Modelis Darbinis plotis (a) Sparno plotis (b) Nustatyti plot\u012f (c) Auk\u0161tis (d) Talpa Traktorius Mas\u0117 be pried\u0173 Prikabinimai     1800 m 1920-3054 mm 639 mm 1776 mm 832 mm 795 l 40-100 AG 437 kg EURO, SMS, Manitou, Zettelmeyer, Kramer   2000 m 2120-3490 mm 765 mm 1960 mm 951 mm 1295 l 40-100 AG 641 kg EURO, SMS, Manitou, Zettelmeyer, Kramer   2300 2400-3770 mm 765 mm 2240 mm 1056 mm 1950 l 60-120 AG 786 kg EURO, SMS, Manitou, Zettelmeyer, Kramer   2600 3000-4540 mm 927 mm 2686 mm 1320 mm 3500 l 100\u2013225 AG 1050 kg EURO, SMS, SBM\" \/>\n<meta property=\"og:url\" content=\"https:\/\/www.horomechanika.lt\/ru\/product\/kausas-sniego-stumdytuvas-universalus\/\" \/>\n<meta property=\"og:site_name\" content=\"Horomechanika\" \/>\n<meta property=\"article:publisher\" content=\"https:\/\/www.facebook.com\/UAB-Horo-mechanika-177091812471952\" \/>\n<meta property=\"article:modified_time\" content=\"2021-01-25T13:40:37+00:00\" \/>\n<meta property=\"og:image\" content=\"https:\/\/www.horomechanika.lt\/wp-content\/uploads\/2021\/01\/flipper-bucket-2000-1-1-scaled-850x566-1.jpg\" \/>\n\t<meta property=\"og:image:width\" content=\"1071\" \/>\n\t<meta property=\"og:image:height\" content=\"806\" \/>\n\t<meta property=\"og:image:type\" content=\"image\/jpeg\" \/>\n<meta name=\"twitter:card\" content=\"summary_large_image\" \/>\n<meta name=\"twitter:label1\" content=\"\u041f\u0440\u0438\u043c\u0435\u0440\u043d\u043e\u0435 \u0432\u0440\u0435\u043c\u044f \u0434\u043b\u044f \u0447\u0442\u0435\u043d\u0438\u044f\" \/>\n\t<meta name=\"twitter:data1\" content=\"1 \u043c\u0438\u043d\u0443\u0442\u0430\" \/>\n<script type=\"application\/ld+json\" class=\"yoast-schema-graph\">{\"@context\":\"https:\/\/schema.org\",\"@graph\":[{\"@type\":\"WebPage\",\"@id\":\"https:\/\/www.horomechanika.lt\/product\/kausas-sniego-stumdytuvas-universalus\/\",\"url\":\"https:\/\/www.horomechanika.lt\/product\/kausas-sniego-stumdytuvas-universalus\/\",\"name\":\"Kau\u0161as - sniego stumdytuvas universalus | Horomechanika\",\"isPartOf\":{\"@id\":\"https:\/\/www.horomechanika.lt\/#website\"},\"datePublished\":\"2021-01-25T13:22:46+00:00\",\"dateModified\":\"2021-01-25T13:40:37+00:00\",\"breadcrumb\":{\"@id\":\"https:\/\/www.horomechanika.lt\/product\/kausas-sniego-stumdytuvas-universalus\/#breadcrumb\"},\"inLanguage\":\"ru-RU\",\"potentialAction\":[{\"@type\":\"ReadAction\",\"target\":[\"https:\/\/www.horomechanika.lt\/product\/kausas-sniego-stumdytuvas-universalus\/\"]}]},{\"@type\":\"BreadcrumbList\",\"@id\":\"https:\/\/www.horomechanika.lt\/product\/kausas-sniego-stumdytuvas-universalus\/#breadcrumb\",\"itemListElement\":[{\"@type\":\"ListItem\",\"position\":1,\"name\":\"Home\",\"item\":\"https:\/\/www.horomechanika.lt\/\"},{\"@type\":\"ListItem\",\"position\":2,\"name\":\"Shop\",\"item\":\"https:\/\/www.horomechanika.lt\/ru\/shop-2\/\"},{\"@type\":\"ListItem\",\"position\":3,\"name\":\"Kau\u0161as &#8211; sniego stumdytuvas universalus\"}]},{\"@type\":\"WebSite\",\"@id\":\"https:\/\/www.horomechanika.lt\/#website\",\"url\":\"https:\/\/www.horomechanika.lt\/\",\"name\":\"Horomechanika\",\"description\":\"\u017dem\u0117s \u016akio Technika\",\"publisher\":{\"@id\":\"https:\/\/www.horomechanika.lt\/#organization\"},\"potentialAction\":[{\"@type\":\"SearchAction\",\"target\":{\"@type\":\"EntryPoint\",\"urlTemplate\":\"https:\/\/www.horomechanika.lt\/?s={search_term_string}\"},\"query-input\":\"required name=search_term_string\"}],\"inLanguage\":\"ru-RU\"},{\"@type\":\"Organization\",\"@id\":\"https:\/\/www.horomechanika.lt\/#organization\",\"name\":\"UAB \\\"Horo mechanika\\\"\",\"url\":\"https:\/\/www.horomechanika.lt\/\",\"logo\":{\"@type\":\"ImageObject\",\"inLanguage\":\"ru-RU\",\"@id\":\"https:\/\/www.horomechanika.lt\/#\/schema\/logo\/image\/\",\"url\":\"https:\/\/www.horomechanika.lt\/wp-content\/uploads\/2020\/05\/horomechanika-logo.png\",\"contentUrl\":\"https:\/\/www.horomechanika.lt\/wp-content\/uploads\/2020\/05\/horomechanika-logo.png\",\"width\":137,\"height\":56,\"caption\":\"UAB \\\"Horo mechanika\\\"\"},\"image\":{\"@id\":\"https:\/\/www.horomechanika.lt\/#\/schema\/logo\/image\/\"},\"sameAs\":[\"https:\/\/www.facebook.com\/UAB-Horo-mechanika-177091812471952\"]}]}<\/script>\n<!-- \/ Yoast SEO plugin. -->","yoast_head_json":{"title":"Kau\u0161as - sniego stumdytuvas universalus | Horomechanika","robots":{"index":"index","follow":"follow","max-snippet":"max-snippet:-1","max-image-preview":"max-image-preview:large","max-video-preview":"max-video-preview:-1"},"canonical":"https:\/\/www.horomechanika.lt\/ru\/product\/kausas-sniego-stumdytuvas-universalus\/","og_locale":"ru_RU","og_type":"article","og_title":"Kau\u0161as - sniego stumdytuvas universalus | Horomechanika","og_description":"Modelis Darbinis plotis (a) Sparno plotis (b) Nustatyti plot\u012f (c) Auk\u0161tis (d) Talpa Traktorius Mas\u0117 be pried\u0173 Prikabinimai     1800 m 1920-3054 mm 639 mm 1776 mm 832 mm 795 l 40-100 AG 437 kg EURO, SMS, Manitou, Zettelmeyer, Kramer   2000 m 2120-3490 mm 765 mm 1960 mm 951 mm 1295 l 40-100 AG 641 kg EURO, SMS, Manitou, Zettelmeyer, Kramer   2300 2400-3770 mm 765 mm 2240 mm 1056 mm 1950 l 60-120 AG 786 kg EURO, SMS, Manitou, Zettelmeyer, Kramer   2600 3000-4540 mm 927 mm 2686 mm 1320 mm 3500 l 100\u2013225 AG 1050 kg EURO, SMS, SBM","og_url":"https:\/\/www.horomechanika.lt\/ru\/product\/kausas-sniego-stumdytuvas-universalus\/","og_site_name":"Horomechanika","article_publisher":"https:\/\/www.facebook.com\/UAB-Horo-mechanika-177091812471952","article_modified_time":"2021-01-25T13:40:37+00:00","og_image":[{"width":1071,"height":806,"url":"https:\/\/www.horomechanika.lt\/wp-content\/uploads\/2021\/01\/flipper-bucket-2000-1-1-scaled-850x566-1.jpg","type":"image\/jpeg"}],"twitter_card":"summary_large_image","twitter_misc":{"\u041f\u0440\u0438\u043c\u0435\u0440\u043d\u043e\u0435 \u0432\u0440\u0435\u043c\u044f \u0434\u043b\u044f \u0447\u0442\u0435\u043d\u0438\u044f":"1 \u043c\u0438\u043d\u0443\u0442\u0430"},"schema":{"@context":"https:\/\/schema.org","@graph":[{"@type":"WebPage","@id":"https:\/\/www.horomechanika.lt\/product\/kausas-sniego-stumdytuvas-universalus\/","url":"https:\/\/www.horomechanika.lt\/product\/kausas-sniego-stumdytuvas-universalus\/","name":"Kau\u0161as - sniego stumdytuvas universalus | Horomechanika","isPartOf":{"@id":"https:\/\/www.horomechanika.lt\/#website"},"datePublished":"2021-01-25T13:22:46+00:00","dateModified":"2021-01-25T13:40:37+00:00","breadcrumb":{"@id":"https:\/\/www.horomechanika.lt\/product\/kausas-sniego-stumdytuvas-universalus\/#breadcrumb"},"inLanguage":"ru-RU","potentialAction":[{"@type":"ReadAction","target":["https:\/\/www.horomechanika.lt\/product\/kausas-sniego-stumdytuvas-universalus\/"]}]},{"@type":"BreadcrumbList","@id":"https:\/\/www.horomechanika.lt\/product\/kausas-sniego-stumdytuvas-universalus\/#breadcrumb","itemListElement":[{"@type":"ListItem","position":1,"name":"Home","item":"https:\/\/www.horomechanika.lt\/"},{"@type":"ListItem","position":2,"name":"Shop","item":"https:\/\/www.horomechanika.lt\/ru\/shop-2\/"},{"@type":"ListItem","position":3,"name":"Kau\u0161as &#8211; sniego stumdytuvas universalus"}]},{"@type":"WebSite","@id":"https:\/\/www.horomechanika.lt\/#website","url":"https:\/\/www.horomechanika.lt\/","name":"Horomechanika","description":"\u017dem\u0117s \u016akio Technika","publisher":{"@id":"https:\/\/www.horomechanika.lt\/#organization"},"potentialAction":[{"@type":"SearchAction","target":{"@type":"EntryPoint","urlTemplate":"https:\/\/www.horomechanika.lt\/?s={search_term_string}"},"query-input":"required name=search_term_string"}],"inLanguage":"ru-RU"},{"@type":"Organization","@id":"https:\/\/www.horomechanika.lt\/#organization","name":"UAB \"Horo mechanika\"","url":"https:\/\/www.horomechanika.lt\/","logo":{"@type":"ImageObject","inLanguage":"ru-RU","@id":"https:\/\/www.horomechanika.lt\/#\/schema\/logo\/image\/","url":"https:\/\/www.horomechanika.lt\/wp-content\/uploads\/2020\/05\/horomechanika-logo.png","contentUrl":"https:\/\/www.horomechanika.lt\/wp-content\/uploads\/2020\/05\/horomechanika-logo.png","width":137,"height":56,"caption":"UAB \"Horo mechanika\""},"image":{"@id":"https:\/\/www.horomechanika.lt\/#\/schema\/logo\/image\/"},"sameAs":["https:\/\/www.facebook.com\/UAB-Horo-mechanika-177091812471952"]}]}},"_links":{"self":[{"href":"https:\/\/www.horomechanika.lt\/ru\/wp-json\/wp\/v2\/product\/12359","targetHints":{"allow":["GET"]}}],"collection":[{"href":"https:\/\/www.horomechanika.lt\/ru\/wp-json\/wp\/v2\/product"}],"about":[{"href":"https:\/\/www.horomechanika.lt\/ru\/wp-json\/wp\/v2\/types\/product"}],"replies":[{"embeddable":true,"href":"https:\/\/www.horomechanika.lt\/ru\/wp-json\/wp\/v2\/comments?post=12359"}],"wp:featuredmedia":[{"embeddable":true,"href":"https:\/\/www.horomechanika.lt\/ru\/wp-json\/wp\/v2\/media\/12367"}],"wp:attachment":[{"href":"https:\/\/www.horomechanika.lt\/ru\/wp-json\/wp\/v2\/media?parent=12359"}],"wp:term":[{"taxonomy":"product_cat","embeddable":true,"href":"https:\/\/www.horomechanika.lt\/ru\/wp-json\/wp\/v2\/product_cat?post=12359"},{"taxonomy":"product_tag","embeddable":true,"href":"https:\/\/www.horomechanika.lt\/ru\/wp-json\/wp\/v2\/product_tag?post=12359"}],"curies":[{"name":"wp","href":"https:\/\/api.w.org\/{rel}","templated":true}]}}