{"id":12413,"date":"2021-02-02T13:08:49","date_gmt":"2021-02-02T10:08:49","guid":{"rendered":"https:\/\/www.horomechanika.lt\/?post_type=product&#038;p=12413"},"modified":"2021-02-02T15:04:15","modified_gmt":"2021-02-02T12:04:15","slug":"sraigtinis-sniego-verstuvas-dm","status":"publish","type":"product","link":"https:\/\/www.horomechanika.lt\/ru\/product\/sraigtinis-sniego-verstuvas-dm\/","title":{"rendered":"Sraigtinis sniego verstuvas DM"},"content":{"rendered":"<p><span>Darbinis kampas yra <\/span><span>reguliuojamas\u00a0atsi\u017evelgiant \u012f darbo s\u0105lygas .<\/span><\/p>\n<p><span>Darbin\u012f verstuvo <\/span><span>auk\u0161t\u012f galima reguliuoti\u00a0<\/span><span>atraminiais dantimis, kuri\u0173 plok\u0161t\u0117s pagamintos i\u0161 specialaus \u201eBruxite\u201c plieno.<\/span><\/p>\n<p>Amortizatorius apsaugo pl\u016bg\u0105 nuo kli\u016b\u010di\u0173 kertant ir esant dideliam kr\u016bviui.<\/p>\n<p><span>Verstuvas komplektuojamas su \u0161oniniais at\u0161vaitais. <\/span><span>LED \u017eibintai yra komplekte.<\/span><\/p>\n<p><span>Verstuvas <\/span><span>sukurtas su plaukiojan\u010dia konstrukcija, kad\u00a0b\u016bt\u0173\u00a0galima\u00a0geriau\u00a0kopijuoti\u00a0\u017eem\u0117s pavir\u0161i\u0173 .<\/span><\/p>\n<p><span>Pl\u016bgas taip pat gali b\u016bti komplektuojamas tinkliniais arba guminiais a\u0161menimis.<\/span><\/p>\n<p><span>Sraigto tipas <\/span><span>sukurtas\u00a0<\/span><span>siekiant u\u017etikrinti geriausias sniego \u0161oninio paskleidimo savybes.<\/span><\/p>","protected":false},"excerpt":{"rendered":"<table class=\"table table-striped\">\n<thead>\n<tr>\n<th><span>Produktas<\/span><\/th>\n<th><span>Darbinis plotis (a)<\/span><\/th>\n<th><span>Darbinis auk\u0161tis<\/span><\/th>\n<th><span>Plotis<\/span><\/th>\n<th><span>Peilio auk\u0161tis (b)<\/span><\/th>\n<th><span>U\u017edenkite kamp\u0105<\/span><\/th>\n<th><span>Mas\u0117<\/span><\/th>\n<th><span>Prikabinimai<\/span><\/th>\n<\/tr>\n<\/thead>\n<tbody>\n<tr>\n<td><span>DM-3200<\/span><\/td>\n<td><span>3233 mm<\/span><\/td>\n<td><span>741\u20131223 mm<\/span><\/td>\n<td><span>3336 mm<\/span><\/td>\n<td><span>1280 mm<\/span><\/td>\n<td><span>27,3-35,4 \u00b0<\/span><\/td>\n<td><span>739 kg + kablys<\/span><\/td>\n<td><span>SMS, EURO, SBM, 3P<\/span><\/td>\n<\/tr>\n<tr>\n<td><span>DM-3600<\/span><\/td>\n<td><span>3662 mm<\/span><\/td>\n<td><span>739\u20131281 mm<\/span><\/td>\n<td><span>3764 mm<\/span><\/td>\n<td><span>1338 mm<\/span><\/td>\n<td><span>27,3-35,4 \u00b0<\/span><\/td>\n<td><span>836 kg + kablys<\/span><\/td>\n<td><span>SMS, EURO, SBM, 3P<\/span><\/td>\n<\/tr>\n<\/tbody>\n<\/table>\n<p><span>Priedai:<\/span><\/p>\n<ul>\n<li><span>LED \u017eibintai<\/span><\/li>\n<li><span>Ratai<\/span><\/li>\n<li><span>Gumos apsauga<\/span><\/li>\n<li><span>Tinklo a\u0161menys<\/span><\/li>\n<li><span>Sniego dulki\u0173 danga<\/span><\/li>\n<li><span>Skirtingi kabliukai<\/span><\/li>\n<\/ul>","protected":false},"featured_media":12417,"comment_status":"open","ping_status":"closed","template":"","meta":[],"product_cat":[109,165],"product_tag":[206,207,208],"class_list":["post-12413","product","type-product","status-publish","has-post-thumbnail","hentry","product_cat-priedai-frontaliniam-krautuvui","product_cat-sniego-valytuvai-rotoriai","product_tag-sniego-verstuvas","product_tag-buldozeris","product_tag-stumdytuvas"],"yoast_head":"<!-- This site is optimized with the Yoast SEO plugin v20.1 - https:\/\/yoast.com\/wordpress\/plugins\/seo\/ -->\n<title>Sraigtinis sniego verstuvas DM | Horomechanika<\/title>\n<meta name=\"robots\" content=\"index, follow, max-snippet:-1, max-image-preview:large, max-video-preview:-1\" \/>\n<link rel=\"canonical\" href=\"https:\/\/www.horomechanika.lt\/ru\/product\/sraigtinis-sniego-verstuvas-dm\/\" \/>\n<meta property=\"og:locale\" content=\"ru_RU\" \/>\n<meta property=\"og:type\" content=\"article\" \/>\n<meta property=\"og:title\" content=\"Sraigtinis sniego verstuvas DM | Horomechanika\" \/>\n<meta property=\"og:description\" content=\"Produktas Darbinis plotis (a) Darbinis auk\u0161tis Plotis Peilio auk\u0161tis (b) U\u017edenkite kamp\u0105 Mas\u0117 Prikabinimai     DM-3200 3233 mm 741\u20131223 mm 3336 mm 1280 mm 27,3-35,4 \u00b0 739 kg + kablys SMS, EURO, SBM, 3P   DM-3600 3662 mm 739\u20131281 mm 3764 mm 1338 mm 27,3-35,4 \u00b0 836 kg + kablys SMS, EURO, SBM, 3P    Priedai:   LED \u017eibintai  Ratai  Gumos apsauga  Tinklo a\u0161menys  Sniego dulki\u0173 danga  Skirtingi kabliukai\" \/>\n<meta property=\"og:url\" content=\"https:\/\/www.horomechanika.lt\/ru\/product\/sraigtinis-sniego-verstuvas-dm\/\" \/>\n<meta property=\"og:site_name\" content=\"Horomechanika\" \/>\n<meta property=\"article:publisher\" content=\"https:\/\/www.facebook.com\/UAB-Horo-mechanika-177091812471952\" \/>\n<meta property=\"article:modified_time\" content=\"2021-02-02T12:04:15+00:00\" \/>\n<meta property=\"og:image\" content=\"https:\/\/www.horomechanika.lt\/wp-content\/uploads\/2021\/02\/diagonal-plough-850x567-1.png\" \/>\n\t<meta property=\"og:image:width\" content=\"1288\" \/>\n\t<meta property=\"og:image:height\" content=\"1030\" \/>\n\t<meta property=\"og:image:type\" content=\"image\/png\" \/>\n<meta name=\"twitter:card\" content=\"summary_large_image\" \/>\n<meta name=\"twitter:label1\" content=\"\u041f\u0440\u0438\u043c\u0435\u0440\u043d\u043e\u0435 \u0432\u0440\u0435\u043c\u044f \u0434\u043b\u044f \u0447\u0442\u0435\u043d\u0438\u044f\" \/>\n\t<meta name=\"twitter:data1\" content=\"1 \u043c\u0438\u043d\u0443\u0442\u0430\" \/>\n<script type=\"application\/ld+json\" class=\"yoast-schema-graph\">{\"@context\":\"https:\/\/schema.org\",\"@graph\":[{\"@type\":\"WebPage\",\"@id\":\"https:\/\/www.horomechanika.lt\/product\/sraigtinis-sniego-verstuvas-dm\/\",\"url\":\"https:\/\/www.horomechanika.lt\/product\/sraigtinis-sniego-verstuvas-dm\/\",\"name\":\"Sraigtinis sniego verstuvas DM | Horomechanika\",\"isPartOf\":{\"@id\":\"https:\/\/www.horomechanika.lt\/#website\"},\"datePublished\":\"2021-02-02T10:08:49+00:00\",\"dateModified\":\"2021-02-02T12:04:15+00:00\",\"breadcrumb\":{\"@id\":\"https:\/\/www.horomechanika.lt\/product\/sraigtinis-sniego-verstuvas-dm\/#breadcrumb\"},\"inLanguage\":\"ru-RU\",\"potentialAction\":[{\"@type\":\"ReadAction\",\"target\":[\"https:\/\/www.horomechanika.lt\/product\/sraigtinis-sniego-verstuvas-dm\/\"]}]},{\"@type\":\"BreadcrumbList\",\"@id\":\"https:\/\/www.horomechanika.lt\/product\/sraigtinis-sniego-verstuvas-dm\/#breadcrumb\",\"itemListElement\":[{\"@type\":\"ListItem\",\"position\":1,\"name\":\"Home\",\"item\":\"https:\/\/www.horomechanika.lt\/\"},{\"@type\":\"ListItem\",\"position\":2,\"name\":\"Shop\",\"item\":\"https:\/\/www.horomechanika.lt\/ru\/shop-2\/\"},{\"@type\":\"ListItem\",\"position\":3,\"name\":\"Sraigtinis sniego verstuvas DM\"}]},{\"@type\":\"WebSite\",\"@id\":\"https:\/\/www.horomechanika.lt\/#website\",\"url\":\"https:\/\/www.horomechanika.lt\/\",\"name\":\"Horomechanika\",\"description\":\"\u017dem\u0117s \u016akio Technika\",\"publisher\":{\"@id\":\"https:\/\/www.horomechanika.lt\/#organization\"},\"potentialAction\":[{\"@type\":\"SearchAction\",\"target\":{\"@type\":\"EntryPoint\",\"urlTemplate\":\"https:\/\/www.horomechanika.lt\/?s={search_term_string}\"},\"query-input\":\"required name=search_term_string\"}],\"inLanguage\":\"ru-RU\"},{\"@type\":\"Organization\",\"@id\":\"https:\/\/www.horomechanika.lt\/#organization\",\"name\":\"UAB \\\"Horo mechanika\\\"\",\"url\":\"https:\/\/www.horomechanika.lt\/\",\"logo\":{\"@type\":\"ImageObject\",\"inLanguage\":\"ru-RU\",\"@id\":\"https:\/\/www.horomechanika.lt\/#\/schema\/logo\/image\/\",\"url\":\"https:\/\/www.horomechanika.lt\/wp-content\/uploads\/2020\/05\/horomechanika-logo.png\",\"contentUrl\":\"https:\/\/www.horomechanika.lt\/wp-content\/uploads\/2020\/05\/horomechanika-logo.png\",\"width\":137,\"height\":56,\"caption\":\"UAB \\\"Horo mechanika\\\"\"},\"image\":{\"@id\":\"https:\/\/www.horomechanika.lt\/#\/schema\/logo\/image\/\"},\"sameAs\":[\"https:\/\/www.facebook.com\/UAB-Horo-mechanika-177091812471952\"]}]}<\/script>\n<!-- \/ Yoast SEO plugin. -->","yoast_head_json":{"title":"Sraigtinis sniego verstuvas DM | Horomechanika","robots":{"index":"index","follow":"follow","max-snippet":"max-snippet:-1","max-image-preview":"max-image-preview:large","max-video-preview":"max-video-preview:-1"},"canonical":"https:\/\/www.horomechanika.lt\/ru\/product\/sraigtinis-sniego-verstuvas-dm\/","og_locale":"ru_RU","og_type":"article","og_title":"Sraigtinis sniego verstuvas DM | Horomechanika","og_description":"Produktas Darbinis plotis (a) Darbinis auk\u0161tis Plotis Peilio auk\u0161tis (b) U\u017edenkite kamp\u0105 Mas\u0117 Prikabinimai     DM-3200 3233 mm 741\u20131223 mm 3336 mm 1280 mm 27,3-35,4 \u00b0 739 kg + kablys SMS, EURO, SBM, 3P   DM-3600 3662 mm 739\u20131281 mm 3764 mm 1338 mm 27,3-35,4 \u00b0 836 kg + kablys SMS, EURO, SBM, 3P    Priedai:   LED \u017eibintai  Ratai  Gumos apsauga  Tinklo a\u0161menys  Sniego dulki\u0173 danga  Skirtingi kabliukai","og_url":"https:\/\/www.horomechanika.lt\/ru\/product\/sraigtinis-sniego-verstuvas-dm\/","og_site_name":"Horomechanika","article_publisher":"https:\/\/www.facebook.com\/UAB-Horo-mechanika-177091812471952","article_modified_time":"2021-02-02T12:04:15+00:00","og_image":[{"width":1288,"height":1030,"url":"https:\/\/www.horomechanika.lt\/wp-content\/uploads\/2021\/02\/diagonal-plough-850x567-1.png","type":"image\/png"}],"twitter_card":"summary_large_image","twitter_misc":{"\u041f\u0440\u0438\u043c\u0435\u0440\u043d\u043e\u0435 \u0432\u0440\u0435\u043c\u044f \u0434\u043b\u044f \u0447\u0442\u0435\u043d\u0438\u044f":"1 \u043c\u0438\u043d\u0443\u0442\u0430"},"schema":{"@context":"https:\/\/schema.org","@graph":[{"@type":"WebPage","@id":"https:\/\/www.horomechanika.lt\/product\/sraigtinis-sniego-verstuvas-dm\/","url":"https:\/\/www.horomechanika.lt\/product\/sraigtinis-sniego-verstuvas-dm\/","name":"Sraigtinis sniego verstuvas DM | Horomechanika","isPartOf":{"@id":"https:\/\/www.horomechanika.lt\/#website"},"datePublished":"2021-02-02T10:08:49+00:00","dateModified":"2021-02-02T12:04:15+00:00","breadcrumb":{"@id":"https:\/\/www.horomechanika.lt\/product\/sraigtinis-sniego-verstuvas-dm\/#breadcrumb"},"inLanguage":"ru-RU","potentialAction":[{"@type":"ReadAction","target":["https:\/\/www.horomechanika.lt\/product\/sraigtinis-sniego-verstuvas-dm\/"]}]},{"@type":"BreadcrumbList","@id":"https:\/\/www.horomechanika.lt\/product\/sraigtinis-sniego-verstuvas-dm\/#breadcrumb","itemListElement":[{"@type":"ListItem","position":1,"name":"Home","item":"https:\/\/www.horomechanika.lt\/"},{"@type":"ListItem","position":2,"name":"Shop","item":"https:\/\/www.horomechanika.lt\/ru\/shop-2\/"},{"@type":"ListItem","position":3,"name":"Sraigtinis sniego verstuvas DM"}]},{"@type":"WebSite","@id":"https:\/\/www.horomechanika.lt\/#website","url":"https:\/\/www.horomechanika.lt\/","name":"Horomechanika","description":"\u017dem\u0117s \u016akio Technika","publisher":{"@id":"https:\/\/www.horomechanika.lt\/#organization"},"potentialAction":[{"@type":"SearchAction","target":{"@type":"EntryPoint","urlTemplate":"https:\/\/www.horomechanika.lt\/?s={search_term_string}"},"query-input":"required name=search_term_string"}],"inLanguage":"ru-RU"},{"@type":"Organization","@id":"https:\/\/www.horomechanika.lt\/#organization","name":"UAB \"Horo mechanika\"","url":"https:\/\/www.horomechanika.lt\/","logo":{"@type":"ImageObject","inLanguage":"ru-RU","@id":"https:\/\/www.horomechanika.lt\/#\/schema\/logo\/image\/","url":"https:\/\/www.horomechanika.lt\/wp-content\/uploads\/2020\/05\/horomechanika-logo.png","contentUrl":"https:\/\/www.horomechanika.lt\/wp-content\/uploads\/2020\/05\/horomechanika-logo.png","width":137,"height":56,"caption":"UAB \"Horo mechanika\""},"image":{"@id":"https:\/\/www.horomechanika.lt\/#\/schema\/logo\/image\/"},"sameAs":["https:\/\/www.facebook.com\/UAB-Horo-mechanika-177091812471952"]}]}},"_links":{"self":[{"href":"https:\/\/www.horomechanika.lt\/ru\/wp-json\/wp\/v2\/product\/12413","targetHints":{"allow":["GET"]}}],"collection":[{"href":"https:\/\/www.horomechanika.lt\/ru\/wp-json\/wp\/v2\/product"}],"about":[{"href":"https:\/\/www.horomechanika.lt\/ru\/wp-json\/wp\/v2\/types\/product"}],"replies":[{"embeddable":true,"href":"https:\/\/www.horomechanika.lt\/ru\/wp-json\/wp\/v2\/comments?post=12413"}],"wp:featuredmedia":[{"embeddable":true,"href":"https:\/\/www.horomechanika.lt\/ru\/wp-json\/wp\/v2\/media\/12417"}],"wp:attachment":[{"href":"https:\/\/www.horomechanika.lt\/ru\/wp-json\/wp\/v2\/media?parent=12413"}],"wp:term":[{"taxonomy":"product_cat","embeddable":true,"href":"https:\/\/www.horomechanika.lt\/ru\/wp-json\/wp\/v2\/product_cat?post=12413"},{"taxonomy":"product_tag","embeddable":true,"href":"https:\/\/www.horomechanika.lt\/ru\/wp-json\/wp\/v2\/product_tag?post=12413"}],"curies":[{"name":"wp","href":"https:\/\/api.w.org\/{rel}","templated":true}]}}