{"id":12426,"date":"2021-02-02T15:26:53","date_gmt":"2021-02-02T12:26:53","guid":{"rendered":"https:\/\/www.horomechanika.lt\/?post_type=product&#038;p=12426"},"modified":"2021-02-02T16:40:17","modified_gmt":"2021-02-02T13:40:17","slug":"sraigtinis-sniego-verstuvas-hd","status":"publish","type":"product","link":"https:\/\/www.horomechanika.lt\/ru\/product\/sraigtinis-sniego-verstuvas-hd\/","title":{"rendered":"Sraigtinis sniego verstuvas HD"},"content":{"rendered":"<p>Verstuvas taip pat gali b\u016bti su ledo trupinimo a\u017euriniais a\u0161menimis arba guminiais.<\/p>\n<p><span>Verstuvo darbin\u012f auk\u0161t\u012f galima reguliuoti <\/span><span>naudojant atraminius padus. Rekomenduojama naudoti atraminius padus, nes jie neleid\u017eia pjovimo diskui per daug \u012fsipjauti \u012f \u017eem\u0119.<\/span><\/p>\n<p>Skirtingo tipo priekiniams krautuvams tinkamos movos gali b\u016bti prisukamos prie\u00a0 sukabinimo r\u0117mo, tod\u0117l jas lengva pakeisti.<\/p>\n<p>Verstuv\u0105 galima pasukti hidrauli\u0161kai \u012f kair\u0119 ir \u012f de\u0161in\u0119.<\/p>\n<p>Verstuvas komplektuojamas su \u0161oniniais at\u0161vaitais.<\/p>\n<p>Tarp verstuvo ir sukabinimo r\u0117mo yra spyruokl\u0117s, kurios pa\u0161alina kli\u016b\u010di\u0173 poveik\u012f verstuvui ir padeda u\u017etikrinti geresn\u012f rezultat\u0105 valant snieg\u0105.<\/p>\n<p>Var\u017etais \u0161oniniai sparnai gali b\u016bti dedami \u012f t\u0105 pa\u010di\u0105 linij\u0105 kaip ir pj\u016bklas, arba nukreipti \u012f priek\u012f, kad geriau surinkt\u0173 snieg\u0105.<\/p>","protected":false},"excerpt":{"rendered":"<table class=\"table table-striped\">\n<thead>\n<tr>\n<th><span>Produktas<\/span><\/th>\n<th><span>Darbinis plotis (+ sparnai) (a)<\/span><\/th>\n<th><span>Verstuvo auk\u0161tis (b)<\/span><\/th>\n<th><span>Verstuvo sukimosi kampas<\/span><\/th>\n<th><span>Mas\u0117 + (sukabinimas)<\/span><\/th>\n<th><span>Rekomenduojama traktoriaus galia, mas\u0117<\/span><\/th>\n<\/tr>\n<\/thead>\n<tbody>\n<tr>\n<td><span>2500HD<\/span><\/td>\n<td><span>2000 (+500) mm<\/span><\/td>\n<td><span>630 mm<\/span><\/td>\n<td><span>\u00b1 35 \u00b0<\/span><\/td>\n<td><span>398 kg<\/span><\/td>\n<td><span>40\u2013100 AG, 2,5\u20134,0 t<\/span><\/td>\n<\/tr>\n<tr>\n<td><span>3000HD<\/span><\/td>\n<td><span>2500 (+500) mm<\/span><\/td>\n<td><span>630 mm<\/span><\/td>\n<td><span>\u00b1 35 \u00b0<\/span><\/td>\n<td><span>426 kg<\/span><\/td>\n<td><span>60-120 AG, 3,0-5,0 t<\/span><\/td>\n<\/tr>\n<\/tbody>\n<\/table>","protected":false},"featured_media":12434,"comment_status":"open","ping_status":"closed","template":"","meta":[],"product_cat":[109,165],"product_tag":[206,207,208],"class_list":["post-12426","product","type-product","status-publish","has-post-thumbnail","hentry","product_cat-priedai-frontaliniam-krautuvui","product_cat-sniego-valytuvai-rotoriai","product_tag-sniego-verstuvas","product_tag-buldozeris","product_tag-stumdytuvas"],"yoast_head":"<!-- This site is optimized with the Yoast SEO plugin v20.1 - https:\/\/yoast.com\/wordpress\/plugins\/seo\/ -->\n<title>Sraigtinis sniego verstuvas HD | Horomechanika<\/title>\n<meta name=\"robots\" content=\"index, follow, max-snippet:-1, max-image-preview:large, max-video-preview:-1\" \/>\n<link rel=\"canonical\" href=\"https:\/\/www.horomechanika.lt\/ru\/product\/sraigtinis-sniego-verstuvas-hd\/\" \/>\n<meta property=\"og:locale\" content=\"ru_RU\" \/>\n<meta property=\"og:type\" content=\"article\" \/>\n<meta property=\"og:title\" content=\"Sraigtinis sniego verstuvas HD | Horomechanika\" \/>\n<meta property=\"og:description\" content=\"Produktas Darbinis plotis (+ sparnai) (a) Verstuvo auk\u0161tis (b) Verstuvo sukimosi kampas Mas\u0117 + (sukabinimas) Rekomenduojama traktoriaus galia, mas\u0117     2500HD 2000 (+500) mm 630 mm \u00b1 35 \u00b0 398 kg 40\u2013100 AG, 2,5\u20134,0 t   3000HD 2500 (+500) mm 630 mm \u00b1 35 \u00b0 426 kg 60-120 AG, 3,0-5,0 t\" \/>\n<meta property=\"og:url\" content=\"https:\/\/www.horomechanika.lt\/ru\/product\/sraigtinis-sniego-verstuvas-hd\/\" \/>\n<meta property=\"og:site_name\" content=\"Horomechanika\" \/>\n<meta property=\"article:publisher\" content=\"https:\/\/www.facebook.com\/UAB-Horo-mechanika-177091812471952\" \/>\n<meta property=\"article:modified_time\" content=\"2021-02-02T13:40:17+00:00\" \/>\n<meta property=\"og:image\" content=\"https:\/\/www.horomechanika.lt\/wp-content\/uploads\/2021\/02\/frontblade-3000hd-scaled-850x567-1.jpg\" \/>\n\t<meta property=\"og:image:width\" content=\"1189\" \/>\n\t<meta property=\"og:image:height\" content=\"851\" \/>\n\t<meta property=\"og:image:type\" content=\"image\/jpeg\" \/>\n<meta name=\"twitter:card\" content=\"summary_large_image\" \/>\n<meta name=\"twitter:label1\" content=\"\u041f\u0440\u0438\u043c\u0435\u0440\u043d\u043e\u0435 \u0432\u0440\u0435\u043c\u044f \u0434\u043b\u044f \u0447\u0442\u0435\u043d\u0438\u044f\" \/>\n\t<meta name=\"twitter:data1\" content=\"1 \u043c\u0438\u043d\u0443\u0442\u0430\" \/>\n<script type=\"application\/ld+json\" class=\"yoast-schema-graph\">{\"@context\":\"https:\/\/schema.org\",\"@graph\":[{\"@type\":\"WebPage\",\"@id\":\"https:\/\/www.horomechanika.lt\/product\/sraigtinis-sniego-verstuvas-hd\/\",\"url\":\"https:\/\/www.horomechanika.lt\/product\/sraigtinis-sniego-verstuvas-hd\/\",\"name\":\"Sraigtinis sniego verstuvas HD | Horomechanika\",\"isPartOf\":{\"@id\":\"https:\/\/www.horomechanika.lt\/#website\"},\"datePublished\":\"2021-02-02T12:26:53+00:00\",\"dateModified\":\"2021-02-02T13:40:17+00:00\",\"breadcrumb\":{\"@id\":\"https:\/\/www.horomechanika.lt\/product\/sraigtinis-sniego-verstuvas-hd\/#breadcrumb\"},\"inLanguage\":\"ru-RU\",\"potentialAction\":[{\"@type\":\"ReadAction\",\"target\":[\"https:\/\/www.horomechanika.lt\/product\/sraigtinis-sniego-verstuvas-hd\/\"]}]},{\"@type\":\"BreadcrumbList\",\"@id\":\"https:\/\/www.horomechanika.lt\/product\/sraigtinis-sniego-verstuvas-hd\/#breadcrumb\",\"itemListElement\":[{\"@type\":\"ListItem\",\"position\":1,\"name\":\"Home\",\"item\":\"https:\/\/www.horomechanika.lt\/\"},{\"@type\":\"ListItem\",\"position\":2,\"name\":\"Shop\",\"item\":\"https:\/\/www.horomechanika.lt\/ru\/shop-2\/\"},{\"@type\":\"ListItem\",\"position\":3,\"name\":\"Sraigtinis sniego verstuvas HD\"}]},{\"@type\":\"WebSite\",\"@id\":\"https:\/\/www.horomechanika.lt\/#website\",\"url\":\"https:\/\/www.horomechanika.lt\/\",\"name\":\"Horomechanika\",\"description\":\"\u017dem\u0117s \u016akio Technika\",\"publisher\":{\"@id\":\"https:\/\/www.horomechanika.lt\/#organization\"},\"potentialAction\":[{\"@type\":\"SearchAction\",\"target\":{\"@type\":\"EntryPoint\",\"urlTemplate\":\"https:\/\/www.horomechanika.lt\/?s={search_term_string}\"},\"query-input\":\"required name=search_term_string\"}],\"inLanguage\":\"ru-RU\"},{\"@type\":\"Organization\",\"@id\":\"https:\/\/www.horomechanika.lt\/#organization\",\"name\":\"UAB \\\"Horo mechanika\\\"\",\"url\":\"https:\/\/www.horomechanika.lt\/\",\"logo\":{\"@type\":\"ImageObject\",\"inLanguage\":\"ru-RU\",\"@id\":\"https:\/\/www.horomechanika.lt\/#\/schema\/logo\/image\/\",\"url\":\"https:\/\/www.horomechanika.lt\/wp-content\/uploads\/2020\/05\/horomechanika-logo.png\",\"contentUrl\":\"https:\/\/www.horomechanika.lt\/wp-content\/uploads\/2020\/05\/horomechanika-logo.png\",\"width\":137,\"height\":56,\"caption\":\"UAB \\\"Horo mechanika\\\"\"},\"image\":{\"@id\":\"https:\/\/www.horomechanika.lt\/#\/schema\/logo\/image\/\"},\"sameAs\":[\"https:\/\/www.facebook.com\/UAB-Horo-mechanika-177091812471952\"]}]}<\/script>\n<!-- \/ Yoast SEO plugin. -->","yoast_head_json":{"title":"Sraigtinis sniego verstuvas HD | Horomechanika","robots":{"index":"index","follow":"follow","max-snippet":"max-snippet:-1","max-image-preview":"max-image-preview:large","max-video-preview":"max-video-preview:-1"},"canonical":"https:\/\/www.horomechanika.lt\/ru\/product\/sraigtinis-sniego-verstuvas-hd\/","og_locale":"ru_RU","og_type":"article","og_title":"Sraigtinis sniego verstuvas HD | Horomechanika","og_description":"Produktas Darbinis plotis (+ sparnai) (a) Verstuvo auk\u0161tis (b) Verstuvo sukimosi kampas Mas\u0117 + (sukabinimas) Rekomenduojama traktoriaus galia, mas\u0117     2500HD 2000 (+500) mm 630 mm \u00b1 35 \u00b0 398 kg 40\u2013100 AG, 2,5\u20134,0 t   3000HD 2500 (+500) mm 630 mm \u00b1 35 \u00b0 426 kg 60-120 AG, 3,0-5,0 t","og_url":"https:\/\/www.horomechanika.lt\/ru\/product\/sraigtinis-sniego-verstuvas-hd\/","og_site_name":"Horomechanika","article_publisher":"https:\/\/www.facebook.com\/UAB-Horo-mechanika-177091812471952","article_modified_time":"2021-02-02T13:40:17+00:00","og_image":[{"width":1189,"height":851,"url":"https:\/\/www.horomechanika.lt\/wp-content\/uploads\/2021\/02\/frontblade-3000hd-scaled-850x567-1.jpg","type":"image\/jpeg"}],"twitter_card":"summary_large_image","twitter_misc":{"\u041f\u0440\u0438\u043c\u0435\u0440\u043d\u043e\u0435 \u0432\u0440\u0435\u043c\u044f \u0434\u043b\u044f \u0447\u0442\u0435\u043d\u0438\u044f":"1 \u043c\u0438\u043d\u0443\u0442\u0430"},"schema":{"@context":"https:\/\/schema.org","@graph":[{"@type":"WebPage","@id":"https:\/\/www.horomechanika.lt\/product\/sraigtinis-sniego-verstuvas-hd\/","url":"https:\/\/www.horomechanika.lt\/product\/sraigtinis-sniego-verstuvas-hd\/","name":"Sraigtinis sniego verstuvas HD | Horomechanika","isPartOf":{"@id":"https:\/\/www.horomechanika.lt\/#website"},"datePublished":"2021-02-02T12:26:53+00:00","dateModified":"2021-02-02T13:40:17+00:00","breadcrumb":{"@id":"https:\/\/www.horomechanika.lt\/product\/sraigtinis-sniego-verstuvas-hd\/#breadcrumb"},"inLanguage":"ru-RU","potentialAction":[{"@type":"ReadAction","target":["https:\/\/www.horomechanika.lt\/product\/sraigtinis-sniego-verstuvas-hd\/"]}]},{"@type":"BreadcrumbList","@id":"https:\/\/www.horomechanika.lt\/product\/sraigtinis-sniego-verstuvas-hd\/#breadcrumb","itemListElement":[{"@type":"ListItem","position":1,"name":"Home","item":"https:\/\/www.horomechanika.lt\/"},{"@type":"ListItem","position":2,"name":"Shop","item":"https:\/\/www.horomechanika.lt\/ru\/shop-2\/"},{"@type":"ListItem","position":3,"name":"Sraigtinis sniego verstuvas HD"}]},{"@type":"WebSite","@id":"https:\/\/www.horomechanika.lt\/#website","url":"https:\/\/www.horomechanika.lt\/","name":"Horomechanika","description":"\u017dem\u0117s \u016akio Technika","publisher":{"@id":"https:\/\/www.horomechanika.lt\/#organization"},"potentialAction":[{"@type":"SearchAction","target":{"@type":"EntryPoint","urlTemplate":"https:\/\/www.horomechanika.lt\/?s={search_term_string}"},"query-input":"required name=search_term_string"}],"inLanguage":"ru-RU"},{"@type":"Organization","@id":"https:\/\/www.horomechanika.lt\/#organization","name":"UAB \"Horo mechanika\"","url":"https:\/\/www.horomechanika.lt\/","logo":{"@type":"ImageObject","inLanguage":"ru-RU","@id":"https:\/\/www.horomechanika.lt\/#\/schema\/logo\/image\/","url":"https:\/\/www.horomechanika.lt\/wp-content\/uploads\/2020\/05\/horomechanika-logo.png","contentUrl":"https:\/\/www.horomechanika.lt\/wp-content\/uploads\/2020\/05\/horomechanika-logo.png","width":137,"height":56,"caption":"UAB \"Horo mechanika\""},"image":{"@id":"https:\/\/www.horomechanika.lt\/#\/schema\/logo\/image\/"},"sameAs":["https:\/\/www.facebook.com\/UAB-Horo-mechanika-177091812471952"]}]}},"_links":{"self":[{"href":"https:\/\/www.horomechanika.lt\/ru\/wp-json\/wp\/v2\/product\/12426","targetHints":{"allow":["GET"]}}],"collection":[{"href":"https:\/\/www.horomechanika.lt\/ru\/wp-json\/wp\/v2\/product"}],"about":[{"href":"https:\/\/www.horomechanika.lt\/ru\/wp-json\/wp\/v2\/types\/product"}],"replies":[{"embeddable":true,"href":"https:\/\/www.horomechanika.lt\/ru\/wp-json\/wp\/v2\/comments?post=12426"}],"wp:featuredmedia":[{"embeddable":true,"href":"https:\/\/www.horomechanika.lt\/ru\/wp-json\/wp\/v2\/media\/12434"}],"wp:attachment":[{"href":"https:\/\/www.horomechanika.lt\/ru\/wp-json\/wp\/v2\/media?parent=12426"}],"wp:term":[{"taxonomy":"product_cat","embeddable":true,"href":"https:\/\/www.horomechanika.lt\/ru\/wp-json\/wp\/v2\/product_cat?post=12426"},{"taxonomy":"product_tag","embeddable":true,"href":"https:\/\/www.horomechanika.lt\/ru\/wp-json\/wp\/v2\/product_tag?post=12426"}],"curies":[{"name":"wp","href":"https:\/\/api.w.org\/{rel}","templated":true}]}}