{"id":12440,"date":"2021-02-02T16:49:21","date_gmt":"2021-02-02T13:49:21","guid":{"rendered":"https:\/\/www.horomechanika.lt\/?post_type=product&#038;p=12440"},"modified":"2022-05-11T09:08:13","modified_gmt":"2022-05-11T06:08:13","slug":"sniego-verstuvas-ul","status":"publish","type":"product","link":"https:\/\/www.horomechanika.lt\/ru\/product\/sniego-verstuvas-ul\/","title":{"rendered":"Sniego verstuvas UL"},"content":{"rendered":"<p><span>Darbin\u012f pj\u016bklo\u00a0<\/span><span>auk\u0161t\u012f galima reguliuoti\u00a0<\/span><span>atraminiais dantimis, kuri\u0173 plok\u0161t\u0117s pagamintos i\u0161 specialaus \u201eBruxite\u201c plieno.<\/span><\/p>\n<p><span>Pj\u016bklas yra standartinis su elektriniu vo\u017etuvu ir valdymo skydeliu, kuriuo galima atskirai perkelti sparnus.\u00a0<\/span><span>Va\u017eiuojant prie\u0161 kli\u016bt\u012f, \u012fjungiamas apsauginis vo\u017etuvas, o sparno sl\u0117gio akumuliatoriumi pl\u016bgas perkeliamas atgal \u012f pradin\u0119 pad\u0117t\u012f.<\/span><\/p>\n<p><span>\u201eUM\u201c serijos pj\u016bkluose sumontuoti LED gabaritiniai \u017eibintai. <\/span><span>At\u0161vaitai yra standartiniai\u00a0UL serijos\u00a0pj\u016bklai.<\/span><\/p>\n<p><span>Galimi abu\u00a0<\/span><span>standartinio dyd\u017eio \u201eOlofsfors\u201c\u00a0<\/span><span>peili\u0173 kra\u0161tai.\u00a0<\/span><\/p>\n<p><span>UL serijos pj\u016bklai turi agresyvi\u0105 a\u0161men\u0173 ir sparn\u0173 form\u0105.\u00a0<\/span><span>\u012e priek\u012f nukreiptas peilis suma\u017eina degal\u0173 s\u0105naudas dirbant.<\/span><\/p>\n<p><span>A\u0161men\u0173<\/span><br \/>\n<span>laikikliai\u00a0su\u00a0spyruokliniais reljefais yra suskirstyti \u012f atskiras judan\u010dias dalis,<\/span><br \/>\n<span>kurios u\u017etikrina ilgesn\u012f<\/span><br \/>\n<span>pl\u016bgo\u00a0tarnavimo laik\u0105 ir \u0161varesn\u012f\u00a0sniego pa\u0161alinim\u0105\u00a0kertant kli\u016bt\u012f\u00a0.<\/span><\/p>\n<p>&nbsp;<\/p>\n<p><iframe loading=\"lazy\" title=\"SAMI U-Plough UL-3000\" width=\"895\" height=\"503\" src=\"https:\/\/www.youtube.com\/embed\/TFn_q5KaQ2c?feature=oembed\" frameborder=\"0\" allow=\"accelerometer; autoplay; clipboard-write; encrypted-media; gyroscope; picture-in-picture\" allowfullscreen><\/iframe><\/p>","protected":false},"excerpt":{"rendered":"<table class=\"table table-striped\">\n<thead>\n<tr>\n<th><span>Produktas<\/span><\/th>\n<th><span>Darbinis plotis min-max (a)<\/span><\/th>\n<th><span>Valytuvo auk\u0161tis (b)<\/span><\/th>\n<th><span>Valytuvo sukimosi kampas<\/span><\/th>\n<th><span>Sparno kampas<\/span><\/th>\n<th><span>Mas\u0117 + (sukabinimas)<\/span><\/th>\n<th><span>Rekomenduojama traktoriaus galia ir mas\u0117<\/span><\/th>\n<\/tr>\n<\/thead>\n<tbody>\n<tr>\n<td><span>UL-3000<\/span><\/td>\n<td><span>1832 &#8211; 3088 mm<\/span><\/td>\n<td><span>740 mm<\/span><\/td>\n<td><span>+\/- 35 \u00b0<\/span><\/td>\n<td><span>\u00b1 90 \u00b0<\/span><\/td>\n<td><span>586 kg<\/span><\/td>\n<td><span>45-100 AG, 2,0-3,5 t<\/span><\/td>\n<\/tr>\n<tr>\n<td><span>UM-3600<\/span><\/td>\n<td><span>1866 &#8211; 3774 mm<\/span><\/td>\n<td><span>955 mm<\/span><\/td>\n<td><span>+\/- 35 \u00b0<\/span><\/td>\n<td><span>\u00b1 90 \u00b0<\/span><\/td>\n<td><span>880 kg<\/span><\/td>\n<td><span>100\u2013150 AG, 5,0\u20137,0 t<\/span><\/td>\n<\/tr>\n<tr>\n<td><span>UM-4200<\/span><\/td>\n<td><span>2474 &#8211; 4382 mm<\/span><\/td>\n<td><span>955 mm<\/span><\/td>\n<td><span>+\/- 38 \u00b0<\/span><\/td>\n<td><span>\u00b1 90 \u00b0<\/span><\/td>\n<td><span>992 kg<\/span><\/td>\n<td><span>120\u2013180 AG, 6,0\u20138,0 t<\/span><\/td>\n<\/tr>\n<tr>\n<td><span>UM-4800<\/span><\/td>\n<td><span>2477 &#8211; 5033 mm<\/span><\/td>\n<td><span>955 mm<\/span><\/td>\n<td><span>+\/- 38 \u00b0<\/span><\/td>\n<td><span>\u00b1 90 \u00b0<\/span><\/td>\n<td><span>1060 kg<\/span><\/td>\n<td><span>140-200 AG, 6,0-9,0 t<\/span><\/td>\n<\/tr>\n<\/tbody>\n<\/table>","protected":false},"featured_media":12452,"comment_status":"open","ping_status":"closed","template":"","meta":[],"product_cat":[109,165],"product_tag":[206,207,208],"class_list":["post-12440","product","type-product","status-publish","has-post-thumbnail","hentry","product_cat-priedai-frontaliniam-krautuvui","product_cat-sniego-valytuvai-rotoriai","product_tag-sniego-verstuvas","product_tag-buldozeris","product_tag-stumdytuvas"],"yoast_head":"<!-- This site is optimized with the Yoast SEO plugin v20.1 - https:\/\/yoast.com\/wordpress\/plugins\/seo\/ -->\n<title>Sniego verstuvas UL | Horomechanika<\/title>\n<meta name=\"robots\" content=\"index, follow, max-snippet:-1, max-image-preview:large, max-video-preview:-1\" \/>\n<link rel=\"canonical\" href=\"https:\/\/www.horomechanika.lt\/ru\/product\/sniego-verstuvas-ul\/\" \/>\n<meta property=\"og:locale\" content=\"ru_RU\" \/>\n<meta property=\"og:type\" content=\"article\" \/>\n<meta property=\"og:title\" content=\"Sniego verstuvas UL | Horomechanika\" \/>\n<meta property=\"og:description\" content=\"Produktas Darbinis plotis min-max (a) Valytuvo auk\u0161tis (b) Valytuvo sukimosi kampas Sparno kampas Mas\u0117 + (sukabinimas) Rekomenduojama traktoriaus galia ir mas\u0117     UL-3000 1832 - 3088 mm 740 mm +\/- 35 \u00b0 \u00b1 90 \u00b0 586 kg 45-100 AG, 2,0-3,5 t   UM-3600 1866 - 3774 mm 955 mm +\/- 35 \u00b0 \u00b1 90 \u00b0 880 kg 100\u2013150 AG, 5,0\u20137,0 t   UM-4200 2474 - 4382 mm 955 mm +\/- 38 \u00b0 \u00b1 90 \u00b0 992 kg 120\u2013180 AG, 6,0\u20138,0 t   UM-4800 2477 - 5033 mm 955 mm +\/- 38 \u00b0 \u00b1 90 \u00b0 1060 kg 140-200 AG, 6,0-9,0 t\" \/>\n<meta property=\"og:url\" content=\"https:\/\/www.horomechanika.lt\/ru\/product\/sniego-verstuvas-ul\/\" \/>\n<meta property=\"og:site_name\" content=\"Horomechanika\" \/>\n<meta property=\"article:publisher\" content=\"https:\/\/www.facebook.com\/UAB-Horo-mechanika-177091812471952\" \/>\n<meta property=\"article:modified_time\" content=\"2022-05-11T06:08:13+00:00\" \/>\n<meta property=\"og:image\" content=\"https:\/\/www.horomechanika.lt\/wp-content\/uploads\/2021\/02\/U-plough_4200-scaled-1-scaled.jpg\" \/>\n\t<meta property=\"og:image:width\" content=\"2560\" \/>\n\t<meta property=\"og:image:height\" content=\"1808\" \/>\n\t<meta property=\"og:image:type\" content=\"image\/jpeg\" \/>\n<meta name=\"twitter:card\" content=\"summary_large_image\" \/>\n<meta name=\"twitter:label1\" content=\"\u041f\u0440\u0438\u043c\u0435\u0440\u043d\u043e\u0435 \u0432\u0440\u0435\u043c\u044f \u0434\u043b\u044f \u0447\u0442\u0435\u043d\u0438\u044f\" \/>\n\t<meta name=\"twitter:data1\" content=\"1 \u043c\u0438\u043d\u0443\u0442\u0430\" \/>\n<script type=\"application\/ld+json\" class=\"yoast-schema-graph\">{\"@context\":\"https:\/\/schema.org\",\"@graph\":[{\"@type\":\"WebPage\",\"@id\":\"https:\/\/www.horomechanika.lt\/product\/sniego-verstuvas-ul\/\",\"url\":\"https:\/\/www.horomechanika.lt\/product\/sniego-verstuvas-ul\/\",\"name\":\"Sniego verstuvas UL | Horomechanika\",\"isPartOf\":{\"@id\":\"https:\/\/www.horomechanika.lt\/#website\"},\"datePublished\":\"2021-02-02T13:49:21+00:00\",\"dateModified\":\"2022-05-11T06:08:13+00:00\",\"breadcrumb\":{\"@id\":\"https:\/\/www.horomechanika.lt\/product\/sniego-verstuvas-ul\/#breadcrumb\"},\"inLanguage\":\"ru-RU\",\"potentialAction\":[{\"@type\":\"ReadAction\",\"target\":[\"https:\/\/www.horomechanika.lt\/product\/sniego-verstuvas-ul\/\"]}]},{\"@type\":\"BreadcrumbList\",\"@id\":\"https:\/\/www.horomechanika.lt\/product\/sniego-verstuvas-ul\/#breadcrumb\",\"itemListElement\":[{\"@type\":\"ListItem\",\"position\":1,\"name\":\"Home\",\"item\":\"https:\/\/www.horomechanika.lt\/\"},{\"@type\":\"ListItem\",\"position\":2,\"name\":\"Shop\",\"item\":\"https:\/\/www.horomechanika.lt\/ru\/shop-2\/\"},{\"@type\":\"ListItem\",\"position\":3,\"name\":\"Sniego verstuvas UL\"}]},{\"@type\":\"WebSite\",\"@id\":\"https:\/\/www.horomechanika.lt\/#website\",\"url\":\"https:\/\/www.horomechanika.lt\/\",\"name\":\"Horomechanika\",\"description\":\"\u017dem\u0117s \u016akio Technika\",\"publisher\":{\"@id\":\"https:\/\/www.horomechanika.lt\/#organization\"},\"potentialAction\":[{\"@type\":\"SearchAction\",\"target\":{\"@type\":\"EntryPoint\",\"urlTemplate\":\"https:\/\/www.horomechanika.lt\/?s={search_term_string}\"},\"query-input\":\"required name=search_term_string\"}],\"inLanguage\":\"ru-RU\"},{\"@type\":\"Organization\",\"@id\":\"https:\/\/www.horomechanika.lt\/#organization\",\"name\":\"UAB \\\"Horo mechanika\\\"\",\"url\":\"https:\/\/www.horomechanika.lt\/\",\"logo\":{\"@type\":\"ImageObject\",\"inLanguage\":\"ru-RU\",\"@id\":\"https:\/\/www.horomechanika.lt\/#\/schema\/logo\/image\/\",\"url\":\"https:\/\/www.horomechanika.lt\/wp-content\/uploads\/2020\/05\/horomechanika-logo.png\",\"contentUrl\":\"https:\/\/www.horomechanika.lt\/wp-content\/uploads\/2020\/05\/horomechanika-logo.png\",\"width\":137,\"height\":56,\"caption\":\"UAB \\\"Horo mechanika\\\"\"},\"image\":{\"@id\":\"https:\/\/www.horomechanika.lt\/#\/schema\/logo\/image\/\"},\"sameAs\":[\"https:\/\/www.facebook.com\/UAB-Horo-mechanika-177091812471952\"]}]}<\/script>\n<!-- \/ Yoast SEO plugin. -->","yoast_head_json":{"title":"Sniego verstuvas UL | Horomechanika","robots":{"index":"index","follow":"follow","max-snippet":"max-snippet:-1","max-image-preview":"max-image-preview:large","max-video-preview":"max-video-preview:-1"},"canonical":"https:\/\/www.horomechanika.lt\/ru\/product\/sniego-verstuvas-ul\/","og_locale":"ru_RU","og_type":"article","og_title":"Sniego verstuvas UL | Horomechanika","og_description":"Produktas Darbinis plotis min-max (a) Valytuvo auk\u0161tis (b) Valytuvo sukimosi kampas Sparno kampas Mas\u0117 + (sukabinimas) Rekomenduojama traktoriaus galia ir mas\u0117     UL-3000 1832 - 3088 mm 740 mm +\/- 35 \u00b0 \u00b1 90 \u00b0 586 kg 45-100 AG, 2,0-3,5 t   UM-3600 1866 - 3774 mm 955 mm +\/- 35 \u00b0 \u00b1 90 \u00b0 880 kg 100\u2013150 AG, 5,0\u20137,0 t   UM-4200 2474 - 4382 mm 955 mm +\/- 38 \u00b0 \u00b1 90 \u00b0 992 kg 120\u2013180 AG, 6,0\u20138,0 t   UM-4800 2477 - 5033 mm 955 mm +\/- 38 \u00b0 \u00b1 90 \u00b0 1060 kg 140-200 AG, 6,0-9,0 t","og_url":"https:\/\/www.horomechanika.lt\/ru\/product\/sniego-verstuvas-ul\/","og_site_name":"Horomechanika","article_publisher":"https:\/\/www.facebook.com\/UAB-Horo-mechanika-177091812471952","article_modified_time":"2022-05-11T06:08:13+00:00","og_image":[{"width":2560,"height":1808,"url":"https:\/\/www.horomechanika.lt\/wp-content\/uploads\/2021\/02\/U-plough_4200-scaled-1-scaled.jpg","type":"image\/jpeg"}],"twitter_card":"summary_large_image","twitter_misc":{"\u041f\u0440\u0438\u043c\u0435\u0440\u043d\u043e\u0435 \u0432\u0440\u0435\u043c\u044f \u0434\u043b\u044f \u0447\u0442\u0435\u043d\u0438\u044f":"1 \u043c\u0438\u043d\u0443\u0442\u0430"},"schema":{"@context":"https:\/\/schema.org","@graph":[{"@type":"WebPage","@id":"https:\/\/www.horomechanika.lt\/product\/sniego-verstuvas-ul\/","url":"https:\/\/www.horomechanika.lt\/product\/sniego-verstuvas-ul\/","name":"Sniego verstuvas UL | Horomechanika","isPartOf":{"@id":"https:\/\/www.horomechanika.lt\/#website"},"datePublished":"2021-02-02T13:49:21+00:00","dateModified":"2022-05-11T06:08:13+00:00","breadcrumb":{"@id":"https:\/\/www.horomechanika.lt\/product\/sniego-verstuvas-ul\/#breadcrumb"},"inLanguage":"ru-RU","potentialAction":[{"@type":"ReadAction","target":["https:\/\/www.horomechanika.lt\/product\/sniego-verstuvas-ul\/"]}]},{"@type":"BreadcrumbList","@id":"https:\/\/www.horomechanika.lt\/product\/sniego-verstuvas-ul\/#breadcrumb","itemListElement":[{"@type":"ListItem","position":1,"name":"Home","item":"https:\/\/www.horomechanika.lt\/"},{"@type":"ListItem","position":2,"name":"Shop","item":"https:\/\/www.horomechanika.lt\/ru\/shop-2\/"},{"@type":"ListItem","position":3,"name":"Sniego verstuvas UL"}]},{"@type":"WebSite","@id":"https:\/\/www.horomechanika.lt\/#website","url":"https:\/\/www.horomechanika.lt\/","name":"Horomechanika","description":"\u017dem\u0117s \u016akio Technika","publisher":{"@id":"https:\/\/www.horomechanika.lt\/#organization"},"potentialAction":[{"@type":"SearchAction","target":{"@type":"EntryPoint","urlTemplate":"https:\/\/www.horomechanika.lt\/?s={search_term_string}"},"query-input":"required name=search_term_string"}],"inLanguage":"ru-RU"},{"@type":"Organization","@id":"https:\/\/www.horomechanika.lt\/#organization","name":"UAB \"Horo mechanika\"","url":"https:\/\/www.horomechanika.lt\/","logo":{"@type":"ImageObject","inLanguage":"ru-RU","@id":"https:\/\/www.horomechanika.lt\/#\/schema\/logo\/image\/","url":"https:\/\/www.horomechanika.lt\/wp-content\/uploads\/2020\/05\/horomechanika-logo.png","contentUrl":"https:\/\/www.horomechanika.lt\/wp-content\/uploads\/2020\/05\/horomechanika-logo.png","width":137,"height":56,"caption":"UAB \"Horo mechanika\""},"image":{"@id":"https:\/\/www.horomechanika.lt\/#\/schema\/logo\/image\/"},"sameAs":["https:\/\/www.facebook.com\/UAB-Horo-mechanika-177091812471952"]}]}},"_links":{"self":[{"href":"https:\/\/www.horomechanika.lt\/ru\/wp-json\/wp\/v2\/product\/12440","targetHints":{"allow":["GET"]}}],"collection":[{"href":"https:\/\/www.horomechanika.lt\/ru\/wp-json\/wp\/v2\/product"}],"about":[{"href":"https:\/\/www.horomechanika.lt\/ru\/wp-json\/wp\/v2\/types\/product"}],"replies":[{"embeddable":true,"href":"https:\/\/www.horomechanika.lt\/ru\/wp-json\/wp\/v2\/comments?post=12440"}],"wp:featuredmedia":[{"embeddable":true,"href":"https:\/\/www.horomechanika.lt\/ru\/wp-json\/wp\/v2\/media\/12452"}],"wp:attachment":[{"href":"https:\/\/www.horomechanika.lt\/ru\/wp-json\/wp\/v2\/media?parent=12440"}],"wp:term":[{"taxonomy":"product_cat","embeddable":true,"href":"https:\/\/www.horomechanika.lt\/ru\/wp-json\/wp\/v2\/product_cat?post=12440"},{"taxonomy":"product_tag","embeddable":true,"href":"https:\/\/www.horomechanika.lt\/ru\/wp-json\/wp\/v2\/product_tag?post=12440"}],"curies":[{"name":"wp","href":"https:\/\/api.w.org\/{rel}","templated":true}]}}