{"id":12453,"date":"2021-02-02T17:06:37","date_gmt":"2021-02-02T14:06:37","guid":{"rendered":"https:\/\/www.horomechanika.lt\/?post_type=product&#038;p=12453"},"modified":"2022-05-11T09:09:47","modified_gmt":"2022-05-11T06:09:47","slug":"sniego-verstuvas-vl","status":"publish","type":"product","link":"https:\/\/www.horomechanika.lt\/ru\/product\/sniego-verstuvas-vl\/","title":{"rendered":"Sniego verstuvas VL"},"content":{"rendered":"<p>Verstuvas sukurtas su plaukiojan\u010dia konstrukcija, kad b\u016bt\u0173 galima geriau kopijuoti ant \u017eem\u0117s.<\/p>\n<p><span>Paleidus apsaugin\u012f vo\u017etuv\u0105 per dideliu sl\u0117giu, sl\u0117gio akumuliatoriumi vertuvas gr\u012f\u017eta \u012f pradin\u0119 pad\u0117t\u012f. <\/span><span>Sl\u0117gio akumuliatorius yra neprivalomas.<\/span><\/p>\n<p>Verstuvas yra standarte su elektriniu vo\u017etuvu ir valdymo skydeliu, kuriuo galima atskirai pasukti sparnus.<\/p>\n<p>Verstuvo darbinis auk\u0161tis galima palaipsniui reguliuoti naudojant atraminius pava\u017eas.<\/p>\n<p>Pava\u017e\u0173 laikikliai su spyruoklinine apsauga u\u017etikrina \u0161varesn\u012f sniego valymo rezultat\u0105 ir ilgesn\u012f pl\u016bgo tarnavimo laik\u0105 kertant kli\u016bt\u012f.<\/p>\n<p><span>Galimi abu standartinio dyd\u017eio \u201eOlofsfors\u201c peili\u0173 kra\u0161tai.\u00a0<\/span><span>Pl\u016bgas taip pat gali b\u016bti komplektuojamas tinklin\u0117miais arba guminiais a\u0161menimis.<\/span><\/p>\n<p>LED pos\u016bkio \u017eibintai yra pasirinktiniai pl\u016bgui.<\/p>","protected":false},"excerpt":{"rendered":"<table class=\"table table-striped\">\n<thead>\n<tr>\n<th><span>Produktas<\/span><\/th>\n<th><span>Maks.\u00a0darbinis plotis (a)<\/span><\/th>\n<th><span>Min.\u00a0darbinis plotis<\/span><\/th>\n<th><span>Sparno kampas<\/span><\/th>\n<th><span>Verstuvo auk\u0161tis (b)<\/span><\/th>\n<th><span>Mas\u0117\u00a0 + (prikabinimas)<\/span><\/th>\n<th><span>Rekomenduojama traktoriaus galia, mas\u0117<\/span><\/th>\n<\/tr>\n<\/thead>\n<tbody>\n<tr>\n<td><span>VL-1600<\/span><\/td>\n<td><span>1694 mm<\/span><\/td>\n<td><span>1340 mm<\/span><\/td>\n<td><span>+\/- 35 \u00b0<\/span><\/td>\n<td><span>728 mm<\/span><\/td>\n<td><span>180 kg<\/span><\/td>\n<td><span>30-60 AG, iki 3,1 t<\/span><\/td>\n<\/tr>\n<tr>\n<td><span>VL-1800<\/span><\/td>\n<td><span>1941 mm<\/span><\/td>\n<td><span>1580 mm<\/span><\/td>\n<td><span>+\/- 35 \u00b0<\/span><\/td>\n<td><span>749 mm<\/span><\/td>\n<td><span>190 kg<\/span><\/td>\n<td><span>30-60 AG, iki 3,1 t<\/span><\/td>\n<\/tr>\n<tr>\n<td><span>VL-2000<\/span><\/td>\n<td><span>2093 mm<\/span><\/td>\n<td><span>1730 mm<\/span><\/td>\n<td><span>+\/- 35 \u00b0<\/span><\/td>\n<td><span>755 mm<\/span><\/td>\n<td><span>198 kg<\/span><\/td>\n<td><span>30-60 AG, iki 3,1 t<\/span><\/td>\n<\/tr>\n<\/tbody>\n<\/table>","protected":false},"featured_media":12462,"comment_status":"open","ping_status":"closed","template":"","meta":[],"product_cat":[109,165],"product_tag":[206,207,208],"class_list":["post-12453","product","type-product","status-publish","has-post-thumbnail","hentry","product_cat-priedai-frontaliniam-krautuvui","product_cat-sniego-valytuvai-rotoriai","product_tag-sniego-verstuvas","product_tag-buldozeris","product_tag-stumdytuvas"],"yoast_head":"<!-- This site is optimized with the Yoast SEO plugin v20.1 - https:\/\/yoast.com\/wordpress\/plugins\/seo\/ -->\n<title>Sniego verstuvas VL | Horomechanika<\/title>\n<meta name=\"robots\" content=\"index, follow, max-snippet:-1, max-image-preview:large, max-video-preview:-1\" \/>\n<link rel=\"canonical\" href=\"https:\/\/www.horomechanika.lt\/ru\/product\/sniego-verstuvas-vl\/\" \/>\n<meta property=\"og:locale\" content=\"ru_RU\" \/>\n<meta property=\"og:type\" content=\"article\" \/>\n<meta property=\"og:title\" content=\"Sniego verstuvas VL | Horomechanika\" \/>\n<meta property=\"og:description\" content=\"Produktas Maks.\u00a0darbinis plotis (a) Min.\u00a0darbinis plotis Sparno kampas Verstuvo auk\u0161tis (b) Mas\u0117\u00a0 + (prikabinimas) Rekomenduojama traktoriaus galia, mas\u0117     VL-1600 1694 mm 1340 mm +\/- 35 \u00b0 728 mm 180 kg 30-60 AG, iki 3,1 t   VL-1800 1941 mm 1580 mm +\/- 35 \u00b0 749 mm 190 kg 30-60 AG, iki 3,1 t   VL-2000 2093 mm 1730 mm +\/- 35 \u00b0 755 mm 198 kg 30-60 AG, iki 3,1 t\" \/>\n<meta property=\"og:url\" content=\"https:\/\/www.horomechanika.lt\/ru\/product\/sniego-verstuvas-vl\/\" \/>\n<meta property=\"og:site_name\" content=\"Horomechanika\" \/>\n<meta property=\"article:publisher\" content=\"https:\/\/www.facebook.com\/UAB-Horo-mechanika-177091812471952\" \/>\n<meta property=\"article:modified_time\" content=\"2022-05-11T06:09:47+00:00\" \/>\n<meta property=\"og:image\" content=\"https:\/\/www.horomechanika.lt\/wp-content\/uploads\/2021\/02\/v-plough-vl-1800-850x567-1.png\" \/>\n\t<meta property=\"og:image:width\" content=\"1132\" \/>\n\t<meta property=\"og:image:height\" content=\"839\" \/>\n\t<meta property=\"og:image:type\" content=\"image\/png\" \/>\n<meta name=\"twitter:card\" content=\"summary_large_image\" \/>\n<meta name=\"twitter:label1\" content=\"\u041f\u0440\u0438\u043c\u0435\u0440\u043d\u043e\u0435 \u0432\u0440\u0435\u043c\u044f \u0434\u043b\u044f \u0447\u0442\u0435\u043d\u0438\u044f\" \/>\n\t<meta name=\"twitter:data1\" content=\"1 \u043c\u0438\u043d\u0443\u0442\u0430\" \/>\n<script type=\"application\/ld+json\" class=\"yoast-schema-graph\">{\"@context\":\"https:\/\/schema.org\",\"@graph\":[{\"@type\":\"WebPage\",\"@id\":\"https:\/\/www.horomechanika.lt\/product\/sniego-verstuvas-vl\/\",\"url\":\"https:\/\/www.horomechanika.lt\/product\/sniego-verstuvas-vl\/\",\"name\":\"Sniego verstuvas VL | Horomechanika\",\"isPartOf\":{\"@id\":\"https:\/\/www.horomechanika.lt\/#website\"},\"datePublished\":\"2021-02-02T14:06:37+00:00\",\"dateModified\":\"2022-05-11T06:09:47+00:00\",\"breadcrumb\":{\"@id\":\"https:\/\/www.horomechanika.lt\/product\/sniego-verstuvas-vl\/#breadcrumb\"},\"inLanguage\":\"ru-RU\",\"potentialAction\":[{\"@type\":\"ReadAction\",\"target\":[\"https:\/\/www.horomechanika.lt\/product\/sniego-verstuvas-vl\/\"]}]},{\"@type\":\"BreadcrumbList\",\"@id\":\"https:\/\/www.horomechanika.lt\/product\/sniego-verstuvas-vl\/#breadcrumb\",\"itemListElement\":[{\"@type\":\"ListItem\",\"position\":1,\"name\":\"Home\",\"item\":\"https:\/\/www.horomechanika.lt\/\"},{\"@type\":\"ListItem\",\"position\":2,\"name\":\"Shop\",\"item\":\"https:\/\/www.horomechanika.lt\/ru\/shop-2\/\"},{\"@type\":\"ListItem\",\"position\":3,\"name\":\"Sniego verstuvas VL\"}]},{\"@type\":\"WebSite\",\"@id\":\"https:\/\/www.horomechanika.lt\/#website\",\"url\":\"https:\/\/www.horomechanika.lt\/\",\"name\":\"Horomechanika\",\"description\":\"\u017dem\u0117s \u016akio Technika\",\"publisher\":{\"@id\":\"https:\/\/www.horomechanika.lt\/#organization\"},\"potentialAction\":[{\"@type\":\"SearchAction\",\"target\":{\"@type\":\"EntryPoint\",\"urlTemplate\":\"https:\/\/www.horomechanika.lt\/?s={search_term_string}\"},\"query-input\":\"required name=search_term_string\"}],\"inLanguage\":\"ru-RU\"},{\"@type\":\"Organization\",\"@id\":\"https:\/\/www.horomechanika.lt\/#organization\",\"name\":\"UAB \\\"Horo mechanika\\\"\",\"url\":\"https:\/\/www.horomechanika.lt\/\",\"logo\":{\"@type\":\"ImageObject\",\"inLanguage\":\"ru-RU\",\"@id\":\"https:\/\/www.horomechanika.lt\/#\/schema\/logo\/image\/\",\"url\":\"https:\/\/www.horomechanika.lt\/wp-content\/uploads\/2020\/05\/horomechanika-logo.png\",\"contentUrl\":\"https:\/\/www.horomechanika.lt\/wp-content\/uploads\/2020\/05\/horomechanika-logo.png\",\"width\":137,\"height\":56,\"caption\":\"UAB \\\"Horo mechanika\\\"\"},\"image\":{\"@id\":\"https:\/\/www.horomechanika.lt\/#\/schema\/logo\/image\/\"},\"sameAs\":[\"https:\/\/www.facebook.com\/UAB-Horo-mechanika-177091812471952\"]}]}<\/script>\n<!-- \/ Yoast SEO plugin. -->","yoast_head_json":{"title":"Sniego verstuvas VL | Horomechanika","robots":{"index":"index","follow":"follow","max-snippet":"max-snippet:-1","max-image-preview":"max-image-preview:large","max-video-preview":"max-video-preview:-1"},"canonical":"https:\/\/www.horomechanika.lt\/ru\/product\/sniego-verstuvas-vl\/","og_locale":"ru_RU","og_type":"article","og_title":"Sniego verstuvas VL | Horomechanika","og_description":"Produktas Maks.\u00a0darbinis plotis (a) Min.\u00a0darbinis plotis Sparno kampas Verstuvo auk\u0161tis (b) Mas\u0117\u00a0 + (prikabinimas) Rekomenduojama traktoriaus galia, mas\u0117     VL-1600 1694 mm 1340 mm +\/- 35 \u00b0 728 mm 180 kg 30-60 AG, iki 3,1 t   VL-1800 1941 mm 1580 mm +\/- 35 \u00b0 749 mm 190 kg 30-60 AG, iki 3,1 t   VL-2000 2093 mm 1730 mm +\/- 35 \u00b0 755 mm 198 kg 30-60 AG, iki 3,1 t","og_url":"https:\/\/www.horomechanika.lt\/ru\/product\/sniego-verstuvas-vl\/","og_site_name":"Horomechanika","article_publisher":"https:\/\/www.facebook.com\/UAB-Horo-mechanika-177091812471952","article_modified_time":"2022-05-11T06:09:47+00:00","og_image":[{"width":1132,"height":839,"url":"https:\/\/www.horomechanika.lt\/wp-content\/uploads\/2021\/02\/v-plough-vl-1800-850x567-1.png","type":"image\/png"}],"twitter_card":"summary_large_image","twitter_misc":{"\u041f\u0440\u0438\u043c\u0435\u0440\u043d\u043e\u0435 \u0432\u0440\u0435\u043c\u044f \u0434\u043b\u044f \u0447\u0442\u0435\u043d\u0438\u044f":"1 \u043c\u0438\u043d\u0443\u0442\u0430"},"schema":{"@context":"https:\/\/schema.org","@graph":[{"@type":"WebPage","@id":"https:\/\/www.horomechanika.lt\/product\/sniego-verstuvas-vl\/","url":"https:\/\/www.horomechanika.lt\/product\/sniego-verstuvas-vl\/","name":"Sniego verstuvas VL | Horomechanika","isPartOf":{"@id":"https:\/\/www.horomechanika.lt\/#website"},"datePublished":"2021-02-02T14:06:37+00:00","dateModified":"2022-05-11T06:09:47+00:00","breadcrumb":{"@id":"https:\/\/www.horomechanika.lt\/product\/sniego-verstuvas-vl\/#breadcrumb"},"inLanguage":"ru-RU","potentialAction":[{"@type":"ReadAction","target":["https:\/\/www.horomechanika.lt\/product\/sniego-verstuvas-vl\/"]}]},{"@type":"BreadcrumbList","@id":"https:\/\/www.horomechanika.lt\/product\/sniego-verstuvas-vl\/#breadcrumb","itemListElement":[{"@type":"ListItem","position":1,"name":"Home","item":"https:\/\/www.horomechanika.lt\/"},{"@type":"ListItem","position":2,"name":"Shop","item":"https:\/\/www.horomechanika.lt\/ru\/shop-2\/"},{"@type":"ListItem","position":3,"name":"Sniego verstuvas VL"}]},{"@type":"WebSite","@id":"https:\/\/www.horomechanika.lt\/#website","url":"https:\/\/www.horomechanika.lt\/","name":"Horomechanika","description":"\u017dem\u0117s \u016akio Technika","publisher":{"@id":"https:\/\/www.horomechanika.lt\/#organization"},"potentialAction":[{"@type":"SearchAction","target":{"@type":"EntryPoint","urlTemplate":"https:\/\/www.horomechanika.lt\/?s={search_term_string}"},"query-input":"required name=search_term_string"}],"inLanguage":"ru-RU"},{"@type":"Organization","@id":"https:\/\/www.horomechanika.lt\/#organization","name":"UAB \"Horo mechanika\"","url":"https:\/\/www.horomechanika.lt\/","logo":{"@type":"ImageObject","inLanguage":"ru-RU","@id":"https:\/\/www.horomechanika.lt\/#\/schema\/logo\/image\/","url":"https:\/\/www.horomechanika.lt\/wp-content\/uploads\/2020\/05\/horomechanika-logo.png","contentUrl":"https:\/\/www.horomechanika.lt\/wp-content\/uploads\/2020\/05\/horomechanika-logo.png","width":137,"height":56,"caption":"UAB \"Horo mechanika\""},"image":{"@id":"https:\/\/www.horomechanika.lt\/#\/schema\/logo\/image\/"},"sameAs":["https:\/\/www.facebook.com\/UAB-Horo-mechanika-177091812471952"]}]}},"_links":{"self":[{"href":"https:\/\/www.horomechanika.lt\/ru\/wp-json\/wp\/v2\/product\/12453","targetHints":{"allow":["GET"]}}],"collection":[{"href":"https:\/\/www.horomechanika.lt\/ru\/wp-json\/wp\/v2\/product"}],"about":[{"href":"https:\/\/www.horomechanika.lt\/ru\/wp-json\/wp\/v2\/types\/product"}],"replies":[{"embeddable":true,"href":"https:\/\/www.horomechanika.lt\/ru\/wp-json\/wp\/v2\/comments?post=12453"}],"wp:featuredmedia":[{"embeddable":true,"href":"https:\/\/www.horomechanika.lt\/ru\/wp-json\/wp\/v2\/media\/12462"}],"wp:attachment":[{"href":"https:\/\/www.horomechanika.lt\/ru\/wp-json\/wp\/v2\/media?parent=12453"}],"wp:term":[{"taxonomy":"product_cat","embeddable":true,"href":"https:\/\/www.horomechanika.lt\/ru\/wp-json\/wp\/v2\/product_cat?post=12453"},{"taxonomy":"product_tag","embeddable":true,"href":"https:\/\/www.horomechanika.lt\/ru\/wp-json\/wp\/v2\/product_tag?post=12453"}],"curies":[{"name":"wp","href":"https:\/\/api.w.org\/{rel}","templated":true}]}}