{"id":12468,"date":"2021-02-02T17:20:04","date_gmt":"2021-02-02T14:20:04","guid":{"rendered":"https:\/\/www.horomechanika.lt\/?post_type=product&#038;p=12468"},"modified":"2021-02-02T17:26:25","modified_gmt":"2021-02-02T14:26:25","slug":"sniego-verstuvas-vm-vb","status":"publish","type":"product","link":"https:\/\/www.horomechanika.lt\/ru\/product\/sniego-verstuvas-vm-vb\/","title":{"rendered":"Sniego verstuvas VM &#8211; VB"},"content":{"rendered":"<p>Verstuvas sukurtas su plaukiojan\u010dia konstrukcija, kad b\u016bt\u0173 galima geriau kopijuoti ant \u017eem\u0117s.<\/p>\n<p>Paleidus apsaugin\u012f vo\u017etuv\u0105 per dideliu sl\u0117giu, sl\u0117gio akumuliatoriumi vertuvas gr\u012f\u017eta \u012f pradin\u0119 pad\u0117t\u012f. Sl\u0117gio akumuliatorius yra neprivalomas.<\/p>\n<p>Verstuvas yra standarte su elektriniu vo\u017etuvu ir valdymo skydeliu, kuriuo galima atskirai pasukti sparnus.<\/p>\n<p>Verstuvo darbinis auk\u0161tis galima palaipsniui reguliuoti naudojant atraminius pava\u017eas.<\/p>\n<p>Pava\u017e\u0173 laikikliai su spyruoklinine apsauga u\u017etikrina \u0161varesn\u012f sniego valymo rezultat\u0105 ir ilgesn\u012f pl\u016bgo tarnavimo laik\u0105 kertant kli\u016bt\u012f.<\/p>\n<p>Galimi abu standartinio dyd\u017eio \u201eOlofsfors\u201c peili\u0173 kra\u0161tai.\u00a0Pl\u016bgas taip pat gali b\u016bti komplektuojamas tinklin\u0117miais arba guminiais a\u0161menimis.<\/p>\n<p>LED pos\u016bkio \u017eibintai yra pasirinktiniai pl\u016bgui.<\/p>\n<p><span>Priedai:<\/span><\/p>\n<ul>\n<li><span>Guminiai ir tinkliniai peiliai<\/span><\/li>\n<li><span>Sniego dulki\u0173 danga<\/span><\/li>\n<li><span>24 V solenoidas<\/span><\/li>\n<li><span>4 greito prisijungimo parinktys<\/span><\/li>\n<li><span>Skirtingi sukabinimai<\/span><\/li>\n<\/ul>","protected":false},"excerpt":{"rendered":"<table class=\"table table-striped\">\n<thead>\n<tr>\n<th><span>Produktas<\/span><\/th>\n<th><span>Maks.\u00a0darbinis plotis (a)<\/span><\/th>\n<th><span>Min.\u00a0darbinis plotis<\/span><\/th>\n<th><span>Sparno kampas<\/span><\/th>\n<th><span>Dang\u010dio auk\u0161tis (b)<\/span><\/th>\n<th><span>Mas\u0117 (prikabinimas)<\/span><\/th>\n<th><span>Rekomenduojama traktoriaus galia, mas\u0117<\/span><\/th>\n<\/tr>\n<\/thead>\n<tbody>\n<tr>\n<td><span>VM-2000<\/span><\/td>\n<td><span>2115 mm<\/span><\/td>\n<td><span>1750 mm<\/span><\/td>\n<td><span>+\/- 35 \u00b0<\/span><\/td>\n<td><span>883 mm<\/span><\/td>\n<td><span>446 kg<\/span><\/td>\n<td><span>50-100 AG, 2,5-4,0 t<\/span><\/td>\n<\/tr>\n<tr>\n<td><span>VM-2400<\/span><\/td>\n<td><span>2456 mm<\/span><\/td>\n<td><span>2010 mm<\/span><\/td>\n<td><span>+\/- 35 \u00b0<\/span><\/td>\n<td><span>962 mm<\/span><\/td>\n<td><span>486 kg<\/span><\/td>\n<td><span>80\u2013120 AG, 2,5\u20134,0 t<\/span><\/td>\n<\/tr>\n<tr>\n<td><span>VM-2800<\/span><\/td>\n<td><span>2880 mm<\/span><\/td>\n<td><span>2360 mm<\/span><\/td>\n<td><span>+\/- 35 \u00b0<\/span><\/td>\n<td><span>962 mm<\/span><\/td>\n<td><span>536 kg<\/span><\/td>\n<td><span>80-150 AG, 3,0-4,5 t<\/span><\/td>\n<\/tr>\n<tr>\n<td><span>VM-3200<\/span><\/td>\n<td><span>3280 mm<\/span><\/td>\n<td><span>2690 mm<\/span><\/td>\n<td><span>+\/- 35 \u00b0<\/span><\/td>\n<td><span>962 mm<\/span><\/td>\n<td><span>578 kg<\/span><\/td>\n<td><span>100-180 AG, 5,0-6,5 t<\/span><\/td>\n<\/tr>\n<tr>\n<td><span>VB-3200<\/span><\/td>\n<td><span>3220 mm<\/span><\/td>\n<td><span>2990 mm<\/span><\/td>\n<td><span>+\/- 35 \u00b0<\/span><\/td>\n<td><span>1145 mm<\/span><\/td>\n<td><span>1059 kg<\/span><\/td>\n<td><span>150-200 AG, 5,0-8,0 t<\/span><\/td>\n<\/tr>\n<tr>\n<td><span>VB-3700<\/span><\/td>\n<td><span>3770 mm<\/span><\/td>\n<td><span>3010 mm<\/span><\/td>\n<td><span>+\/- 35 \u00b0<\/span><\/td>\n<td><span>1145 mm<\/span><\/td>\n<td><span>1109 kg<\/span><\/td>\n<td><span>180\u2013220 AG, 7,0\u20138,5 t<\/span><\/td>\n<\/tr>\n<tr>\n<td><span>VB-4000<\/span><\/td>\n<td><span>4100 mm<\/span><\/td>\n<td><span>3270 mm<\/span><\/td>\n<td><span>+\/- 35 \u00b0<\/span><\/td>\n<td><span>1145 mm<\/span><\/td>\n<td><span>1196 kg<\/span><\/td>\n<td><span>200\u2013250 AG, 7,5\u201310,0 t<\/span><\/td>\n<\/tr>\n<tr>\n<td><span>VB-3200A<\/span><\/td>\n<td><span>3238 mm<\/span><\/td>\n<td><span>2990 mm<\/span><\/td>\n<td><span>+\/- 35 \u00b0<\/span><\/td>\n<td><span>1120 mm<\/span><\/td>\n<td><span>1200 kg<\/span><\/td>\n<td><span>150-200 AG, 5,0-8,0 t<\/span><\/td>\n<\/tr>\n<\/tbody>\n<\/table>","protected":false},"featured_media":12473,"comment_status":"open","ping_status":"closed","template":"","meta":[],"product_cat":[109,165],"product_tag":[206,207,208],"class_list":["post-12468","product","type-product","status-publish","has-post-thumbnail","hentry","product_cat-priedai-frontaliniam-krautuvui","product_cat-sniego-valytuvai-rotoriai","product_tag-sniego-verstuvas","product_tag-buldozeris","product_tag-stumdytuvas"],"yoast_head":"<!-- This site is optimized with the Yoast SEO plugin v20.1 - https:\/\/yoast.com\/wordpress\/plugins\/seo\/ -->\n<title>Sniego verstuvas VM - VB | Horomechanika<\/title>\n<meta name=\"robots\" content=\"index, follow, max-snippet:-1, max-image-preview:large, max-video-preview:-1\" \/>\n<link rel=\"canonical\" href=\"https:\/\/www.horomechanika.lt\/ru\/product\/sniego-verstuvas-vm-vb\/\" \/>\n<meta property=\"og:locale\" content=\"ru_RU\" \/>\n<meta property=\"og:type\" content=\"article\" \/>\n<meta property=\"og:title\" content=\"Sniego verstuvas VM - VB | Horomechanika\" \/>\n<meta property=\"og:description\" content=\"Produktas Maks.\u00a0darbinis plotis (a) Min.\u00a0darbinis plotis Sparno kampas Dang\u010dio auk\u0161tis (b) Mas\u0117 (prikabinimas) Rekomenduojama traktoriaus galia, mas\u0117     VM-2000 2115 mm 1750 mm +\/- 35 \u00b0 883 mm 446 kg 50-100 AG, 2,5-4,0 t   VM-2400 2456 mm 2010 mm +\/- 35 \u00b0 962 mm 486 kg 80\u2013120 AG, 2,5\u20134,0 t   VM-2800 2880 mm 2360 mm +\/- 35 \u00b0 962 mm 536 kg 80-150 AG, 3,0-4,5 t   VM-3200 3280 mm 2690 mm +\/- 35 \u00b0 962 mm 578 kg 100-180 AG, 5,0-6,5 t   VB-3200 3220 mm 2990 mm +\/- 35 \u00b0 1145 mm 1059 kg 150-200 AG, 5,0-8,0 t   VB-3700 3770 mm 3010 mm +\/- 35 \u00b0 1145 mm 1109 kg 180\u2013220 AG, 7,0\u20138,5 t   VB-4000 4100 mm 3270 mm +\/- 35 \u00b0 1145 mm 1196 kg 200\u2013250 AG, 7,5\u201310,0 t   VB-3200A 3238 mm 2990 mm +\/- 35 \u00b0 1120 mm 1200 kg 150-200 AG, 5,0-8,0 t\" \/>\n<meta property=\"og:url\" content=\"https:\/\/www.horomechanika.lt\/ru\/product\/sniego-verstuvas-vm-vb\/\" \/>\n<meta property=\"og:site_name\" content=\"Horomechanika\" \/>\n<meta property=\"article:publisher\" content=\"https:\/\/www.facebook.com\/UAB-Horo-mechanika-177091812471952\" \/>\n<meta property=\"article:modified_time\" content=\"2021-02-02T14:26:25+00:00\" \/>\n<meta property=\"og:image\" content=\"https:\/\/www.horomechanika.lt\/wp-content\/uploads\/2021\/02\/v-sahk-vb-3200a-m-scaled-850x664-1.jpg\" \/>\n\t<meta property=\"og:image:width\" content=\"1454\" \/>\n\t<meta property=\"og:image:height\" content=\"1220\" \/>\n\t<meta property=\"og:image:type\" content=\"image\/jpeg\" \/>\n<meta name=\"twitter:card\" content=\"summary_large_image\" \/>\n<meta name=\"twitter:label1\" content=\"\u041f\u0440\u0438\u043c\u0435\u0440\u043d\u043e\u0435 \u0432\u0440\u0435\u043c\u044f \u0434\u043b\u044f \u0447\u0442\u0435\u043d\u0438\u044f\" \/>\n\t<meta name=\"twitter:data1\" content=\"1 \u043c\u0438\u043d\u0443\u0442\u0430\" \/>\n<script type=\"application\/ld+json\" class=\"yoast-schema-graph\">{\"@context\":\"https:\/\/schema.org\",\"@graph\":[{\"@type\":\"WebPage\",\"@id\":\"https:\/\/www.horomechanika.lt\/product\/sniego-verstuvas-vm-vb\/\",\"url\":\"https:\/\/www.horomechanika.lt\/product\/sniego-verstuvas-vm-vb\/\",\"name\":\"Sniego verstuvas VM - VB | Horomechanika\",\"isPartOf\":{\"@id\":\"https:\/\/www.horomechanika.lt\/#website\"},\"datePublished\":\"2021-02-02T14:20:04+00:00\",\"dateModified\":\"2021-02-02T14:26:25+00:00\",\"breadcrumb\":{\"@id\":\"https:\/\/www.horomechanika.lt\/product\/sniego-verstuvas-vm-vb\/#breadcrumb\"},\"inLanguage\":\"ru-RU\",\"potentialAction\":[{\"@type\":\"ReadAction\",\"target\":[\"https:\/\/www.horomechanika.lt\/product\/sniego-verstuvas-vm-vb\/\"]}]},{\"@type\":\"BreadcrumbList\",\"@id\":\"https:\/\/www.horomechanika.lt\/product\/sniego-verstuvas-vm-vb\/#breadcrumb\",\"itemListElement\":[{\"@type\":\"ListItem\",\"position\":1,\"name\":\"Home\",\"item\":\"https:\/\/www.horomechanika.lt\/\"},{\"@type\":\"ListItem\",\"position\":2,\"name\":\"Shop\",\"item\":\"https:\/\/www.horomechanika.lt\/ru\/shop-2\/\"},{\"@type\":\"ListItem\",\"position\":3,\"name\":\"Sniego verstuvas VM &#8211; VB\"}]},{\"@type\":\"WebSite\",\"@id\":\"https:\/\/www.horomechanika.lt\/#website\",\"url\":\"https:\/\/www.horomechanika.lt\/\",\"name\":\"Horomechanika\",\"description\":\"\u017dem\u0117s \u016akio Technika\",\"publisher\":{\"@id\":\"https:\/\/www.horomechanika.lt\/#organization\"},\"potentialAction\":[{\"@type\":\"SearchAction\",\"target\":{\"@type\":\"EntryPoint\",\"urlTemplate\":\"https:\/\/www.horomechanika.lt\/?s={search_term_string}\"},\"query-input\":\"required name=search_term_string\"}],\"inLanguage\":\"ru-RU\"},{\"@type\":\"Organization\",\"@id\":\"https:\/\/www.horomechanika.lt\/#organization\",\"name\":\"UAB \\\"Horo mechanika\\\"\",\"url\":\"https:\/\/www.horomechanika.lt\/\",\"logo\":{\"@type\":\"ImageObject\",\"inLanguage\":\"ru-RU\",\"@id\":\"https:\/\/www.horomechanika.lt\/#\/schema\/logo\/image\/\",\"url\":\"https:\/\/www.horomechanika.lt\/wp-content\/uploads\/2020\/05\/horomechanika-logo.png\",\"contentUrl\":\"https:\/\/www.horomechanika.lt\/wp-content\/uploads\/2020\/05\/horomechanika-logo.png\",\"width\":137,\"height\":56,\"caption\":\"UAB \\\"Horo mechanika\\\"\"},\"image\":{\"@id\":\"https:\/\/www.horomechanika.lt\/#\/schema\/logo\/image\/\"},\"sameAs\":[\"https:\/\/www.facebook.com\/UAB-Horo-mechanika-177091812471952\"]}]}<\/script>\n<!-- \/ Yoast SEO plugin. -->","yoast_head_json":{"title":"Sniego verstuvas VM - VB | Horomechanika","robots":{"index":"index","follow":"follow","max-snippet":"max-snippet:-1","max-image-preview":"max-image-preview:large","max-video-preview":"max-video-preview:-1"},"canonical":"https:\/\/www.horomechanika.lt\/ru\/product\/sniego-verstuvas-vm-vb\/","og_locale":"ru_RU","og_type":"article","og_title":"Sniego verstuvas VM - VB | Horomechanika","og_description":"Produktas Maks.\u00a0darbinis plotis (a) Min.\u00a0darbinis plotis Sparno kampas Dang\u010dio auk\u0161tis (b) Mas\u0117 (prikabinimas) Rekomenduojama traktoriaus galia, mas\u0117     VM-2000 2115 mm 1750 mm +\/- 35 \u00b0 883 mm 446 kg 50-100 AG, 2,5-4,0 t   VM-2400 2456 mm 2010 mm +\/- 35 \u00b0 962 mm 486 kg 80\u2013120 AG, 2,5\u20134,0 t   VM-2800 2880 mm 2360 mm +\/- 35 \u00b0 962 mm 536 kg 80-150 AG, 3,0-4,5 t   VM-3200 3280 mm 2690 mm +\/- 35 \u00b0 962 mm 578 kg 100-180 AG, 5,0-6,5 t   VB-3200 3220 mm 2990 mm +\/- 35 \u00b0 1145 mm 1059 kg 150-200 AG, 5,0-8,0 t   VB-3700 3770 mm 3010 mm +\/- 35 \u00b0 1145 mm 1109 kg 180\u2013220 AG, 7,0\u20138,5 t   VB-4000 4100 mm 3270 mm +\/- 35 \u00b0 1145 mm 1196 kg 200\u2013250 AG, 7,5\u201310,0 t   VB-3200A 3238 mm 2990 mm +\/- 35 \u00b0 1120 mm 1200 kg 150-200 AG, 5,0-8,0 t","og_url":"https:\/\/www.horomechanika.lt\/ru\/product\/sniego-verstuvas-vm-vb\/","og_site_name":"Horomechanika","article_publisher":"https:\/\/www.facebook.com\/UAB-Horo-mechanika-177091812471952","article_modified_time":"2021-02-02T14:26:25+00:00","og_image":[{"width":1454,"height":1220,"url":"https:\/\/www.horomechanika.lt\/wp-content\/uploads\/2021\/02\/v-sahk-vb-3200a-m-scaled-850x664-1.jpg","type":"image\/jpeg"}],"twitter_card":"summary_large_image","twitter_misc":{"\u041f\u0440\u0438\u043c\u0435\u0440\u043d\u043e\u0435 \u0432\u0440\u0435\u043c\u044f \u0434\u043b\u044f \u0447\u0442\u0435\u043d\u0438\u044f":"1 \u043c\u0438\u043d\u0443\u0442\u0430"},"schema":{"@context":"https:\/\/schema.org","@graph":[{"@type":"WebPage","@id":"https:\/\/www.horomechanika.lt\/product\/sniego-verstuvas-vm-vb\/","url":"https:\/\/www.horomechanika.lt\/product\/sniego-verstuvas-vm-vb\/","name":"Sniego verstuvas VM - VB | Horomechanika","isPartOf":{"@id":"https:\/\/www.horomechanika.lt\/#website"},"datePublished":"2021-02-02T14:20:04+00:00","dateModified":"2021-02-02T14:26:25+00:00","breadcrumb":{"@id":"https:\/\/www.horomechanika.lt\/product\/sniego-verstuvas-vm-vb\/#breadcrumb"},"inLanguage":"ru-RU","potentialAction":[{"@type":"ReadAction","target":["https:\/\/www.horomechanika.lt\/product\/sniego-verstuvas-vm-vb\/"]}]},{"@type":"BreadcrumbList","@id":"https:\/\/www.horomechanika.lt\/product\/sniego-verstuvas-vm-vb\/#breadcrumb","itemListElement":[{"@type":"ListItem","position":1,"name":"Home","item":"https:\/\/www.horomechanika.lt\/"},{"@type":"ListItem","position":2,"name":"Shop","item":"https:\/\/www.horomechanika.lt\/ru\/shop-2\/"},{"@type":"ListItem","position":3,"name":"Sniego verstuvas VM &#8211; VB"}]},{"@type":"WebSite","@id":"https:\/\/www.horomechanika.lt\/#website","url":"https:\/\/www.horomechanika.lt\/","name":"Horomechanika","description":"\u017dem\u0117s \u016akio Technika","publisher":{"@id":"https:\/\/www.horomechanika.lt\/#organization"},"potentialAction":[{"@type":"SearchAction","target":{"@type":"EntryPoint","urlTemplate":"https:\/\/www.horomechanika.lt\/?s={search_term_string}"},"query-input":"required name=search_term_string"}],"inLanguage":"ru-RU"},{"@type":"Organization","@id":"https:\/\/www.horomechanika.lt\/#organization","name":"UAB \"Horo mechanika\"","url":"https:\/\/www.horomechanika.lt\/","logo":{"@type":"ImageObject","inLanguage":"ru-RU","@id":"https:\/\/www.horomechanika.lt\/#\/schema\/logo\/image\/","url":"https:\/\/www.horomechanika.lt\/wp-content\/uploads\/2020\/05\/horomechanika-logo.png","contentUrl":"https:\/\/www.horomechanika.lt\/wp-content\/uploads\/2020\/05\/horomechanika-logo.png","width":137,"height":56,"caption":"UAB \"Horo mechanika\""},"image":{"@id":"https:\/\/www.horomechanika.lt\/#\/schema\/logo\/image\/"},"sameAs":["https:\/\/www.facebook.com\/UAB-Horo-mechanika-177091812471952"]}]}},"_links":{"self":[{"href":"https:\/\/www.horomechanika.lt\/ru\/wp-json\/wp\/v2\/product\/12468","targetHints":{"allow":["GET"]}}],"collection":[{"href":"https:\/\/www.horomechanika.lt\/ru\/wp-json\/wp\/v2\/product"}],"about":[{"href":"https:\/\/www.horomechanika.lt\/ru\/wp-json\/wp\/v2\/types\/product"}],"replies":[{"embeddable":true,"href":"https:\/\/www.horomechanika.lt\/ru\/wp-json\/wp\/v2\/comments?post=12468"}],"wp:featuredmedia":[{"embeddable":true,"href":"https:\/\/www.horomechanika.lt\/ru\/wp-json\/wp\/v2\/media\/12473"}],"wp:attachment":[{"href":"https:\/\/www.horomechanika.lt\/ru\/wp-json\/wp\/v2\/media?parent=12468"}],"wp:term":[{"taxonomy":"product_cat","embeddable":true,"href":"https:\/\/www.horomechanika.lt\/ru\/wp-json\/wp\/v2\/product_cat?post=12468"},{"taxonomy":"product_tag","embeddable":true,"href":"https:\/\/www.horomechanika.lt\/ru\/wp-json\/wp\/v2\/product_tag?post=12468"}],"curies":[{"name":"wp","href":"https:\/\/api.w.org\/{rel}","templated":true}]}}