{"id":12484,"date":"2021-02-05T16:42:14","date_gmt":"2021-02-05T13:42:14","guid":{"rendered":"https:\/\/www.horomechanika.lt\/?post_type=product&#038;p=12484"},"modified":"2021-02-05T17:02:37","modified_gmt":"2021-02-05T14:02:37","slug":"savaeigis-slaitu-sienavimo-irenginys-flailbot-original","status":"publish","type":"product","link":"https:\/\/www.horomechanika.lt\/ru\/product\/savaeigis-slaitu-sienavimo-irenginys-flailbot-original\/","title":{"rendered":"Savaeigis \u0161lait\u0173 \u0161ienavimo \u012frenginys Flailbot Original"},"content":{"rendered":"<p>&nbsp;<\/p>\n<table>\n<tbody>\n<tr>\n<th>Modelis<\/th>\n<th>Originalas (40hp)<\/th>\n<\/tr>\n<tr>\n<td class=\"table-subhead\" colspan=\"4\">\n<h2><strong>Operacija<br \/>\n<\/strong><\/h2>\n<\/td>\n<\/tr>\n<tr>\n<td>Maksimalus nuolydis<\/td>\n<td><strong>55<span class=\"_Tgc\">\u00b0<\/span><\/strong><\/td>\n<\/tr>\n<tr>\n<td>Perdavimas<\/td>\n<td><strong>Hidrostatinio<\/strong><\/td>\n<\/tr>\n<tr>\n<td>Greitis<\/td>\n<td><strong>0\u20137 km\/val.<\/strong><\/td>\n<\/tr>\n<tr>\n<td>Svoris &#8211; Fiksuotas profilis<\/td>\n<td><strong>1200kg \/ 2,646 lbs<\/strong><\/td>\n<\/tr>\n<tr>\n<td>Svoris &#8211; I\u0161ple\u010diamas profilis<\/td>\n<td><strong>1280kg \/ 2,822 lbs<\/strong><\/td>\n<\/tr>\n<tr>\n<td class=\"table-subhead\" colspan=\"4\">\n<h2><strong>Variklio<br \/>\n<\/strong><\/h2>\n<\/td>\n<\/tr>\n<tr>\n<td>Prek\u0117s \u017eenklas \/ Mark\u0117<\/td>\n<td><strong>Perkins<\/strong><\/td>\n<\/tr>\n<tr>\n<td>Modelis<\/td>\n<td><strong>3 Cyclinders, Dyzelinas<\/strong><\/td>\n<\/tr>\n<tr>\n<td>Variklio dydis<\/td>\n<td><strong>1.496 Litrai \/ 91,3\u00a0In<sup>3<\/sup><\/strong><\/td>\n<\/tr>\n<tr>\n<td>Galia<\/td>\n<td><strong>30 kW \/ 40.8 Cv<\/strong><\/td>\n<\/tr>\n<tr>\n<td>Maksimalus sukimo momentas<\/td>\n<td><strong>112 Nm \/ 83 p\u0117d\u0173 lb@ 1800 aps.\/min.<\/strong><\/td>\n<\/tr>\n<tr>\n<td>Suvartojam\u0173<\/td>\n<td><strong>Turbokompresoriumi<\/strong><\/td>\n<\/tr>\n<tr>\n<td>Au\u0161inimo<\/td>\n<td><strong>Skystis<\/strong><\/td>\n<\/tr>\n<tr>\n<td>Oro filtras<\/td>\n<td><strong>Sausas<\/strong><\/td>\n<\/tr>\n<tr>\n<td>Dyzelinio bako talpa<\/td>\n<td><strong>22 litrai \/ 6 USG<\/strong><\/td>\n<\/tr>\n<tr>\n<td>Variklio alyvos talpa<\/td>\n<td><strong>7 litrai \/ 2 USG<\/strong><\/td>\n<\/tr>\n<tr>\n<td class=\"table-subhead\" colspan=\"4\">\n<h2><strong>Elektros grandin\u0117<br \/>\n<\/strong><\/h2>\n<\/td>\n<\/tr>\n<tr>\n<td>Darbin\u0117 \u012ftampa<\/td>\n<td><strong>12 Vcc<\/strong><\/td>\n<\/tr>\n<tr>\n<td>Generatori\u0173<\/td>\n<td><strong>65 Amp<\/strong><\/td>\n<\/tr>\n<tr>\n<td>Baterija<\/td>\n<td><strong>60 Ah<\/strong><\/td>\n<\/tr>\n<tr>\n<td class=\"table-subhead\" colspan=\"4\">\n<h2><strong>Hidraulin\u0117 sistema<br \/>\n<\/strong><\/h2>\n<\/td>\n<\/tr>\n<tr>\n<td>Poslinkis<\/td>\n<td><strong>Tandeminis st\u016bmoklio siurblys su kintamu variklio dyd\u017eiu ir u\u017edara grandine<\/strong><\/td>\n<\/tr>\n<tr>\n<td>Poslinkio paj\u0117gumas<\/td>\n<td><strong>65 litrai \/ 17 USG max @ 2750 aps.\/min.<\/strong><\/td>\n<\/tr>\n<tr>\n<td>Poslinkio sl\u0117gis<\/td>\n<td><strong>280 bar\u0173 maks.<\/strong><\/td>\n<\/tr>\n<tr>\n<td>Paslaugos<\/td>\n<td><strong>Pavar\u0173 siurblys<\/strong><\/td>\n<\/tr>\n<tr>\n<td>Paslaug\u0173 paj\u0117gumas<\/td>\n<td><strong>13 litrai \/ 3 USG max @ 2750 aps.\/min.<\/strong><\/td>\n<\/tr>\n<tr>\n<td>Paslaug\u0173 sl\u0117gis<\/td>\n<td><strong>200 bar\u0173 maks.<\/strong><\/td>\n<\/tr>\n<tr>\n<td>\u012erankis<\/td>\n<td><strong>U\u017edaros grandin\u0117s st\u016bmoklio siurblys<\/strong><\/td>\n<\/tr>\n<tr>\n<td>\u012erankio talpa<\/td>\n<td><strong>58 litrai \/ 15 USG max @ 2750 aps.\/min.<\/strong><\/td>\n<\/tr>\n<tr>\n<td>\u012erankio sl\u0117gis<\/td>\n<td><strong>280 bar\u0173 maks.<\/strong><\/td>\n<\/tr>\n<tr>\n<td>Naftos bako talpa<\/td>\n<td><strong>50 litr\u0173 \/ 13 USG<\/strong><\/td>\n<\/tr>\n<tr>\n<td>Operacin\u0117s alyvos kiekis<\/td>\n<td><strong>60 Litres \/ 16 USG<\/strong><\/td>\n<\/tr>\n<tr>\n<td class=\"table-subhead\" colspan=\"4\">\n<h2><strong>Kontrol\u0117<br \/>\n<\/strong><\/h2>\n<\/td>\n<\/tr>\n<tr>\n<td>Prek\u0117s<\/td>\n<td><strong>&#8222;Scanreco&#8221;<\/strong><\/td>\n<\/tr>\n<tr>\n<td>Da\u017enio<\/td>\n<td><strong>434 MHz<\/strong><\/td>\n<\/tr>\n<tr>\n<td>Diapazono signalas<\/td>\n<td><strong>160m\u00a0<\/strong><\/td>\n<\/tr>\n<tr>\n<td>Baterija<\/td>\n<td><strong>\u012ekraunama<\/strong><\/td>\n<\/tr>\n<\/tbody>\n<\/table>\n<p>&nbsp;<\/p>","protected":false},"excerpt":{"rendered":"<p><img loading=\"lazy\" decoding=\"async\" class=\"\" src=\"https:\/\/www.bomford-turner.com\/uf\/00427_8a46cdfcd7e7\/images\/imagemanager\/Flailbot\/BT-Flailbot-WorkingDims-02.jpg\" alt=\"\" width=\"736\" height=\"419\" \/><\/p>\n<div class=\"table-responsive\">\n<table>\n<tbody>\n<tr>\n<th><\/th>\n<th>Metrin\u0117<\/th>\n<th><\/th>\n<\/tr>\n<tr>\n<td><strong>I<\/strong><\/td>\n<td>1390mm<\/td>\n<td><\/td>\n<\/tr>\n<tr>\n<td><strong>J<\/strong><\/td>\n<td>\u00a0160-250-280-350 mm<\/td>\n<td><\/td>\n<\/tr>\n<tr>\n<td><strong>K<\/strong><\/td>\n<td>160-250-280-350 mm<\/td>\n<td><\/td>\n<\/tr>\n<tr>\n<td><strong>L<\/strong><\/td>\n<td>850mm<\/td>\n<td><\/td>\n<\/tr>\n<tr>\n<td><strong>M<\/strong><\/td>\n<td>1490mm<\/td>\n<td><\/td>\n<\/tr>\n<tr>\n<td><strong>N<\/strong><\/td>\n<td>1636mm<\/td>\n<td><\/td>\n<\/tr>\n<\/tbody>\n<\/table>\n<\/div>","protected":false},"featured_media":12494,"comment_status":"open","ping_status":"closed","template":"","meta":[],"product_cat":[167,103],"product_tag":[215,216],"class_list":["post-12484","product","type-product","status-publish","has-post-thumbnail","hentry","product_cat-gyvatvoriu-krumynu-prieziuros-technika","product_cat-specializuota-technika","product_tag-slaitai","product_tag-nuotolinis-valdymas"],"yoast_head":"<!-- This site is optimized with the Yoast SEO plugin v20.1 - https:\/\/yoast.com\/wordpress\/plugins\/seo\/ -->\n<title>Savaeigis \u0161lait\u0173 \u0161ienavimo \u012frenginys Flailbot Original | Horomechanika<\/title>\n<meta name=\"robots\" content=\"index, follow, max-snippet:-1, max-image-preview:large, max-video-preview:-1\" \/>\n<link rel=\"canonical\" href=\"https:\/\/www.horomechanika.lt\/ru\/product\/savaeigis-slaitu-sienavimo-irenginys-flailbot-original\/\" \/>\n<meta property=\"og:locale\" content=\"ru_RU\" \/>\n<meta property=\"og:type\" content=\"article\" \/>\n<meta property=\"og:title\" content=\"Savaeigis \u0161lait\u0173 \u0161ienavimo \u012frenginys Flailbot Original | Horomechanika\" \/>\n<meta property=\"og:description\" content=\"Metrin\u0117    I 1390mm    J \u00a0160-250-280-350 mm    K 160-250-280-350 mm    L 850mm    M 1490mm    N 1636mm\" \/>\n<meta property=\"og:url\" content=\"https:\/\/www.horomechanika.lt\/ru\/product\/savaeigis-slaitu-sienavimo-irenginys-flailbot-original\/\" \/>\n<meta property=\"og:site_name\" content=\"Horomechanika\" \/>\n<meta property=\"article:publisher\" content=\"https:\/\/www.facebook.com\/UAB-Horo-mechanika-177091812471952\" \/>\n<meta property=\"article:modified_time\" content=\"2021-02-05T14:02:37+00:00\" \/>\n<meta property=\"og:image\" content=\"https:\/\/www.horomechanika.lt\/wp-content\/uploads\/2021\/02\/Cap-de-tocare-standard-1-1.png\" \/>\n\t<meta property=\"og:image:width\" content=\"630\" \/>\n\t<meta property=\"og:image:height\" content=\"546\" \/>\n\t<meta property=\"og:image:type\" content=\"image\/png\" \/>\n<meta name=\"twitter:card\" content=\"summary_large_image\" \/>\n<meta name=\"twitter:label1\" content=\"\u041f\u0440\u0438\u043c\u0435\u0440\u043d\u043e\u0435 \u0432\u0440\u0435\u043c\u044f \u0434\u043b\u044f \u0447\u0442\u0435\u043d\u0438\u044f\" \/>\n\t<meta name=\"twitter:data1\" content=\"2 \u043c\u0438\u043d\u0443\u0442\u044b\" \/>\n<script type=\"application\/ld+json\" class=\"yoast-schema-graph\">{\"@context\":\"https:\/\/schema.org\",\"@graph\":[{\"@type\":\"WebPage\",\"@id\":\"https:\/\/www.horomechanika.lt\/ru\/product\/savaeigis-slaitu-sienavimo-irenginys-flailbot-original\/\",\"url\":\"https:\/\/www.horomechanika.lt\/ru\/product\/savaeigis-slaitu-sienavimo-irenginys-flailbot-original\/\",\"name\":\"Savaeigis \u0161lait\u0173 \u0161ienavimo \u012frenginys Flailbot Original | Horomechanika\",\"isPartOf\":{\"@id\":\"https:\/\/www.horomechanika.lt\/#website\"},\"datePublished\":\"2021-02-05T13:42:14+00:00\",\"dateModified\":\"2021-02-05T14:02:37+00:00\",\"breadcrumb\":{\"@id\":\"https:\/\/www.horomechanika.lt\/ru\/product\/savaeigis-slaitu-sienavimo-irenginys-flailbot-original\/#breadcrumb\"},\"inLanguage\":\"ru-RU\",\"potentialAction\":[{\"@type\":\"ReadAction\",\"target\":[\"https:\/\/www.horomechanika.lt\/ru\/product\/savaeigis-slaitu-sienavimo-irenginys-flailbot-original\/\"]}]},{\"@type\":\"BreadcrumbList\",\"@id\":\"https:\/\/www.horomechanika.lt\/ru\/product\/savaeigis-slaitu-sienavimo-irenginys-flailbot-original\/#breadcrumb\",\"itemListElement\":[{\"@type\":\"ListItem\",\"position\":1,\"name\":\"Home\",\"item\":\"https:\/\/www.horomechanika.lt\/\"},{\"@type\":\"ListItem\",\"position\":2,\"name\":\"Shop\",\"item\":\"https:\/\/www.horomechanika.lt\/ru\/shop-2\/\"},{\"@type\":\"ListItem\",\"position\":3,\"name\":\"Savaeigis \u0161lait\u0173 \u0161ienavimo \u012frenginys Flailbot Original\"}]},{\"@type\":\"WebSite\",\"@id\":\"https:\/\/www.horomechanika.lt\/#website\",\"url\":\"https:\/\/www.horomechanika.lt\/\",\"name\":\"Horomechanika\",\"description\":\"\u017dem\u0117s \u016akio Technika\",\"publisher\":{\"@id\":\"https:\/\/www.horomechanika.lt\/#organization\"},\"potentialAction\":[{\"@type\":\"SearchAction\",\"target\":{\"@type\":\"EntryPoint\",\"urlTemplate\":\"https:\/\/www.horomechanika.lt\/?s={search_term_string}\"},\"query-input\":\"required name=search_term_string\"}],\"inLanguage\":\"ru-RU\"},{\"@type\":\"Organization\",\"@id\":\"https:\/\/www.horomechanika.lt\/#organization\",\"name\":\"UAB \\\"Horo mechanika\\\"\",\"url\":\"https:\/\/www.horomechanika.lt\/\",\"logo\":{\"@type\":\"ImageObject\",\"inLanguage\":\"ru-RU\",\"@id\":\"https:\/\/www.horomechanika.lt\/#\/schema\/logo\/image\/\",\"url\":\"https:\/\/www.horomechanika.lt\/wp-content\/uploads\/2020\/05\/horomechanika-logo.png\",\"contentUrl\":\"https:\/\/www.horomechanika.lt\/wp-content\/uploads\/2020\/05\/horomechanika-logo.png\",\"width\":137,\"height\":56,\"caption\":\"UAB \\\"Horo mechanika\\\"\"},\"image\":{\"@id\":\"https:\/\/www.horomechanika.lt\/#\/schema\/logo\/image\/\"},\"sameAs\":[\"https:\/\/www.facebook.com\/UAB-Horo-mechanika-177091812471952\"]}]}<\/script>\n<!-- \/ Yoast SEO plugin. -->","yoast_head_json":{"title":"Savaeigis \u0161lait\u0173 \u0161ienavimo \u012frenginys Flailbot Original | Horomechanika","robots":{"index":"index","follow":"follow","max-snippet":"max-snippet:-1","max-image-preview":"max-image-preview:large","max-video-preview":"max-video-preview:-1"},"canonical":"https:\/\/www.horomechanika.lt\/ru\/product\/savaeigis-slaitu-sienavimo-irenginys-flailbot-original\/","og_locale":"ru_RU","og_type":"article","og_title":"Savaeigis \u0161lait\u0173 \u0161ienavimo \u012frenginys Flailbot Original | Horomechanika","og_description":"Metrin\u0117    I 1390mm    J \u00a0160-250-280-350 mm    K 160-250-280-350 mm    L 850mm    M 1490mm    N 1636mm","og_url":"https:\/\/www.horomechanika.lt\/ru\/product\/savaeigis-slaitu-sienavimo-irenginys-flailbot-original\/","og_site_name":"Horomechanika","article_publisher":"https:\/\/www.facebook.com\/UAB-Horo-mechanika-177091812471952","article_modified_time":"2021-02-05T14:02:37+00:00","og_image":[{"width":630,"height":546,"url":"https:\/\/www.horomechanika.lt\/wp-content\/uploads\/2021\/02\/Cap-de-tocare-standard-1-1.png","type":"image\/png"}],"twitter_card":"summary_large_image","twitter_misc":{"\u041f\u0440\u0438\u043c\u0435\u0440\u043d\u043e\u0435 \u0432\u0440\u0435\u043c\u044f \u0434\u043b\u044f \u0447\u0442\u0435\u043d\u0438\u044f":"2 \u043c\u0438\u043d\u0443\u0442\u044b"},"schema":{"@context":"https:\/\/schema.org","@graph":[{"@type":"WebPage","@id":"https:\/\/www.horomechanika.lt\/ru\/product\/savaeigis-slaitu-sienavimo-irenginys-flailbot-original\/","url":"https:\/\/www.horomechanika.lt\/ru\/product\/savaeigis-slaitu-sienavimo-irenginys-flailbot-original\/","name":"Savaeigis \u0161lait\u0173 \u0161ienavimo \u012frenginys Flailbot Original | Horomechanika","isPartOf":{"@id":"https:\/\/www.horomechanika.lt\/#website"},"datePublished":"2021-02-05T13:42:14+00:00","dateModified":"2021-02-05T14:02:37+00:00","breadcrumb":{"@id":"https:\/\/www.horomechanika.lt\/ru\/product\/savaeigis-slaitu-sienavimo-irenginys-flailbot-original\/#breadcrumb"},"inLanguage":"ru-RU","potentialAction":[{"@type":"ReadAction","target":["https:\/\/www.horomechanika.lt\/ru\/product\/savaeigis-slaitu-sienavimo-irenginys-flailbot-original\/"]}]},{"@type":"BreadcrumbList","@id":"https:\/\/www.horomechanika.lt\/ru\/product\/savaeigis-slaitu-sienavimo-irenginys-flailbot-original\/#breadcrumb","itemListElement":[{"@type":"ListItem","position":1,"name":"Home","item":"https:\/\/www.horomechanika.lt\/"},{"@type":"ListItem","position":2,"name":"Shop","item":"https:\/\/www.horomechanika.lt\/ru\/shop-2\/"},{"@type":"ListItem","position":3,"name":"Savaeigis \u0161lait\u0173 \u0161ienavimo \u012frenginys Flailbot Original"}]},{"@type":"WebSite","@id":"https:\/\/www.horomechanika.lt\/#website","url":"https:\/\/www.horomechanika.lt\/","name":"Horomechanika","description":"\u017dem\u0117s \u016akio Technika","publisher":{"@id":"https:\/\/www.horomechanika.lt\/#organization"},"potentialAction":[{"@type":"SearchAction","target":{"@type":"EntryPoint","urlTemplate":"https:\/\/www.horomechanika.lt\/?s={search_term_string}"},"query-input":"required name=search_term_string"}],"inLanguage":"ru-RU"},{"@type":"Organization","@id":"https:\/\/www.horomechanika.lt\/#organization","name":"UAB \"Horo mechanika\"","url":"https:\/\/www.horomechanika.lt\/","logo":{"@type":"ImageObject","inLanguage":"ru-RU","@id":"https:\/\/www.horomechanika.lt\/#\/schema\/logo\/image\/","url":"https:\/\/www.horomechanika.lt\/wp-content\/uploads\/2020\/05\/horomechanika-logo.png","contentUrl":"https:\/\/www.horomechanika.lt\/wp-content\/uploads\/2020\/05\/horomechanika-logo.png","width":137,"height":56,"caption":"UAB \"Horo mechanika\""},"image":{"@id":"https:\/\/www.horomechanika.lt\/#\/schema\/logo\/image\/"},"sameAs":["https:\/\/www.facebook.com\/UAB-Horo-mechanika-177091812471952"]}]}},"_links":{"self":[{"href":"https:\/\/www.horomechanika.lt\/ru\/wp-json\/wp\/v2\/product\/12484","targetHints":{"allow":["GET"]}}],"collection":[{"href":"https:\/\/www.horomechanika.lt\/ru\/wp-json\/wp\/v2\/product"}],"about":[{"href":"https:\/\/www.horomechanika.lt\/ru\/wp-json\/wp\/v2\/types\/product"}],"replies":[{"embeddable":true,"href":"https:\/\/www.horomechanika.lt\/ru\/wp-json\/wp\/v2\/comments?post=12484"}],"wp:featuredmedia":[{"embeddable":true,"href":"https:\/\/www.horomechanika.lt\/ru\/wp-json\/wp\/v2\/media\/12494"}],"wp:attachment":[{"href":"https:\/\/www.horomechanika.lt\/ru\/wp-json\/wp\/v2\/media?parent=12484"}],"wp:term":[{"taxonomy":"product_cat","embeddable":true,"href":"https:\/\/www.horomechanika.lt\/ru\/wp-json\/wp\/v2\/product_cat?post=12484"},{"taxonomy":"product_tag","embeddable":true,"href":"https:\/\/www.horomechanika.lt\/ru\/wp-json\/wp\/v2\/product_tag?post=12484"}],"curies":[{"name":"wp","href":"https:\/\/api.w.org\/{rel}","templated":true}]}}