{"id":12500,"date":"2021-02-05T17:36:59","date_gmt":"2021-02-05T14:36:59","guid":{"rendered":"https:\/\/www.horomechanika.lt\/?post_type=product&#038;p=12500"},"modified":"2021-02-19T16:54:23","modified_gmt":"2021-02-19T13:54:23","slug":"rotacne-zoliapjove-mcconnel-ar820","status":"publish","type":"product","link":"https:\/\/www.horomechanika.lt\/ru\/product\/rotacne-zoliapjove-mcconnel-ar820\/","title":{"rendered":"Rotacin\u0117 \u017eoliapjov\u0117 McConnel AR820"},"content":{"rendered":"<table>\n<tbody>\n<tr>\n<th colspan=\"2\" scope=\"col\">SPECIFIKACIJOS<\/th>\n<\/tr>\n<tr>\n<td><strong>Modelis<\/strong><\/td>\n<td><strong>SR820 (SR820)<\/strong><\/td>\n<\/tr>\n<tr>\n<td>Darbinis plotis<\/td>\n<td>8.2m (26&#8217;11&#8221;)<\/td>\n<\/tr>\n<tr>\n<td>HP reikalavimas<\/td>\n<td>150<\/td>\n<\/tr>\n<tr>\n<td>Svoris<\/td>\n<td>4100 kg<\/td>\n<\/tr>\n<tr>\n<td>Pjovimo auk\u0161tis<\/td>\n<td>25mm-400mm<\/td>\n<\/tr>\n<tr>\n<td>Pjovimo paj\u0117gumai<\/td>\n<td>50mm<\/td>\n<\/tr>\n<tr>\n<td>Bendras plotis<\/td>\n<td>8.4m<\/td>\n<\/tr>\n<tr>\n<td>Bendras ilgis<\/td>\n<td>6.15m<\/td>\n<\/tr>\n<tr>\n<td>Transportavimo plotis<\/td>\n<td>2.8m<\/td>\n<\/tr>\n<tr>\n<td>Transportavimo auk\u0161tis<\/td>\n<td>3.8m<\/td>\n<\/tr>\n<tr>\n<td>PTO greitis<\/td>\n<td>1,000rpm<\/td>\n<\/tr>\n<tr>\n<td>Apsaugos<\/td>\n<td>Kvito sankaba<\/td>\n<\/tr>\n<tr>\n<td>A\u0161men\u0173 skai\u010dius<\/td>\n<td>10, 15, 20 arba 30<\/td>\n<\/tr>\n<tr>\n<td>Rotori\u0173 skai\u010dius<\/td>\n<td>5<\/td>\n<\/tr>\n<tr>\n<td>A\u0161men\u0173 persidengimas<\/td>\n<td>111mm<\/td>\n<\/tr>\n<tr>\n<td>A\u0161men\u0173 galo greitis<\/td>\n<td>5340m\/min<\/td>\n<\/tr>\n<tr>\n<td>Hidraulinis sparno lankstas<\/td>\n<td>+90<sup>O<\/sup>\u00a0auk\u0161tyn, -25<sup>O<\/sup>\u00a0\u017demyn<\/td>\n<\/tr>\n<tr>\n<td>Rat\u0173 skai\u010dius<\/td>\n<td>8<\/td>\n<\/tr>\n<\/tbody>\n<\/table>","protected":false},"excerpt":{"rendered":"<h3>Pagrindin\u0117s funkcijos<\/h3>\n<ul class=\"bullets-x2\">\n<li>8.2m darbinis plotis<\/li>\n<li>Auk\u0161to ir \u017eemo graulo parinktys<\/li>\n<li>115 laipsni\u0173 sparn\u0173 jud\u0117jimas (+90<sup>O<\/sup>\u00a0auk\u0161tyn, -25<sup>O<\/sup>\u017eemyn)<\/li>\n<li>Bondioli &amp; Pavesi pavar\u0173 d\u0117\u017e\u0117s ir pavaros<\/li>\n<li>Penki galingi rotoriai<\/li>\n<li>1000rpm plataus kampo PTO<\/li>\n<li>Slydimo sankabos apsauga<\/li>\n<li>Priekin\u0117s ir galin\u0117s grandin\u0117s apsaugai<\/li>\n<li>Sukietinti updraft tipo peiliai<\/li>\n<li>Pjovimo auk\u0161tis nuo 25mm iki 400mm<\/li>\n<li>50mm pjovimo storis<\/li>\n<li>10, 15, 20 arba 30 peili\u0173 pasirinkimas<\/li>\n<li>5,340m per minut\u0119 a\u0161men\u0173 greitis<\/li>\n<li>Stumdomos a\u0161ys<\/li>\n<\/ul>","protected":false},"featured_media":12501,"comment_status":"open","ping_status":"closed","template":"","meta":[],"product_cat":[167,103],"product_tag":[215,216],"class_list":["post-12500","product","type-product","status-publish","has-post-thumbnail","hentry","product_cat-gyvatvoriu-krumynu-prieziuros-technika","product_cat-specializuota-technika","product_tag-slaitai","product_tag-nuotolinis-valdymas"],"yoast_head":"<!-- This site is optimized with the Yoast SEO plugin v20.1 - https:\/\/yoast.com\/wordpress\/plugins\/seo\/ -->\n<title>Rotacin\u0117 \u017eoliapjov\u0117 McConnel AR820 | Horomechanika<\/title>\n<meta name=\"robots\" content=\"index, follow, max-snippet:-1, max-image-preview:large, max-video-preview:-1\" \/>\n<link rel=\"canonical\" href=\"https:\/\/www.horomechanika.lt\/ru\/product\/rotacne-zoliapjove-mcconnel-ar820\/\" \/>\n<meta property=\"og:locale\" content=\"ru_RU\" \/>\n<meta property=\"og:type\" content=\"article\" \/>\n<meta property=\"og:title\" content=\"Rotacin\u0117 \u017eoliapjov\u0117 McConnel AR820 | Horomechanika\" \/>\n<meta property=\"og:description\" content=\"Pagrindin\u0117s funkcijos   8.2m darbinis plotis  Auk\u0161to ir \u017eemo graulo parinktys  115 laipsni\u0173 sparn\u0173 jud\u0117jimas (+90O\u00a0auk\u0161tyn, -25O\u017eemyn)  Bondioli &amp; Pavesi pavar\u0173 d\u0117\u017e\u0117s ir pavaros  Penki galingi rotoriai  1000rpm plataus kampo PTO  Slydimo sankabos apsauga  Priekin\u0117s ir galin\u0117s grandin\u0117s apsaugai  Sukietinti updraft tipo peiliai  Pjovimo auk\u0161tis nuo 25mm iki 400mm  50mm pjovimo storis  10, 15, 20 arba 30 peili\u0173 pasirinkimas  5,340m per minut\u0119 a\u0161men\u0173 greitis  Stumdomos a\u0161ys\" \/>\n<meta property=\"og:url\" content=\"https:\/\/www.horomechanika.lt\/ru\/product\/rotacne-zoliapjove-mcconnel-ar820\/\" \/>\n<meta property=\"og:site_name\" content=\"Horomechanika\" \/>\n<meta property=\"article:publisher\" content=\"https:\/\/www.facebook.com\/UAB-Horo-mechanika-177091812471952\" \/>\n<meta property=\"article:modified_time\" content=\"2021-02-19T13:54:23+00:00\" \/>\n<meta property=\"og:image\" content=\"https:\/\/www.horomechanika.lt\/wp-content\/uploads\/2021\/02\/1620.jpg\" \/>\n\t<meta property=\"og:image:width\" content=\"1844\" \/>\n\t<meta property=\"og:image:height\" content=\"1386\" \/>\n\t<meta property=\"og:image:type\" content=\"image\/jpeg\" \/>\n<meta name=\"twitter:card\" content=\"summary_large_image\" \/>\n<meta name=\"twitter:label1\" content=\"\u041f\u0440\u0438\u043c\u0435\u0440\u043d\u043e\u0435 \u0432\u0440\u0435\u043c\u044f \u0434\u043b\u044f \u0447\u0442\u0435\u043d\u0438\u044f\" \/>\n\t<meta name=\"twitter:data1\" content=\"1 \u043c\u0438\u043d\u0443\u0442\u0430\" \/>\n<script type=\"application\/ld+json\" class=\"yoast-schema-graph\">{\"@context\":\"https:\/\/schema.org\",\"@graph\":[{\"@type\":\"WebPage\",\"@id\":\"https:\/\/www.horomechanika.lt\/product\/rotacne-zoliapjove-mcconnel-ar820\/\",\"url\":\"https:\/\/www.horomechanika.lt\/product\/rotacne-zoliapjove-mcconnel-ar820\/\",\"name\":\"Rotacin\u0117 \u017eoliapjov\u0117 McConnel AR820 | Horomechanika\",\"isPartOf\":{\"@id\":\"https:\/\/www.horomechanika.lt\/#website\"},\"datePublished\":\"2021-02-05T14:36:59+00:00\",\"dateModified\":\"2021-02-19T13:54:23+00:00\",\"breadcrumb\":{\"@id\":\"https:\/\/www.horomechanika.lt\/product\/rotacne-zoliapjove-mcconnel-ar820\/#breadcrumb\"},\"inLanguage\":\"ru-RU\",\"potentialAction\":[{\"@type\":\"ReadAction\",\"target\":[\"https:\/\/www.horomechanika.lt\/product\/rotacne-zoliapjove-mcconnel-ar820\/\"]}]},{\"@type\":\"BreadcrumbList\",\"@id\":\"https:\/\/www.horomechanika.lt\/product\/rotacne-zoliapjove-mcconnel-ar820\/#breadcrumb\",\"itemListElement\":[{\"@type\":\"ListItem\",\"position\":1,\"name\":\"Home\",\"item\":\"https:\/\/www.horomechanika.lt\/\"},{\"@type\":\"ListItem\",\"position\":2,\"name\":\"Shop\",\"item\":\"https:\/\/www.horomechanika.lt\/ru\/shop-2\/\"},{\"@type\":\"ListItem\",\"position\":3,\"name\":\"Rotacin\u0117 \u017eoliapjov\u0117 McConnel AR820\"}]},{\"@type\":\"WebSite\",\"@id\":\"https:\/\/www.horomechanika.lt\/#website\",\"url\":\"https:\/\/www.horomechanika.lt\/\",\"name\":\"Horomechanika\",\"description\":\"\u017dem\u0117s \u016akio Technika\",\"publisher\":{\"@id\":\"https:\/\/www.horomechanika.lt\/#organization\"},\"potentialAction\":[{\"@type\":\"SearchAction\",\"target\":{\"@type\":\"EntryPoint\",\"urlTemplate\":\"https:\/\/www.horomechanika.lt\/?s={search_term_string}\"},\"query-input\":\"required name=search_term_string\"}],\"inLanguage\":\"ru-RU\"},{\"@type\":\"Organization\",\"@id\":\"https:\/\/www.horomechanika.lt\/#organization\",\"name\":\"UAB \\\"Horo mechanika\\\"\",\"url\":\"https:\/\/www.horomechanika.lt\/\",\"logo\":{\"@type\":\"ImageObject\",\"inLanguage\":\"ru-RU\",\"@id\":\"https:\/\/www.horomechanika.lt\/#\/schema\/logo\/image\/\",\"url\":\"https:\/\/www.horomechanika.lt\/wp-content\/uploads\/2020\/05\/horomechanika-logo.png\",\"contentUrl\":\"https:\/\/www.horomechanika.lt\/wp-content\/uploads\/2020\/05\/horomechanika-logo.png\",\"width\":137,\"height\":56,\"caption\":\"UAB \\\"Horo mechanika\\\"\"},\"image\":{\"@id\":\"https:\/\/www.horomechanika.lt\/#\/schema\/logo\/image\/\"},\"sameAs\":[\"https:\/\/www.facebook.com\/UAB-Horo-mechanika-177091812471952\"]}]}<\/script>\n<!-- \/ Yoast SEO plugin. -->","yoast_head_json":{"title":"Rotacin\u0117 \u017eoliapjov\u0117 McConnel AR820 | Horomechanika","robots":{"index":"index","follow":"follow","max-snippet":"max-snippet:-1","max-image-preview":"max-image-preview:large","max-video-preview":"max-video-preview:-1"},"canonical":"https:\/\/www.horomechanika.lt\/ru\/product\/rotacne-zoliapjove-mcconnel-ar820\/","og_locale":"ru_RU","og_type":"article","og_title":"Rotacin\u0117 \u017eoliapjov\u0117 McConnel AR820 | Horomechanika","og_description":"Pagrindin\u0117s funkcijos   8.2m darbinis plotis  Auk\u0161to ir \u017eemo graulo parinktys  115 laipsni\u0173 sparn\u0173 jud\u0117jimas (+90O\u00a0auk\u0161tyn, -25O\u017eemyn)  Bondioli &amp; Pavesi pavar\u0173 d\u0117\u017e\u0117s ir pavaros  Penki galingi rotoriai  1000rpm plataus kampo PTO  Slydimo sankabos apsauga  Priekin\u0117s ir galin\u0117s grandin\u0117s apsaugai  Sukietinti updraft tipo peiliai  Pjovimo auk\u0161tis nuo 25mm iki 400mm  50mm pjovimo storis  10, 15, 20 arba 30 peili\u0173 pasirinkimas  5,340m per minut\u0119 a\u0161men\u0173 greitis  Stumdomos a\u0161ys","og_url":"https:\/\/www.horomechanika.lt\/ru\/product\/rotacne-zoliapjove-mcconnel-ar820\/","og_site_name":"Horomechanika","article_publisher":"https:\/\/www.facebook.com\/UAB-Horo-mechanika-177091812471952","article_modified_time":"2021-02-19T13:54:23+00:00","og_image":[{"width":1844,"height":1386,"url":"https:\/\/www.horomechanika.lt\/wp-content\/uploads\/2021\/02\/1620.jpg","type":"image\/jpeg"}],"twitter_card":"summary_large_image","twitter_misc":{"\u041f\u0440\u0438\u043c\u0435\u0440\u043d\u043e\u0435 \u0432\u0440\u0435\u043c\u044f \u0434\u043b\u044f \u0447\u0442\u0435\u043d\u0438\u044f":"1 \u043c\u0438\u043d\u0443\u0442\u0430"},"schema":{"@context":"https:\/\/schema.org","@graph":[{"@type":"WebPage","@id":"https:\/\/www.horomechanika.lt\/product\/rotacne-zoliapjove-mcconnel-ar820\/","url":"https:\/\/www.horomechanika.lt\/product\/rotacne-zoliapjove-mcconnel-ar820\/","name":"Rotacin\u0117 \u017eoliapjov\u0117 McConnel AR820 | Horomechanika","isPartOf":{"@id":"https:\/\/www.horomechanika.lt\/#website"},"datePublished":"2021-02-05T14:36:59+00:00","dateModified":"2021-02-19T13:54:23+00:00","breadcrumb":{"@id":"https:\/\/www.horomechanika.lt\/product\/rotacne-zoliapjove-mcconnel-ar820\/#breadcrumb"},"inLanguage":"ru-RU","potentialAction":[{"@type":"ReadAction","target":["https:\/\/www.horomechanika.lt\/product\/rotacne-zoliapjove-mcconnel-ar820\/"]}]},{"@type":"BreadcrumbList","@id":"https:\/\/www.horomechanika.lt\/product\/rotacne-zoliapjove-mcconnel-ar820\/#breadcrumb","itemListElement":[{"@type":"ListItem","position":1,"name":"Home","item":"https:\/\/www.horomechanika.lt\/"},{"@type":"ListItem","position":2,"name":"Shop","item":"https:\/\/www.horomechanika.lt\/ru\/shop-2\/"},{"@type":"ListItem","position":3,"name":"Rotacin\u0117 \u017eoliapjov\u0117 McConnel AR820"}]},{"@type":"WebSite","@id":"https:\/\/www.horomechanika.lt\/#website","url":"https:\/\/www.horomechanika.lt\/","name":"Horomechanika","description":"\u017dem\u0117s \u016akio Technika","publisher":{"@id":"https:\/\/www.horomechanika.lt\/#organization"},"potentialAction":[{"@type":"SearchAction","target":{"@type":"EntryPoint","urlTemplate":"https:\/\/www.horomechanika.lt\/?s={search_term_string}"},"query-input":"required name=search_term_string"}],"inLanguage":"ru-RU"},{"@type":"Organization","@id":"https:\/\/www.horomechanika.lt\/#organization","name":"UAB \"Horo mechanika\"","url":"https:\/\/www.horomechanika.lt\/","logo":{"@type":"ImageObject","inLanguage":"ru-RU","@id":"https:\/\/www.horomechanika.lt\/#\/schema\/logo\/image\/","url":"https:\/\/www.horomechanika.lt\/wp-content\/uploads\/2020\/05\/horomechanika-logo.png","contentUrl":"https:\/\/www.horomechanika.lt\/wp-content\/uploads\/2020\/05\/horomechanika-logo.png","width":137,"height":56,"caption":"UAB \"Horo mechanika\""},"image":{"@id":"https:\/\/www.horomechanika.lt\/#\/schema\/logo\/image\/"},"sameAs":["https:\/\/www.facebook.com\/UAB-Horo-mechanika-177091812471952"]}]}},"_links":{"self":[{"href":"https:\/\/www.horomechanika.lt\/ru\/wp-json\/wp\/v2\/product\/12500","targetHints":{"allow":["GET"]}}],"collection":[{"href":"https:\/\/www.horomechanika.lt\/ru\/wp-json\/wp\/v2\/product"}],"about":[{"href":"https:\/\/www.horomechanika.lt\/ru\/wp-json\/wp\/v2\/types\/product"}],"replies":[{"embeddable":true,"href":"https:\/\/www.horomechanika.lt\/ru\/wp-json\/wp\/v2\/comments?post=12500"}],"wp:featuredmedia":[{"embeddable":true,"href":"https:\/\/www.horomechanika.lt\/ru\/wp-json\/wp\/v2\/media\/12501"}],"wp:attachment":[{"href":"https:\/\/www.horomechanika.lt\/ru\/wp-json\/wp\/v2\/media?parent=12500"}],"wp:term":[{"taxonomy":"product_cat","embeddable":true,"href":"https:\/\/www.horomechanika.lt\/ru\/wp-json\/wp\/v2\/product_cat?post=12500"},{"taxonomy":"product_tag","embeddable":true,"href":"https:\/\/www.horomechanika.lt\/ru\/wp-json\/wp\/v2\/product_tag?post=12500"}],"curies":[{"name":"wp","href":"https:\/\/api.w.org\/{rel}","templated":true}]}}