{"id":12521,"date":"2021-02-08T12:37:32","date_gmt":"2021-02-08T09:37:32","guid":{"rendered":"https:\/\/www.horomechanika.lt\/?post_type=product&#038;p=12521"},"modified":"2022-05-11T09:10:02","modified_gmt":"2022-05-11T06:10:02","slug":"vienos-eiles-kukuruzu-smulkintuvas-fimaks-ms12sl","status":"publish","type":"product","link":"https:\/\/www.horomechanika.lt\/ru\/product\/vienos-eiles-kukuruzu-smulkintuvas-fimaks-ms12sl\/","title":{"rendered":"Vienos eil\u0117s kukur\u016bz\u0173 smulkintuvas FIMAKS MS12SL"},"content":{"rendered":"<p>Vienos eil\u0117s \u201eFimaks MC12SL\u201c kukur\u016bz\u0173 smulkintuvas yra skirtas kukur\u016bz\u0173 derliaus nu\u0117mimui, pla\u010diai<br \/>\n\u017einomas d\u0117l auk\u0161tos kokyb\u0117s ir prieinamos kainos.<\/p>\n<p>Norint pasiekti geriausi\u0105 siloso rezultato kokyb\u0119, kukur\u016bz\u0173 kombainas turi puikiai sukapoti stiebus bei<br \/>\nsukapoti burbuol\u0117s s\u0117klas, o tai puikiai \u012fvykdo FIMAKS smulkintuvas. apr\u016bpintas 10 specialiai sukietint\u0173<br \/>\npeili\u0173, kurie sukasi beveik 1600 aps.\/min. Yra du tiekimo b\u016bgnai ir du suspaudimoi volai, kurie kontroliuoja<br \/>\nkukur\u016bz\u0173 tiekim\u0105 smulkinimo diskui. Vienas i\u0161 sl\u0117gini\u0173 vol\u0173 yra spyruoklinis ir dantytas puikiai kopijuoja<br \/>\npadavimo mas\u0119. Suspaudimo volai yra vertikaliai pritvirtinti tiesiai u\u017e padavimo b\u016bgn\u0173, kad stiebai ir<br \/>\nburbuol\u0117s visada b\u016bt\u0173 smulkinamos sta\u010diu kampu. Puikiai tinka agregatuoti su ma\u017eos galios traktoriais.<\/p>\n<p>Padavimo sistemos apsaugai sumontuotas nukerpamas var\u017etas. Jis apsaugo sistem\u0105 nuo perkrov\u0173 kli\u016bties<br \/>\nmomentu.<\/p>\n<p>Eksploatuojant, reguliuojamo auk\u0161\u010dio ratas i\u0161laiko tolyg\u0173 darbin\u012f auk\u0161t\u012f ir puikiai kopijuoja pavir\u0161i\u0173.<\/p>\n<p>\u201eMC12SL\u201c varomas kardaniniu velenu su pakabos sankaba ir be prie\u017ei\u016bros reikalaujan\u010diais V dir\u017eais. Ant<br \/>\nma\u0161inos sumontuotas rankinis dir\u017eo \u012ftempiklis. Tiekimo \u012frengin\u012f maitina transmisija, veikianti u\u017edaroje<br \/>\nriebal\u0173 vonel\u0117je; visi\u0161kai nereikalauja prie\u017ei\u016bros.<\/p>\n<p>Peil\u012f lengva gal\u0105ndamas naudojant \u012fmontuot\u0105 gal\u0105ndimo \u012ftais\u0105.<\/p>\n<p>Vagos sekimas reguliuojams hidrauliniu cilindru. Rankinis nuotolinio valdymo pultas reguliuoja deflektori\u0173.<br \/>\nAbu valdiklius galima reguliuoti i\u0161 vairuotojo kabinos.<br \/>\nSmukintuvo auk\u0161t\u012f galima suma\u017einti nulenkus vir\u0161utin\u0119 i\u0161metimo vamzd\u017eio dal\u012f.<\/p>\n<p><iframe loading=\"lazy\" title=\"FIMAKS MS12SL \/ TEK SIRA MISIR S\u0130LAJ \/ MAIZE CHOPPER\" width=\"895\" height=\"503\" src=\"https:\/\/www.youtube.com\/embed\/O1OjKRKsOyw?feature=oembed\" frameborder=\"0\" allow=\"accelerometer; autoplay; clipboard-write; encrypted-media; gyroscope; picture-in-picture\" allowfullscreen><\/iframe><\/p>\n<table width=\"530\">\n<tbody>\n<tr>\n<td width=\"194\">SPECIFIKACIJOS<\/td>\n<td width=\"336\"><\/td>\n<\/tr>\n<tr>\n<td>Modelis<\/td>\n<td>MS12SL<\/td>\n<\/tr>\n<tr>\n<td>Eili\u0173 skai\u010dius, vnt.<\/td>\n<td width=\"336\">1<\/td>\n<\/tr>\n<tr>\n<td>Auk\u0161tis (mm)<\/td>\n<td width=\"336\">3100<\/td>\n<\/tr>\n<tr>\n<td>Ilgis (mm)<\/td>\n<td width=\"336\">2300<\/td>\n<\/tr>\n<tr>\n<td>Plotis (mm)<\/td>\n<td width=\"336\">2400<\/td>\n<\/tr>\n<tr>\n<td>Svoris (kg)<\/td>\n<td width=\"336\">540<\/td>\n<\/tr>\n<tr>\n<td>PTO (aps\/m)<\/td>\n<td width=\"336\">540<\/td>\n<\/tr>\n<tr>\n<td>Reikalinga galia (kW\/AG)<\/td>\n<td width=\"336\">32\/45<\/td>\n<\/tr>\n<tr>\n<td>Smulkinimo auk\u0161\u010diai(mm)<\/td>\n<td>5 | 10 | 15<\/td>\n<\/tr>\n<tr>\n<td>Peili\u0173 skai\u010dius, vnt.<\/td>\n<td width=\"336\">12<\/td>\n<\/tr>\n<tr>\n<td>Pale\u010di\u0173 skai\u010dius, vnt.<\/td>\n<td width=\"336\">6<\/td>\n<\/tr>\n<tr>\n<td>Ratai<\/td>\n<td width=\"336\">16.5\u00d76.5-8 6PR<\/td>\n<\/tr>\n<tr>\n<td>Na\u0161umas (tonos\/h)<\/td>\n<td width=\"336\">35<\/td>\n<\/tr>\n<\/tbody>\n<\/table>","protected":false},"excerpt":{"rendered":"<h3>Pagrindin\u0117s funkcijos<\/h3>\n<ul class=\"bullets-x2\">\n<li>Reguliuojamas smulkinimo auk\u0161tis<\/li>\n<li>12 sukietint\u0173 smulkinimo peili\u0173<\/li>\n<li>Cat.II suspencija<\/li>\n<li>540 rpm\u00a0 PTO<\/li>\n<li>Hidraulin\u0117 i\u0161metimo vamzd\u017eio kontrol\u0117<\/li>\n<li>Integruota pavar\u0173 d\u0117\u017e\u0117<\/li>\n<\/ul>","protected":false},"featured_media":12526,"comment_status":"open","ping_status":"closed","template":"","meta":[],"product_cat":[149,98],"product_tag":[215,216],"class_list":["post-12521","product","type-product","status-publish","has-post-thumbnail","hentry","product_cat-kukuruzu-pjaunamosios","product_cat-sienavimo-ir-pasaru-ruosimo-techinika","product_tag-slaitai","product_tag-nuotolinis-valdymas"],"yoast_head":"<!-- This site is optimized with the Yoast SEO plugin v20.1 - https:\/\/yoast.com\/wordpress\/plugins\/seo\/ -->\n<title>Vienos eil\u0117s kukur\u016bz\u0173 smulkintuvas FIMAKS MS12SL | Horomechanika<\/title>\n<meta name=\"description\" content=\"Vienos eil\u0117s \u201eFimaks MC12SL\u201c kukur\u016bz\u0173 smulkintuvas yra skirtas kukur\u016bz\u0173 derliaus nu\u0117mimui, pla\u010diai\u017einomas d\u0117l auk\u0161tos kokyb\u0117s ir prieinamos kainos.\" \/>\n<meta name=\"robots\" content=\"index, follow, max-snippet:-1, max-image-preview:large, max-video-preview:-1\" \/>\n<link rel=\"canonical\" href=\"https:\/\/www.horomechanika.lt\/ru\/product\/vienos-eiles-kukuruzu-smulkintuvas-fimaks-ms12sl\/\" \/>\n<meta property=\"og:locale\" content=\"ru_RU\" \/>\n<meta property=\"og:type\" content=\"article\" \/>\n<meta property=\"og:title\" content=\"Vienos eil\u0117s kukur\u016bz\u0173 smulkintuvas FIMAKS MS12SL | Horomechanika\" \/>\n<meta property=\"og:description\" content=\"Vienos eil\u0117s \u201eFimaks MC12SL\u201c kukur\u016bz\u0173 smulkintuvas yra skirtas kukur\u016bz\u0173 derliaus nu\u0117mimui, pla\u010diai\u017einomas d\u0117l auk\u0161tos kokyb\u0117s ir prieinamos kainos.\" \/>\n<meta property=\"og:url\" content=\"https:\/\/www.horomechanika.lt\/ru\/product\/vienos-eiles-kukuruzu-smulkintuvas-fimaks-ms12sl\/\" \/>\n<meta property=\"og:site_name\" content=\"Horomechanika\" \/>\n<meta property=\"article:publisher\" content=\"https:\/\/www.facebook.com\/UAB-Horo-mechanika-177091812471952\" \/>\n<meta property=\"article:modified_time\" content=\"2022-05-11T06:10:02+00:00\" \/>\n<meta property=\"og:image\" content=\"https:\/\/www.horomechanika.lt\/wp-content\/uploads\/2021\/02\/Single-Row-Gearbox.png\" \/>\n\t<meta property=\"og:image:width\" content=\"4288\" \/>\n\t<meta property=\"og:image:height\" content=\"2848\" \/>\n\t<meta property=\"og:image:type\" content=\"image\/png\" \/>\n<meta name=\"twitter:card\" content=\"summary_large_image\" \/>\n<meta name=\"twitter:label1\" content=\"\u041f\u0440\u0438\u043c\u0435\u0440\u043d\u043e\u0435 \u0432\u0440\u0435\u043c\u044f \u0434\u043b\u044f \u0447\u0442\u0435\u043d\u0438\u044f\" \/>\n\t<meta name=\"twitter:data1\" content=\"2 \u043c\u0438\u043d\u0443\u0442\u044b\" \/>\n<script type=\"application\/ld+json\" class=\"yoast-schema-graph\">{\"@context\":\"https:\/\/schema.org\",\"@graph\":[{\"@type\":\"WebPage\",\"@id\":\"https:\/\/www.horomechanika.lt\/product\/vienos-eiles-kukuruzu-smulkintuvas-fimaks-ms12sl\/\",\"url\":\"https:\/\/www.horomechanika.lt\/product\/vienos-eiles-kukuruzu-smulkintuvas-fimaks-ms12sl\/\",\"name\":\"Vienos eil\u0117s kukur\u016bz\u0173 smulkintuvas FIMAKS MS12SL | Horomechanika\",\"isPartOf\":{\"@id\":\"https:\/\/www.horomechanika.lt\/#website\"},\"datePublished\":\"2021-02-08T09:37:32+00:00\",\"dateModified\":\"2022-05-11T06:10:02+00:00\",\"description\":\"Vienos eil\u0117s \u201eFimaks MC12SL\u201c kukur\u016bz\u0173 smulkintuvas yra skirtas kukur\u016bz\u0173 derliaus nu\u0117mimui, pla\u010diai\u017einomas d\u0117l auk\u0161tos kokyb\u0117s ir prieinamos kainos.\",\"breadcrumb\":{\"@id\":\"https:\/\/www.horomechanika.lt\/product\/vienos-eiles-kukuruzu-smulkintuvas-fimaks-ms12sl\/#breadcrumb\"},\"inLanguage\":\"ru-RU\",\"potentialAction\":[{\"@type\":\"ReadAction\",\"target\":[\"https:\/\/www.horomechanika.lt\/product\/vienos-eiles-kukuruzu-smulkintuvas-fimaks-ms12sl\/\"]}]},{\"@type\":\"BreadcrumbList\",\"@id\":\"https:\/\/www.horomechanika.lt\/product\/vienos-eiles-kukuruzu-smulkintuvas-fimaks-ms12sl\/#breadcrumb\",\"itemListElement\":[{\"@type\":\"ListItem\",\"position\":1,\"name\":\"Home\",\"item\":\"https:\/\/www.horomechanika.lt\/\"},{\"@type\":\"ListItem\",\"position\":2,\"name\":\"Shop\",\"item\":\"https:\/\/www.horomechanika.lt\/ru\/shop-2\/\"},{\"@type\":\"ListItem\",\"position\":3,\"name\":\"Vienos eil\u0117s kukur\u016bz\u0173 smulkintuvas FIMAKS MS12SL\"}]},{\"@type\":\"WebSite\",\"@id\":\"https:\/\/www.horomechanika.lt\/#website\",\"url\":\"https:\/\/www.horomechanika.lt\/\",\"name\":\"Horomechanika\",\"description\":\"\u017dem\u0117s \u016akio Technika\",\"publisher\":{\"@id\":\"https:\/\/www.horomechanika.lt\/#organization\"},\"potentialAction\":[{\"@type\":\"SearchAction\",\"target\":{\"@type\":\"EntryPoint\",\"urlTemplate\":\"https:\/\/www.horomechanika.lt\/?s={search_term_string}\"},\"query-input\":\"required name=search_term_string\"}],\"inLanguage\":\"ru-RU\"},{\"@type\":\"Organization\",\"@id\":\"https:\/\/www.horomechanika.lt\/#organization\",\"name\":\"UAB \\\"Horo mechanika\\\"\",\"url\":\"https:\/\/www.horomechanika.lt\/\",\"logo\":{\"@type\":\"ImageObject\",\"inLanguage\":\"ru-RU\",\"@id\":\"https:\/\/www.horomechanika.lt\/#\/schema\/logo\/image\/\",\"url\":\"https:\/\/www.horomechanika.lt\/wp-content\/uploads\/2020\/05\/horomechanika-logo.png\",\"contentUrl\":\"https:\/\/www.horomechanika.lt\/wp-content\/uploads\/2020\/05\/horomechanika-logo.png\",\"width\":137,\"height\":56,\"caption\":\"UAB \\\"Horo mechanika\\\"\"},\"image\":{\"@id\":\"https:\/\/www.horomechanika.lt\/#\/schema\/logo\/image\/\"},\"sameAs\":[\"https:\/\/www.facebook.com\/UAB-Horo-mechanika-177091812471952\"]}]}<\/script>\n<!-- \/ Yoast SEO plugin. -->","yoast_head_json":{"title":"Vienos eil\u0117s kukur\u016bz\u0173 smulkintuvas FIMAKS MS12SL | Horomechanika","description":"Vienos eil\u0117s \u201eFimaks MC12SL\u201c kukur\u016bz\u0173 smulkintuvas yra skirtas kukur\u016bz\u0173 derliaus nu\u0117mimui, pla\u010diai\u017einomas d\u0117l auk\u0161tos kokyb\u0117s ir prieinamos kainos.","robots":{"index":"index","follow":"follow","max-snippet":"max-snippet:-1","max-image-preview":"max-image-preview:large","max-video-preview":"max-video-preview:-1"},"canonical":"https:\/\/www.horomechanika.lt\/ru\/product\/vienos-eiles-kukuruzu-smulkintuvas-fimaks-ms12sl\/","og_locale":"ru_RU","og_type":"article","og_title":"Vienos eil\u0117s kukur\u016bz\u0173 smulkintuvas FIMAKS MS12SL | Horomechanika","og_description":"Vienos eil\u0117s \u201eFimaks MC12SL\u201c kukur\u016bz\u0173 smulkintuvas yra skirtas kukur\u016bz\u0173 derliaus nu\u0117mimui, pla\u010diai\u017einomas d\u0117l auk\u0161tos kokyb\u0117s ir prieinamos kainos.","og_url":"https:\/\/www.horomechanika.lt\/ru\/product\/vienos-eiles-kukuruzu-smulkintuvas-fimaks-ms12sl\/","og_site_name":"Horomechanika","article_publisher":"https:\/\/www.facebook.com\/UAB-Horo-mechanika-177091812471952","article_modified_time":"2022-05-11T06:10:02+00:00","og_image":[{"width":4288,"height":2848,"url":"https:\/\/www.horomechanika.lt\/wp-content\/uploads\/2021\/02\/Single-Row-Gearbox.png","type":"image\/png"}],"twitter_card":"summary_large_image","twitter_misc":{"\u041f\u0440\u0438\u043c\u0435\u0440\u043d\u043e\u0435 \u0432\u0440\u0435\u043c\u044f \u0434\u043b\u044f \u0447\u0442\u0435\u043d\u0438\u044f":"2 \u043c\u0438\u043d\u0443\u0442\u044b"},"schema":{"@context":"https:\/\/schema.org","@graph":[{"@type":"WebPage","@id":"https:\/\/www.horomechanika.lt\/product\/vienos-eiles-kukuruzu-smulkintuvas-fimaks-ms12sl\/","url":"https:\/\/www.horomechanika.lt\/product\/vienos-eiles-kukuruzu-smulkintuvas-fimaks-ms12sl\/","name":"Vienos eil\u0117s kukur\u016bz\u0173 smulkintuvas FIMAKS MS12SL | Horomechanika","isPartOf":{"@id":"https:\/\/www.horomechanika.lt\/#website"},"datePublished":"2021-02-08T09:37:32+00:00","dateModified":"2022-05-11T06:10:02+00:00","description":"Vienos eil\u0117s \u201eFimaks MC12SL\u201c kukur\u016bz\u0173 smulkintuvas yra skirtas kukur\u016bz\u0173 derliaus nu\u0117mimui, pla\u010diai\u017einomas d\u0117l auk\u0161tos kokyb\u0117s ir prieinamos kainos.","breadcrumb":{"@id":"https:\/\/www.horomechanika.lt\/product\/vienos-eiles-kukuruzu-smulkintuvas-fimaks-ms12sl\/#breadcrumb"},"inLanguage":"ru-RU","potentialAction":[{"@type":"ReadAction","target":["https:\/\/www.horomechanika.lt\/product\/vienos-eiles-kukuruzu-smulkintuvas-fimaks-ms12sl\/"]}]},{"@type":"BreadcrumbList","@id":"https:\/\/www.horomechanika.lt\/product\/vienos-eiles-kukuruzu-smulkintuvas-fimaks-ms12sl\/#breadcrumb","itemListElement":[{"@type":"ListItem","position":1,"name":"Home","item":"https:\/\/www.horomechanika.lt\/"},{"@type":"ListItem","position":2,"name":"Shop","item":"https:\/\/www.horomechanika.lt\/ru\/shop-2\/"},{"@type":"ListItem","position":3,"name":"Vienos eil\u0117s kukur\u016bz\u0173 smulkintuvas FIMAKS MS12SL"}]},{"@type":"WebSite","@id":"https:\/\/www.horomechanika.lt\/#website","url":"https:\/\/www.horomechanika.lt\/","name":"Horomechanika","description":"\u017dem\u0117s \u016akio Technika","publisher":{"@id":"https:\/\/www.horomechanika.lt\/#organization"},"potentialAction":[{"@type":"SearchAction","target":{"@type":"EntryPoint","urlTemplate":"https:\/\/www.horomechanika.lt\/?s={search_term_string}"},"query-input":"required name=search_term_string"}],"inLanguage":"ru-RU"},{"@type":"Organization","@id":"https:\/\/www.horomechanika.lt\/#organization","name":"UAB \"Horo mechanika\"","url":"https:\/\/www.horomechanika.lt\/","logo":{"@type":"ImageObject","inLanguage":"ru-RU","@id":"https:\/\/www.horomechanika.lt\/#\/schema\/logo\/image\/","url":"https:\/\/www.horomechanika.lt\/wp-content\/uploads\/2020\/05\/horomechanika-logo.png","contentUrl":"https:\/\/www.horomechanika.lt\/wp-content\/uploads\/2020\/05\/horomechanika-logo.png","width":137,"height":56,"caption":"UAB \"Horo mechanika\""},"image":{"@id":"https:\/\/www.horomechanika.lt\/#\/schema\/logo\/image\/"},"sameAs":["https:\/\/www.facebook.com\/UAB-Horo-mechanika-177091812471952"]}]}},"_links":{"self":[{"href":"https:\/\/www.horomechanika.lt\/ru\/wp-json\/wp\/v2\/product\/12521","targetHints":{"allow":["GET"]}}],"collection":[{"href":"https:\/\/www.horomechanika.lt\/ru\/wp-json\/wp\/v2\/product"}],"about":[{"href":"https:\/\/www.horomechanika.lt\/ru\/wp-json\/wp\/v2\/types\/product"}],"replies":[{"embeddable":true,"href":"https:\/\/www.horomechanika.lt\/ru\/wp-json\/wp\/v2\/comments?post=12521"}],"wp:featuredmedia":[{"embeddable":true,"href":"https:\/\/www.horomechanika.lt\/ru\/wp-json\/wp\/v2\/media\/12526"}],"wp:attachment":[{"href":"https:\/\/www.horomechanika.lt\/ru\/wp-json\/wp\/v2\/media?parent=12521"}],"wp:term":[{"taxonomy":"product_cat","embeddable":true,"href":"https:\/\/www.horomechanika.lt\/ru\/wp-json\/wp\/v2\/product_cat?post=12521"},{"taxonomy":"product_tag","embeddable":true,"href":"https:\/\/www.horomechanika.lt\/ru\/wp-json\/wp\/v2\/product_tag?post=12521"}],"curies":[{"name":"wp","href":"https:\/\/api.w.org\/{rel}","templated":true}]}}