{"id":12527,"date":"2021-02-08T14:57:28","date_gmt":"2021-02-08T11:57:28","guid":{"rendered":"https:\/\/www.horomechanika.lt\/?post_type=product&#038;p=12527"},"modified":"2022-05-11T09:10:27","modified_gmt":"2022-05-11T06:10:27","slug":"dvieju-eiliu-kukuruzu-smulkintuvas-fimaks-bigdrum-1250","status":"publish","type":"product","link":"https:\/\/www.horomechanika.lt\/ru\/product\/dvieju-eiliu-kukuruzu-smulkintuvas-fimaks-bigdrum-1250\/","title":{"rendered":"Dviej\u0173 eili\u0173 kukur\u016bz\u0173 smulkintuvas FIMAKS BIGDRUM 1250"},"content":{"rendered":"<p style=\"text-align: left;\">Fimaks\u201c nepriklausomos eil\u0117s kukur\u016bz\u0173 smulkintuvai turi 1,25 mt darbin\u012f plot\u012f. Smulkintuvas<br \/>\nsudarytas i\u0161 pjovimo, smulkinimo ir tiekimo b\u016bgnai. Ant smulkintuvo smagra\u010dio yra 12 sukietint\u0173<br \/>\nspeciali\u0173 peili\u0173, kuri\u0173 apsisukimai 1400 aps.\/min.<\/p>\n<p style=\"text-align: left;\">\nViena i\u0161 svarbiausi\u0173 \u201eBigdrum 1250\u201c savybi\u0173 yra sulankstoma va\u017eiuokl\u0117. Smulkintuvo sukabinimo<br \/>\nsu traktoriumi pad\u0117tis gali b\u016bti kei\u010diama i\u0161 galo \u012f \u0161on\u0105 arba i\u0161 \u0161ono \u012f gal\u0105. \u0160i funkcija leid\u017eia<br \/>\noperatoriui atsipjauti pirm\u0105 eil\u0119 lauko prad\u017eioje nesuminant derliaus.<\/p>\n<p style=\"text-align: left;\">\n\u201eBigdrum 1250\u201c nepriklausomas kukur\u016bz\u0173 smulkintuvas turi apsaugos sistem\u0105 nuo akmen\u0173 ir kit\u0173<br \/>\npa\u0161alini\u0173 uolien\u0173 patekimo \u012f pjovimo keder\u012f.<\/p>\n<p style=\"text-align: left;\">\n\u201eFimaks\u201c nepriklausomi kukur\u016bz\u0173 smulkintuvai turi hidrauli\u0161kai valdom\u0105 i\u0161metimo vamd\u012f,<br \/>\nvaldom\u0105 i\u0161 kabinos. Esant galinei darbinei pad\u0117\u010diai, i\u0161metimo vamzdis auk\u0161tis yra pakankamas, kad<br \/>\ni\u0161p\u016bst\u0173 silos\u0105 \u012f priekabas, esan\u010dioms prie\u0161 traktori\u0173. Galimas vamzd\u017eio prailginimas.<\/p>\n<p style=\"text-align: left;\">\n\u201eBigdrum 1250\u201c eil\u0117s nepriklausomi kukur\u016bz\u0173 smulkintuvai kaip standartin\u0119 komplektacij\u0105 turi<br \/>\nhidraulin\u012f valdym\u0105, autonomin\u0119 hidraulin\u0119 sistem\u0105, hidraulin\u0119 3 pad\u0117\u010di\u0173 i\u0161metimo vamzd\u012f su<br \/>\nsnapelio valdymu, sulankstom\u0105 va\u017eiuokl\u0119 ir i\u0161metimo sraigtus.<\/p>\n<p><iframe loading=\"lazy\" title=\"FIMAKS BIGDRUM 1250\/ 2 SIRA MISIR S\u0130LAJ \/ 2 ROWS MAIZE CHOPPER\" width=\"895\" height=\"503\" src=\"https:\/\/www.youtube.com\/embed\/ArYBHZ4WZ4w?feature=oembed\" frameborder=\"0\" allow=\"accelerometer; autoplay; clipboard-write; encrypted-media; gyroscope; picture-in-picture\" allowfullscreen><\/iframe><\/p>\n<table width=\"530\">\n<tbody>\n<tr>\n<td width=\"194\">SPECIFIKACIJOS<\/td>\n<td width=\"336\"><\/td>\n<\/tr>\n<tr>\n<td>Modelis<\/td>\n<td>BIGDRUM 1250<\/td>\n<\/tr>\n<tr>\n<td>Eili\u0173 skai\u010dius, vnt.<\/td>\n<td>2<\/td>\n<\/tr>\n<tr>\n<td>Auk\u0161tis (mm)<\/td>\n<td>3550<\/td>\n<\/tr>\n<tr>\n<td>Ilgis (mm)<\/td>\n<td>3800<\/td>\n<\/tr>\n<tr>\n<td>Plotis (mm)<\/td>\n<td>1950<\/td>\n<\/tr>\n<tr>\n<td>Svoris (kg)<\/td>\n<td>1400<\/td>\n<\/tr>\n<tr>\n<td>PTO (aps\/m)<\/td>\n<td>540 \/ 1000 (pasirinktinai)<\/td>\n<\/tr>\n<tr>\n<td>Reikalinga galia (kW\/AG)<\/td>\n<td>64\/90<\/td>\n<\/tr>\n<tr>\n<td>Smulkinimo auk\u0161\u010diai(mm)<\/td>\n<td>4.5 \/ 6 \/ 10 \/ 15<\/td>\n<\/tr>\n<tr>\n<td>Peili\u0173 skai\u010dius, vnt.<\/td>\n<td>12<\/td>\n<\/tr>\n<tr>\n<td>Pale\u010di\u0173 skai\u010dius, vnt.<\/td>\n<td>12<\/td>\n<\/tr>\n<tr>\n<td>Ratai<\/td>\n<td>175\/70 R13<\/td>\n<\/tr>\n<tr>\n<td>Na\u0161umas (tonos\/h)<\/td>\n<td>30 \u2013 55<\/td>\n<\/tr>\n<\/tbody>\n<\/table>","protected":false},"excerpt":{"rendered":"<h3>Pagrindin\u0117s funkcijos<\/h3>\n<p>&nbsp;<\/p>\n<ul class=\"bullets-x2\">\n<li>1,2 m darbinis plotis<\/li>\n<li>2 eili\u0173<\/li>\n<li>Reguliuojamas smulkinimo auk\u0161tis<\/li>\n<li>12 sukietint\u0173 smulkinimo peili\u0173<\/li>\n<li>Cat.II suspencija<\/li>\n<li>540 arba 1000 rpm\u00a0 PTO<\/li>\n<li>Sulenkiamas bei hidrauli\u0161kai kontroliuojamas i\u0161metimo vamzdis<\/li>\n<\/ul>","protected":false},"featured_media":12529,"comment_status":"open","ping_status":"closed","template":"","meta":[],"product_cat":[149,98],"product_tag":[215,216],"class_list":["post-12527","product","type-product","status-publish","has-post-thumbnail","hentry","product_cat-kukuruzu-pjaunamosios","product_cat-sienavimo-ir-pasaru-ruosimo-techinika","product_tag-slaitai","product_tag-nuotolinis-valdymas"],"yoast_head":"<!-- This site is optimized with the Yoast SEO plugin v20.1 - https:\/\/yoast.com\/wordpress\/plugins\/seo\/ -->\n<title>Dviej\u0173 eili\u0173 kukur\u016bz\u0173 smulkintuvas FIMAKS BIGDRUM 1250 | Horomechanika<\/title>\n<meta name=\"robots\" content=\"index, follow, max-snippet:-1, max-image-preview:large, max-video-preview:-1\" \/>\n<link rel=\"canonical\" href=\"https:\/\/www.horomechanika.lt\/ru\/product\/dvieju-eiliu-kukuruzu-smulkintuvas-fimaks-bigdrum-1250\/\" \/>\n<meta property=\"og:locale\" content=\"ru_RU\" \/>\n<meta property=\"og:type\" content=\"article\" \/>\n<meta property=\"og:title\" content=\"Dviej\u0173 eili\u0173 kukur\u016bz\u0173 smulkintuvas FIMAKS BIGDRUM 1250 | Horomechanika\" \/>\n<meta property=\"og:description\" content=\"Pagrindin\u0117s funkcijos &nbsp;   1,2 m darbinis plotis  2 eili\u0173  Reguliuojamas smulkinimo auk\u0161tis  12 sukietint\u0173 smulkinimo peili\u0173  Cat.II suspencija  540 arba 1000 rpm\u00a0 PTO  Sulenkiamas bei hidrauli\u0161kai kontroliuojamas i\u0161metimo vamzdis\" \/>\n<meta property=\"og:url\" content=\"https:\/\/www.horomechanika.lt\/ru\/product\/dvieju-eiliu-kukuruzu-smulkintuvas-fimaks-bigdrum-1250\/\" \/>\n<meta property=\"og:site_name\" content=\"Horomechanika\" \/>\n<meta property=\"article:publisher\" content=\"https:\/\/www.facebook.com\/UAB-Horo-mechanika-177091812471952\" \/>\n<meta property=\"article:modified_time\" content=\"2022-05-11T06:10:27+00:00\" \/>\n<meta property=\"og:image\" content=\"https:\/\/www.horomechanika.lt\/wp-content\/uploads\/2021\/02\/Bigdrum-1250-1024x680.png\" \/>\n\t<meta property=\"og:image:width\" content=\"1024\" \/>\n\t<meta property=\"og:image:height\" content=\"680\" \/>\n\t<meta property=\"og:image:type\" content=\"image\/png\" \/>\n<meta name=\"twitter:card\" content=\"summary_large_image\" \/>\n<meta name=\"twitter:label1\" content=\"\u041f\u0440\u0438\u043c\u0435\u0440\u043d\u043e\u0435 \u0432\u0440\u0435\u043c\u044f \u0434\u043b\u044f \u0447\u0442\u0435\u043d\u0438\u044f\" \/>\n\t<meta name=\"twitter:data1\" content=\"1 \u043c\u0438\u043d\u0443\u0442\u0430\" \/>\n<script type=\"application\/ld+json\" class=\"yoast-schema-graph\">{\"@context\":\"https:\/\/schema.org\",\"@graph\":[{\"@type\":\"WebPage\",\"@id\":\"https:\/\/www.horomechanika.lt\/product\/dvieju-eiliu-kukuruzu-smulkintuvas-fimaks-bigdrum-1250\/\",\"url\":\"https:\/\/www.horomechanika.lt\/product\/dvieju-eiliu-kukuruzu-smulkintuvas-fimaks-bigdrum-1250\/\",\"name\":\"Dviej\u0173 eili\u0173 kukur\u016bz\u0173 smulkintuvas FIMAKS BIGDRUM 1250 | Horomechanika\",\"isPartOf\":{\"@id\":\"https:\/\/www.horomechanika.lt\/#website\"},\"datePublished\":\"2021-02-08T11:57:28+00:00\",\"dateModified\":\"2022-05-11T06:10:27+00:00\",\"breadcrumb\":{\"@id\":\"https:\/\/www.horomechanika.lt\/product\/dvieju-eiliu-kukuruzu-smulkintuvas-fimaks-bigdrum-1250\/#breadcrumb\"},\"inLanguage\":\"ru-RU\",\"potentialAction\":[{\"@type\":\"ReadAction\",\"target\":[\"https:\/\/www.horomechanika.lt\/product\/dvieju-eiliu-kukuruzu-smulkintuvas-fimaks-bigdrum-1250\/\"]}]},{\"@type\":\"BreadcrumbList\",\"@id\":\"https:\/\/www.horomechanika.lt\/product\/dvieju-eiliu-kukuruzu-smulkintuvas-fimaks-bigdrum-1250\/#breadcrumb\",\"itemListElement\":[{\"@type\":\"ListItem\",\"position\":1,\"name\":\"Home\",\"item\":\"https:\/\/www.horomechanika.lt\/\"},{\"@type\":\"ListItem\",\"position\":2,\"name\":\"Shop\",\"item\":\"https:\/\/www.horomechanika.lt\/ru\/shop-2\/\"},{\"@type\":\"ListItem\",\"position\":3,\"name\":\"Dviej\u0173 eili\u0173 kukur\u016bz\u0173 smulkintuvas FIMAKS BIGDRUM 1250\"}]},{\"@type\":\"WebSite\",\"@id\":\"https:\/\/www.horomechanika.lt\/#website\",\"url\":\"https:\/\/www.horomechanika.lt\/\",\"name\":\"Horomechanika\",\"description\":\"\u017dem\u0117s \u016akio Technika\",\"publisher\":{\"@id\":\"https:\/\/www.horomechanika.lt\/#organization\"},\"potentialAction\":[{\"@type\":\"SearchAction\",\"target\":{\"@type\":\"EntryPoint\",\"urlTemplate\":\"https:\/\/www.horomechanika.lt\/?s={search_term_string}\"},\"query-input\":\"required name=search_term_string\"}],\"inLanguage\":\"ru-RU\"},{\"@type\":\"Organization\",\"@id\":\"https:\/\/www.horomechanika.lt\/#organization\",\"name\":\"UAB \\\"Horo mechanika\\\"\",\"url\":\"https:\/\/www.horomechanika.lt\/\",\"logo\":{\"@type\":\"ImageObject\",\"inLanguage\":\"ru-RU\",\"@id\":\"https:\/\/www.horomechanika.lt\/#\/schema\/logo\/image\/\",\"url\":\"https:\/\/www.horomechanika.lt\/wp-content\/uploads\/2020\/05\/horomechanika-logo.png\",\"contentUrl\":\"https:\/\/www.horomechanika.lt\/wp-content\/uploads\/2020\/05\/horomechanika-logo.png\",\"width\":137,\"height\":56,\"caption\":\"UAB \\\"Horo mechanika\\\"\"},\"image\":{\"@id\":\"https:\/\/www.horomechanika.lt\/#\/schema\/logo\/image\/\"},\"sameAs\":[\"https:\/\/www.facebook.com\/UAB-Horo-mechanika-177091812471952\"]}]}<\/script>\n<!-- \/ Yoast SEO plugin. -->","yoast_head_json":{"title":"Dviej\u0173 eili\u0173 kukur\u016bz\u0173 smulkintuvas FIMAKS BIGDRUM 1250 | Horomechanika","robots":{"index":"index","follow":"follow","max-snippet":"max-snippet:-1","max-image-preview":"max-image-preview:large","max-video-preview":"max-video-preview:-1"},"canonical":"https:\/\/www.horomechanika.lt\/ru\/product\/dvieju-eiliu-kukuruzu-smulkintuvas-fimaks-bigdrum-1250\/","og_locale":"ru_RU","og_type":"article","og_title":"Dviej\u0173 eili\u0173 kukur\u016bz\u0173 smulkintuvas FIMAKS BIGDRUM 1250 | Horomechanika","og_description":"Pagrindin\u0117s funkcijos &nbsp;   1,2 m darbinis plotis  2 eili\u0173  Reguliuojamas smulkinimo auk\u0161tis  12 sukietint\u0173 smulkinimo peili\u0173  Cat.II suspencija  540 arba 1000 rpm\u00a0 PTO  Sulenkiamas bei hidrauli\u0161kai kontroliuojamas i\u0161metimo vamzdis","og_url":"https:\/\/www.horomechanika.lt\/ru\/product\/dvieju-eiliu-kukuruzu-smulkintuvas-fimaks-bigdrum-1250\/","og_site_name":"Horomechanika","article_publisher":"https:\/\/www.facebook.com\/UAB-Horo-mechanika-177091812471952","article_modified_time":"2022-05-11T06:10:27+00:00","og_image":[{"width":1024,"height":680,"url":"https:\/\/www.horomechanika.lt\/wp-content\/uploads\/2021\/02\/Bigdrum-1250-1024x680.png","type":"image\/png"}],"twitter_card":"summary_large_image","twitter_misc":{"\u041f\u0440\u0438\u043c\u0435\u0440\u043d\u043e\u0435 \u0432\u0440\u0435\u043c\u044f \u0434\u043b\u044f \u0447\u0442\u0435\u043d\u0438\u044f":"1 \u043c\u0438\u043d\u0443\u0442\u0430"},"schema":{"@context":"https:\/\/schema.org","@graph":[{"@type":"WebPage","@id":"https:\/\/www.horomechanika.lt\/product\/dvieju-eiliu-kukuruzu-smulkintuvas-fimaks-bigdrum-1250\/","url":"https:\/\/www.horomechanika.lt\/product\/dvieju-eiliu-kukuruzu-smulkintuvas-fimaks-bigdrum-1250\/","name":"Dviej\u0173 eili\u0173 kukur\u016bz\u0173 smulkintuvas FIMAKS BIGDRUM 1250 | Horomechanika","isPartOf":{"@id":"https:\/\/www.horomechanika.lt\/#website"},"datePublished":"2021-02-08T11:57:28+00:00","dateModified":"2022-05-11T06:10:27+00:00","breadcrumb":{"@id":"https:\/\/www.horomechanika.lt\/product\/dvieju-eiliu-kukuruzu-smulkintuvas-fimaks-bigdrum-1250\/#breadcrumb"},"inLanguage":"ru-RU","potentialAction":[{"@type":"ReadAction","target":["https:\/\/www.horomechanika.lt\/product\/dvieju-eiliu-kukuruzu-smulkintuvas-fimaks-bigdrum-1250\/"]}]},{"@type":"BreadcrumbList","@id":"https:\/\/www.horomechanika.lt\/product\/dvieju-eiliu-kukuruzu-smulkintuvas-fimaks-bigdrum-1250\/#breadcrumb","itemListElement":[{"@type":"ListItem","position":1,"name":"Home","item":"https:\/\/www.horomechanika.lt\/"},{"@type":"ListItem","position":2,"name":"Shop","item":"https:\/\/www.horomechanika.lt\/ru\/shop-2\/"},{"@type":"ListItem","position":3,"name":"Dviej\u0173 eili\u0173 kukur\u016bz\u0173 smulkintuvas FIMAKS BIGDRUM 1250"}]},{"@type":"WebSite","@id":"https:\/\/www.horomechanika.lt\/#website","url":"https:\/\/www.horomechanika.lt\/","name":"Horomechanika","description":"\u017dem\u0117s \u016akio Technika","publisher":{"@id":"https:\/\/www.horomechanika.lt\/#organization"},"potentialAction":[{"@type":"SearchAction","target":{"@type":"EntryPoint","urlTemplate":"https:\/\/www.horomechanika.lt\/?s={search_term_string}"},"query-input":"required name=search_term_string"}],"inLanguage":"ru-RU"},{"@type":"Organization","@id":"https:\/\/www.horomechanika.lt\/#organization","name":"UAB \"Horo mechanika\"","url":"https:\/\/www.horomechanika.lt\/","logo":{"@type":"ImageObject","inLanguage":"ru-RU","@id":"https:\/\/www.horomechanika.lt\/#\/schema\/logo\/image\/","url":"https:\/\/www.horomechanika.lt\/wp-content\/uploads\/2020\/05\/horomechanika-logo.png","contentUrl":"https:\/\/www.horomechanika.lt\/wp-content\/uploads\/2020\/05\/horomechanika-logo.png","width":137,"height":56,"caption":"UAB \"Horo mechanika\""},"image":{"@id":"https:\/\/www.horomechanika.lt\/#\/schema\/logo\/image\/"},"sameAs":["https:\/\/www.facebook.com\/UAB-Horo-mechanika-177091812471952"]}]}},"_links":{"self":[{"href":"https:\/\/www.horomechanika.lt\/ru\/wp-json\/wp\/v2\/product\/12527","targetHints":{"allow":["GET"]}}],"collection":[{"href":"https:\/\/www.horomechanika.lt\/ru\/wp-json\/wp\/v2\/product"}],"about":[{"href":"https:\/\/www.horomechanika.lt\/ru\/wp-json\/wp\/v2\/types\/product"}],"replies":[{"embeddable":true,"href":"https:\/\/www.horomechanika.lt\/ru\/wp-json\/wp\/v2\/comments?post=12527"}],"wp:featuredmedia":[{"embeddable":true,"href":"https:\/\/www.horomechanika.lt\/ru\/wp-json\/wp\/v2\/media\/12529"}],"wp:attachment":[{"href":"https:\/\/www.horomechanika.lt\/ru\/wp-json\/wp\/v2\/media?parent=12527"}],"wp:term":[{"taxonomy":"product_cat","embeddable":true,"href":"https:\/\/www.horomechanika.lt\/ru\/wp-json\/wp\/v2\/product_cat?post=12527"},{"taxonomy":"product_tag","embeddable":true,"href":"https:\/\/www.horomechanika.lt\/ru\/wp-json\/wp\/v2\/product_tag?post=12527"}],"curies":[{"name":"wp","href":"https:\/\/api.w.org\/{rel}","templated":true}]}}