{"id":12559,"date":"2021-02-12T15:27:08","date_gmt":"2021-02-12T12:27:08","guid":{"rendered":"https:\/\/www.horomechanika.lt\/?post_type=product&#038;p=12559"},"modified":"2021-02-12T15:51:18","modified_gmt":"2021-02-12T12:51:18","slug":"triju-eiliu-kukuruzu-smulkintuvas-fimaks-bigdrum-2200","status":"publish","type":"product","link":"https:\/\/www.horomechanika.lt\/ru\/product\/triju-eiliu-kukuruzu-smulkintuvas-fimaks-bigdrum-2200\/","title":{"rendered":"Trij\u0173 eili\u0173 kukur\u016bz\u0173 smulkintuvas FIMAKS BIGDRUM 2200"},"content":{"rendered":"<p>\u0160is 3 eili\u0173 kukur\u016bz\u0173 smulkintuvas FIMAKS BIGDRUM 2200 yra specialiai sukurtas ma\u017eo bei vidutinio dyd\u017eio \u016bkiams ir\u00a0 i\u0161bandytas sunkiomis s\u0105lygomis.<\/p>\n<p>Kukur\u016bz\u0173 smulkintuv\u0173 \u201eFimaks Bigdrum 2200\u201c darbinis plotis yra 2,2 metrai, tod\u0117l vienu metu galima smulkinti 3 eiles. Ma\u0161in\u0105 galima valdyti priekin\u0117je arba galin\u0117je traktoriaus pus\u0117je.<\/p>\n<p>Kukur\u016bz\u0173 smulkintuvas \u201eBigdrum 2200\u201c turi 12 specialiai sukurt\u0173 ir sukietint\u0173 peili\u0173, dedam\u0173 ant smagra\u010dio, kuris sukasi 1200 aps.\/min. Ma\u0161inoje yra 2 tiekimo b\u016bgnai ir 2 trupinimo b\u016bgnai, kurie pas\u0117lius veda \u012f smagrat\u012f.<\/p>\n<p>3 eilu\u010di\u0173 eil\u0117s nepriklausomas kukur\u016bz\u0173 smulkintuvas, visi\u0161kai valdomas su elektrohidrauline valdymo sistema. Tai rei\u0161kia, kad operatoriai gali valdyti ma\u0161in\u0105 vairasvirte, kuri\u0105 galima pritvirtinti prie traktoriaus.<\/p>\n<p><iframe loading=\"lazy\" title=\"FIMAKS BIGDRUM 2200\/ 3 SIRA MISIR S\u0130LAJ \/ 3 ROWS MAIZE CHOPPER\" width=\"895\" height=\"503\" src=\"https:\/\/www.youtube.com\/embed\/agE6CW4_pBo?feature=oembed\" frameborder=\"0\" allow=\"accelerometer; autoplay; clipboard-write; encrypted-media; gyroscope; picture-in-picture\" allowfullscreen><\/iframe><\/p>\n<table width=\"530\">\n<tbody>\n<tr>\n<td width=\"194\">SPECIFIKACIJOS<\/td>\n<td width=\"336\"><\/td>\n<\/tr>\n<tr>\n<td>Modelis<\/td>\n<td>BIGDRUM 2200<\/td>\n<\/tr>\n<tr>\n<td style=\"font-style: inherit; font-weight: inherit;\">Eili\u0173 skai\u010dius, vnt.<\/td>\n<td style=\"font-style: inherit; font-weight: inherit;\" width=\"336\">3<\/td>\n<\/tr>\n<tr>\n<td style=\"font-style: inherit; font-weight: inherit;\">Auk\u0161tis (mm)<\/td>\n<td style=\"font-style: inherit; font-weight: inherit;\" width=\"336\">4200<\/td>\n<\/tr>\n<tr>\n<td style=\"font-style: inherit; font-weight: inherit;\">Ilgis (mm)<\/td>\n<td style=\"font-style: inherit; font-weight: inherit;\" width=\"336\">2800<\/td>\n<\/tr>\n<tr>\n<td style=\"font-style: inherit; font-weight: inherit;\">Plotis (mm)<\/td>\n<td style=\"font-style: inherit; font-weight: inherit;\" width=\"336\">2400<\/td>\n<\/tr>\n<tr>\n<td style=\"font-style: inherit; font-weight: inherit;\">Svoris (kg)<\/td>\n<td style=\"font-style: inherit; font-weight: inherit;\" width=\"336\">2000<\/td>\n<\/tr>\n<tr>\n<td style=\"font-style: inherit; font-weight: inherit;\">PTO (aps\/m)<\/td>\n<td style=\"font-style: inherit; font-weight: inherit;\" width=\"336\">1000<\/td>\n<\/tr>\n<tr>\n<td style=\"font-style: inherit; font-weight: inherit;\">Reikalinga galia (kW\/AG)<\/td>\n<td style=\"font-style: inherit; font-weight: inherit;\" width=\"336\">115\/150<\/td>\n<\/tr>\n<tr>\n<td style=\"font-style: inherit; font-weight: inherit;\">Smulkinimo auk\u0161\u010diai(mm)<\/td>\n<td style=\"font-style: inherit; font-weight: inherit;\" width=\"336\">4.5<\/td>\n<\/tr>\n<tr>\n<td style=\"font-style: inherit; font-weight: inherit;\">Peili\u0173 skai\u010dius, vnt.<\/td>\n<td style=\"font-style: inherit; font-weight: inherit;\" width=\"336\">12<\/td>\n<\/tr>\n<tr>\n<td style=\"font-style: inherit; font-weight: inherit;\">Pale\u010di\u0173 skai\u010dius, vnt.<\/td>\n<td style=\"font-style: inherit; font-weight: inherit;\" width=\"336\">12<\/td>\n<\/tr>\n<tr>\n<td style=\"font-style: inherit; font-weight: inherit;\">Ratai<\/td>\n<td style=\"font-style: inherit; font-weight: inherit;\" width=\"336\">2x(185\/80 R14)<\/td>\n<\/tr>\n<tr>\n<td style=\"font-style: inherit; font-weight: inherit;\">Na\u0161umas (tonos\/h)<\/td>\n<td style=\"font-style: inherit; font-weight: inherit;\" width=\"336\">80<\/td>\n<\/tr>\n<\/tbody>\n<\/table>\n<p>&nbsp;<\/p>","protected":false},"excerpt":{"rendered":"<h3>Pagrindin\u0117s funkcijos<\/h3>\n<p>&nbsp;<\/p>\n<ul class=\"bullets-x2\">\n<li>2,2 m darbinis plotis<\/li>\n<li>3 eili\u0173<\/li>\n<li>Reguliuojamas smulkinimo auk\u0161tis<\/li>\n<li>12 sukietint\u0173 smulkinimo peili\u0173<\/li>\n<li>Cat.II suspencija<\/li>\n<li>540 arba 1000 rpm\u00a0 PTO<\/li>\n<li>Sulenkiamas bei hidrauli\u0161kai kontroliuojamas i\u0161metimo vamzdis<\/li>\n<\/ul>","protected":false},"featured_media":12561,"comment_status":"open","ping_status":"closed","template":"","meta":[],"product_cat":[149,98],"product_tag":[215,216],"class_list":["post-12559","product","type-product","status-publish","has-post-thumbnail","hentry","product_cat-kukuruzu-pjaunamosios","product_cat-sienavimo-ir-pasaru-ruosimo-techinika","product_tag-slaitai","product_tag-nuotolinis-valdymas"],"yoast_head":"<!-- This site is optimized with the Yoast SEO plugin v20.1 - https:\/\/yoast.com\/wordpress\/plugins\/seo\/ -->\n<title>Trij\u0173 eili\u0173 kukur\u016bz\u0173 smulkintuvas FIMAKS BIGDRUM 2200 | Horomechanika<\/title>\n<meta name=\"robots\" content=\"index, follow, max-snippet:-1, max-image-preview:large, max-video-preview:-1\" \/>\n<link rel=\"canonical\" href=\"https:\/\/www.horomechanika.lt\/ru\/product\/triju-eiliu-kukuruzu-smulkintuvas-fimaks-bigdrum-2200\/\" \/>\n<meta property=\"og:locale\" content=\"ru_RU\" \/>\n<meta property=\"og:type\" content=\"article\" \/>\n<meta property=\"og:title\" content=\"Trij\u0173 eili\u0173 kukur\u016bz\u0173 smulkintuvas FIMAKS BIGDRUM 2200 | Horomechanika\" \/>\n<meta property=\"og:description\" content=\"Pagrindin\u0117s funkcijos &nbsp;   2,2 m darbinis plotis  3 eili\u0173  Reguliuojamas smulkinimo auk\u0161tis  12 sukietint\u0173 smulkinimo peili\u0173  Cat.II suspencija  540 arba 1000 rpm\u00a0 PTO  Sulenkiamas bei hidrauli\u0161kai kontroliuojamas i\u0161metimo vamzdis\" \/>\n<meta property=\"og:url\" content=\"https:\/\/www.horomechanika.lt\/ru\/product\/triju-eiliu-kukuruzu-smulkintuvas-fimaks-bigdrum-2200\/\" \/>\n<meta property=\"og:site_name\" content=\"Horomechanika\" \/>\n<meta property=\"article:publisher\" content=\"https:\/\/www.facebook.com\/UAB-Horo-mechanika-177091812471952\" \/>\n<meta property=\"article:modified_time\" content=\"2021-02-12T12:51:18+00:00\" \/>\n<meta property=\"og:image\" content=\"https:\/\/www.horomechanika.lt\/wp-content\/uploads\/2021\/02\/Bigdrum-2200-1024x680.png\" \/>\n\t<meta property=\"og:image:width\" content=\"1024\" \/>\n\t<meta property=\"og:image:height\" content=\"680\" \/>\n\t<meta property=\"og:image:type\" content=\"image\/png\" \/>\n<meta name=\"twitter:card\" content=\"summary_large_image\" \/>\n<meta name=\"twitter:label1\" content=\"\u041f\u0440\u0438\u043c\u0435\u0440\u043d\u043e\u0435 \u0432\u0440\u0435\u043c\u044f \u0434\u043b\u044f \u0447\u0442\u0435\u043d\u0438\u044f\" \/>\n\t<meta name=\"twitter:data1\" content=\"1 \u043c\u0438\u043d\u0443\u0442\u0430\" \/>\n<script type=\"application\/ld+json\" class=\"yoast-schema-graph\">{\"@context\":\"https:\/\/schema.org\",\"@graph\":[{\"@type\":\"WebPage\",\"@id\":\"https:\/\/www.horomechanika.lt\/ru\/product\/triju-eiliu-kukuruzu-smulkintuvas-fimaks-bigdrum-2200\/\",\"url\":\"https:\/\/www.horomechanika.lt\/ru\/product\/triju-eiliu-kukuruzu-smulkintuvas-fimaks-bigdrum-2200\/\",\"name\":\"Trij\u0173 eili\u0173 kukur\u016bz\u0173 smulkintuvas FIMAKS BIGDRUM 2200 | Horomechanika\",\"isPartOf\":{\"@id\":\"https:\/\/www.horomechanika.lt\/#website\"},\"datePublished\":\"2021-02-12T12:27:08+00:00\",\"dateModified\":\"2021-02-12T12:51:18+00:00\",\"breadcrumb\":{\"@id\":\"https:\/\/www.horomechanika.lt\/ru\/product\/triju-eiliu-kukuruzu-smulkintuvas-fimaks-bigdrum-2200\/#breadcrumb\"},\"inLanguage\":\"ru-RU\",\"potentialAction\":[{\"@type\":\"ReadAction\",\"target\":[\"https:\/\/www.horomechanika.lt\/ru\/product\/triju-eiliu-kukuruzu-smulkintuvas-fimaks-bigdrum-2200\/\"]}]},{\"@type\":\"BreadcrumbList\",\"@id\":\"https:\/\/www.horomechanika.lt\/ru\/product\/triju-eiliu-kukuruzu-smulkintuvas-fimaks-bigdrum-2200\/#breadcrumb\",\"itemListElement\":[{\"@type\":\"ListItem\",\"position\":1,\"name\":\"Home\",\"item\":\"https:\/\/www.horomechanika.lt\/\"},{\"@type\":\"ListItem\",\"position\":2,\"name\":\"Shop\",\"item\":\"https:\/\/www.horomechanika.lt\/ru\/shop-2\/\"},{\"@type\":\"ListItem\",\"position\":3,\"name\":\"Trij\u0173 eili\u0173 kukur\u016bz\u0173 smulkintuvas FIMAKS BIGDRUM 2200\"}]},{\"@type\":\"WebSite\",\"@id\":\"https:\/\/www.horomechanika.lt\/#website\",\"url\":\"https:\/\/www.horomechanika.lt\/\",\"name\":\"Horomechanika\",\"description\":\"\u017dem\u0117s \u016akio Technika\",\"publisher\":{\"@id\":\"https:\/\/www.horomechanika.lt\/#organization\"},\"potentialAction\":[{\"@type\":\"SearchAction\",\"target\":{\"@type\":\"EntryPoint\",\"urlTemplate\":\"https:\/\/www.horomechanika.lt\/?s={search_term_string}\"},\"query-input\":\"required name=search_term_string\"}],\"inLanguage\":\"ru-RU\"},{\"@type\":\"Organization\",\"@id\":\"https:\/\/www.horomechanika.lt\/#organization\",\"name\":\"UAB \\\"Horo mechanika\\\"\",\"url\":\"https:\/\/www.horomechanika.lt\/\",\"logo\":{\"@type\":\"ImageObject\",\"inLanguage\":\"ru-RU\",\"@id\":\"https:\/\/www.horomechanika.lt\/#\/schema\/logo\/image\/\",\"url\":\"https:\/\/www.horomechanika.lt\/wp-content\/uploads\/2020\/05\/horomechanika-logo.png\",\"contentUrl\":\"https:\/\/www.horomechanika.lt\/wp-content\/uploads\/2020\/05\/horomechanika-logo.png\",\"width\":137,\"height\":56,\"caption\":\"UAB \\\"Horo mechanika\\\"\"},\"image\":{\"@id\":\"https:\/\/www.horomechanika.lt\/#\/schema\/logo\/image\/\"},\"sameAs\":[\"https:\/\/www.facebook.com\/UAB-Horo-mechanika-177091812471952\"]}]}<\/script>\n<!-- \/ Yoast SEO plugin. -->","yoast_head_json":{"title":"Trij\u0173 eili\u0173 kukur\u016bz\u0173 smulkintuvas FIMAKS BIGDRUM 2200 | Horomechanika","robots":{"index":"index","follow":"follow","max-snippet":"max-snippet:-1","max-image-preview":"max-image-preview:large","max-video-preview":"max-video-preview:-1"},"canonical":"https:\/\/www.horomechanika.lt\/ru\/product\/triju-eiliu-kukuruzu-smulkintuvas-fimaks-bigdrum-2200\/","og_locale":"ru_RU","og_type":"article","og_title":"Trij\u0173 eili\u0173 kukur\u016bz\u0173 smulkintuvas FIMAKS BIGDRUM 2200 | Horomechanika","og_description":"Pagrindin\u0117s funkcijos &nbsp;   2,2 m darbinis plotis  3 eili\u0173  Reguliuojamas smulkinimo auk\u0161tis  12 sukietint\u0173 smulkinimo peili\u0173  Cat.II suspencija  540 arba 1000 rpm\u00a0 PTO  Sulenkiamas bei hidrauli\u0161kai kontroliuojamas i\u0161metimo vamzdis","og_url":"https:\/\/www.horomechanika.lt\/ru\/product\/triju-eiliu-kukuruzu-smulkintuvas-fimaks-bigdrum-2200\/","og_site_name":"Horomechanika","article_publisher":"https:\/\/www.facebook.com\/UAB-Horo-mechanika-177091812471952","article_modified_time":"2021-02-12T12:51:18+00:00","og_image":[{"width":1024,"height":680,"url":"https:\/\/www.horomechanika.lt\/wp-content\/uploads\/2021\/02\/Bigdrum-2200-1024x680.png","type":"image\/png"}],"twitter_card":"summary_large_image","twitter_misc":{"\u041f\u0440\u0438\u043c\u0435\u0440\u043d\u043e\u0435 \u0432\u0440\u0435\u043c\u044f \u0434\u043b\u044f \u0447\u0442\u0435\u043d\u0438\u044f":"1 \u043c\u0438\u043d\u0443\u0442\u0430"},"schema":{"@context":"https:\/\/schema.org","@graph":[{"@type":"WebPage","@id":"https:\/\/www.horomechanika.lt\/ru\/product\/triju-eiliu-kukuruzu-smulkintuvas-fimaks-bigdrum-2200\/","url":"https:\/\/www.horomechanika.lt\/ru\/product\/triju-eiliu-kukuruzu-smulkintuvas-fimaks-bigdrum-2200\/","name":"Trij\u0173 eili\u0173 kukur\u016bz\u0173 smulkintuvas FIMAKS BIGDRUM 2200 | Horomechanika","isPartOf":{"@id":"https:\/\/www.horomechanika.lt\/#website"},"datePublished":"2021-02-12T12:27:08+00:00","dateModified":"2021-02-12T12:51:18+00:00","breadcrumb":{"@id":"https:\/\/www.horomechanika.lt\/ru\/product\/triju-eiliu-kukuruzu-smulkintuvas-fimaks-bigdrum-2200\/#breadcrumb"},"inLanguage":"ru-RU","potentialAction":[{"@type":"ReadAction","target":["https:\/\/www.horomechanika.lt\/ru\/product\/triju-eiliu-kukuruzu-smulkintuvas-fimaks-bigdrum-2200\/"]}]},{"@type":"BreadcrumbList","@id":"https:\/\/www.horomechanika.lt\/ru\/product\/triju-eiliu-kukuruzu-smulkintuvas-fimaks-bigdrum-2200\/#breadcrumb","itemListElement":[{"@type":"ListItem","position":1,"name":"Home","item":"https:\/\/www.horomechanika.lt\/"},{"@type":"ListItem","position":2,"name":"Shop","item":"https:\/\/www.horomechanika.lt\/ru\/shop-2\/"},{"@type":"ListItem","position":3,"name":"Trij\u0173 eili\u0173 kukur\u016bz\u0173 smulkintuvas FIMAKS BIGDRUM 2200"}]},{"@type":"WebSite","@id":"https:\/\/www.horomechanika.lt\/#website","url":"https:\/\/www.horomechanika.lt\/","name":"Horomechanika","description":"\u017dem\u0117s \u016akio Technika","publisher":{"@id":"https:\/\/www.horomechanika.lt\/#organization"},"potentialAction":[{"@type":"SearchAction","target":{"@type":"EntryPoint","urlTemplate":"https:\/\/www.horomechanika.lt\/?s={search_term_string}"},"query-input":"required name=search_term_string"}],"inLanguage":"ru-RU"},{"@type":"Organization","@id":"https:\/\/www.horomechanika.lt\/#organization","name":"UAB \"Horo mechanika\"","url":"https:\/\/www.horomechanika.lt\/","logo":{"@type":"ImageObject","inLanguage":"ru-RU","@id":"https:\/\/www.horomechanika.lt\/#\/schema\/logo\/image\/","url":"https:\/\/www.horomechanika.lt\/wp-content\/uploads\/2020\/05\/horomechanika-logo.png","contentUrl":"https:\/\/www.horomechanika.lt\/wp-content\/uploads\/2020\/05\/horomechanika-logo.png","width":137,"height":56,"caption":"UAB \"Horo mechanika\""},"image":{"@id":"https:\/\/www.horomechanika.lt\/#\/schema\/logo\/image\/"},"sameAs":["https:\/\/www.facebook.com\/UAB-Horo-mechanika-177091812471952"]}]}},"_links":{"self":[{"href":"https:\/\/www.horomechanika.lt\/ru\/wp-json\/wp\/v2\/product\/12559","targetHints":{"allow":["GET"]}}],"collection":[{"href":"https:\/\/www.horomechanika.lt\/ru\/wp-json\/wp\/v2\/product"}],"about":[{"href":"https:\/\/www.horomechanika.lt\/ru\/wp-json\/wp\/v2\/types\/product"}],"replies":[{"embeddable":true,"href":"https:\/\/www.horomechanika.lt\/ru\/wp-json\/wp\/v2\/comments?post=12559"}],"wp:featuredmedia":[{"embeddable":true,"href":"https:\/\/www.horomechanika.lt\/ru\/wp-json\/wp\/v2\/media\/12561"}],"wp:attachment":[{"href":"https:\/\/www.horomechanika.lt\/ru\/wp-json\/wp\/v2\/media?parent=12559"}],"wp:term":[{"taxonomy":"product_cat","embeddable":true,"href":"https:\/\/www.horomechanika.lt\/ru\/wp-json\/wp\/v2\/product_cat?post=12559"},{"taxonomy":"product_tag","embeddable":true,"href":"https:\/\/www.horomechanika.lt\/ru\/wp-json\/wp\/v2\/product_tag?post=12559"}],"curies":[{"name":"wp","href":"https:\/\/api.w.org\/{rel}","templated":true}]}}