{"id":12570,"date":"2021-02-15T16:56:35","date_gmt":"2021-02-15T13:56:35","guid":{"rendered":"https:\/\/www.horomechanika.lt\/?post_type=product&#038;p=12570"},"modified":"2021-02-17T11:36:36","modified_gmt":"2021-02-17T08:36:36","slug":"5-tonu-meslo-kratytuvas-fimaks-fmgr-5","status":"publish","type":"product","link":"https:\/\/www.horomechanika.lt\/ru\/product\/5-tonu-meslo-kratytuvas-fimaks-fmgr-5\/","title":{"rendered":"5  ton\u0173 m\u0117\u0161lo kratytuvas FIMAKS FMGR 5"},"content":{"rendered":"<p>\u201eFimaks FMGR 5\u201c m\u0117\u0161lo barstytuvas yra 4 kubini\u0173 metr\u0173 talpos. Galima pakrauti ir homogeni\u0161kai paskleisti iki 5 ton\u0173 m\u0117\u0161lo. \u201eFMGR 5\u201c skirtas ma\u017eoms ir vidutin\u0117ms \u012fmon\u0117ms, kurioms reikia 60 AG galios.<\/p>\n<p>Hidraulin\u012f konvejer\u012f ir duris lengva valdyti vairasvirte. Valdikl\u012f galima pritvirtinti prie traktoriaus. \u201eFimaks\u201c m\u0117\u0161lo barstytuvuose yra pakabos sistema, u\u017etikrinanti subalansuot\u0105 ir patogesn\u012f valdym\u0105.<\/p>\n<p>Yra papildom\u0173 FMGR 5 m\u0117\u0161lo barstytuvo funkcij\u0173, toki\u0173 kaip;<br \/>\n&#8211; Cinkuotas korpusas<br \/>\n&#8211; Hidraulinis stabdis<br \/>\n&#8211; Sv\u0117rimo sistema<\/p>\n<p><iframe loading=\"lazy\" title=\"FIMAKS FMGR10 \/ 10 TON G\u00dcBRE R\u00d6MORKU \/ MANURE SPREADER 10 TONS\" width=\"895\" height=\"503\" src=\"https:\/\/www.youtube.com\/embed\/qfkZKH__-YA?feature=oembed\" frameborder=\"0\" allow=\"accelerometer; autoplay; clipboard-write; encrypted-media; gyroscope; picture-in-picture\" allowfullscreen><\/iframe><\/p>\n<table width=\"128\">\n<tbody>\n<tr>\n<td colspan=\"2\" width=\"128\">Specifikacijos<\/td>\n<\/tr>\n<tr>\n<td style=\"font-style: inherit; font-weight: inherit;\" width=\"64\">Talpa (m3)<\/td>\n<td style=\"font-style: inherit; font-weight: inherit;\" width=\"64\">4<\/td>\n<\/tr>\n<tr>\n<td style=\"font-style: inherit; font-weight: inherit;\" width=\"64\">Auk\u0161tis (mm)<\/td>\n<td style=\"font-style: inherit; font-weight: inherit;\" width=\"64\">2400<\/td>\n<\/tr>\n<tr>\n<td style=\"font-style: inherit; font-weight: inherit;\" width=\"64\">Ilgis (mm)<\/td>\n<td style=\"font-style: inherit; font-weight: inherit;\" width=\"64\">5600<\/td>\n<\/tr>\n<tr>\n<td style=\"font-style: inherit; font-weight: inherit;\" width=\"64\">Plotis (mm)<\/td>\n<td style=\"font-style: inherit; font-weight: inherit;\" width=\"64\">2100<\/td>\n<\/tr>\n<tr>\n<td style=\"font-style: inherit; font-weight: inherit;\" width=\"64\">Svoris (kg)<\/td>\n<td style=\"font-style: inherit; font-weight: inherit;\" width=\"64\">2500<\/td>\n<\/tr>\n<tr>\n<td style=\"font-style: inherit; font-weight: inherit;\" width=\"64\">Pakrovimo svoris (mm)<\/td>\n<td style=\"font-style: inherit; font-weight: inherit;\" width=\"64\">2220<\/td>\n<\/tr>\n<tr>\n<td style=\"font-style: inherit; font-weight: inherit;\" width=\"64\">PTO (rpm)<\/td>\n<td style=\"font-style: inherit; font-weight: inherit;\" width=\"64\">540<\/td>\n<\/tr>\n<tr>\n<td style=\"font-style: inherit; font-weight: inherit;\" width=\"64\">Reikalinga galia (kW\/AG)<\/td>\n<td style=\"font-style: inherit; font-weight: inherit;\" width=\"64\">42 \/ 60<\/td>\n<\/tr>\n<tr>\n<td style=\"font-style: inherit; font-weight: inherit;\" width=\"64\">Peiliuk\u0173 skai\u010dius<\/td>\n<td style=\"font-style: inherit; font-weight: inherit;\" width=\"64\">23 + 23<\/td>\n<\/tr>\n<tr>\n<td style=\"font-style: inherit; font-weight: inherit;\" width=\"64\">Kontroliavimo tipas<\/td>\n<td style=\"font-style: inherit; font-weight: inherit;\" width=\"64\">HYDRAULINIS<\/td>\n<\/tr>\n<tr>\n<td style=\"font-style: inherit; font-weight: inherit;\" width=\"64\">Padangos<\/td>\n<td style=\"font-style: inherit; font-weight: inherit;\" width=\"64\">2 x (12.50\/80 x 15.3)<\/td>\n<\/tr>\n<\/tbody>\n<\/table>","protected":false},"excerpt":{"rendered":"<h3>Pagrindin\u0117s funkcijos<\/h3>\n<p>&nbsp;<\/p>\n<ul class=\"bullets-x2\">\n<li><\/li>\n<\/ul>","protected":false},"featured_media":12575,"comment_status":"open","ping_status":"closed","template":"","meta":[],"product_cat":[124,93],"product_tag":[215,216],"class_list":["post-12570","product","type-product","status-publish","has-post-thumbnail","hentry","product_cat-meslo-kratytuvai","product_cat-tresimo-technika","product_tag-slaitai","product_tag-nuotolinis-valdymas"],"yoast_head":"<!-- This site is optimized with the Yoast SEO plugin v20.1 - https:\/\/yoast.com\/wordpress\/plugins\/seo\/ -->\n<title>5 ton\u0173 m\u0117\u0161lo kratytuvas FIMAKS FMGR 5 | Horomechanika<\/title>\n<meta name=\"robots\" content=\"index, follow, max-snippet:-1, max-image-preview:large, max-video-preview:-1\" \/>\n<link rel=\"canonical\" href=\"https:\/\/www.horomechanika.lt\/ru\/product\/5-tonu-meslo-kratytuvas-fimaks-fmgr-5\/\" \/>\n<meta property=\"og:locale\" content=\"ru_RU\" \/>\n<meta property=\"og:type\" content=\"article\" \/>\n<meta property=\"og:title\" content=\"5 ton\u0173 m\u0117\u0161lo kratytuvas FIMAKS FMGR 5 | Horomechanika\" \/>\n<meta property=\"og:description\" content=\"Pagrindin\u0117s funkcijos &nbsp;\" \/>\n<meta property=\"og:url\" content=\"https:\/\/www.horomechanika.lt\/ru\/product\/5-tonu-meslo-kratytuvas-fimaks-fmgr-5\/\" \/>\n<meta property=\"og:site_name\" content=\"Horomechanika\" \/>\n<meta property=\"article:publisher\" content=\"https:\/\/www.facebook.com\/UAB-Horo-mechanika-177091812471952\" \/>\n<meta property=\"article:modified_time\" content=\"2021-02-17T08:36:36+00:00\" \/>\n<meta property=\"og:image\" content=\"https:\/\/www.horomechanika.lt\/wp-content\/uploads\/2021\/02\/5T-1024x768.png\" \/>\n\t<meta property=\"og:image:width\" content=\"1024\" \/>\n\t<meta property=\"og:image:height\" content=\"768\" \/>\n\t<meta property=\"og:image:type\" content=\"image\/png\" \/>\n<meta name=\"twitter:card\" content=\"summary_large_image\" \/>\n<meta name=\"twitter:label1\" content=\"\u041f\u0440\u0438\u043c\u0435\u0440\u043d\u043e\u0435 \u0432\u0440\u0435\u043c\u044f \u0434\u043b\u044f \u0447\u0442\u0435\u043d\u0438\u044f\" \/>\n\t<meta name=\"twitter:data1\" content=\"1 \u043c\u0438\u043d\u0443\u0442\u0430\" \/>\n<script type=\"application\/ld+json\" class=\"yoast-schema-graph\">{\"@context\":\"https:\/\/schema.org\",\"@graph\":[{\"@type\":\"WebPage\",\"@id\":\"https:\/\/www.horomechanika.lt\/ru\/product\/5-tonu-meslo-kratytuvas-fimaks-fmgr-5\/\",\"url\":\"https:\/\/www.horomechanika.lt\/ru\/product\/5-tonu-meslo-kratytuvas-fimaks-fmgr-5\/\",\"name\":\"5 ton\u0173 m\u0117\u0161lo kratytuvas FIMAKS FMGR 5 | Horomechanika\",\"isPartOf\":{\"@id\":\"https:\/\/www.horomechanika.lt\/#website\"},\"datePublished\":\"2021-02-15T13:56:35+00:00\",\"dateModified\":\"2021-02-17T08:36:36+00:00\",\"breadcrumb\":{\"@id\":\"https:\/\/www.horomechanika.lt\/ru\/product\/5-tonu-meslo-kratytuvas-fimaks-fmgr-5\/#breadcrumb\"},\"inLanguage\":\"ru-RU\",\"potentialAction\":[{\"@type\":\"ReadAction\",\"target\":[\"https:\/\/www.horomechanika.lt\/ru\/product\/5-tonu-meslo-kratytuvas-fimaks-fmgr-5\/\"]}]},{\"@type\":\"BreadcrumbList\",\"@id\":\"https:\/\/www.horomechanika.lt\/ru\/product\/5-tonu-meslo-kratytuvas-fimaks-fmgr-5\/#breadcrumb\",\"itemListElement\":[{\"@type\":\"ListItem\",\"position\":1,\"name\":\"Home\",\"item\":\"https:\/\/www.horomechanika.lt\/\"},{\"@type\":\"ListItem\",\"position\":2,\"name\":\"Shop\",\"item\":\"https:\/\/www.horomechanika.lt\/ru\/shop-2\/\"},{\"@type\":\"ListItem\",\"position\":3,\"name\":\"5 ton\u0173 m\u0117\u0161lo kratytuvas FIMAKS FMGR 5\"}]},{\"@type\":\"WebSite\",\"@id\":\"https:\/\/www.horomechanika.lt\/#website\",\"url\":\"https:\/\/www.horomechanika.lt\/\",\"name\":\"Horomechanika\",\"description\":\"\u017dem\u0117s \u016akio Technika\",\"publisher\":{\"@id\":\"https:\/\/www.horomechanika.lt\/#organization\"},\"potentialAction\":[{\"@type\":\"SearchAction\",\"target\":{\"@type\":\"EntryPoint\",\"urlTemplate\":\"https:\/\/www.horomechanika.lt\/?s={search_term_string}\"},\"query-input\":\"required name=search_term_string\"}],\"inLanguage\":\"ru-RU\"},{\"@type\":\"Organization\",\"@id\":\"https:\/\/www.horomechanika.lt\/#organization\",\"name\":\"UAB \\\"Horo mechanika\\\"\",\"url\":\"https:\/\/www.horomechanika.lt\/\",\"logo\":{\"@type\":\"ImageObject\",\"inLanguage\":\"ru-RU\",\"@id\":\"https:\/\/www.horomechanika.lt\/#\/schema\/logo\/image\/\",\"url\":\"https:\/\/www.horomechanika.lt\/wp-content\/uploads\/2020\/05\/horomechanika-logo.png\",\"contentUrl\":\"https:\/\/www.horomechanika.lt\/wp-content\/uploads\/2020\/05\/horomechanika-logo.png\",\"width\":137,\"height\":56,\"caption\":\"UAB \\\"Horo mechanika\\\"\"},\"image\":{\"@id\":\"https:\/\/www.horomechanika.lt\/#\/schema\/logo\/image\/\"},\"sameAs\":[\"https:\/\/www.facebook.com\/UAB-Horo-mechanika-177091812471952\"]}]}<\/script>\n<!-- \/ Yoast SEO plugin. -->","yoast_head_json":{"title":"5 ton\u0173 m\u0117\u0161lo kratytuvas FIMAKS FMGR 5 | Horomechanika","robots":{"index":"index","follow":"follow","max-snippet":"max-snippet:-1","max-image-preview":"max-image-preview:large","max-video-preview":"max-video-preview:-1"},"canonical":"https:\/\/www.horomechanika.lt\/ru\/product\/5-tonu-meslo-kratytuvas-fimaks-fmgr-5\/","og_locale":"ru_RU","og_type":"article","og_title":"5 ton\u0173 m\u0117\u0161lo kratytuvas FIMAKS FMGR 5 | Horomechanika","og_description":"Pagrindin\u0117s funkcijos &nbsp;","og_url":"https:\/\/www.horomechanika.lt\/ru\/product\/5-tonu-meslo-kratytuvas-fimaks-fmgr-5\/","og_site_name":"Horomechanika","article_publisher":"https:\/\/www.facebook.com\/UAB-Horo-mechanika-177091812471952","article_modified_time":"2021-02-17T08:36:36+00:00","og_image":[{"width":1024,"height":768,"url":"https:\/\/www.horomechanika.lt\/wp-content\/uploads\/2021\/02\/5T-1024x768.png","type":"image\/png"}],"twitter_card":"summary_large_image","twitter_misc":{"\u041f\u0440\u0438\u043c\u0435\u0440\u043d\u043e\u0435 \u0432\u0440\u0435\u043c\u044f \u0434\u043b\u044f \u0447\u0442\u0435\u043d\u0438\u044f":"1 \u043c\u0438\u043d\u0443\u0442\u0430"},"schema":{"@context":"https:\/\/schema.org","@graph":[{"@type":"WebPage","@id":"https:\/\/www.horomechanika.lt\/ru\/product\/5-tonu-meslo-kratytuvas-fimaks-fmgr-5\/","url":"https:\/\/www.horomechanika.lt\/ru\/product\/5-tonu-meslo-kratytuvas-fimaks-fmgr-5\/","name":"5 ton\u0173 m\u0117\u0161lo kratytuvas FIMAKS FMGR 5 | Horomechanika","isPartOf":{"@id":"https:\/\/www.horomechanika.lt\/#website"},"datePublished":"2021-02-15T13:56:35+00:00","dateModified":"2021-02-17T08:36:36+00:00","breadcrumb":{"@id":"https:\/\/www.horomechanika.lt\/ru\/product\/5-tonu-meslo-kratytuvas-fimaks-fmgr-5\/#breadcrumb"},"inLanguage":"ru-RU","potentialAction":[{"@type":"ReadAction","target":["https:\/\/www.horomechanika.lt\/ru\/product\/5-tonu-meslo-kratytuvas-fimaks-fmgr-5\/"]}]},{"@type":"BreadcrumbList","@id":"https:\/\/www.horomechanika.lt\/ru\/product\/5-tonu-meslo-kratytuvas-fimaks-fmgr-5\/#breadcrumb","itemListElement":[{"@type":"ListItem","position":1,"name":"Home","item":"https:\/\/www.horomechanika.lt\/"},{"@type":"ListItem","position":2,"name":"Shop","item":"https:\/\/www.horomechanika.lt\/ru\/shop-2\/"},{"@type":"ListItem","position":3,"name":"5 ton\u0173 m\u0117\u0161lo kratytuvas FIMAKS FMGR 5"}]},{"@type":"WebSite","@id":"https:\/\/www.horomechanika.lt\/#website","url":"https:\/\/www.horomechanika.lt\/","name":"Horomechanika","description":"\u017dem\u0117s \u016akio Technika","publisher":{"@id":"https:\/\/www.horomechanika.lt\/#organization"},"potentialAction":[{"@type":"SearchAction","target":{"@type":"EntryPoint","urlTemplate":"https:\/\/www.horomechanika.lt\/?s={search_term_string}"},"query-input":"required name=search_term_string"}],"inLanguage":"ru-RU"},{"@type":"Organization","@id":"https:\/\/www.horomechanika.lt\/#organization","name":"UAB \"Horo mechanika\"","url":"https:\/\/www.horomechanika.lt\/","logo":{"@type":"ImageObject","inLanguage":"ru-RU","@id":"https:\/\/www.horomechanika.lt\/#\/schema\/logo\/image\/","url":"https:\/\/www.horomechanika.lt\/wp-content\/uploads\/2020\/05\/horomechanika-logo.png","contentUrl":"https:\/\/www.horomechanika.lt\/wp-content\/uploads\/2020\/05\/horomechanika-logo.png","width":137,"height":56,"caption":"UAB \"Horo mechanika\""},"image":{"@id":"https:\/\/www.horomechanika.lt\/#\/schema\/logo\/image\/"},"sameAs":["https:\/\/www.facebook.com\/UAB-Horo-mechanika-177091812471952"]}]}},"_links":{"self":[{"href":"https:\/\/www.horomechanika.lt\/ru\/wp-json\/wp\/v2\/product\/12570","targetHints":{"allow":["GET"]}}],"collection":[{"href":"https:\/\/www.horomechanika.lt\/ru\/wp-json\/wp\/v2\/product"}],"about":[{"href":"https:\/\/www.horomechanika.lt\/ru\/wp-json\/wp\/v2\/types\/product"}],"replies":[{"embeddable":true,"href":"https:\/\/www.horomechanika.lt\/ru\/wp-json\/wp\/v2\/comments?post=12570"}],"wp:featuredmedia":[{"embeddable":true,"href":"https:\/\/www.horomechanika.lt\/ru\/wp-json\/wp\/v2\/media\/12575"}],"wp:attachment":[{"href":"https:\/\/www.horomechanika.lt\/ru\/wp-json\/wp\/v2\/media?parent=12570"}],"wp:term":[{"taxonomy":"product_cat","embeddable":true,"href":"https:\/\/www.horomechanika.lt\/ru\/wp-json\/wp\/v2\/product_cat?post=12570"},{"taxonomy":"product_tag","embeddable":true,"href":"https:\/\/www.horomechanika.lt\/ru\/wp-json\/wp\/v2\/product_tag?post=12570"}],"curies":[{"name":"wp","href":"https:\/\/api.w.org\/{rel}","templated":true}]}}