{"id":12579,"date":"2021-02-17T11:16:24","date_gmt":"2021-02-17T08:16:24","guid":{"rendered":"https:\/\/www.horomechanika.lt\/?post_type=product&#038;p=12579"},"modified":"2021-02-17T11:26:53","modified_gmt":"2021-02-17T08:26:53","slug":"10-tonu-meslo-kratytuvas-fimaks-fmgr-10-copy","status":"publish","type":"product","link":"https:\/\/www.horomechanika.lt\/ru\/product\/10-tonu-meslo-kratytuvas-fimaks-fmgr-10-copy\/","title":{"rendered":"10 ton\u0173 m\u0117\u0161lo kratytuvas FIMAKS FMGR 10"},"content":{"rendered":"<p>M\u0117\u0161lo barstytuvas \u201eFimaks FMGR 10\u201c yra 8,5 kubini\u0173 metr\u0173 talpos,\u00a0 \u012f kur\u012f galima pakrauti ki 10 ton\u0173 m\u0117\u0161lo ir tolygiai paskleisti. \u201eFMGR 10\u201c yra skirtas vidutiniams bei dideliems \u016bkiams.<\/p>\n<p>Hidraulin\u012f konvejer\u012f ir duris lengva valdyti vairasvirte. Valdikl\u012f galima pritvirtinti prie traktoriaus, kad ma\u0161in\u0105 b\u016bt\u0173 dar lengviau valdyti. \u201eFimaks\u201c m\u0117\u0161lo barstytuvuose yra pakabos sistema, u\u017etikrinanti subalansuot\u0105 ir patogesn\u012f valdym\u0105.<\/p>\n<p>M\u0117\u0161lo barstytuvai \u201eFimaks\u201c turi vertikaliai i\u0161d\u0117stytus plakiklius. Plaktuvo peiliai skaldo m\u0117\u0161l\u0105 ir tolygiai paskleid\u017eia. M\u0117\u0161lo barstytuvo pavar\u0173 d\u0117\u017e\u0117s ir grandin\u0117s sistema suprojektuotos taip, kad atlaikyt\u0173 didel\u012f darbo kr\u016bv\u012f.<\/p>\n<p>Grandin\u0117s \u012ftempimo sistema, laikymo koja, kop\u0117\u010dios, FMGR serijos ma\u0161in\u0173 indikatoriai leid\u017eia juos lengvai laikyti ir pri\u017ei\u016br\u0117ti.<\/p>\n<p>Yra papildom\u0173 FMGR 10 m\u0117\u0161lo barstytuvo funkcij\u0173, toki\u0173 kaip;<br \/>\n&#8211; Cinkuotas korpusas<br \/>\n&#8211; Hidraulinis stabdis<br \/>\n&#8211; Sv\u0117rimo sistema<\/p>\n<p><iframe loading=\"lazy\" title=\"FIMAKS FMGR10 \/ 10 TON G\u00dcBRE R\u00d6MORKU \/ MANURE SPREADER 10 TONS\" width=\"895\" height=\"503\" src=\"https:\/\/www.youtube.com\/embed\/qfkZKH__-YA?feature=oembed\" frameborder=\"0\" allow=\"accelerometer; autoplay; clipboard-write; encrypted-media; gyroscope; picture-in-picture\" allowfullscreen><\/iframe><\/p>\n<table style=\"border-collapse: collapse; width: 96pt;\" border=\"0\" width=\"128\" cellspacing=\"0\" cellpadding=\"0\">\n<tbody>\n<tr style=\"height: 26.25pt;\">\n<td class=\"xl65\" style=\"height: 26.25pt; width: 48pt; box-sizing: border-box; font-style: inherit; font-variant: inherit; font-weight: inherit; font-stretch: inherit; line-height: inherit;\" width=\"64\" height=\"35\">Talpa (m3)<\/td>\n<td class=\"xl66\" style=\"width: 48pt; box-sizing: border-box; border-image: initial; font-style: inherit; font-variant: inherit; font-weight: inherit; font-stretch: inherit; line-height: inherit;\" width=\"64\">4<\/td>\n<\/tr>\n<tr style=\"height: 26.25pt;\">\n<td class=\"xl67\" style=\"height: 26.25pt; width: 48pt; box-sizing: border-box; border-image: initial; font-style: inherit; font-variant: inherit; font-weight: inherit; font-stretch: inherit; line-height: inherit;\" width=\"64\" height=\"35\">Auk\u0161tis (mm)<\/td>\n<td class=\"xl68\" style=\"width: 48pt; box-sizing: border-box; border-image: initial; font-style: inherit; font-variant: inherit; font-weight: inherit; font-stretch: inherit; line-height: inherit;\" width=\"64\">2400<\/td>\n<\/tr>\n<tr style=\"height: 26.25pt;\">\n<td class=\"xl69\" style=\"height: 26.25pt; width: 48pt; box-sizing: border-box; border-image: initial; font-style: inherit; font-variant: inherit; font-weight: inherit; font-stretch: inherit; line-height: inherit;\" width=\"64\" height=\"35\">Ilgis (mm)<\/td>\n<td class=\"xl70\" style=\"width: 48pt; box-sizing: border-box; border-image: initial; font-style: inherit; font-variant: inherit; font-weight: inherit; font-stretch: inherit; line-height: inherit;\" width=\"64\">5600<\/td>\n<\/tr>\n<tr style=\"height: 26.25pt;\">\n<td class=\"xl67\" style=\"height: 26.25pt; width: 48pt; box-sizing: border-box; border-image: initial; font-style: inherit; font-variant: inherit; font-weight: inherit; font-stretch: inherit; line-height: inherit;\" width=\"64\" height=\"35\">Plotis (mm)<\/td>\n<td class=\"xl68\" style=\"width: 48pt; box-sizing: border-box; border-image: initial; font-style: inherit; font-variant: inherit; font-weight: inherit; font-stretch: inherit; line-height: inherit;\" width=\"64\">2100<\/td>\n<\/tr>\n<tr style=\"height: 64.5pt;\">\n<td class=\"xl69\" style=\"height: 64.5pt; width: 48pt; box-sizing: border-box; border-image: initial; font-style: inherit; font-variant: inherit; font-weight: inherit; font-stretch: inherit; line-height: inherit;\" width=\"64\" height=\"86\">Svoris (kg)<\/td>\n<td class=\"xl70\" style=\"width: 48pt; box-sizing: border-box; border-image: initial; font-style: inherit; font-variant: inherit; font-weight: inherit; font-stretch: inherit; line-height: inherit;\" width=\"64\">2500<\/td>\n<\/tr>\n<tr style=\"height: 51.75pt;\">\n<td class=\"xl67\" style=\"height: 51.75pt; width: 48pt; box-sizing: border-box; border-image: initial; font-style: inherit; font-variant: inherit; font-weight: inherit; font-stretch: inherit; line-height: inherit;\" width=\"64\" height=\"69\">Pakrovimo svoris (mm)<\/td>\n<td class=\"xl68\" style=\"width: 48pt; box-sizing: border-box; border-image: initial; font-style: inherit; font-variant: inherit; font-weight: inherit; font-stretch: inherit; line-height: inherit;\" width=\"64\">2220<\/td>\n<\/tr>\n<tr style=\"height: 77.25pt;\">\n<td class=\"xl69\" style=\"height: 77.25pt; width: 48pt; box-sizing: border-box; border-image: initial; font-style: inherit; font-variant: inherit; font-weight: inherit; font-stretch: inherit; line-height: inherit;\" width=\"64\" height=\"103\">PTO (rpm)<\/td>\n<td class=\"xl70\" style=\"width: 48pt; box-sizing: border-box; border-image: initial; font-style: inherit; font-variant: inherit; font-weight: inherit; font-stretch: inherit; line-height: inherit;\" width=\"64\">540<\/td>\n<\/tr>\n<tr style=\"height: 51.75pt;\">\n<td class=\"xl67\" style=\"height: 51.75pt; width: 48pt; box-sizing: border-box; border-image: initial; font-style: inherit; font-variant: inherit; font-weight: inherit; font-stretch: inherit; line-height: inherit;\" width=\"64\" height=\"69\">Reikalinga galia (kW\/AG)<\/td>\n<td class=\"xl68\" style=\"width: 48pt; box-sizing: border-box; border-image: initial; font-style: inherit; font-variant: inherit; font-weight: inherit; font-stretch: inherit; line-height: inherit;\" width=\"64\">42 \/ 60<\/td>\n<\/tr>\n<tr style=\"height: 39.0pt;\">\n<td class=\"xl69\" style=\"height: 39.0pt; width: 48pt; box-sizing: border-box; border-image: initial; font-style: inherit; font-variant: inherit; font-weight: inherit; font-stretch: inherit; line-height: inherit;\" width=\"64\" height=\"52\">Peiliuk\u0173 skai\u010dius<\/td>\n<td class=\"xl70\" style=\"width: 48pt; box-sizing: border-box; border-image: initial; font-style: inherit; font-variant: inherit; font-weight: inherit; font-stretch: inherit; line-height: inherit;\" width=\"64\">23 + 23<\/td>\n<\/tr>\n<tr style=\"height: 51.75pt;\">\n<td class=\"xl67\" style=\"height: 51.75pt; width: 48pt; box-sizing: border-box; border-image: initial; font-style: inherit; font-variant: inherit; font-weight: inherit; font-stretch: inherit; line-height: inherit;\" width=\"64\" height=\"69\">Kontroliavimo tipas<\/td>\n<td class=\"xl68\" style=\"width: 48pt; box-sizing: border-box; border-image: initial; font-style: inherit; font-variant: inherit; font-weight: inherit; font-stretch: inherit; line-height: inherit;\" width=\"64\">HYDRAULIC<\/td>\n<\/tr>\n<tr style=\"height: 51.75pt;\">\n<td class=\"xl69\" style=\"height: 51.75pt; width: 48pt; box-sizing: border-box; border-image: initial; font-style: inherit; font-variant: inherit; font-weight: inherit; font-stretch: inherit; line-height: inherit;\" width=\"64\" height=\"69\">Padangos<\/td>\n<td class=\"xl70\" style=\"width: 48pt; box-sizing: border-box; border-image: initial; font-style: inherit; font-variant: inherit; font-weight: inherit; font-stretch: inherit; line-height: inherit;\" width=\"64\">2 x (12.50\/80 x 15.3)<\/td>\n<\/tr>\n<\/tbody>\n<\/table>\n<p>&nbsp;<\/p>","protected":false},"excerpt":{"rendered":"<h3>Pagrindin\u0117s funkcijos<\/h3>","protected":false},"featured_media":12582,"comment_status":"open","ping_status":"closed","template":"","meta":[],"product_cat":[124,149,98],"product_tag":[215,216],"class_list":["post-12579","product","type-product","status-publish","has-post-thumbnail","hentry","product_cat-meslo-kratytuvai","product_cat-kukuruzu-pjaunamosios","product_cat-sienavimo-ir-pasaru-ruosimo-techinika","product_tag-slaitai","product_tag-nuotolinis-valdymas"],"yoast_head":"<!-- This site is optimized with the Yoast SEO plugin v20.1 - https:\/\/yoast.com\/wordpress\/plugins\/seo\/ -->\n<title>10 ton\u0173 m\u0117\u0161lo kratytuvas FIMAKS FMGR 10 | Horomechanika<\/title>\n<meta name=\"robots\" content=\"index, follow, max-snippet:-1, max-image-preview:large, max-video-preview:-1\" \/>\n<link rel=\"canonical\" href=\"https:\/\/www.horomechanika.lt\/ru\/product\/10-tonu-meslo-kratytuvas-fimaks-fmgr-10-copy\/\" \/>\n<meta property=\"og:locale\" content=\"ru_RU\" \/>\n<meta property=\"og:type\" content=\"article\" \/>\n<meta property=\"og:title\" content=\"10 ton\u0173 m\u0117\u0161lo kratytuvas FIMAKS FMGR 10 | Horomechanika\" \/>\n<meta property=\"og:description\" content=\"Pagrindin\u0117s funkcijos\" \/>\n<meta property=\"og:url\" content=\"https:\/\/www.horomechanika.lt\/ru\/product\/10-tonu-meslo-kratytuvas-fimaks-fmgr-10-copy\/\" \/>\n<meta property=\"og:site_name\" content=\"Horomechanika\" \/>\n<meta property=\"article:publisher\" content=\"https:\/\/www.facebook.com\/UAB-Horo-mechanika-177091812471952\" \/>\n<meta property=\"article:modified_time\" content=\"2021-02-17T08:26:53+00:00\" \/>\n<meta property=\"og:image\" content=\"https:\/\/www.horomechanika.lt\/wp-content\/uploads\/2021\/02\/10TA-1024x680.png\" \/>\n\t<meta property=\"og:image:width\" content=\"1024\" \/>\n\t<meta property=\"og:image:height\" content=\"680\" \/>\n\t<meta property=\"og:image:type\" content=\"image\/png\" \/>\n<meta name=\"twitter:card\" content=\"summary_large_image\" \/>\n<meta name=\"twitter:label1\" content=\"\u041f\u0440\u0438\u043c\u0435\u0440\u043d\u043e\u0435 \u0432\u0440\u0435\u043c\u044f \u0434\u043b\u044f \u0447\u0442\u0435\u043d\u0438\u044f\" \/>\n\t<meta name=\"twitter:data1\" content=\"1 \u043c\u0438\u043d\u0443\u0442\u0430\" \/>\n<script type=\"application\/ld+json\" class=\"yoast-schema-graph\">{\"@context\":\"https:\/\/schema.org\",\"@graph\":[{\"@type\":\"WebPage\",\"@id\":\"https:\/\/www.horomechanika.lt\/product\/10-tonu-meslo-kratytuvas-fimaks-fmgr-10-copy\/\",\"url\":\"https:\/\/www.horomechanika.lt\/product\/10-tonu-meslo-kratytuvas-fimaks-fmgr-10-copy\/\",\"name\":\"10 ton\u0173 m\u0117\u0161lo kratytuvas FIMAKS FMGR 10 | Horomechanika\",\"isPartOf\":{\"@id\":\"https:\/\/www.horomechanika.lt\/#website\"},\"datePublished\":\"2021-02-17T08:16:24+00:00\",\"dateModified\":\"2021-02-17T08:26:53+00:00\",\"breadcrumb\":{\"@id\":\"https:\/\/www.horomechanika.lt\/product\/10-tonu-meslo-kratytuvas-fimaks-fmgr-10-copy\/#breadcrumb\"},\"inLanguage\":\"ru-RU\",\"potentialAction\":[{\"@type\":\"ReadAction\",\"target\":[\"https:\/\/www.horomechanika.lt\/product\/10-tonu-meslo-kratytuvas-fimaks-fmgr-10-copy\/\"]}]},{\"@type\":\"BreadcrumbList\",\"@id\":\"https:\/\/www.horomechanika.lt\/product\/10-tonu-meslo-kratytuvas-fimaks-fmgr-10-copy\/#breadcrumb\",\"itemListElement\":[{\"@type\":\"ListItem\",\"position\":1,\"name\":\"Home\",\"item\":\"https:\/\/www.horomechanika.lt\/\"},{\"@type\":\"ListItem\",\"position\":2,\"name\":\"Shop\",\"item\":\"https:\/\/www.horomechanika.lt\/ru\/shop-2\/\"},{\"@type\":\"ListItem\",\"position\":3,\"name\":\"10 ton\u0173 m\u0117\u0161lo kratytuvas FIMAKS FMGR 10\"}]},{\"@type\":\"WebSite\",\"@id\":\"https:\/\/www.horomechanika.lt\/#website\",\"url\":\"https:\/\/www.horomechanika.lt\/\",\"name\":\"Horomechanika\",\"description\":\"\u017dem\u0117s \u016akio Technika\",\"publisher\":{\"@id\":\"https:\/\/www.horomechanika.lt\/#organization\"},\"potentialAction\":[{\"@type\":\"SearchAction\",\"target\":{\"@type\":\"EntryPoint\",\"urlTemplate\":\"https:\/\/www.horomechanika.lt\/?s={search_term_string}\"},\"query-input\":\"required name=search_term_string\"}],\"inLanguage\":\"ru-RU\"},{\"@type\":\"Organization\",\"@id\":\"https:\/\/www.horomechanika.lt\/#organization\",\"name\":\"UAB \\\"Horo mechanika\\\"\",\"url\":\"https:\/\/www.horomechanika.lt\/\",\"logo\":{\"@type\":\"ImageObject\",\"inLanguage\":\"ru-RU\",\"@id\":\"https:\/\/www.horomechanika.lt\/#\/schema\/logo\/image\/\",\"url\":\"https:\/\/www.horomechanika.lt\/wp-content\/uploads\/2020\/05\/horomechanika-logo.png\",\"contentUrl\":\"https:\/\/www.horomechanika.lt\/wp-content\/uploads\/2020\/05\/horomechanika-logo.png\",\"width\":137,\"height\":56,\"caption\":\"UAB \\\"Horo mechanika\\\"\"},\"image\":{\"@id\":\"https:\/\/www.horomechanika.lt\/#\/schema\/logo\/image\/\"},\"sameAs\":[\"https:\/\/www.facebook.com\/UAB-Horo-mechanika-177091812471952\"]}]}<\/script>\n<!-- \/ Yoast SEO plugin. -->","yoast_head_json":{"title":"10 ton\u0173 m\u0117\u0161lo kratytuvas FIMAKS FMGR 10 | Horomechanika","robots":{"index":"index","follow":"follow","max-snippet":"max-snippet:-1","max-image-preview":"max-image-preview:large","max-video-preview":"max-video-preview:-1"},"canonical":"https:\/\/www.horomechanika.lt\/ru\/product\/10-tonu-meslo-kratytuvas-fimaks-fmgr-10-copy\/","og_locale":"ru_RU","og_type":"article","og_title":"10 ton\u0173 m\u0117\u0161lo kratytuvas FIMAKS FMGR 10 | Horomechanika","og_description":"Pagrindin\u0117s funkcijos","og_url":"https:\/\/www.horomechanika.lt\/ru\/product\/10-tonu-meslo-kratytuvas-fimaks-fmgr-10-copy\/","og_site_name":"Horomechanika","article_publisher":"https:\/\/www.facebook.com\/UAB-Horo-mechanika-177091812471952","article_modified_time":"2021-02-17T08:26:53+00:00","og_image":[{"width":1024,"height":680,"url":"https:\/\/www.horomechanika.lt\/wp-content\/uploads\/2021\/02\/10TA-1024x680.png","type":"image\/png"}],"twitter_card":"summary_large_image","twitter_misc":{"\u041f\u0440\u0438\u043c\u0435\u0440\u043d\u043e\u0435 \u0432\u0440\u0435\u043c\u044f \u0434\u043b\u044f \u0447\u0442\u0435\u043d\u0438\u044f":"1 \u043c\u0438\u043d\u0443\u0442\u0430"},"schema":{"@context":"https:\/\/schema.org","@graph":[{"@type":"WebPage","@id":"https:\/\/www.horomechanika.lt\/product\/10-tonu-meslo-kratytuvas-fimaks-fmgr-10-copy\/","url":"https:\/\/www.horomechanika.lt\/product\/10-tonu-meslo-kratytuvas-fimaks-fmgr-10-copy\/","name":"10 ton\u0173 m\u0117\u0161lo kratytuvas FIMAKS FMGR 10 | Horomechanika","isPartOf":{"@id":"https:\/\/www.horomechanika.lt\/#website"},"datePublished":"2021-02-17T08:16:24+00:00","dateModified":"2021-02-17T08:26:53+00:00","breadcrumb":{"@id":"https:\/\/www.horomechanika.lt\/product\/10-tonu-meslo-kratytuvas-fimaks-fmgr-10-copy\/#breadcrumb"},"inLanguage":"ru-RU","potentialAction":[{"@type":"ReadAction","target":["https:\/\/www.horomechanika.lt\/product\/10-tonu-meslo-kratytuvas-fimaks-fmgr-10-copy\/"]}]},{"@type":"BreadcrumbList","@id":"https:\/\/www.horomechanika.lt\/product\/10-tonu-meslo-kratytuvas-fimaks-fmgr-10-copy\/#breadcrumb","itemListElement":[{"@type":"ListItem","position":1,"name":"Home","item":"https:\/\/www.horomechanika.lt\/"},{"@type":"ListItem","position":2,"name":"Shop","item":"https:\/\/www.horomechanika.lt\/ru\/shop-2\/"},{"@type":"ListItem","position":3,"name":"10 ton\u0173 m\u0117\u0161lo kratytuvas FIMAKS FMGR 10"}]},{"@type":"WebSite","@id":"https:\/\/www.horomechanika.lt\/#website","url":"https:\/\/www.horomechanika.lt\/","name":"Horomechanika","description":"\u017dem\u0117s \u016akio Technika","publisher":{"@id":"https:\/\/www.horomechanika.lt\/#organization"},"potentialAction":[{"@type":"SearchAction","target":{"@type":"EntryPoint","urlTemplate":"https:\/\/www.horomechanika.lt\/?s={search_term_string}"},"query-input":"required name=search_term_string"}],"inLanguage":"ru-RU"},{"@type":"Organization","@id":"https:\/\/www.horomechanika.lt\/#organization","name":"UAB \"Horo mechanika\"","url":"https:\/\/www.horomechanika.lt\/","logo":{"@type":"ImageObject","inLanguage":"ru-RU","@id":"https:\/\/www.horomechanika.lt\/#\/schema\/logo\/image\/","url":"https:\/\/www.horomechanika.lt\/wp-content\/uploads\/2020\/05\/horomechanika-logo.png","contentUrl":"https:\/\/www.horomechanika.lt\/wp-content\/uploads\/2020\/05\/horomechanika-logo.png","width":137,"height":56,"caption":"UAB \"Horo mechanika\""},"image":{"@id":"https:\/\/www.horomechanika.lt\/#\/schema\/logo\/image\/"},"sameAs":["https:\/\/www.facebook.com\/UAB-Horo-mechanika-177091812471952"]}]}},"_links":{"self":[{"href":"https:\/\/www.horomechanika.lt\/ru\/wp-json\/wp\/v2\/product\/12579","targetHints":{"allow":["GET"]}}],"collection":[{"href":"https:\/\/www.horomechanika.lt\/ru\/wp-json\/wp\/v2\/product"}],"about":[{"href":"https:\/\/www.horomechanika.lt\/ru\/wp-json\/wp\/v2\/types\/product"}],"replies":[{"embeddable":true,"href":"https:\/\/www.horomechanika.lt\/ru\/wp-json\/wp\/v2\/comments?post=12579"}],"wp:featuredmedia":[{"embeddable":true,"href":"https:\/\/www.horomechanika.lt\/ru\/wp-json\/wp\/v2\/media\/12582"}],"wp:attachment":[{"href":"https:\/\/www.horomechanika.lt\/ru\/wp-json\/wp\/v2\/media?parent=12579"}],"wp:term":[{"taxonomy":"product_cat","embeddable":true,"href":"https:\/\/www.horomechanika.lt\/ru\/wp-json\/wp\/v2\/product_cat?post=12579"},{"taxonomy":"product_tag","embeddable":true,"href":"https:\/\/www.horomechanika.lt\/ru\/wp-json\/wp\/v2\/product_tag?post=12579"}],"curies":[{"name":"wp","href":"https:\/\/api.w.org\/{rel}","templated":true}]}}