{"id":12584,"date":"2021-02-17T11:44:13","date_gmt":"2021-02-17T08:44:13","guid":{"rendered":"https:\/\/www.horomechanika.lt\/?post_type=product&#038;p=12584"},"modified":"2021-02-18T12:12:17","modified_gmt":"2021-02-18T09:12:17","slug":"18-tonu-meslo-kratytuvas-fimaks-fmgr-18","status":"publish","type":"product","link":"https:\/\/www.horomechanika.lt\/ru\/product\/18-tonu-meslo-kratytuvas-fimaks-fmgr-18\/","title":{"rendered":"18 ton\u0173 m\u0117\u0161lo kratytuvas FIMAKS FMGR 18"},"content":{"rendered":"<p>M\u0117\u0161lo barstytuvas \u201eFimaks FMGR 18\u201c yra 14 kubini\u0173 metr\u0173 talpos, skleisti iki 18 ton\u0173 m\u0117\u0161lo. \u201eFMGR 18\u201c skirtas vidutin\u0117ms ir didel\u0117ms \u012fmon\u0117ms, kuri\u0173 energijos poreikis yra 135 AG.<\/p>\n<p>Hidraulin\u012f konvejer\u012f ir duris lengva valdyti vairasvirte. Valdikl\u012f galima pritvirtinti prie traktoriaus, kad ma\u0161in\u0105 b\u016bt\u0173 dar lengviau valdyti. \u201eFimaks\u201c m\u0117\u0161lo barstytuvuose yra pakabinimo sistema, u\u017etikrinanti subalansuot\u0105 ir patog\u0173 valdym\u0105.<\/p>\n<p>M\u0117\u0161lo barstytuvai \u201eFimaks\u201c turi vertikaliai i\u0161d\u0117stytus plakiklius. Plaktuvo peiliai skaldo m\u0117\u0161l\u0105 ir tolygiai paskleid\u017eia. M\u0117\u0161lo barstytuvo pavar\u0173 d\u0117\u017e\u0117s ir grandin\u0117s sistema suprojektuotos taip, kad atlaikyt\u0173 dideles j\u0117gas ir ilg\u0105 darbo laik\u0105.<\/p>\n<p>Grandin\u0117s \u012ftempimo sistema, atramin\u0117 koja, kop\u0117\u010dios.<\/p>\n<p>Yra papildom\u0173 FMGR 18 m\u0117\u0161lo barstytuvo funkcij\u0173, toki\u0173 kaip;<br \/>\n&#8211; Hidraulinis stabdys<br \/>\n&#8211; Sv\u0117rimo sistema<\/p>\n<p><iframe loading=\"lazy\" title=\"FIMAKS FMGR10 \/ 10 TON G\u00dcBRE R\u00d6MORKU \/ MANURE SPREADER 10 TONS\" width=\"895\" height=\"503\" src=\"https:\/\/www.youtube.com\/embed\/qfkZKH__-YA?feature=oembed\" frameborder=\"0\" allow=\"accelerometer; autoplay; clipboard-write; encrypted-media; gyroscope; picture-in-picture\" allowfullscreen><\/iframe><\/p>\n<table style=\"border-collapse: collapse; width: 96pt; box-sizing: border-box; font-variant-ligatures: normal; font-variant-caps: normal; font-variant-numeric: inherit; font-variant-east-asian: inherit; font-stretch: inherit; line-height: inherit; border-spacing: 0px; orphans: 2; text-align: start; widows: 2; -webkit-text-stroke-width: 0px; text-decoration-thickness: initial; text-decoration-style: initial; text-decoration-color: initial;\" border=\"0\" width=\"128\" cellspacing=\"0\" cellpadding=\"0\">\n<tbody>\n<tr style=\"height: 26.25pt; box-sizing: border-box;\">\n<td class=\"xl65\" style=\"height: 26.25pt; width: 48pt; box-sizing: border-box; font-style: inherit; font-variant: inherit; font-weight: inherit; font-stretch: inherit; line-height: inherit;\" width=\"64\" height=\"35\">Talpa (m3)<\/td>\n<td class=\"xl66\" style=\"width: 48pt; box-sizing: border-box; border-image: initial; font-style: inherit; font-variant: inherit; font-weight: inherit; font-stretch: inherit; line-height: inherit;\" width=\"64\">14<\/td>\n<\/tr>\n<tr style=\"height: 26.25pt; box-sizing: border-box;\">\n<td class=\"xl67\" style=\"height: 26.25pt; width: 48pt; box-sizing: border-box; border-image: initial; font-style: inherit; font-variant: inherit; font-weight: inherit; font-stretch: inherit; line-height: inherit;\" width=\"64\" height=\"35\">Auk\u0161tis (mm)<\/td>\n<td class=\"xl68\" style=\"width: 48pt; box-sizing: border-box; border-image: initial; font-style: inherit; font-variant: inherit; font-weight: inherit; font-stretch: inherit; line-height: inherit;\" width=\"64\">3640<\/td>\n<\/tr>\n<tr style=\"height: 26.25pt; box-sizing: border-box;\">\n<td class=\"xl69\" style=\"height: 26.25pt; width: 48pt; box-sizing: border-box; border-image: initial; font-style: inherit; font-variant: inherit; font-weight: inherit; font-stretch: inherit; line-height: inherit;\" width=\"64\" height=\"35\">Ilgis (mm)<\/td>\n<td class=\"xl70\" style=\"width: 48pt; box-sizing: border-box; border-image: initial; font-style: inherit; font-variant: inherit; font-weight: inherit; font-stretch: inherit; line-height: inherit;\" width=\"64\">8000<\/td>\n<\/tr>\n<tr style=\"height: 26.25pt; box-sizing: border-box;\">\n<td class=\"xl67\" style=\"height: 26.25pt; width: 48pt; box-sizing: border-box; border-image: initial; font-style: inherit; font-variant: inherit; font-weight: inherit; font-stretch: inherit; line-height: inherit;\" width=\"64\" height=\"35\">Plotis (mm)<\/td>\n<td class=\"xl68\" style=\"width: 48pt; box-sizing: border-box; border-image: initial; font-style: inherit; font-variant: inherit; font-weight: inherit; font-stretch: inherit; line-height: inherit;\" width=\"64\">2810<\/td>\n<\/tr>\n<tr style=\"height: 64.5pt; box-sizing: border-box;\">\n<td class=\"xl69\" style=\"height: 64.5pt; width: 48pt; box-sizing: border-box; border-image: initial; font-style: inherit; font-variant: inherit; font-weight: inherit; font-stretch: inherit; line-height: inherit;\" width=\"64\" height=\"86\">Svoris (kg)<\/td>\n<td class=\"xl70\" style=\"width: 48pt; box-sizing: border-box; border-image: initial; font-style: inherit; font-variant: inherit; font-weight: inherit; font-stretch: inherit; line-height: inherit;\" width=\"64\">8000<\/td>\n<\/tr>\n<tr style=\"height: 51.75pt; box-sizing: border-box;\">\n<td class=\"xl67\" style=\"height: 51.75pt; width: 48pt; box-sizing: border-box; border-image: initial; font-style: inherit; font-variant: inherit; font-weight: inherit; font-stretch: inherit; line-height: inherit;\" width=\"64\" height=\"69\">Pakrovimo svoris (mm)<\/td>\n<td class=\"xl68\" style=\"width: 48pt; box-sizing: border-box; border-image: initial; font-style: inherit; font-variant: inherit; font-weight: inherit; font-stretch: inherit; line-height: inherit;\" width=\"64\">3000<\/td>\n<\/tr>\n<tr style=\"height: 77.25pt; box-sizing: border-box;\">\n<td class=\"xl69\" style=\"height: 77.25pt; width: 48pt; box-sizing: border-box; border-image: initial; font-style: inherit; font-variant: inherit; font-weight: inherit; font-stretch: inherit; line-height: inherit;\" width=\"64\" height=\"103\">PTO (rpm)<\/td>\n<td class=\"xl70\" style=\"width: 48pt; box-sizing: border-box; border-image: initial; font-style: inherit; font-variant: inherit; font-weight: inherit; font-stretch: inherit; line-height: inherit;\" width=\"64\">1000<\/td>\n<\/tr>\n<tr style=\"height: 51.75pt; box-sizing: border-box;\">\n<td class=\"xl67\" style=\"height: 51.75pt; width: 48pt; box-sizing: border-box; border-image: initial; font-style: inherit; font-variant: inherit; font-weight: inherit; font-stretch: inherit; line-height: inherit;\" width=\"64\" height=\"69\">Reikalinga galia (kW\/AG)<\/td>\n<td class=\"xl68\" style=\"width: 48pt; box-sizing: border-box; border-image: initial; font-style: inherit; font-variant: inherit; font-weight: inherit; font-stretch: inherit; line-height: inherit;\" width=\"64\">90 \/ 135<\/td>\n<\/tr>\n<tr style=\"height: 39.0pt; box-sizing: border-box;\">\n<td class=\"xl69\" style=\"height: 39.0pt; width: 48pt; box-sizing: border-box; border-image: initial; font-style: inherit; font-variant: inherit; font-weight: inherit; font-stretch: inherit; line-height: inherit;\" width=\"64\" height=\"52\">Peiliuk\u0173 skai\u010dius<\/td>\n<td class=\"xl70\" style=\"width: 48pt; box-sizing: border-box; border-image: initial; font-style: inherit; font-variant: inherit; font-weight: inherit; font-stretch: inherit; line-height: inherit;\" width=\"64\">30 + 30<\/td>\n<\/tr>\n<tr style=\"height: 51.75pt;\">\n<td class=\"xl67\" style=\"height: 51.75pt; width: 48pt; box-sizing: border-box; border-image: initial; font-style: inherit; font-variant: inherit; font-weight: inherit; font-stretch: inherit; line-height: inherit;\" width=\"64\" height=\"69\">Kontroliavimo tipas<\/td>\n<td class=\"xl68\" style=\"width: 48pt; box-sizing: border-box; border-image: initial; font-style: inherit; font-variant: inherit; font-weight: inherit; font-stretch: inherit; line-height: inherit;\" width=\"64\">HYDRAULIC<\/td>\n<\/tr>\n<tr style=\"height: 51.75pt; box-sizing: border-box;\">\n<td class=\"xl69\" style=\"height: 51.75pt; width: 48pt; box-sizing: border-box; border-image: initial; font-style: inherit; font-variant: inherit; font-weight: inherit; font-stretch: inherit; line-height: inherit;\" width=\"64\" height=\"69\">Padangos<\/td>\n<td class=\"xl70\" style=\"width: 48pt; box-sizing: border-box; border-image: initial; font-style: inherit; font-variant: inherit; font-weight: inherit; font-stretch: inherit; line-height: inherit;\" width=\"64\">4 x (600.50 x 22.5)<\/td>\n<\/tr>\n<\/tbody>\n<\/table>","protected":false},"excerpt":{"rendered":"<h3>Pagrindin\u0117s funkcijos<\/h3>\n<h3>Pagrindin\u0117s funkcijos<\/h3>\n<ul>\n<li>19 kubini\u0173 metr\u0173 talpa<\/li>\n<li>Hidrauliniai stabd\u017eiai<\/li>\n<li>Grandin\u0117s \u012ftempimo sistema<\/li>\n<li>Atramin\u0117 koja<\/li>\n<li>Kop\u0117\u010dios<\/li>\n<li><\/li>\n<\/ul>","protected":false},"featured_media":12586,"comment_status":"open","ping_status":"closed","template":"","meta":[],"product_cat":[124,149,98],"product_tag":[215,216],"class_list":["post-12584","product","type-product","status-publish","has-post-thumbnail","hentry","product_cat-meslo-kratytuvai","product_cat-kukuruzu-pjaunamosios","product_cat-sienavimo-ir-pasaru-ruosimo-techinika","product_tag-slaitai","product_tag-nuotolinis-valdymas"],"yoast_head":"<!-- This site is optimized with the Yoast SEO plugin v20.1 - https:\/\/yoast.com\/wordpress\/plugins\/seo\/ -->\n<title>18 ton\u0173 m\u0117\u0161lo kratytuvas FIMAKS FMGR 18 | Horomechanika<\/title>\n<meta name=\"robots\" content=\"index, follow, max-snippet:-1, max-image-preview:large, max-video-preview:-1\" \/>\n<link rel=\"canonical\" href=\"https:\/\/www.horomechanika.lt\/ru\/product\/18-tonu-meslo-kratytuvas-fimaks-fmgr-18\/\" \/>\n<meta property=\"og:locale\" content=\"ru_RU\" \/>\n<meta property=\"og:type\" content=\"article\" \/>\n<meta property=\"og:title\" content=\"18 ton\u0173 m\u0117\u0161lo kratytuvas FIMAKS FMGR 18 | Horomechanika\" \/>\n<meta property=\"og:description\" content=\"Pagrindin\u0117s funkcijos Pagrindin\u0117s funkcijos   19 kubini\u0173 metr\u0173 talpa  Hidrauliniai stabd\u017eiai  Grandin\u0117s \u012ftempimo sistema  Atramin\u0117 koja  Kop\u0117\u010dios\" \/>\n<meta property=\"og:url\" content=\"https:\/\/www.horomechanika.lt\/ru\/product\/18-tonu-meslo-kratytuvas-fimaks-fmgr-18\/\" \/>\n<meta property=\"og:site_name\" content=\"Horomechanika\" \/>\n<meta property=\"article:publisher\" content=\"https:\/\/www.facebook.com\/UAB-Horo-mechanika-177091812471952\" \/>\n<meta property=\"article:modified_time\" content=\"2021-02-18T09:12:17+00:00\" \/>\n<meta property=\"og:image\" content=\"https:\/\/www.horomechanika.lt\/wp-content\/uploads\/2021\/02\/18TY-1024x658.png\" \/>\n\t<meta property=\"og:image:width\" content=\"1024\" \/>\n\t<meta property=\"og:image:height\" content=\"658\" \/>\n\t<meta property=\"og:image:type\" content=\"image\/png\" \/>\n<meta name=\"twitter:card\" content=\"summary_large_image\" \/>\n<meta name=\"twitter:label1\" content=\"\u041f\u0440\u0438\u043c\u0435\u0440\u043d\u043e\u0435 \u0432\u0440\u0435\u043c\u044f \u0434\u043b\u044f \u0447\u0442\u0435\u043d\u0438\u044f\" \/>\n\t<meta name=\"twitter:data1\" content=\"1 \u043c\u0438\u043d\u0443\u0442\u0430\" \/>\n<script type=\"application\/ld+json\" class=\"yoast-schema-graph\">{\"@context\":\"https:\/\/schema.org\",\"@graph\":[{\"@type\":\"WebPage\",\"@id\":\"https:\/\/www.horomechanika.lt\/product\/18-tonu-meslo-kratytuvas-fimaks-fmgr-18\/\",\"url\":\"https:\/\/www.horomechanika.lt\/product\/18-tonu-meslo-kratytuvas-fimaks-fmgr-18\/\",\"name\":\"18 ton\u0173 m\u0117\u0161lo kratytuvas FIMAKS FMGR 18 | Horomechanika\",\"isPartOf\":{\"@id\":\"https:\/\/www.horomechanika.lt\/#website\"},\"datePublished\":\"2021-02-17T08:44:13+00:00\",\"dateModified\":\"2021-02-18T09:12:17+00:00\",\"breadcrumb\":{\"@id\":\"https:\/\/www.horomechanika.lt\/product\/18-tonu-meslo-kratytuvas-fimaks-fmgr-18\/#breadcrumb\"},\"inLanguage\":\"ru-RU\",\"potentialAction\":[{\"@type\":\"ReadAction\",\"target\":[\"https:\/\/www.horomechanika.lt\/product\/18-tonu-meslo-kratytuvas-fimaks-fmgr-18\/\"]}]},{\"@type\":\"BreadcrumbList\",\"@id\":\"https:\/\/www.horomechanika.lt\/product\/18-tonu-meslo-kratytuvas-fimaks-fmgr-18\/#breadcrumb\",\"itemListElement\":[{\"@type\":\"ListItem\",\"position\":1,\"name\":\"Home\",\"item\":\"https:\/\/www.horomechanika.lt\/\"},{\"@type\":\"ListItem\",\"position\":2,\"name\":\"Shop\",\"item\":\"https:\/\/www.horomechanika.lt\/ru\/shop-2\/\"},{\"@type\":\"ListItem\",\"position\":3,\"name\":\"18 ton\u0173 m\u0117\u0161lo kratytuvas FIMAKS FMGR 18\"}]},{\"@type\":\"WebSite\",\"@id\":\"https:\/\/www.horomechanika.lt\/#website\",\"url\":\"https:\/\/www.horomechanika.lt\/\",\"name\":\"Horomechanika\",\"description\":\"\u017dem\u0117s \u016akio Technika\",\"publisher\":{\"@id\":\"https:\/\/www.horomechanika.lt\/#organization\"},\"potentialAction\":[{\"@type\":\"SearchAction\",\"target\":{\"@type\":\"EntryPoint\",\"urlTemplate\":\"https:\/\/www.horomechanika.lt\/?s={search_term_string}\"},\"query-input\":\"required name=search_term_string\"}],\"inLanguage\":\"ru-RU\"},{\"@type\":\"Organization\",\"@id\":\"https:\/\/www.horomechanika.lt\/#organization\",\"name\":\"UAB \\\"Horo mechanika\\\"\",\"url\":\"https:\/\/www.horomechanika.lt\/\",\"logo\":{\"@type\":\"ImageObject\",\"inLanguage\":\"ru-RU\",\"@id\":\"https:\/\/www.horomechanika.lt\/#\/schema\/logo\/image\/\",\"url\":\"https:\/\/www.horomechanika.lt\/wp-content\/uploads\/2020\/05\/horomechanika-logo.png\",\"contentUrl\":\"https:\/\/www.horomechanika.lt\/wp-content\/uploads\/2020\/05\/horomechanika-logo.png\",\"width\":137,\"height\":56,\"caption\":\"UAB \\\"Horo mechanika\\\"\"},\"image\":{\"@id\":\"https:\/\/www.horomechanika.lt\/#\/schema\/logo\/image\/\"},\"sameAs\":[\"https:\/\/www.facebook.com\/UAB-Horo-mechanika-177091812471952\"]}]}<\/script>\n<!-- \/ Yoast SEO plugin. -->","yoast_head_json":{"title":"18 ton\u0173 m\u0117\u0161lo kratytuvas FIMAKS FMGR 18 | Horomechanika","robots":{"index":"index","follow":"follow","max-snippet":"max-snippet:-1","max-image-preview":"max-image-preview:large","max-video-preview":"max-video-preview:-1"},"canonical":"https:\/\/www.horomechanika.lt\/ru\/product\/18-tonu-meslo-kratytuvas-fimaks-fmgr-18\/","og_locale":"ru_RU","og_type":"article","og_title":"18 ton\u0173 m\u0117\u0161lo kratytuvas FIMAKS FMGR 18 | Horomechanika","og_description":"Pagrindin\u0117s funkcijos Pagrindin\u0117s funkcijos   19 kubini\u0173 metr\u0173 talpa  Hidrauliniai stabd\u017eiai  Grandin\u0117s \u012ftempimo sistema  Atramin\u0117 koja  Kop\u0117\u010dios","og_url":"https:\/\/www.horomechanika.lt\/ru\/product\/18-tonu-meslo-kratytuvas-fimaks-fmgr-18\/","og_site_name":"Horomechanika","article_publisher":"https:\/\/www.facebook.com\/UAB-Horo-mechanika-177091812471952","article_modified_time":"2021-02-18T09:12:17+00:00","og_image":[{"width":1024,"height":658,"url":"https:\/\/www.horomechanika.lt\/wp-content\/uploads\/2021\/02\/18TY-1024x658.png","type":"image\/png"}],"twitter_card":"summary_large_image","twitter_misc":{"\u041f\u0440\u0438\u043c\u0435\u0440\u043d\u043e\u0435 \u0432\u0440\u0435\u043c\u044f \u0434\u043b\u044f \u0447\u0442\u0435\u043d\u0438\u044f":"1 \u043c\u0438\u043d\u0443\u0442\u0430"},"schema":{"@context":"https:\/\/schema.org","@graph":[{"@type":"WebPage","@id":"https:\/\/www.horomechanika.lt\/product\/18-tonu-meslo-kratytuvas-fimaks-fmgr-18\/","url":"https:\/\/www.horomechanika.lt\/product\/18-tonu-meslo-kratytuvas-fimaks-fmgr-18\/","name":"18 ton\u0173 m\u0117\u0161lo kratytuvas FIMAKS FMGR 18 | Horomechanika","isPartOf":{"@id":"https:\/\/www.horomechanika.lt\/#website"},"datePublished":"2021-02-17T08:44:13+00:00","dateModified":"2021-02-18T09:12:17+00:00","breadcrumb":{"@id":"https:\/\/www.horomechanika.lt\/product\/18-tonu-meslo-kratytuvas-fimaks-fmgr-18\/#breadcrumb"},"inLanguage":"ru-RU","potentialAction":[{"@type":"ReadAction","target":["https:\/\/www.horomechanika.lt\/product\/18-tonu-meslo-kratytuvas-fimaks-fmgr-18\/"]}]},{"@type":"BreadcrumbList","@id":"https:\/\/www.horomechanika.lt\/product\/18-tonu-meslo-kratytuvas-fimaks-fmgr-18\/#breadcrumb","itemListElement":[{"@type":"ListItem","position":1,"name":"Home","item":"https:\/\/www.horomechanika.lt\/"},{"@type":"ListItem","position":2,"name":"Shop","item":"https:\/\/www.horomechanika.lt\/ru\/shop-2\/"},{"@type":"ListItem","position":3,"name":"18 ton\u0173 m\u0117\u0161lo kratytuvas FIMAKS FMGR 18"}]},{"@type":"WebSite","@id":"https:\/\/www.horomechanika.lt\/#website","url":"https:\/\/www.horomechanika.lt\/","name":"Horomechanika","description":"\u017dem\u0117s \u016akio Technika","publisher":{"@id":"https:\/\/www.horomechanika.lt\/#organization"},"potentialAction":[{"@type":"SearchAction","target":{"@type":"EntryPoint","urlTemplate":"https:\/\/www.horomechanika.lt\/?s={search_term_string}"},"query-input":"required name=search_term_string"}],"inLanguage":"ru-RU"},{"@type":"Organization","@id":"https:\/\/www.horomechanika.lt\/#organization","name":"UAB \"Horo mechanika\"","url":"https:\/\/www.horomechanika.lt\/","logo":{"@type":"ImageObject","inLanguage":"ru-RU","@id":"https:\/\/www.horomechanika.lt\/#\/schema\/logo\/image\/","url":"https:\/\/www.horomechanika.lt\/wp-content\/uploads\/2020\/05\/horomechanika-logo.png","contentUrl":"https:\/\/www.horomechanika.lt\/wp-content\/uploads\/2020\/05\/horomechanika-logo.png","width":137,"height":56,"caption":"UAB \"Horo mechanika\""},"image":{"@id":"https:\/\/www.horomechanika.lt\/#\/schema\/logo\/image\/"},"sameAs":["https:\/\/www.facebook.com\/UAB-Horo-mechanika-177091812471952"]}]}},"_links":{"self":[{"href":"https:\/\/www.horomechanika.lt\/ru\/wp-json\/wp\/v2\/product\/12584","targetHints":{"allow":["GET"]}}],"collection":[{"href":"https:\/\/www.horomechanika.lt\/ru\/wp-json\/wp\/v2\/product"}],"about":[{"href":"https:\/\/www.horomechanika.lt\/ru\/wp-json\/wp\/v2\/types\/product"}],"replies":[{"embeddable":true,"href":"https:\/\/www.horomechanika.lt\/ru\/wp-json\/wp\/v2\/comments?post=12584"}],"wp:featuredmedia":[{"embeddable":true,"href":"https:\/\/www.horomechanika.lt\/ru\/wp-json\/wp\/v2\/media\/12586"}],"wp:attachment":[{"href":"https:\/\/www.horomechanika.lt\/ru\/wp-json\/wp\/v2\/media?parent=12584"}],"wp:term":[{"taxonomy":"product_cat","embeddable":true,"href":"https:\/\/www.horomechanika.lt\/ru\/wp-json\/wp\/v2\/product_cat?post=12584"},{"taxonomy":"product_tag","embeddable":true,"href":"https:\/\/www.horomechanika.lt\/ru\/wp-json\/wp\/v2\/product_tag?post=12584"}],"curies":[{"name":"wp","href":"https:\/\/api.w.org\/{rel}","templated":true}]}}