{"id":12599,"date":"2021-02-23T12:27:37","date_gmt":"2021-02-23T09:27:37","guid":{"rendered":"https:\/\/www.horomechanika.lt\/?post_type=product&#038;p=12599"},"modified":"2021-02-23T12:47:57","modified_gmt":"2021-02-23T09:47:57","slug":"saku-smulkintuvas-fox-forest-rtw650","status":"publish","type":"product","link":"https:\/\/www.horomechanika.lt\/ru\/product\/saku-smulkintuvas-fox-forest-rtw650\/","title":{"rendered":"\u0160ak\u0173 smulkintuvas FOX FOREST RTW650"},"content":{"rendered":"<p>Auk\u0161tos kokyb\u0117s, tvirtas FOX RTW650 \u0161ak\u0173 smulkintuvas yra skirtas \u0161ak\u0173 bei ma\u017e\u0173 medeli\u0173 smulkinimui, montuojamas ant traktoriaus. \u012erenginys pagamintas Lenkijoje. Skiedros stor\u012f galima reguliuoti kei\u010diant pagrindini\u0173 a\u0161men\u0173 atstum\u0105 nuo prie\u0161inio a\u0161mens. Skiedros vamzd\u017eio pos\u016bkio kampas yra 360 laipsni\u0173.<\/p>\n<p>Smulkintuvas yra didel\u0117s talpos, tod\u0117l j\u012f naudoji yra lengva bei efektyvu.<\/p>\n<p>Standartinis prikabinimas<\/p>\n<p>Technine informacija:<\/p>\n<p>&#8211; a\u0161men\u0173 skersmuo: 63 cm<\/p>\n<p>&#8211; a\u0161men\u0173 med\u017eiaga: HARDOX 500<\/p>\n<p>&#8211; peili\u0173 skai\u010dius: 4 + prie\u0161prie\u0161is<\/p>\n<p>&#8211; aps.\/min .: 540\u20131000<\/p>\n<p>&#8211; maksimalus medienos skersmuo: 8 &#8211; 13 cm (priklausomai nuo medienos sausumo)<\/p>\n<p>&#8211; did\u017eiausia skaldos galia: 7 m3 \/ h<\/p>\n<p>&#8211; energijos suvartojimas: 25-50 AG<\/p>\n<p>&#8211; svoris: 230 kg<\/p>\n<p>&#8211; lusto pasukimo kampas: 360 laipsni\u0173<\/p>\n<p>&#8211; CE \u017eenklas \/ patvirtinta<\/p>\n<p>Garantija 12 m\u0117nesi\u0173.<\/p>\n<p><iframe loading=\"lazy\" title=\"R\u0118BAK RTW650 + przycinarka JARRAFF 4x4\" width=\"895\" height=\"503\" src=\"https:\/\/www.youtube.com\/embed\/Ejnp8jSQTUc?start=26&#038;feature=oembed\" frameborder=\"0\" allow=\"accelerometer; autoplay; clipboard-write; encrypted-media; gyroscope; picture-in-picture\" allowfullscreen><\/iframe><\/p>\n<p><iframe loading=\"lazy\" title=\"Wood chipper - extra wood chips breaker\" width=\"895\" height=\"503\" src=\"https:\/\/www.youtube.com\/embed\/9bNKKLzsY70?feature=oembed\" frameborder=\"0\" allow=\"accelerometer; autoplay; clipboard-write; encrypted-media; gyroscope; picture-in-picture\" allowfullscreen><\/iframe><\/p>","protected":false},"excerpt":{"rendered":"<p><strong>Pagrindin\u0117s funkcijos:<\/strong><\/p>\n<p>A\u0161menys pagaminti i\u0161 sukietinto Hardox 500 plieno<\/p>\n<p>Korpusas pagamintas i\u0161 plieno profili\u0173, tod\u0117l yra labai tvirtas<\/p>\n<p>Standartinis prikabinimas, tinka dideliam traktori\u0173 spektrui (tiek ma\u017eesniems, tiek didesniems)<\/p>\n<p>Svoris tik 230kg<\/p>\n<p>Apsisukimo kampas 360<\/p>","protected":false},"featured_media":12611,"comment_status":"open","ping_status":"closed","template":"","meta":[],"product_cat":[218,172,159],"product_tag":[],"class_list":["post-12599","product","type-product","status-publish","has-post-thumbnail","hentry","product_cat-saku-smulkintuvai","product_cat-naujienos","product_cat-medienos-smulkintuvai"],"yoast_head":"<!-- This site is optimized with the Yoast SEO plugin v20.1 - https:\/\/yoast.com\/wordpress\/plugins\/seo\/ -->\n<title>\u0160ak\u0173 smulkintuvas FOX FOREST RTW650 | Horomechanika<\/title>\n<meta name=\"description\" content=\"Auk\u0161tos kokyb\u0117s, tvirtas FOX RTW650 \u0161ak\u0173 smulkintuvas yra skirtas \u0161ak\u0173 bei ma\u017e\u0173 medeli\u0173 smulkinimui, montuojamas ant traktoriaus.\" \/>\n<meta name=\"robots\" content=\"index, follow, max-snippet:-1, max-image-preview:large, max-video-preview:-1\" \/>\n<link rel=\"canonical\" href=\"https:\/\/www.horomechanika.lt\/ru\/product\/saku-smulkintuvas-fox-forest-rtw650\/\" \/>\n<meta property=\"og:locale\" content=\"ru_RU\" \/>\n<meta property=\"og:type\" content=\"article\" \/>\n<meta property=\"og:title\" content=\"\u0160ak\u0173 smulkintuvas FOX FOREST RTW650 | Horomechanika\" \/>\n<meta property=\"og:description\" content=\"Auk\u0161tos kokyb\u0117s, tvirtas FOX RTW650 \u0161ak\u0173 smulkintuvas yra skirtas \u0161ak\u0173 bei ma\u017e\u0173 medeli\u0173 smulkinimui, montuojamas ant traktoriaus.\" \/>\n<meta property=\"og:url\" content=\"https:\/\/www.horomechanika.lt\/ru\/product\/saku-smulkintuvas-fox-forest-rtw650\/\" \/>\n<meta property=\"og:site_name\" content=\"Horomechanika\" \/>\n<meta property=\"article:publisher\" content=\"https:\/\/www.facebook.com\/UAB-Horo-mechanika-177091812471952\" \/>\n<meta property=\"article:modified_time\" content=\"2021-02-23T09:47:57+00:00\" \/>\n<meta property=\"og:image\" content=\"https:\/\/www.horomechanika.lt\/wp-content\/uploads\/2021\/02\/100-scaled.jpg\" \/>\n\t<meta property=\"og:image:width\" content=\"2270\" \/>\n\t<meta property=\"og:image:height\" content=\"2560\" \/>\n\t<meta property=\"og:image:type\" content=\"image\/jpeg\" \/>\n<meta name=\"twitter:card\" content=\"summary_large_image\" \/>\n<meta name=\"twitter:label1\" content=\"\u041f\u0440\u0438\u043c\u0435\u0440\u043d\u043e\u0435 \u0432\u0440\u0435\u043c\u044f \u0434\u043b\u044f \u0447\u0442\u0435\u043d\u0438\u044f\" \/>\n\t<meta name=\"twitter:data1\" content=\"1 \u043c\u0438\u043d\u0443\u0442\u0430\" \/>\n<script type=\"application\/ld+json\" class=\"yoast-schema-graph\">{\"@context\":\"https:\/\/schema.org\",\"@graph\":[{\"@type\":\"WebPage\",\"@id\":\"https:\/\/www.horomechanika.lt\/product\/saku-smulkintuvas-fox-forest-rtw650\/\",\"url\":\"https:\/\/www.horomechanika.lt\/product\/saku-smulkintuvas-fox-forest-rtw650\/\",\"name\":\"\u0160ak\u0173 smulkintuvas FOX FOREST RTW650 | Horomechanika\",\"isPartOf\":{\"@id\":\"https:\/\/www.horomechanika.lt\/#website\"},\"datePublished\":\"2021-02-23T09:27:37+00:00\",\"dateModified\":\"2021-02-23T09:47:57+00:00\",\"description\":\"Auk\u0161tos kokyb\u0117s, tvirtas FOX RTW650 \u0161ak\u0173 smulkintuvas yra skirtas \u0161ak\u0173 bei ma\u017e\u0173 medeli\u0173 smulkinimui, montuojamas ant traktoriaus.\",\"breadcrumb\":{\"@id\":\"https:\/\/www.horomechanika.lt\/product\/saku-smulkintuvas-fox-forest-rtw650\/#breadcrumb\"},\"inLanguage\":\"ru-RU\",\"potentialAction\":[{\"@type\":\"ReadAction\",\"target\":[\"https:\/\/www.horomechanika.lt\/product\/saku-smulkintuvas-fox-forest-rtw650\/\"]}]},{\"@type\":\"BreadcrumbList\",\"@id\":\"https:\/\/www.horomechanika.lt\/product\/saku-smulkintuvas-fox-forest-rtw650\/#breadcrumb\",\"itemListElement\":[{\"@type\":\"ListItem\",\"position\":1,\"name\":\"Home\",\"item\":\"https:\/\/www.horomechanika.lt\/\"},{\"@type\":\"ListItem\",\"position\":2,\"name\":\"Shop\",\"item\":\"https:\/\/www.horomechanika.lt\/ru\/shop-2\/\"},{\"@type\":\"ListItem\",\"position\":3,\"name\":\"\u0160ak\u0173 smulkintuvas FOX FOREST RTW650\"}]},{\"@type\":\"WebSite\",\"@id\":\"https:\/\/www.horomechanika.lt\/#website\",\"url\":\"https:\/\/www.horomechanika.lt\/\",\"name\":\"Horomechanika\",\"description\":\"\u017dem\u0117s \u016akio Technika\",\"publisher\":{\"@id\":\"https:\/\/www.horomechanika.lt\/#organization\"},\"potentialAction\":[{\"@type\":\"SearchAction\",\"target\":{\"@type\":\"EntryPoint\",\"urlTemplate\":\"https:\/\/www.horomechanika.lt\/?s={search_term_string}\"},\"query-input\":\"required name=search_term_string\"}],\"inLanguage\":\"ru-RU\"},{\"@type\":\"Organization\",\"@id\":\"https:\/\/www.horomechanika.lt\/#organization\",\"name\":\"UAB \\\"Horo mechanika\\\"\",\"url\":\"https:\/\/www.horomechanika.lt\/\",\"logo\":{\"@type\":\"ImageObject\",\"inLanguage\":\"ru-RU\",\"@id\":\"https:\/\/www.horomechanika.lt\/#\/schema\/logo\/image\/\",\"url\":\"https:\/\/www.horomechanika.lt\/wp-content\/uploads\/2020\/05\/horomechanika-logo.png\",\"contentUrl\":\"https:\/\/www.horomechanika.lt\/wp-content\/uploads\/2020\/05\/horomechanika-logo.png\",\"width\":137,\"height\":56,\"caption\":\"UAB \\\"Horo mechanika\\\"\"},\"image\":{\"@id\":\"https:\/\/www.horomechanika.lt\/#\/schema\/logo\/image\/\"},\"sameAs\":[\"https:\/\/www.facebook.com\/UAB-Horo-mechanika-177091812471952\"]}]}<\/script>\n<!-- \/ Yoast SEO plugin. -->","yoast_head_json":{"title":"\u0160ak\u0173 smulkintuvas FOX FOREST RTW650 | Horomechanika","description":"Auk\u0161tos kokyb\u0117s, tvirtas FOX RTW650 \u0161ak\u0173 smulkintuvas yra skirtas \u0161ak\u0173 bei ma\u017e\u0173 medeli\u0173 smulkinimui, montuojamas ant traktoriaus.","robots":{"index":"index","follow":"follow","max-snippet":"max-snippet:-1","max-image-preview":"max-image-preview:large","max-video-preview":"max-video-preview:-1"},"canonical":"https:\/\/www.horomechanika.lt\/ru\/product\/saku-smulkintuvas-fox-forest-rtw650\/","og_locale":"ru_RU","og_type":"article","og_title":"\u0160ak\u0173 smulkintuvas FOX FOREST RTW650 | Horomechanika","og_description":"Auk\u0161tos kokyb\u0117s, tvirtas FOX RTW650 \u0161ak\u0173 smulkintuvas yra skirtas \u0161ak\u0173 bei ma\u017e\u0173 medeli\u0173 smulkinimui, montuojamas ant traktoriaus.","og_url":"https:\/\/www.horomechanika.lt\/ru\/product\/saku-smulkintuvas-fox-forest-rtw650\/","og_site_name":"Horomechanika","article_publisher":"https:\/\/www.facebook.com\/UAB-Horo-mechanika-177091812471952","article_modified_time":"2021-02-23T09:47:57+00:00","og_image":[{"width":2270,"height":2560,"url":"https:\/\/www.horomechanika.lt\/wp-content\/uploads\/2021\/02\/100-scaled.jpg","type":"image\/jpeg"}],"twitter_card":"summary_large_image","twitter_misc":{"\u041f\u0440\u0438\u043c\u0435\u0440\u043d\u043e\u0435 \u0432\u0440\u0435\u043c\u044f \u0434\u043b\u044f \u0447\u0442\u0435\u043d\u0438\u044f":"1 \u043c\u0438\u043d\u0443\u0442\u0430"},"schema":{"@context":"https:\/\/schema.org","@graph":[{"@type":"WebPage","@id":"https:\/\/www.horomechanika.lt\/product\/saku-smulkintuvas-fox-forest-rtw650\/","url":"https:\/\/www.horomechanika.lt\/product\/saku-smulkintuvas-fox-forest-rtw650\/","name":"\u0160ak\u0173 smulkintuvas FOX FOREST RTW650 | Horomechanika","isPartOf":{"@id":"https:\/\/www.horomechanika.lt\/#website"},"datePublished":"2021-02-23T09:27:37+00:00","dateModified":"2021-02-23T09:47:57+00:00","description":"Auk\u0161tos kokyb\u0117s, tvirtas FOX RTW650 \u0161ak\u0173 smulkintuvas yra skirtas \u0161ak\u0173 bei ma\u017e\u0173 medeli\u0173 smulkinimui, montuojamas ant traktoriaus.","breadcrumb":{"@id":"https:\/\/www.horomechanika.lt\/product\/saku-smulkintuvas-fox-forest-rtw650\/#breadcrumb"},"inLanguage":"ru-RU","potentialAction":[{"@type":"ReadAction","target":["https:\/\/www.horomechanika.lt\/product\/saku-smulkintuvas-fox-forest-rtw650\/"]}]},{"@type":"BreadcrumbList","@id":"https:\/\/www.horomechanika.lt\/product\/saku-smulkintuvas-fox-forest-rtw650\/#breadcrumb","itemListElement":[{"@type":"ListItem","position":1,"name":"Home","item":"https:\/\/www.horomechanika.lt\/"},{"@type":"ListItem","position":2,"name":"Shop","item":"https:\/\/www.horomechanika.lt\/ru\/shop-2\/"},{"@type":"ListItem","position":3,"name":"\u0160ak\u0173 smulkintuvas FOX FOREST RTW650"}]},{"@type":"WebSite","@id":"https:\/\/www.horomechanika.lt\/#website","url":"https:\/\/www.horomechanika.lt\/","name":"Horomechanika","description":"\u017dem\u0117s \u016akio Technika","publisher":{"@id":"https:\/\/www.horomechanika.lt\/#organization"},"potentialAction":[{"@type":"SearchAction","target":{"@type":"EntryPoint","urlTemplate":"https:\/\/www.horomechanika.lt\/?s={search_term_string}"},"query-input":"required name=search_term_string"}],"inLanguage":"ru-RU"},{"@type":"Organization","@id":"https:\/\/www.horomechanika.lt\/#organization","name":"UAB \"Horo mechanika\"","url":"https:\/\/www.horomechanika.lt\/","logo":{"@type":"ImageObject","inLanguage":"ru-RU","@id":"https:\/\/www.horomechanika.lt\/#\/schema\/logo\/image\/","url":"https:\/\/www.horomechanika.lt\/wp-content\/uploads\/2020\/05\/horomechanika-logo.png","contentUrl":"https:\/\/www.horomechanika.lt\/wp-content\/uploads\/2020\/05\/horomechanika-logo.png","width":137,"height":56,"caption":"UAB \"Horo mechanika\""},"image":{"@id":"https:\/\/www.horomechanika.lt\/#\/schema\/logo\/image\/"},"sameAs":["https:\/\/www.facebook.com\/UAB-Horo-mechanika-177091812471952"]}]}},"_links":{"self":[{"href":"https:\/\/www.horomechanika.lt\/ru\/wp-json\/wp\/v2\/product\/12599","targetHints":{"allow":["GET"]}}],"collection":[{"href":"https:\/\/www.horomechanika.lt\/ru\/wp-json\/wp\/v2\/product"}],"about":[{"href":"https:\/\/www.horomechanika.lt\/ru\/wp-json\/wp\/v2\/types\/product"}],"replies":[{"embeddable":true,"href":"https:\/\/www.horomechanika.lt\/ru\/wp-json\/wp\/v2\/comments?post=12599"}],"wp:featuredmedia":[{"embeddable":true,"href":"https:\/\/www.horomechanika.lt\/ru\/wp-json\/wp\/v2\/media\/12611"}],"wp:attachment":[{"href":"https:\/\/www.horomechanika.lt\/ru\/wp-json\/wp\/v2\/media?parent=12599"}],"wp:term":[{"taxonomy":"product_cat","embeddable":true,"href":"https:\/\/www.horomechanika.lt\/ru\/wp-json\/wp\/v2\/product_cat?post=12599"},{"taxonomy":"product_tag","embeddable":true,"href":"https:\/\/www.horomechanika.lt\/ru\/wp-json\/wp\/v2\/product_tag?post=12599"}],"curies":[{"name":"wp","href":"https:\/\/api.w.org\/{rel}","templated":true}]}}