{"id":12613,"date":"2021-02-24T11:17:31","date_gmt":"2021-02-24T08:17:31","guid":{"rendered":"https:\/\/www.horomechanika.lt\/?post_type=product&#038;p=12613"},"modified":"2021-10-06T16:30:10","modified_gmt":"2021-10-06T13:30:10","slug":"komunaline-puspriekabe-su-priedais","status":"publish","type":"product","link":"https:\/\/www.horomechanika.lt\/ru\/product\/komunaline-puspriekabe-su-priedais\/","title":{"rendered":"Komunalin\u0117s priekabos"},"content":{"rendered":"<p>Skirtingo tipo, paskirties ir kel. galios priekabos ir puspriekab\u0117s, skirtos<br \/>\ngabenti \u012fvairios paskirties ir frakcijos krovinius. Priekabos gali b\u016bti<br \/>\nkomlektuojamos su pakrovimo\u00a0 manipuliatoriais \u0161akoms ar greiferiniu kau\u0161u<br \/>\nbirioms med\u017eiagoms krauti, lap\u0173 siurbliais su benzininiu varikliu arba<br \/>\ntraktoriaus darbinio veleno.<\/p>\n<p>Gaminame ir komlektuojame\u00a0 \u012fvairaus tipo<br \/>\nspecialius antbor\u010dius,\u00a0 tentus ir pan.<\/p>","protected":false},"excerpt":{"rendered":"<p>Skirtingo tipo, paskirties ir kel. galios priekabos ir puspriekab\u0117s, skirtos gabenti \u012fvairios paskirties ir frakcijos krovinius. Priekabos gali b\u016bti komlektuojamos su pakrovimo\u00a0 manipuliatoriais \u0161akoms ar greiferiniu kau\u0161u birioms med\u017eiagoms krauti, lap\u0173 siurbliais su benzininiu varikliu arba traktoriaus darbinio veleno. Gaminame ir komlektuojame\u00a0 \u012fvairaus tipo specialius antbor\u010dius,\u00a0 tentus ir pan.<\/p>","protected":false},"featured_media":12619,"comment_status":"open","ping_status":"closed","template":"","meta":[],"product_cat":[219,172,118,169],"product_tag":[],"class_list":["post-12613","product","type-product","status-publish","has-post-thumbnail","hentry","product_cat-komunalines-priekabos","product_cat-naujienos","product_cat-puspriekabes-su-krautuvu","product_cat-lapu-siurbliai"],"yoast_head":"<!-- This site is optimized with the Yoast SEO plugin v20.1 - https:\/\/yoast.com\/wordpress\/plugins\/seo\/ -->\n<title>Komunalin\u0117s priekabos | Horomechanika<\/title>\n<meta name=\"description\" content=\"Skirtingo tipo, paskirties ir kel. galios priekabos ir puspriekab\u0117s, skirtosgabenti \u012fvairios paskirties ir frakcijos krovinius.\" \/>\n<meta name=\"robots\" content=\"index, follow, max-snippet:-1, max-image-preview:large, max-video-preview:-1\" \/>\n<link rel=\"canonical\" href=\"https:\/\/www.horomechanika.lt\/ru\/product\/komunaline-puspriekabe-su-priedais\/\" \/>\n<meta property=\"og:locale\" content=\"ru_RU\" \/>\n<meta property=\"og:type\" content=\"article\" \/>\n<meta property=\"og:title\" content=\"Komunalin\u0117s priekabos | Horomechanika\" \/>\n<meta property=\"og:description\" content=\"Skirtingo tipo, paskirties ir kel. galios priekabos ir puspriekab\u0117s, skirtosgabenti \u012fvairios paskirties ir frakcijos krovinius.\" \/>\n<meta property=\"og:url\" content=\"https:\/\/www.horomechanika.lt\/ru\/product\/komunaline-puspriekabe-su-priedais\/\" \/>\n<meta property=\"og:site_name\" content=\"Horomechanika\" \/>\n<meta property=\"article:publisher\" content=\"https:\/\/www.facebook.com\/UAB-Horo-mechanika-177091812471952\" \/>\n<meta property=\"article:modified_time\" content=\"2021-10-06T13:30:10+00:00\" \/>\n<meta property=\"og:image\" content=\"https:\/\/www.horomechanika.lt\/wp-content\/uploads\/2021\/02\/Fiksavimas.jpg\" \/>\n\t<meta property=\"og:image:width\" content=\"784\" \/>\n\t<meta property=\"og:image:height\" content=\"574\" \/>\n\t<meta property=\"og:image:type\" content=\"image\/jpeg\" \/>\n<meta name=\"twitter:card\" content=\"summary_large_image\" \/>\n<meta name=\"twitter:label1\" content=\"\u041f\u0440\u0438\u043c\u0435\u0440\u043d\u043e\u0435 \u0432\u0440\u0435\u043c\u044f \u0434\u043b\u044f \u0447\u0442\u0435\u043d\u0438\u044f\" \/>\n\t<meta name=\"twitter:data1\" content=\"1 \u043c\u0438\u043d\u0443\u0442\u0430\" \/>\n<script type=\"application\/ld+json\" class=\"yoast-schema-graph\">{\"@context\":\"https:\/\/schema.org\",\"@graph\":[{\"@type\":\"WebPage\",\"@id\":\"https:\/\/www.horomechanika.lt\/product\/komunaline-puspriekabe-su-priedais\/\",\"url\":\"https:\/\/www.horomechanika.lt\/product\/komunaline-puspriekabe-su-priedais\/\",\"name\":\"Komunalin\u0117s priekabos | Horomechanika\",\"isPartOf\":{\"@id\":\"https:\/\/www.horomechanika.lt\/#website\"},\"datePublished\":\"2021-02-24T08:17:31+00:00\",\"dateModified\":\"2021-10-06T13:30:10+00:00\",\"description\":\"Skirtingo tipo, paskirties ir kel. galios priekabos ir puspriekab\u0117s, skirtosgabenti \u012fvairios paskirties ir frakcijos krovinius.\",\"breadcrumb\":{\"@id\":\"https:\/\/www.horomechanika.lt\/product\/komunaline-puspriekabe-su-priedais\/#breadcrumb\"},\"inLanguage\":\"ru-RU\",\"potentialAction\":[{\"@type\":\"ReadAction\",\"target\":[\"https:\/\/www.horomechanika.lt\/product\/komunaline-puspriekabe-su-priedais\/\"]}]},{\"@type\":\"BreadcrumbList\",\"@id\":\"https:\/\/www.horomechanika.lt\/product\/komunaline-puspriekabe-su-priedais\/#breadcrumb\",\"itemListElement\":[{\"@type\":\"ListItem\",\"position\":1,\"name\":\"Home\",\"item\":\"https:\/\/www.horomechanika.lt\/\"},{\"@type\":\"ListItem\",\"position\":2,\"name\":\"Shop\",\"item\":\"https:\/\/www.horomechanika.lt\/ru\/shop-2\/\"},{\"@type\":\"ListItem\",\"position\":3,\"name\":\"Komunalin\u0117s priekabos\"}]},{\"@type\":\"WebSite\",\"@id\":\"https:\/\/www.horomechanika.lt\/#website\",\"url\":\"https:\/\/www.horomechanika.lt\/\",\"name\":\"Horomechanika\",\"description\":\"\u017dem\u0117s \u016akio Technika\",\"publisher\":{\"@id\":\"https:\/\/www.horomechanika.lt\/#organization\"},\"potentialAction\":[{\"@type\":\"SearchAction\",\"target\":{\"@type\":\"EntryPoint\",\"urlTemplate\":\"https:\/\/www.horomechanika.lt\/?s={search_term_string}\"},\"query-input\":\"required name=search_term_string\"}],\"inLanguage\":\"ru-RU\"},{\"@type\":\"Organization\",\"@id\":\"https:\/\/www.horomechanika.lt\/#organization\",\"name\":\"UAB \\\"Horo mechanika\\\"\",\"url\":\"https:\/\/www.horomechanika.lt\/\",\"logo\":{\"@type\":\"ImageObject\",\"inLanguage\":\"ru-RU\",\"@id\":\"https:\/\/www.horomechanika.lt\/#\/schema\/logo\/image\/\",\"url\":\"https:\/\/www.horomechanika.lt\/wp-content\/uploads\/2020\/05\/horomechanika-logo.png\",\"contentUrl\":\"https:\/\/www.horomechanika.lt\/wp-content\/uploads\/2020\/05\/horomechanika-logo.png\",\"width\":137,\"height\":56,\"caption\":\"UAB \\\"Horo mechanika\\\"\"},\"image\":{\"@id\":\"https:\/\/www.horomechanika.lt\/#\/schema\/logo\/image\/\"},\"sameAs\":[\"https:\/\/www.facebook.com\/UAB-Horo-mechanika-177091812471952\"]}]}<\/script>\n<!-- \/ Yoast SEO plugin. -->","yoast_head_json":{"title":"Komunalin\u0117s priekabos | Horomechanika","description":"Skirtingo tipo, paskirties ir kel. galios priekabos ir puspriekab\u0117s, skirtosgabenti \u012fvairios paskirties ir frakcijos krovinius.","robots":{"index":"index","follow":"follow","max-snippet":"max-snippet:-1","max-image-preview":"max-image-preview:large","max-video-preview":"max-video-preview:-1"},"canonical":"https:\/\/www.horomechanika.lt\/ru\/product\/komunaline-puspriekabe-su-priedais\/","og_locale":"ru_RU","og_type":"article","og_title":"Komunalin\u0117s priekabos | Horomechanika","og_description":"Skirtingo tipo, paskirties ir kel. galios priekabos ir puspriekab\u0117s, skirtosgabenti \u012fvairios paskirties ir frakcijos krovinius.","og_url":"https:\/\/www.horomechanika.lt\/ru\/product\/komunaline-puspriekabe-su-priedais\/","og_site_name":"Horomechanika","article_publisher":"https:\/\/www.facebook.com\/UAB-Horo-mechanika-177091812471952","article_modified_time":"2021-10-06T13:30:10+00:00","og_image":[{"width":784,"height":574,"url":"https:\/\/www.horomechanika.lt\/wp-content\/uploads\/2021\/02\/Fiksavimas.jpg","type":"image\/jpeg"}],"twitter_card":"summary_large_image","twitter_misc":{"\u041f\u0440\u0438\u043c\u0435\u0440\u043d\u043e\u0435 \u0432\u0440\u0435\u043c\u044f \u0434\u043b\u044f \u0447\u0442\u0435\u043d\u0438\u044f":"1 \u043c\u0438\u043d\u0443\u0442\u0430"},"schema":{"@context":"https:\/\/schema.org","@graph":[{"@type":"WebPage","@id":"https:\/\/www.horomechanika.lt\/product\/komunaline-puspriekabe-su-priedais\/","url":"https:\/\/www.horomechanika.lt\/product\/komunaline-puspriekabe-su-priedais\/","name":"Komunalin\u0117s priekabos | Horomechanika","isPartOf":{"@id":"https:\/\/www.horomechanika.lt\/#website"},"datePublished":"2021-02-24T08:17:31+00:00","dateModified":"2021-10-06T13:30:10+00:00","description":"Skirtingo tipo, paskirties ir kel. galios priekabos ir puspriekab\u0117s, skirtosgabenti \u012fvairios paskirties ir frakcijos krovinius.","breadcrumb":{"@id":"https:\/\/www.horomechanika.lt\/product\/komunaline-puspriekabe-su-priedais\/#breadcrumb"},"inLanguage":"ru-RU","potentialAction":[{"@type":"ReadAction","target":["https:\/\/www.horomechanika.lt\/product\/komunaline-puspriekabe-su-priedais\/"]}]},{"@type":"BreadcrumbList","@id":"https:\/\/www.horomechanika.lt\/product\/komunaline-puspriekabe-su-priedais\/#breadcrumb","itemListElement":[{"@type":"ListItem","position":1,"name":"Home","item":"https:\/\/www.horomechanika.lt\/"},{"@type":"ListItem","position":2,"name":"Shop","item":"https:\/\/www.horomechanika.lt\/ru\/shop-2\/"},{"@type":"ListItem","position":3,"name":"Komunalin\u0117s priekabos"}]},{"@type":"WebSite","@id":"https:\/\/www.horomechanika.lt\/#website","url":"https:\/\/www.horomechanika.lt\/","name":"Horomechanika","description":"\u017dem\u0117s \u016akio Technika","publisher":{"@id":"https:\/\/www.horomechanika.lt\/#organization"},"potentialAction":[{"@type":"SearchAction","target":{"@type":"EntryPoint","urlTemplate":"https:\/\/www.horomechanika.lt\/?s={search_term_string}"},"query-input":"required name=search_term_string"}],"inLanguage":"ru-RU"},{"@type":"Organization","@id":"https:\/\/www.horomechanika.lt\/#organization","name":"UAB \"Horo mechanika\"","url":"https:\/\/www.horomechanika.lt\/","logo":{"@type":"ImageObject","inLanguage":"ru-RU","@id":"https:\/\/www.horomechanika.lt\/#\/schema\/logo\/image\/","url":"https:\/\/www.horomechanika.lt\/wp-content\/uploads\/2020\/05\/horomechanika-logo.png","contentUrl":"https:\/\/www.horomechanika.lt\/wp-content\/uploads\/2020\/05\/horomechanika-logo.png","width":137,"height":56,"caption":"UAB \"Horo mechanika\""},"image":{"@id":"https:\/\/www.horomechanika.lt\/#\/schema\/logo\/image\/"},"sameAs":["https:\/\/www.facebook.com\/UAB-Horo-mechanika-177091812471952"]}]}},"_links":{"self":[{"href":"https:\/\/www.horomechanika.lt\/ru\/wp-json\/wp\/v2\/product\/12613","targetHints":{"allow":["GET"]}}],"collection":[{"href":"https:\/\/www.horomechanika.lt\/ru\/wp-json\/wp\/v2\/product"}],"about":[{"href":"https:\/\/www.horomechanika.lt\/ru\/wp-json\/wp\/v2\/types\/product"}],"replies":[{"embeddable":true,"href":"https:\/\/www.horomechanika.lt\/ru\/wp-json\/wp\/v2\/comments?post=12613"}],"wp:featuredmedia":[{"embeddable":true,"href":"https:\/\/www.horomechanika.lt\/ru\/wp-json\/wp\/v2\/media\/12619"}],"wp:attachment":[{"href":"https:\/\/www.horomechanika.lt\/ru\/wp-json\/wp\/v2\/media?parent=12613"}],"wp:term":[{"taxonomy":"product_cat","embeddable":true,"href":"https:\/\/www.horomechanika.lt\/ru\/wp-json\/wp\/v2\/product_cat?post=12613"},{"taxonomy":"product_tag","embeddable":true,"href":"https:\/\/www.horomechanika.lt\/ru\/wp-json\/wp\/v2\/product_tag?post=12613"}],"curies":[{"name":"wp","href":"https:\/\/api.w.org\/{rel}","templated":true}]}}