{"id":12635,"date":"2021-02-24T16:13:35","date_gmt":"2021-02-24T13:13:35","guid":{"rendered":"https:\/\/www.horomechanika.lt\/?post_type=product&#038;p=12635"},"modified":"2021-03-02T10:38:05","modified_gmt":"2021-03-02T07:38:05","slug":"saku-smulkintuvas-wom-rp-150","status":"publish","type":"product","link":"https:\/\/www.horomechanika.lt\/ru\/product\/saku-smulkintuvas-wom-rp-150\/","title":{"rendered":"\u0160ak\u0173 smulkintuvas WOM RP-150"},"content":{"rendered":"<p><strong>Rp-150 PROFESSIONAL<\/strong> \u0161ak\u0173 smulkintuvas yra<strong>\u00a0<\/strong>skirtas\u00a0 \u0161ak\u0173 susmulkinimui iki skersmens\u00a0 <strong>13 cm<\/strong> , suprojektuotas ir pagamintas naudojant <strong>remet CNC technologijas<\/strong>\u00a0.\u00a0R\u0117mas pagamintas i\u0161 metalini\u0173 profili\u0173, i\u0161lenktu bunkeriu su dideliu standumu bei sustiprintu profiliu. Smulkintuve yra apsauginis jungiklis, (saugos jungiklis turi b\u016bti prijungtas prie traktoriaus avarinio saugos modulio). Pjovimo mechanizmas yra pagamintas CNC apdirbimo centre, tod\u0117l yra u\u017etikrinama tinkama kokyb\u0117, tikslumas ir bendraa\u0161i\u0161kumas, o tai rei\u0161kia ilg\u0105 komponent\u0173 ir viso \u012frenginio tarnavimo laik\u0105.<\/p>\n<p><strong>Mechanizme yra u\u017ever\u017eianti \u012fvor\u0117, naudojama pjovimo peiliams pastatyti, taip pat veikia kaip apsauga nuo perkrovos. <\/strong>Smulkintuvas gali b\u016bti su smagra\u010diu \/ dir\u017eu ir sulankstomu juostiniu transporteriu, taip pat yra galimyb\u0117 susmulkintas \u0161akas i\u0161mesti i\u0161ilgai arba per \u0161on\u0105, tod\u0117l darbas su smulkintuvu tampa dar efektyvesnis ir daug patogesnis.<\/p>\n<p>Apdorota mediena yra efektyvus ir ekologi\u0161kas kuras, tinkamas deginti vis\u0173 tip\u0173 centrinio \u0161ildymo katiluose.<\/p>\n<p>Pjovimo mechanizmo peiliai pagaminti i\u0161 atsparaus dilimui plieno, kuris garantuoja ilg\u0105 ir efektyv\u0173 ma\u0161inos darb\u0105.<\/p>\n<p><a href=\"https:\/\/www.horomechanika.lt\/wp-content\/uploads\/2021\/02\/Fiksavimas-1.jpg\"><img loading=\"lazy\" decoding=\"async\" class=\"alignnone wp-image-12645\" src=\"https:\/\/www.horomechanika.lt\/wp-content\/uploads\/2021\/02\/Fiksavimas-1-300x256.jpg\" alt=\"\" width=\"402\" height=\"343\" srcset=\"https:\/\/www.horomechanika.lt\/wp-content\/uploads\/2021\/02\/Fiksavimas-1-300x256.jpg 300w, https:\/\/www.horomechanika.lt\/wp-content\/uploads\/2021\/02\/Fiksavimas-1-14x12.jpg 14w, https:\/\/www.horomechanika.lt\/wp-content\/uploads\/2021\/02\/Fiksavimas-1.jpg 486w\" sizes=\"auto, (max-width: 402px) 100vw, 402px\" \/><\/a><\/p>","protected":false},"excerpt":{"rendered":"<ul>\n<li><span class=\"opis\">sustiprinta suvirinta konstrukcija (visi\u0161kai i\u0161ardoma)<\/span><\/li>\n<li><span class=\"opis\">papildomas galinis smagra\u010dio \/ skriemulio ritin\u0117lis<\/span><\/li>\n<li><span class=\"opis\">reguliuojamas tarpas tarp peili\u0173<\/span><\/li>\n<li><span class=\"opis\">indukciniai gr\u016bdinti krumpliara\u010diai<\/span><\/li>\n<li><span class=\"opis\">pailgintas, sutvirtintas profiliu, sulankstomas bunkeris su apsauginiu jungikliu<\/span><\/li>\n<li><span class=\"opis\">sustiprintas r\u0117mas pagamintas i\u0161 metalini\u0173 profili\u0173<\/span><\/li>\n<li><span class=\"opis\">rutulini\u0173 kai\u0161\u010di\u0173 prikabinimas priekabai<\/span><\/li>\n<li><span class=\"opis\">trij\u0173 ta\u0161k\u0173 tvirtinimo prie traktoriaus sistema<\/span><\/li>\n<\/ul>","protected":false},"featured_media":12648,"comment_status":"open","ping_status":"closed","template":"","meta":[],"product_cat":[218],"product_tag":[],"class_list":["post-12635","product","type-product","status-publish","has-post-thumbnail","hentry","product_cat-saku-smulkintuvai"],"yoast_head":"<!-- This site is optimized with the Yoast SEO plugin v20.1 - https:\/\/yoast.com\/wordpress\/plugins\/seo\/ -->\n<title>\u0160ak\u0173 smulkintuvas WOM RP-150 | Horomechanika<\/title>\n<meta name=\"description\" content=\"RP-150 \u0161ak\u0173 smulkintuvas yra\u00a0skirtas\u00a0 \u0161ak\u0173 susmulkinimui iki skersmens\u00a0 13 cm , suprojektuotas ir pagamintas naudojant naujausias technologijas.\" \/>\n<meta name=\"robots\" content=\"index, follow, max-snippet:-1, max-image-preview:large, max-video-preview:-1\" \/>\n<link rel=\"canonical\" href=\"https:\/\/www.horomechanika.lt\/ru\/product\/saku-smulkintuvas-wom-rp-150\/\" \/>\n<meta property=\"og:locale\" content=\"ru_RU\" \/>\n<meta property=\"og:type\" content=\"article\" \/>\n<meta property=\"og:title\" content=\"\u0160ak\u0173 smulkintuvas WOM RP-150 | Horomechanika\" \/>\n<meta property=\"og:description\" content=\"RP-150 \u0161ak\u0173 smulkintuvas yra\u00a0skirtas\u00a0 \u0161ak\u0173 susmulkinimui iki skersmens\u00a0 13 cm , suprojektuotas ir pagamintas naudojant naujausias technologijas.\" \/>\n<meta property=\"og:url\" content=\"https:\/\/www.horomechanika.lt\/ru\/product\/saku-smulkintuvas-wom-rp-150\/\" \/>\n<meta property=\"og:site_name\" content=\"Horomechanika\" \/>\n<meta property=\"article:publisher\" content=\"https:\/\/www.facebook.com\/UAB-Horo-mechanika-177091812471952\" \/>\n<meta property=\"article:modified_time\" content=\"2021-03-02T07:38:05+00:00\" \/>\n<meta property=\"og:image\" content=\"https:\/\/www.horomechanika.lt\/wp-content\/uploads\/2021\/02\/saku-skaldykles-smulkintuvai-remet.jpg\" \/>\n\t<meta property=\"og:image:width\" content=\"600\" \/>\n\t<meta property=\"og:image:height\" content=\"600\" \/>\n\t<meta property=\"og:image:type\" content=\"image\/jpeg\" \/>\n<meta name=\"twitter:card\" content=\"summary_large_image\" \/>\n<meta name=\"twitter:label1\" content=\"\u041f\u0440\u0438\u043c\u0435\u0440\u043d\u043e\u0435 \u0432\u0440\u0435\u043c\u044f \u0434\u043b\u044f \u0447\u0442\u0435\u043d\u0438\u044f\" \/>\n\t<meta name=\"twitter:data1\" content=\"1 \u043c\u0438\u043d\u0443\u0442\u0430\" \/>\n<script type=\"application\/ld+json\" class=\"yoast-schema-graph\">{\"@context\":\"https:\/\/schema.org\",\"@graph\":[{\"@type\":\"WebPage\",\"@id\":\"https:\/\/www.horomechanika.lt\/product\/saku-smulkintuvas-wom-rp-150\/\",\"url\":\"https:\/\/www.horomechanika.lt\/product\/saku-smulkintuvas-wom-rp-150\/\",\"name\":\"\u0160ak\u0173 smulkintuvas WOM RP-150 | Horomechanika\",\"isPartOf\":{\"@id\":\"https:\/\/www.horomechanika.lt\/#website\"},\"datePublished\":\"2021-02-24T13:13:35+00:00\",\"dateModified\":\"2021-03-02T07:38:05+00:00\",\"description\":\"RP-150 \u0161ak\u0173 smulkintuvas yra\u00a0skirtas\u00a0 \u0161ak\u0173 susmulkinimui iki skersmens\u00a0 13 cm , suprojektuotas ir pagamintas naudojant naujausias technologijas.\",\"breadcrumb\":{\"@id\":\"https:\/\/www.horomechanika.lt\/product\/saku-smulkintuvas-wom-rp-150\/#breadcrumb\"},\"inLanguage\":\"ru-RU\",\"potentialAction\":[{\"@type\":\"ReadAction\",\"target\":[\"https:\/\/www.horomechanika.lt\/product\/saku-smulkintuvas-wom-rp-150\/\"]}]},{\"@type\":\"BreadcrumbList\",\"@id\":\"https:\/\/www.horomechanika.lt\/product\/saku-smulkintuvas-wom-rp-150\/#breadcrumb\",\"itemListElement\":[{\"@type\":\"ListItem\",\"position\":1,\"name\":\"Home\",\"item\":\"https:\/\/www.horomechanika.lt\/\"},{\"@type\":\"ListItem\",\"position\":2,\"name\":\"Shop\",\"item\":\"https:\/\/www.horomechanika.lt\/ru\/shop-2\/\"},{\"@type\":\"ListItem\",\"position\":3,\"name\":\"\u0160ak\u0173 smulkintuvas WOM RP-150\"}]},{\"@type\":\"WebSite\",\"@id\":\"https:\/\/www.horomechanika.lt\/#website\",\"url\":\"https:\/\/www.horomechanika.lt\/\",\"name\":\"Horomechanika\",\"description\":\"\u017dem\u0117s \u016akio Technika\",\"publisher\":{\"@id\":\"https:\/\/www.horomechanika.lt\/#organization\"},\"potentialAction\":[{\"@type\":\"SearchAction\",\"target\":{\"@type\":\"EntryPoint\",\"urlTemplate\":\"https:\/\/www.horomechanika.lt\/?s={search_term_string}\"},\"query-input\":\"required name=search_term_string\"}],\"inLanguage\":\"ru-RU\"},{\"@type\":\"Organization\",\"@id\":\"https:\/\/www.horomechanika.lt\/#organization\",\"name\":\"UAB \\\"Horo mechanika\\\"\",\"url\":\"https:\/\/www.horomechanika.lt\/\",\"logo\":{\"@type\":\"ImageObject\",\"inLanguage\":\"ru-RU\",\"@id\":\"https:\/\/www.horomechanika.lt\/#\/schema\/logo\/image\/\",\"url\":\"https:\/\/www.horomechanika.lt\/wp-content\/uploads\/2020\/05\/horomechanika-logo.png\",\"contentUrl\":\"https:\/\/www.horomechanika.lt\/wp-content\/uploads\/2020\/05\/horomechanika-logo.png\",\"width\":137,\"height\":56,\"caption\":\"UAB \\\"Horo mechanika\\\"\"},\"image\":{\"@id\":\"https:\/\/www.horomechanika.lt\/#\/schema\/logo\/image\/\"},\"sameAs\":[\"https:\/\/www.facebook.com\/UAB-Horo-mechanika-177091812471952\"]}]}<\/script>\n<!-- \/ Yoast SEO plugin. -->","yoast_head_json":{"title":"\u0160ak\u0173 smulkintuvas WOM RP-150 | Horomechanika","description":"RP-150 \u0161ak\u0173 smulkintuvas yra\u00a0skirtas\u00a0 \u0161ak\u0173 susmulkinimui iki skersmens\u00a0 13 cm , suprojektuotas ir pagamintas naudojant naujausias technologijas.","robots":{"index":"index","follow":"follow","max-snippet":"max-snippet:-1","max-image-preview":"max-image-preview:large","max-video-preview":"max-video-preview:-1"},"canonical":"https:\/\/www.horomechanika.lt\/ru\/product\/saku-smulkintuvas-wom-rp-150\/","og_locale":"ru_RU","og_type":"article","og_title":"\u0160ak\u0173 smulkintuvas WOM RP-150 | Horomechanika","og_description":"RP-150 \u0161ak\u0173 smulkintuvas yra\u00a0skirtas\u00a0 \u0161ak\u0173 susmulkinimui iki skersmens\u00a0 13 cm , suprojektuotas ir pagamintas naudojant naujausias technologijas.","og_url":"https:\/\/www.horomechanika.lt\/ru\/product\/saku-smulkintuvas-wom-rp-150\/","og_site_name":"Horomechanika","article_publisher":"https:\/\/www.facebook.com\/UAB-Horo-mechanika-177091812471952","article_modified_time":"2021-03-02T07:38:05+00:00","og_image":[{"width":600,"height":600,"url":"https:\/\/www.horomechanika.lt\/wp-content\/uploads\/2021\/02\/saku-skaldykles-smulkintuvai-remet.jpg","type":"image\/jpeg"}],"twitter_card":"summary_large_image","twitter_misc":{"\u041f\u0440\u0438\u043c\u0435\u0440\u043d\u043e\u0435 \u0432\u0440\u0435\u043c\u044f \u0434\u043b\u044f \u0447\u0442\u0435\u043d\u0438\u044f":"1 \u043c\u0438\u043d\u0443\u0442\u0430"},"schema":{"@context":"https:\/\/schema.org","@graph":[{"@type":"WebPage","@id":"https:\/\/www.horomechanika.lt\/product\/saku-smulkintuvas-wom-rp-150\/","url":"https:\/\/www.horomechanika.lt\/product\/saku-smulkintuvas-wom-rp-150\/","name":"\u0160ak\u0173 smulkintuvas WOM RP-150 | Horomechanika","isPartOf":{"@id":"https:\/\/www.horomechanika.lt\/#website"},"datePublished":"2021-02-24T13:13:35+00:00","dateModified":"2021-03-02T07:38:05+00:00","description":"RP-150 \u0161ak\u0173 smulkintuvas yra\u00a0skirtas\u00a0 \u0161ak\u0173 susmulkinimui iki skersmens\u00a0 13 cm , suprojektuotas ir pagamintas naudojant naujausias technologijas.","breadcrumb":{"@id":"https:\/\/www.horomechanika.lt\/product\/saku-smulkintuvas-wom-rp-150\/#breadcrumb"},"inLanguage":"ru-RU","potentialAction":[{"@type":"ReadAction","target":["https:\/\/www.horomechanika.lt\/product\/saku-smulkintuvas-wom-rp-150\/"]}]},{"@type":"BreadcrumbList","@id":"https:\/\/www.horomechanika.lt\/product\/saku-smulkintuvas-wom-rp-150\/#breadcrumb","itemListElement":[{"@type":"ListItem","position":1,"name":"Home","item":"https:\/\/www.horomechanika.lt\/"},{"@type":"ListItem","position":2,"name":"Shop","item":"https:\/\/www.horomechanika.lt\/ru\/shop-2\/"},{"@type":"ListItem","position":3,"name":"\u0160ak\u0173 smulkintuvas WOM RP-150"}]},{"@type":"WebSite","@id":"https:\/\/www.horomechanika.lt\/#website","url":"https:\/\/www.horomechanika.lt\/","name":"Horomechanika","description":"\u017dem\u0117s \u016akio Technika","publisher":{"@id":"https:\/\/www.horomechanika.lt\/#organization"},"potentialAction":[{"@type":"SearchAction","target":{"@type":"EntryPoint","urlTemplate":"https:\/\/www.horomechanika.lt\/?s={search_term_string}"},"query-input":"required name=search_term_string"}],"inLanguage":"ru-RU"},{"@type":"Organization","@id":"https:\/\/www.horomechanika.lt\/#organization","name":"UAB \"Horo mechanika\"","url":"https:\/\/www.horomechanika.lt\/","logo":{"@type":"ImageObject","inLanguage":"ru-RU","@id":"https:\/\/www.horomechanika.lt\/#\/schema\/logo\/image\/","url":"https:\/\/www.horomechanika.lt\/wp-content\/uploads\/2020\/05\/horomechanika-logo.png","contentUrl":"https:\/\/www.horomechanika.lt\/wp-content\/uploads\/2020\/05\/horomechanika-logo.png","width":137,"height":56,"caption":"UAB \"Horo mechanika\""},"image":{"@id":"https:\/\/www.horomechanika.lt\/#\/schema\/logo\/image\/"},"sameAs":["https:\/\/www.facebook.com\/UAB-Horo-mechanika-177091812471952"]}]}},"_links":{"self":[{"href":"https:\/\/www.horomechanika.lt\/ru\/wp-json\/wp\/v2\/product\/12635","targetHints":{"allow":["GET"]}}],"collection":[{"href":"https:\/\/www.horomechanika.lt\/ru\/wp-json\/wp\/v2\/product"}],"about":[{"href":"https:\/\/www.horomechanika.lt\/ru\/wp-json\/wp\/v2\/types\/product"}],"replies":[{"embeddable":true,"href":"https:\/\/www.horomechanika.lt\/ru\/wp-json\/wp\/v2\/comments?post=12635"}],"wp:featuredmedia":[{"embeddable":true,"href":"https:\/\/www.horomechanika.lt\/ru\/wp-json\/wp\/v2\/media\/12648"}],"wp:attachment":[{"href":"https:\/\/www.horomechanika.lt\/ru\/wp-json\/wp\/v2\/media?parent=12635"}],"wp:term":[{"taxonomy":"product_cat","embeddable":true,"href":"https:\/\/www.horomechanika.lt\/ru\/wp-json\/wp\/v2\/product_cat?post=12635"},{"taxonomy":"product_tag","embeddable":true,"href":"https:\/\/www.horomechanika.lt\/ru\/wp-json\/wp\/v2\/product_tag?post=12635"}],"curies":[{"name":"wp","href":"https:\/\/api.w.org\/{rel}","templated":true}]}}