{"id":12658,"date":"2021-03-29T13:32:56","date_gmt":"2021-03-29T10:32:56","guid":{"rendered":"https:\/\/www.horomechanika.lt\/?post_type=product&#038;p=12658"},"modified":"2022-05-19T12:07:58","modified_gmt":"2022-05-19T09:07:58","slug":"prikabinama-diskine-sienapjove-dm-trex-cp","status":"publish","type":"product","link":"https:\/\/www.horomechanika.lt\/ru\/product\/prikabinama-diskine-sienapjove-dm-trex-cp\/","title":{"rendered":"Prikabinama diskin\u0117 \u0161ienapjov\u0117 DM TREX CP"},"content":{"rendered":"<div class=\"row\">\n<div class=\"wpb_column vc_column_container col-sm-9 vc_col-sm-9 col-lg-9 vc_col-lg-9\">\n<div class=\"vc_column-inner\">\n<div class=\"wpb_wrapper\">\n<div class=\"wpb_text_column wpb_content_element\">\n<div class=\"wpb_wrapper\">\n<p style=\"font-weight: 400;\">Prikabinama diskin\u0117 \u0161ienapjov\u0117 DM TREX CP gale montuojama diskin\u0117 \u0161ienapjov\u0117 su hidrauliniu pak\u0117limu, automatine apsaugos sistema, apsaugan\u010dia pjaunamosios stal\u0105 nuo bet koki\u0173 kli\u016b\u010di\u0173, komplektuojama su laisvos eigos kardaniniu velenu, apsauginiu tentu, pradalg\u0117s disku ir automatiniu apsauginiu atsilenkimu. ENOCUT pjovimo juosta i\u0161 auk\u0161\u010diausios kokyb\u0117s plieno, pagaminta pagal Enorossi patentuot\u0105 sistem\u0105.<\/p>\n<p style=\"font-weight: 400;\">Automatinis hidraulinis apvertimas, leid\u017eiantis apsaugoti vel\u0117n\u0105:<\/p>\n<p style=\"font-weight: 400;\">Prikabinama diskin\u0117 \u0161ienapjov\u0117 DM TREX CP \u0161onin\u0117 su gr\u0105\u017eulu yra pagrindin\u0117 m\u016bs\u0173 DMC TREX serijos traukiam\u0173j\u0173 diskini\u0173 vejapjovi\u0173 su kondicionieriumi savyb\u0117. Gr\u0105\u017eulas gali b\u016bti perjungtas hidrauli\u0161kai, o bloko vo\u017etuvas u\u017etikrina patikim\u0105 fiksavimo sistem\u0105. Galima rinktis modelius be kondicionieriaus, FLAX modelius su peiliu kondicionieriumi ir ROLL modelius su voleliu. Puiki\u0105 pjovimo kokyb\u0119 u\u017etikrina Enocut pjovimo juost\u0173 sistema. Standartin\u0117s padangos 340\/55-16 12PR ir antra plataus veikimo kardaninio veleno transmisija.<\/p>\n<p style=\"font-weight: 400;\">Pjovimo juosta ENOCUT yra speciali sistema, specialiai sukurta visoms ENOROSSI \u0161ienapjovi\u0173 asortimento pjovimo juostoms. Tai leid\u017eia greitai ir \u0161variai pjauti \u012fvairiomis s\u0105lygomis. Prie \u0161ios sistemos yra specialiai pritaikytas ir Peilio profilis \u00a0\u0161variam ir tiksliam pjovimui.<\/p>\n<p style=\"font-weight: 400;\">Visuose pakabinam\u0173 \u0161ienapjovi\u0173 modeliuose pjaunamosios stalas prisitaiko prie \u017eem\u0117s nuolyd\u017eio, + 40<sup>o<\/sup> ir \u2013 30<sup>o<\/sup> \u00a0tod\u0117l pjovimo darbus galima atlikti net ir sud\u0117tingomis dirvos pavir\u0161iaus s\u0105lygomis.<\/p>\n<p style=\"font-weight: 400;\">\u0160IENAPJOV\u0116S PRANA\u0160UMAI:<\/p>\n<ul>\n<li>Paprasta naudoti ir efektyvu naudoti su vidutinio dyd\u017eio traktoriumi<\/li>\n<li>Auk\u0161tos kokyb\u0117s pjovimo juosta ENOCUT<\/li>\n<li>Maksimalus disk\u0173 persidengimas, u\u017etikrinantis visi\u0161k\u0105 valym\u0105 bet kokiomis s\u0105lygomis<\/li>\n<li>Suapvalintas dantra\u010di\u0173 profilis suma\u017eina triuk\u0161m\u0105 ir temperat\u016bros padid\u0117jim\u0105<\/li>\n<li>Pava\u017eos pagamintos i\u0161 gr\u016bdinto plieno, jos yra nusid\u0117v\u0117jimui atsparios kuri\u0173 pagalba apsaugo pjaunamosios stal\u0105 ir u\u017etikrina maksimal\u0173 patvarum\u0105.<\/li>\n<li>Greitas peilio keitimas (pasirinktinai)<\/li>\n<li>Greitais apsisukimas galulauk\u0117se, d\u0117ka hidraulinio pak\u0117limo<\/li>\n<li>amortizacija<\/li>\n<li>apsaugos sistema nuo sm\u016bgi\u0173<\/li>\n<li>\u0160onin\u0117 pjovimo galvos amortizacija<\/li>\n<li>Plau\u0161intuvas reguliuoja nu\u0161ienautos \u017eol\u0117s plot\u012f ir greitina d\u017ei\u016bvim\u0105.<\/li>\n<\/ul>\n<table style=\"height: 93px;\" border=\"1\" width=\"1729\">\n<tbody>\n<tr>\n<td><strong>Modelis<\/strong><\/td>\n<td>\n<p class=\"p1\"><strong>Disk\u0173 skai\u010dius<\/strong><\/p>\n<\/td>\n<td><strong>Darbinis plotis<\/strong><\/td>\n<td>\n<p class=\"p1\"><strong>Plau\u0161intuvo tipas<\/strong><\/p>\n<\/td>\n<td><strong>HP<\/strong><\/td>\n<td><strong>Svoris<\/strong><\/td>\n<\/tr>\n<tr>\n<td><strong>DM TREX CP<\/strong><\/td>\n<td>8<\/td>\n<td>320 cm. \/ 10.5 ft.<\/td>\n<td>Volas\u00a0 arba plastikiniai pir\u0161tai<\/td>\n<td>90 HP<\/td>\n<td>1880 Kg. \/ 4145 Lbs.<\/td>\n<\/tr>\n<\/tbody>\n<\/table>\n<\/div>\n<\/div>\n<\/div>\n<\/div>\n<\/div>\n<\/div>\n<p>PILNAS PRODUKTO APRA\u0160YMAS IR DETALIAZACIJA<\/p>\n<p><a href=\"https:\/\/www.horomechanika.lt\/wp-content\/uploads\/2021\/03\/DM-DMC-Roll-DMC-Trex_disc-mower-range.pdf\">DM-DMC Roll-DMC Trex_disc mower range<\/a><\/p>\n<p><iframe loading=\"lazy\" title=\"ENOROSSI TREX CP\" width=\"895\" height=\"503\" src=\"https:\/\/www.youtube.com\/embed\/0cogslFM45I?feature=oembed\" frameborder=\"0\" allow=\"accelerometer; autoplay; clipboard-write; encrypted-media; gyroscope; picture-in-picture\" allowfullscreen><\/iframe><\/p>\n<p>&nbsp;<\/p>","protected":false},"excerpt":{"rendered":"<p>Prikabinama diskin\u0117 \u0161ienapjov\u0117 DM TREX CP \u201eEnorossi\u201c pasaulinis \u017eem\u0117s \u016bkio ma\u0161in\u0173 gamybos lyderis. S\u0117kmingai dirba daugiau nei 50 met\u0173, aistringai gamindami savo ma\u0161inas, siekdami u\u017etikrinti maksimal\u0173 pelningum\u0105 \u016bkiams kiekviename pasaulio kampelyje. Visuotin\u0117 vizija leid\u017eia patenkinti specifinius klient\u0173 poreikius. \u0160ienapjovi\u0173 konstrukcija bei gamybos standartai garantuoja ilgaam\u017ei\u0161kum\u0105 ir patikim\u0105 darb\u0105 \u201eConditioner\u201c serija Prikabinama diskin\u0117 \u0161ienapjov\u0117 DM TREX CP<strong>\u00a0<\/strong>. gr\u0105\u017eul\u0105 galima hidrauli\u0161kai perkelti tiek \u012f kair\u0117 ar de\u0161in\u0119 pus\u0119, o blokuojantis vo\u017etuvas u\u017etikrina saugi\u0105 fiksavimo sistem\u0105. Galima rinktis tarp modeli\u0173 be kondicionieriaus, \u201eFLAX\u201c modeli\u0173 su peili\u0173 kondicionieriumi ir \u201eROLL\u201c modeli\u0173 su ritininiu kondicionieriumi. Puiki\u0105 pjovimo kokyb\u0119 u\u017etikrina \u201eEnocut\u201c pjovimo juost\u0173 sistema. Standartiniai ratai 340 \/ 55-16 12PR ir dviguba plataus kampo kardaninio veleno transmisija.<\/p>","protected":false},"featured_media":12679,"comment_status":"open","ping_status":"closed","template":"","meta":[],"product_cat":[143],"product_tag":[244,246,247],"class_list":["post-12658","product","type-product","status-publish","has-post-thumbnail","hentry","product_cat-sienapjoves","product_tag-sienapjove","product_tag-diskine-sienapjove","product_tag-prikabinama-diskine-sienapjove"],"yoast_head":"<!-- This site is optimized with the Yoast SEO plugin v20.1 - https:\/\/yoast.com\/wordpress\/plugins\/seo\/ -->\n<title>Prikabinama diskin\u0117 \u0161ienapjov\u0117 DM TREX CP | Horomechanika<\/title>\n<meta name=\"description\" content=\"Horomechanika Prikabinama diskin\u0117 \u0161ienapjov\u0117 DM TREX CP | Prikabinama diskin\u0117 \u0161ienapjov\u0117 Prikabinama diskin\u0117 \u0161ienapjov\u0117 DM TREX CP\" \/>\n<meta name=\"robots\" content=\"index, follow, max-snippet:-1, max-image-preview:large, max-video-preview:-1\" \/>\n<link rel=\"canonical\" href=\"https:\/\/www.horomechanika.lt\/ru\/product\/prikabinama-diskine-sienapjove-dm-trex-cp\/\" \/>\n<meta property=\"og:locale\" content=\"ru_RU\" \/>\n<meta property=\"og:type\" content=\"article\" \/>\n<meta property=\"og:title\" content=\"Prikabinama diskin\u0117 \u0161ienapjov\u0117 DM TREX CP | Horomechanika\" \/>\n<meta property=\"og:description\" content=\"Horomechanika Prikabinama diskin\u0117 \u0161ienapjov\u0117 DM TREX CP | Prikabinama diskin\u0117 \u0161ienapjov\u0117 Prikabinama diskin\u0117 \u0161ienapjov\u0117 DM TREX CP\" \/>\n<meta property=\"og:url\" content=\"https:\/\/www.horomechanika.lt\/ru\/product\/prikabinama-diskine-sienapjove-dm-trex-cp\/\" \/>\n<meta property=\"og:site_name\" content=\"Horomechanika\" \/>\n<meta property=\"article:publisher\" content=\"https:\/\/www.facebook.com\/UAB-Horo-mechanika-177091812471952\" \/>\n<meta property=\"article:modified_time\" content=\"2022-05-19T09:07:58+00:00\" \/>\n<meta property=\"og:image\" content=\"https:\/\/www.horomechanika.lt\/wp-content\/uploads\/2021\/03\/dcm-CP-1-scaled.jpg\" \/>\n\t<meta property=\"og:image:width\" content=\"2560\" \/>\n\t<meta property=\"og:image:height\" content=\"1496\" \/>\n\t<meta property=\"og:image:type\" content=\"image\/jpeg\" \/>\n<meta name=\"twitter:card\" content=\"summary_large_image\" \/>\n<meta name=\"twitter:label1\" content=\"\u041f\u0440\u0438\u043c\u0435\u0440\u043d\u043e\u0435 \u0432\u0440\u0435\u043c\u044f \u0434\u043b\u044f \u0447\u0442\u0435\u043d\u0438\u044f\" \/>\n\t<meta name=\"twitter:data1\" content=\"2 \u043c\u0438\u043d\u0443\u0442\u044b\" \/>\n<script type=\"application\/ld+json\" class=\"yoast-schema-graph\">{\"@context\":\"https:\/\/schema.org\",\"@graph\":[{\"@type\":\"WebPage\",\"@id\":\"https:\/\/www.horomechanika.lt\/product\/prikabinama-diskine-sienapjove-dm-trex-cp\/\",\"url\":\"https:\/\/www.horomechanika.lt\/product\/prikabinama-diskine-sienapjove-dm-trex-cp\/\",\"name\":\"Prikabinama diskin\u0117 \u0161ienapjov\u0117 DM TREX CP | Horomechanika\",\"isPartOf\":{\"@id\":\"https:\/\/www.horomechanika.lt\/#website\"},\"datePublished\":\"2021-03-29T10:32:56+00:00\",\"dateModified\":\"2022-05-19T09:07:58+00:00\",\"description\":\"Horomechanika Prikabinama diskin\u0117 \u0161ienapjov\u0117 DM TREX CP | Prikabinama diskin\u0117 \u0161ienapjov\u0117 Prikabinama diskin\u0117 \u0161ienapjov\u0117 DM TREX CP\",\"breadcrumb\":{\"@id\":\"https:\/\/www.horomechanika.lt\/product\/prikabinama-diskine-sienapjove-dm-trex-cp\/#breadcrumb\"},\"inLanguage\":\"ru-RU\",\"potentialAction\":[{\"@type\":\"ReadAction\",\"target\":[\"https:\/\/www.horomechanika.lt\/product\/prikabinama-diskine-sienapjove-dm-trex-cp\/\"]}]},{\"@type\":\"BreadcrumbList\",\"@id\":\"https:\/\/www.horomechanika.lt\/product\/prikabinama-diskine-sienapjove-dm-trex-cp\/#breadcrumb\",\"itemListElement\":[{\"@type\":\"ListItem\",\"position\":1,\"name\":\"Home\",\"item\":\"https:\/\/www.horomechanika.lt\/\"},{\"@type\":\"ListItem\",\"position\":2,\"name\":\"Shop\",\"item\":\"https:\/\/www.horomechanika.lt\/ru\/shop-2\/\"},{\"@type\":\"ListItem\",\"position\":3,\"name\":\"Prikabinama diskin\u0117 \u0161ienapjov\u0117 DM TREX CP\"}]},{\"@type\":\"WebSite\",\"@id\":\"https:\/\/www.horomechanika.lt\/#website\",\"url\":\"https:\/\/www.horomechanika.lt\/\",\"name\":\"Horomechanika\",\"description\":\"\u017dem\u0117s \u016akio Technika\",\"publisher\":{\"@id\":\"https:\/\/www.horomechanika.lt\/#organization\"},\"potentialAction\":[{\"@type\":\"SearchAction\",\"target\":{\"@type\":\"EntryPoint\",\"urlTemplate\":\"https:\/\/www.horomechanika.lt\/?s={search_term_string}\"},\"query-input\":\"required name=search_term_string\"}],\"inLanguage\":\"ru-RU\"},{\"@type\":\"Organization\",\"@id\":\"https:\/\/www.horomechanika.lt\/#organization\",\"name\":\"UAB \\\"Horo mechanika\\\"\",\"url\":\"https:\/\/www.horomechanika.lt\/\",\"logo\":{\"@type\":\"ImageObject\",\"inLanguage\":\"ru-RU\",\"@id\":\"https:\/\/www.horomechanika.lt\/#\/schema\/logo\/image\/\",\"url\":\"https:\/\/www.horomechanika.lt\/wp-content\/uploads\/2020\/05\/horomechanika-logo.png\",\"contentUrl\":\"https:\/\/www.horomechanika.lt\/wp-content\/uploads\/2020\/05\/horomechanika-logo.png\",\"width\":137,\"height\":56,\"caption\":\"UAB \\\"Horo mechanika\\\"\"},\"image\":{\"@id\":\"https:\/\/www.horomechanika.lt\/#\/schema\/logo\/image\/\"},\"sameAs\":[\"https:\/\/www.facebook.com\/UAB-Horo-mechanika-177091812471952\"]}]}<\/script>\n<!-- \/ Yoast SEO plugin. -->","yoast_head_json":{"title":"Prikabinama diskin\u0117 \u0161ienapjov\u0117 DM TREX CP | Horomechanika","description":"Horomechanika Prikabinama diskin\u0117 \u0161ienapjov\u0117 DM TREX CP | Prikabinama diskin\u0117 \u0161ienapjov\u0117 Prikabinama diskin\u0117 \u0161ienapjov\u0117 DM TREX CP","robots":{"index":"index","follow":"follow","max-snippet":"max-snippet:-1","max-image-preview":"max-image-preview:large","max-video-preview":"max-video-preview:-1"},"canonical":"https:\/\/www.horomechanika.lt\/ru\/product\/prikabinama-diskine-sienapjove-dm-trex-cp\/","og_locale":"ru_RU","og_type":"article","og_title":"Prikabinama diskin\u0117 \u0161ienapjov\u0117 DM TREX CP | Horomechanika","og_description":"Horomechanika Prikabinama diskin\u0117 \u0161ienapjov\u0117 DM TREX CP | Prikabinama diskin\u0117 \u0161ienapjov\u0117 Prikabinama diskin\u0117 \u0161ienapjov\u0117 DM TREX CP","og_url":"https:\/\/www.horomechanika.lt\/ru\/product\/prikabinama-diskine-sienapjove-dm-trex-cp\/","og_site_name":"Horomechanika","article_publisher":"https:\/\/www.facebook.com\/UAB-Horo-mechanika-177091812471952","article_modified_time":"2022-05-19T09:07:58+00:00","og_image":[{"width":2560,"height":1496,"url":"https:\/\/www.horomechanika.lt\/wp-content\/uploads\/2021\/03\/dcm-CP-1-scaled.jpg","type":"image\/jpeg"}],"twitter_card":"summary_large_image","twitter_misc":{"\u041f\u0440\u0438\u043c\u0435\u0440\u043d\u043e\u0435 \u0432\u0440\u0435\u043c\u044f \u0434\u043b\u044f \u0447\u0442\u0435\u043d\u0438\u044f":"2 \u043c\u0438\u043d\u0443\u0442\u044b"},"schema":{"@context":"https:\/\/schema.org","@graph":[{"@type":"WebPage","@id":"https:\/\/www.horomechanika.lt\/product\/prikabinama-diskine-sienapjove-dm-trex-cp\/","url":"https:\/\/www.horomechanika.lt\/product\/prikabinama-diskine-sienapjove-dm-trex-cp\/","name":"Prikabinama diskin\u0117 \u0161ienapjov\u0117 DM TREX CP | Horomechanika","isPartOf":{"@id":"https:\/\/www.horomechanika.lt\/#website"},"datePublished":"2021-03-29T10:32:56+00:00","dateModified":"2022-05-19T09:07:58+00:00","description":"Horomechanika Prikabinama diskin\u0117 \u0161ienapjov\u0117 DM TREX CP | Prikabinama diskin\u0117 \u0161ienapjov\u0117 Prikabinama diskin\u0117 \u0161ienapjov\u0117 DM TREX CP","breadcrumb":{"@id":"https:\/\/www.horomechanika.lt\/product\/prikabinama-diskine-sienapjove-dm-trex-cp\/#breadcrumb"},"inLanguage":"ru-RU","potentialAction":[{"@type":"ReadAction","target":["https:\/\/www.horomechanika.lt\/product\/prikabinama-diskine-sienapjove-dm-trex-cp\/"]}]},{"@type":"BreadcrumbList","@id":"https:\/\/www.horomechanika.lt\/product\/prikabinama-diskine-sienapjove-dm-trex-cp\/#breadcrumb","itemListElement":[{"@type":"ListItem","position":1,"name":"Home","item":"https:\/\/www.horomechanika.lt\/"},{"@type":"ListItem","position":2,"name":"Shop","item":"https:\/\/www.horomechanika.lt\/ru\/shop-2\/"},{"@type":"ListItem","position":3,"name":"Prikabinama diskin\u0117 \u0161ienapjov\u0117 DM TREX CP"}]},{"@type":"WebSite","@id":"https:\/\/www.horomechanika.lt\/#website","url":"https:\/\/www.horomechanika.lt\/","name":"Horomechanika","description":"\u017dem\u0117s \u016akio Technika","publisher":{"@id":"https:\/\/www.horomechanika.lt\/#organization"},"potentialAction":[{"@type":"SearchAction","target":{"@type":"EntryPoint","urlTemplate":"https:\/\/www.horomechanika.lt\/?s={search_term_string}"},"query-input":"required name=search_term_string"}],"inLanguage":"ru-RU"},{"@type":"Organization","@id":"https:\/\/www.horomechanika.lt\/#organization","name":"UAB \"Horo mechanika\"","url":"https:\/\/www.horomechanika.lt\/","logo":{"@type":"ImageObject","inLanguage":"ru-RU","@id":"https:\/\/www.horomechanika.lt\/#\/schema\/logo\/image\/","url":"https:\/\/www.horomechanika.lt\/wp-content\/uploads\/2020\/05\/horomechanika-logo.png","contentUrl":"https:\/\/www.horomechanika.lt\/wp-content\/uploads\/2020\/05\/horomechanika-logo.png","width":137,"height":56,"caption":"UAB \"Horo mechanika\""},"image":{"@id":"https:\/\/www.horomechanika.lt\/#\/schema\/logo\/image\/"},"sameAs":["https:\/\/www.facebook.com\/UAB-Horo-mechanika-177091812471952"]}]}},"_links":{"self":[{"href":"https:\/\/www.horomechanika.lt\/ru\/wp-json\/wp\/v2\/product\/12658","targetHints":{"allow":["GET"]}}],"collection":[{"href":"https:\/\/www.horomechanika.lt\/ru\/wp-json\/wp\/v2\/product"}],"about":[{"href":"https:\/\/www.horomechanika.lt\/ru\/wp-json\/wp\/v2\/types\/product"}],"replies":[{"embeddable":true,"href":"https:\/\/www.horomechanika.lt\/ru\/wp-json\/wp\/v2\/comments?post=12658"}],"wp:featuredmedia":[{"embeddable":true,"href":"https:\/\/www.horomechanika.lt\/ru\/wp-json\/wp\/v2\/media\/12679"}],"wp:attachment":[{"href":"https:\/\/www.horomechanika.lt\/ru\/wp-json\/wp\/v2\/media?parent=12658"}],"wp:term":[{"taxonomy":"product_cat","embeddable":true,"href":"https:\/\/www.horomechanika.lt\/ru\/wp-json\/wp\/v2\/product_cat?post=12658"},{"taxonomy":"product_tag","embeddable":true,"href":"https:\/\/www.horomechanika.lt\/ru\/wp-json\/wp\/v2\/product_tag?post=12658"}],"curies":[{"name":"wp","href":"https:\/\/api.w.org\/{rel}","templated":true}]}}