{"id":12670,"date":"2021-04-01T10:14:00","date_gmt":"2021-04-01T07:14:00","guid":{"rendered":"https:\/\/www.horomechanika.lt\/?post_type=product&#038;p=12670"},"modified":"2022-05-19T11:59:24","modified_gmt":"2022-05-19T08:59:24","slug":"pakabinama-diskine-sienapjove-dm","status":"publish","type":"product","link":"https:\/\/www.horomechanika.lt\/ru\/product\/pakabinama-diskine-sienapjove-dm\/","title":{"rendered":"Pakabinama diskin\u0117 \u0161ienapjov\u0117 DM"},"content":{"rendered":"<div class=\"row\">\n<div class=\"wpb_column vc_column_container col-sm-9 vc_col-sm-9 col-lg-9 vc_col-lg-9\">\n<div class=\"vc_column-inner\">\n<div class=\"wpb_wrapper\">\n<div class=\"wpb_text_column wpb_content_element\">\n<div class=\"wpb_wrapper\">\n<p style=\"font-weight: 400;\">Pakabinama diskin\u0117 \u0161ienapjov\u0117 DM gale montuojama diskin\u0117 \u0161ienapjov\u0117 su hidrauliniu pak\u0117limu, automatine apsaugos sistema, apsaugan\u010dia pjaunamosios stal\u0105 nuo bet koki\u0173 kli\u016b\u010di\u0173, komplektuojama su laisvos eigos kardaniniu velenu, apsauginiu tentu, pradalg\u0117s disku ir automatiniu apsauginiu atsilenkimu. ENOCUT pjovimo juosta i\u0161 auk\u0161\u010diausios kokyb\u0117s plieno, pagaminta pagal Enorossi patentuot\u0105 sistem\u0105.<\/p>\n<p style=\"font-weight: 400;\">Automatinis hidraulinis apvertimas, leid\u017eiantis apsaugoti vel\u0117n\u0105:<\/p>\n<p style=\"font-weight: 400;\">Pakabinama diskin\u0117 \u0161ienapjov\u0117 DM ENOROSSI k\u0117limo technologija yra to garantija. Kai \u0161ienapjov\u0117 nuleid\u017eiama, ji visada pirmiausia deda ant \u017eem\u0117s i\u0161orin\u0119 dal\u012f, o galulauk\u0117je pirmiausia pakeliama vidin\u0117 dalis. Taigi \u017eolynas gali b\u016bti maksimaliai apsaugotas. K\u0117limas vyksta per vieno veikimo hidraulin\u012f cilindr\u0105 Per\u0117jimas i\u0161 darbin\u0117s pad\u0117ties \u012f transportavimo pad\u0117t\u012f atliekamas lengvai, neapver\u010diant apsaugos, tod\u0117l nereikia i\u0161lipti i\u0161 traktoriaus.<\/p>\n<p style=\"font-weight: 400;\">Pjovimo juosta ENOCUT yra speciali sistema, specialiai sukurta visoms ENOROSSI \u0161ienapjovi\u0173 asortimento pjovimo juostoms. Tai leid\u017eia greitai ir \u0161variai pjauti \u012fvairiomis s\u0105lygomis. Prie \u0161ios sistemos yra specialiai pritaikytas ir Peilio profilis \u00a0\u0161variam ir tiksliam pjovimui.<\/p>\n<p style=\"font-weight: 400;\">Visuose pakabinam\u0173 \u0161ienapjovi\u0173 modeliuose pjaunamosios stalas prisitaiko prie \u017eem\u0117s nuolyd\u017eio, + 40<sup>o<\/sup> ir \u2013 30<sup>o<\/sup> \u00a0tod\u0117l pjovimo darbus galima atlikti net ir sud\u0117tingomis dirvos pavir\u0161iaus s\u0105lygomis.<\/p>\n<p style=\"font-weight: 400;\">\u0160IENAPJOV\u0116S PRANA\u0160UMAI:<\/p>\n<ul>\n<li>Paprasta naudoti ir efektyvu naudoti su vidutinio dyd\u017eio traktoriumi<\/li>\n<li>Auk\u0161tos kokyb\u0117s pjovimo juosta ENOCUT<\/li>\n<li>Maksimalus disk\u0173 persidengimas, u\u017etikrinantis visi\u0161k\u0105 valym\u0105 bet kokiomis s\u0105lygomis<\/li>\n<li>Suapvalintas dantra\u010di\u0173 profilis suma\u017eina triuk\u0161m\u0105 ir temperat\u016bros padid\u0117jim\u0105<\/li>\n<li>Pava\u017eos pagamintos i\u0161 gr\u016bdinto plieno, jos yra nusid\u0117v\u0117jimui atsparios kuri\u0173 pagalba apsaugo pjaunamosios stal\u0105 ir u\u017etikrina maksimal\u0173 patvarum\u0105.<\/li>\n<li>Greitas peilio keitimas (pasirinktinai)<\/li>\n<li>Greitais apsisukimas galulauk\u0117se, d\u0117ka hidraulinio pak\u0117limo<\/li>\n<li>amortizacija<\/li>\n<li>apsaugos sistema nuo sm\u016bgi\u0173<\/li>\n<li>\u0160onin\u0117 pjovimo galvos amortizacija<\/li>\n<li>Plau\u0161intuvas reguliuoja nu\u0161ienautos \u017eol\u0117s plot\u012f ir greitina d\u017ei\u016bvim\u0105.<\/li>\n<\/ul>\n<\/div>\n<\/div>\n<\/div>\n<\/div>\n<\/div>\n<\/div>\n<p>PILNAS PRODUKTO KATALOGAS IR APRA\u0160YMAS<\/p>\n<p><a href=\"https:\/\/www.horomechanika.lt\/wp-content\/uploads\/2021\/04\/DM-DMC-ROLL-ENOSTORM-300-SIANAPJOVES.pdf\">DM &#8211; DMC ROLL &#8211; ENOSTORM 300 \u0160IANAPJOV\u0116S<\/a><\/p>\n<p><iframe loading=\"lazy\" title=\"ENOROSSI DM Mower\" width=\"895\" height=\"503\" src=\"https:\/\/www.youtube.com\/embed\/Zo07V82wWjU?feature=oembed\" frameborder=\"0\" allow=\"accelerometer; autoplay; clipboard-write; encrypted-media; gyroscope; picture-in-picture\" allowfullscreen><\/iframe><\/p>","protected":false},"excerpt":{"rendered":"<p>Pakabinama diskin\u0117 \u0161ienapjov\u0117 DM<\/p>\n<table border=\"1\" width=\"100%\">\n<tbody>\n<tr>\n<td><strong>Modelis<\/strong><\/td>\n<td>\n<p class=\"p1\"><strong>Diskai<\/strong><\/p>\n<\/td>\n<td>\n<p class=\"p1\"><strong>Pjovimo plotis<\/strong><\/p>\n<\/td>\n<td><strong>Darbo greitis<\/strong><\/td>\n<td>\n<p class=\"p1\"><strong>Peiliukai diskui<\/strong><\/p>\n<\/td>\n<td><strong>Rpm<\/strong><\/td>\n<td><strong>Hp<\/strong><\/td>\n<td><strong>Svoris<\/strong><\/td>\n<\/tr>\n<tr>\n<td><strong>DM 4<\/strong><\/td>\n<td>\u00a04<\/td>\n<td>167 cm. \/ 5,5 p\u0117dos.<\/td>\n<td>10-14 km\/h \/ 6-9 Mph<\/td>\n<td>\u00a02<\/td>\n<td>540 aps.\/min.<\/td>\n<td>\n<p class=\"p1\">50 AG<\/p>\n<\/td>\n<td>420 kg. \/ 925 lbs.<\/td>\n<\/tr>\n<tr>\n<td><strong>DM 4 3C<\/strong><\/td>\n<td>4<\/td>\n<td>167 cm. \/ 5,5 p\u0117dos.<\/td>\n<td>10-14 km\/h \/ 6-9 Mph<\/td>\n<td>3<\/td>\n<td>540 aps.\/min.<\/td>\n<td>\n<p class=\"p1\">50 AG<\/p>\n<\/td>\n<td>420 kg. \/ 925 lbs.<\/td>\n<\/tr>\n<tr>\n<td><strong>DM 5<\/strong><\/td>\n<td>5<\/td>\n<td>205 cm. \/ 6,2 p\u0117dos.<\/td>\n<td>10-14 km\/h \/ 6-9 Mph<\/td>\n<td>\u00a02<\/td>\n<td>540 aps.\/min.<\/td>\n<td>50 \u2013 60 AG<\/td>\n<td>460 Kg. \/ 1014 Lbs.<\/td>\n<\/tr>\n<tr>\n<td><strong>\u00a0DM 6<\/strong><\/td>\n<td>\u00a06<\/td>\n<td>245 cm. \/ 8 p\u0117dos.<\/td>\n<td>\u00a010-14 km\/h \/ 6-9 Mph<\/td>\n<td>\u00a02<\/td>\n<td>540 aps.\/min.<\/td>\n<td>50 \u2013 60 AG<\/td>\n<td>500 kg. \/ 1103 lbs.<\/td>\n<\/tr>\n<tr>\n<td><strong>\u00a0DM 6 3C<\/strong><\/td>\n<td>\u00a06<\/td>\n<td>245 cm. \/ 8 p\u0117dos.<\/td>\n<td>10-14 km\/h \/ 6-9 Mph<\/td>\n<td>3<\/td>\n<td>540 aps.\/min.<\/td>\n<td>50 \u2013 60 AG<\/td>\n<td>500 kg. \/ 1103 lbs.<\/td>\n<\/tr>\n<tr>\n<td><strong>\u00a0DM 7<\/strong><\/td>\n<td>\u00a07<\/td>\n<td>280 cm. \/ 9,2 p\u0117dos.<\/td>\n<td>\u00a010-14 km\/h \/ 6-9 Mph<\/td>\n<td>\u00a02<\/td>\n<td>540 aps.\/min.<\/td>\n<td>70 \u2013 80 AG<\/td>\n<td>\u00a0640 Kg. \/ 1411 Lbs.<\/td>\n<\/tr>\n<tr>\n<td><strong>\u00a0DM 8<\/strong><\/td>\n<td>8<\/td>\n<td>320 cm. \/ 10,5 p\u0117d\u0173.<\/td>\n<td>10-14 km\/h \/ 6-9 Mph<\/td>\n<td>2<\/td>\n<td>540 aps.\/min.<\/td>\n<td>80 \u2013 90 AG<\/td>\n<td>690 kg. \/ 1522 lbs.<\/td>\n<\/tr>\n<tr>\n<td><strong>\u00a0DM 8 3C<\/strong><\/td>\n<td>\u00a08<\/td>\n<td>320 cm. \/ 10,5 p\u0117d\u0173.<\/td>\n<td>\u00a010-14 km\/h \/ 6-9 Mph<\/td>\n<td>\u00a03<\/td>\n<td>540 aps.\/min.<\/td>\n<td>80 \u2013 90 AG<\/td>\n<td>690 kg. \/ 1522 lbs.<\/td>\n<\/tr>\n<\/tbody>\n<\/table>","protected":false},"featured_media":12685,"comment_status":"open","ping_status":"closed","template":"","meta":[],"product_cat":[143],"product_tag":[245,246],"class_list":["post-12670","product","type-product","status-publish","has-post-thumbnail","hentry","product_cat-sienapjoves","product_tag-pakabinama-diskine-sienapjove","product_tag-diskine-sienapjove"],"yoast_head":"<!-- This site is optimized with the Yoast SEO plugin v20.1 - https:\/\/yoast.com\/wordpress\/plugins\/seo\/ -->\n<title>Pakabinama diskin\u0117 \u0161ienapjov\u0117 DM | Horomechanika<\/title>\n<meta name=\"description\" content=\"Pakabinama diskin\u0117 \u0161ienapjov\u0117 Pakabinama diskin\u0117 \u0161ienapjov\u0117 DM | Horomechanika Pakabinama diskin\u0117 \u0161ienapjov\u0117 DM\" \/>\n<meta name=\"robots\" content=\"index, follow, max-snippet:-1, max-image-preview:large, max-video-preview:-1\" \/>\n<link rel=\"canonical\" href=\"https:\/\/www.horomechanika.lt\/ru\/product\/pakabinama-diskine-sienapjove-dm\/\" \/>\n<meta property=\"og:locale\" content=\"ru_RU\" \/>\n<meta property=\"og:type\" content=\"article\" \/>\n<meta property=\"og:title\" content=\"Pakabinama diskin\u0117 \u0161ienapjov\u0117 DM | Horomechanika\" \/>\n<meta property=\"og:description\" content=\"Pakabinama diskin\u0117 \u0161ienapjov\u0117 Pakabinama diskin\u0117 \u0161ienapjov\u0117 DM | Horomechanika Pakabinama diskin\u0117 \u0161ienapjov\u0117 DM\" \/>\n<meta property=\"og:url\" content=\"https:\/\/www.horomechanika.lt\/ru\/product\/pakabinama-diskine-sienapjove-dm\/\" \/>\n<meta property=\"og:site_name\" content=\"Horomechanika\" \/>\n<meta property=\"article:publisher\" content=\"https:\/\/www.facebook.com\/UAB-Horo-mechanika-177091812471952\" \/>\n<meta property=\"article:modified_time\" content=\"2022-05-19T08:59:24+00:00\" \/>\n<meta property=\"og:image\" content=\"https:\/\/www.horomechanika.lt\/wp-content\/uploads\/2021\/04\/DM-\u2013-kopija.jpg\" \/>\n\t<meta property=\"og:image:width\" content=\"1904\" \/>\n\t<meta property=\"og:image:height\" content=\"1268\" \/>\n\t<meta property=\"og:image:type\" content=\"image\/jpeg\" \/>\n<meta name=\"twitter:card\" content=\"summary_large_image\" \/>\n<meta name=\"twitter:label1\" content=\"\u041f\u0440\u0438\u043c\u0435\u0440\u043d\u043e\u0435 \u0432\u0440\u0435\u043c\u044f \u0434\u043b\u044f \u0447\u0442\u0435\u043d\u0438\u044f\" \/>\n\t<meta name=\"twitter:data1\" content=\"1 \u043c\u0438\u043d\u0443\u0442\u0430\" \/>\n<script type=\"application\/ld+json\" class=\"yoast-schema-graph\">{\"@context\":\"https:\/\/schema.org\",\"@graph\":[{\"@type\":\"WebPage\",\"@id\":\"https:\/\/www.horomechanika.lt\/product\/pakabinama-diskine-sienapjove-dm\/\",\"url\":\"https:\/\/www.horomechanika.lt\/product\/pakabinama-diskine-sienapjove-dm\/\",\"name\":\"Pakabinama diskin\u0117 \u0161ienapjov\u0117 DM | Horomechanika\",\"isPartOf\":{\"@id\":\"https:\/\/www.horomechanika.lt\/#website\"},\"datePublished\":\"2021-04-01T07:14:00+00:00\",\"dateModified\":\"2022-05-19T08:59:24+00:00\",\"description\":\"Pakabinama diskin\u0117 \u0161ienapjov\u0117 Pakabinama diskin\u0117 \u0161ienapjov\u0117 DM | Horomechanika Pakabinama diskin\u0117 \u0161ienapjov\u0117 DM\",\"breadcrumb\":{\"@id\":\"https:\/\/www.horomechanika.lt\/product\/pakabinama-diskine-sienapjove-dm\/#breadcrumb\"},\"inLanguage\":\"ru-RU\",\"potentialAction\":[{\"@type\":\"ReadAction\",\"target\":[\"https:\/\/www.horomechanika.lt\/product\/pakabinama-diskine-sienapjove-dm\/\"]}]},{\"@type\":\"BreadcrumbList\",\"@id\":\"https:\/\/www.horomechanika.lt\/product\/pakabinama-diskine-sienapjove-dm\/#breadcrumb\",\"itemListElement\":[{\"@type\":\"ListItem\",\"position\":1,\"name\":\"Home\",\"item\":\"https:\/\/www.horomechanika.lt\/\"},{\"@type\":\"ListItem\",\"position\":2,\"name\":\"Shop\",\"item\":\"https:\/\/www.horomechanika.lt\/ru\/shop-2\/\"},{\"@type\":\"ListItem\",\"position\":3,\"name\":\"Pakabinama diskin\u0117 \u0161ienapjov\u0117 DM\"}]},{\"@type\":\"WebSite\",\"@id\":\"https:\/\/www.horomechanika.lt\/#website\",\"url\":\"https:\/\/www.horomechanika.lt\/\",\"name\":\"Horomechanika\",\"description\":\"\u017dem\u0117s \u016akio Technika\",\"publisher\":{\"@id\":\"https:\/\/www.horomechanika.lt\/#organization\"},\"potentialAction\":[{\"@type\":\"SearchAction\",\"target\":{\"@type\":\"EntryPoint\",\"urlTemplate\":\"https:\/\/www.horomechanika.lt\/?s={search_term_string}\"},\"query-input\":\"required name=search_term_string\"}],\"inLanguage\":\"ru-RU\"},{\"@type\":\"Organization\",\"@id\":\"https:\/\/www.horomechanika.lt\/#organization\",\"name\":\"UAB \\\"Horo mechanika\\\"\",\"url\":\"https:\/\/www.horomechanika.lt\/\",\"logo\":{\"@type\":\"ImageObject\",\"inLanguage\":\"ru-RU\",\"@id\":\"https:\/\/www.horomechanika.lt\/#\/schema\/logo\/image\/\",\"url\":\"https:\/\/www.horomechanika.lt\/wp-content\/uploads\/2020\/05\/horomechanika-logo.png\",\"contentUrl\":\"https:\/\/www.horomechanika.lt\/wp-content\/uploads\/2020\/05\/horomechanika-logo.png\",\"width\":137,\"height\":56,\"caption\":\"UAB \\\"Horo mechanika\\\"\"},\"image\":{\"@id\":\"https:\/\/www.horomechanika.lt\/#\/schema\/logo\/image\/\"},\"sameAs\":[\"https:\/\/www.facebook.com\/UAB-Horo-mechanika-177091812471952\"]}]}<\/script>\n<!-- \/ Yoast SEO plugin. -->","yoast_head_json":{"title":"Pakabinama diskin\u0117 \u0161ienapjov\u0117 DM | Horomechanika","description":"Pakabinama diskin\u0117 \u0161ienapjov\u0117 Pakabinama diskin\u0117 \u0161ienapjov\u0117 DM | Horomechanika Pakabinama diskin\u0117 \u0161ienapjov\u0117 DM","robots":{"index":"index","follow":"follow","max-snippet":"max-snippet:-1","max-image-preview":"max-image-preview:large","max-video-preview":"max-video-preview:-1"},"canonical":"https:\/\/www.horomechanika.lt\/ru\/product\/pakabinama-diskine-sienapjove-dm\/","og_locale":"ru_RU","og_type":"article","og_title":"Pakabinama diskin\u0117 \u0161ienapjov\u0117 DM | Horomechanika","og_description":"Pakabinama diskin\u0117 \u0161ienapjov\u0117 Pakabinama diskin\u0117 \u0161ienapjov\u0117 DM | Horomechanika Pakabinama diskin\u0117 \u0161ienapjov\u0117 DM","og_url":"https:\/\/www.horomechanika.lt\/ru\/product\/pakabinama-diskine-sienapjove-dm\/","og_site_name":"Horomechanika","article_publisher":"https:\/\/www.facebook.com\/UAB-Horo-mechanika-177091812471952","article_modified_time":"2022-05-19T08:59:24+00:00","og_image":[{"width":1904,"height":1268,"url":"https:\/\/www.horomechanika.lt\/wp-content\/uploads\/2021\/04\/DM-\u2013-kopija.jpg","type":"image\/jpeg"}],"twitter_card":"summary_large_image","twitter_misc":{"\u041f\u0440\u0438\u043c\u0435\u0440\u043d\u043e\u0435 \u0432\u0440\u0435\u043c\u044f \u0434\u043b\u044f \u0447\u0442\u0435\u043d\u0438\u044f":"1 \u043c\u0438\u043d\u0443\u0442\u0430"},"schema":{"@context":"https:\/\/schema.org","@graph":[{"@type":"WebPage","@id":"https:\/\/www.horomechanika.lt\/product\/pakabinama-diskine-sienapjove-dm\/","url":"https:\/\/www.horomechanika.lt\/product\/pakabinama-diskine-sienapjove-dm\/","name":"Pakabinama diskin\u0117 \u0161ienapjov\u0117 DM | Horomechanika","isPartOf":{"@id":"https:\/\/www.horomechanika.lt\/#website"},"datePublished":"2021-04-01T07:14:00+00:00","dateModified":"2022-05-19T08:59:24+00:00","description":"Pakabinama diskin\u0117 \u0161ienapjov\u0117 Pakabinama diskin\u0117 \u0161ienapjov\u0117 DM | Horomechanika Pakabinama diskin\u0117 \u0161ienapjov\u0117 DM","breadcrumb":{"@id":"https:\/\/www.horomechanika.lt\/product\/pakabinama-diskine-sienapjove-dm\/#breadcrumb"},"inLanguage":"ru-RU","potentialAction":[{"@type":"ReadAction","target":["https:\/\/www.horomechanika.lt\/product\/pakabinama-diskine-sienapjove-dm\/"]}]},{"@type":"BreadcrumbList","@id":"https:\/\/www.horomechanika.lt\/product\/pakabinama-diskine-sienapjove-dm\/#breadcrumb","itemListElement":[{"@type":"ListItem","position":1,"name":"Home","item":"https:\/\/www.horomechanika.lt\/"},{"@type":"ListItem","position":2,"name":"Shop","item":"https:\/\/www.horomechanika.lt\/ru\/shop-2\/"},{"@type":"ListItem","position":3,"name":"Pakabinama diskin\u0117 \u0161ienapjov\u0117 DM"}]},{"@type":"WebSite","@id":"https:\/\/www.horomechanika.lt\/#website","url":"https:\/\/www.horomechanika.lt\/","name":"Horomechanika","description":"\u017dem\u0117s \u016akio Technika","publisher":{"@id":"https:\/\/www.horomechanika.lt\/#organization"},"potentialAction":[{"@type":"SearchAction","target":{"@type":"EntryPoint","urlTemplate":"https:\/\/www.horomechanika.lt\/?s={search_term_string}"},"query-input":"required name=search_term_string"}],"inLanguage":"ru-RU"},{"@type":"Organization","@id":"https:\/\/www.horomechanika.lt\/#organization","name":"UAB \"Horo mechanika\"","url":"https:\/\/www.horomechanika.lt\/","logo":{"@type":"ImageObject","inLanguage":"ru-RU","@id":"https:\/\/www.horomechanika.lt\/#\/schema\/logo\/image\/","url":"https:\/\/www.horomechanika.lt\/wp-content\/uploads\/2020\/05\/horomechanika-logo.png","contentUrl":"https:\/\/www.horomechanika.lt\/wp-content\/uploads\/2020\/05\/horomechanika-logo.png","width":137,"height":56,"caption":"UAB \"Horo mechanika\""},"image":{"@id":"https:\/\/www.horomechanika.lt\/#\/schema\/logo\/image\/"},"sameAs":["https:\/\/www.facebook.com\/UAB-Horo-mechanika-177091812471952"]}]}},"_links":{"self":[{"href":"https:\/\/www.horomechanika.lt\/ru\/wp-json\/wp\/v2\/product\/12670","targetHints":{"allow":["GET"]}}],"collection":[{"href":"https:\/\/www.horomechanika.lt\/ru\/wp-json\/wp\/v2\/product"}],"about":[{"href":"https:\/\/www.horomechanika.lt\/ru\/wp-json\/wp\/v2\/types\/product"}],"replies":[{"embeddable":true,"href":"https:\/\/www.horomechanika.lt\/ru\/wp-json\/wp\/v2\/comments?post=12670"}],"wp:featuredmedia":[{"embeddable":true,"href":"https:\/\/www.horomechanika.lt\/ru\/wp-json\/wp\/v2\/media\/12685"}],"wp:attachment":[{"href":"https:\/\/www.horomechanika.lt\/ru\/wp-json\/wp\/v2\/media?parent=12670"}],"wp:term":[{"taxonomy":"product_cat","embeddable":true,"href":"https:\/\/www.horomechanika.lt\/ru\/wp-json\/wp\/v2\/product_cat?post=12670"},{"taxonomy":"product_tag","embeddable":true,"href":"https:\/\/www.horomechanika.lt\/ru\/wp-json\/wp\/v2\/product_tag?post=12670"}],"curies":[{"name":"wp","href":"https:\/\/api.w.org\/{rel}","templated":true}]}}