{"id":12682,"date":"2021-04-01T14:22:00","date_gmt":"2021-04-01T11:22:00","guid":{"rendered":"https:\/\/www.horomechanika.lt\/?post_type=product&#038;p=12682"},"modified":"2022-05-19T12:49:53","modified_gmt":"2022-05-19T09:49:53","slug":"prikabinama-diskine-sienapjove-dmc-trex-2","status":"publish","type":"product","link":"https:\/\/www.horomechanika.lt\/ru\/product\/prikabinama-diskine-sienapjove-dmc-trex-2\/","title":{"rendered":"Prikabinama diskin\u0117 \u0161ienapjov\u0117 DMC TREX"},"content":{"rendered":"<div class=\"row\">\n<div class=\"wpb_column vc_column_container col-sm-9 vc_col-sm-9 col-lg-9 vc_col-lg-9\">\n<div class=\"vc_column-inner\">\n<div class=\"wpb_wrapper\">\n<div class=\"wpb_text_column wpb_content_element\">\n<div class=\"wpb_wrapper\">\n<p style=\"font-weight: 400;\">Prikabinama diskin\u0117 \u0161ienapjov\u0117 DMC TREX gale montuojama diskin\u0117 \u0161ienapjov\u0117 su hidrauliniu pak\u0117limu, automatine apsaugos sistema, apsaugan\u010dia pjaunamosios stal\u0105 nuo bet koki\u0173 kli\u016b\u010di\u0173, komplektuojama su laisvos eigos kardaniniu velenu, apsauginiu tentu, pradalg\u0117s disku ir automatiniu apsauginiu atsilenkimu. ENOCUT pjovimo juosta i\u0161 auk\u0161\u010diausios kokyb\u0117s plieno, pagaminta pagal Enorossi patentuot\u0105 sistem\u0105.<\/p>\n<p style=\"font-weight: 400;\">Automatinis hidraulinis apvertimas, leid\u017eiantis apsaugoti vel\u0117n\u0105:<\/p>\n<p style=\"font-weight: 400;\">Prikabinama diskin\u0117 \u0161ienapjov\u0117 DMC TREX \u0161onin\u0117 su gr\u0105\u017eulu yra pagrindin\u0117 m\u016bs\u0173 DMC TREX serijos traukiam\u0173j\u0173 diskini\u0173 vejapjovi\u0173 su kondicionieriumi savyb\u0117. Gr\u0105\u017eulas gali b\u016bti perjungtas hidrauli\u0161kai, o bloko vo\u017etuvas u\u017etikrina patikim\u0105 fiksavimo sistem\u0105. Galima rinktis modelius be kondicionieriaus, FLAX modelius su peiliu kondicionieriumi ir ROLL modelius su voleliu. Puiki\u0105 pjovimo kokyb\u0119 u\u017etikrina Enocut pjovimo juost\u0173 sistema. Standartin\u0117s padangos 340\/55-16 12PR ir antra plataus veikimo kardaninio veleno transmisija.<\/p>\n<p style=\"font-weight: 400;\">Pjovimo juosta ENOCUT yra speciali sistema, specialiai sukurta visoms ENOROSSI \u0161ienapjovi\u0173 asortimento pjovimo juostoms. Tai leid\u017eia greitai ir \u0161variai pjauti \u012fvairiomis s\u0105lygomis. Prie \u0161ios sistemos yra specialiai pritaikytas ir Peilio profilis \u00a0\u0161variam ir tiksliam pjovimui.<\/p>\n<p style=\"font-weight: 400;\">Visuose pakabinam\u0173 \u0161ienapjovi\u0173 modeliuose pjaunamosios stalas prisitaiko prie \u017eem\u0117s nuolyd\u017eio, + 40<sup>o<\/sup> ir \u2013 30<sup>o<\/sup> \u00a0tod\u0117l pjovimo darbus galima atlikti net ir sud\u0117tingomis dirvos pavir\u0161iaus s\u0105lygomis.<\/p>\n<p style=\"font-weight: 400;\">\u0160IENAPJOV\u0116S PRANA\u0160UMAI:<\/p>\n<ul>\n<li>Paprasta naudoti ir efektyvu naudoti su vidutinio dyd\u017eio traktoriumi<\/li>\n<li>Auk\u0161tos kokyb\u0117s pjovimo juosta ENOCUT<\/li>\n<li>Maksimalus disk\u0173 persidengimas, u\u017etikrinantis visi\u0161k\u0105 valym\u0105 bet kokiomis s\u0105lygomis<\/li>\n<li>Suapvalintas dantra\u010di\u0173 profilis suma\u017eina triuk\u0161m\u0105 ir temperat\u016bros padid\u0117jim\u0105<\/li>\n<li>Pava\u017eos pagamintos i\u0161 gr\u016bdinto plieno, jos yra nusid\u0117v\u0117jimui atsparios kuri\u0173 pagalba apsaugo pjaunamosios stal\u0105 ir u\u017etikrina maksimal\u0173 patvarum\u0105.<\/li>\n<li>Greitas peilio keitimas (pasirinktinai)<\/li>\n<li>Greitais apsisukimas galulauk\u0117se, d\u0117ka hidraulinio pak\u0117limo<\/li>\n<li>amortizacija<\/li>\n<li>apsaugos sistema nuo sm\u016bgi\u0173<\/li>\n<li>\u0160onin\u0117 pjovimo galvos amortizacija<\/li>\n<li>Plau\u0161intuvas reguliuoja nu\u0161ienautos \u017eol\u0117s plot\u012f ir greitina d\u017ei\u016bvim\u0105.<\/li>\n<\/ul>\n<\/div>\n<p>PILNAS PRODUKTO KATALOGAS IR APRA\u0160YMAS Prikabinama diskin\u0117 \u0161ienapjov\u0117 DMC TREX<\/p><\/div>\n<\/div>\n<\/div>\n<\/div>\n<\/div>\n<p><a href=\"https:\/\/www.enorossi.it\/wp-content\/uploads\/2020\/10\/FALCIATRICI_TRAINATE_2020_ENG-FRA.pdf\">FALCIATRICI_TRAINATE_2020_ENG-FRA.pdf (enorossi.it)<\/a><\/p>","protected":false},"excerpt":{"rendered":"<div class=\"row\">\n<div class=\"wpb_column vc_column_container col-sm-9 vc_col-sm-9 col-lg-9 vc_col-lg-9\">\n<div class=\"vc_column-inner\">\n<div class=\"wpb_wrapper\">\n<div class=\"wpb_text_column wpb_content_element\">\n<table border=\"1\" width=\"100%\">\n<tbody>\n<tr>\n<td><strong>Modelis<\/strong><\/td>\n<td>\n<p class=\"p1\"><strong>Disk\u0173 skai\u010dius<\/strong><\/p>\n<\/td>\n<td><strong>Darbinis plotis<\/strong><\/td>\n<td>\n<p class=\"p1\"><strong>Kondicionieriaus tipas<\/strong><\/p>\n<\/td>\n<td><strong>AG<\/strong><\/td>\n<td><strong>Svoris<\/strong><\/td>\n<\/tr>\n<tr>\n<td><strong>DMC TREX 250\u00a0 Volas<\/strong><\/td>\n<td>6<\/td>\n<td>245 cm. \/ 7,8 p\u0117dos.<\/td>\n<td>Volas<\/td>\n<td>90-100 AG<\/td>\n<td>1650 Kg. \/ 3634 Lbs.<\/td>\n<\/tr>\n<tr>\n<td><strong>DMC TREX 250 \u00a0Peiliukai<\/strong><\/td>\n<td>6<\/td>\n<td>245 cm. \/ 7,8 p\u0117dos.<\/td>\n<td>Peiliukai<\/td>\n<td>90-100 AG<\/td>\n<td>1580 Kg. \/ 3484 Lbs.<\/td>\n<\/tr>\n<tr>\n<td><strong>DMC TREX 290 Volas<\/strong><\/td>\n<td>7<\/td>\n<td>290 cm. \/ 9,6 p\u0117dos.<\/td>\n<td>\u00a0Volas<\/td>\n<td>\n<p class=\"p1\">100-110 AG<\/p>\n<\/td>\n<td>1800 kg. \/ 3970 lbs.<\/td>\n<\/tr>\n<tr>\n<td><strong>DMC TREX 290 \u00a0Peiliukai<\/strong><\/td>\n<td>7<\/td>\n<td>290 cm. \/ 9,6 p\u0117dos.<\/td>\n<td>Peiliukai<\/td>\n<td>100-110 AG<\/td>\n<td>1730 Kg. \/ 3815 Lbs.<\/td>\n<\/tr>\n<tr>\n<td><strong>DMC TREX 320 Volas<\/strong><\/td>\n<td>8<\/td>\n<td>320 cm. \/ 10,5 p\u0117d\u0173.<\/td>\n<td>\u00a0Volas<\/td>\n<td>100-120 AG<\/td>\n<td>1950 Kg. \/ 4300 lbs.<\/td>\n<\/tr>\n<tr>\n<td><strong>DMC TREX 320 \u00a0Peiliukai<\/strong><\/td>\n<td>8<\/td>\n<td>320 cm. \/ 10,5 p\u0117d\u0173.<\/td>\n<td>Peiliukai<\/td>\n<td>100-120 AG<\/td>\n<td>1880 Kg. \/ 4150 lbs.<\/td>\n<\/tr>\n<\/tbody>\n<\/table>\n<\/div>\n<\/div>\n<\/div>\n<\/div>\n<\/div>\n<p>&nbsp;<\/p>","protected":false},"featured_media":12669,"comment_status":"open","ping_status":"closed","template":"","meta":[],"product_cat":[143],"product_tag":[243,244],"class_list":["post-12682","product","type-product","status-publish","has-post-thumbnail","hentry","product_cat-sienapjoves","product_tag-diskine","product_tag-sienapjove"],"yoast_head":"<!-- This site is optimized with the Yoast SEO plugin v20.1 - https:\/\/yoast.com\/wordpress\/plugins\/seo\/ -->\n<title>Prikabinama diskin\u0117 \u0161ienapjov\u0117 DMC TREX<\/title>\n<meta name=\"description\" content=\"Prikabinama diskin\u0117 \u0161ienapjov\u0117 Prikabinama diskin\u0117 \u0161ienapjov\u0117 DMC TREX | Horomechanika Prikabinama diskin\u0117 \u0161ienapjov\u0117 DMC TREX\" \/>\n<meta name=\"robots\" content=\"index, follow, max-snippet:-1, max-image-preview:large, max-video-preview:-1\" \/>\n<link rel=\"canonical\" href=\"https:\/\/www.horomechanika.lt\/ru\/product\/prikabinama-diskine-sienapjove-dmc-trex-2\/\" \/>\n<meta property=\"og:locale\" content=\"ru_RU\" \/>\n<meta property=\"og:type\" content=\"article\" \/>\n<meta property=\"og:title\" content=\"Prikabinama diskin\u0117 \u0161ienapjov\u0117 DMC TREX\" \/>\n<meta property=\"og:description\" content=\"Prikabinama diskin\u0117 \u0161ienapjov\u0117 Prikabinama diskin\u0117 \u0161ienapjov\u0117 DMC TREX | Horomechanika Prikabinama diskin\u0117 \u0161ienapjov\u0117 DMC TREX\" \/>\n<meta property=\"og:url\" content=\"https:\/\/www.horomechanika.lt\/ru\/product\/prikabinama-diskine-sienapjove-dmc-trex-2\/\" \/>\n<meta property=\"og:site_name\" content=\"Horomechanika\" \/>\n<meta property=\"article:publisher\" content=\"https:\/\/www.facebook.com\/UAB-Horo-mechanika-177091812471952\" \/>\n<meta property=\"article:modified_time\" content=\"2022-05-19T09:49:53+00:00\" \/>\n<meta property=\"og:image\" content=\"https:\/\/www.horomechanika.lt\/wp-content\/uploads\/2021\/03\/dcm-1-scaled.jpg\" \/>\n\t<meta property=\"og:image:width\" content=\"2560\" \/>\n\t<meta property=\"og:image:height\" content=\"1645\" \/>\n\t<meta property=\"og:image:type\" content=\"image\/jpeg\" \/>\n<meta name=\"twitter:card\" content=\"summary_large_image\" \/>\n<meta name=\"twitter:label1\" content=\"\u041f\u0440\u0438\u043c\u0435\u0440\u043d\u043e\u0435 \u0432\u0440\u0435\u043c\u044f \u0434\u043b\u044f \u0447\u0442\u0435\u043d\u0438\u044f\" \/>\n\t<meta name=\"twitter:data1\" content=\"2 \u043c\u0438\u043d\u0443\u0442\u044b\" \/>\n<script type=\"application\/ld+json\" class=\"yoast-schema-graph\">{\"@context\":\"https:\/\/schema.org\",\"@graph\":[{\"@type\":\"WebPage\",\"@id\":\"https:\/\/www.horomechanika.lt\/product\/prikabinama-diskine-sienapjove-dmc-trex-2\/\",\"url\":\"https:\/\/www.horomechanika.lt\/product\/prikabinama-diskine-sienapjove-dmc-trex-2\/\",\"name\":\"Prikabinama diskin\u0117 \u0161ienapjov\u0117 DMC TREX\",\"isPartOf\":{\"@id\":\"https:\/\/www.horomechanika.lt\/#website\"},\"datePublished\":\"2021-04-01T11:22:00+00:00\",\"dateModified\":\"2022-05-19T09:49:53+00:00\",\"description\":\"Prikabinama diskin\u0117 \u0161ienapjov\u0117 Prikabinama diskin\u0117 \u0161ienapjov\u0117 DMC TREX | Horomechanika Prikabinama diskin\u0117 \u0161ienapjov\u0117 DMC TREX\",\"breadcrumb\":{\"@id\":\"https:\/\/www.horomechanika.lt\/product\/prikabinama-diskine-sienapjove-dmc-trex-2\/#breadcrumb\"},\"inLanguage\":\"ru-RU\",\"potentialAction\":[{\"@type\":\"ReadAction\",\"target\":[\"https:\/\/www.horomechanika.lt\/product\/prikabinama-diskine-sienapjove-dmc-trex-2\/\"]}]},{\"@type\":\"BreadcrumbList\",\"@id\":\"https:\/\/www.horomechanika.lt\/product\/prikabinama-diskine-sienapjove-dmc-trex-2\/#breadcrumb\",\"itemListElement\":[{\"@type\":\"ListItem\",\"position\":1,\"name\":\"Home\",\"item\":\"https:\/\/www.horomechanika.lt\/\"},{\"@type\":\"ListItem\",\"position\":2,\"name\":\"Shop\",\"item\":\"https:\/\/www.horomechanika.lt\/ru\/shop-2\/\"},{\"@type\":\"ListItem\",\"position\":3,\"name\":\"Prikabinama diskin\u0117 \u0161ienapjov\u0117 DMC TREX\"}]},{\"@type\":\"WebSite\",\"@id\":\"https:\/\/www.horomechanika.lt\/#website\",\"url\":\"https:\/\/www.horomechanika.lt\/\",\"name\":\"Horomechanika\",\"description\":\"\u017dem\u0117s \u016akio Technika\",\"publisher\":{\"@id\":\"https:\/\/www.horomechanika.lt\/#organization\"},\"potentialAction\":[{\"@type\":\"SearchAction\",\"target\":{\"@type\":\"EntryPoint\",\"urlTemplate\":\"https:\/\/www.horomechanika.lt\/?s={search_term_string}\"},\"query-input\":\"required name=search_term_string\"}],\"inLanguage\":\"ru-RU\"},{\"@type\":\"Organization\",\"@id\":\"https:\/\/www.horomechanika.lt\/#organization\",\"name\":\"UAB \\\"Horo mechanika\\\"\",\"url\":\"https:\/\/www.horomechanika.lt\/\",\"logo\":{\"@type\":\"ImageObject\",\"inLanguage\":\"ru-RU\",\"@id\":\"https:\/\/www.horomechanika.lt\/#\/schema\/logo\/image\/\",\"url\":\"https:\/\/www.horomechanika.lt\/wp-content\/uploads\/2020\/05\/horomechanika-logo.png\",\"contentUrl\":\"https:\/\/www.horomechanika.lt\/wp-content\/uploads\/2020\/05\/horomechanika-logo.png\",\"width\":137,\"height\":56,\"caption\":\"UAB \\\"Horo mechanika\\\"\"},\"image\":{\"@id\":\"https:\/\/www.horomechanika.lt\/#\/schema\/logo\/image\/\"},\"sameAs\":[\"https:\/\/www.facebook.com\/UAB-Horo-mechanika-177091812471952\"]}]}<\/script>\n<!-- \/ Yoast SEO plugin. -->","yoast_head_json":{"title":"Prikabinama diskin\u0117 \u0161ienapjov\u0117 DMC TREX","description":"Prikabinama diskin\u0117 \u0161ienapjov\u0117 Prikabinama diskin\u0117 \u0161ienapjov\u0117 DMC TREX | Horomechanika Prikabinama diskin\u0117 \u0161ienapjov\u0117 DMC TREX","robots":{"index":"index","follow":"follow","max-snippet":"max-snippet:-1","max-image-preview":"max-image-preview:large","max-video-preview":"max-video-preview:-1"},"canonical":"https:\/\/www.horomechanika.lt\/ru\/product\/prikabinama-diskine-sienapjove-dmc-trex-2\/","og_locale":"ru_RU","og_type":"article","og_title":"Prikabinama diskin\u0117 \u0161ienapjov\u0117 DMC TREX","og_description":"Prikabinama diskin\u0117 \u0161ienapjov\u0117 Prikabinama diskin\u0117 \u0161ienapjov\u0117 DMC TREX | Horomechanika Prikabinama diskin\u0117 \u0161ienapjov\u0117 DMC TREX","og_url":"https:\/\/www.horomechanika.lt\/ru\/product\/prikabinama-diskine-sienapjove-dmc-trex-2\/","og_site_name":"Horomechanika","article_publisher":"https:\/\/www.facebook.com\/UAB-Horo-mechanika-177091812471952","article_modified_time":"2022-05-19T09:49:53+00:00","og_image":[{"width":2560,"height":1645,"url":"https:\/\/www.horomechanika.lt\/wp-content\/uploads\/2021\/03\/dcm-1-scaled.jpg","type":"image\/jpeg"}],"twitter_card":"summary_large_image","twitter_misc":{"\u041f\u0440\u0438\u043c\u0435\u0440\u043d\u043e\u0435 \u0432\u0440\u0435\u043c\u044f \u0434\u043b\u044f \u0447\u0442\u0435\u043d\u0438\u044f":"2 \u043c\u0438\u043d\u0443\u0442\u044b"},"schema":{"@context":"https:\/\/schema.org","@graph":[{"@type":"WebPage","@id":"https:\/\/www.horomechanika.lt\/product\/prikabinama-diskine-sienapjove-dmc-trex-2\/","url":"https:\/\/www.horomechanika.lt\/product\/prikabinama-diskine-sienapjove-dmc-trex-2\/","name":"Prikabinama diskin\u0117 \u0161ienapjov\u0117 DMC TREX","isPartOf":{"@id":"https:\/\/www.horomechanika.lt\/#website"},"datePublished":"2021-04-01T11:22:00+00:00","dateModified":"2022-05-19T09:49:53+00:00","description":"Prikabinama diskin\u0117 \u0161ienapjov\u0117 Prikabinama diskin\u0117 \u0161ienapjov\u0117 DMC TREX | Horomechanika Prikabinama diskin\u0117 \u0161ienapjov\u0117 DMC TREX","breadcrumb":{"@id":"https:\/\/www.horomechanika.lt\/product\/prikabinama-diskine-sienapjove-dmc-trex-2\/#breadcrumb"},"inLanguage":"ru-RU","potentialAction":[{"@type":"ReadAction","target":["https:\/\/www.horomechanika.lt\/product\/prikabinama-diskine-sienapjove-dmc-trex-2\/"]}]},{"@type":"BreadcrumbList","@id":"https:\/\/www.horomechanika.lt\/product\/prikabinama-diskine-sienapjove-dmc-trex-2\/#breadcrumb","itemListElement":[{"@type":"ListItem","position":1,"name":"Home","item":"https:\/\/www.horomechanika.lt\/"},{"@type":"ListItem","position":2,"name":"Shop","item":"https:\/\/www.horomechanika.lt\/ru\/shop-2\/"},{"@type":"ListItem","position":3,"name":"Prikabinama diskin\u0117 \u0161ienapjov\u0117 DMC TREX"}]},{"@type":"WebSite","@id":"https:\/\/www.horomechanika.lt\/#website","url":"https:\/\/www.horomechanika.lt\/","name":"Horomechanika","description":"\u017dem\u0117s \u016akio Technika","publisher":{"@id":"https:\/\/www.horomechanika.lt\/#organization"},"potentialAction":[{"@type":"SearchAction","target":{"@type":"EntryPoint","urlTemplate":"https:\/\/www.horomechanika.lt\/?s={search_term_string}"},"query-input":"required name=search_term_string"}],"inLanguage":"ru-RU"},{"@type":"Organization","@id":"https:\/\/www.horomechanika.lt\/#organization","name":"UAB \"Horo mechanika\"","url":"https:\/\/www.horomechanika.lt\/","logo":{"@type":"ImageObject","inLanguage":"ru-RU","@id":"https:\/\/www.horomechanika.lt\/#\/schema\/logo\/image\/","url":"https:\/\/www.horomechanika.lt\/wp-content\/uploads\/2020\/05\/horomechanika-logo.png","contentUrl":"https:\/\/www.horomechanika.lt\/wp-content\/uploads\/2020\/05\/horomechanika-logo.png","width":137,"height":56,"caption":"UAB \"Horo mechanika\""},"image":{"@id":"https:\/\/www.horomechanika.lt\/#\/schema\/logo\/image\/"},"sameAs":["https:\/\/www.facebook.com\/UAB-Horo-mechanika-177091812471952"]}]}},"_links":{"self":[{"href":"https:\/\/www.horomechanika.lt\/ru\/wp-json\/wp\/v2\/product\/12682","targetHints":{"allow":["GET"]}}],"collection":[{"href":"https:\/\/www.horomechanika.lt\/ru\/wp-json\/wp\/v2\/product"}],"about":[{"href":"https:\/\/www.horomechanika.lt\/ru\/wp-json\/wp\/v2\/types\/product"}],"replies":[{"embeddable":true,"href":"https:\/\/www.horomechanika.lt\/ru\/wp-json\/wp\/v2\/comments?post=12682"}],"wp:featuredmedia":[{"embeddable":true,"href":"https:\/\/www.horomechanika.lt\/ru\/wp-json\/wp\/v2\/media\/12669"}],"wp:attachment":[{"href":"https:\/\/www.horomechanika.lt\/ru\/wp-json\/wp\/v2\/media?parent=12682"}],"wp:term":[{"taxonomy":"product_cat","embeddable":true,"href":"https:\/\/www.horomechanika.lt\/ru\/wp-json\/wp\/v2\/product_cat?post=12682"},{"taxonomy":"product_tag","embeddable":true,"href":"https:\/\/www.horomechanika.lt\/ru\/wp-json\/wp\/v2\/product_tag?post=12682"}],"curies":[{"name":"wp","href":"https:\/\/api.w.org\/{rel}","templated":true}]}}