{"id":12705,"date":"2021-04-20T16:05:25","date_gmt":"2021-04-20T13:05:25","guid":{"rendered":"https:\/\/www.horomechanika.lt\/?post_type=product&#038;p=12705"},"modified":"2022-05-19T12:30:34","modified_gmt":"2022-05-19T09:30:34","slug":"pakabinama-priekine-diskine-sienapjove-enostorm-300","status":"publish","type":"product","link":"https:\/\/www.horomechanika.lt\/ru\/product\/pakabinama-priekine-diskine-sienapjove-enostorm-300\/","title":{"rendered":"Pakabinama priekin\u0117 diskin\u0117 \u0161ienapjov\u0117 ENOSTORM 300"},"content":{"rendered":"<div class=\"row\">\n<div class=\"wpb_column vc_column_container col-sm-9 vc_col-sm-9 col-lg-9 vc_col-lg-9\">\n<div class=\"vc_column-inner\">\n<div class=\"wpb_wrapper\">\n<div class=\"wpb_text_column wpb_content_element\">\n<div class=\"wpb_wrapper\">\n<p style=\"font-weight: 400;\">Pakabinama priekin\u0117 diskin\u0117 \u0161ienapjov\u0117 ENOSTORM 300 gale montuojama diskin\u0117 \u0161ienapjov\u0117 su hidrauliniu pak\u0117limu, automatine apsaugos sistema, apsaugan\u010dia pjaunamosios stal\u0105 nuo bet koki\u0173 kli\u016b\u010di\u0173, komplektuojama su laisvos eigos kardaniniu velenu, apsauginiu tentu, pradalg\u0117s disku ir automatiniu apsauginiu atsilenkimu. ENOCUT pjovimo juosta i\u0161 auk\u0161\u010diausios kokyb\u0117s plieno, pagaminta pagal Enorossi patentuot\u0105 sistem\u0105.<\/p>\n<p style=\"font-weight: 400;\">Automatinis hidraulinis apvertimas, leid\u017eiantis apsaugoti vel\u0117n\u0105:<\/p>\n<p>Pakabinama priekin\u0117 diskin\u0117 \u0161ienapjov\u0117 ENOSTORM 300 \u201ePull back\u201c sistema kartu su pavir\u0161iaus lyginimo spyruokl\u0117mis aktyvuojama kaskart, kai pjovimo juosta susiduria su kli\u016btimis, lygiagretainio pagalba stumiama atgal ir auk\u0161tyn, o tada automati\u0161kai gr\u012f\u017eta \u012f darbin\u0119 pad\u0117t\u012f. D\u0117l to darbas yra saugesnis ir nepertraukiamas.<\/p>\n<p style=\"font-weight: 400;\">Pjovimo juosta ENOCUT yra speciali sistema, specialiai sukurta visoms ENOROSSI \u0161ienapjovi\u0173 asortimento pjovimo juostoms. Tai leid\u017eia greitai ir \u0161variai pjauti \u012fvairiomis s\u0105lygomis. Prie \u0161ios sistemos yra specialiai pritaikytas ir Peilio profilis \u00a0\u0161variam ir tiksliam pjovimui.<\/p>\n<p style=\"font-weight: 400;\">Visuose pakabinam\u0173 \u0161ienapjovi\u0173 modeliuose pjaunamosios stalas prisitaiko prie \u017eem\u0117s nuolyd\u017eio, + 40<sup>o<\/sup> ir \u2013 30<sup>o<\/sup> \u00a0tod\u0117l pjovimo darbus galima atlikti net ir sud\u0117tingomis dirvos pavir\u0161iaus s\u0105lygomis.<\/p>\n<p style=\"font-weight: 400;\">\u0160IENAPJOV\u0116S PRANA\u0160UMAI:<\/p>\n<ul>\n<li>Paprasta naudoti ir efektyvu naudoti su vidutinio dyd\u017eio traktoriumi<\/li>\n<li>Anti-l\u016b\u017eimo &#8222;Pull Back&#8221; sistema ir \u0161oninis si\u016bbavimas.<\/li>\n<li>Priekin\u0117s spyruokl\u0117, optimizuojanti sl\u0117g\u012f \u012f \u017eem\u0117s pavir\u0161i\u0173.<\/li>\n<li>Dvigubas pradalg\u0117s diskas de\u0161in\u0117je ir kair\u0117je standarti\u0161kai.<\/li>\n<li>Auk\u0161tos kokyb\u0117s pjovimo juosta ENOCUT<\/li>\n<li>Maksimalus disk\u0173 persidengimas, u\u017etikrinantis visi\u0161k\u0105 valym\u0105 bet kokiomis s\u0105lygomis<\/li>\n<li>Suapvalintas dantra\u010di\u0173 profilis suma\u017eina triuk\u0161m\u0105 ir temperat\u016bros padid\u0117jim\u0105<\/li>\n<li>Pava\u017eos pagamintos i\u0161 gr\u016bdinto plieno, jos yra nusid\u0117v\u0117jimui atsparios kuri\u0173 pagalba apsaugo pjaunamosios stal\u0105 ir u\u017etikrina maksimal\u0173 patvarum\u0105.<\/li>\n<li>Greitas peilio keitimas (pasirinktinai)<\/li>\n<li>Greitais apsisukimas galulauk\u0117se, d\u0117ka hidraulinio pak\u0117limo<\/li>\n<li>amortizacija<\/li>\n<li>apsaugos sistema nuo sm\u016bgi\u0173<\/li>\n<li>\u0160onin\u0117 pjovimo galvos amortizacija<\/li>\n<li>Plau\u0161intuvas reguliuoja nu\u0161ienautos \u017eol\u0117s plot\u012f ir greitina d\u017ei\u016bvim\u0105.<\/li>\n<\/ul>\n<\/div>\n<\/div>\n<\/div>\n<\/div>\n<\/div>\n<\/div>\n<p>PILNAS PRODUKTO KATALOGAS IR APRA\u0160YMAS<\/p>\n<p><a href=\"https:\/\/www.enorossi.it\/wp-content\/uploads\/2020\/10\/FALCIATRICI_TRAINATE_2020_ENG-FRA.pdf\">FALCIATRICI_TRAINATE_2020_ENG-FRA.pdf (enorossi.it)<\/a><\/p>\n<p><iframe loading=\"lazy\" title=\"ENOSTORM 300 ENOROSSI\" width=\"895\" height=\"503\" src=\"https:\/\/www.youtube.com\/embed\/ZXKkqYTd31c?feature=oembed\" frameborder=\"0\" allow=\"accelerometer; autoplay; clipboard-write; encrypted-media; gyroscope; picture-in-picture\" allowfullscreen><\/iframe><\/p>","protected":false},"excerpt":{"rendered":"<h2>TECHNIN\u0116S SPECIFIKACIJOS<\/h2>\n<table>\n<tbody>\n<tr>\n<td width=\"75\"><\/td>\n<td width=\"140\">Darbinis plotis<\/td>\n<td width=\"140\">300 cm.<\/td>\n<\/tr>\n<tr>\n<td width=\"75\"><\/td>\n<td width=\"140\">Transportinis plotis<\/td>\n<td width=\"140\">300 cm.<\/td>\n<\/tr>\n<tr>\n<td width=\"75\"><\/td>\n<td width=\"140\">Disku skai\u010dius<\/td>\n<td width=\"140\">7 vnt.<\/td>\n<\/tr>\n<tr>\n<td width=\"75\"><\/td>\n<td width=\"140\">Peili\u0173 skai\u010dius<\/td>\n<td width=\"140\">14 vnt.<\/td>\n<\/tr>\n<tr>\n<td width=\"75\"><\/td>\n<td width=\"140\">Peilio i\u0161matavimai<\/td>\n<td width=\"140\">45&#215;112 mm.<\/td>\n<\/tr>\n<tr>\n<td width=\"75\"><\/td>\n<td width=\"140\">Minimalus pjovimo auk\u0161tis<\/td>\n<td width=\"140\">45 mm<\/td>\n<\/tr>\n<tr>\n<td width=\"75\"><\/td>\n<td width=\"140\">Kopijavimo kampas<\/td>\n<td width=\"140\">15 <sup>o<\/sup><\/td>\n<\/tr>\n<tr>\n<td width=\"75\"><\/td>\n<td width=\"140\">Vidutinis pradalg\u0117s plotis<\/td>\n<td width=\"140\">180 cm.<\/td>\n<\/tr>\n<tr>\n<td width=\"75\"><\/td>\n<td width=\"140\">Sukimosi kryptis<\/td>\n<td width=\"140\">Slenkan\u010diai link centro<\/td>\n<\/tr>\n<tr>\n<td width=\"75\"><\/td>\n<td width=\"140\">Disko apsukos<\/td>\n<td width=\"140\">3000 RPM<\/td>\n<\/tr>\n<tr>\n<td width=\"75\"><\/td>\n<td width=\"140\">Transportavimo auk\u0161tis<\/td>\n<td width=\"140\">130 cm<\/td>\n<\/tr>\n<tr>\n<td width=\"75\"><\/td>\n<td width=\"140\">PTO Greitis<\/td>\n<td width=\"140\">1000 RPM<\/td>\n<\/tr>\n<tr>\n<td width=\"75\"><\/td>\n<td width=\"140\">PTO min reikiama galia<\/td>\n<td width=\"140\">90 AG<\/td>\n<\/tr>\n<tr>\n<td width=\"75\"><\/td>\n<td width=\"140\">Nuosava svoris<\/td>\n<td width=\"140\">910 kg<\/td>\n<\/tr>\n<tr>\n<td width=\"75\"><\/td>\n<td width=\"140\">Dvigubi atmetimo diskai<\/td>\n<td width=\"140\">K\/D pus\u0117s<\/td>\n<\/tr>\n<tr>\n<td width=\"75\"><\/td>\n<td width=\"140\">Amortizacija<\/td>\n<td width=\"140\">Spyruoklin\u0117<\/td>\n<\/tr>\n<\/tbody>\n<\/table>","protected":false},"featured_media":12709,"comment_status":"open","ping_status":"closed","template":"","meta":[],"product_cat":[143],"product_tag":[248],"class_list":["post-12705","product","type-product","status-publish","has-post-thumbnail","hentry","product_cat-sienapjoves","product_tag-pakabinama-priekine-diskine-sienapjove"],"yoast_head":"<!-- This site is optimized with the Yoast SEO plugin v20.1 - https:\/\/yoast.com\/wordpress\/plugins\/seo\/ -->\n<title>Pakabinama priekin\u0117 diskin\u0117 \u0161ienapjov\u0117 ENOSTORM 300 | Horomechanika<\/title>\n<meta name=\"description\" content=\"Pakabinama priekin\u0117 diskin\u0117 \u0161ienapjov\u0117 ENOSTORM Horomechanika | Pakabinama priekin\u0117 diskin\u0117 \u0161ienapjov\u0117 ENOSTORM 300\" \/>\n<meta name=\"robots\" content=\"index, follow, max-snippet:-1, max-image-preview:large, max-video-preview:-1\" \/>\n<link rel=\"canonical\" href=\"https:\/\/www.horomechanika.lt\/ru\/product\/pakabinama-priekine-diskine-sienapjove-enostorm-300\/\" \/>\n<meta property=\"og:locale\" content=\"ru_RU\" \/>\n<meta property=\"og:type\" content=\"article\" \/>\n<meta property=\"og:title\" content=\"Pakabinama priekin\u0117 diskin\u0117 \u0161ienapjov\u0117 ENOSTORM 300 | Horomechanika\" \/>\n<meta property=\"og:description\" content=\"Pakabinama priekin\u0117 diskin\u0117 \u0161ienapjov\u0117 ENOSTORM Horomechanika | Pakabinama priekin\u0117 diskin\u0117 \u0161ienapjov\u0117 ENOSTORM 300\" \/>\n<meta property=\"og:url\" content=\"https:\/\/www.horomechanika.lt\/ru\/product\/pakabinama-priekine-diskine-sienapjove-enostorm-300\/\" \/>\n<meta property=\"og:site_name\" content=\"Horomechanika\" \/>\n<meta property=\"article:publisher\" content=\"https:\/\/www.facebook.com\/UAB-Horo-mechanika-177091812471952\" \/>\n<meta property=\"article:modified_time\" content=\"2022-05-19T09:30:34+00:00\" \/>\n<meta property=\"og:image\" content=\"https:\/\/www.horomechanika.lt\/wp-content\/uploads\/2021\/04\/300-storm-1.jpg\" \/>\n\t<meta property=\"og:image:width\" content=\"1678\" \/>\n\t<meta property=\"og:image:height\" content=\"1084\" \/>\n\t<meta property=\"og:image:type\" content=\"image\/jpeg\" \/>\n<meta name=\"twitter:card\" content=\"summary_large_image\" \/>\n<meta name=\"twitter:label1\" content=\"\u041f\u0440\u0438\u043c\u0435\u0440\u043d\u043e\u0435 \u0432\u0440\u0435\u043c\u044f \u0434\u043b\u044f \u0447\u0442\u0435\u043d\u0438\u044f\" \/>\n\t<meta name=\"twitter:data1\" content=\"1 \u043c\u0438\u043d\u0443\u0442\u0430\" \/>\n<script type=\"application\/ld+json\" class=\"yoast-schema-graph\">{\"@context\":\"https:\/\/schema.org\",\"@graph\":[{\"@type\":\"WebPage\",\"@id\":\"https:\/\/www.horomechanika.lt\/product\/pakabinama-priekine-diskine-sienapjove-enostorm-300\/\",\"url\":\"https:\/\/www.horomechanika.lt\/product\/pakabinama-priekine-diskine-sienapjove-enostorm-300\/\",\"name\":\"Pakabinama priekin\u0117 diskin\u0117 \u0161ienapjov\u0117 ENOSTORM 300 | Horomechanika\",\"isPartOf\":{\"@id\":\"https:\/\/www.horomechanika.lt\/#website\"},\"datePublished\":\"2021-04-20T13:05:25+00:00\",\"dateModified\":\"2022-05-19T09:30:34+00:00\",\"description\":\"Pakabinama priekin\u0117 diskin\u0117 \u0161ienapjov\u0117 ENOSTORM Horomechanika | Pakabinama priekin\u0117 diskin\u0117 \u0161ienapjov\u0117 ENOSTORM 300\",\"breadcrumb\":{\"@id\":\"https:\/\/www.horomechanika.lt\/product\/pakabinama-priekine-diskine-sienapjove-enostorm-300\/#breadcrumb\"},\"inLanguage\":\"ru-RU\",\"potentialAction\":[{\"@type\":\"ReadAction\",\"target\":[\"https:\/\/www.horomechanika.lt\/product\/pakabinama-priekine-diskine-sienapjove-enostorm-300\/\"]}]},{\"@type\":\"BreadcrumbList\",\"@id\":\"https:\/\/www.horomechanika.lt\/product\/pakabinama-priekine-diskine-sienapjove-enostorm-300\/#breadcrumb\",\"itemListElement\":[{\"@type\":\"ListItem\",\"position\":1,\"name\":\"Home\",\"item\":\"https:\/\/www.horomechanika.lt\/\"},{\"@type\":\"ListItem\",\"position\":2,\"name\":\"Shop\",\"item\":\"https:\/\/www.horomechanika.lt\/ru\/shop-2\/\"},{\"@type\":\"ListItem\",\"position\":3,\"name\":\"Pakabinama priekin\u0117 diskin\u0117 \u0161ienapjov\u0117 ENOSTORM 300\"}]},{\"@type\":\"WebSite\",\"@id\":\"https:\/\/www.horomechanika.lt\/#website\",\"url\":\"https:\/\/www.horomechanika.lt\/\",\"name\":\"Horomechanika\",\"description\":\"\u017dem\u0117s \u016akio Technika\",\"publisher\":{\"@id\":\"https:\/\/www.horomechanika.lt\/#organization\"},\"potentialAction\":[{\"@type\":\"SearchAction\",\"target\":{\"@type\":\"EntryPoint\",\"urlTemplate\":\"https:\/\/www.horomechanika.lt\/?s={search_term_string}\"},\"query-input\":\"required name=search_term_string\"}],\"inLanguage\":\"ru-RU\"},{\"@type\":\"Organization\",\"@id\":\"https:\/\/www.horomechanika.lt\/#organization\",\"name\":\"UAB \\\"Horo mechanika\\\"\",\"url\":\"https:\/\/www.horomechanika.lt\/\",\"logo\":{\"@type\":\"ImageObject\",\"inLanguage\":\"ru-RU\",\"@id\":\"https:\/\/www.horomechanika.lt\/#\/schema\/logo\/image\/\",\"url\":\"https:\/\/www.horomechanika.lt\/wp-content\/uploads\/2020\/05\/horomechanika-logo.png\",\"contentUrl\":\"https:\/\/www.horomechanika.lt\/wp-content\/uploads\/2020\/05\/horomechanika-logo.png\",\"width\":137,\"height\":56,\"caption\":\"UAB \\\"Horo mechanika\\\"\"},\"image\":{\"@id\":\"https:\/\/www.horomechanika.lt\/#\/schema\/logo\/image\/\"},\"sameAs\":[\"https:\/\/www.facebook.com\/UAB-Horo-mechanika-177091812471952\"]}]}<\/script>\n<!-- \/ Yoast SEO plugin. -->","yoast_head_json":{"title":"Pakabinama priekin\u0117 diskin\u0117 \u0161ienapjov\u0117 ENOSTORM 300 | Horomechanika","description":"Pakabinama priekin\u0117 diskin\u0117 \u0161ienapjov\u0117 ENOSTORM Horomechanika | Pakabinama priekin\u0117 diskin\u0117 \u0161ienapjov\u0117 ENOSTORM 300","robots":{"index":"index","follow":"follow","max-snippet":"max-snippet:-1","max-image-preview":"max-image-preview:large","max-video-preview":"max-video-preview:-1"},"canonical":"https:\/\/www.horomechanika.lt\/ru\/product\/pakabinama-priekine-diskine-sienapjove-enostorm-300\/","og_locale":"ru_RU","og_type":"article","og_title":"Pakabinama priekin\u0117 diskin\u0117 \u0161ienapjov\u0117 ENOSTORM 300 | Horomechanika","og_description":"Pakabinama priekin\u0117 diskin\u0117 \u0161ienapjov\u0117 ENOSTORM Horomechanika | Pakabinama priekin\u0117 diskin\u0117 \u0161ienapjov\u0117 ENOSTORM 300","og_url":"https:\/\/www.horomechanika.lt\/ru\/product\/pakabinama-priekine-diskine-sienapjove-enostorm-300\/","og_site_name":"Horomechanika","article_publisher":"https:\/\/www.facebook.com\/UAB-Horo-mechanika-177091812471952","article_modified_time":"2022-05-19T09:30:34+00:00","og_image":[{"width":1678,"height":1084,"url":"https:\/\/www.horomechanika.lt\/wp-content\/uploads\/2021\/04\/300-storm-1.jpg","type":"image\/jpeg"}],"twitter_card":"summary_large_image","twitter_misc":{"\u041f\u0440\u0438\u043c\u0435\u0440\u043d\u043e\u0435 \u0432\u0440\u0435\u043c\u044f \u0434\u043b\u044f \u0447\u0442\u0435\u043d\u0438\u044f":"1 \u043c\u0438\u043d\u0443\u0442\u0430"},"schema":{"@context":"https:\/\/schema.org","@graph":[{"@type":"WebPage","@id":"https:\/\/www.horomechanika.lt\/product\/pakabinama-priekine-diskine-sienapjove-enostorm-300\/","url":"https:\/\/www.horomechanika.lt\/product\/pakabinama-priekine-diskine-sienapjove-enostorm-300\/","name":"Pakabinama priekin\u0117 diskin\u0117 \u0161ienapjov\u0117 ENOSTORM 300 | Horomechanika","isPartOf":{"@id":"https:\/\/www.horomechanika.lt\/#website"},"datePublished":"2021-04-20T13:05:25+00:00","dateModified":"2022-05-19T09:30:34+00:00","description":"Pakabinama priekin\u0117 diskin\u0117 \u0161ienapjov\u0117 ENOSTORM Horomechanika | Pakabinama priekin\u0117 diskin\u0117 \u0161ienapjov\u0117 ENOSTORM 300","breadcrumb":{"@id":"https:\/\/www.horomechanika.lt\/product\/pakabinama-priekine-diskine-sienapjove-enostorm-300\/#breadcrumb"},"inLanguage":"ru-RU","potentialAction":[{"@type":"ReadAction","target":["https:\/\/www.horomechanika.lt\/product\/pakabinama-priekine-diskine-sienapjove-enostorm-300\/"]}]},{"@type":"BreadcrumbList","@id":"https:\/\/www.horomechanika.lt\/product\/pakabinama-priekine-diskine-sienapjove-enostorm-300\/#breadcrumb","itemListElement":[{"@type":"ListItem","position":1,"name":"Home","item":"https:\/\/www.horomechanika.lt\/"},{"@type":"ListItem","position":2,"name":"Shop","item":"https:\/\/www.horomechanika.lt\/ru\/shop-2\/"},{"@type":"ListItem","position":3,"name":"Pakabinama priekin\u0117 diskin\u0117 \u0161ienapjov\u0117 ENOSTORM 300"}]},{"@type":"WebSite","@id":"https:\/\/www.horomechanika.lt\/#website","url":"https:\/\/www.horomechanika.lt\/","name":"Horomechanika","description":"\u017dem\u0117s \u016akio Technika","publisher":{"@id":"https:\/\/www.horomechanika.lt\/#organization"},"potentialAction":[{"@type":"SearchAction","target":{"@type":"EntryPoint","urlTemplate":"https:\/\/www.horomechanika.lt\/?s={search_term_string}"},"query-input":"required name=search_term_string"}],"inLanguage":"ru-RU"},{"@type":"Organization","@id":"https:\/\/www.horomechanika.lt\/#organization","name":"UAB \"Horo mechanika\"","url":"https:\/\/www.horomechanika.lt\/","logo":{"@type":"ImageObject","inLanguage":"ru-RU","@id":"https:\/\/www.horomechanika.lt\/#\/schema\/logo\/image\/","url":"https:\/\/www.horomechanika.lt\/wp-content\/uploads\/2020\/05\/horomechanika-logo.png","contentUrl":"https:\/\/www.horomechanika.lt\/wp-content\/uploads\/2020\/05\/horomechanika-logo.png","width":137,"height":56,"caption":"UAB \"Horo mechanika\""},"image":{"@id":"https:\/\/www.horomechanika.lt\/#\/schema\/logo\/image\/"},"sameAs":["https:\/\/www.facebook.com\/UAB-Horo-mechanika-177091812471952"]}]}},"_links":{"self":[{"href":"https:\/\/www.horomechanika.lt\/ru\/wp-json\/wp\/v2\/product\/12705","targetHints":{"allow":["GET"]}}],"collection":[{"href":"https:\/\/www.horomechanika.lt\/ru\/wp-json\/wp\/v2\/product"}],"about":[{"href":"https:\/\/www.horomechanika.lt\/ru\/wp-json\/wp\/v2\/types\/product"}],"replies":[{"embeddable":true,"href":"https:\/\/www.horomechanika.lt\/ru\/wp-json\/wp\/v2\/comments?post=12705"}],"wp:featuredmedia":[{"embeddable":true,"href":"https:\/\/www.horomechanika.lt\/ru\/wp-json\/wp\/v2\/media\/12709"}],"wp:attachment":[{"href":"https:\/\/www.horomechanika.lt\/ru\/wp-json\/wp\/v2\/media?parent=12705"}],"wp:term":[{"taxonomy":"product_cat","embeddable":true,"href":"https:\/\/www.horomechanika.lt\/ru\/wp-json\/wp\/v2\/product_cat?post=12705"},{"taxonomy":"product_tag","embeddable":true,"href":"https:\/\/www.horomechanika.lt\/ru\/wp-json\/wp\/v2\/product_tag?post=12705"}],"curies":[{"name":"wp","href":"https:\/\/api.w.org\/{rel}","templated":true}]}}